{"id":11259,"date":"2020-12-28T00:02:44","date_gmt":"2020-12-28T00:02:44","guid":{"rendered":"https:\/\/kodyka.com\/tij-drucker\/k160\/"},"modified":"2024-01-29T16:39:13","modified_gmt":"2024-01-29T16:39:13","slug":"k160","status":"publish","type":"page","link":"https:\/\/kodyka.com\/de\/tij-drucker\/k160\/","title":{"rendered":"K160NE"},"content":{"rendered":"\n<style type=\"text\/css\" data-created_by=\"avia_inline_auto\" id=\"style-css-av-k6hrtrg7-7aef01e6142c9deb9494e533d8b3093c\">\n#top .av_textblock_section.av-k6hrtrg7-7aef01e6142c9deb9494e533d8b3093c .avia_textblock{\nfont-size:20px;\n}\n<\/style>\n<section  class='av_textblock_section av-k6hrtrg7-7aef01e6142c9deb9494e533d8b3093c'  itemscope=\"itemscope\" itemtype=\"https:\/\/schema.org\/CreativeWork\" ><div class='avia_textblock'  itemprop=\"text\" ><h1 style=\"text-align: center;\">K160N<\/h1>\n<p style=\"text-align: center;\">Termal Inkjet Tecnology 2.5<\/p>\n<\/div><\/section>\n\n<style type=\"text\/css\" data-created_by=\"avia_inline_auto\" id=\"style-css-av-q3e5-2e16dced38b4ac7bfe609ab1dccf0f45\">\n.flex_column.av-q3e5-2e16dced38b4ac7bfe609ab1dccf0f45{\n-webkit-border-radius:0px 0px 0px 0px;\n-moz-border-radius:0px 0px 0px 0px;\nborder-radius:0px 0px 0px 0px;\npadding:0px 0px 0px 0px;\n}\n<\/style>\n<div class='flex_column av-q3e5-2e16dced38b4ac7bfe609ab1dccf0f45 av_three_fourth  avia-builder-el-1  el_after_av_textblock  el_before_av_one_fourth  first flex_column_div av-zero-column-padding column-top-margin'     ><section  class='av_textblock_section av-k6hq0wtk-b79195b08abe92e3e1805928e79e3ff5'  itemscope=\"itemscope\" itemtype=\"https:\/\/schema.org\/CreativeWork\" ><div class='avia_textblock'  itemprop=\"text\" ><h3><img alt=\"kodykar-tij-25-k160ne\" fetchpriority=\"high\" decoding=\"async\" class=\"alignnone size-full wp-image-12098\" src=\"https:\/\/fr.kodyka.com\/wp-content\/uploads\/2021\/02\/K160.jpg\" alt=\"\" width=\"996\" height=\"700\" srcset=\"https:\/\/kodyka.com\/wp-content\/uploads\/2021\/02\/K160.jpg 996w, https:\/\/kodyka.com\/wp-content\/uploads\/2021\/02\/K160-300x211.jpg 300w, https:\/\/kodyka.com\/wp-content\/uploads\/2021\/02\/K160-768x540.jpg 768w, https:\/\/kodyka.com\/wp-content\/uploads\/2021\/02\/K160-705x495.jpg 705w\" sizes=\"(max-width: 996px) 100vw, 996px\" \/><\/h3>\n<\/div><\/section><\/div>\n\n<style type=\"text\/css\" data-created_by=\"avia_inline_auto\" id=\"style-css-av-5wesm-f405f3f3aff3c03436f3e602a1ee865c\">\n.flex_column.av-5wesm-f405f3f3aff3c03436f3e602a1ee865c{\n-webkit-border-radius:0px 0px 0px 0px;\n-moz-border-radius:0px 0px 0px 0px;\nborder-radius:0px 0px 0px 0px;\npadding:0px 0px 0px 0px;\n}\n<\/style>\n<div class='flex_column av-5wesm-f405f3f3aff3c03436f3e602a1ee865c av_one_fourth  avia-builder-el-3  el_after_av_three_fourth  el_before_av_one_half  flex_column_div av-zero-column-padding column-top-margin'     ><section  class='av_textblock_section av-k6hq0wtk-b79195b08abe92e3e1805928e79e3ff5'  itemscope=\"itemscope\" itemtype=\"https:\/\/schema.org\/CreativeWork\" ><div class='avia_textblock'  itemprop=\"text\" ><h3><span style=\"color: #05c102;\">10 REASONS<\/span><\/h3>\n<\/div><\/section><br \/>\n<section  class='av_textblock_section av-k6hq0wtk-b79195b08abe92e3e1805928e79e3ff5'  itemscope=\"itemscope\" itemtype=\"https:\/\/schema.org\/CreativeWork\" ><div class='avia_textblock'  itemprop=\"text\" ><ul>\n<li>Kein Filterwechsel erforderlich<\/li>\n<li>Geringe Anschaffungskosten<\/li>\n<li>Geringe Gr\u00f6\u00dfe<\/li>\n<li>Einfach zu bedienen und Meldungen zu erstellen<\/li>\n<li>Keine Wartung oder Techniker erforderlich<\/li>\n<li>Keine Verschlei\u00dfteile<\/li>\n<li>Hochaufl\u00f6sende Markierung<\/li>\n<li>Freundliche Tinten ohne Mek<\/li>\n<li>Druck auf mehreren Substraten<\/li>\n<li>Hohe betriebliche Rentabilit\u00e4t<\/li>\n<\/ul>\n<\/div><\/section><br \/>\n\n<style type=\"text\/css\" data-created_by=\"avia_inline_auto\" id=\"style-css-av-kj7nk8v7-ec6af6bb8c41dbf53c65ba1b486a7049\">\n#top .hr.hr-invisible.av-kj7nk8v7-ec6af6bb8c41dbf53c65ba1b486a7049{\nheight:50px;\n}\n<\/style>\n<div  class='hr av-kj7nk8v7-ec6af6bb8c41dbf53c65ba1b486a7049 hr-invisible  avia-builder-el-6  el_after_av_textblock  el_before_av_textblock '><span class='hr-inner '><span class=\"hr-inner-style\"><\/span><\/span><\/div><br \/>\n<section  class='av_textblock_section av-k6hq0wtk-b79195b08abe92e3e1805928e79e3ff5'  itemscope=\"itemscope\" itemtype=\"https:\/\/schema.org\/CreativeWork\" ><div class='avia_textblock'  itemprop=\"text\" ><p>HOCHGESCHWINDIGKEITSDRUCK<\/p>\n<p>Bis zu 120 m\/min. in 300 DPI Aufl\u00f6sung<\/p>\n<p><span style=\"color: #ffffff;\">_<\/span><\/p>\n<p>EINFACH ZU BEDIENEN<\/p>\n<p>7&#8243;-Touchscreen mit intuitiver WYSIWYG-Oberfl\u00e4che f\u00fcr einfache Bedienung und Programmierung<\/p>\n<\/div><\/section><\/p><\/div>\n\n<style type=\"text\/css\" data-created_by=\"avia_inline_auto\" id=\"style-css-av-5wesm-a9ba59a7c8125dcb2782047e23ae44de\">\n.flex_column.av-5wesm-a9ba59a7c8125dcb2782047e23ae44de{\n-webkit-border-radius:0px 0px 0px 0px;\n-moz-border-radius:0px 0px 0px 0px;\nborder-radius:0px 0px 0px 0px;\npadding:0px 0px 0px 0px;\n}\n<\/style>\n<div class='flex_column av-5wesm-a9ba59a7c8125dcb2782047e23ae44de av_one_half  avia-builder-el-8  el_after_av_one_fourth  el_before_av_one_half  first flex_column_div av-zero-column-padding column-top-margin'     ><section  class='av_textblock_section av-k6hq0wtk-b79195b08abe92e3e1805928e79e3ff5'  itemscope=\"itemscope\" itemtype=\"https:\/\/schema.org\/CreativeWork\" ><div class='avia_textblock'  itemprop=\"text\" ><h3><span style=\"color: #05c102;\">K160 Printer Set<\/span><\/h3>\n<\/div><\/section><br \/>\n<section  class='av_textblock_section av-k6hq0wtk-b79195b08abe92e3e1805928e79e3ff5'  itemscope=\"itemscope\" itemtype=\"https:\/\/schema.org\/CreativeWork\" ><div class='avia_textblock'  itemprop=\"text\" ><p>1\/2 Zoll &#8211; 12,7 mm oder 3 Zoll &#8211; 76,2 mm Druck entsprechend der modularen Druckerkonfiguration mit einem Controller und einem, zwei, drei, vier, f\u00fcnf oder sechs Druckk\u00f6pfen.<br \/>\nUnabh\u00e4ngige Produkterkennung nach Druckkopf oder nach Druckkopfblock inklusive:<br \/>\n7-Zoll-Touchscreen-Controller mit einem, zwei, drei, vier, f\u00fcnf oder sechs Druckk\u00f6pfen, die durch ein 1,8-Meter-Netzkabel getrennt oder verbunden sind<br \/>\nMontagehalterungen f\u00fcr Controller und Druckk\u00f6pfe<br \/>\n30 V. Spannungsversorgung<br \/>\nZylindrische Direktreflexionslichtschranke mit Stecker und 2 M. Kabel .Je nach Konfiguration des Druckers k\u00f6nnen bis zu 6 Lichtschranken installiert werden, eine pro Druckkopf<br \/>\nLAN + Volle Konnektivit\u00e4t mit mehreren Systemen<\/p>\n<\/div><\/section><br \/>\n\n<style type=\"text\/css\" data-created_by=\"avia_inline_auto\" id=\"style-css-av-kj7nk8v7-ec6af6bb8c41dbf53c65ba1b486a7049\">\n#top .hr.hr-invisible.av-kj7nk8v7-ec6af6bb8c41dbf53c65ba1b486a7049{\nheight:50px;\n}\n<\/style>\n<div  class='hr av-kj7nk8v7-ec6af6bb8c41dbf53c65ba1b486a7049 hr-invisible  avia-builder-el-11  el_after_av_textblock  el_before_av_textblock '><span class='hr-inner '><span class=\"hr-inner-style\"><\/span><\/span><\/div><br \/>\n<section  class='av_textblock_section av-k6hq0wtk-b79195b08abe92e3e1805928e79e3ff5'  itemscope=\"itemscope\" itemtype=\"https:\/\/schema.org\/CreativeWork\" ><div class='avia_textblock'  itemprop=\"text\" ><p>Verpackung: 52 x 28 x 23 cm Gewicht: 5.500 Kg Kunststoffkoffer<br \/>\nDefinieren Sie Netzkabel und Kabel f\u00fcr Batterieladeger\u00e4t:<br \/>\nAmerikanischer Typ A oder europ\u00e4ischer Typ E<\/p>\n<\/div><\/section><\/p><\/div>\n\n<style type=\"text\/css\" data-created_by=\"avia_inline_auto\" id=\"style-css-av-7qji6-75345ae8e91248a5586f6e735f155039\">\n.flex_column.av-7qji6-75345ae8e91248a5586f6e735f155039{\n-webkit-border-radius:0px 0px 0px 0px;\n-moz-border-radius:0px 0px 0px 0px;\nborder-radius:0px 0px 0px 0px;\npadding:0px 0px 0px 0px;\n}\n<\/style>\n<div class='flex_column av-7qji6-75345ae8e91248a5586f6e735f155039 av_one_half  avia-builder-el-13  el_after_av_one_half  el_before_av_one_full  flex_column_div av-zero-column-padding column-top-margin'     ><section  class='av_textblock_section av-k6hq0wtk-b79195b08abe92e3e1805928e79e3ff5'  itemscope=\"itemscope\" itemtype=\"https:\/\/schema.org\/CreativeWork\" ><div class='avia_textblock'  itemprop=\"text\" ><h3><span style=\"color: #05c102;\">QUICK AND EASY HIGH RESOLUTION PRINTING<\/span><\/h3>\n<\/div><\/section><br \/>\n<section  class='av_textblock_section av-k6hq0wtk-b79195b08abe92e3e1805928e79e3ff5'  itemscope=\"itemscope\" itemtype=\"https:\/\/schema.org\/CreativeWork\" ><div class='avia_textblock'  itemprop=\"text\" ><p>D1 Konfiguration x 2 einzelne Druckk\u00f6pfe<br \/>\nH\u00f6he pro Druckkopf 1\/2 Zoll &#8211; 12,7 mm<\/p>\n<p>D1-Konfiguration x 3 Einzeldruckk\u00f6pfe<br \/>\nH\u00f6he pro Druckkopf 1\/2 Zoll &#8211; 12,7 mm<\/p>\n<p>D1 Konfiguration x 4 Einzeldruckk\u00f6pfe<br \/>\nH\u00f6he pro Druckkopf 1\/2 Zoll &#8211; 12,7 mm<\/p>\n<p>D1 Konfiguration x 5 Einzeldruckk\u00f6pfe<br \/>\nH\u00f6he pro Druckkopf 1\/2 Zoll &#8211; 12,7 mm<\/p>\n<p>D1 Konfiguration x 6 Einzeldruckk\u00f6pfe<br \/>\nH\u00f6he pro Druckkopf 1\/2 Zoll &#8211; 12,7 mm<\/p>\n<p>D2U Konfiguration 1 doppelt gef\u00fcgter Druckkopf mit einer Gesamth\u00f6he von 1 Zoll &#8211; 25,4 mm<br \/>\nD3U Konfiguration 1 dreifach geklebter Druckkopf mit einer Gesamth\u00f6he von 1,5 Zoll &#8211; 38,10mm<br \/>\nD4U Konfiguration 1 vierfach geklebter Druckkopf mit einer Gesamth\u00f6he von 2 Zoll &#8211; 50,8mm<br \/>\nD5U Konfiguration 1 f\u00fcnffach geklebter Druckkopf mit einer Gesamth\u00f6he von 2,5 Zoll &#8211; 63,5 mm<br \/>\nD6U Konfiguration 1 sextuple bonded Druckkopf mit einer Gesamth\u00f6he von 3 Zoll &#8211; 76.2mm<\/p>\n<\/div><\/section><\/p><\/div>\n\n<style type=\"text\/css\" data-created_by=\"avia_inline_auto\" id=\"style-css-av-tnh9-ce6006eb1621ea626fae124ad332a089\">\n.flex_column.av-tnh9-ce6006eb1621ea626fae124ad332a089{\n-webkit-border-radius:0px 0px 0px 0px;\n-moz-border-radius:0px 0px 0px 0px;\nborder-radius:0px 0px 0px 0px;\npadding:0px 0px 0px 0px;\n}\n<\/style>\n<div class='flex_column av-tnh9-ce6006eb1621ea626fae124ad332a089 av_one_full  avia-builder-el-16  el_after_av_one_half  el_before_av_section  avia-builder-el-last  first flex_column_div av-zero-column-padding column-top-margin'     ><div  class='avia-button-wrap av-k73zy876-b51ee2ff14572ea26d8fab0e755bed3c-wrap avia-button-center  avia-builder-el-17  avia-builder-el-no-sibling '><a href='https:\/\/kodyka.com\/wp-content\/uploads\/2024\/01\/k160n_eng.pdf' class='avia-button av-k73zy876-b51ee2ff14572ea26d8fab0e755bed3c avia-icon_select-yes-left-icon avia-size-small avia-position-center avia-color-dark' target=\"_blank\" rel=\"noopener noreferrer\"><span class='avia_button_icon avia_button_icon_left' aria-hidden='true' data-av_icon='\ue82d' data-av_iconfont='entypo-fontello'><\/span><span class='avia_iconbox_title' >PDF<\/span><\/a><\/div><\/div><\/div><\/div><\/div><!-- close content main div --><\/div><\/div>\n<style type=\"text\/css\" data-created_by=\"avia_inline_auto\" id=\"style-css-av-k9m0uwe1-c2168755e2ce5bc0485e8be666e83a88\">\n.avia-section.av-k9m0uwe1-c2168755e2ce5bc0485e8be666e83a88{\nbackground-color:#fcfcfc;\nbackground-image:url(https:\/\/kodyka.com\/wp-content\/uploads\/2020\/05\/fondo-transparente.png);\nbackground-repeat:no-repeat;\nbackground-position:50% 50%;\nbackground-attachment:fixed;\n}\n.avia-section.av-k9m0uwe1-c2168755e2ce5bc0485e8be666e83a88 .av-section-color-overlay{\nopacity:0.3;\nbackground-color:#ffffff;\nbackground-image:url(https:\/\/kodyka.com\/wp-content\/themes\/enfold\/images\/background-images\/dots-mini-light.png);\nbackground-repeat:repeat;\n}\n<\/style>\n<div id='av_section_1'  class='avia-section av-k9m0uwe1-c2168755e2ce5bc0485e8be666e83a88 header_color avia-section-large avia-no-border-styling  avia-builder-el-18  el_after_av_one_full  avia-builder-el-last  avia-full-contain avia-bg-style-fixed av-section-color-overlay-active container_wrap sidebar_right'  data-section-bg-repeat='contain'><div class=\"av-section-color-overlay-wrap\"><div class=\"av-section-color-overlay\"><\/div><div class='container av-section-cont-open' ><div class='template-page content  av-content-small alpha units'><div class='post-entry post-entry-type-page post-entry-11259'><div class='entry-content-wrapper clearfix'>\n\n<style type=\"text\/css\" data-created_by=\"avia_inline_auto\" id=\"style-css-av-mj1mr-f01037ee5cd14844fe2434b4fd909619\">\n.flex_column.av-mj1mr-f01037ee5cd14844fe2434b4fd909619{\n-webkit-border-radius:0px 0px 0px 0px;\n-moz-border-radius:0px 0px 0px 0px;\nborder-radius:0px 0px 0px 0px;\npadding:0px 0px 0px 0px;\n}\n<\/style>\n<div class='flex_column av-mj1mr-f01037ee5cd14844fe2434b4fd909619 av_one_third  avia-builder-el-19  el_before_av_one_third  avia-builder-el-first  first flex_column_div av-zero-column-padding '     ><style type=\"text\/css\" data-created_by=\"avia_inline_auto\" id=\"style-css-av-k674wuwe-6bc2e4715a521f82b7d1c72753e70749\">\n#top .av_textblock_section.av-k674wuwe-6bc2e4715a521f82b7d1c72753e70749 .avia_textblock{\nfont-size:18px;\ncolor:#282828;\n}\n<\/style>\n<section  class='av_textblock_section av-k674wuwe-6bc2e4715a521f82b7d1c72753e70749'  itemscope=\"itemscope\" itemtype=\"https:\/\/schema.org\/CreativeWork\" ><div class='avia_textblock av_inherit_color'  itemprop=\"text\" ><p style=\"text-align: center;\"><img alt=\"kodykar-tij-25-k160ne\" decoding=\"async\" class=\" wp-image-5285 aligncenter\" src=\"https:\/\/kodyka.com\/wp-content\/uploads\/2020\/05\/filtro.png\" alt=\"\" width=\"180\" height=\"180\" srcset=\"https:\/\/kodyka.com\/wp-content\/uploads\/2020\/05\/filtro.png 250w, https:\/\/kodyka.com\/wp-content\/uploads\/2020\/05\/filtro-80x80.png 80w, https:\/\/kodyka.com\/wp-content\/uploads\/2020\/05\/filtro-36x36.png 36w, https:\/\/kodyka.com\/wp-content\/uploads\/2020\/05\/filtro-180x180.png 180w\" sizes=\"(max-width: 180px) 100vw, 180px\" \/>Drucker mit Filter f\u00fcr Spannungsspitzen, St\u00f6rgr\u00f6\u00dfen und Oberschwingungen<\/p>\n<\/div><\/section><\/div>\n<style type=\"text\/css\" data-created_by=\"avia_inline_auto\" id=\"style-css-av-fyt03-d85c2497525bf91f86160385da6e6bf5\">\n.flex_column.av-fyt03-d85c2497525bf91f86160385da6e6bf5{\n-webkit-border-radius:0px 0px 0px 0px;\n-moz-border-radius:0px 0px 0px 0px;\nborder-radius:0px 0px 0px 0px;\npadding:0px 0px 0px 0px;\n}\n<\/style>\n<div class='flex_column av-fyt03-d85c2497525bf91f86160385da6e6bf5 av_one_third  avia-builder-el-21  el_after_av_one_third  el_before_av_one_third  flex_column_div av-zero-column-padding '     ><style type=\"text\/css\" data-created_by=\"avia_inline_auto\" id=\"style-css-av-k674wuwe-6bc2e4715a521f82b7d1c72753e70749\">\n#top .av_textblock_section.av-k674wuwe-6bc2e4715a521f82b7d1c72753e70749 .avia_textblock{\nfont-size:18px;\ncolor:#282828;\n}\n<\/style>\n<section  class='av_textblock_section av-k674wuwe-6bc2e4715a521f82b7d1c72753e70749'  itemscope=\"itemscope\" itemtype=\"https:\/\/schema.org\/CreativeWork\" ><div class='avia_textblock av_inherit_color'  itemprop=\"text\" ><p style=\"text-align: center;\"><img alt=\"kodykar-tij-25-k160ne\" decoding=\"async\" class=\" wp-image-5275 aligncenter\" src=\"https:\/\/kodyka.com\/wp-content\/uploads\/2020\/05\/electronica-militar.png\" alt=\"\" width=\"180\" height=\"180\" srcset=\"https:\/\/kodyka.com\/wp-content\/uploads\/2020\/05\/electronica-militar.png 250w, https:\/\/kodyka.com\/wp-content\/uploads\/2020\/05\/electronica-militar-80x80.png 80w, https:\/\/kodyka.com\/wp-content\/uploads\/2020\/05\/electronica-militar-36x36.png 36w, https:\/\/kodyka.com\/wp-content\/uploads\/2020\/05\/electronica-militar-180x180.png 180w\" sizes=\"(max-width: 180px) 100vw, 180px\" \/>Elektronik auf milit\u00e4rischem Niveau in einem Festk\u00f6rper<\/p>\n<\/div><\/section><\/div>\n<style type=\"text\/css\" data-created_by=\"avia_inline_auto\" id=\"style-css-av-6menv-5fd74a76e991e223986002e3c8aacdb4\">\n.flex_column.av-6menv-5fd74a76e991e223986002e3c8aacdb4{\n-webkit-border-radius:0px 0px 0px 0px;\n-moz-border-radius:0px 0px 0px 0px;\nborder-radius:0px 0px 0px 0px;\npadding:0px 0px 0px 0px;\n}\n<\/style>\n<div class='flex_column av-6menv-5fd74a76e991e223986002e3c8aacdb4 av_one_third  avia-builder-el-23  el_after_av_one_third  avia-builder-el-last  flex_column_div av-zero-column-padding '     ><style type=\"text\/css\" data-created_by=\"avia_inline_auto\" id=\"style-css-av-k674wuwe-6bc2e4715a521f82b7d1c72753e70749\">\n#top .av_textblock_section.av-k674wuwe-6bc2e4715a521f82b7d1c72753e70749 .avia_textblock{\nfont-size:18px;\ncolor:#282828;\n}\n<\/style>\n<section  class='av_textblock_section av-k674wuwe-6bc2e4715a521f82b7d1c72753e70749'  itemscope=\"itemscope\" itemtype=\"https:\/\/schema.org\/CreativeWork\" ><div class='avia_textblock av_inherit_color'  itemprop=\"text\" ><p style=\"text-align: center;\"><img alt=\"kodykar-tij-25-k160ne\" loading=\"lazy\" decoding=\"async\" class=\"wp-image-7937 aligncenter\" src=\"https:\/\/es.kodyka.com\/wp-content\/uploads\/2020\/05\/2years-warrenty.jpg\" alt=\"\" width=\"180\" height=\"180\" srcset=\"https:\/\/kodyka.com\/wp-content\/uploads\/2020\/05\/2years-warrenty.jpg 250w, https:\/\/kodyka.com\/wp-content\/uploads\/2020\/05\/2years-warrenty-80x80.jpg 80w, https:\/\/kodyka.com\/wp-content\/uploads\/2020\/05\/2years-warrenty-36x36.jpg 36w, https:\/\/kodyka.com\/wp-content\/uploads\/2020\/05\/2years-warrenty-180x180.jpg 180w\" sizes=\"(max-width: 180px) 100vw, 180px\" \/>Der einzige Hersteller, der eine 2-Jahres-Garantie bietet<\/p>\n<\/div><\/section><\/div>\n<\/div><\/div><\/div><!-- close content main div --><\/div><\/div><\/div><div id='after_section_1'  class='main_color av_default_container_wrap container_wrap sidebar_right'  ><div class='container av-section-cont-open' ><div class='template-page content  av-content-small alpha units'><div class='post-entry post-entry-type-page post-entry-11259'><div class='entry-content-wrapper clearfix'><\/p>\n","protected":false},"excerpt":{"rendered":"","protected":false},"author":1,"featured_media":11235,"parent":7078,"menu_order":0,"comment_status":"closed","ping_status":"closed","template":"","meta":{"footnotes":""},"class_list":["post-11259","page","type-page","status-publish","has-post-thumbnail","hentry"],"_links":{"self":[{"href":"https:\/\/kodyka.com\/de\/wp-json\/wp\/v2\/pages\/11259","targetHints":{"allow":["GET"]}}],"collection":[{"href":"https:\/\/kodyka.com\/de\/wp-json\/wp\/v2\/pages"}],"about":[{"href":"https:\/\/kodyka.com\/de\/wp-json\/wp\/v2\/types\/page"}],"author":[{"embeddable":true,"href":"https:\/\/kodyka.com\/de\/wp-json\/wp\/v2\/users\/1"}],"replies":[{"embeddable":true,"href":"https:\/\/kodyka.com\/de\/wp-json\/wp\/v2\/comments?post=11259"}],"version-history":[{"count":7,"href":"https:\/\/kodyka.com\/de\/wp-json\/wp\/v2\/pages\/11259\/revisions"}],"predecessor-version":[{"id":16011,"href":"https:\/\/kodyka.com\/de\/wp-json\/wp\/v2\/pages\/11259\/revisions\/16011"}],"up":[{"embeddable":true,"href":"https:\/\/kodyka.com\/de\/wp-json\/wp\/v2\/pages\/7078"}],"wp:featuredmedia":[{"embeddable":true,"href":"https:\/\/kodyka.com\/de\/wp-json\/wp\/v2\/media\/11235"}],"wp:attachment":[{"href":"https:\/\/kodyka.com\/de\/wp-json\/wp\/v2\/media?parent=11259"}],"curies":[{"name":"wp","href":"https:\/\/api.w.org\/{rel}","templated":true}]}}