{"id":11968,"date":"2020-10-20T08:35:05","date_gmt":"2020-10-20T08:35:05","guid":{"rendered":"https:\/\/kodyka.com\/cookies-politics\/"},"modified":"2021-01-04T16:23:59","modified_gmt":"2021-01-04T16:23:59","slug":"cookies-politics","status":"publish","type":"page","link":"https:\/\/kodyka.com\/de\/cookies-politics\/","title":{"rendered":"Cookie policy"},"content":{"rendered":"<section  class='av_textblock_section av-kghqbgxx-a2134acd77d240308baea9cc57481d43'  itemscope=\"itemscope\" itemtype=\"https:\/\/schema.org\/CreativeWork\" ><div class='avia_textblock'  itemprop=\"text\" ><h2>Cookie policy<\/h2>\n<\/div><\/section>\n<section  class='av_textblock_section av-kghppbej-c0e16772cd7ec283af8579639e4bd436'  itemscope=\"itemscope\" itemtype=\"https:\/\/schema.org\/CreativeWork\" ><div class='avia_textblock'  itemprop=\"text\" ><p>Cookie-Politik<\/p>\n<p>Durch diese Richtlinie bietet Kodyka. als Verantwortlicher f\u00fcr die Domain www.kodyka.com dem Nutzer der Seite Informationen \u00fcber die Behandlung seiner Daten, die wir durch die Verwendung von &#8220;Cookies&#8221; und \/ oder \u00e4hnlichen Technologien vornehmen.<\/p>\n<p>Was ist ein Cookie?<\/p>\n<p>Diese Website verwendet Cookies und\/oder \u00e4hnliche Technologien, die Informationen speichern und abrufen, wenn Sie surfen. Im Allgemeinen k\u00f6nnen diese Technologien vielen verschiedenen Zwecken dienen, z. B. um Sie als Benutzer zu erkennen, Informationen \u00fcber Ihre Surfgewohnheiten zu erhalten oder die Art und Weise, wie Inhalte angezeigt werden, anzupassen. Die spezifische Verwendung dieser Technologien durch uns wird im Folgenden beschrieben.<\/p>\n<p>Welche Arten von Cookies verwenden wir?<\/p>\n<p>Die folgenden Arten von Cookies werden auf dieser Website verwendet:<\/p>\n<p>Eigene Cookies:<\/p>\n<p>Eigene Cookies: sind solche, die von einem Computer oder einer Dom\u00e4ne, die vom Herausgeber selbst verwaltet wird und von der aus der vom Benutzer angeforderte Dienst bereitgestellt wird, an das Endger\u00e4t des Benutzers gesendet werden.<\/p>\n<p>Cookies von Dritten: sind solche, die an das Endger\u00e4t des Benutzers von einem Computer oder einer Dom\u00e4ne gesendet werden, die nicht vom Herausgeber, sondern von einer anderen Einheit verwaltet werden, die die durch Cookies erhaltenen Daten behandelt.<\/p>\n<p>Nach Zweck:<\/p>\n<p>Technische Cookies: sind solche, die es dem Benutzer erm\u00f6glichen, durch eine Webseite, Plattform oder Anwendung zu navigieren und die verschiedenen darin vorhandenen Optionen oder Dienste zu nutzen, einschlie\u00dflich solcher, die der Herausgeber verwendet, um die Verwaltung und den Betrieb der Webseite zu erm\u00f6glichen und ihre Funktionen und Dienste zu aktivieren.<\/p>\n<p>Analytische Cookies: sind solche, die es dem Verantwortlichen erm\u00f6glichen, das Verhalten der Benutzer der Webseiten, mit denen sie verbunden sind, zu verfolgen und zu analysieren, einschlie\u00dflich der Quantifizierung der Auswirkungen der Anzeigen. Die durch diese Art von Cookies gesammelten Informationen werden verwendet, um die Aktivit\u00e4t der Websites, der Anwendung oder der Plattform zu messen, um Verbesserungen auf der Grundlage der Analyse der von den Nutzern des Dienstes gemachten Angaben einzuf\u00fchren.<\/p>\n<p>F\u00fcr die Zeit, in der sie aktiv bleiben:<\/p>\n<p>Sitzungs-Cookies: sind solche, die dazu dienen, Daten zu sammeln und zu speichern, w\u00e4hrend der Benutzer auf eine Website zugreift. Sie werden in der Regel verwendet, um Informationen zu speichern, die nur f\u00fcr die Bereitstellung des vom Benutzer angeforderten Dienstes bei einer Gelegenheit interessant sind (zum Beispiel eine Liste der gekauften Produkte) und verschwinden am Ende der Sitzung.<\/p>\n<p>Persistente Cookies: sind solche, bei denen die Daten weiterhin im Terminal gespeichert werden und w\u00e4hrend eines vom Verantwortlichen f\u00fcr das Cookie festgelegten Zeitraums, der von einigen Minuten bis zu mehreren Jahren reichen kann, abgerufen und verarbeitet werden k\u00f6nnen.<\/p>\n<table>\n<tbody>\n<tr>\n<td width=\"140\">wp-wpml_current_language<\/td>\n<td width=\"128\">techniques<\/td>\n<td width=\"166\">This cookie is set by wpml . The cookie is used to change the language of the web pages, .<\/td>\n<td width=\"85\">kodyka.com<\/td>\n<td width=\"101\">1 Day<\/td>\n<\/tr>\n<\/tbody>\n<\/table>\n<p>(*)Anbieter, die sich nicht in der Europ\u00e4ischen Union oder in L\u00e4ndern mit gleichwertiger Datenschutzgesetzgebung befinden.<\/p>\n<p>Die durch diese Cookies gewonnenen Informationen werden auf Servern von Google\/Youtube\/Facebook gespeichert, die sich in den USA befinden, einem Land, dessen Gesetzgebung nach dem Ermessen der europ\u00e4ischen Beh\u00f6rden kein angemessenes Datenschutzniveau gew\u00e4hrleistet. Indem Sie der Verwendung dieser Cookies zustimmen, stimmen Sie auch der internationalen \u00dcbertragung Ihrer Daten an die Firma Google\/Youtube\/Facebook in den Vereinigten Staaten zu.<\/p>\n<p>Google ist auch mit dem Web Choices-Tool verbunden, \u00fcber das Sie die Verwendung Ihrer Cookies deaktivieren k\u00f6nnen: http:\/\/optout.aboutads.info\/.<\/p>\n<p>Kann ich sie deaktivieren?<\/p>\n<p>Sie k\u00f6nnen Ihren Browser so konfigurieren, dass die Speicherung von Cookies auf Ihrem Computer abgelehnt wird.<\/p>\n<p>Um Cookies in Ihrem Browser zu deaktivieren, finden Sie Informationen dazu, wie Sie dies tun k\u00f6nnen, wenn Sie ihn als Browser verwenden:<\/p>\n<p>Firefox : <a href=\"http:\/\/support.mozilla.org\/es\/kb\/habilitar-y-deshabilitar-cookies-que-los-sitios-we\" target=\"_blank\" rel=\"noopener noreferrer\">http:\/\/support.mozilla.org\/es\/kb\/habilitar-y-deshabilitar-cookies-que-los-sitios-we<\/a><\/p>\n<p>Chrome : <a href=\"http:\/\/support.google.com\/chrome\/bin\/answer.py?hl=es&amp;answer=95647\" target=\"_blank\" rel=\"noopener noreferrer\">http:\/\/support.google.com\/chrome\/bin\/answer.py?hl=es&amp;answer=95647<\/a><\/p>\n<p>Explorer : <a href=\"https:\/\/support.microsoft.com\/es-es\/help\/17442\/windows-internet-explorer-delete-manage-cookies\" target=\"_blank\" rel=\"noopener noreferrer\">https:\/\/support.microsoft.com\/es-es\/help\/17442\/windows-internet-explorer-delete-manage-cookies<\/a><\/p>\n<p>Safari : <a href=\"http:\/\/support.apple.com\/kb\/ph5042\" target=\"_blank\" rel=\"noopener noreferrer\">http:\/\/support.apple.com\/kb\/ph5042<\/a><\/p>\n<p>Opera : <a href=\"http:\/\/help.opera.com\/Windows\/11.50\/es-ES\/cookies.html\" target=\"_blank\" rel=\"noopener noreferrer\">http:\/\/help.opera.com\/Windows\/11.50\/es-ES\/cookies.html<\/a><\/p>\n<p><u>\u00a0<\/u><\/p>\n<p>Mehr Informationen<\/p>\n<p>F\u00fcr weitere Informationen \u00fcber Fragen im Zusammenhang mit der Privatsph\u00e4re und den Schutz Ihrer pers\u00f6nlichen Daten, die wir durch diese Politik der Cookies zufrieden sind, k\u00f6nnen unsere Politik durch den folgenden Link zu konsultieren<\/p>\n<p><a href=\"https:\/\/de.kodyka.com\/politica-privacidad\/\"> https:\/\/de.kodyka.com\/politica-privacidad\/<\/a><\/p>\n<\/div><\/section>\n","protected":false},"excerpt":{"rendered":"","protected":false},"author":1,"featured_media":0,"parent":0,"menu_order":0,"comment_status":"closed","ping_status":"closed","template":"","meta":{"footnotes":""},"class_list":["post-11968","page","type-page","status-publish","hentry"],"_links":{"self":[{"href":"https:\/\/kodyka.com\/de\/wp-json\/wp\/v2\/pages\/11968","targetHints":{"allow":["GET"]}}],"collection":[{"href":"https:\/\/kodyka.com\/de\/wp-json\/wp\/v2\/pages"}],"about":[{"href":"https:\/\/kodyka.com\/de\/wp-json\/wp\/v2\/types\/page"}],"author":[{"embeddable":true,"href":"https:\/\/kodyka.com\/de\/wp-json\/wp\/v2\/users\/1"}],"replies":[{"embeddable":true,"href":"https:\/\/kodyka.com\/de\/wp-json\/wp\/v2\/comments?post=11968"}],"version-history":[{"count":2,"href":"https:\/\/kodyka.com\/de\/wp-json\/wp\/v2\/pages\/11968\/revisions"}],"predecessor-version":[{"id":11981,"href":"https:\/\/kodyka.com\/de\/wp-json\/wp\/v2\/pages\/11968\/revisions\/11981"}],"wp:attachment":[{"href":"https:\/\/kodyka.com\/de\/wp-json\/wp\/v2\/media?parent=11968"}],"curies":[{"name":"wp","href":"https:\/\/api.w.org\/{rel}","templated":true}]}}