{"id":14854,"date":"2023-01-16T19:25:30","date_gmt":"2023-01-16T19:25:30","guid":{"rendered":"https:\/\/kodyka.com\/impresoras-tto\/"},"modified":"2023-05-02T10:36:21","modified_gmt":"2023-05-02T10:36:21","slug":"drucker-tto","status":"publish","type":"page","link":"https:\/\/kodyka.com\/de\/drucker-tto\/","title":{"rendered":"Drucker TTO"},"content":{"rendered":"\n<style type=\"text\/css\" data-created_by=\"avia_inline_auto\" id=\"style-css-av-7j786-2713921d9a87c3782db14d73bf73b321\">\n.flex_column.av-7j786-2713921d9a87c3782db14d73bf73b321{\n-webkit-border-radius:0px 0px 0px 0px;\n-moz-border-radius:0px 0px 0px 0px;\nborder-radius:0px 0px 0px 0px;\npadding:0px 0px 0px 0px;\n}\n<\/style>\n<div class='flex_column av-7j786-2713921d9a87c3782db14d73bf73b321 av_one_full  avia-builder-el-0  el_before_av_three_fifth  avia-builder-el-first  first flex_column_div av-zero-column-padding '     ><style type=\"text\/css\" data-created_by=\"avia_inline_auto\" id=\"style-css-av-k6hpcmvu-6729beb61d414cb64d56d8481838493a\">\n#top .av_textblock_section.av-k6hpcmvu-6729beb61d414cb64d56d8481838493a .avia_textblock{\nfont-size:20px;\n}\n<\/style>\n<section  class='av_textblock_section av-k6hpcmvu-6729beb61d414cb64d56d8481838493a'  itemscope=\"itemscope\" itemtype=\"https:\/\/schema.org\/CreativeWork\" ><div class='avia_textblock'  itemprop=\"text\" ><h1 style=\"text-align: center;\">Drucker TTO<\/h1>\n<p style=\"text-align: center;\">Thermotransfer-\u00dcberdrucken<\/p>\n<\/div><\/section><\/div>\n\n<style type=\"text\/css\" data-created_by=\"avia_inline_auto\" id=\"style-css-av-tkjer-aa5fa90e7f19811ad21ff53a4e21ced0\">\n.flex_column.av-tkjer-aa5fa90e7f19811ad21ff53a4e21ced0{\n-webkit-border-radius:0px 0px 0px 0px;\n-moz-border-radius:0px 0px 0px 0px;\nborder-radius:0px 0px 0px 0px;\npadding:0px 0px 0px 0px;\n}\n<\/style>\n<div class='flex_column av-tkjer-aa5fa90e7f19811ad21ff53a4e21ced0 av_three_fifth  avia-builder-el-2  el_after_av_one_full  el_before_av_two_fifth  first flex_column_div av-zero-column-padding column-top-margin'     ><style type=\"text\/css\" data-created_by=\"avia_inline_auto\" id=\"style-css-av-kj8f4s7m-dd034514c388b158ade5111a51ca6705\">\n.avia-image-container.av-kj8f4s7m-dd034514c388b158ade5111a51ca6705 img.avia_image{\nbox-shadow:none;\n}\n.avia-image-container.av-kj8f4s7m-dd034514c388b158ade5111a51ca6705 .av-image-caption-overlay-center{\ncolor:#ffffff;\n}\n<\/style>\n<div  class='avia-image-container av-kj8f4s7m-dd034514c388b158ade5111a51ca6705 av-styling- avia-align-center  avia-builder-el-3  avia-builder-el-no-sibling '   itemprop=\"image\" itemscope=\"itemscope\" itemtype=\"https:\/\/schema.org\/ImageObject\" ><div class=\"avia-image-container-inner\"><div class=\"avia-image-overlay-wrap\"><img alt=\"kodykar-tij-25-drucker-tto\" fetchpriority=\"high\" fetchpriority=\"high\" decoding=\"async\" class='wp-image-15086 avia-img-lazy-loading-not-15086 avia_image ' src=\"https:\/\/kodyka.com\/wp-content\/uploads\/2023\/05\/tto-kodyka.jpg\" alt='Printers TTO' title='tto kodyka'  height=\"589\" width=\"1000\"  itemprop=\"thumbnailUrl\" srcset=\"https:\/\/kodyka.com\/wp-content\/uploads\/2023\/05\/tto-kodyka.jpg 1000w, https:\/\/kodyka.com\/wp-content\/uploads\/2023\/05\/tto-kodyka-300x177.jpg 300w, https:\/\/kodyka.com\/wp-content\/uploads\/2023\/05\/tto-kodyka-768x452.jpg 768w, https:\/\/kodyka.com\/wp-content\/uploads\/2023\/05\/tto-kodyka-705x415.jpg 705w\" sizes=\"(max-width: 1000px) 100vw, 1000px\" \/><\/div><\/div><\/div><\/div>\n<style type=\"text\/css\" data-created_by=\"avia_inline_auto\" id=\"style-css-av-tkjer-1f02850fcce2683851b75b294c4b6822\">\n.flex_column.av-tkjer-1f02850fcce2683851b75b294c4b6822{\n-webkit-border-radius:0px 0px 0px 0px;\n-moz-border-radius:0px 0px 0px 0px;\nborder-radius:0px 0px 0px 0px;\npadding:40px 10px 40px 40px;\n}\n<\/style>\n<div class='flex_column av-tkjer-1f02850fcce2683851b75b294c4b6822 av_two_fifth  avia-builder-el-4  el_after_av_three_fifth  el_before_av_image  flex_column_div column-top-margin'     ><section  class='av_textblock_section av-k6hq0wtk-b79195b08abe92e3e1805928e79e3ff5'  itemscope=\"itemscope\" itemtype=\"https:\/\/schema.org\/CreativeWork\" ><div class='avia_textblock'  itemprop=\"text\" ><h2>Gleichbleibend hohe Druckqualit\u00e4t auf flexiblen Verpackungsfolien und -t\u00fcchern.<\/h2>\n<\/div><\/section><br \/>\n\n<style type=\"text\/css\" data-created_by=\"avia_inline_auto\" id=\"style-css-av-lcoqbwkp-0aecf5551bc9bd634b51f50f9fa3f4d7\">\n#top .hr.hr-invisible.av-lcoqbwkp-0aecf5551bc9bd634b51f50f9fa3f4d7{\nheight:30px;\n}\n<\/style>\n<div  class='hr av-lcoqbwkp-0aecf5551bc9bd634b51f50f9fa3f4d7 hr-invisible  avia-builder-el-6  el_after_av_textblock  el_before_av_textblock '><span class='hr-inner '><span class=\"hr-inner-style\"><\/span><\/span><\/div><br \/>\n<section  class='av_textblock_section av-leqb7nrn-0e09b376636c6a065a4b572d4c462bf9'  itemscope=\"itemscope\" itemtype=\"https:\/\/schema.org\/CreativeWork\" ><div class='avia_textblock'  itemprop=\"text\" ><p>Thermotransfer-\u00dcberdruckmaschinen (TTO) sind eine digitale Drucktechnologie, die speziell f\u00fcr flexible Materialien entwickelt wurde und daher ideal f\u00fcr diesen Prozess geeignet ist, w\u00e4hrend andere Kennzeichnungsmethoden mehrere Verwendungsm\u00f6glichkeiten haben<\/p>\n<p>Sie werden in der Regel in Verpackungs- und Verarbeitungsanlagen wie Etikettiermaschinen, Schalenverschlie\u00dfmaschinen, Schlauchbeutelmaschinen und Verpackungsmaschinen integriert. Unsere Drucker sind f\u00fcr gestochen scharfe, klare Kennzeichnungen ausgelegt und liefern hohe Aufl\u00f6sungen bei hoher Geschwindigkeit<\/p>\n<p>Mit unseren Druckern k\u00f6nnen Sie gestochen scharfe, hochwertige Codes auf alle Arten von flexiblen Folienverpackungen, Beuteln, Schalen, Umschl\u00e4gen, Vakuumverpackungen oder Etiketten drucken.<\/p>\n<\/div><\/section><\/p><\/div><\/p>\n\n<style type=\"text\/css\" data-created_by=\"avia_inline_auto\" id=\"style-css-av-ka07s4rp-ff09c262fc0183b8a14eac0af20fde40\">\n.avia-image-container.av-ka07s4rp-ff09c262fc0183b8a14eac0af20fde40 img.avia_image{\nbox-shadow:none;\n}\n.avia-image-container.av-ka07s4rp-ff09c262fc0183b8a14eac0af20fde40 .av-image-caption-overlay-center{\ncolor:#ffffff;\n}\n<\/style>\n<div  class='avia-image-container av-ka07s4rp-ff09c262fc0183b8a14eac0af20fde40 av-styling- avia-align-center  avia-builder-el-8  el_after_av_two_fifth  el_before_av_hr '   itemprop=\"image\" itemscope=\"itemscope\" itemtype=\"https:\/\/schema.org\/ImageObject\" ><div class=\"avia-image-container-inner\"><div class=\"avia-image-overlay-wrap\"><a href=\"https:\/\/kodyka.com\/wp-content\/uploads\/2023\/05\/tto-kodyka-2.jpg\" data-srcset=\"https:\/\/kodyka.com\/wp-content\/uploads\/2023\/05\/tto-kodyka-2.jpg 1000w, https:\/\/kodyka.com\/wp-content\/uploads\/2023\/05\/tto-kodyka-2-300x143.jpg 300w, https:\/\/kodyka.com\/wp-content\/uploads\/2023\/05\/tto-kodyka-2-768x367.jpg 768w, https:\/\/kodyka.com\/wp-content\/uploads\/2023\/05\/tto-kodyka-2-705x337.jpg 705w\" data-sizes=\"(max-width: 1000px) 100vw, 1000px\" class='avia_image' ><img alt=\"kodykar-tij-25-drucker-tto\" decoding=\"async\" class='wp-image-15097 avia-img-lazy-loading-not-15097 avia_image ' src=\"https:\/\/kodyka.com\/wp-content\/uploads\/2023\/05\/tto-kodyka-2.jpg\" alt='Printers TTO' title='tto kodyka 2'  height=\"478\" width=\"1000\"  itemprop=\"thumbnailUrl\" srcset=\"https:\/\/kodyka.com\/wp-content\/uploads\/2023\/05\/tto-kodyka-2.jpg 1000w, https:\/\/kodyka.com\/wp-content\/uploads\/2023\/05\/tto-kodyka-2-300x143.jpg 300w, https:\/\/kodyka.com\/wp-content\/uploads\/2023\/05\/tto-kodyka-2-768x367.jpg 768w, https:\/\/kodyka.com\/wp-content\/uploads\/2023\/05\/tto-kodyka-2-705x337.jpg 705w\" sizes=\"(max-width: 1000px) 100vw, 1000px\" \/><\/a><\/div><\/div><\/div>\n\n<style type=\"text\/css\" data-created_by=\"avia_inline_auto\" id=\"style-css-av-lcoqbwkp-7466859144d9a876858b2739a0f44cbe\">\n#top .hr.hr-invisible.av-lcoqbwkp-7466859144d9a876858b2739a0f44cbe{\nheight:80px;\n}\n<\/style>\n<div  class='hr av-lcoqbwkp-7466859144d9a876858b2739a0f44cbe hr-invisible  avia-builder-el-9  el_after_av_image  el_before_av_one_half '><span class='hr-inner '><span class=\"hr-inner-style\"><\/span><\/span><\/div>\n\n<style type=\"text\/css\" data-created_by=\"avia_inline_auto\" id=\"style-css-av-7qji6-65fe73cb758754a8938e917b689ec07f\">\n.flex_column.av-7qji6-65fe73cb758754a8938e917b689ec07f{\n-webkit-border-radius:0px 0px 0px 0px;\n-moz-border-radius:0px 0px 0px 0px;\nborder-radius:0px 0px 0px 0px;\npadding:0px 0px 0px 0px;\n}\n<\/style>\n<div class='flex_column av-7qji6-65fe73cb758754a8938e917b689ec07f av_one_half  avia-builder-el-10  el_after_av_hr  el_before_av_one_half  first flex_column_div av-zero-column-padding '     ><section  class='av_textblock_section av-k6hq0wtk-b79195b08abe92e3e1805928e79e3ff5'  itemscope=\"itemscope\" itemtype=\"https:\/\/schema.org\/CreativeWork\" ><div class='avia_textblock'  itemprop=\"text\" ><h3><span style=\"color: #05c102;\">Professioneller<br \/>\n<\/span><\/h3>\n<\/div><\/section><\/div>\n\n<style type=\"text\/css\" data-created_by=\"avia_inline_auto\" id=\"style-css-av-7qji6-75345ae8e91248a5586f6e735f155039\">\n.flex_column.av-7qji6-75345ae8e91248a5586f6e735f155039{\n-webkit-border-radius:0px 0px 0px 0px;\n-moz-border-radius:0px 0px 0px 0px;\nborder-radius:0px 0px 0px 0px;\npadding:0px 0px 0px 0px;\n}\n<\/style>\n<div class='flex_column av-7qji6-75345ae8e91248a5586f6e735f155039 av_one_half  avia-builder-el-12  el_after_av_one_half  el_before_av_two_fifth  flex_column_div av-zero-column-padding '     ><\/div>\n\n<style type=\"text\/css\" data-created_by=\"avia_inline_auto\" id=\"style-css-av-57cv6-f9d4a2ddfb3639bf0e5690df4e649ec1\">\n.flex_column.av-57cv6-f9d4a2ddfb3639bf0e5690df4e649ec1{\n-webkit-border-radius:0px 0px 0px 0px;\n-moz-border-radius:0px 0px 0px 0px;\nborder-radius:0px 0px 0px 0px;\npadding:0px 0px 0px 0px;\n}\n<\/style>\n<div class='flex_column av-57cv6-f9d4a2ddfb3639bf0e5690df4e649ec1 av_two_fifth  avia-builder-el-13  el_after_av_one_half  el_before_av_three_fifth  first flex_column_div av-zero-column-padding column-top-margin'     ><style type=\"text\/css\" data-created_by=\"avia_inline_auto\" id=\"style-css-av-ka07s4rp-739d83502c631bbb991c98bd32c51968\">\n.avia-image-container.av-ka07s4rp-739d83502c631bbb991c98bd32c51968 img.avia_image{\nbox-shadow:none;\n}\n.avia-image-container.av-ka07s4rp-739d83502c631bbb991c98bd32c51968 .av-image-caption-overlay-center{\ncolor:#ffffff;\n}\n<\/style>\n<div  class='avia-image-container av-ka07s4rp-739d83502c631bbb991c98bd32c51968 av-styling- avia-align-center  avia-builder-el-14  avia-builder-el-no-sibling '   itemprop=\"image\" itemscope=\"itemscope\" itemtype=\"https:\/\/schema.org\/ImageObject\" ><div class=\"avia-image-container-inner\"><div class=\"avia-image-overlay-wrap\"><a href=\"https:\/\/kodyka.com\/wp-content\/uploads\/2023\/03\/print-tto-1030x864.jpg\" data-srcset=\"https:\/\/kodyka.com\/wp-content\/uploads\/2023\/03\/print-tto-1030x864.jpg 1030w, https:\/\/kodyka.com\/wp-content\/uploads\/2023\/03\/print-tto-300x252.jpg 300w, https:\/\/kodyka.com\/wp-content\/uploads\/2023\/03\/print-tto-768x644.jpg 768w, https:\/\/kodyka.com\/wp-content\/uploads\/2023\/03\/print-tto-705x592.jpg 705w, https:\/\/kodyka.com\/wp-content\/uploads\/2023\/03\/print-tto.jpg 1410w\" data-sizes=\"(max-width: 1030px) 100vw, 1030px\" class='avia_image' ><img alt=\"kodykar-tij-25-drucker-tto\" loading=\"lazy\" loading=\"lazy\" decoding=\"async\" class='wp-image-14704 avia-img-lazy-loading-not-14704 avia_image ' src=\"https:\/\/kodyka.com\/wp-content\/uploads\/2023\/03\/print-tto.jpg\" alt='Printers TTO' title='print tto'  height=\"1183\" width=\"1410\"  itemprop=\"thumbnailUrl\" srcset=\"https:\/\/kodyka.com\/wp-content\/uploads\/2023\/03\/print-tto.jpg 1410w, https:\/\/kodyka.com\/wp-content\/uploads\/2023\/03\/print-tto-300x252.jpg 300w, https:\/\/kodyka.com\/wp-content\/uploads\/2023\/03\/print-tto-1030x864.jpg 1030w, https:\/\/kodyka.com\/wp-content\/uploads\/2023\/03\/print-tto-768x644.jpg 768w, https:\/\/kodyka.com\/wp-content\/uploads\/2023\/03\/print-tto-705x592.jpg 705w\" sizes=\"auto, (max-width: 1410px) 100vw, 1410px\" \/><\/a><\/div><\/div><\/div><\/div>\n\n<style type=\"text\/css\" data-created_by=\"avia_inline_auto\" id=\"style-css-av-57cv6-1c608dfb1cb397f4d50d93145b15ed48\">\n.flex_column.av-57cv6-1c608dfb1cb397f4d50d93145b15ed48{\n-webkit-border-radius:0px 0px 0px 0px;\n-moz-border-radius:0px 0px 0px 0px;\nborder-radius:0px 0px 0px 0px;\npadding:0px 0px 0px 0px;\n}\n<\/style>\n<div class='flex_column av-57cv6-1c608dfb1cb397f4d50d93145b15ed48 av_three_fifth  avia-builder-el-15  el_after_av_two_fifth  avia-builder-el-last  flex_column_div av-zero-column-padding column-top-margin'     ><style type=\"text\/css\" data-created_by=\"avia_inline_auto\" id=\"style-css-av-ka07s4rp-dcf5541066552fef7c29707e5d57b4b5\">\n.avia-image-container.av-ka07s4rp-dcf5541066552fef7c29707e5d57b4b5 img.avia_image{\nbox-shadow:none;\n}\n.avia-image-container.av-ka07s4rp-dcf5541066552fef7c29707e5d57b4b5 .av-image-caption-overlay-center{\ncolor:#ffffff;\n}\n<\/style>\n<div  class='avia-image-container av-ka07s4rp-dcf5541066552fef7c29707e5d57b4b5 av-styling- avia-align-center  avia-builder-el-16  avia-builder-el-no-sibling '   itemprop=\"image\" itemscope=\"itemscope\" itemtype=\"https:\/\/schema.org\/ImageObject\" ><div class=\"avia-image-container-inner\"><div class=\"avia-image-overlay-wrap\"><a href=\"https:\/\/kodyka.com\/wp-content\/uploads\/2023\/03\/printers-tto-1030x567.jpg\" data-srcset=\"https:\/\/kodyka.com\/wp-content\/uploads\/2023\/03\/printers-tto-1030x567.jpg 1030w, https:\/\/kodyka.com\/wp-content\/uploads\/2023\/03\/printers-tto-300x165.jpg 300w, https:\/\/kodyka.com\/wp-content\/uploads\/2023\/03\/printers-tto-768x423.jpg 768w, https:\/\/kodyka.com\/wp-content\/uploads\/2023\/03\/printers-tto-705x388.jpg 705w, https:\/\/kodyka.com\/wp-content\/uploads\/2023\/03\/printers-tto.jpg 1360w\" data-sizes=\"(max-width: 1030px) 100vw, 1030px\" class='avia_image' ><img alt=\"kodykar-tij-25-drucker-tto\" loading=\"lazy\" loading=\"lazy\" decoding=\"async\" class='wp-image-14715 avia-img-lazy-loading-not-14715 avia_image ' src=\"https:\/\/kodyka.com\/wp-content\/uploads\/2023\/03\/printers-tto.jpg\" alt='Printers TTO' title='printers tto'  height=\"749\" width=\"1360\"  itemprop=\"thumbnailUrl\" srcset=\"https:\/\/kodyka.com\/wp-content\/uploads\/2023\/03\/printers-tto.jpg 1360w, https:\/\/kodyka.com\/wp-content\/uploads\/2023\/03\/printers-tto-300x165.jpg 300w, https:\/\/kodyka.com\/wp-content\/uploads\/2023\/03\/printers-tto-1030x567.jpg 1030w, https:\/\/kodyka.com\/wp-content\/uploads\/2023\/03\/printers-tto-768x423.jpg 768w, https:\/\/kodyka.com\/wp-content\/uploads\/2023\/03\/printers-tto-705x388.jpg 705w\" sizes=\"auto, (max-width: 1360px) 100vw, 1360px\" \/><\/a><\/div><\/div><\/div><\/div>\n","protected":false},"excerpt":{"rendered":"","protected":false},"author":1,"featured_media":15086,"parent":0,"menu_order":0,"comment_status":"closed","ping_status":"closed","template":"","meta":{"footnotes":""},"class_list":["post-14854","page","type-page","status-publish","has-post-thumbnail","hentry"],"_links":{"self":[{"href":"https:\/\/kodyka.com\/de\/wp-json\/wp\/v2\/pages\/14854","targetHints":{"allow":["GET"]}}],"collection":[{"href":"https:\/\/kodyka.com\/de\/wp-json\/wp\/v2\/pages"}],"about":[{"href":"https:\/\/kodyka.com\/de\/wp-json\/wp\/v2\/types\/page"}],"author":[{"embeddable":true,"href":"https:\/\/kodyka.com\/de\/wp-json\/wp\/v2\/users\/1"}],"replies":[{"embeddable":true,"href":"https:\/\/kodyka.com\/de\/wp-json\/wp\/v2\/comments?post=14854"}],"version-history":[{"count":3,"href":"https:\/\/kodyka.com\/de\/wp-json\/wp\/v2\/pages\/14854\/revisions"}],"predecessor-version":[{"id":15107,"href":"https:\/\/kodyka.com\/de\/wp-json\/wp\/v2\/pages\/14854\/revisions\/15107"}],"wp:featuredmedia":[{"embeddable":true,"href":"https:\/\/kodyka.com\/de\/wp-json\/wp\/v2\/media\/15086"}],"wp:attachment":[{"href":"https:\/\/kodyka.com\/de\/wp-json\/wp\/v2\/media?parent=14854"}],"curies":[{"name":"wp","href":"https:\/\/api.w.org\/{rel}","templated":true}]}}