{"id":14890,"date":"2023-01-16T19:26:07","date_gmt":"2023-01-16T19:26:07","guid":{"rendered":"https:\/\/kodyka.com\/ribbon\/"},"modified":"2023-03-07T19:23:46","modified_gmt":"2023-03-07T19:23:46","slug":"farbband","status":"publish","type":"page","link":"https:\/\/kodyka.com\/de\/farbband\/","title":{"rendered":"Farbband"},"content":{"rendered":"<section  class='av_textblock_section av-le6abthm-beca57adb6512cf55ad6aeeb290e58bb'  itemscope=\"itemscope\" itemtype=\"https:\/\/schema.org\/CreativeWork\" ><div class='avia_textblock'  itemprop=\"text\" ><h2 style=\"text-align: center;\">Farbband<\/h2>\n<\/div><\/section>\n\n<style type=\"text\/css\" data-created_by=\"avia_inline_auto\" id=\"style-css-av-18ajf14-d88911493ae2706d1e395b8b518e93f9\">\n.flex_column.av-18ajf14-d88911493ae2706d1e395b8b518e93f9{\n-webkit-border-radius:0px 0px 0px 0px;\n-moz-border-radius:0px 0px 0px 0px;\nborder-radius:0px 0px 0px 0px;\npadding:0px 0px 0px 0px;\n}\n<\/style>\n<div class='flex_column av-18ajf14-d88911493ae2706d1e395b8b518e93f9 av_one_fifth  avia-builder-el-1  el_after_av_textblock  el_before_av_three_fifth  first flex_column_div av-zero-column-padding column-top-margin'     ><\/div>\n\n<style type=\"text\/css\" data-created_by=\"avia_inline_auto\" id=\"style-css-av-jpc4t4-3c58b538cfa6f320e2a9c08e0af95633\">\n.flex_column.av-jpc4t4-3c58b538cfa6f320e2a9c08e0af95633{\n-webkit-border-radius:0px 0px 0px 0px;\n-moz-border-radius:0px 0px 0px 0px;\nborder-radius:0px 0px 0px 0px;\npadding:0px 0px 0px 0px;\n}\n<\/style>\n<div class='flex_column av-jpc4t4-3c58b538cfa6f320e2a9c08e0af95633 av_three_fifth  avia-builder-el-2  el_after_av_one_fifth  el_before_av_one_third  flex_column_div av-zero-column-padding column-top-margin'     ><style type=\"text\/css\" data-created_by=\"avia_inline_auto\" id=\"style-css-av-le6ab8c5-bb05948ab53e516b9c5dd24fde63df47\">\n.avia-image-container.av-le6ab8c5-bb05948ab53e516b9c5dd24fde63df47 img.avia_image{\nbox-shadow:none;\n}\n.avia-image-container.av-le6ab8c5-bb05948ab53e516b9c5dd24fde63df47 .av-image-caption-overlay-center{\ncolor:#ffffff;\n}\n<\/style>\n<div  class='avia-image-container av-le6ab8c5-bb05948ab53e516b9c5dd24fde63df47 av-styling- avia-align-center  avia-builder-el-3  avia-builder-el-no-sibling '   itemprop=\"image\" itemscope=\"itemscope\" itemtype=\"https:\/\/schema.org\/ImageObject\" ><div class=\"avia-image-container-inner\"><div class=\"avia-image-overlay-wrap\"><img alt=\"kodykar-tij-25-farbband\" fetchpriority=\"high\" fetchpriority=\"high\" decoding=\"async\" class='wp-image-14339 avia-img-lazy-loading-not-14339 avia_image ' src=\"https:\/\/kodyka.com\/wp-content\/uploads\/2023\/02\/ribbon-tto.jpg\" alt='ribbon tto' title='ribbon tto'  height=\"700\" width=\"1200\"  itemprop=\"thumbnailUrl\" srcset=\"https:\/\/kodyka.com\/wp-content\/uploads\/2023\/02\/ribbon-tto.jpg 1200w, https:\/\/kodyka.com\/wp-content\/uploads\/2023\/02\/ribbon-tto-300x175.jpg 300w, https:\/\/kodyka.com\/wp-content\/uploads\/2023\/02\/ribbon-tto-1030x601.jpg 1030w, https:\/\/kodyka.com\/wp-content\/uploads\/2023\/02\/ribbon-tto-768x448.jpg 768w, https:\/\/kodyka.com\/wp-content\/uploads\/2023\/02\/ribbon-tto-705x411.jpg 705w\" sizes=\"(max-width: 1200px) 100vw, 1200px\" \/><\/div><\/div><\/div><\/div>\n\n<style type=\"text\/css\" data-created_by=\"avia_inline_auto\" id=\"style-css-av-1l3cx94-318d302a00d8b0a842c6c7519a0316bf\">\n.flex_column.av-1l3cx94-318d302a00d8b0a842c6c7519a0316bf{\n-webkit-border-radius:0px 0px 0px 0px;\n-moz-border-radius:0px 0px 0px 0px;\nborder-radius:0px 0px 0px 0px;\npadding:0px 0px 0px 0px;\n}\n<\/style>\n<div class='flex_column av-1l3cx94-318d302a00d8b0a842c6c7519a0316bf av_one_third  avia-builder-el-4  el_after_av_three_fifth  el_before_av_one_third  first flex_column_div av-zero-column-padding '     ><section  class='av_textblock_section av-le6a2c8x-4f185fa28fced734faef6be31473f94a'  itemscope=\"itemscope\" itemtype=\"https:\/\/schema.org\/CreativeWork\" ><div class='avia_textblock'  itemprop=\"text\" ><h3>Wachs-Thermofarbb\u00e4nder<\/h3>\n<p>Wachs-Thermob\u00e4nder sind die wirtschaftlichste Variante des Thermoband-Sortiments und eignen sich f\u00fcr den Allzweckdruck auf Papier. Obwohl dieses Sortiment preisg\u00fcnstig ist, bieten sie eine hervorragende Abriebfestigkeit und Druckqualit\u00e4t auf normalen und gedrehten Barcodes auf beschichtetem und unbeschichtetem Papier.<\/p>\n<p>Der hohe Wachsanteil in der Formulierung bedeutet, dass diese B\u00e4nder einen niedrigeren Schmelzpunkt haben, so dass eine niedrigere Temperatureinstellung am Drucker verwendet werden kann und hohe Druckgeschwindigkeiten erreicht werden k\u00f6nnen.<\/p>\n<p>Wachs-Farbb\u00e4nder werden f\u00fcr Anwendungen und Verwendungszwecke empfohlen, darunter beschichtete und unbeschichtete Etiketten und Anh\u00e4nger, Allzwecketiketten, Versandetiketten, Kartonetiketten, Einzelhandelsanh\u00e4nger und -etiketten sowie Druck- und Anbringungsanwendungen.<\/p>\n<\/div><\/section><\/div>\n<style type=\"text\/css\" data-created_by=\"avia_inline_auto\" id=\"style-css-av-1917mxk-6fe8b23921d10fb34ecf8a2a278435d7\">\n.flex_column.av-1917mxk-6fe8b23921d10fb34ecf8a2a278435d7{\n-webkit-border-radius:0px 0px 0px 0px;\n-moz-border-radius:0px 0px 0px 0px;\nborder-radius:0px 0px 0px 0px;\npadding:0px 0px 0px 0px;\n}\n<\/style>\n<div class='flex_column av-1917mxk-6fe8b23921d10fb34ecf8a2a278435d7 av_one_third  avia-builder-el-6  el_after_av_one_third  el_before_av_one_third  flex_column_div av-zero-column-padding '     ><section  class='av_textblock_section av-le6a2c8x-4f185fa28fced734faef6be31473f94a'  itemscope=\"itemscope\" itemtype=\"https:\/\/schema.org\/CreativeWork\" ><div class='avia_textblock'  itemprop=\"text\" ><h3>Wachs-Harz-Thermofarbb\u00e4nder<\/h3>\n<p>Wachs-Harz-Thermob\u00e4nder eignen sich f\u00fcr Etiketten, die eine lange Lebensdauer erfordern, und liefern ein feineres Druckbild auf sehr glatten oder beschichteten und gl\u00e4nzenden Papieretiketten und einigen synthetischen Materialien. Das von einem Wachs-Harz-Farbband erzeugte Druckbild ist haltbarer als Wachs und gew\u00e4hrleistet eine hervorragende Wisch- und Kratzfestigkeit sowie eine ausgezeichnete Best\u00e4ndigkeit gegen Scheuern oder Reiben, was bei Frachtgut ein h\u00e4ufiges Problem darstellen kann.<\/p>\n<p>Zu den empfohlenen Anwendungen und Verwendungszwecken von Wachs-Harz-Farbb\u00e4ndern geh\u00f6ren: Hochgeschwindigkeitsdruckanwendungen, Regal- und Beh\u00e4lteretiketten, Fassetiketten, Etiketten zur Teilekennzeichnung und Hochglanzetiketten.<\/p>\n<\/div><\/section><\/div>\n<style type=\"text\/css\" data-created_by=\"avia_inline_auto\" id=\"style-css-av-w45ybc-1d3c7f1fac501138f3e06af6c58d2e57\">\n.flex_column.av-w45ybc-1d3c7f1fac501138f3e06af6c58d2e57{\n-webkit-border-radius:0px 0px 0px 0px;\n-moz-border-radius:0px 0px 0px 0px;\nborder-radius:0px 0px 0px 0px;\npadding:0px 0px 0px 0px;\n}\n<\/style>\n<div class='flex_column av-w45ybc-1d3c7f1fac501138f3e06af6c58d2e57 av_one_third  avia-builder-el-8  el_after_av_one_third  avia-builder-el-last  flex_column_div av-zero-column-padding '     ><section  class='av_textblock_section av-le6a2c8x-4f185fa28fced734faef6be31473f94a'  itemscope=\"itemscope\" itemtype=\"https:\/\/schema.org\/CreativeWork\" ><div class='avia_textblock'  itemprop=\"text\" ><h3>Harz-Thermo-Farbb\u00e4nder<\/h3>\n<p>Vollkunststoff-Farbb\u00e4nder bieten eine hervorragende Leistung bei der Herstellung von Etiketten mit einem scharfen und klaren Druck. Harz-Farbb\u00e4nder gedeihen in rauen Umgebungen wie korrosiven, hohen Temperaturen, UV-Anwendungen, Feuchtigkeit, Abrieb und anspruchsvollen Anwendungen.<\/p>\n<p>Zu den empfohlenen Anwendungen und Verwendungszwecken f\u00fcr Harz-Farbb\u00e4nder geh\u00f6ren: Hochglanzetiketten und synthetische Etiketten, extreme Anwendungen wie die Etikettierung gef\u00e4hrlicher F\u00e4sser, Etiketten, die eine lange Lebensdauer erfordern, und alle Arten von Etiketten f\u00fcr den Au\u00dfenbereich, die eine lange Lebensdauer erfordern.<\/p>\n<\/div><\/section><\/div><\/p>\n","protected":false},"excerpt":{"rendered":"","protected":false},"author":1,"featured_media":0,"parent":0,"menu_order":0,"comment_status":"closed","ping_status":"closed","template":"","meta":{"footnotes":""},"class_list":["post-14890","page","type-page","status-publish","hentry"],"_links":{"self":[{"href":"https:\/\/kodyka.com\/de\/wp-json\/wp\/v2\/pages\/14890","targetHints":{"allow":["GET"]}}],"collection":[{"href":"https:\/\/kodyka.com\/de\/wp-json\/wp\/v2\/pages"}],"about":[{"href":"https:\/\/kodyka.com\/de\/wp-json\/wp\/v2\/types\/page"}],"author":[{"embeddable":true,"href":"https:\/\/kodyka.com\/de\/wp-json\/wp\/v2\/users\/1"}],"replies":[{"embeddable":true,"href":"https:\/\/kodyka.com\/de\/wp-json\/wp\/v2\/comments?post=14890"}],"version-history":[{"count":1,"href":"https:\/\/kodyka.com\/de\/wp-json\/wp\/v2\/pages\/14890\/revisions"}],"predecessor-version":[{"id":14892,"href":"https:\/\/kodyka.com\/de\/wp-json\/wp\/v2\/pages\/14890\/revisions\/14892"}],"wp:attachment":[{"href":"https:\/\/kodyka.com\/de\/wp-json\/wp\/v2\/media?parent=14890"}],"curies":[{"name":"wp","href":"https:\/\/api.w.org\/{rel}","templated":true}]}}