{"id":6844,"date":"2020-03-31T10:15:05","date_gmt":"2020-03-31T10:15:05","guid":{"rendered":"https:\/\/kodyka.com\/contact\/"},"modified":"2025-03-24T20:34:41","modified_gmt":"2025-03-24T20:34:41","slug":"kontakt","status":"publish","type":"page","link":"https:\/\/kodyka.com\/de\/kontakt\/","title":{"rendered":"Kontakt"},"content":{"rendered":"<section  class='av_textblock_section av-k6vck8il-eb55e058b886f30de5b2bba4696f3658'  itemscope=\"itemscope\" itemtype=\"https:\/\/schema.org\/CreativeWork\" ><div class='avia_textblock'  itemprop=\"text\" ><h2 style=\"text-align: center;\">Kontakt<\/h2>\n<\/div><\/section>\n\n<style type=\"text\/css\" data-created_by=\"avia_inline_auto\" id=\"style-css-av-5l0z6-dbf20b50117115de951ce1a1dd2ff7c1\">\n.flex_column.av-5l0z6-dbf20b50117115de951ce1a1dd2ff7c1{\n-webkit-border-radius:0px 0px 0px 0px;\n-moz-border-radius:0px 0px 0px 0px;\nborder-radius:0px 0px 0px 0px;\npadding:0px 0px 0px 0px;\n}\n<\/style>\n<div class='flex_column av-5l0z6-dbf20b50117115de951ce1a1dd2ff7c1 av_one_third  avia-builder-el-1  el_after_av_textblock  el_before_av_one_third  first flex_column_div av-zero-column-padding column-top-margin'     ><section  class='av_textblock_section av-k9csqgor-80c97be0ceba696971e22986f5276335'  itemscope=\"itemscope\" itemtype=\"https:\/\/schema.org\/CreativeWork\" ><div class='avia_textblock'  itemprop=\"text\" ><h3>Spezialisiert auf die Herstellung und den Vertrieb von industriellen Kennzeichnungs- und Codierungsl\u00f6sungen f\u00fcr H\u00e4ndler und Endbenutzer<\/h3>\n<\/div><\/section><br \/>\n<section  class='av_textblock_section av-k9csxgul-e25546e0ffd281b971f8380fe105b8d2'  itemscope=\"itemscope\" itemtype=\"https:\/\/schema.org\/CreativeWork\" ><div class='avia_textblock'  itemprop=\"text\" ><p>Wir arbeiten st\u00e4ndig daran, Ihnen die besten L\u00f6sungen f\u00fcr die R\u00fcckverfolgbarkeit, Kennzeichnung und Codierung Ihrer Produkte, Beh\u00e4lter oder Verpackungen in der Produktions- oder Vertriebslinie anzubieten.<\/p>\n<p>Der Thermodrucker ist einfach zu bedienen, zu installieren und zu konfigurieren. Verschiedene Arten von Tinten und Farben, zur Anwendung auf por\u00f6sen, nicht-por\u00f6sen und halbpor\u00f6sen Materialien. \u00d6kologische und lebensmittelechte Druckfarben, UV, Polymer, Nano-Hybrid, pigmentierte&#8230;<\/p>\n<p>F\u00fcr weitere Informationen \u00fcber unsere Produkte, um eine Frage zu stellen oder Ihren lokalen Lieferanten zu kontaktieren, f\u00fcllen Sie bitte das Kontaktformular aus oder senden Sie eine E-Mail an info@kodyka.com.<\/p>\n<p>Wir werden so schnell wie m\u00f6glich auf Ihre E-Mail antworten oder Sie an einen Kodyka-Vertreter in Ihrer N\u00e4he weiterleiten, der Sie vor Ort unterst\u00fctzt.<\/p>\n<\/div><\/section><\/p><\/div>\n\n<style type=\"text\/css\" data-created_by=\"avia_inline_auto\" id=\"style-css-av-k8q4ttyr-251776831b9e267f43a8b6c9348fa4fe\">\n@-webkit-keyframes av_boxShadowEffect_av-k8q4ttyr-251776831b9e267f43a8b6c9348fa4fe-column {\n0%   { box-shadow:  0 0 0 0 ; opacity: 1; }\n100% { box-shadow:  0 0 10px 0 ; opacity: 1; }\n}\n@keyframes av_boxShadowEffect_av-k8q4ttyr-251776831b9e267f43a8b6c9348fa4fe-column {\n0%   { box-shadow:  0 0 0 0 ; opacity: 1; }\n100% { box-shadow:  0 0 10px 0 ; opacity: 1; }\n}\n.flex_column.av-k8q4ttyr-251776831b9e267f43a8b6c9348fa4fe{\n-webkit-border-radius:0px 0px 0px 0px;\n-moz-border-radius:0px 0px 0px 0px;\nborder-radius:0px 0px 0px 0px;\npadding:30px 30px 30px 30px;\nbackground-color:#d0d7dd;\n}\n<\/style>\n<div class='flex_column av-k8q4ttyr-251776831b9e267f43a8b6c9348fa4fe av_one_third  avia-builder-el-4  el_after_av_one_third  el_before_av_one_third  flex_column_div column-top-margin'     ><section  class='av_textblock_section av-m8niyuvo-1b57504c892430119b3c2808e398997b'  itemscope=\"itemscope\" itemtype=\"https:\/\/schema.org\/CreativeWork\" ><div class='avia_textblock'  itemprop=\"text\" ><div class=\"wpforms-container wpforms-container-full wpforms-render-modern\" id=\"wpforms-17648\"><form id=\"wpforms-form-17648\" class=\"wpforms-validate wpforms-form wpforms-ajax-form\" data-formid=\"17648\" method=\"post\" enctype=\"multipart\/form-data\" action=\"\/de\/wp-json\/wp\/v2\/pages\/6844\" data-token=\"daf47423c6b38931a16178f7acd72af4\" data-token-time=\"1777230144\"><noscript class=\"wpforms-error-noscript\">Please enable JavaScript in your browser to complete this form.<\/noscript><div class=\"wpforms-hidden\" id=\"wpforms-error-noscript\">Please enable JavaScript in your browser to complete this form.<\/div><div class=\"wpforms-field-container\"><div id=\"wpforms-17648-field_1-container\" class=\"wpforms-field wpforms-field-name\" data-field-id=\"1\"><fieldset><legend class=\"wpforms-field-label\">Vorname <span class=\"wpforms-required-label\" aria-hidden=\"true\">*<\/span><\/legend><div class=\"wpforms-field-row wpforms-field-medium\"><div class=\"wpforms-field-row-block wpforms-first wpforms-one-half\"><input type=\"text\" id=\"wpforms-17648-field_1\" class=\"wpforms-field-name-first wpforms-field-required\" name=\"wpforms[fields][1][first]\" aria-errormessage=\"wpforms-17648-field_1-error\" required><label for=\"wpforms-17648-field_1\" class=\"wpforms-field-sublabel after\">First<\/label><\/div><div class=\"wpforms-field-row-block wpforms-one-half\"><input type=\"text\" id=\"wpforms-17648-field_1-last\" class=\"wpforms-field-name-last wpforms-field-required\" name=\"wpforms[fields][1][last]\" aria-errormessage=\"wpforms-17648-field_1-last-error\" required><label for=\"wpforms-17648-field_1-last\" class=\"wpforms-field-sublabel after\">Last<\/label><\/div><\/div><\/fieldset><\/div><div id=\"wpforms-17648-field_2-container\" class=\"wpforms-field wpforms-field-email\" data-field-id=\"2\"><label class=\"wpforms-field-label\" for=\"wpforms-17648-field_2\">Email <span class=\"wpforms-required-label\" aria-hidden=\"true\">*<\/span><\/label><input type=\"email\" id=\"wpforms-17648-field_2\" class=\"wpforms-field-medium wpforms-field-required\" name=\"wpforms[fields][2]\" spellcheck=\"false\" aria-errormessage=\"wpforms-17648-field_2-error\" required><\/div><div id=\"wpforms-17648-field_4-container\" class=\"wpforms-field wpforms-field-email\" data-field-id=\"4\"><label class=\"wpforms-field-label\" for=\"wpforms-17648-field_4\">Email confirm <span class=\"wpforms-required-label\" aria-hidden=\"true\">*<\/span><\/label><input type=\"email\" id=\"wpforms-17648-field_4\" class=\"wpforms-field-medium wpforms-field-required\" name=\"wpforms[fields][4]\" spellcheck=\"false\" aria-errormessage=\"wpforms-17648-field_4-error\" required><\/div><div id=\"wpforms-17648-field_5-container\" class=\"wpforms-field wpforms-field-text\" data-field-id=\"5\"><label class=\"wpforms-field-label\" for=\"wpforms-17648-field_5\">Name des Unternehmens <span class=\"wpforms-required-label\" aria-hidden=\"true\">*<\/span><\/label><input type=\"text\" id=\"wpforms-17648-field_5\" class=\"wpforms-field-medium wpforms-field-required\" name=\"wpforms[fields][5]\" aria-errormessage=\"wpforms-17648-field_5-error\" required><\/div><div id=\"wpforms-17648-field_7-container\" class=\"wpforms-field wpforms-field-text\" data-field-id=\"7\"><label class=\"wpforms-field-label\" for=\"wpforms-17648-field_7\">Unternehmens-Website <span class=\"wpforms-required-label\" aria-hidden=\"true\">*<\/span><\/label><input type=\"text\" id=\"wpforms-17648-field_7\" class=\"wpforms-field-medium wpforms-field-required\" name=\"wpforms[fields][7]\" aria-errormessage=\"wpforms-17648-field_7-error\" required><\/div><div id=\"wpforms-17648-field_9-container\" class=\"wpforms-field wpforms-field-radio wpforms-list-2-columns\" data-field-id=\"9\"><fieldset><legend class=\"wpforms-field-label\">Sie erhalten ein Angebot \u00fcber diese Produkte:<\/legend><ul id=\"wpforms-17648-field_9\"><li class=\"choice-1 depth-1\"><input type=\"radio\" id=\"wpforms-17648-field_9_1\" name=\"wpforms[fields][9]\" value=\"TIJ\" aria-errormessage=\"wpforms-17648-field_9_1-error\"  ><label class=\"wpforms-field-label-inline\" for=\"wpforms-17648-field_9_1\">TIJ<\/label><\/li><li class=\"choice-2 depth-1 wpforms-selected\"><input type=\"radio\" id=\"wpforms-17648-field_9_2\" name=\"wpforms[fields][9]\" value=\"DOD\" aria-errormessage=\"wpforms-17648-field_9_2-error\"   checked='checked'><label class=\"wpforms-field-label-inline\" for=\"wpforms-17648-field_9_2\">DOD<\/label><\/li><li class=\"choice-3 depth-1\"><input type=\"radio\" id=\"wpforms-17648-field_9_3\" name=\"wpforms[fields][9]\" value=\"LASER\" aria-errormessage=\"wpforms-17648-field_9_3-error\"  ><label class=\"wpforms-field-label-inline\" for=\"wpforms-17648-field_9_3\">LASER<\/label><\/li><li class=\"choice-4 depth-1\"><input type=\"radio\" id=\"wpforms-17648-field_9_4\" name=\"wpforms[fields][9]\" value=\"TTO\" aria-errormessage=\"wpforms-17648-field_9_4-error\"  ><label class=\"wpforms-field-label-inline\" for=\"wpforms-17648-field_9_4\">TTO<\/label><\/li><li class=\"choice-5 depth-1\"><input type=\"radio\" id=\"wpforms-17648-field_9_5\" name=\"wpforms[fields][9]\" value=\"INK\" aria-errormessage=\"wpforms-17648-field_9_5-error\"  ><label class=\"wpforms-field-label-inline\" for=\"wpforms-17648-field_9_5\">INK<\/label><\/li><li class=\"choice-6 depth-1\"><input type=\"radio\" id=\"wpforms-17648-field_9_6\" name=\"wpforms[fields][9]\" value=\"ZUBEH\u00d6R\" aria-errormessage=\"wpforms-17648-field_9_6-error\"  ><label class=\"wpforms-field-label-inline\" for=\"wpforms-17648-field_9_6\">ZUBEH\u00d6R<\/label><\/li><li class=\"choice-7 depth-1\"><input type=\"radio\" id=\"wpforms-17648-field_9_7\" name=\"wpforms[fields][9]\" value=\"ERSATZTEILE\" aria-errormessage=\"wpforms-17648-field_9_7-error\"  ><label class=\"wpforms-field-label-inline\" for=\"wpforms-17648-field_9_7\">ERSATZTEILE<\/label><\/li><\/ul><\/fieldset><\/div><div id=\"wpforms-17648-field_3-container\" class=\"wpforms-field wpforms-field-textarea\" data-field-id=\"3\"><label class=\"wpforms-field-label\" for=\"wpforms-17648-field_3\">Kommentare<\/label><textarea id=\"wpforms-17648-field_3\" class=\"wpforms-field-medium\" name=\"wpforms[fields][3]\" aria-errormessage=\"wpforms-17648-field_3-error\" ><\/textarea><\/div><div id=\"wpforms-17648-field_10-container\" class=\"wpforms-field wpforms-field-payment-checkbox\" data-field-id=\"10\"><fieldset><legend class=\"wpforms-field-label\">Datenschutzrichtlinien  <span class=\"wpforms-required-label\" aria-hidden=\"true\">*<\/span><\/legend><ul id=\"wpforms-17648-field_10\" class=\"wpforms-field-required\"><li class=\"choice-1\"><input type=\"checkbox\" id=\"wpforms-17648-field_10_1\" class=\"wpforms-payment-price\" data-amount=\"0.00\" name=\"wpforms[fields][10][]\" value=\"1\" aria-errormessage=\"wpforms-17648-field_10_1-error\" aria-describedby=\"wpforms-17648-field_10-description\" required ><label class=\"wpforms-field-label-inline\" for=\"wpforms-17648-field_10_1\">Akzeptieren<\/label><\/li><\/ul><div id=\"wpforms-17648-field_10-description\" class=\"wpforms-field-description\"> <a href=\"\/politica-privacidad\/\" target=\"_blank\" rel=\"noopener\">Datenschutzrichtlinien <\/a><\/div><\/fieldset><\/div><\/div><!-- .wpforms-field-container --><div class=\"wpforms-submit-container\" ><input type=\"hidden\" name=\"wpforms[id]\" value=\"17648\"><input type=\"hidden\" name=\"page_title\" value=\"\"><input type=\"hidden\" name=\"page_url\" value=\"https:\/\/kodyka.com\/de\/wp-json\/wp\/v2\/pages\/6844\"><input type=\"hidden\" name=\"url_referer\" value=\"\"><button type=\"submit\" name=\"wpforms[submit]\" id=\"wpforms-submit-17648\" class=\"wpforms-submit\" data-alt-text=\"senden...\" data-submit-text=\"senden\" aria-live=\"assertive\" value=\"wpforms-submit\">senden<\/button><img decoding=\"async\" src=\"https:\/\/kodyka.com\/wp-content\/plugins\/wpforms-lite\/assets\/images\/submit-spin.svg\" class=\"wpforms-submit-spinner\" style=\"display: none;\" width=\"26\" height=\"26\" alt=\"loading-kodykar-tij-25-kontakt\"><\/div><\/form><\/div>  <!-- .wpforms-container -->\n<\/div><\/section><\/div>\n<style type=\"text\/css\" data-created_by=\"avia_inline_auto\" id=\"style-css-av-iqont-920d3cbbd6b5e33b82f621eec4c27557\">\n.flex_column.av-iqont-920d3cbbd6b5e33b82f621eec4c27557{\n-webkit-border-radius:0px 0px 0px 0px;\n-moz-border-radius:0px 0px 0px 0px;\nborder-radius:0px 0px 0px 0px;\npadding:0px 0px 0px 0px;\n}\n<\/style>\n<div class='flex_column av-iqont-920d3cbbd6b5e33b82f621eec4c27557 av_one_third  avia-builder-el-6  el_after_av_one_third  el_before_av_google_map  avia-builder-el-last  flex_column_div av-zero-column-padding column-top-margin'     ><section  class='av_textblock_section av-k9cofhn3-1ade80f775c9f7af189c42abc1c79c43'  itemscope=\"itemscope\" itemtype=\"https:\/\/schema.org\/CreativeWork\" ><div class='avia_textblock'  itemprop=\"text\" ><h3>Kodyka<strong>\u00ae<\/strong> Europa<\/h3>\n<p>Avenida de Mendavia 11, Pabell\u00f3n N\u00ba 16<\/p>\n<p>26009 Logro\u00f1o<\/p>\n<p>La Rioja, Spain<\/p>\n<p>Tlf:+34 682 26 74 33<\/p>\n<p>sales@kodyka.com<\/p>\n<p>tlf: +34 941743964<\/p>\n<p>info@kodyka.com<\/p>\n<\/div><\/section><br \/>\n\n<style type=\"text\/css\" data-created_by=\"avia_inline_auto\" id=\"style-css-av-k9ctcyvr-21de8c0fffff5fd197120c899aae53a8\">\n#top .hr.av-k9ctcyvr-21de8c0fffff5fd197120c899aae53a8{\nmargin-top:0px;\nmargin-bottom:5px;\n}\n.hr.av-k9ctcyvr-21de8c0fffff5fd197120c899aae53a8 .hr-inner{\nwidth:500px;\nborder-color:#d8d8d8;\n}\n<\/style>\n<div  class='hr av-k9ctcyvr-21de8c0fffff5fd197120c899aae53a8 hr-custom  avia-builder-el-8  el_after_av_textblock  el_before_av_textblock  hr-center hr-icon-no'><span class='hr-inner inner-border-av-border-thin'><span class=\"hr-inner-style\"><\/span><\/span><\/div><br \/>\n<section  class='av_textblock_section av-k9cofhn3-1ade80f775c9f7af189c42abc1c79c43'  itemscope=\"itemscope\" itemtype=\"https:\/\/schema.org\/CreativeWork\" ><div class='avia_textblock'  itemprop=\"text\" ><h3>Kodyka<strong>\u00ae<\/strong> Sudam\u00e9rica<\/h3>\n<p>sudamerica@kodyka.com<\/p>\n<\/div><\/section><br \/>\n\n<style type=\"text\/css\" data-created_by=\"avia_inline_auto\" id=\"style-css-av-k9ctcyvr-21de8c0fffff5fd197120c899aae53a8\">\n#top .hr.av-k9ctcyvr-21de8c0fffff5fd197120c899aae53a8{\nmargin-top:0px;\nmargin-bottom:5px;\n}\n.hr.av-k9ctcyvr-21de8c0fffff5fd197120c899aae53a8 .hr-inner{\nwidth:500px;\nborder-color:#d8d8d8;\n}\n<\/style>\n<div  class='hr av-k9ctcyvr-21de8c0fffff5fd197120c899aae53a8 hr-custom  avia-builder-el-10  el_after_av_textblock  el_before_av_textblock  hr-center hr-icon-no'><span class='hr-inner inner-border-av-border-thin'><span class=\"hr-inner-style\"><\/span><\/span><\/div><br \/>\n<section  class='av_textblock_section av-k9cofhn3-1ade80f775c9f7af189c42abc1c79c43'  itemscope=\"itemscope\" itemtype=\"https:\/\/schema.org\/CreativeWork\" ><div class='avia_textblock'  itemprop=\"text\" ><h3>Kodyka<strong>\u00ae<\/strong> Fabrik<\/h3>\n<p>China.<\/p>\n<p>factory@kodyka.com<\/p>\n<\/div><\/section><\/p><\/div><\/p>\n<div  class='av_gmaps_sc_main_wrap av_gmaps_main_wrap '><div id='av_gmap_0' class='avia-google-map-container avia-google-map-sc av_gmaps_show_unconditionally av-no-fallback-img ' data-mapid='av_gmap_0'  style='height: 700px;'><a class=\"av_gmaps_browser_disabled av_text_confirm_link av_text_confirm_link_visible\" href=\"https:\/\/www.google.com\/maps\/search\/?api=1&#038;query=Avenida%20de%20Mendavia%2011,%20Pabell\u00f3n%20N\u00ba%2016%2026009%20Logro\u00f1o%20La%20Rioja%20Espa\u00f1a\" target=\"_blank\" rel=\"noopener\">Aufgrund deiner Datenschutz-Einstellungen k\u00f6nnen wir Ihnen die Karte nicht anzeigen. Klicken Sie hier, um die Karte in einem neuen Fenster zu \u00f6ffnen.<\/a><\/div><\/div>\n\n<style type=\"text\/css\" data-created_by=\"avia_inline_auto\" id=\"style-css-av-k9m0uwe1-b91b0332ac9dacc1ccefc2c569e9bdb0\">\n.avia-section.av-k9m0uwe1-b91b0332ac9dacc1ccefc2c569e9bdb0{\nbackground-color:#ffffff;\nbackground-image:url(https:\/\/kodyka.com\/wp-content\/uploads\/2020\/05\/fondo-transparente.png);\nbackground-repeat:no-repeat;\nbackground-position:50% 50%;\nbackground-attachment:fixed;\n}\n.avia-section.av-k9m0uwe1-b91b0332ac9dacc1ccefc2c569e9bdb0 .av-section-color-overlay{\nopacity:0.3;\nbackground-color:#ffffff;\nbackground-image:url(https:\/\/kodyka.com\/wp-content\/themes\/enfold\/images\/background-images\/dots-mini-light.png);\nbackground-repeat:repeat;\n}\n<\/style>\n<div id='av_section_1'  class='avia-section av-k9m0uwe1-b91b0332ac9dacc1ccefc2c569e9bdb0 header_color avia-section-large avia-no-border-styling  avia-builder-el-13  el_after_av_google_map  avia-builder-el-last  avia-full-contain avia-bg-style-fixed av-section-color-overlay-active container_wrap sidebar_right'  data-section-bg-repeat='contain'><div class=\"av-section-color-overlay-wrap\"><div class=\"av-section-color-overlay\"><\/div><div class='container av-section-cont-open' ><div class='template-page content  av-content-small alpha units'><div class='post-entry post-entry-type-page post-entry-6844'><div class='entry-content-wrapper clearfix'>\n\n<style type=\"text\/css\" data-created_by=\"avia_inline_auto\" id=\"style-css-av-dgrgx-63fe850890a534b15a0f25bee48aa257\">\n.flex_column.av-dgrgx-63fe850890a534b15a0f25bee48aa257{\n-webkit-border-radius:0px 0px 0px 0px;\n-moz-border-radius:0px 0px 0px 0px;\nborder-radius:0px 0px 0px 0px;\npadding:0px 0px 0px 0px;\n}\n<\/style>\n<div class='flex_column av-dgrgx-63fe850890a534b15a0f25bee48aa257 av_three_fifth  avia-builder-el-14  el_before_av_two_fifth  avia-builder-el-first  first flex_column_div av-zero-column-padding '     ><section  class='av_textblock_section av-k8q75lqy-2d594092edb151768a484e373f76cd81'  itemscope=\"itemscope\" itemtype=\"https:\/\/schema.org\/CreativeWork\" ><div class='avia_textblock'  itemprop=\"text\" ><h3>Vorteile der Zusammenarbeit mit KODYKA<\/h3>\n<p>Viele namhafte Industriezweige verlassen sich seit Jahren auf unsere Produkte aufgrund ihrer Vorteile<\/p>\n<ul>\n<li>Wirtschaftliche Preise ohne Einbu\u00dfen bei der Qualit\u00e4t der Rohstoffe, der<\/li>\n<li>Produktentwicklung und der Leistung.<\/li>\n<li>Verf\u00fcgbarkeit 48 Stunden f\u00fcr das gesamte Standardsortiment an Druckern und Tinten.<\/li>\n<li>Transport und Logistik weltweit nach Kundenbed\u00fcrfnissen.<\/li>\n<li>24 Monate Garantie auf Drucker.<\/li>\n<li>Technische Beratung.<\/li>\n<li>Kundendienst.<\/li>\n<li>Zufriedenheit garantiert.<\/li>\n<li>Nano-Hybrid- und Polymer-Tinten nicht gef\u00e4hrlich f\u00fcr den Land-, See- und Lufttransport.<\/li>\n<li>Bessere Haltbarkeit der Tinte als andere Hersteller<\/li>\n<\/ul>\n<\/div><\/section><\/div>\n<style type=\"text\/css\" data-created_by=\"avia_inline_auto\" id=\"style-css-av-dgrgx-03b28e8a9e3ea5fa4787fa3c9baf3111\">\n.flex_column.av-dgrgx-03b28e8a9e3ea5fa4787fa3c9baf3111{\n-webkit-border-radius:0px 0px 0px 0px;\n-moz-border-radius:0px 0px 0px 0px;\nborder-radius:0px 0px 0px 0px;\npadding:0px 0px 0px 0px;\n}\n<\/style>\n<div class='flex_column av-dgrgx-03b28e8a9e3ea5fa4787fa3c9baf3111 av_two_fifth  avia-builder-el-16  el_after_av_three_fifth  avia-builder-el-last  flex_column_div av-zero-column-padding '     ><style type=\"text\/css\" data-created_by=\"avia_inline_auto\" id=\"style-css-av-kehg0m32-688b51cd456784e56a9d46ed212349af\">\n.avia-image-container.av-kehg0m32-688b51cd456784e56a9d46ed212349af img.avia_image{\nbox-shadow:none;\n}\n.avia-image-container.av-kehg0m32-688b51cd456784e56a9d46ed212349af .av-image-caption-overlay-center{\ncolor:#ffffff;\n}\n<\/style>\n<div  class='avia-image-container av-kehg0m32-688b51cd456784e56a9d46ed212349af av-styling- avia-align-center  avia-builder-el-17  avia-builder-el-no-sibling '   itemprop=\"image\" itemscope=\"itemscope\" itemtype=\"https:\/\/schema.org\/ImageObject\" ><div class=\"avia-image-container-inner\"><div class=\"avia-image-overlay-wrap\"><img alt=\"kodykar-tij-25-kontakt\" fetchpriority=\"high\" fetchpriority=\"high\" decoding=\"async\" class='wp-image-10219 avia-img-lazy-loading-not-10219 avia_image ' src=\"https:\/\/kodyka.com\/wp-content\/uploads\/2020\/08\/printers-kodyka-marking-and-coding-tij-inkjet-1.png\" alt='Printers, cartridges, conveyor belts and accessories for industrial marking and coding' title='printers kodyka marking and coding tij inkjet'  height=\"800\" width=\"800\"  itemprop=\"thumbnailUrl\" srcset=\"https:\/\/kodyka.com\/wp-content\/uploads\/2020\/08\/printers-kodyka-marking-and-coding-tij-inkjet-1.png 800w, https:\/\/kodyka.com\/wp-content\/uploads\/2020\/08\/printers-kodyka-marking-and-coding-tij-inkjet-1-300x300.png 300w, https:\/\/kodyka.com\/wp-content\/uploads\/2020\/08\/printers-kodyka-marking-and-coding-tij-inkjet-1-80x80.png 80w, https:\/\/kodyka.com\/wp-content\/uploads\/2020\/08\/printers-kodyka-marking-and-coding-tij-inkjet-1-768x768.png 768w, https:\/\/kodyka.com\/wp-content\/uploads\/2020\/08\/printers-kodyka-marking-and-coding-tij-inkjet-1-36x36.png 36w, https:\/\/kodyka.com\/wp-content\/uploads\/2020\/08\/printers-kodyka-marking-and-coding-tij-inkjet-1-180x180.png 180w, https:\/\/kodyka.com\/wp-content\/uploads\/2020\/08\/printers-kodyka-marking-and-coding-tij-inkjet-1-705x705.png 705w\" sizes=\"(max-width: 800px) 100vw, 800px\" \/><\/div><\/div><\/div><\/div>\n<\/div><\/div><\/div><!-- close content main div --><\/div><\/div><\/div><div id='after_section_1'  class='main_color av_default_container_wrap container_wrap sidebar_right'  ><div class='container av-section-cont-open' ><div class='template-page content  av-content-small alpha units'><div class='post-entry post-entry-type-page post-entry-6844'><div class='entry-content-wrapper clearfix'>\n","protected":false},"excerpt":{"rendered":"","protected":false},"author":1,"featured_media":10219,"parent":0,"menu_order":0,"comment_status":"closed","ping_status":"closed","template":"","meta":{"footnotes":""},"class_list":["post-6844","page","type-page","status-publish","has-post-thumbnail","hentry"],"_links":{"self":[{"href":"https:\/\/kodyka.com\/de\/wp-json\/wp\/v2\/pages\/6844","targetHints":{"allow":["GET"]}}],"collection":[{"href":"https:\/\/kodyka.com\/de\/wp-json\/wp\/v2\/pages"}],"about":[{"href":"https:\/\/kodyka.com\/de\/wp-json\/wp\/v2\/types\/page"}],"author":[{"embeddable":true,"href":"https:\/\/kodyka.com\/de\/wp-json\/wp\/v2\/users\/1"}],"replies":[{"embeddable":true,"href":"https:\/\/kodyka.com\/de\/wp-json\/wp\/v2\/comments?post=6844"}],"version-history":[{"count":19,"href":"https:\/\/kodyka.com\/de\/wp-json\/wp\/v2\/pages\/6844\/revisions"}],"predecessor-version":[{"id":17652,"href":"https:\/\/kodyka.com\/de\/wp-json\/wp\/v2\/pages\/6844\/revisions\/17652"}],"wp:featuredmedia":[{"embeddable":true,"href":"https:\/\/kodyka.com\/de\/wp-json\/wp\/v2\/media\/10219"}],"wp:attachment":[{"href":"https:\/\/kodyka.com\/de\/wp-json\/wp\/v2\/media?parent=6844"}],"curies":[{"name":"wp","href":"https:\/\/api.w.org\/{rel}","templated":true}]}}