{"id":6850,"date":"2020-03-31T10:14:11","date_gmt":"2020-03-31T10:14:11","guid":{"rendered":"https:\/\/kodyka.com\/industries\/"},"modified":"2020-09-10T15:05:40","modified_gmt":"2020-09-10T15:05:40","slug":"industrien","status":"publish","type":"page","link":"https:\/\/kodyka.com\/de\/industrien\/","title":{"rendered":"Industrien"},"content":{"rendered":"\n<style type=\"text\/css\" data-created_by=\"avia_inline_auto\" id=\"style-css-av-ghbn9-d608210a3681d77cb3f0bb70eb9435dd\">\n.flex_column.av-ghbn9-d608210a3681d77cb3f0bb70eb9435dd{\n-webkit-border-radius:0px 0px 0px 0px;\n-moz-border-radius:0px 0px 0px 0px;\nborder-radius:0px 0px 0px 0px;\npadding:0px 0px 0px 0px;\n}\n<\/style>\n<div class='flex_column av-ghbn9-d608210a3681d77cb3f0bb70eb9435dd av_one_full  avia-builder-el-0  el_before_av_submenu  avia-builder-el-no-sibling  first flex_column_div av-zero-column-padding '     ><section  class='av_textblock_section av-k9tw5dff-626608f7f74fd89346c4b8011c4315b8'  itemscope=\"itemscope\" itemtype=\"https:\/\/schema.org\/CreativeWork\" ><div class='avia_textblock'  itemprop=\"text\" ><h2 style=\"text-align: center;\">INDUSTRIEN<\/h2>\n<\/div><\/section><\/div><\/div><\/div><\/div><!-- close content main div --><\/div><\/div><div id='sub_menu1'  class='av-submenu-container av-kdzvwk7w-8d3b37fc1505238081d69e3ceed0cfaf header_color av-switch-480  avia-builder-el-2  el_after_av_one_full  el_before_av_section  submenu-not-first container_wrap sidebar_right' style='z-index:301' ><div class='container av-menu-mobile-active av-submenu-pos-center'><a href=\"#\" class=\"mobile_menu_toggle\" aria-hidden='true' data-av_icon='\ue8a5' data-av_iconfont='entypo-fontello'><span class=\"av-current-placeholder\">Men\u00fc<\/span><\/a><ul id=\"menu-industrias_de\" class=\"av-subnav-menu\"><li role=\"menuitem\" id=\"menu-item-9705\" class=\"menu-item menu-item-type-post_type menu-item-object-page menu-item-top-level menu-item-top-level-1\"><a href=\"https:\/\/kodyka.com\/de\/industrien\/markenschutz-uv-code\/\" itemprop=\"url\" tabindex=\"0\"><span class=\"avia-bullet\"><\/span><span class=\"avia-menu-text\"><img alt=\"kodykar-tij-25-industrien\" loading=\"lazy\" decoding=\"async\" class=\"alignnone size-full wp-image-3637 aligncenter\" src=\"https:\/\/de.kodyka.com\/wp-content\/uploads\/2020\/05\/traceability-1.jpg\" alt=\"\" width=\"63\" height=\"63\" srcset=\"https:\/\/kodyka.com\/wp-content\/uploads\/2020\/05\/traceability-1.jpg 63w, https:\/\/kodyka.com\/wp-content\/uploads\/2020\/05\/traceability-1-36x36.jpg 36w\" sizes=\"(max-width: 63px) 100vw, 63px\" \/>Markenschutz<\/span><span class=\"avia-menu-fx\"><span class=\"avia-arrow-wrap\"><span class=\"avia-arrow\"><\/span><\/span><\/span><\/a><\/li>\n<li role=\"menuitem\" id=\"menu-item-9704\" class=\"menu-item menu-item-type-post_type menu-item-object-page menu-item-top-level menu-item-top-level-2\"><a href=\"https:\/\/kodyka.com\/de\/industrien\/kabel-rohrextrusion-und-profile-industrielle-kennzeichnung-und-codierung\/\" itemprop=\"url\" tabindex=\"0\"><span class=\"avia-bullet\"><\/span><span class=\"avia-menu-text\"><img alt=\"kodykar-tij-25-industrien\" loading=\"lazy\" decoding=\"async\" class=\"alignnone size-full wp-image-3593 aligncenter\" src=\"https:\/\/de.kodyka.com\/wp-content\/uploads\/2020\/05\/tubes.jpg\" alt=\"\" width=\"63\" height=\"63\" srcset=\"https:\/\/kodyka.com\/wp-content\/uploads\/2020\/05\/tubes.jpg 63w, https:\/\/kodyka.com\/wp-content\/uploads\/2020\/05\/tubes-36x36.jpg 36w\" sizes=\"(max-width: 63px) 100vw, 63px\" \/>Kabel, Rohrextrusion und Profile<\/span><span class=\"avia-menu-fx\"><span class=\"avia-arrow-wrap\"><span class=\"avia-arrow\"><\/span><\/span><\/span><\/a><\/li>\n<li role=\"menuitem\" id=\"menu-item-9703\" class=\"menu-item menu-item-type-post_type menu-item-object-page menu-item-top-level menu-item-top-level-3\"><a href=\"https:\/\/kodyka.com\/de\/industrien\/getranke-und-milchprodukte-industrielle-kennzeichnung-und-codierung\/\" itemprop=\"url\" tabindex=\"0\"><span class=\"avia-bullet\"><\/span><span class=\"avia-menu-text\"><img loading=\"lazy\" decoding=\"async\" class=\"size-full wp-image-3473 aligncenter\" src=\"https:\/\/de.kodyka.com\/wp-content\/uploads\/2020\/05\/drinks.jpg\" alt=\"drinks-kodykar-tij-25-industrien\" width=\"63\" height=\"63\" srcset=\"https:\/\/kodyka.com\/wp-content\/uploads\/2020\/05\/drinks.jpg 63w, https:\/\/kodyka.com\/wp-content\/uploads\/2020\/05\/drinks-36x36.jpg 36w\" sizes=\"(max-width: 63px) 100vw, 63px\" \/>Getr\u00e4nke und Milchprodukte<\/span><span class=\"avia-menu-fx\"><span class=\"avia-arrow-wrap\"><span class=\"avia-arrow\"><\/span><\/span><\/span><\/a><\/li>\n<li role=\"menuitem\" id=\"menu-item-9702\" class=\"menu-item menu-item-type-post_type menu-item-object-page menu-item-top-level menu-item-top-level-4\"><a href=\"https:\/\/kodyka.com\/de\/industrien\/elektronisches-und-elektrisches-material-druckcode\/\" itemprop=\"url\" tabindex=\"0\"><span class=\"avia-bullet\"><\/span><span class=\"avia-menu-text\"><img alt=\"kodykar-tij-25-industrien\" loading=\"lazy\" decoding=\"async\" class=\"alignnone size-full wp-image-3493 aligncenter\" src=\"https:\/\/de.kodyka.com\/wp-content\/uploads\/2020\/05\/electronic.jpg\" alt=\"\" width=\"63\" height=\"63\" srcset=\"https:\/\/kodyka.com\/wp-content\/uploads\/2020\/05\/electronic.jpg 63w, https:\/\/kodyka.com\/wp-content\/uploads\/2020\/05\/electronic-36x36.jpg 36w\" sizes=\"(max-width: 63px) 100vw, 63px\" \/>Elektronisches und elektrisches Material<\/span><span class=\"avia-menu-fx\"><span class=\"avia-arrow-wrap\"><span class=\"avia-arrow\"><\/span><\/span><\/span><\/a><\/li>\n<li role=\"menuitem\" id=\"menu-item-9700\" class=\"menu-item menu-item-type-post_type menu-item-object-page menu-item-top-level menu-item-top-level-5\"><a href=\"https:\/\/kodyka.com\/de\/industrien\/agrar-lebensmittelprodukte-kennzeichnung-und-codierung-in-der-lebensmittelindustrie\/\" itemprop=\"url\" tabindex=\"0\"><span class=\"avia-bullet\"><\/span><span class=\"avia-menu-text\"><img alt=\"kodykar-tij-25-industrien\" loading=\"lazy\" decoding=\"async\" class=\"alignnone size-full wp-image-3513 aligncenter\" src=\"https:\/\/de.kodyka.com\/wp-content\/uploads\/2020\/05\/foods.jpg\" alt=\"\" width=\"63\" height=\"63\" srcset=\"https:\/\/kodyka.com\/wp-content\/uploads\/2020\/05\/foods.jpg 63w, https:\/\/kodyka.com\/wp-content\/uploads\/2020\/05\/foods-36x36.jpg 36w\" sizes=\"(max-width: 63px) 100vw, 63px\" \/>Agrar-Lebensmittelprodukte<\/span><span class=\"avia-menu-fx\"><span class=\"avia-arrow-wrap\"><span class=\"avia-arrow\"><\/span><\/span><\/span><\/a><\/li>\n<li role=\"menuitem\" id=\"menu-item-9701\" class=\"menu-item menu-item-type-post_type menu-item-object-page menu-item-top-level menu-item-top-level-6\"><a href=\"https:\/\/kodyka.com\/de\/industrien\/eingefroren-strichcode-markierung\/\" itemprop=\"url\" tabindex=\"0\"><span class=\"avia-bullet\"><\/span><span class=\"avia-menu-text\"><img alt=\"kodykar-tij-25-industrien\" loading=\"lazy\" decoding=\"async\" class=\"alignnone size-full wp-image-3533 aligncenter\" src=\"https:\/\/de.kodyka.com\/wp-content\/uploads\/2020\/05\/freezer.jpg\" alt=\"\" width=\"63\" height=\"63\" srcset=\"https:\/\/kodyka.com\/wp-content\/uploads\/2020\/05\/freezer.jpg 63w, https:\/\/kodyka.com\/wp-content\/uploads\/2020\/05\/freezer-36x36.jpg 36w\" sizes=\"(max-width: 63px) 100vw, 63px\" \/>Eingefroren<\/span><span class=\"avia-menu-fx\"><span class=\"avia-arrow-wrap\"><span class=\"avia-arrow\"><\/span><\/span><\/span><\/a><\/li>\n<li role=\"menuitem\" id=\"menu-item-9709\" class=\"menu-item menu-item-type-post_type menu-item-object-page menu-item-top-level menu-item-top-level-7\"><a href=\"https:\/\/kodyka.com\/de\/industrien\/susswaren-kuchen-und-bonbons-industrielle-kennzeichnung-und-codierung\/\" itemprop=\"url\" tabindex=\"0\"><span class=\"avia-bullet\"><\/span><span class=\"avia-menu-text\"><img alt=\"kodykar-tij-25-industrien\" loading=\"lazy\" decoding=\"async\" class=\"alignnone size-full wp-image-3453 aligncenter\" src=\"https:\/\/de.kodyka.com\/wp-content\/uploads\/2020\/05\/cake-shop.jpg\" alt=\"\" width=\"63\" height=\"63\" srcset=\"https:\/\/kodyka.com\/wp-content\/uploads\/2020\/05\/cake-shop.jpg 63w, https:\/\/kodyka.com\/wp-content\/uploads\/2020\/05\/cake-shop-36x36.jpg 36w\" sizes=\"(max-width: 63px) 100vw, 63px\" \/>S\u00fc\u00dfwaren, Kuchen und Bonbons<\/span><span class=\"avia-menu-fx\"><span class=\"avia-arrow-wrap\"><span class=\"avia-arrow\"><\/span><\/span><\/span><\/a><\/li>\n<li role=\"menuitem\" id=\"menu-item-9706\" class=\"menu-item menu-item-type-post_type menu-item-object-page menu-item-top-level menu-item-top-level-8\"><a href=\"https:\/\/kodyka.com\/de\/industrien\/pharmazie-kosmetik-und-hygiene-ruckverfolgbarkeits-code\/\" itemprop=\"url\" tabindex=\"0\"><span class=\"avia-bullet\"><\/span><span class=\"avia-menu-text\"><img alt=\"kodykar-tij-25-industrien\" loading=\"lazy\" decoding=\"async\" class=\"alignnone size-full wp-image-3573 aligncenter\" src=\"https:\/\/de.kodyka.com\/wp-content\/uploads\/2020\/05\/pharmacy.jpg\" alt=\"\" width=\"63\" height=\"63\" srcset=\"https:\/\/kodyka.com\/wp-content\/uploads\/2020\/05\/pharmacy.jpg 63w, https:\/\/kodyka.com\/wp-content\/uploads\/2020\/05\/pharmacy-36x36.jpg 36w\" sizes=\"(max-width: 63px) 100vw, 63px\" \/>Pharmazie, Kosmetik und Hygiene<\/span><span class=\"avia-menu-fx\"><span class=\"avia-arrow-wrap\"><span class=\"avia-arrow\"><\/span><\/span><\/span><\/a><\/li>\n<li role=\"menuitem\" id=\"menu-item-9707\" class=\"menu-item menu-item-type-post_type menu-item-object-page menu-item-top-level menu-item-top-level-9\"><a href=\"https:\/\/kodyka.com\/de\/industrien\/postkarten-und-mailings-kartenmarkierung-und-kodierung\/\" itemprop=\"url\" tabindex=\"0\"><span class=\"avia-bullet\"><\/span><span class=\"avia-menu-text\"><img alt=\"kodykar-tij-25-industrien\" loading=\"lazy\" decoding=\"async\" class=\"alignnone size-full wp-image-3553 aligncenter\" src=\"https:\/\/de.kodyka.com\/wp-content\/uploads\/2020\/05\/mail.jpg\" alt=\"\" width=\"63\" height=\"63\" srcset=\"https:\/\/kodyka.com\/wp-content\/uploads\/2020\/05\/mail.jpg 63w, https:\/\/kodyka.com\/wp-content\/uploads\/2020\/05\/mail-36x36.jpg 36w\" sizes=\"(max-width: 63px) 100vw, 63px\" \/>Postkarten und Mailings<\/span><span class=\"avia-menu-fx\"><span class=\"avia-arrow-wrap\"><span class=\"avia-arrow\"><\/span><\/span><\/span><\/a><\/li>\n<li role=\"menuitem\" id=\"menu-item-9708\" class=\"menu-item menu-item-type-post_type menu-item-object-page menu-item-top-level menu-item-top-level-10\"><a href=\"https:\/\/kodyka.com\/de\/industrien\/ruckverfolgbarkeit-von-produkten\/\" itemprop=\"url\" tabindex=\"0\"><span class=\"avia-bullet\"><\/span><span class=\"avia-menu-text\"><img alt=\"kodykar-tij-25-industrien\" loading=\"lazy\" decoding=\"async\" class=\"alignnone size-full wp-image-3627 aligncenter\" src=\"https:\/\/de.kodyka.com\/wp-content\/uploads\/2020\/05\/brand-1.jpg\" alt=\"\" width=\"63\" height=\"63\" srcset=\"https:\/\/kodyka.com\/wp-content\/uploads\/2020\/05\/brand-1.jpg 63w, https:\/\/kodyka.com\/wp-content\/uploads\/2020\/05\/brand-1-36x36.jpg 36w\" sizes=\"(max-width: 63px) 100vw, 63px\" \/>R\u00fcckverfolgbarkeit von Produkten<\/span><span class=\"avia-menu-fx\"><span class=\"avia-arrow-wrap\"><span class=\"avia-arrow\"><\/span><\/span><\/span><\/a><\/li>\n<\/ul><\/div><\/div><\/p>\n<div id='av_section_1'  class='avia-section av-ke02fm6z-12fee57279c9c7dbacc5ef034cae4a1b header_color avia-section-default avia-no-border-styling  avia-builder-el-3  el_after_av_submenu  el_before_av_section  avia-bg-style-scroll container_wrap sidebar_right'  ><div class='container av-section-cont-open' ><div class='template-page content  av-content-small alpha units'><div class='post-entry post-entry-type-page post-entry-6850'><div class='entry-content-wrapper clearfix'>\n<\/div><\/div><\/div><!-- close content main div --><\/div><\/div>\n<style type=\"text\/css\" data-created_by=\"avia_inline_auto\" id=\"style-css-av-k9m0uwe1-3786915b6b3a8f05a567cbfe5e9c32d0\">\n.avia-section.av-k9m0uwe1-3786915b6b3a8f05a567cbfe5e9c32d0{\nbackground-color:#f7f7f7;\nbackground-image:url(https:\/\/kodyka.com\/wp-content\/uploads\/2020\/05\/fondo2.png);\nbackground-repeat:no-repeat;\nbackground-position:50% 100%;\nbackground-attachment:fixed;\n}\n.avia-section.av-k9m0uwe1-3786915b6b3a8f05a567cbfe5e9c32d0 .av-section-color-overlay{\nopacity:0.3;\nbackground-color:#f7f7f7;\nbackground-image:url(https:\/\/kodyka.com\/wp-content\/themes\/enfold\/images\/background-images\/dots-mini-light.png);\nbackground-repeat:repeat;\n}\n<\/style>\n<div id='av_section_2'  class='avia-section av-k9m0uwe1-3786915b6b3a8f05a567cbfe5e9c32d0 header_color avia-section-large avia-no-border-styling  avia-builder-el-4  el_after_av_section  avia-builder-el-last  avia-full-contain avia-bg-style-fixed av-section-color-overlay-active container_wrap sidebar_right'  data-section-bg-repeat='contain'><div class=\"av-section-color-overlay-wrap\"><div class=\"av-section-color-overlay\"><\/div><div class='container av-section-cont-open' ><div class='template-page content  av-content-small alpha units'><div class='post-entry post-entry-type-page post-entry-6850'><div class='entry-content-wrapper clearfix'>\n\n<style type=\"text\/css\" data-created_by=\"avia_inline_auto\" id=\"style-css-av-djz7h-b77463e554d5d8ed44e14c78a844c543\">\n.flex_column.av-djz7h-b77463e554d5d8ed44e14c78a844c543{\n-webkit-border-radius:0px 0px 0px 0px;\n-moz-border-radius:0px 0px 0px 0px;\nborder-radius:0px 0px 0px 0px;\npadding:0px 0px 0px 0px;\n}\n<\/style>\n<div class='flex_column av-djz7h-b77463e554d5d8ed44e14c78a844c543 av_one_half  avia-builder-el-5  el_before_av_one_half  avia-builder-el-first  first flex_column_div av-zero-column-padding '     ><style type=\"text\/css\" data-created_by=\"avia_inline_auto\" id=\"style-css-av-k9v92m66-7ed793c34aeb07114a1aadc6dd5a8df5\">\n.avia-image-container.av-k9v92m66-7ed793c34aeb07114a1aadc6dd5a8df5 img.avia_image{\nbox-shadow:none;\n}\n.avia-image-container.av-k9v92m66-7ed793c34aeb07114a1aadc6dd5a8df5 .av-image-caption-overlay-center{\ncolor:#ffffff;\n}\n<\/style>\n<div  class='avia-image-container av-k9v92m66-7ed793c34aeb07114a1aadc6dd5a8df5 av-styling- avia-align-center  avia-builder-el-6  avia-builder-el-no-sibling '   itemprop=\"image\" itemscope=\"itemscope\" itemtype=\"https:\/\/schema.org\/ImageObject\" ><div class=\"avia-image-container-inner\"><div class=\"avia-image-overlay-wrap\"><img alt=\"kodykar-tij-25-industrien\" fetchpriority=\"high\" fetchpriority=\"high\" decoding=\"async\" class='wp-image-1894 avia-img-lazy-loading-not-1894 avia_image ' src=\"https:\/\/kodyka.com\/wp-content\/uploads\/2020\/04\/marking-and-coding.jpg\" alt='Markierungs- und Kodiermaterialien tij' title='Markierungs- und Kodiermaterialien tij'  height=\"344\" width=\"610\"  itemprop=\"thumbnailUrl\" srcset=\"https:\/\/kodyka.com\/wp-content\/uploads\/2020\/04\/marking-and-coding.jpg 610w, https:\/\/kodyka.com\/wp-content\/uploads\/2020\/04\/marking-and-coding-300x169.jpg 300w\" sizes=\"(max-width: 610px) 100vw, 610px\" \/><\/div><\/div><\/div><\/div>\n<style type=\"text\/css\" data-created_by=\"avia_inline_auto\" id=\"style-css-av-bp0pp-5f42b9de89cf739ab041c6e44707c3e3\">\n.flex_column.av-bp0pp-5f42b9de89cf739ab041c6e44707c3e3{\n-webkit-border-radius:0px 0px 0px 0px;\n-moz-border-radius:0px 0px 0px 0px;\nborder-radius:0px 0px 0px 0px;\npadding:0px 0px 0px 0px;\n}\n<\/style>\n<div class='flex_column av-bp0pp-5f42b9de89cf739ab041c6e44707c3e3 av_one_half  avia-builder-el-7  el_after_av_one_half  avia-builder-el-last  flex_column_div av-zero-column-padding '     ><div  class='avia-slideshow av-kdyfm0q2-623b4a6265f2d0a818d1cc2ea7c38331 avia-slideshow-featured av_slideshow avia-slide-slider  avia-builder-el-8  avia-builder-el-no-sibling  av-slideshow-ui av-control-default av-slideshow-manual av-loop-once av-loop-manual-endless av-default-height-applied avia-slideshow-1' data-slideshow-options=\"{&quot;animation&quot;:&quot;slide&quot;,&quot;autoplay&quot;:false,&quot;loop_autoplay&quot;:&quot;once&quot;,&quot;interval&quot;:5,&quot;loop_manual&quot;:&quot;manual-endless&quot;,&quot;autoplay_stopper&quot;:false,&quot;noNavigation&quot;:false,&quot;bg_slider&quot;:false,&quot;keep_padding&quot;:false,&quot;hoverpause&quot;:false,&quot;show_slide_delay&quot;:0}\"  itemprop=\"image\" itemscope=\"itemscope\" itemtype=\"https:\/\/schema.org\/ImageObject\" ><ul class='avia-slideshow-inner ' style='padding-bottom: 47.777777777778%;'><li  class='avia-slideshow-slide av-kdyfm0q2-623b4a6265f2d0a818d1cc2ea7c38331__1  slide-1 slide-odd'><div data-rel='slideshow-1' class='avia-slide-wrap '   ><img alt=\"kodykar-tij-25-industrien\" decoding=\"async\" class=\"wp-image-8814 avia-img-lazy-loading-not-8814\"  src=\"https:\/\/kodyka.com\/wp-content\/uploads\/2020\/08\/marked-and-coding-pills-900x430.jpg\" width=\"900\" height=\"430\" title='Drucken und Markieren von Tabletten mit FDA-Tinten' alt='Direkte Kennzeichnung auf Lebensmitteln mit zugelassenen Tinten.'  itemprop=\"thumbnailUrl\"   \/><\/div><\/li><li  class='avia-slideshow-slide av-kdyfm0q2-623b4a6265f2d0a818d1cc2ea7c38331__2  slide-2 slide-even'><div data-rel='slideshow-1' class='avia-slide-wrap '   ><img alt=\"kodykar-tij-25-industrien\" decoding=\"async\" class=\"wp-image-8791 avia-img-lazy-loading-not-8791\"  src=\"https:\/\/kodyka.com\/wp-content\/uploads\/2020\/08\/CANDY-MAKING-AND-CODING-900x430.jpg\" width=\"900\" height=\"430\" title='S\u00dc\u00dfWARENGESCH\u00c4FT, B\u00c4CKEREI UND S\u00dc\u00dfIGKEITEN.' alt='Verfallsdaten, Chargennummern. QR . Produktionsliniendruck'  itemprop=\"thumbnailUrl\"   \/><\/div><\/li><li  class='avia-slideshow-slide av-kdyfm0q2-623b4a6265f2d0a818d1cc2ea7c38331__3  slide-3 slide-odd'><div data-rel='slideshow-1' class='avia-slide-wrap '   ><img alt=\"kodykar-tij-25-industrien\" loading=\"lazy\" loading=\"lazy\" decoding=\"async\" class=\"wp-image-9113 avia-img-lazy-loading-not-9113\"  src=\"https:\/\/kodyka.com\/wp-content\/uploads\/2020\/08\/coding-date-tube-900x430.jpg\" width=\"900\" height=\"430\" title='Kodierung des R\u00f6hrchens mit Datum. TIJ2.5 Thermo-Tintenstrahl-Technologie' alt='R\u00f6hrchen-Kodierung. TIJ2.5 Thermo-Tintenstrahl-Technologie'  itemprop=\"thumbnailUrl\"   \/><\/div><\/li><li  class='avia-slideshow-slide av-kdyfm0q2-623b4a6265f2d0a818d1cc2ea7c38331__4  slide-4 slide-even'><div data-rel='slideshow-1' class='avia-slide-wrap '   ><img alt=\"kodykar-tij-25-industrien\" loading=\"lazy\" loading=\"lazy\" decoding=\"async\" class=\"wp-image-8961 avia-img-lazy-loading-not-8961\"  src=\"https:\/\/kodyka.com\/wp-content\/uploads\/2020\/08\/Pharmaceutical-products-marking-and-coding.jpg\" width=\"690\" height=\"390\" title='Kodierung von pharmazeutischen Produkten.' alt='Druck von pharmazeutischen Produkten. Verfallsdaten, Chargennummern, QR'  itemprop=\"thumbnailUrl\" srcset=\"https:\/\/kodyka.com\/wp-content\/uploads\/2020\/08\/Pharmaceutical-products-marking-and-coding.jpg 690w, https:\/\/kodyka.com\/wp-content\/uploads\/2020\/08\/Pharmaceutical-products-marking-and-coding-300x170.jpg 300w\" sizes=\"auto, (max-width: 690px) 100vw, 690px\" \/><\/div><\/li><li  class='avia-slideshow-slide av-kdyfm0q2-623b4a6265f2d0a818d1cc2ea7c38331__5  slide-5 slide-odd'><div data-rel='slideshow-1' class='avia-slide-wrap '   ><img alt=\"kodykar-tij-25-industrien\" loading=\"lazy\" loading=\"lazy\" decoding=\"async\" class=\"wp-image-8951 avia-img-lazy-loading-not-8951\"  src=\"https:\/\/kodyka.com\/wp-content\/uploads\/2020\/08\/marking-TIJ-printers-kodyka.jpg\" width=\"690\" height=\"390\" title='Kennzeichnung von TIJ mit Kodyka-Druckern. R\u00fcckverfolgbarkeit von Produkten' alt='Produkt-R\u00fcckverfolgbarkeit. Verfallsdaten, Chargennummern, Beispielmarkierung'  itemprop=\"thumbnailUrl\" srcset=\"https:\/\/kodyka.com\/wp-content\/uploads\/2020\/08\/marking-TIJ-printers-kodyka.jpg 690w, https:\/\/kodyka.com\/wp-content\/uploads\/2020\/08\/marking-TIJ-printers-kodyka-300x170.jpg 300w\" sizes=\"auto, (max-width: 690px) 100vw, 690px\" \/><\/div><\/li><\/ul><div class='avia-slideshow-arrows avia-slideshow-controls' ><a href='#prev' class='prev-slide ' aria-hidden='true' data-av_icon='\ue87c' data-av_iconfont='entypo-fontello'  tabindex='-1'>Zur\u00fcck<\/a><a href='#next' class='next-slide ' aria-hidden='true' data-av_icon='\ue87d' data-av_iconfont='entypo-fontello'  tabindex='-1'>Weiter<\/a><\/div><div class='avia-slideshow-dots avia-slideshow-controls'><a href='#1' class='goto-slide active' >1<\/a><a href='#2' class='goto-slide ' >2<\/a><a href='#3' class='goto-slide ' >3<\/a><a href='#4' class='goto-slide ' >4<\/a><a href='#5' class='goto-slide ' >5<\/a><\/div><\/div><\/div>\n<\/div><\/div><\/div><!-- close content main div --><\/div><\/div><\/div><div id='after_section_2'  class='main_color av_default_container_wrap container_wrap sidebar_right'  ><div class='container av-section-cont-open' ><div class='template-page content  av-content-small alpha units'><div class='post-entry post-entry-type-page post-entry-6850'><div class='entry-content-wrapper clearfix'>\n","protected":false},"excerpt":{"rendered":"","protected":false},"author":1,"featured_media":1894,"parent":0,"menu_order":0,"comment_status":"closed","ping_status":"closed","template":"","meta":{"footnotes":""},"class_list":["post-6850","page","type-page","status-publish","has-post-thumbnail","hentry"],"_links":{"self":[{"href":"https:\/\/kodyka.com\/de\/wp-json\/wp\/v2\/pages\/6850","targetHints":{"allow":["GET"]}}],"collection":[{"href":"https:\/\/kodyka.com\/de\/wp-json\/wp\/v2\/pages"}],"about":[{"href":"https:\/\/kodyka.com\/de\/wp-json\/wp\/v2\/types\/page"}],"author":[{"embeddable":true,"href":"https:\/\/kodyka.com\/de\/wp-json\/wp\/v2\/users\/1"}],"replies":[{"embeddable":true,"href":"https:\/\/kodyka.com\/de\/wp-json\/wp\/v2\/comments?post=6850"}],"version-history":[{"count":5,"href":"https:\/\/kodyka.com\/de\/wp-json\/wp\/v2\/pages\/6850\/revisions"}],"predecessor-version":[{"id":10472,"href":"https:\/\/kodyka.com\/de\/wp-json\/wp\/v2\/pages\/6850\/revisions\/10472"}],"wp:featuredmedia":[{"embeddable":true,"href":"https:\/\/kodyka.com\/de\/wp-json\/wp\/v2\/media\/1894"}],"wp:attachment":[{"href":"https:\/\/kodyka.com\/de\/wp-json\/wp\/v2\/media?parent=6850"}],"curies":[{"name":"wp","href":"https:\/\/api.w.org\/{rel}","templated":true}]}}