{"id":9428,"date":"2020-05-05T19:43:10","date_gmt":"2020-05-05T19:43:10","guid":{"rendered":"https:\/\/kodyka.com\/industrien\/farmacia-cosmetica-e-higiene\/"},"modified":"2020-09-10T16:39:55","modified_gmt":"2020-09-10T16:39:55","slug":"pharmazie-kosmetik-und-hygiene-ruckverfolgbarkeits-code","status":"publish","type":"page","link":"https:\/\/kodyka.com\/de\/industrien\/pharmazie-kosmetik-und-hygiene-ruckverfolgbarkeits-code\/","title":{"rendered":"Pharmazie, Kosmetik und Hygiene"},"content":{"rendered":"\n<style type=\"text\/css\" data-created_by=\"avia_inline_auto\" id=\"style-css-av-a9fre5-d942d116aaaff0af7774098f8a6eb02f\">\n.flex_column.av-a9fre5-d942d116aaaff0af7774098f8a6eb02f{\n-webkit-border-radius:0px 0px 0px 0px;\n-moz-border-radius:0px 0px 0px 0px;\nborder-radius:0px 0px 0px 0px;\npadding:0px 0px 0px 0px;\n}\n<\/style>\n<div class='flex_column av-a9fre5-d942d116aaaff0af7774098f8a6eb02f av_one_full  avia-builder-el-0  el_before_av_one_half  avia-builder-el-first  first flex_column_div av-zero-column-padding '     ><section  class='av_textblock_section av-k9u598my-e0902d4947076263edb86b6778fe633c'  itemscope=\"itemscope\" itemtype=\"https:\/\/schema.org\/CreativeWork\" ><div class='avia_textblock'  itemprop=\"text\" ><h2 style=\"text-align: center;\">Pharmazie, Kosmetik und Hygiene<\/h2>\n<\/div><\/section><\/div>\n\n<style type=\"text\/css\" data-created_by=\"avia_inline_auto\" id=\"style-css-av-8q9b1p-70eee9810df6c79d49d94100cd8afaaa\">\n.flex_column.av-8q9b1p-70eee9810df6c79d49d94100cd8afaaa{\n-webkit-border-radius:0px 0px 0px 0px;\n-moz-border-radius:0px 0px 0px 0px;\nborder-radius:0px 0px 0px 0px;\npadding:0px 0px 0px 0px;\n}\n<\/style>\n<div class='flex_column av-8q9b1p-70eee9810df6c79d49d94100cd8afaaa av_one_half  avia-builder-el-2  el_after_av_one_full  el_before_av_one_half  first flex_column_div av-zero-column-padding column-top-margin'     ><div  class='avia-slideshow av-kdxaxnkl-eacd9279a117acb49822f37d9ce570c3 avia-slideshow-featured av_slideshow avia-slide-slider  avia-builder-el-3  avia-builder-el-no-sibling  av-slideshow-ui av-control-default av-slideshow-manual av-loop-once av-loop-manual-endless av-default-height-applied avia-slideshow-1' data-slideshow-options=\"{&quot;animation&quot;:&quot;slide&quot;,&quot;autoplay&quot;:false,&quot;loop_autoplay&quot;:&quot;once&quot;,&quot;interval&quot;:5,&quot;loop_manual&quot;:&quot;manual-endless&quot;,&quot;autoplay_stopper&quot;:false,&quot;noNavigation&quot;:false,&quot;bg_slider&quot;:false,&quot;keep_padding&quot;:false,&quot;hoverpause&quot;:false,&quot;show_slide_delay&quot;:0}\"  itemprop=\"image\" itemscope=\"itemscope\" itemtype=\"https:\/\/schema.org\/ImageObject\" ><ul class='avia-slideshow-inner ' style='padding-bottom: 56.521739130435%;'><li  class='avia-slideshow-slide av-kdxaxnkl-eacd9279a117acb49822f37d9ce570c3__0  slide-1 slide-odd'><div data-rel='slideshow-1' class='avia-slide-wrap '   ><img alt=\"kodykar-tij-25-pharmazie-kosmetik-und-hygiene\" fetchpriority=\"high\" fetchpriority=\"high\" decoding=\"async\" class=\"wp-image-8940 avia-img-lazy-loading-not-8940\"  src=\"https:\/\/kodyka.com\/wp-content\/uploads\/2020\/08\/farmacia-tij-coding-qr.jpg\" width=\"690\" height=\"390\" title='TIJ-Kodierung qr. R\u00fcckverfolgbarkeit von Produkten' alt='IJT-Druck. Flexible Verpackungen, starrer Kunststoff, Papier, Karton und Glas.'  itemprop=\"thumbnailUrl\" srcset=\"https:\/\/kodyka.com\/wp-content\/uploads\/2020\/08\/farmacia-tij-coding-qr.jpg 690w, https:\/\/kodyka.com\/wp-content\/uploads\/2020\/08\/farmacia-tij-coding-qr-300x170.jpg 300w\" sizes=\"(max-width: 690px) 100vw, 690px\" \/><\/div><\/li><li  class='avia-slideshow-slide av-kdxaxnkl-eacd9279a117acb49822f37d9ce570c3__1  slide-2 slide-even'><div data-rel='slideshow-1' class='avia-slide-wrap '   ><img alt=\"kodykar-tij-25-pharmazie-kosmetik-und-hygiene\" decoding=\"async\" class=\"wp-image-8930 avia-img-lazy-loading-not-8930\"  src=\"https:\/\/kodyka.com\/wp-content\/uploads\/2020\/08\/cosmeting-coding-number-date.jpg\" width=\"690\" height=\"390\" title='Kodierung von kosmetischen Mitteln. Drucken der Produktr\u00fcckverfolgbarkeit' alt='R\u00fcckverfolgbarkeit von Kosmetikprodukten. Thermo-Inkjet-Ausr\u00fcstung mit TIJ2.5-Technologie'  itemprop=\"thumbnailUrl\" srcset=\"https:\/\/kodyka.com\/wp-content\/uploads\/2020\/08\/cosmeting-coding-number-date.jpg 690w, https:\/\/kodyka.com\/wp-content\/uploads\/2020\/08\/cosmeting-coding-number-date-300x170.jpg 300w\" sizes=\"(max-width: 690px) 100vw, 690px\" \/><\/div><\/li><li  class='avia-slideshow-slide av-kdxaxnkl-eacd9279a117acb49822f37d9ce570c3__2  slide-3 slide-odd'><div data-rel='slideshow-1' class='avia-slide-wrap '   ><img alt=\"kodykar-tij-25-pharmazie-kosmetik-und-hygiene\" decoding=\"async\" class=\"wp-image-8951 avia-img-lazy-loading-not-8951\"  src=\"https:\/\/kodyka.com\/wp-content\/uploads\/2020\/08\/marking-TIJ-printers-kodyka.jpg\" width=\"690\" height=\"390\" title='Kennzeichnung von TIJ mit Kodyka-Druckern. R\u00fcckverfolgbarkeit von Produkten' alt='Produkt-R\u00fcckverfolgbarkeit. Verfallsdaten, Chargennummern, Beispielmarkierung'  itemprop=\"thumbnailUrl\" srcset=\"https:\/\/kodyka.com\/wp-content\/uploads\/2020\/08\/marking-TIJ-printers-kodyka.jpg 690w, https:\/\/kodyka.com\/wp-content\/uploads\/2020\/08\/marking-TIJ-printers-kodyka-300x170.jpg 300w\" sizes=\"(max-width: 690px) 100vw, 690px\" \/><\/div><\/li><li  class='avia-slideshow-slide av-kdxaxnkl-eacd9279a117acb49822f37d9ce570c3__3  slide-4 slide-even'><div data-rel='slideshow-1' class='avia-slide-wrap '   ><img alt=\"kodykar-tij-25-pharmazie-kosmetik-und-hygiene\" loading=\"lazy\" loading=\"lazy\" decoding=\"async\" class=\"wp-image-8961 avia-img-lazy-loading-not-8961\"  src=\"https:\/\/kodyka.com\/wp-content\/uploads\/2020\/08\/Pharmaceutical-products-marking-and-coding.jpg\" width=\"690\" height=\"390\" title='Kodierung von pharmazeutischen Produkten.' alt='Druck von pharmazeutischen Produkten. Verfallsdaten, Chargennummern, QR'  itemprop=\"thumbnailUrl\" srcset=\"https:\/\/kodyka.com\/wp-content\/uploads\/2020\/08\/Pharmaceutical-products-marking-and-coding.jpg 690w, https:\/\/kodyka.com\/wp-content\/uploads\/2020\/08\/Pharmaceutical-products-marking-and-coding-300x170.jpg 300w\" sizes=\"auto, (max-width: 690px) 100vw, 690px\" \/><\/div><\/li><li  class='avia-slideshow-slide av-kdxaxnkl-eacd9279a117acb49822f37d9ce570c3__4  slide-5 slide-odd'><div data-rel='slideshow-1' class='avia-slide-wrap '   ><img alt=\"kodykar-tij-25-pharmazie-kosmetik-und-hygiene\" loading=\"lazy\" loading=\"lazy\" decoding=\"async\" class=\"wp-image-8971 avia-img-lazy-loading-not-8971\"  src=\"https:\/\/kodyka.com\/wp-content\/uploads\/2020\/08\/hygiene-products-marking-coding-TIJ2.jpg\" width=\"690\" height=\"390\" title='Unzerst\u00f6rbare Kennzeichnung von Hygieneprodukten. Kodierung TIJ2.5' alt='Wasser-, alkohol- und lichtbest\u00e4ndige Kennzeichnung. Hohe Qualit\u00e4t der'  itemprop=\"thumbnailUrl\" srcset=\"https:\/\/kodyka.com\/wp-content\/uploads\/2020\/08\/hygiene-products-marking-coding-TIJ2.jpg 690w, https:\/\/kodyka.com\/wp-content\/uploads\/2020\/08\/hygiene-products-marking-coding-TIJ2-300x170.jpg 300w\" sizes=\"auto, (max-width: 690px) 100vw, 690px\" \/><\/div><\/li><\/ul><div class='avia-slideshow-arrows avia-slideshow-controls' ><a href='#prev' class='prev-slide ' aria-hidden='true' data-av_icon='\ue87c' data-av_iconfont='entypo-fontello'  tabindex='-1'>Zur\u00fcck<\/a><a href='#next' class='next-slide ' aria-hidden='true' data-av_icon='\ue87d' data-av_iconfont='entypo-fontello'  tabindex='-1'>Weiter<\/a><\/div><div class='avia-slideshow-dots avia-slideshow-controls'><a href='#1' class='goto-slide active' >1<\/a><a href='#2' class='goto-slide ' >2<\/a><a href='#3' class='goto-slide ' >3<\/a><a href='#4' class='goto-slide ' >4<\/a><a href='#5' class='goto-slide ' >5<\/a><\/div><\/div><\/div>\n\n<style type=\"text\/css\" data-created_by=\"avia_inline_auto\" id=\"style-css-av-7bhgkt-ced8480dac2bff57d7a9b75fb1998775\">\n.flex_column.av-7bhgkt-ced8480dac2bff57d7a9b75fb1998775{\n-webkit-border-radius:0px 0px 0px 0px;\n-moz-border-radius:0px 0px 0px 0px;\nborder-radius:0px 0px 0px 0px;\npadding:0px 0px 0px 0px;\n}\n<\/style>\n<div class='flex_column av-7bhgkt-ced8480dac2bff57d7a9b75fb1998775 av_one_half  avia-builder-el-4  el_after_av_one_half  el_before_av_one_half  flex_column_div av-zero-column-padding column-top-margin'     ><section  class='av_textblock_section av-k9u5aewc-798cd4b99f26882e7dca7f7490cdf8bd'  itemscope=\"itemscope\" itemtype=\"https:\/\/schema.org\/CreativeWork\" ><div class='avia_textblock'  itemprop=\"text\" ><h3>Codes<\/h3>\n<p>Verfallsdaten, Chargennummern, Produktionsz\u00e4hler, Zutatenlisten, Logos, Strichcodes und 2D-Codes<\/p>\n<h3>Unterst\u00fctzt<\/h3>\n<p>Flexible Verpackungen, starrer Kunststoff, Papier, Karton und Glas<\/p>\n<h3>Bed\u00fcrfnisse des Marktes<\/h3>\n<p>Hohe Qualit\u00e4t der Kennzeichnung, Zuverl\u00e4ssigkeit und Robustheit, die an anspruchsvolle Umgebungen angepasst sind, Einhaltung der geltenden Vorschriften, Markenschutz, Produktdekoration, Reduzierung des Verpackungsbestands und Druck von Werbecodes.<\/p>\n<\/div><\/section><\/div>\n\n<style type=\"text\/css\" data-created_by=\"avia_inline_auto\" id=\"style-css-av-msza5-6533c53527e5bfa9705b6a634439299b\">\n.flex_column.av-msza5-6533c53527e5bfa9705b6a634439299b{\n-webkit-border-radius:0px 0px 0px 0px;\n-moz-border-radius:0px 0px 0px 0px;\nborder-radius:0px 0px 0px 0px;\npadding:0px 0px 0px 0px;\n}\n<\/style>\n<div class='flex_column av-msza5-6533c53527e5bfa9705b6a634439299b av_one_half  avia-builder-el-6  el_after_av_one_half  el_before_av_one_half  first flex_column_div av-zero-column-padding column-top-margin'     ><section  class='av_textblock_section av-k9u5aewc-798cd4b99f26882e7dca7f7490cdf8bd'  itemscope=\"itemscope\" itemtype=\"https:\/\/schema.org\/CreativeWork\" ><div class='avia_textblock'  itemprop=\"text\" ><h3>Spezifische Anwendungen<\/h3>\n<p>Wasser- und alkoholbest\u00e4ndige Kennzeichnung auf Fl\u00e4schchen.<\/p>\n<p>Markierung auf PE-Unterlage ohne Vorbehandlung.<\/p>\n<p>Markierung ohne Migration und lichtbest\u00e4ndig.<\/p>\n<p>Direktmarkierung auf Tabletten mit zugelassenen Tinten.<\/p>\n<p>Unzerst\u00f6rbare Kennzeichnung.<\/p>\n<p>Hochgeschwindigkeits-Serialisierung einschlie\u00dflich variabler Daten und Datenbankzugriff.<\/p>\n<\/div><\/section><\/div>\n\n<style type=\"text\/css\" data-created_by=\"avia_inline_auto\" id=\"style-css-av-hed3x-cc013de3907bb3b44c24f47b16dd45e8\">\n.flex_column.av-hed3x-cc013de3907bb3b44c24f47b16dd45e8{\n-webkit-border-radius:0px 0px 0px 0px;\n-moz-border-radius:0px 0px 0px 0px;\nborder-radius:0px 0px 0px 0px;\npadding:0px 0px 0px 0px;\n}\n<\/style>\n<div class='flex_column av-hed3x-cc013de3907bb3b44c24f47b16dd45e8 av_one_half  avia-builder-el-8  el_after_av_one_half  el_before_av_section  avia-builder-el-last  flex_column_div av-zero-column-padding column-top-margin'     ><section  class='av_textblock_section av-k9u598my-e0902d4947076263edb86b6778fe633c'  itemscope=\"itemscope\" itemtype=\"https:\/\/schema.org\/CreativeWork\" ><div class='avia_textblock'  itemprop=\"text\" ><h3>Unsere L\u00f6sung f\u00fcr die Pharma-, Kosmetik- und Hygieneindustrie<\/h3>\n<p>Kodyka \u00ae bietet die zuverl\u00e4ssige Codierung, die Sie f\u00fcr alle Aspekte der Pharma-, Kosmetik- und Hygieneindustrie ben\u00f6tigen, von Systemen, die speziell f\u00fcr die Kennzeichnung auf flexiblen Verpackungen, starrem Kunststoff, Papier, Karton und Glas entwickelt wurden.<\/p>\n<p>Unsere Thermo-Inkjet-Ausr\u00fcstung mit TIJ2.5-Technologie garantiert Ihnen Codes, Verfallsdaten, Produktionsz\u00e4hler, Inhaltsstoffe, Logos oder Strichcodes h\u00f6chster Qualit\u00e4t, selbst in den anspruchsvollsten Umgebungen. Die interaktive Software minimiert Benutzerfehler, verbessert Ihre Nachhaltigkeit und reduziert Ihre Kennzeichnungskosten in der Pharma-, Kosmetik- und Hygieneindustrie.<\/p>\n<\/div><\/section><\/div><\/div><\/div><\/div><!-- close content main div --><\/div><\/div>\n<style type=\"text\/css\" data-created_by=\"avia_inline_auto\" id=\"style-css-av-k9m0uwe1-b91b0332ac9dacc1ccefc2c569e9bdb0\">\n.avia-section.av-k9m0uwe1-b91b0332ac9dacc1ccefc2c569e9bdb0{\nbackground-color:#ffffff;\nbackground-image:url(https:\/\/kodyka.com\/wp-content\/uploads\/2020\/05\/fondo-transparente.png);\nbackground-repeat:no-repeat;\nbackground-position:50% 50%;\nbackground-attachment:fixed;\n}\n.avia-section.av-k9m0uwe1-b91b0332ac9dacc1ccefc2c569e9bdb0 .av-section-color-overlay{\nopacity:0.3;\nbackground-color:#ffffff;\nbackground-image:url(https:\/\/kodyka.com\/wp-content\/themes\/enfold\/images\/background-images\/dots-mini-light.png);\nbackground-repeat:repeat;\n}\n<\/style>\n<div id='av_section_1'  class='avia-section av-k9m0uwe1-b91b0332ac9dacc1ccefc2c569e9bdb0 header_color avia-section-large avia-no-border-styling  avia-builder-el-10  el_after_av_one_half  el_before_av_submenu  avia-full-contain avia-bg-style-fixed av-section-color-overlay-active container_wrap sidebar_right'  data-section-bg-repeat='contain'><div class=\"av-section-color-overlay-wrap\"><div class=\"av-section-color-overlay\"><\/div><div class='container av-section-cont-open' ><div class='template-page content  av-content-small alpha units'><div class='post-entry post-entry-type-page post-entry-9428'><div class='entry-content-wrapper clearfix'>\n<section  class='av_textblock_section av-k9u598my-e0902d4947076263edb86b6778fe633c'  itemscope=\"itemscope\" itemtype=\"https:\/\/schema.org\/CreativeWork\" ><div class='avia_textblock'  itemprop=\"text\" ><h2 style=\"text-align: center;\">INDUSTRIEN<\/h2>\n<\/div><\/section>\n<\/div><\/div><\/div><!-- close content main div --><\/div><\/div><\/div><div id='sub_menu1'  class='av-submenu-container av-kdzvwk7w-8d3b37fc1505238081d69e3ceed0cfaf header_color av-switch-480  avia-builder-el-12  el_after_av_section  el_before_av_section  submenu-not-first container_wrap sidebar_right' style='z-index:301' ><div class='container av-menu-mobile-active av-submenu-pos-center'><a href=\"#\" class=\"mobile_menu_toggle\" aria-hidden='true' data-av_icon='\ue8a5' data-av_iconfont='entypo-fontello'><span class=\"av-current-placeholder\">Men\u00fc<\/span><\/a><ul id=\"menu-industrias_de\" class=\"av-subnav-menu\"><li role=\"menuitem\" id=\"menu-item-9705\" class=\"menu-item menu-item-type-post_type menu-item-object-page menu-item-top-level menu-item-top-level-1\"><a href=\"https:\/\/kodyka.com\/de\/industrien\/markenschutz-uv-code\/\" itemprop=\"url\" tabindex=\"0\"><span class=\"avia-bullet\"><\/span><span class=\"avia-menu-text\"><img alt=\"kodykar-tij-25-pharmazie-kosmetik-und-hygiene\" loading=\"lazy\" decoding=\"async\" class=\"alignnone size-full wp-image-3637 aligncenter\" src=\"https:\/\/de.kodyka.com\/wp-content\/uploads\/2020\/05\/traceability-1.jpg\" alt=\"\" width=\"63\" height=\"63\" srcset=\"https:\/\/kodyka.com\/wp-content\/uploads\/2020\/05\/traceability-1.jpg 63w, https:\/\/kodyka.com\/wp-content\/uploads\/2020\/05\/traceability-1-36x36.jpg 36w\" sizes=\"(max-width: 63px) 100vw, 63px\" \/>Markenschutz<\/span><span class=\"avia-menu-fx\"><span class=\"avia-arrow-wrap\"><span class=\"avia-arrow\"><\/span><\/span><\/span><\/a><\/li>\n<li role=\"menuitem\" id=\"menu-item-9704\" class=\"menu-item menu-item-type-post_type menu-item-object-page menu-item-top-level menu-item-top-level-2\"><a href=\"https:\/\/kodyka.com\/de\/industrien\/kabel-rohrextrusion-und-profile-industrielle-kennzeichnung-und-codierung\/\" itemprop=\"url\" tabindex=\"0\"><span class=\"avia-bullet\"><\/span><span class=\"avia-menu-text\"><img alt=\"kodykar-tij-25-pharmazie-kosmetik-und-hygiene\" loading=\"lazy\" decoding=\"async\" class=\"alignnone size-full wp-image-3593 aligncenter\" src=\"https:\/\/de.kodyka.com\/wp-content\/uploads\/2020\/05\/tubes.jpg\" alt=\"\" width=\"63\" height=\"63\" srcset=\"https:\/\/kodyka.com\/wp-content\/uploads\/2020\/05\/tubes.jpg 63w, https:\/\/kodyka.com\/wp-content\/uploads\/2020\/05\/tubes-36x36.jpg 36w\" sizes=\"(max-width: 63px) 100vw, 63px\" \/>Kabel, Rohrextrusion und Profile<\/span><span class=\"avia-menu-fx\"><span class=\"avia-arrow-wrap\"><span class=\"avia-arrow\"><\/span><\/span><\/span><\/a><\/li>\n<li role=\"menuitem\" id=\"menu-item-9703\" class=\"menu-item menu-item-type-post_type menu-item-object-page menu-item-top-level menu-item-top-level-3\"><a href=\"https:\/\/kodyka.com\/de\/industrien\/getranke-und-milchprodukte-industrielle-kennzeichnung-und-codierung\/\" itemprop=\"url\" tabindex=\"0\"><span class=\"avia-bullet\"><\/span><span class=\"avia-menu-text\"><img loading=\"lazy\" decoding=\"async\" class=\"size-full wp-image-3473 aligncenter\" src=\"https:\/\/de.kodyka.com\/wp-content\/uploads\/2020\/05\/drinks.jpg\" alt=\"drinks-kodykar-tij-25-pharmazie-kosmetik-und-hygiene\" width=\"63\" height=\"63\" srcset=\"https:\/\/kodyka.com\/wp-content\/uploads\/2020\/05\/drinks.jpg 63w, https:\/\/kodyka.com\/wp-content\/uploads\/2020\/05\/drinks-36x36.jpg 36w\" sizes=\"(max-width: 63px) 100vw, 63px\" \/>Getr\u00e4nke und Milchprodukte<\/span><span class=\"avia-menu-fx\"><span class=\"avia-arrow-wrap\"><span class=\"avia-arrow\"><\/span><\/span><\/span><\/a><\/li>\n<li role=\"menuitem\" id=\"menu-item-9702\" class=\"menu-item menu-item-type-post_type menu-item-object-page menu-item-top-level menu-item-top-level-4\"><a href=\"https:\/\/kodyka.com\/de\/industrien\/elektronisches-und-elektrisches-material-druckcode\/\" itemprop=\"url\" tabindex=\"0\"><span class=\"avia-bullet\"><\/span><span class=\"avia-menu-text\"><img alt=\"kodykar-tij-25-pharmazie-kosmetik-und-hygiene\" loading=\"lazy\" decoding=\"async\" class=\"alignnone size-full wp-image-3493 aligncenter\" src=\"https:\/\/de.kodyka.com\/wp-content\/uploads\/2020\/05\/electronic.jpg\" alt=\"\" width=\"63\" height=\"63\" srcset=\"https:\/\/kodyka.com\/wp-content\/uploads\/2020\/05\/electronic.jpg 63w, https:\/\/kodyka.com\/wp-content\/uploads\/2020\/05\/electronic-36x36.jpg 36w\" sizes=\"(max-width: 63px) 100vw, 63px\" \/>Elektronisches und elektrisches Material<\/span><span class=\"avia-menu-fx\"><span class=\"avia-arrow-wrap\"><span class=\"avia-arrow\"><\/span><\/span><\/span><\/a><\/li>\n<li role=\"menuitem\" id=\"menu-item-9700\" class=\"menu-item menu-item-type-post_type menu-item-object-page menu-item-top-level menu-item-top-level-5\"><a href=\"https:\/\/kodyka.com\/de\/industrien\/agrar-lebensmittelprodukte-kennzeichnung-und-codierung-in-der-lebensmittelindustrie\/\" itemprop=\"url\" tabindex=\"0\"><span class=\"avia-bullet\"><\/span><span class=\"avia-menu-text\"><img alt=\"kodykar-tij-25-pharmazie-kosmetik-und-hygiene\" loading=\"lazy\" decoding=\"async\" class=\"alignnone size-full wp-image-3513 aligncenter\" src=\"https:\/\/de.kodyka.com\/wp-content\/uploads\/2020\/05\/foods.jpg\" alt=\"\" width=\"63\" height=\"63\" srcset=\"https:\/\/kodyka.com\/wp-content\/uploads\/2020\/05\/foods.jpg 63w, https:\/\/kodyka.com\/wp-content\/uploads\/2020\/05\/foods-36x36.jpg 36w\" sizes=\"(max-width: 63px) 100vw, 63px\" \/>Agrar-Lebensmittelprodukte<\/span><span class=\"avia-menu-fx\"><span class=\"avia-arrow-wrap\"><span class=\"avia-arrow\"><\/span><\/span><\/span><\/a><\/li>\n<li role=\"menuitem\" id=\"menu-item-9701\" class=\"menu-item menu-item-type-post_type menu-item-object-page menu-item-top-level menu-item-top-level-6\"><a href=\"https:\/\/kodyka.com\/de\/industrien\/eingefroren-strichcode-markierung\/\" itemprop=\"url\" tabindex=\"0\"><span class=\"avia-bullet\"><\/span><span class=\"avia-menu-text\"><img alt=\"kodykar-tij-25-pharmazie-kosmetik-und-hygiene\" loading=\"lazy\" decoding=\"async\" class=\"alignnone size-full wp-image-3533 aligncenter\" src=\"https:\/\/de.kodyka.com\/wp-content\/uploads\/2020\/05\/freezer.jpg\" alt=\"\" width=\"63\" height=\"63\" srcset=\"https:\/\/kodyka.com\/wp-content\/uploads\/2020\/05\/freezer.jpg 63w, https:\/\/kodyka.com\/wp-content\/uploads\/2020\/05\/freezer-36x36.jpg 36w\" sizes=\"(max-width: 63px) 100vw, 63px\" \/>Eingefroren<\/span><span class=\"avia-menu-fx\"><span class=\"avia-arrow-wrap\"><span class=\"avia-arrow\"><\/span><\/span><\/span><\/a><\/li>\n<li role=\"menuitem\" id=\"menu-item-9709\" class=\"menu-item menu-item-type-post_type menu-item-object-page menu-item-top-level menu-item-top-level-7\"><a href=\"https:\/\/kodyka.com\/de\/industrien\/susswaren-kuchen-und-bonbons-industrielle-kennzeichnung-und-codierung\/\" itemprop=\"url\" tabindex=\"0\"><span class=\"avia-bullet\"><\/span><span class=\"avia-menu-text\"><img alt=\"kodykar-tij-25-pharmazie-kosmetik-und-hygiene\" loading=\"lazy\" decoding=\"async\" class=\"alignnone size-full wp-image-3453 aligncenter\" src=\"https:\/\/de.kodyka.com\/wp-content\/uploads\/2020\/05\/cake-shop.jpg\" alt=\"\" width=\"63\" height=\"63\" srcset=\"https:\/\/kodyka.com\/wp-content\/uploads\/2020\/05\/cake-shop.jpg 63w, https:\/\/kodyka.com\/wp-content\/uploads\/2020\/05\/cake-shop-36x36.jpg 36w\" sizes=\"(max-width: 63px) 100vw, 63px\" \/>S\u00fc\u00dfwaren, Kuchen und Bonbons<\/span><span class=\"avia-menu-fx\"><span class=\"avia-arrow-wrap\"><span class=\"avia-arrow\"><\/span><\/span><\/span><\/a><\/li>\n<li role=\"menuitem\" id=\"menu-item-9706\" class=\"menu-item menu-item-type-post_type menu-item-object-page menu-item-top-level menu-item-top-level-8\"><a href=\"https:\/\/kodyka.com\/de\/industrien\/pharmazie-kosmetik-und-hygiene-ruckverfolgbarkeits-code\/\" itemprop=\"url\" tabindex=\"0\"><span class=\"avia-bullet\"><\/span><span class=\"avia-menu-text\"><img alt=\"kodykar-tij-25-pharmazie-kosmetik-und-hygiene\" loading=\"lazy\" decoding=\"async\" class=\"alignnone size-full wp-image-3573 aligncenter\" src=\"https:\/\/de.kodyka.com\/wp-content\/uploads\/2020\/05\/pharmacy.jpg\" alt=\"\" width=\"63\" height=\"63\" srcset=\"https:\/\/kodyka.com\/wp-content\/uploads\/2020\/05\/pharmacy.jpg 63w, https:\/\/kodyka.com\/wp-content\/uploads\/2020\/05\/pharmacy-36x36.jpg 36w\" sizes=\"(max-width: 63px) 100vw, 63px\" \/>Pharmazie, Kosmetik und Hygiene<\/span><span class=\"avia-menu-fx\"><span class=\"avia-arrow-wrap\"><span class=\"avia-arrow\"><\/span><\/span><\/span><\/a><\/li>\n<li role=\"menuitem\" id=\"menu-item-9707\" class=\"menu-item menu-item-type-post_type menu-item-object-page menu-item-top-level menu-item-top-level-9\"><a href=\"https:\/\/kodyka.com\/de\/industrien\/postkarten-und-mailings-kartenmarkierung-und-kodierung\/\" itemprop=\"url\" tabindex=\"0\"><span class=\"avia-bullet\"><\/span><span class=\"avia-menu-text\"><img alt=\"kodykar-tij-25-pharmazie-kosmetik-und-hygiene\" loading=\"lazy\" decoding=\"async\" class=\"alignnone size-full wp-image-3553 aligncenter\" src=\"https:\/\/de.kodyka.com\/wp-content\/uploads\/2020\/05\/mail.jpg\" alt=\"\" width=\"63\" height=\"63\" srcset=\"https:\/\/kodyka.com\/wp-content\/uploads\/2020\/05\/mail.jpg 63w, https:\/\/kodyka.com\/wp-content\/uploads\/2020\/05\/mail-36x36.jpg 36w\" sizes=\"(max-width: 63px) 100vw, 63px\" \/>Postkarten und Mailings<\/span><span class=\"avia-menu-fx\"><span class=\"avia-arrow-wrap\"><span class=\"avia-arrow\"><\/span><\/span><\/span><\/a><\/li>\n<li role=\"menuitem\" id=\"menu-item-9708\" class=\"menu-item menu-item-type-post_type menu-item-object-page menu-item-top-level menu-item-top-level-10\"><a href=\"https:\/\/kodyka.com\/de\/industrien\/ruckverfolgbarkeit-von-produkten\/\" itemprop=\"url\" tabindex=\"0\"><span class=\"avia-bullet\"><\/span><span class=\"avia-menu-text\"><img alt=\"kodykar-tij-25-pharmazie-kosmetik-und-hygiene\" loading=\"lazy\" decoding=\"async\" class=\"alignnone size-full wp-image-3627 aligncenter\" src=\"https:\/\/de.kodyka.com\/wp-content\/uploads\/2020\/05\/brand-1.jpg\" alt=\"\" width=\"63\" height=\"63\" srcset=\"https:\/\/kodyka.com\/wp-content\/uploads\/2020\/05\/brand-1.jpg 63w, https:\/\/kodyka.com\/wp-content\/uploads\/2020\/05\/brand-1-36x36.jpg 36w\" sizes=\"(max-width: 63px) 100vw, 63px\" \/>R\u00fcckverfolgbarkeit von Produkten<\/span><span class=\"avia-menu-fx\"><span class=\"avia-arrow-wrap\"><span class=\"avia-arrow\"><\/span><\/span><\/span><\/a><\/li>\n<\/ul><\/div><\/div><\/p>\n\n<style type=\"text\/css\" data-created_by=\"avia_inline_auto\" id=\"style-css-av-k9m0uwe1-b91b0332ac9dacc1ccefc2c569e9bdb0\">\n.avia-section.av-k9m0uwe1-b91b0332ac9dacc1ccefc2c569e9bdb0{\nbackground-color:#ffffff;\nbackground-image:url(https:\/\/kodyka.com\/wp-content\/uploads\/2020\/05\/fondo-transparente.png);\nbackground-repeat:no-repeat;\nbackground-position:50% 50%;\nbackground-attachment:fixed;\n}\n.avia-section.av-k9m0uwe1-b91b0332ac9dacc1ccefc2c569e9bdb0 .av-section-color-overlay{\nopacity:0.3;\nbackground-color:#ffffff;\nbackground-image:url(https:\/\/kodyka.com\/wp-content\/themes\/enfold\/images\/background-images\/dots-mini-light.png);\nbackground-repeat:repeat;\n}\n<\/style>\n<div id='av_section_2'  class='avia-section av-k9m0uwe1-b91b0332ac9dacc1ccefc2c569e9bdb0 header_color avia-section-large avia-no-border-styling  avia-builder-el-13  el_after_av_submenu  avia-builder-el-last  avia-full-contain avia-bg-style-fixed av-section-color-overlay-active container_wrap sidebar_right'  data-section-bg-repeat='contain'><div class=\"av-section-color-overlay-wrap\"><div class=\"av-section-color-overlay\"><\/div><div class='container av-section-cont-open' ><div class='template-page content  av-content-small alpha units'><div class='post-entry post-entry-type-page post-entry-9428'><div class='entry-content-wrapper clearfix'>\n<\/div><\/div><\/div><!-- close content main div --><\/div><\/div><\/div><div id='after_section_2'  class='main_color av_default_container_wrap container_wrap sidebar_right'  ><div class='container av-section-cont-open' ><div class='template-page content  av-content-small alpha units'><div class='post-entry post-entry-type-page post-entry-9428'><div class='entry-content-wrapper clearfix'>\n","protected":false},"excerpt":{"rendered":"","protected":false},"author":1,"featured_media":8814,"parent":6850,"menu_order":0,"comment_status":"closed","ping_status":"closed","template":"","meta":{"footnotes":""},"class_list":["post-9428","page","type-page","status-publish","has-post-thumbnail","hentry"],"_links":{"self":[{"href":"https:\/\/kodyka.com\/de\/wp-json\/wp\/v2\/pages\/9428","targetHints":{"allow":["GET"]}}],"collection":[{"href":"https:\/\/kodyka.com\/de\/wp-json\/wp\/v2\/pages"}],"about":[{"href":"https:\/\/kodyka.com\/de\/wp-json\/wp\/v2\/types\/page"}],"author":[{"embeddable":true,"href":"https:\/\/kodyka.com\/de\/wp-json\/wp\/v2\/users\/1"}],"replies":[{"embeddable":true,"href":"https:\/\/kodyka.com\/de\/wp-json\/wp\/v2\/comments?post=9428"}],"version-history":[{"count":3,"href":"https:\/\/kodyka.com\/de\/wp-json\/wp\/v2\/pages\/9428\/revisions"}],"predecessor-version":[{"id":10534,"href":"https:\/\/kodyka.com\/de\/wp-json\/wp\/v2\/pages\/9428\/revisions\/10534"}],"up":[{"embeddable":true,"href":"https:\/\/kodyka.com\/de\/wp-json\/wp\/v2\/pages\/6850"}],"wp:featuredmedia":[{"embeddable":true,"href":"https:\/\/kodyka.com\/de\/wp-json\/wp\/v2\/media\/8814"}],"wp:attachment":[{"href":"https:\/\/kodyka.com\/de\/wp-json\/wp\/v2\/media?parent=9428"}],"curies":[{"name":"wp","href":"https:\/\/api.w.org\/{rel}","templated":true}]}}