{"id":9604,"date":"2020-05-05T19:40:23","date_gmt":"2020-05-05T19:40:23","guid":{"rendered":"https:\/\/kodyka.com\/industrien\/trazabilidad\/"},"modified":"2020-09-10T17:28:40","modified_gmt":"2020-09-10T17:28:40","slug":"ruckverfolgbarkeit-von-produkten","status":"publish","type":"page","link":"https:\/\/kodyka.com\/de\/industrien\/ruckverfolgbarkeit-von-produkten\/","title":{"rendered":"R\u00fcckverfolgbarkeit von Produkten"},"content":{"rendered":"\n<style type=\"text\/css\" data-created_by=\"avia_inline_auto\" id=\"style-css-av-a9fre5-d942d116aaaff0af7774098f8a6eb02f\">\n.flex_column.av-a9fre5-d942d116aaaff0af7774098f8a6eb02f{\n-webkit-border-radius:0px 0px 0px 0px;\n-moz-border-radius:0px 0px 0px 0px;\nborder-radius:0px 0px 0px 0px;\npadding:0px 0px 0px 0px;\n}\n<\/style>\n<div class='flex_column av-a9fre5-d942d116aaaff0af7774098f8a6eb02f av_one_full  avia-builder-el-0  el_before_av_one_half  avia-builder-el-first  first flex_column_div av-zero-column-padding '     ><section  class='av_textblock_section av-k9u598my-e0902d4947076263edb86b6778fe633c'  itemscope=\"itemscope\" itemtype=\"https:\/\/schema.org\/CreativeWork\" ><div class='avia_textblock'  itemprop=\"text\" ><h2 style=\"text-align: center;\">R\u00fcckverfolgbarkeit von Produkten<\/h2>\n<\/div><\/section><\/div>\n\n<style type=\"text\/css\" data-created_by=\"avia_inline_auto\" id=\"style-css-av-8q9b1p-70eee9810df6c79d49d94100cd8afaaa\">\n.flex_column.av-8q9b1p-70eee9810df6c79d49d94100cd8afaaa{\n-webkit-border-radius:0px 0px 0px 0px;\n-moz-border-radius:0px 0px 0px 0px;\nborder-radius:0px 0px 0px 0px;\npadding:0px 0px 0px 0px;\n}\n<\/style>\n<div class='flex_column av-8q9b1p-70eee9810df6c79d49d94100cd8afaaa av_one_half  avia-builder-el-2  el_after_av_one_full  el_before_av_one_half  first flex_column_div av-zero-column-padding column-top-margin'     ><p>\n<style type=\"text\/css\" data-created_by=\"avia_inline_auto\" id=\"style-css-av-k9u5m5af-fa2d6436d6d74cbb428ded2a77684423\">\n.avia-image-container.av-k9u5m5af-fa2d6436d6d74cbb428ded2a77684423 img.avia_image{\nbox-shadow:none;\n}\n.avia-image-container.av-k9u5m5af-fa2d6436d6d74cbb428ded2a77684423 .av-image-caption-overlay-center{\ncolor:#ffffff;\n}\n<\/style>\n<div  class='avia-image-container av-k9u5m5af-fa2d6436d6d74cbb428ded2a77684423 av-styling- avia-align-center  avia-builder-el-3  el_before_av_image  avia-builder-el-first '   itemprop=\"image\" itemscope=\"itemscope\" itemtype=\"https:\/\/schema.org\/ImageObject\" ><div class=\"avia-image-container-inner\"><div class=\"avia-image-overlay-wrap\"><img alt=\"kodykar-tij-25-ruckverfolgbarkeit-von-produkten\" fetchpriority=\"high\" fetchpriority=\"high\" decoding=\"async\" class='wp-image-9169 avia-img-lazy-loading-not-9169 avia_image ' src=\"https:\/\/kodyka.com\/wp-content\/uploads\/2020\/08\/product-trazability-marking-and-coding-industrial-tij.jpg\" alt='Produktionskontrolle, Lager. R\u00fcckverfolgbarkeit und Produktverfolgung' title='Produkt-R\u00fcckverfolgbarkeit. TIJ 2.5-Drucker'  height=\"320\" width=\"700\"  itemprop=\"thumbnailUrl\" srcset=\"https:\/\/kodyka.com\/wp-content\/uploads\/2020\/08\/product-trazability-marking-and-coding-industrial-tij.jpg 700w, https:\/\/kodyka.com\/wp-content\/uploads\/2020\/08\/product-trazability-marking-and-coding-industrial-tij-300x137.jpg 300w\" sizes=\"(max-width: 700px) 100vw, 700px\" \/><\/div><\/div><\/div><br \/>\n\n<style type=\"text\/css\" data-created_by=\"avia_inline_auto\" id=\"style-css-av-k9u5m5af-a9bd87d2db5847c1d6a096834ae7167a\">\n.avia-image-container.av-k9u5m5af-a9bd87d2db5847c1d6a096834ae7167a img.avia_image{\nbox-shadow:none;\n}\n.avia-image-container.av-k9u5m5af-a9bd87d2db5847c1d6a096834ae7167a .av-image-caption-overlay-center{\ncolor:#ffffff;\n}\n<\/style>\n<div  class='avia-image-container av-k9u5m5af-a9bd87d2db5847c1d6a096834ae7167a av-styling- avia-align-center  avia-builder-el-4  el_after_av_image  avia-builder-el-last '   itemprop=\"image\" itemscope=\"itemscope\" itemtype=\"https:\/\/schema.org\/ImageObject\" ><div class=\"avia-image-container-inner\"><div class=\"avia-image-overlay-wrap\"><img alt=\"kodykar-tij-25-ruckverfolgbarkeit-von-produkten\" decoding=\"async\" class='wp-image-10000 avia-img-lazy-loading-not-10000 avia_image ' src=\"https:\/\/kodyka.com\/wp-content\/uploads\/2020\/08\/product-trazability-marking-and-coding-industrial-tij-2.5.jpg\" alt='Produkt-R\u00fcckverfolgbarkeit. TIJ 2.5-Drucker' title='produkt-r\u00fcckverfolgbarkeit - kennzeichnung und codierung industrieller tij 2.5'  height=\"320\" width=\"700\"  itemprop=\"thumbnailUrl\" srcset=\"https:\/\/kodyka.com\/wp-content\/uploads\/2020\/08\/product-trazability-marking-and-coding-industrial-tij-2.5.jpg 700w, https:\/\/kodyka.com\/wp-content\/uploads\/2020\/08\/product-trazability-marking-and-coding-industrial-tij-2.5-300x137.jpg 300w\" sizes=\"(max-width: 700px) 100vw, 700px\" \/><\/div><\/div><\/div><\/p><\/div>\n<style type=\"text\/css\" data-created_by=\"avia_inline_auto\" id=\"style-css-av-7bhgkt-ced8480dac2bff57d7a9b75fb1998775\">\n.flex_column.av-7bhgkt-ced8480dac2bff57d7a9b75fb1998775{\n-webkit-border-radius:0px 0px 0px 0px;\n-moz-border-radius:0px 0px 0px 0px;\nborder-radius:0px 0px 0px 0px;\npadding:0px 0px 0px 0px;\n}\n<\/style>\n<div class='flex_column av-7bhgkt-ced8480dac2bff57d7a9b75fb1998775 av_one_half  avia-builder-el-5  el_after_av_one_half  el_before_av_section  avia-builder-el-last  flex_column_div av-zero-column-padding column-top-margin'     ><p><section  class='av_textblock_section av-k9u5aewc-798cd4b99f26882e7dca7f7490cdf8bd'  itemscope=\"itemscope\" itemtype=\"https:\/\/schema.org\/CreativeWork\" ><div class='avia_textblock'  itemprop=\"text\" ><p>Softwarel\u00f6sungen sind der Schl\u00fcssel zur Senkung der Verpackungskosten, zur Optimierung der Produktcodierung und zur Einhaltung gesetzlicher Vorschriften. Kodyka \u00ae bietet eine neue, breite Palette von Anwendungen, die die Informationen in ihren Markierungsger\u00e4ten erg\u00e4nzen sollen.<\/p>\n<\/div><\/section><br \/>\n<section  class='av_textblock_section av-k9u5aewc-798cd4b99f26882e7dca7f7490cdf8bd'  itemscope=\"itemscope\" itemtype=\"https:\/\/schema.org\/CreativeWork\" ><div class='avia_textblock'  itemprop=\"text\" ><h3>Spezifische L\u00f6sungen<\/h3>\n<p>Erh\u00f6hen Sie die Flexibilit\u00e4t beim Import von Daten aus Ihrem ERP in verschiedenen Formaten.<\/p>\n<p>Vollst\u00e4ndige Integration der Software in Produkthandhabungsger\u00e4te, Waagen und speicherprogrammierbare Steuerungen (SPS) f\u00fcr automatisches Fehlermanagement<\/p>\n<p>Berichten Sie kritische und funktionelle Fehlerinformationen.<\/p>\n<p>Reduzierung und Berechnung des Verbrauchs durch Kennzeichnung.<\/p>\n<p>Produktionskontrolle.<\/p>\n<p>Verifizierung der Konformit\u00e4t und Genauigkeit der Codes in Bezug auf das Produkt.<\/p>\n<\/div><\/section><\/p><\/div><\/p>\n<\/div><\/div><\/div><!-- close content main div --><\/div><\/div>\n<style type=\"text\/css\" data-created_by=\"avia_inline_auto\" id=\"style-css-av-k9m0uwe1-b91b0332ac9dacc1ccefc2c569e9bdb0\">\n.avia-section.av-k9m0uwe1-b91b0332ac9dacc1ccefc2c569e9bdb0{\nbackground-color:#ffffff;\nbackground-image:url(https:\/\/kodyka.com\/wp-content\/uploads\/2020\/05\/fondo-transparente.png);\nbackground-repeat:no-repeat;\nbackground-position:50% 50%;\nbackground-attachment:fixed;\n}\n.avia-section.av-k9m0uwe1-b91b0332ac9dacc1ccefc2c569e9bdb0 .av-section-color-overlay{\nopacity:0.3;\nbackground-color:#ffffff;\nbackground-image:url(https:\/\/kodyka.com\/wp-content\/themes\/enfold\/images\/background-images\/dots-mini-light.png);\nbackground-repeat:repeat;\n}\n<\/style>\n<div id='av_section_1'  class='avia-section av-k9m0uwe1-b91b0332ac9dacc1ccefc2c569e9bdb0 header_color avia-section-large avia-no-border-styling  avia-builder-el-8  el_after_av_one_half  el_before_av_submenu  avia-full-contain avia-bg-style-fixed av-section-color-overlay-active container_wrap sidebar_right'  data-section-bg-repeat='contain'><div class=\"av-section-color-overlay-wrap\"><div class=\"av-section-color-overlay\"><\/div><div class='container av-section-cont-open' ><div class='template-page content  av-content-small alpha units'><div class='post-entry post-entry-type-page post-entry-9604'><div class='entry-content-wrapper clearfix'>\n<section  class='av_textblock_section av-k9u5aewc-798cd4b99f26882e7dca7f7490cdf8bd'  itemscope=\"itemscope\" itemtype=\"https:\/\/schema.org\/CreativeWork\" ><div class='avia_textblock'  itemprop=\"text\" ><h2 style=\"text-align: center;\">INDUSTRIEN<\/h2>\n<\/div><\/section>\n\n<\/div><\/div><\/div><!-- close content main div --><\/div><\/div><\/div><div id='sub_menu1'  class='av-submenu-container av-kdzvwk7w-8d3b37fc1505238081d69e3ceed0cfaf header_color av-switch-480  avia-builder-el-10  el_after_av_section  el_before_av_section  submenu-not-first container_wrap sidebar_right' style='z-index:301' ><div class='container av-menu-mobile-active av-submenu-pos-center'><a href=\"#\" class=\"mobile_menu_toggle\" aria-hidden='true' data-av_icon='\ue8a5' data-av_iconfont='entypo-fontello'><span class=\"av-current-placeholder\">Men\u00fc<\/span><\/a><ul id=\"menu-industrias_de\" class=\"av-subnav-menu\"><li role=\"menuitem\" id=\"menu-item-9705\" class=\"menu-item menu-item-type-post_type menu-item-object-page menu-item-top-level menu-item-top-level-1\"><a href=\"https:\/\/kodyka.com\/de\/industrien\/markenschutz-uv-code\/\" itemprop=\"url\" tabindex=\"0\"><span class=\"avia-bullet\"><\/span><span class=\"avia-menu-text\"><img alt=\"kodykar-tij-25-ruckverfolgbarkeit-von-produkten\" decoding=\"async\" class=\"alignnone size-full wp-image-3637 aligncenter\" src=\"https:\/\/de.kodyka.com\/wp-content\/uploads\/2020\/05\/traceability-1.jpg\" alt=\"\" width=\"63\" height=\"63\" srcset=\"https:\/\/kodyka.com\/wp-content\/uploads\/2020\/05\/traceability-1.jpg 63w, https:\/\/kodyka.com\/wp-content\/uploads\/2020\/05\/traceability-1-36x36.jpg 36w\" sizes=\"(max-width: 63px) 100vw, 63px\" \/>Markenschutz<\/span><span class=\"avia-menu-fx\"><span class=\"avia-arrow-wrap\"><span class=\"avia-arrow\"><\/span><\/span><\/span><\/a><\/li>\n<li role=\"menuitem\" id=\"menu-item-9704\" class=\"menu-item menu-item-type-post_type menu-item-object-page menu-item-top-level menu-item-top-level-2\"><a href=\"https:\/\/kodyka.com\/de\/industrien\/kabel-rohrextrusion-und-profile-industrielle-kennzeichnung-und-codierung\/\" itemprop=\"url\" tabindex=\"0\"><span class=\"avia-bullet\"><\/span><span class=\"avia-menu-text\"><img alt=\"kodykar-tij-25-ruckverfolgbarkeit-von-produkten\" loading=\"lazy\" decoding=\"async\" class=\"alignnone size-full wp-image-3593 aligncenter\" src=\"https:\/\/de.kodyka.com\/wp-content\/uploads\/2020\/05\/tubes.jpg\" alt=\"\" width=\"63\" height=\"63\" srcset=\"https:\/\/kodyka.com\/wp-content\/uploads\/2020\/05\/tubes.jpg 63w, https:\/\/kodyka.com\/wp-content\/uploads\/2020\/05\/tubes-36x36.jpg 36w\" sizes=\"(max-width: 63px) 100vw, 63px\" \/>Kabel, Rohrextrusion und Profile<\/span><span class=\"avia-menu-fx\"><span class=\"avia-arrow-wrap\"><span class=\"avia-arrow\"><\/span><\/span><\/span><\/a><\/li>\n<li role=\"menuitem\" id=\"menu-item-9703\" class=\"menu-item menu-item-type-post_type menu-item-object-page menu-item-top-level menu-item-top-level-3\"><a href=\"https:\/\/kodyka.com\/de\/industrien\/getranke-und-milchprodukte-industrielle-kennzeichnung-und-codierung\/\" itemprop=\"url\" tabindex=\"0\"><span class=\"avia-bullet\"><\/span><span class=\"avia-menu-text\"><img loading=\"lazy\" decoding=\"async\" class=\"size-full wp-image-3473 aligncenter\" src=\"https:\/\/de.kodyka.com\/wp-content\/uploads\/2020\/05\/drinks.jpg\" alt=\"drinks-kodykar-tij-25-ruckverfolgbarkeit-von-produkten\" width=\"63\" height=\"63\" srcset=\"https:\/\/kodyka.com\/wp-content\/uploads\/2020\/05\/drinks.jpg 63w, https:\/\/kodyka.com\/wp-content\/uploads\/2020\/05\/drinks-36x36.jpg 36w\" sizes=\"(max-width: 63px) 100vw, 63px\" \/>Getr\u00e4nke und Milchprodukte<\/span><span class=\"avia-menu-fx\"><span class=\"avia-arrow-wrap\"><span class=\"avia-arrow\"><\/span><\/span><\/span><\/a><\/li>\n<li role=\"menuitem\" id=\"menu-item-9702\" class=\"menu-item menu-item-type-post_type menu-item-object-page menu-item-top-level menu-item-top-level-4\"><a href=\"https:\/\/kodyka.com\/de\/industrien\/elektronisches-und-elektrisches-material-druckcode\/\" itemprop=\"url\" tabindex=\"0\"><span class=\"avia-bullet\"><\/span><span class=\"avia-menu-text\"><img alt=\"kodykar-tij-25-ruckverfolgbarkeit-von-produkten\" loading=\"lazy\" decoding=\"async\" class=\"alignnone size-full wp-image-3493 aligncenter\" src=\"https:\/\/de.kodyka.com\/wp-content\/uploads\/2020\/05\/electronic.jpg\" alt=\"\" width=\"63\" height=\"63\" srcset=\"https:\/\/kodyka.com\/wp-content\/uploads\/2020\/05\/electronic.jpg 63w, https:\/\/kodyka.com\/wp-content\/uploads\/2020\/05\/electronic-36x36.jpg 36w\" sizes=\"(max-width: 63px) 100vw, 63px\" \/>Elektronisches und elektrisches Material<\/span><span class=\"avia-menu-fx\"><span class=\"avia-arrow-wrap\"><span class=\"avia-arrow\"><\/span><\/span><\/span><\/a><\/li>\n<li role=\"menuitem\" id=\"menu-item-9700\" class=\"menu-item menu-item-type-post_type menu-item-object-page menu-item-top-level menu-item-top-level-5\"><a href=\"https:\/\/kodyka.com\/de\/industrien\/agrar-lebensmittelprodukte-kennzeichnung-und-codierung-in-der-lebensmittelindustrie\/\" itemprop=\"url\" tabindex=\"0\"><span class=\"avia-bullet\"><\/span><span class=\"avia-menu-text\"><img alt=\"kodykar-tij-25-ruckverfolgbarkeit-von-produkten\" loading=\"lazy\" decoding=\"async\" class=\"alignnone size-full wp-image-3513 aligncenter\" src=\"https:\/\/de.kodyka.com\/wp-content\/uploads\/2020\/05\/foods.jpg\" alt=\"\" width=\"63\" height=\"63\" srcset=\"https:\/\/kodyka.com\/wp-content\/uploads\/2020\/05\/foods.jpg 63w, https:\/\/kodyka.com\/wp-content\/uploads\/2020\/05\/foods-36x36.jpg 36w\" sizes=\"(max-width: 63px) 100vw, 63px\" \/>Agrar-Lebensmittelprodukte<\/span><span class=\"avia-menu-fx\"><span class=\"avia-arrow-wrap\"><span class=\"avia-arrow\"><\/span><\/span><\/span><\/a><\/li>\n<li role=\"menuitem\" id=\"menu-item-9701\" class=\"menu-item menu-item-type-post_type menu-item-object-page menu-item-top-level menu-item-top-level-6\"><a href=\"https:\/\/kodyka.com\/de\/industrien\/eingefroren-strichcode-markierung\/\" itemprop=\"url\" tabindex=\"0\"><span class=\"avia-bullet\"><\/span><span class=\"avia-menu-text\"><img alt=\"kodykar-tij-25-ruckverfolgbarkeit-von-produkten\" loading=\"lazy\" decoding=\"async\" class=\"alignnone size-full wp-image-3533 aligncenter\" src=\"https:\/\/de.kodyka.com\/wp-content\/uploads\/2020\/05\/freezer.jpg\" alt=\"\" width=\"63\" height=\"63\" srcset=\"https:\/\/kodyka.com\/wp-content\/uploads\/2020\/05\/freezer.jpg 63w, https:\/\/kodyka.com\/wp-content\/uploads\/2020\/05\/freezer-36x36.jpg 36w\" sizes=\"(max-width: 63px) 100vw, 63px\" \/>Eingefroren<\/span><span class=\"avia-menu-fx\"><span class=\"avia-arrow-wrap\"><span class=\"avia-arrow\"><\/span><\/span><\/span><\/a><\/li>\n<li role=\"menuitem\" id=\"menu-item-9709\" class=\"menu-item menu-item-type-post_type menu-item-object-page menu-item-top-level menu-item-top-level-7\"><a href=\"https:\/\/kodyka.com\/de\/industrien\/susswaren-kuchen-und-bonbons-industrielle-kennzeichnung-und-codierung\/\" itemprop=\"url\" tabindex=\"0\"><span class=\"avia-bullet\"><\/span><span class=\"avia-menu-text\"><img alt=\"kodykar-tij-25-ruckverfolgbarkeit-von-produkten\" loading=\"lazy\" decoding=\"async\" class=\"alignnone size-full wp-image-3453 aligncenter\" src=\"https:\/\/de.kodyka.com\/wp-content\/uploads\/2020\/05\/cake-shop.jpg\" alt=\"\" width=\"63\" height=\"63\" srcset=\"https:\/\/kodyka.com\/wp-content\/uploads\/2020\/05\/cake-shop.jpg 63w, https:\/\/kodyka.com\/wp-content\/uploads\/2020\/05\/cake-shop-36x36.jpg 36w\" sizes=\"(max-width: 63px) 100vw, 63px\" \/>S\u00fc\u00dfwaren, Kuchen und Bonbons<\/span><span class=\"avia-menu-fx\"><span class=\"avia-arrow-wrap\"><span class=\"avia-arrow\"><\/span><\/span><\/span><\/a><\/li>\n<li role=\"menuitem\" id=\"menu-item-9706\" class=\"menu-item menu-item-type-post_type menu-item-object-page menu-item-top-level menu-item-top-level-8\"><a href=\"https:\/\/kodyka.com\/de\/industrien\/pharmazie-kosmetik-und-hygiene-ruckverfolgbarkeits-code\/\" itemprop=\"url\" tabindex=\"0\"><span class=\"avia-bullet\"><\/span><span class=\"avia-menu-text\"><img alt=\"kodykar-tij-25-ruckverfolgbarkeit-von-produkten\" loading=\"lazy\" decoding=\"async\" class=\"alignnone size-full wp-image-3573 aligncenter\" src=\"https:\/\/de.kodyka.com\/wp-content\/uploads\/2020\/05\/pharmacy.jpg\" alt=\"\" width=\"63\" height=\"63\" srcset=\"https:\/\/kodyka.com\/wp-content\/uploads\/2020\/05\/pharmacy.jpg 63w, https:\/\/kodyka.com\/wp-content\/uploads\/2020\/05\/pharmacy-36x36.jpg 36w\" sizes=\"(max-width: 63px) 100vw, 63px\" \/>Pharmazie, Kosmetik und Hygiene<\/span><span class=\"avia-menu-fx\"><span class=\"avia-arrow-wrap\"><span class=\"avia-arrow\"><\/span><\/span><\/span><\/a><\/li>\n<li role=\"menuitem\" id=\"menu-item-9707\" class=\"menu-item menu-item-type-post_type menu-item-object-page menu-item-top-level menu-item-top-level-9\"><a href=\"https:\/\/kodyka.com\/de\/industrien\/postkarten-und-mailings-kartenmarkierung-und-kodierung\/\" itemprop=\"url\" tabindex=\"0\"><span class=\"avia-bullet\"><\/span><span class=\"avia-menu-text\"><img alt=\"kodykar-tij-25-ruckverfolgbarkeit-von-produkten\" loading=\"lazy\" decoding=\"async\" class=\"alignnone size-full wp-image-3553 aligncenter\" src=\"https:\/\/de.kodyka.com\/wp-content\/uploads\/2020\/05\/mail.jpg\" alt=\"\" width=\"63\" height=\"63\" srcset=\"https:\/\/kodyka.com\/wp-content\/uploads\/2020\/05\/mail.jpg 63w, https:\/\/kodyka.com\/wp-content\/uploads\/2020\/05\/mail-36x36.jpg 36w\" sizes=\"(max-width: 63px) 100vw, 63px\" \/>Postkarten und Mailings<\/span><span class=\"avia-menu-fx\"><span class=\"avia-arrow-wrap\"><span class=\"avia-arrow\"><\/span><\/span><\/span><\/a><\/li>\n<li role=\"menuitem\" id=\"menu-item-9708\" class=\"menu-item menu-item-type-post_type menu-item-object-page menu-item-top-level menu-item-top-level-10\"><a href=\"https:\/\/kodyka.com\/de\/industrien\/ruckverfolgbarkeit-von-produkten\/\" itemprop=\"url\" tabindex=\"0\"><span class=\"avia-bullet\"><\/span><span class=\"avia-menu-text\"><img alt=\"kodykar-tij-25-ruckverfolgbarkeit-von-produkten\" loading=\"lazy\" decoding=\"async\" class=\"alignnone size-full wp-image-3627 aligncenter\" src=\"https:\/\/de.kodyka.com\/wp-content\/uploads\/2020\/05\/brand-1.jpg\" alt=\"\" width=\"63\" height=\"63\" srcset=\"https:\/\/kodyka.com\/wp-content\/uploads\/2020\/05\/brand-1.jpg 63w, https:\/\/kodyka.com\/wp-content\/uploads\/2020\/05\/brand-1-36x36.jpg 36w\" sizes=\"(max-width: 63px) 100vw, 63px\" \/>R\u00fcckverfolgbarkeit von Produkten<\/span><span class=\"avia-menu-fx\"><span class=\"avia-arrow-wrap\"><span class=\"avia-arrow\"><\/span><\/span><\/span><\/a><\/li>\n<\/ul><\/div><\/div>\n\n<style type=\"text\/css\" data-created_by=\"avia_inline_auto\" id=\"style-css-av-k9m0uwe1-b91b0332ac9dacc1ccefc2c569e9bdb0\">\n.avia-section.av-k9m0uwe1-b91b0332ac9dacc1ccefc2c569e9bdb0{\nbackground-color:#ffffff;\nbackground-image:url(https:\/\/kodyka.com\/wp-content\/uploads\/2020\/05\/fondo-transparente.png);\nbackground-repeat:no-repeat;\nbackground-position:50% 50%;\nbackground-attachment:fixed;\n}\n.avia-section.av-k9m0uwe1-b91b0332ac9dacc1ccefc2c569e9bdb0 .av-section-color-overlay{\nopacity:0.3;\nbackground-color:#ffffff;\nbackground-image:url(https:\/\/kodyka.com\/wp-content\/themes\/enfold\/images\/background-images\/dots-mini-light.png);\nbackground-repeat:repeat;\n}\n<\/style>\n<div id='av_section_2'  class='avia-section av-k9m0uwe1-b91b0332ac9dacc1ccefc2c569e9bdb0 header_color avia-section-large avia-no-border-styling  avia-builder-el-11  el_after_av_submenu  avia-builder-el-last  avia-full-contain avia-bg-style-fixed av-section-color-overlay-active container_wrap sidebar_right'  data-section-bg-repeat='contain'><div class=\"av-section-color-overlay-wrap\"><div class=\"av-section-color-overlay\"><\/div><div class='container av-section-cont-open' ><div class='template-page content  av-content-small alpha units'><div class='post-entry post-entry-type-page post-entry-9604'><div class='entry-content-wrapper clearfix'><\/div><\/div><\/div><!-- close content main div --><\/div><\/div><\/div><div id='after_section_2'  class='main_color av_default_container_wrap container_wrap sidebar_right'  ><div class='container av-section-cont-open' ><div class='template-page content  av-content-small alpha units'><div class='post-entry post-entry-type-page post-entry-9604'><div class='entry-content-wrapper clearfix'>\n","protected":false},"excerpt":{"rendered":"","protected":false},"author":1,"featured_media":9169,"parent":6850,"menu_order":0,"comment_status":"closed","ping_status":"closed","template":"","meta":{"footnotes":""},"class_list":["post-9604","page","type-page","status-publish","has-post-thumbnail","hentry"],"_links":{"self":[{"href":"https:\/\/kodyka.com\/de\/wp-json\/wp\/v2\/pages\/9604","targetHints":{"allow":["GET"]}}],"collection":[{"href":"https:\/\/kodyka.com\/de\/wp-json\/wp\/v2\/pages"}],"about":[{"href":"https:\/\/kodyka.com\/de\/wp-json\/wp\/v2\/types\/page"}],"author":[{"embeddable":true,"href":"https:\/\/kodyka.com\/de\/wp-json\/wp\/v2\/users\/1"}],"replies":[{"embeddable":true,"href":"https:\/\/kodyka.com\/de\/wp-json\/wp\/v2\/comments?post=9604"}],"version-history":[{"count":3,"href":"https:\/\/kodyka.com\/de\/wp-json\/wp\/v2\/pages\/9604\/revisions"}],"predecessor-version":[{"id":10015,"href":"https:\/\/kodyka.com\/de\/wp-json\/wp\/v2\/pages\/9604\/revisions\/10015"}],"up":[{"embeddable":true,"href":"https:\/\/kodyka.com\/de\/wp-json\/wp\/v2\/pages\/6850"}],"wp:featuredmedia":[{"embeddable":true,"href":"https:\/\/kodyka.com\/de\/wp-json\/wp\/v2\/media\/9169"}],"wp:attachment":[{"href":"https:\/\/kodyka.com\/de\/wp-json\/wp\/v2\/media?parent=9604"}],"curies":[{"name":"wp","href":"https:\/\/api.w.org\/{rel}","templated":true}]}}