{"id":107,"date":"2020-03-31T10:11:53","date_gmt":"2020-03-31T10:11:53","guid":{"rendered":"https:\/\/kodyka.com\/?page_id=107"},"modified":"2025-03-23T22:09:43","modified_gmt":"2025-03-23T22:09:43","slug":"sobre-nosotros","status":"publish","type":"page","link":"https:\/\/kodyka.com\/es\/sobre-nosotros\/","title":{"rendered":"Sobre nosotros"},"content":{"rendered":"\n<style type=\"text\/css\" data-created_by=\"avia_inline_auto\" id=\"style-css-av-k8yrcb3b-80901ebe24dc054fff9da5830d09cde4\">\n#top .av_textblock_section.av-k8yrcb3b-80901ebe24dc054fff9da5830d09cde4 .avia_textblock{\nfont-size:20px;\n}\n<\/style>\n<section  class='av_textblock_section av-k8yrcb3b-80901ebe24dc054fff9da5830d09cde4'  itemscope=\"itemscope\" itemtype=\"https:\/\/schema.org\/CreativeWork\" ><div class='avia_textblock'  itemprop=\"text\" ><h1 style=\"text-align: center;\">Nuestra empresa<\/h1>\n<h2 style=\"text-align: center;\">Fabricaci\u00f3n y distribuci\u00f3n INKJET<\/h2>\n<\/div><\/section>\n\n<style type=\"text\/css\" data-created_by=\"avia_inline_auto\" id=\"style-css-av-1krqr-c211092d498bfe54263914a7720e85bc\">\n.flex_column.av-1krqr-c211092d498bfe54263914a7720e85bc{\n-webkit-border-radius:0px 0px 0px 0px;\n-moz-border-radius:0px 0px 0px 0px;\nborder-radius:0px 0px 0px 0px;\npadding:0px 0px 0px 0px;\n}\n<\/style>\n<div class='flex_column av-1krqr-c211092d498bfe54263914a7720e85bc av_one_half  avia-builder-el-1  el_after_av_textblock  el_before_av_one_half  first flex_column_div av-zero-column-padding column-top-margin'     ><div  class='avia-slideshow av-k9al8ui6-e20e4cc4af70d23901c8db7bf560aa66 avia-slideshow-no scaling av_slideshow avia-slide-slider  avia-builder-el-2  avia-builder-el-no-sibling  av-slideshow-ui av-control-default av-slideshow-manual av-loop-once av-loop-manual-endless av-default-height-applied avia-slideshow-1' data-slideshow-options=\"{&quot;animation&quot;:&quot;slide&quot;,&quot;autoplay&quot;:false,&quot;loop_autoplay&quot;:&quot;once&quot;,&quot;interval&quot;:5,&quot;loop_manual&quot;:&quot;manual-endless&quot;,&quot;autoplay_stopper&quot;:false,&quot;noNavigation&quot;:false,&quot;bg_slider&quot;:false,&quot;keep_padding&quot;:false,&quot;hoverpause&quot;:false,&quot;show_slide_delay&quot;:0}\"  itemprop=\"image\" itemscope=\"itemscope\" itemtype=\"https:\/\/schema.org\/ImageObject\" ><ul class='avia-slideshow-inner ' style='padding-bottom: 66.702014846235%;'><li  class='avia-slideshow-slide av-k9al8ui6-e20e4cc4af70d23901c8db7bf560aa66__0  slide-1 slide-odd'><div data-rel='slideshow-1' class='avia-slide-wrap '   ><img alt=\"kodykar-tij-25-sobre-nosotros\" fetchpriority=\"high\" fetchpriority=\"high\" decoding=\"async\" class=\"wp-image-1245 avia-img-lazy-loading-not-1245\"  src=\"https:\/\/kodyka.com\/wp-content\/uploads\/2020\/04\/factory-printers.jpg\" width=\"943\" height=\"629\" title='fabricas de impresoras tij' alt='proceso de fabricacion equipos tij'  itemprop=\"thumbnailUrl\" srcset=\"https:\/\/kodyka.com\/wp-content\/uploads\/2020\/04\/factory-printers.jpg 943w, https:\/\/kodyka.com\/wp-content\/uploads\/2020\/04\/factory-printers-300x200.jpg 300w, https:\/\/kodyka.com\/wp-content\/uploads\/2020\/04\/factory-printers-768x512.jpg 768w, https:\/\/kodyka.com\/wp-content\/uploads\/2020\/04\/factory-printers-705x470.jpg 705w\" sizes=\"(max-width: 943px) 100vw, 943px\" \/><\/div><\/li><li  class='avia-slideshow-slide av-k9al8ui6-e20e4cc4af70d23901c8db7bf560aa66__1  slide-2 slide-even'><div data-rel='slideshow-1' class='avia-slide-wrap '   ><img alt=\"kodykar-tij-25-sobre-nosotros\" decoding=\"async\" class=\"wp-image-3313 avia-img-lazy-loading-not-3313\"  src=\"https:\/\/kodyka.com\/wp-content\/uploads\/2020\/05\/factory-printers-3.jpg\" width=\"943\" height=\"629\" title='f\u00e1brica de impresoras 3' alt='La tecnolog\u00eda de inyecci\u00f3n de tinta TIJ2.5 se utiliza ampliamente en muchos campos de la impresi\u00f3n industrial'  itemprop=\"thumbnailUrl\" srcset=\"https:\/\/kodyka.com\/wp-content\/uploads\/2020\/05\/factory-printers-3.jpg 943w, https:\/\/kodyka.com\/wp-content\/uploads\/2020\/05\/factory-printers-3-300x200.jpg 300w, https:\/\/kodyka.com\/wp-content\/uploads\/2020\/05\/factory-printers-3-768x512.jpg 768w, https:\/\/kodyka.com\/wp-content\/uploads\/2020\/05\/factory-printers-3-705x470.jpg 705w\" sizes=\"(max-width: 943px) 100vw, 943px\" \/><\/div><\/li><li  class='avia-slideshow-slide av-k9al8ui6-e20e4cc4af70d23901c8db7bf560aa66__2  slide-3 slide-odd'><div data-rel='slideshow-1' class='avia-slide-wrap '   ><img alt=\"kodykar-tij-25-sobre-nosotros\" decoding=\"async\" class=\"wp-image-3323 avia-img-lazy-loading-not-3323\"  src=\"https:\/\/kodyka.com\/wp-content\/uploads\/2020\/05\/factory-printers-2.jpg\" width=\"943\" height=\"629\" title='f\u00e1brica de impresoras  2' alt='controladores de impresoras de inyecci\u00f3n de tinta TIJ2.5 de alta resoluci\u00f3n'  itemprop=\"thumbnailUrl\" srcset=\"https:\/\/kodyka.com\/wp-content\/uploads\/2020\/05\/factory-printers-2.jpg 943w, https:\/\/kodyka.com\/wp-content\/uploads\/2020\/05\/factory-printers-2-300x200.jpg 300w, https:\/\/kodyka.com\/wp-content\/uploads\/2020\/05\/factory-printers-2-768x512.jpg 768w, https:\/\/kodyka.com\/wp-content\/uploads\/2020\/05\/factory-printers-2-705x470.jpg 705w\" sizes=\"(max-width: 943px) 100vw, 943px\" \/><\/div><\/li><li  class='avia-slideshow-slide av-k9al8ui6-e20e4cc4af70d23901c8db7bf560aa66__3  slide-4 slide-even'><div data-rel='slideshow-1' class='avia-slide-wrap '   ><img alt=\"kodykar-tij-25-sobre-nosotros\" loading=\"lazy\" loading=\"lazy\" decoding=\"async\" class=\"wp-image-5159 avia-img-lazy-loading-not-5159\"  src=\"https:\/\/kodyka.com\/wp-content\/uploads\/2020\/05\/inks-factory-kodyka.jpg\" width=\"943\" height=\"629\" title='inks factory kodyka' alt=''  itemprop=\"thumbnailUrl\" srcset=\"https:\/\/kodyka.com\/wp-content\/uploads\/2020\/05\/inks-factory-kodyka.jpg 943w, https:\/\/kodyka.com\/wp-content\/uploads\/2020\/05\/inks-factory-kodyka-300x200.jpg 300w, https:\/\/kodyka.com\/wp-content\/uploads\/2020\/05\/inks-factory-kodyka-768x512.jpg 768w, https:\/\/kodyka.com\/wp-content\/uploads\/2020\/05\/inks-factory-kodyka-705x470.jpg 705w\" sizes=\"auto, (max-width: 943px) 100vw, 943px\" \/><\/div><\/li><\/ul><div class='avia-slideshow-arrows avia-slideshow-controls' ><a href='#prev' class='prev-slide ' aria-hidden='true' data-av_icon='\ue87c' data-av_iconfont='entypo-fontello'  tabindex='-1'>Anterior<\/a><a href='#next' class='next-slide ' aria-hidden='true' data-av_icon='\ue87d' data-av_iconfont='entypo-fontello'  tabindex='-1'>Posterior<\/a><\/div><div class='avia-slideshow-dots avia-slideshow-controls'><a href='#1' class='goto-slide active' >1<\/a><a href='#2' class='goto-slide ' >2<\/a><a href='#3' class='goto-slide ' >3<\/a><a href='#4' class='goto-slide ' >4<\/a><\/div><\/div><\/div>\n\n<style type=\"text\/css\" data-created_by=\"avia_inline_auto\" id=\"style-css-av-1krqr-8-d861837cd91999271ff3ac5ada5e4f8f\">\n.flex_column.av-1krqr-8-d861837cd91999271ff3ac5ada5e4f8f{\n-webkit-border-radius:0px 0px 0px 0px;\n-moz-border-radius:0px 0px 0px 0px;\nborder-radius:0px 0px 0px 0px;\npadding:0px 0px 0px 0px;\n}\n<\/style>\n<div class='flex_column av-1krqr-8-d861837cd91999271ff3ac5ada5e4f8f av_one_half  avia-builder-el-3  el_after_av_one_half  el_before_av_section  avia-builder-el-last  flex_column_div av-zero-column-padding column-top-margin'     ><p><section  class='av_textblock_section av-k8qeo40y-6ec9035c1688a2efe0d69f0d62bc5125'  itemscope=\"itemscope\" itemtype=\"https:\/\/schema.org\/CreativeWork\" ><div class='avia_textblock'  itemprop=\"text\" ><p>Kodyka\u00ae es un fabricante de equipos industriales de alta resoluci\u00f3n con tecnolog\u00eda termo InkJet TIJ2.5, DOD, laser, TTO y tintas Inkjet .<\/p>\n<\/div><\/section><br \/>\n<section  class='av_textblock_section av-k8qeo40y-5-0d5b24f8f64cb6911efe50c3a6944630'  itemscope=\"itemscope\" itemtype=\"https:\/\/schema.org\/CreativeWork\" ><div class='avia_textblock'  itemprop=\"text\" ><p>Nuestro negocio principal es desarrollar y fabricar impresoras y tintas termo Inkjet, as\u00ed como una gama de otros productos para aplicaciones de codificaci\u00f3n, marcaje industrial y trazabilidad.<\/p>\n<p>La marca Kodyka\u00ae se fund\u00f3 en Espa\u00f1a en el a\u00f1o 2014. Desde entonces, nuestra cartera de productos ha crecido y hoy abarca una gran variedad de impresoras, tintas y sistemas inkjet para la codificaci\u00f3n de datos simples y datos variables, hasta las aplicaciones de impresi\u00f3n con las tintas m\u00e1s sofisticadas.<\/p>\n<p>Tenemos oficinas comerciales en La Rioja, Arag\u00f3n, Catalu\u00f1a y la Comunidad de Madrid (Espa\u00f1a) y servimos al mercado Sudamericano a trav\u00e9s de nuestra oficina comercial de Contagem estado de Minas Gerais (Brasil).<\/p>\n<p>Obtenga m\u00e1s informaci\u00f3n sobre c\u00f3mo pensamos globalmente y actuamos localmente.<\/p>\n<\/div><\/section><\/p><\/div><\/div><\/div><\/div><!-- close content main div --><\/div><\/div>\n<style type=\"text\/css\" data-created_by=\"avia_inline_auto\" id=\"style-css-av-k95yf2uq-30e6f4837e12447167c7b96658b2ecb3\">\n.avia-section.av-k95yf2uq-30e6f4837e12447167c7b96658b2ecb3 .av-parallax .av-parallax-inner{\nbackground-repeat:no-repeat;\nbackground-image:url(https:\/\/kodyka.com\/wp-content\/uploads\/2022\/10\/kodyka-map-world.jpg);\nbackground-position:50% 50%;\nbackground-attachment:scroll;\n}\n<\/style>\n<div id='av_section_1'  class='avia-section av-k95yf2uq-30e6f4837e12447167c7b96658b2ecb3 main_color avia-section-default avia-no-border-styling  avia-builder-el-6  el_after_av_one_half  el_before_av_section  av-parallax-section avia-bg-style-parallax av-minimum-height av-minimum-height-custom  container_wrap sidebar_right'  data-section-bg-repeat='no-repeat' data-av_minimum_height_px='500'><div class='av-parallax' data-avia-parallax-ratio='0.3' ><div class='av-parallax-inner main_color avia-full-stretch'><\/div><\/div><div class='container av-section-cont-open' style='height:500px'><div class='template-page content  av-content-small alpha units'><div class='post-entry post-entry-type-page post-entry-107'><div class='entry-content-wrapper clearfix'>\n\n<style type=\"text\/css\" data-created_by=\"avia_inline_auto\" id=\"style-css-av-k96274ye-cade3868a1529a43beb51576fa79eba1\">\n.flex_column.av-k96274ye-cade3868a1529a43beb51576fa79eba1{\n-webkit-border-radius:0px 0px 0px 0px;\n-moz-border-radius:0px 0px 0px 0px;\nborder-radius:0px 0px 0px 0px;\npadding:0px 0px 0px 0px;\nbackground-color:rgba(236,240,242,0.63);\n}\n<\/style>\n<div class='flex_column av-k96274ye-cade3868a1529a43beb51576fa79eba1 av_one_fifth  avia-builder-el-7  el_before_av_three_fifth  avia-builder-el-first  first flex_column_div av-zero-column-padding '     ><\/div>\n<style type=\"text\/css\" data-created_by=\"avia_inline_auto\" id=\"style-css-av-k96274ye-3-b064b58b34fd2194d946d1f755e6beed\">\n.flex_column.av-k96274ye-3-b064b58b34fd2194d946d1f755e6beed{\n-webkit-border-radius:0px 0px 0px 0px;\n-moz-border-radius:0px 0px 0px 0px;\nborder-radius:0px 0px 0px 0px;\npadding:0px 0px 0px 0px;\nbackground-color:rgba(236,240,242,0.63);\n}\n<\/style>\n<div class='flex_column av-k96274ye-3-b064b58b34fd2194d946d1f755e6beed av_three_fifth  avia-builder-el-8  el_after_av_one_fifth  el_before_av_hr  flex_column_div av-zero-column-padding '     ><style type=\"text\/css\" data-created_by=\"avia_inline_auto\" id=\"style-css-av-k95ygb80-22ef7ca1c45ab05b443d93f6cc2f1e01\">\n#top .av_textblock_section.av-k95ygb80-22ef7ca1c45ab05b443d93f6cc2f1e01 .avia_textblock{\nfont-size:22px;\n}\n<\/style>\n<section  class='av_textblock_section av-k95ygb80-22ef7ca1c45ab05b443d93f6cc2f1e01'  itemscope=\"itemscope\" itemtype=\"https:\/\/schema.org\/CreativeWork\" ><div class='avia_textblock'  itemprop=\"text\" ><p style=\"text-align: center;\">Nuestras impresoras y tintas se venden en todo el mundo a trav\u00e9s de nuestra extensa red de distribuidores e integradores.<\/p>\n<\/div><\/section><\/div>\n<style type=\"text\/css\" data-created_by=\"avia_inline_auto\" id=\"style-css-av-k95ygzcm-c03e1fcb1b5cd1ec94a77c6a92f04949\">\n#top .hr.hr-invisible.av-k95ygzcm-c03e1fcb1b5cd1ec94a77c6a92f04949{\nheight:350px;\n}\n<\/style>\n<div  class='hr av-k95ygzcm-c03e1fcb1b5cd1ec94a77c6a92f04949 hr-invisible  avia-builder-el-10  el_after_av_three_fifth  el_before_av_button '><span class='hr-inner '><span class=\"hr-inner-style\"><\/span><\/span><\/div>\n<div  class='avia-button-wrap av-k8yras5s-9b369ff6d85c6fc601799bb84c188bf0-wrap avia-button-center  avia-builder-el-11  el_after_av_hr  avia-builder-el-last '><a href='https:\/\/kodyka.com\/contact\/'  class='avia-button av-k8yras5s-9b369ff6d85c6fc601799bb84c188bf0 avia-icon_select-yes-left-icon avia-size-large avia-position-center avia-color-theme-color-highlight'  ><span class='avia_button_icon avia_button_icon_left' aria-hidden='true' data-av_icon='\ue83c' data-av_iconfont='entypo-fontello'><\/span><span class='avia_iconbox_title' >CONTACTAR<\/span><\/a><\/div>\n<\/p>\n<\/div><\/div><\/div><!-- close content main div --><\/div><\/div>\n<style type=\"text\/css\" data-created_by=\"avia_inline_auto\" id=\"style-css-av-k9y47l1j-f20a0f77125e151685ba9a2239f7e45c\">\n.avia-section.av-k9y47l1j-f20a0f77125e151685ba9a2239f7e45c{\nbackground-repeat:no-repeat;\nbackground-image:url(https:\/\/kodyka.com\/wp-content\/uploads\/2020\/05\/fondo-transparente.png);\nbackground-position:50% 50%;\nbackground-attachment:fixed;\n}\n.avia-section.av-k9y47l1j-f20a0f77125e151685ba9a2239f7e45c .av-section-color-overlay{\nopacity:0.3;\nbackground-color:#f7f7f7;\nbackground-image:url(https:\/\/kodyka.com\/wp-content\/themes\/enfold\/images\/background-images\/dots-mini-light.png);\nbackground-repeat:repeat;\n}\n<\/style>\n<div id='av_section_2'  class='avia-section av-k9y47l1j-f20a0f77125e151685ba9a2239f7e45c header_color avia-section-large avia-no-border-styling  avia-builder-el-12  el_after_av_section  avia-builder-el-last  avia-full-contain avia-bg-style-fixed av-section-color-overlay-active container_wrap sidebar_right'  data-section-bg-repeat='contain'><div class=\"av-section-color-overlay-wrap\"><div class=\"av-section-color-overlay\"><\/div><div class='container av-section-cont-open' ><div class='template-page content  av-content-small alpha units'><div class='post-entry post-entry-type-page post-entry-107'><div class='entry-content-wrapper clearfix'>\n\n<style type=\"text\/css\" data-created_by=\"avia_inline_auto\" id=\"style-css-av-uznn-677427d826a77f98609c93b0cd45269d\">\n.flex_column.av-uznn-677427d826a77f98609c93b0cd45269d{\n-webkit-border-radius:0px 0px 0px 0px;\n-moz-border-radius:0px 0px 0px 0px;\nborder-radius:0px 0px 0px 0px;\npadding:0px 0px 0px 0px;\n}\n<\/style>\n<div class='flex_column av-uznn-677427d826a77f98609c93b0cd45269d av_one_half  avia-builder-el-13  el_before_av_one_half  avia-builder-el-first  first flex_column_div av-zero-column-padding '     ><style type=\"text\/css\" data-created_by=\"avia_inline_auto\" id=\"style-css-av-k8qeo40y-4-16f7abeff5b960e31993b13bc706f82f\">\n#top .av_textblock_section.av-k8qeo40y-4-16f7abeff5b960e31993b13bc706f82f .avia_textblock{\nfont-size:20px;\n}\n<\/style>\n<section  class='av_textblock_section av-k8qeo40y-4-16f7abeff5b960e31993b13bc706f82f'  itemscope=\"itemscope\" itemtype=\"https:\/\/schema.org\/CreativeWork\" ><div class='avia_textblock'  itemprop=\"text\" ><h3>Nuestra misi\u00f3n<\/h3>\n<p>es suministrar impresoras y tintas Inkjet con tecnolog\u00eda TIJ2.5 de alta resoluci\u00f3n que satisfagan las necesidades de nuestros clientes en todo el mundo.<\/p>\n<\/div><\/section><br \/>\n<section  class='av_textblock_section av-k8qeo40y-2-98c66ab543bf3b021a1850ac50919779'  itemscope=\"itemscope\" itemtype=\"https:\/\/schema.org\/CreativeWork\" ><div class='avia_textblock'  itemprop=\"text\" ><p>Nuestras soluciones de impresi\u00f3n flexibles nos permiten cumplir con los diferentes requisitos y est\u00e1ndares de calidad en diferentes mercados. Nuestra amplia gama de productos incluye impresoras y tintas para las aplicaciones de codificaci\u00f3n de datos m\u00e1s simples, as\u00ed como las aplicaciones m\u00e1s complejas.<\/p>\n<p>Hasta ahora, nuestro objetivo de proporcionar sistemas de impresi\u00f3n de inyecci\u00f3n de tinta de alta resoluci\u00f3n flexibles y rentables nos ha permitido vender nuestros productos en la mayor parte del mundo. Esto, combinado con nuestra amplia gama de productos, nos convierte en un socio ideal.<\/p>\n<\/div><\/section><\/p><\/div>\n<style type=\"text\/css\" data-created_by=\"avia_inline_auto\" id=\"style-css-av-1krqr-6-40ff2d70bfb5c5882693cccda698951d\">\n.flex_column.av-1krqr-6-40ff2d70bfb5c5882693cccda698951d{\n-webkit-border-radius:0px 0px 0px 0px;\n-moz-border-radius:0px 0px 0px 0px;\nborder-radius:0px 0px 0px 0px;\npadding:0px 0px 0px 0px;\n}\n<\/style>\n<div class='flex_column av-1krqr-6-40ff2d70bfb5c5882693cccda698951d av_one_half  avia-builder-el-16  el_after_av_one_half  avia-builder-el-last  flex_column_div av-zero-column-padding '     ><div  class='avia-slideshow av-k9al8ui6-7-14ac790155aa97902b298d962dd78389 avia-slideshow-no scaling av_slideshow avia-slide-slider  avia-builder-el-17  avia-builder-el-no-sibling  av-slideshow-ui av-control-default av-slideshow-autoplay av-loop-endless av-loop-manual-endless av-default-height-applied avia-slideshow-2' data-slideshow-options=\"{&quot;animation&quot;:&quot;slide&quot;,&quot;autoplay&quot;:true,&quot;loop_autoplay&quot;:&quot;endless&quot;,&quot;interval&quot;:5,&quot;loop_manual&quot;:&quot;manual-endless&quot;,&quot;autoplay_stopper&quot;:false,&quot;noNavigation&quot;:false,&quot;bg_slider&quot;:false,&quot;keep_padding&quot;:false,&quot;hoverpause&quot;:false,&quot;show_slide_delay&quot;:0}\"  itemprop=\"image\" itemscope=\"itemscope\" itemtype=\"https:\/\/schema.org\/ImageObject\" ><ul class='avia-slideshow-inner ' style='padding-bottom: 66.702014846235%;'><li  class='avia-slideshow-slide av-k9al8ui6-7-14ac790155aa97902b298d962dd78389__0  av-single-slide slide-1 slide-odd'><div data-rel='slideshow-2' class='avia-slide-wrap '   ><img alt=\"kodykar-tij-25-sobre-nosotros\" loading=\"lazy\" loading=\"lazy\" decoding=\"async\" class=\"wp-image-1230 avia-img-lazy-loading-not-1230\"  src=\"https:\/\/kodyka.com\/wp-content\/uploads\/2020\/04\/foto-fabrica-6.jpg\" width=\"943\" height=\"629\" title='foto fabrica 6' alt='fabrica kodyka impresoras tij 2.5'  itemprop=\"thumbnailUrl\" srcset=\"https:\/\/kodyka.com\/wp-content\/uploads\/2020\/04\/foto-fabrica-6.jpg 943w, https:\/\/kodyka.com\/wp-content\/uploads\/2020\/04\/foto-fabrica-6-300x200.jpg 300w, https:\/\/kodyka.com\/wp-content\/uploads\/2020\/04\/foto-fabrica-6-768x512.jpg 768w, https:\/\/kodyka.com\/wp-content\/uploads\/2020\/04\/foto-fabrica-6-705x470.jpg 705w\" sizes=\"auto, (max-width: 943px) 100vw, 943px\" \/><\/div><\/li><\/ul><\/div><\/div><\/div><\/div><\/div><!-- close content main div --><\/div><\/div><\/div><div id='after_section_2'  class='main_color av_default_container_wrap container_wrap sidebar_right'  ><div class='container av-section-cont-open' ><div class='template-page content  av-content-small alpha units'><div class='post-entry post-entry-type-page post-entry-107'><div class='entry-content-wrapper clearfix'>\n","protected":false},"excerpt":{"rendered":"","protected":false},"author":1,"featured_media":5765,"parent":0,"menu_order":0,"comment_status":"closed","ping_status":"closed","template":"","meta":{"footnotes":""},"class_list":["post-107","page","type-page","status-publish","has-post-thumbnail","hentry"],"_links":{"self":[{"href":"https:\/\/kodyka.com\/es\/wp-json\/wp\/v2\/pages\/107","targetHints":{"allow":["GET"]}}],"collection":[{"href":"https:\/\/kodyka.com\/es\/wp-json\/wp\/v2\/pages"}],"about":[{"href":"https:\/\/kodyka.com\/es\/wp-json\/wp\/v2\/types\/page"}],"author":[{"embeddable":true,"href":"https:\/\/kodyka.com\/es\/wp-json\/wp\/v2\/users\/1"}],"replies":[{"embeddable":true,"href":"https:\/\/kodyka.com\/es\/wp-json\/wp\/v2\/comments?post=107"}],"version-history":[{"count":17,"href":"https:\/\/kodyka.com\/es\/wp-json\/wp\/v2\/pages\/107\/revisions"}],"predecessor-version":[{"id":17549,"href":"https:\/\/kodyka.com\/es\/wp-json\/wp\/v2\/pages\/107\/revisions\/17549"}],"wp:featuredmedia":[{"embeddable":true,"href":"https:\/\/kodyka.com\/es\/wp-json\/wp\/v2\/media\/5765"}],"wp:attachment":[{"href":"https:\/\/kodyka.com\/es\/wp-json\/wp\/v2\/media?parent=107"}],"curies":[{"name":"wp","href":"https:\/\/api.w.org\/{rel}","templated":true}]}}