{"id":10794,"date":"2020-10-20T08:35:05","date_gmt":"2020-10-20T08:35:05","guid":{"rendered":"https:\/\/kodyka.com\/cookies-politics\/"},"modified":"2020-10-20T08:43:52","modified_gmt":"2020-10-20T08:43:52","slug":"politica-de-cookies","status":"publish","type":"page","link":"https:\/\/kodyka.com\/es\/politica-de-cookies\/","title":{"rendered":"Pol\u00edtica de cookies"},"content":{"rendered":"<section  class='av_textblock_section av-kghq0p87-d206dd96ce66b82c2510a5116a35eaeb'  itemscope=\"itemscope\" itemtype=\"https:\/\/schema.org\/CreativeWork\" ><div class='avia_textblock'  itemprop=\"text\" ><h2>Pol\u00edtica de cookies<\/h2>\n<\/div><\/section>\n<section  class='av_textblock_section av-kghppbej-c0e16772cd7ec283af8579639e4bd436'  itemscope=\"itemscope\" itemtype=\"https:\/\/schema.org\/CreativeWork\" ><div class='avia_textblock'  itemprop=\"text\" ><p>A trav\u00e9s de esta pol\u00edtica, Kodyka. como responsable del dominio <a href=\"https:\/\/es.kodyka.com\">es.eskodyka.com<\/a>, ofrecemos al usuario de la p\u00e1gina informaci\u00f3n acerca del tratamiento de sus datos que realizamos a trav\u00e9s del uso de \u201ccookies\u201d y\/o tecnolog\u00edas similares.<\/p>\n<p><strong>\u00bfQu\u00e9 es una Cookie?<\/strong><\/p>\n<p>Este sitio web utiliza cookies y\/o tecnolog\u00edas similares que almacenan y recuperan informaci\u00f3n cuando navegas. En general, estas tecnolog\u00edas pueden servir para finalidades muy diversas, como, por ejemplo, reconocerte como usuario, obtener informaci\u00f3n sobre tus h\u00e1bitos de navegaci\u00f3n, o personalizar la forma en que se muestra el contenido. Los usos concretos que hacemos de estas tecnolog\u00edas se describen a continuaci\u00f3n.<\/p>\n<p><strong>\u00a0<\/strong><\/p>\n<p><strong>\u00bfQu\u00e9 tipos de cookies utilizamos?<\/strong><\/p>\n<p>En este sitio se utilizan los siguientes tipos de cookies:<\/p>\n<p><strong>Por propietario:<\/strong><\/p>\n<p><u>Cookies Propias<\/u>: son aquellas que se env\u00edan al equipo terminal del usuario desde un equipo o dominio gestionado por el propio editor y desde el que se presta el servicio solicitado por el usuario.<\/p>\n<p><u>Cookies de Terceros<\/u>: son aquellas que se env\u00edan al equipo terminal del usuario desde un equipo o dominio que no es gestionado por el editor, sino por otra entidad que trata los datos obtenidos trav\u00e9s de las cookies<\/p>\n<p><strong>Por finalidad:<\/strong><\/p>\n<p><u>Cookies T\u00e9cnicas<\/u>: son aquellas que permiten al usuario la navegaci\u00f3n a trav\u00e9s de una p\u00e1gina web, plataforma o aplicaci\u00f3n y la utilizaci\u00f3n de las diferentes opciones o servicios que en ella existan, incluyendo aquellas que el editor utiliza para permitir la gesti\u00f3n y operativa de la p\u00e1gina web y habilitar sus funciones y servicios.<\/p>\n<p><u>Cookies Anal\u00edticas<\/u>: son aquellas que permiten al responsable de las mismas el seguimiento y an\u00e1lisis del comportamiento de los usuarios de los sitios web a los que est\u00e1n vinculadas, incluida la cuantificaci\u00f3n de los impactos de los anuncios. La informaci\u00f3n recogida mediante este tipo de cookies se utiliza en la medici\u00f3n de la actividad de los sitios web, aplicaci\u00f3n o plataforma, con el fin de introducir mejoras en funci\u00f3n del an\u00e1lisis de los datos de uso que hacen los usuarios del servicio.<\/p>\n<p><strong>Por el tiempo que permanecen activas: <\/strong><\/p>\n<p><u>Cookies de sesi\u00f3n:<\/u> son aquellas dise\u00f1adas para recabar y almacenar datos mientras el usuario accede a una p\u00e1gina web. Se suelen emplear para almacenar informaci\u00f3n que solo interesa conservar para la prestaci\u00f3n del servicio solicitado por el usuario en una sola ocasi\u00f3n (por ejemplo, una lista de productos adquiridos) y desaparecen al terminar la sesi\u00f3n.<\/p>\n<p><u>Cookies persistentes:<\/u> son aquellas en las que los datos siguen almacenados en el terminal y pueden ser accedidos y tratados durante un periodo definido por el responsable de la cookie, y que puede ir de unos minutos a varios a\u00f1os.<\/p>\n<table>\n<tbody>\n<tr>\n<td width=\"140\">wp-wpml_current_language<\/td>\n<td width=\"128\">tecnicas<\/td>\n<td width=\"166\">Esta cookie se instalada por wpml . La cookie se utiliza para cambiar de idioma las paginas de la web, .<\/td>\n<td width=\"85\">es. kodyka.com<\/td>\n<td width=\"101\">1 D\u00eda<\/td>\n<\/tr>\n<\/tbody>\n<\/table>\n<table>\n<tbody>\n<tr>\n<td width=\"140\">ga<\/td>\n<td width=\"128\">Anal\u00edtica<\/td>\n<td width=\"166\">Esta cookie es instalada por Google Analytics. La cookie se utiliza para calcular los datos de visitantes, sesiones, campa\u00f1as y realizar un seguimiento del uso del sitio web para el informe anal\u00edtico de dicho sitio web. Las cookies almacenan informaci\u00f3n de forma an\u00f3nima y asignan un n\u00famero generado aleatoriamente para identificar visitantes \u00fanicos.<\/td>\n<td width=\"85\">Google<\/td>\n<td width=\"101\">2 a\u00f1os desde inicio de sesi\u00f3n<\/td>\n<\/tr>\n<tr>\n<td width=\"140\">gid<\/td>\n<td width=\"128\">Anal\u00edtica<\/td>\n<td width=\"166\">Esta cookie es instalada por Google Analytics. La cookie se utiliza para almacenar informaci\u00f3n sobre c\u00f3mo los visitantes usan el sitio web y ayuda a crear un informe anal\u00edtico de c\u00f3mo est\u00e1 funcionando dicho sitio web. Los datos recopilados, incluidos el n\u00famero de visitantes, la fuente de donde provienen y las p\u00e1ginas, aparecieron de forma an\u00f3nima.<\/td>\n<td width=\"85\">Google<\/td>\n<td width=\"101\">24 horas<\/td>\n<\/tr>\n<tr>\n<td width=\"140\">gat<\/td>\n<td width=\"128\">Anal\u00edtica<\/td>\n<td width=\"166\">Google Universal Analytics instala estas cookies para reducir la velocidad de solicitud y limitar la recopilaci\u00f3n de datos en sitios de alto tr\u00e1fico.<\/td>\n<td width=\"85\">Google<\/td>\n<td width=\"101\">1 minuto<\/td>\n<\/tr>\n<tr>\n<td width=\"140\">_gat_gtag_UA_177635086_1<\/td>\n<td width=\"128\"><\/td>\n<td width=\"166\">Google utiliza esta cookie para distinguir a los usuarios<\/td>\n<td width=\"85\">Google<\/td>\n<td width=\"101\">1 minuto<\/td>\n<\/tr>\n<\/tbody>\n<\/table>\n<p><strong>(*) Proveedores no ubicados en la Uni\u00f3n Europea ni en pa\u00edses con legislaci\u00f3n equivalente en materia de protecci\u00f3n de datos<\/strong><\/p>\n<p>La informaci\u00f3n extra\u00edda a trav\u00e9s de estas cookies se almacena en servidores de Google\/Youtube\/Facebook, ubicados en EEUU, pa\u00eds en el cual su legislaci\u00f3n no garantiza un nivel adecuado de protecci\u00f3n de datos a criterio de las autoridades europeas. Al prestar su consentimiento al uso de estas cookies, usted consiente tambi\u00e9n la transferencia internacional de sus datos a la compa\u00f1\u00eda Google\/Youtube\/Facebook en Estados Unidos.<\/p>\n<p>Igualmente, Google se encuentra adscrita a la herramienta Web Choices, desde la cual, puede deshabilitar el uso de sus cookies: http:\/\/optout.aboutads.info\/.<\/p>\n<p><strong>\u00bfPuedo desactivarlas?<\/strong><\/p>\n<p><strong>\u00a0\u00a0\u00a0\u00a0\u00a0\u00a0\u00a0\u00a0\u00a0\u00a0\u00a0\u00a0\u00a0\u00a0\u00a0 <\/strong>Vd. puede configurar su navegador para rechazar el almacenamiento de las cookies en su ordenador.<\/p>\n<p>Para poder deshabilitar las cookies desde los navegadores puede encontrar informaci\u00f3n sobre c\u00f3mo hacerlo en el caso de que se use como navegador:<\/p>\n<p>Firefox desde aqu\u00ed: <a href=\"http:\/\/support.mozilla.org\/es\/kb\/habilitar-y-deshabilitar-cookies-que-los-sitios-we\" target=\"_blank\" rel=\"noopener noreferrer\">http:\/\/support.mozilla.org\/es\/kb\/habilitar-y-deshabilitar-cookies-que-los-sitios-we<\/a><\/p>\n<p>Chrome desde aqu\u00ed: <a href=\"http:\/\/support.google.com\/chrome\/bin\/answer.py?hl=es&amp;answer=95647\" target=\"_blank\" rel=\"noopener noreferrer\">http:\/\/support.google.com\/chrome\/bin\/answer.py?hl=es&amp;answer=95647<\/a><\/p>\n<p>Explorer desde aqu\u00ed: <a href=\"https:\/\/support.microsoft.com\/es-es\/help\/17442\/windows-internet-explorer-delete-manage-cookies\" target=\"_blank\" rel=\"noopener noreferrer\">https:\/\/support.microsoft.com\/es-es\/help\/17442\/windows-internet-explorer-delete-manage-cookies<\/a><\/p>\n<p>Safari desde aqu\u00ed: <a href=\"http:\/\/support.apple.com\/kb\/ph5042\" target=\"_blank\" rel=\"noopener noreferrer\">http:\/\/support.apple.com\/kb\/ph5042<\/a><\/p>\n<p>Opera desde aqu\u00ed: <a href=\"http:\/\/help.opera.com\/Windows\/11.50\/es-ES\/cookies.html\" target=\"_blank\" rel=\"noopener noreferrer\">http:\/\/help.opera.com\/Windows\/11.50\/es-ES\/cookies.html<\/a><\/p>\n<p><u>\u00a0<\/u><\/p>\n<p><strong>M\u00e1s informaci\u00f3n<\/strong><\/p>\n<p>Para m\u00e1s informaci\u00f3n acerca de cuestiones relativas a la privacidad y protecci\u00f3n de sus datos personales que nos est\u00e9n satisfechas a trav\u00e9s de la presente pol\u00edtica de cookies puede consultar nuestra pol\u00edtica a trav\u00e9s del siguiente enlace\u00a0\u00a0\u00a0\u00a0<a href=\"https:\/\/kodyka.com\/politica-privacidad\/\"> https:\/\/es.kodyka.com\/politica-privacidad\/<\/a><\/p>\n<\/div><\/section>\n","protected":false},"excerpt":{"rendered":"","protected":false},"author":1,"featured_media":0,"parent":0,"menu_order":0,"comment_status":"closed","ping_status":"closed","template":"","meta":{"footnotes":""},"class_list":["post-10794","page","type-page","status-publish","hentry"],"_links":{"self":[{"href":"https:\/\/kodyka.com\/es\/wp-json\/wp\/v2\/pages\/10794","targetHints":{"allow":["GET"]}}],"collection":[{"href":"https:\/\/kodyka.com\/es\/wp-json\/wp\/v2\/pages"}],"about":[{"href":"https:\/\/kodyka.com\/es\/wp-json\/wp\/v2\/types\/page"}],"author":[{"embeddable":true,"href":"https:\/\/kodyka.com\/es\/wp-json\/wp\/v2\/users\/1"}],"replies":[{"embeddable":true,"href":"https:\/\/kodyka.com\/es\/wp-json\/wp\/v2\/comments?post=10794"}],"version-history":[{"count":5,"href":"https:\/\/kodyka.com\/es\/wp-json\/wp\/v2\/pages\/10794\/revisions"}],"predecessor-version":[{"id":10799,"href":"https:\/\/kodyka.com\/es\/wp-json\/wp\/v2\/pages\/10794\/revisions\/10799"}],"wp:attachment":[{"href":"https:\/\/kodyka.com\/es\/wp-json\/wp\/v2\/media?parent=10794"}],"curies":[{"name":"wp","href":"https:\/\/api.w.org\/{rel}","templated":true}]}}