{"id":10897,"date":"2020-12-27T11:32:56","date_gmt":"2020-12-27T11:32:56","guid":{"rendered":"https:\/\/kodyka.com\/k125f\/"},"modified":"2025-10-27T22:21:53","modified_gmt":"2025-10-27T22:21:53","slug":"k125f","status":"publish","type":"page","link":"https:\/\/kodyka.com\/es\/impresoras-tij\/k125f\/","title":{"rendered":"K125NF"},"content":{"rendered":"\n<style type=\"text\/css\" data-created_by=\"avia_inline_auto\" id=\"style-css-av-p19q-e3e77f93c0208fd07161d8408ad73765\">\n.flex_column.av-p19q-e3e77f93c0208fd07161d8408ad73765{\n-webkit-border-radius:0px 0px 0px 0px;\n-moz-border-radius:0px 0px 0px 0px;\nborder-radius:0px 0px 0px 0px;\npadding:0px 0px 0px 0px;\n}\n<\/style>\n<div class='flex_column av-p19q-e3e77f93c0208fd07161d8408ad73765 av_one_full  avia-builder-el-0  el_before_av_one_third  avia-builder-el-first  first flex_column_div av-zero-column-padding '     ><style type=\"text\/css\" data-created_by=\"avia_inline_auto\" id=\"style-css-av-k6hrtrg7-7aef01e6142c9deb9494e533d8b3093c\">\n#top .av_textblock_section.av-k6hrtrg7-7aef01e6142c9deb9494e533d8b3093c .avia_textblock{\nfont-size:20px;\n}\n<\/style>\n<section  class='av_textblock_section av-k6hrtrg7-7aef01e6142c9deb9494e533d8b3093c'  itemscope=\"itemscope\" itemtype=\"https:\/\/schema.org\/CreativeWork\" ><div class='avia_textblock'  itemprop=\"text\" ><h1 style=\"text-align: center;\">K125NF<\/h1>\n<h2 style=\"text-align: center;\">Termal Inkjet Tecnology 2.5<\/h2>\n<\/div><\/section><br \/>\n<section  class='av_textblock_section av-ka085oue-91e3e041f332d85ca3771373d076622c'  itemscope=\"itemscope\" itemtype=\"https:\/\/schema.org\/CreativeWork\" ><div class='avia_textblock'  itemprop=\"text\" ><p><img alt=\"kodykar-tij-25-k125nf\" decoding=\"async\" class=\"alignnone size-full wp-image-10959\" src=\"https:\/\/ru.kodyka.com\/wp-content\/uploads\/2020\/12\/k125f.jpg\" alt=\"\" width=\"1030\" height=\"600\" srcset=\"https:\/\/kodyka.com\/wp-content\/uploads\/2020\/12\/k125f.jpg 1030w, https:\/\/kodyka.com\/wp-content\/uploads\/2020\/12\/k125f-300x175.jpg 300w, https:\/\/kodyka.com\/wp-content\/uploads\/2020\/12\/k125f-768x447.jpg 768w, https:\/\/kodyka.com\/wp-content\/uploads\/2020\/12\/k125f-705x411.jpg 705w\" sizes=\"(max-width: 1030px) 100vw, 1030px\" \/><\/p>\n<\/div><\/section><\/p><\/div>\n\n<style type=\"text\/css\" data-created_by=\"avia_inline_auto\" id=\"style-css-av-7qji6-65fe73cb758754a8938e917b689ec07f\">\n.flex_column.av-7qji6-65fe73cb758754a8938e917b689ec07f{\n-webkit-border-radius:0px 0px 0px 0px;\n-moz-border-radius:0px 0px 0px 0px;\nborder-radius:0px 0px 0px 0px;\npadding:0px 0px 0px 0px;\n}\n<\/style>\n<div class='flex_column av-7qji6-65fe73cb758754a8938e917b689ec07f av_one_third  avia-builder-el-3  el_after_av_one_full  el_before_av_one_fourth  first flex_column_div av-zero-column-padding column-top-margin'     ><section  class='av_textblock_section av-k6hq0wtk-6753e5d5d1c61ad1487ed88bcf2f65e3'  itemscope=\"itemscope\" itemtype=\"https:\/\/schema.org\/CreativeWork\" ><div class='avia_textblock'  itemprop=\"text\" ><h3><span style=\"color: #008000;\">IMPRESI\u00d3N R\u00c1PIDA Y SENCILLA EN ALTA RESOLUCI\u00d3N<\/span><\/h3>\n<\/div><\/section><br \/>\n<section  class='av_textblock_section av-k6hq0wtk-8-f26c6326cde58d0a78a18426e3b17beb'  itemscope=\"itemscope\" itemtype=\"https:\/\/schema.org\/CreativeWork\" ><div class='avia_textblock'  itemprop=\"text\" ><p><strong>IMPRESI\u00d3N DEL CABEZAL <\/strong><\/p>\n<p>Desde 1 mm hasta 25,4 mm<\/p>\n<p><strong>IMPRESI\u00d3N A ALTA VELOCIDAD <\/strong><\/p>\n<p>Hasta 120 m\/min. en resoluci\u00f3n 300 DPI<\/p>\n<p><strong>F\u00c1CIL USO <\/strong><\/p>\n<p>Pantalla t\u00e1ctil de 5\u201d con interfaz intuitiva\u00a0 para un f\u00e1cil manejo y sencilla programaci\u00f3n<\/p>\n<\/div><\/section><\/p><\/div>\n\n<style type=\"text\/css\" data-created_by=\"avia_inline_auto\" id=\"style-css-av-5wesm-f405f3f3aff3c03436f3e602a1ee865c\">\n.flex_column.av-5wesm-f405f3f3aff3c03436f3e602a1ee865c{\n-webkit-border-radius:0px 0px 0px 0px;\n-moz-border-radius:0px 0px 0px 0px;\nborder-radius:0px 0px 0px 0px;\npadding:0px 0px 0px 0px;\n}\n<\/style>\n<div class='flex_column av-5wesm-f405f3f3aff3c03436f3e602a1ee865c av_one_fourth  avia-builder-el-6  el_after_av_one_third  el_before_av_two_fifth  flex_column_div av-zero-column-padding column-top-margin'     ><section  class='av_textblock_section av-k6hq0wtk-7-364bd1ca986e2cb676ec8af4cc235519'  itemscope=\"itemscope\" itemtype=\"https:\/\/schema.org\/CreativeWork\" ><div class='avia_textblock'  itemprop=\"text\" ><h3><span style=\"color: #008000;\">10 RAZONES<\/span><\/h3>\n<\/div><\/section><br \/>\n<section  class='av_textblock_section av-k6hq0wtk-6-4a26bb0dc8a62f372ab7ac27c5559165'  itemscope=\"itemscope\" itemtype=\"https:\/\/schema.org\/CreativeWork\" ><div class='avia_textblock'  itemprop=\"text\" ><ul>\n<li>No necesita cambio de filtros<\/li>\n<li>Bajo coste de adquisici\u00f3n<\/li>\n<li>Tama\u00f1o compacto<\/li>\n<li>F\u00e1cil uso y creaci\u00f3n de mensajes<\/li>\n<li>No requiere mantenimiento ni t\u00e9cnicos<\/li>\n<li>No existen piezas de desgaste<\/li>\n<li>Marcaje en alta resoluci\u00f3n<\/li>\n<li>Tintas amigables sin mek<\/li>\n<li>Impresi\u00f3n sobre m\u00faltiples substratos<\/li>\n<li>Alta rentabilidad operativa<\/li>\n<\/ul>\n<\/div><\/section><\/p><\/div>\n\n<style type=\"text\/css\" data-created_by=\"avia_inline_auto\" id=\"style-css-av-57cv6-1c608dfb1cb397f4d50d93145b15ed48\">\n.flex_column.av-57cv6-1c608dfb1cb397f4d50d93145b15ed48{\n-webkit-border-radius:0px 0px 0px 0px;\n-moz-border-radius:0px 0px 0px 0px;\nborder-radius:0px 0px 0px 0px;\npadding:0px 0px 0px 0px;\n}\n<\/style>\n<div class='flex_column av-57cv6-1c608dfb1cb397f4d50d93145b15ed48 av_two_fifth  avia-builder-el-9  el_after_av_one_fourth  el_before_av_section  avia-builder-el-last  flex_column_div av-zero-column-padding column-top-margin'     ><style type=\"text\/css\" data-created_by=\"avia_inline_auto\" id=\"style-css-av-ka07pje5-17e9f192b71f2a86e64efb83c7e96ad0\">\n.avia-image-container.av-ka07pje5-17e9f192b71f2a86e64efb83c7e96ad0 img.avia_image{\nbox-shadow:none;\n}\n.avia-image-container.av-ka07pje5-17e9f192b71f2a86e64efb83c7e96ad0 .av-image-caption-overlay-center{\ncolor:#ffffff;\n}\n<\/style>\n<div  class='avia-image-container av-ka07pje5-17e9f192b71f2a86e64efb83c7e96ad0 av-styling- avia-align-center  avia-builder-el-10  avia-builder-el-no-sibling '   itemprop=\"image\" itemscope=\"itemscope\" itemtype=\"https:\/\/schema.org\/ImageObject\" ><div class=\"avia-image-container-inner\"><div class=\"avia-image-overlay-wrap\"><img alt=\"kodykar-tij-25-k125nf\" fetchpriority=\"high\" fetchpriority=\"high\" decoding=\"async\" class='wp-image-306 avia-img-lazy-loading-not-306 avia_image ' src=\"https:\/\/kodyka.com\/wp-content\/uploads\/2020\/03\/k112f-vista-conexiones.jpg\" alt='k112F - impresora de marcado y codificaci\u00f3n industrial' title='k112f-vista-conexiones'  height=\"600\" width=\"800\"  itemprop=\"thumbnailUrl\" srcset=\"https:\/\/kodyka.com\/wp-content\/uploads\/2020\/03\/k112f-vista-conexiones.jpg 800w, https:\/\/kodyka.com\/wp-content\/uploads\/2020\/03\/k112f-vista-conexiones-300x225.jpg 300w, https:\/\/kodyka.com\/wp-content\/uploads\/2020\/03\/k112f-vista-conexiones-768x576.jpg 768w, https:\/\/kodyka.com\/wp-content\/uploads\/2020\/03\/k112f-vista-conexiones-705x529.jpg 705w\" sizes=\"(max-width: 800px) 100vw, 800px\" \/><\/div><\/div><\/div><\/div>\n<\/div><\/div><\/div><!-- close content main div --><\/div><\/div>\n<style type=\"text\/css\" data-created_by=\"avia_inline_auto\" id=\"style-css-av-k9m0uwe1-3dadc3ef72e5fde7eda51486b648e9d3\">\n.avia-section.av-k9m0uwe1-3dadc3ef72e5fde7eda51486b648e9d3{\nbackground-color:#fcfcfc;\nbackground-image:url(https:\/\/kodyka.com\/wp-content\/uploads\/2020\/05\/fondo-transparente.png);\nbackground-repeat:no-repeat;\nbackground-position:50% 50%;\nbackground-attachment:fixed;\n}\n.avia-section.av-k9m0uwe1-3dadc3ef72e5fde7eda51486b648e9d3 .av-section-color-overlay{\nopacity:0.3;\nbackground-color:#ffffff;\nbackground-image:url(https:\/\/kodyka.com\/wp-content\/themes\/enfold\/images\/background-images\/dots-mini-light.png);\nbackground-repeat:repeat;\n}\n<\/style>\n<div id='av_section_1'  class='avia-section av-k9m0uwe1-3dadc3ef72e5fde7eda51486b648e9d3 main_color avia-section-large avia-no-border-styling  avia-builder-el-11  el_after_av_two_fifth  el_before_av_section  avia-full-contain avia-bg-style-fixed av-section-color-overlay-active container_wrap sidebar_right'  data-section-bg-repeat='contain'><div class=\"av-section-color-overlay-wrap\"><div class=\"av-section-color-overlay\"><\/div><div class='container av-section-cont-open' ><div class='template-page content  av-content-small alpha units'><div class='post-entry post-entry-type-page post-entry-10897'><div class='entry-content-wrapper clearfix'>\n\n<style type=\"text\/css\" data-created_by=\"avia_inline_auto\" id=\"style-css-av-3zixm-4946cf718bd0e682142b21d8324953d4\">\n.flex_column.av-3zixm-4946cf718bd0e682142b21d8324953d4{\n-webkit-border-radius:0px 0px 0px 0px;\n-moz-border-radius:0px 0px 0px 0px;\nborder-radius:0px 0px 0px 0px;\npadding:0px 0px 0px 0px;\n}\n<\/style>\n<div class='flex_column av-3zixm-4946cf718bd0e682142b21d8324953d4 av_one_full  avia-builder-el-12  avia-builder-el-no-sibling  first flex_column_div av-zero-column-padding '     ><div  class='tabcontainer av-k6hqi6ll-0a2b34e65dea783f14a41ded362bfc20 sidebar_tab sidebar_tab_left  avia-builder-el-13  avia-builder-el-no-sibling  border_tabs' role='tablist'>\n<section class='av_tab_section av_tab_section av-9v1qr-54f33151b2b4669e24bb86335871e1d2'  itemscope=\"itemscope\" itemtype=\"https:\/\/schema.org\/CreativeWork\" ><div class='tab active_tab' role='tab' tabindex='0' data-fake-id='#tab-id-1' aria-controls='tab-id-1-content'  itemprop=\"headline\" >IMPRESORA<\/div><div id='tab-id-1-content' class='tab_content active_tab_content' aria-hidden=\"false\"><div class='tab_inner_content invers-color'  itemprop=\"text\" ><div class=\"flex_column av_one_half first\">\n<p>&#8211; Estructura de acero industrial y compacta<\/p>\n<p>&#8211; Sistema operativo linux embebido<\/p>\n<p>&#8211; Electr\u00f3nica militar de estado s\u00f3lido sin piezas m\u00f3viles<\/p>\n<p>&#8211; CPU con sistema anti-interferencias<\/p>\n<p>&#8211; Interfaz de pantalla t\u00e1ctil de 5\u201d<\/p>\n<p>&#8211; Plantilla WYSIWYG y vista previa de impresi\u00f3n<\/p>\n<p>&#8211; Niveles de seguridad ajustables mediante men\u00fa<\/p>\n<p>&#8211; 1 puerto USB, 1 puerto RS-232 \u00f3 puerto RJ 45<\/p>\n<p>&#8211; Entrada de encoder y sensor<\/p>\n<\/div>\n<div class=\"flex_column av_one_half\">\n<p>&#8211; Input: AC 100-240V 50-60Hz<\/p>\n<p>&#8211; Output: 12.6V 3A<\/p>\n<p>&#8211; Temperatura funcionamiento: 0-55\u00baC<\/p>\n<p>&#8211; Tinta base agua: 10-40\u00baC<\/p>\n<p>&#8211; Tintas polim\u00e9ricas 15\u00baC \u2013 35\u00baC<\/p>\n<p>&#8211; Humedad: 30-70% (sin condensaci\u00f3n)<\/p>\n<p>&#8211; Multilenguaje<\/p>\n<p>&#8211; Dimensiones 136mm x 85mm x 60mm<\/p>\n<p>&#8211; Dimensiones cabezal 110mm x 80mm x 102mm<\/p>\n<p>&#8211; Peso 430 gramos<\/p>\n<\/div>\n<\/div><\/div><\/section>\n<section class='av_tab_section av_tab_section av-2m85y-578cd56a7d931539342f49aaf80875fa'  itemscope=\"itemscope\" itemtype=\"https:\/\/schema.org\/CreativeWork\" ><div class='tab' role='tab' tabindex='0' data-fake-id='#tab-id-2' aria-controls='tab-id-2-content'  itemprop=\"headline\" >VELOCIDAD DE LINEA Y RESOLUCI\u00d3N<\/div><div id='tab-id-2-content' class='tab_content' aria-hidden=\"true\"><div class='tab_inner_content invers-color'  itemprop=\"text\" ><p>&#8211; M\u00e1xima velocidad de l\u00ednea 300 m\/min ( 300 DPI)<\/p>\n<p>&#8211; M\u00e1xima resoluci\u00f3n 600 DPI<\/p>\n<\/div><\/div><\/section>\n<section class='av_tab_section av_tab_section av-2dmwm-a1bf6e7e2debe061414ce1ac9bc9f19c'  itemscope=\"itemscope\" itemtype=\"https:\/\/schema.org\/CreativeWork\" ><div class='tab' role='tab' tabindex='0' data-fake-id='#tab-id-3' aria-controls='tab-id-3-content'  itemprop=\"headline\" >CARACTERISTICAS IMPRESI\u00d3N<\/div><div id='tab-id-3-content' class='tab_content' aria-hidden=\"true\"><div class='tab_inner_content invers-color'  itemprop=\"text\" ><p>&#8211; Texto est\u00e1tico, inserciones de usuario, fecha\/hora, c\u00f3digos de . turnos, contadores y datos variables<\/p>\n<p>&#8211; Fuentes True Type Windows<\/p>\n<p>&#8211; C\u00f3digos de barras 1D: Codabar, Code 128, Code 39, Code 93, . EAN8, EAN13, EAN128, Interleaved 2 of 5, Pharmacode, Plessey, . UPC-A, UPC-E<\/p>\n<p>&#8211; C\u00f3digos de barras 2D: Aztec, Data Matrix, Maxi Code, Micro QR, Code, QR Code, QR Code 2005<\/p>\n<\/div><\/div><\/section>\n<section class='av_tab_section av_tab_section av-1hu5i-78695c9aa70d8171e84d190653240335'  itemscope=\"itemscope\" itemtype=\"https:\/\/schema.org\/CreativeWork\" ><div class='tab' role='tab' tabindex='0' data-fake-id='#tab-id-4' aria-controls='tab-id-4-content'  itemprop=\"headline\" >CABEZAL IMPRESI\u00d3N<\/div><div id='tab-id-4-content' class='tab_content' aria-hidden=\"true\"><div class='tab_inner_content invers-color'  itemprop=\"text\" ><p>&#8211; Tecnolog\u00eda TIJ 2.5<\/p>\n<p>&#8211; Distancia de impresi\u00f3n 2-6 mm<\/p>\n<p>&#8211; Reconocimiento de RFID para ajustar los par\u00e1metros de la tinta y niveles<\/p>\n<\/div><\/div><\/section>\n<\/div><\/div>\n\n<\/div><\/div><\/div><!-- close content main div --><\/div><\/div><\/div><div id='av_section_2'  class='avia-section av-ka05kb99-221768385f657062935c07f92efd03ed header_color avia-section-default avia-no-border-styling  avia-builder-el-14  el_after_av_section  el_before_av_section  avia-bg-style-scroll container_wrap sidebar_right'  ><div class='container av-section-cont-open' ><div class='template-page content  av-content-small alpha units'><div class='post-entry post-entry-type-page post-entry-10897'><div class='entry-content-wrapper clearfix'>\n\n<style type=\"text\/css\" data-created_by=\"avia_inline_auto\" id=\"style-css-av-57cv6-5-8db85457d533f22d3a10e5e743b5ecf3\">\n.flex_column.av-57cv6-5-8db85457d533f22d3a10e5e743b5ecf3{\n-webkit-border-radius:0px 0px 0px 0px;\n-moz-border-radius:0px 0px 0px 0px;\nborder-radius:0px 0px 0px 0px;\npadding:0px 0px 0px 0px;\n}\n<\/style>\n<div class='flex_column av-57cv6-5-8db85457d533f22d3a10e5e743b5ecf3 av_one_full  avia-builder-el-15  el_before_av_one_full  avia-builder-el-first  first flex_column_div av-zero-column-padding '     ><style type=\"text\/css\" data-created_by=\"avia_inline_auto\" id=\"style-css-av-ka07pje5-4-02b2d4c9c11b391c64b3eddf30f6a9d4\">\n.avia-image-container.av-ka07pje5-4-02b2d4c9c11b391c64b3eddf30f6a9d4 img.avia_image{\nbox-shadow:none;\n}\n.avia-image-container.av-ka07pje5-4-02b2d4c9c11b391c64b3eddf30f6a9d4 .av-image-caption-overlay-center{\ncolor:#ffffff;\n}\n<\/style>\n<div  class='avia-image-container av-ka07pje5-4-02b2d4c9c11b391c64b3eddf30f6a9d4 av-styling- avia-align-center  avia-builder-el-16  avia-builder-el-no-sibling '   itemprop=\"image\" itemscope=\"itemscope\" itemtype=\"https:\/\/schema.org\/ImageObject\" ><div class=\"avia-image-container-inner\"><div class=\"avia-image-overlay-wrap\"><img alt=\"kodykar-tij-25-k125nf\" decoding=\"async\" class='wp-image-341 avia-img-lazy-loading-not-341 avia_image ' src=\"https:\/\/kodyka.com\/wp-content\/uploads\/2020\/03\/k112f-parts.jpg\" alt='componentes impresora tij 2.5' title='k112f piezas'  height=\"850\" width=\"1500\"  itemprop=\"thumbnailUrl\" srcset=\"https:\/\/kodyka.com\/wp-content\/uploads\/2020\/03\/k112f-parts.jpg 1500w, https:\/\/kodyka.com\/wp-content\/uploads\/2020\/03\/k112f-parts-300x170.jpg 300w, https:\/\/kodyka.com\/wp-content\/uploads\/2020\/03\/k112f-parts-1030x584.jpg 1030w, https:\/\/kodyka.com\/wp-content\/uploads\/2020\/03\/k112f-parts-768x435.jpg 768w, https:\/\/kodyka.com\/wp-content\/uploads\/2020\/03\/k112f-parts-705x400.jpg 705w\" sizes=\"(max-width: 1500px) 100vw, 1500px\" \/><\/div><\/div><\/div><\/div>\n<style type=\"text\/css\" data-created_by=\"avia_inline_auto\" id=\"style-css-av-10vky-949267ed123df2656fc51b8854a4dbb1\">\n.flex_column.av-10vky-949267ed123df2656fc51b8854a4dbb1{\n-webkit-border-radius:0px 0px 0px 0px;\n-moz-border-radius:0px 0px 0px 0px;\nborder-radius:0px 0px 0px 0px;\npadding:0px 0px 0px 0px;\n}\n<\/style>\n<div class='flex_column av-10vky-949267ed123df2656fc51b8854a4dbb1 av_one_full  avia-builder-el-17  el_after_av_one_full  avia-builder-el-last  first flex_column_div av-zero-column-padding column-top-margin'     ><div  class='avia-button-wrap av-k73zy876-eb4dcabd3ced1a39c863838dd569e50d-wrap avia-button-center  avia-builder-el-18  avia-builder-el-no-sibling '><a href='https:\/\/kodyka.com\/wp-content\/uploads\/2024\/01\/k125nF.pdf' class='avia-button av-k73zy876-eb4dcabd3ced1a39c863838dd569e50d avia-icon_select-yes-left-icon avia-size-small avia-position-center avia-color-dark' target=\"_blank\" rel=\"noopener noreferrer\"><span class='avia_button_icon avia_button_icon_left' aria-hidden='true' data-av_icon='\ue82d' data-av_iconfont='entypo-fontello'><\/span><span class='avia_iconbox_title' >Descargar PDF<\/span><\/a><\/div><\/div><\/div><\/div><\/div><!-- close content main div --><\/div><\/div>\n<style type=\"text\/css\" data-created_by=\"avia_inline_auto\" id=\"style-css-av-k9m0uwe1-3-dd7cb28a4c9d742e70b12328a552d9de\">\n.avia-section.av-k9m0uwe1-3-dd7cb28a4c9d742e70b12328a552d9de{\nbackground-color:#fcfcfc;\nbackground-image:url(https:\/\/kodyka.com\/wp-content\/uploads\/2020\/05\/fondo-transparente.png);\nbackground-repeat:no-repeat;\nbackground-position:50% 50%;\nbackground-attachment:fixed;\n}\n.avia-section.av-k9m0uwe1-3-dd7cb28a4c9d742e70b12328a552d9de .av-section-color-overlay{\nopacity:0.3;\nbackground-color:#ffffff;\nbackground-image:url(https:\/\/kodyka.com\/wp-content\/themes\/enfold\/images\/background-images\/dots-mini-light.png);\nbackground-repeat:repeat;\n}\n<\/style>\n<div id='av_section_3'  class='avia-section av-k9m0uwe1-3-dd7cb28a4c9d742e70b12328a552d9de header_color avia-section-large avia-no-border-styling  avia-builder-el-19  el_after_av_section  avia-builder-el-last  avia-full-contain avia-bg-style-fixed av-section-color-overlay-active container_wrap sidebar_right'  data-section-bg-repeat='contain'><div class=\"av-section-color-overlay-wrap\"><div class=\"av-section-color-overlay\"><\/div><div class='container av-section-cont-open' ><div class='template-page content  av-content-small alpha units'><div class='post-entry post-entry-type-page post-entry-10897'><div class='entry-content-wrapper clearfix'>\n\n<style type=\"text\/css\" data-created_by=\"avia_inline_auto\" id=\"style-css-av-mj1mr-f01037ee5cd14844fe2434b4fd909619\">\n.flex_column.av-mj1mr-f01037ee5cd14844fe2434b4fd909619{\n-webkit-border-radius:0px 0px 0px 0px;\n-moz-border-radius:0px 0px 0px 0px;\nborder-radius:0px 0px 0px 0px;\npadding:0px 0px 0px 0px;\n}\n<\/style>\n<div class='flex_column av-mj1mr-f01037ee5cd14844fe2434b4fd909619 av_one_third  avia-builder-el-20  el_before_av_one_third  avia-builder-el-first  first flex_column_div av-zero-column-padding '     ><style type=\"text\/css\" data-created_by=\"avia_inline_auto\" id=\"style-css-av-k674wuwe-a8c197a3cb5c0bed606244661a4b8379\">\n#top .av_textblock_section.av-k674wuwe-a8c197a3cb5c0bed606244661a4b8379 .avia_textblock{\nfont-size:18px;\ncolor:#282828;\n}\n<\/style>\n<section  class='av_textblock_section av-k674wuwe-a8c197a3cb5c0bed606244661a4b8379'  itemscope=\"itemscope\" itemtype=\"https:\/\/schema.org\/CreativeWork\" ><div class='avia_textblock av_inherit_color'  itemprop=\"text\" ><p style=\"text-align: center;\"><img alt=\"kodykar-tij-25-k125nf\" loading=\"lazy\" decoding=\"async\" class=\" wp-image-5285 aligncenter\" src=\"https:\/\/es.kodyka.com\/wp-content\/uploads\/2020\/05\/filtro.png\" alt=\"\" width=\"180\" height=\"180\" srcset=\"https:\/\/kodyka.com\/wp-content\/uploads\/2020\/05\/filtro.png 250w, https:\/\/kodyka.com\/wp-content\/uploads\/2020\/05\/filtro-80x80.png 80w, https:\/\/kodyka.com\/wp-content\/uploads\/2020\/05\/filtro-36x36.png 36w, https:\/\/kodyka.com\/wp-content\/uploads\/2020\/05\/filtro-180x180.png 180w\" sizes=\"(max-width: 180px) 100vw, 180px\" \/>Impresora con placa base con filtros para picos de tensi\u00f3n e interferencias el\u00e9ctricas<\/p>\n<\/div><\/section><\/div>\n<style type=\"text\/css\" data-created_by=\"avia_inline_auto\" id=\"style-css-av-fyt03-d85c2497525bf91f86160385da6e6bf5\">\n.flex_column.av-fyt03-d85c2497525bf91f86160385da6e6bf5{\n-webkit-border-radius:0px 0px 0px 0px;\n-moz-border-radius:0px 0px 0px 0px;\nborder-radius:0px 0px 0px 0px;\npadding:0px 0px 0px 0px;\n}\n<\/style>\n<div class='flex_column av-fyt03-d85c2497525bf91f86160385da6e6bf5 av_one_third  avia-builder-el-22  el_after_av_one_third  el_before_av_one_third  flex_column_div av-zero-column-padding '     ><style type=\"text\/css\" data-created_by=\"avia_inline_auto\" id=\"style-css-av-k674wuwe-2-94009d375014df2f4b1a8530a14746b9\">\n#top .av_textblock_section.av-k674wuwe-2-94009d375014df2f4b1a8530a14746b9 .avia_textblock{\nfont-size:18px;\ncolor:#282828;\n}\n<\/style>\n<section  class='av_textblock_section av-k674wuwe-2-94009d375014df2f4b1a8530a14746b9'  itemscope=\"itemscope\" itemtype=\"https:\/\/schema.org\/CreativeWork\" ><div class='avia_textblock av_inherit_color'  itemprop=\"text\" ><p style=\"text-align: center;\"><img alt=\"kodykar-tij-25-k125nf\" loading=\"lazy\" decoding=\"async\" class=\" wp-image-5275 aligncenter\" src=\"https:\/\/es.kodyka.com\/wp-content\/uploads\/2020\/05\/electronica-militar.png\" alt=\"\" width=\"180\" height=\"180\" srcset=\"https:\/\/kodyka.com\/wp-content\/uploads\/2020\/05\/electronica-militar.png 250w, https:\/\/kodyka.com\/wp-content\/uploads\/2020\/05\/electronica-militar-80x80.png 80w, https:\/\/kodyka.com\/wp-content\/uploads\/2020\/05\/electronica-militar-36x36.png 36w, https:\/\/kodyka.com\/wp-content\/uploads\/2020\/05\/electronica-militar-180x180.png 180w\" sizes=\"(max-width: 180px) 100vw, 180px\" \/>Electr\u00f3nica en estado solido con resistencia de grado militar<\/p>\n<\/div><\/section><\/div>\n<style type=\"text\/css\" data-created_by=\"avia_inline_auto\" id=\"style-css-av-6menv-5fd74a76e991e223986002e3c8aacdb4\">\n.flex_column.av-6menv-5fd74a76e991e223986002e3c8aacdb4{\n-webkit-border-radius:0px 0px 0px 0px;\n-moz-border-radius:0px 0px 0px 0px;\nborder-radius:0px 0px 0px 0px;\npadding:0px 0px 0px 0px;\n}\n<\/style>\n<div class='flex_column av-6menv-5fd74a76e991e223986002e3c8aacdb4 av_one_third  avia-builder-el-24  el_after_av_one_third  avia-builder-el-last  flex_column_div av-zero-column-padding '     ><style type=\"text\/css\" data-created_by=\"avia_inline_auto\" id=\"style-css-av-k674wuwe-1-ce038d0dd0f4e3211812cfecf4ee4b5e\">\n#top .av_textblock_section.av-k674wuwe-1-ce038d0dd0f4e3211812cfecf4ee4b5e .avia_textblock{\nfont-size:18px;\ncolor:#282828;\n}\n<\/style>\n<section  class='av_textblock_section av-k674wuwe-1-ce038d0dd0f4e3211812cfecf4ee4b5e'  itemscope=\"itemscope\" itemtype=\"https:\/\/schema.org\/CreativeWork\" ><div class='avia_textblock av_inherit_color'  itemprop=\"text\" ><p style=\"text-align: center;\"><img alt=\"kodykar-tij-25-k125nf\" loading=\"lazy\" decoding=\"async\" class=\" wp-image-5265 aligncenter\" src=\"https:\/\/es.kodyka.com\/wp-content\/uploads\/2020\/05\/2garantia.png\" alt=\"\" width=\"180\" height=\"180\" srcset=\"https:\/\/kodyka.com\/wp-content\/uploads\/2020\/05\/2garantia.png 250w, https:\/\/kodyka.com\/wp-content\/uploads\/2020\/05\/2garantia-80x80.png 80w, https:\/\/kodyka.com\/wp-content\/uploads\/2020\/05\/2garantia-36x36.png 36w, https:\/\/kodyka.com\/wp-content\/uploads\/2020\/05\/2garantia-180x180.png 180w\" sizes=\"(max-width: 180px) 100vw, 180px\" \/>\u00danico fabricante que ofrece 2 a\u00f1os de garant\u00eda<\/p>\n<\/div><\/section><\/div>\n<\/div><\/div><\/div><!-- close content main div --><\/div><\/div><\/div><div id='after_section_3'  class='main_color av_default_container_wrap container_wrap sidebar_right'  ><div class='container av-section-cont-open' ><div class='template-page content  av-content-small alpha units'><div class='post-entry post-entry-type-page post-entry-10897'><div class='entry-content-wrapper clearfix'><\/p>\n","protected":false},"excerpt":{"rendered":"","protected":false},"author":1,"featured_media":10970,"parent":124,"menu_order":0,"comment_status":"closed","ping_status":"closed","template":"","meta":{"footnotes":""},"class_list":["post-10897","page","type-page","status-publish","has-post-thumbnail","hentry"],"_links":{"self":[{"href":"https:\/\/kodyka.com\/es\/wp-json\/wp\/v2\/pages\/10897","targetHints":{"allow":["GET"]}}],"collection":[{"href":"https:\/\/kodyka.com\/es\/wp-json\/wp\/v2\/pages"}],"about":[{"href":"https:\/\/kodyka.com\/es\/wp-json\/wp\/v2\/types\/page"}],"author":[{"embeddable":true,"href":"https:\/\/kodyka.com\/es\/wp-json\/wp\/v2\/users\/1"}],"replies":[{"embeddable":true,"href":"https:\/\/kodyka.com\/es\/wp-json\/wp\/v2\/comments?post=10897"}],"version-history":[{"count":12,"href":"https:\/\/kodyka.com\/es\/wp-json\/wp\/v2\/pages\/10897\/revisions"}],"predecessor-version":[{"id":18934,"href":"https:\/\/kodyka.com\/es\/wp-json\/wp\/v2\/pages\/10897\/revisions\/18934"}],"up":[{"embeddable":true,"href":"https:\/\/kodyka.com\/es\/wp-json\/wp\/v2\/pages\/124"}],"wp:featuredmedia":[{"embeddable":true,"href":"https:\/\/kodyka.com\/es\/wp-json\/wp\/v2\/media\/10970"}],"wp:attachment":[{"href":"https:\/\/kodyka.com\/es\/wp-json\/wp\/v2\/media?parent=10897"}],"curies":[{"name":"wp","href":"https:\/\/api.w.org\/{rel}","templated":true}]}}