{"id":109,"date":"2020-03-31T10:16:47","date_gmt":"2020-03-31T10:16:47","guid":{"rendered":"https:\/\/kodyka.com\/?page_id=109"},"modified":"2025-03-23T21:56:21","modified_gmt":"2025-03-23T21:56:21","slug":"certificaciones-y-garantia","status":"publish","type":"page","link":"https:\/\/kodyka.com\/es\/certificaciones-y-garantia\/","title":{"rendered":"Certificaciones y garant\u00eda"},"content":{"rendered":"\n<style type=\"text\/css\" data-created_by=\"avia_inline_auto\" id=\"style-css-av-wqxh-b5809038235ec74056dc115b37bb77ea\">\n.flex_column.av-wqxh-b5809038235ec74056dc115b37bb77ea{\n-webkit-border-radius:0px 0px 0px 0px;\n-moz-border-radius:0px 0px 0px 0px;\nborder-radius:0px 0px 0px 0px;\npadding:0px 0px 0px 0px;\n}\n<\/style>\n<div class='flex_column av-wqxh-b5809038235ec74056dc115b37bb77ea av_one_full  avia-builder-el-0  el_before_av_one_half  avia-builder-el-first  first flex_column_div av-zero-column-padding '     ><style type=\"text\/css\" data-created_by=\"avia_inline_auto\" id=\"style-css-av-k9rjzkog-8b5b219c8b35bc39fcab3d3c35328226\">\n#top .av_textblock_section.av-k9rjzkog-8b5b219c8b35bc39fcab3d3c35328226 .avia_textblock{\nfont-size:20px;\n}\n<\/style>\n<section  class='av_textblock_section av-k9rjzkog-8b5b219c8b35bc39fcab3d3c35328226'  itemscope=\"itemscope\" itemtype=\"https:\/\/schema.org\/CreativeWork\" ><div class='avia_textblock'  itemprop=\"text\" ><h2 style=\"text-align: center;\">CERTIFICACIONES Y GARANT\u00cdA<\/h2>\n<p style=\"text-align: center;\">Certificaci\u00f3nes reconocidas internacionalmente. Altos est\u00e1ndares de calidad<\/p>\n<\/div><\/section><br \/>\n\n<style type=\"text\/css\" data-created_by=\"avia_inline_auto\" id=\"style-css-av-k9rky39s-aef9110cfe21fa0ccf806293d4a53540\">\n#top .hr.hr-invisible.av-k9rky39s-aef9110cfe21fa0ccf806293d4a53540{\nheight:20px;\n}\n<\/style>\n<div  class='hr av-k9rky39s-aef9110cfe21fa0ccf806293d4a53540 hr-invisible  avia-builder-el-2  el_after_av_textblock  avia-builder-el-last '><span class='hr-inner '><span class=\"hr-inner-style\"><\/span><\/span><\/div><\/p><\/div>\n<div class='flex_column_table av-43ikd-525959738f4ebefe4f1ac20d7122d518 sc-av_one_half av-equal-height-column-flextable'>\n<style type=\"text\/css\" data-created_by=\"avia_inline_auto\" id=\"style-css-av-43ikd-525959738f4ebefe4f1ac20d7122d518\">\n.flex_column.av-43ikd-525959738f4ebefe4f1ac20d7122d518{\n-webkit-border-radius:0px 0px 0px 0px;\n-moz-border-radius:0px 0px 0px 0px;\nborder-radius:0px 0px 0px 0px;\npadding:20px 20px 20px 20px;\nbackground-color:#f2f2f2;\n}\n<\/style>\n<div class='flex_column av-43ikd-525959738f4ebefe4f1ac20d7122d518 av_one_half  avia-builder-el-3  el_after_av_one_full  el_before_av_one_half  first flex_column_table_cell av-equal-height-column av-align-top column-top-margin'     ><style type=\"text\/css\" data-created_by=\"avia_inline_auto\" id=\"style-css-av-k8q8jp1o-bcfdbc01287989a3dc98cf738bcac6e7\">\n#top .av_textblock_section.av-k8q8jp1o-bcfdbc01287989a3dc98cf738bcac6e7 .avia_textblock{\nfont-size:18px;\n}\n<\/style>\n<section  class='av_textblock_section av-k8q8jp1o-bcfdbc01287989a3dc98cf738bcac6e7'  itemscope=\"itemscope\" itemtype=\"https:\/\/schema.org\/CreativeWork\" ><div class='avia_textblock'  itemprop=\"text\" ><p>Las impresoras y tintas Kodyka\u00ae no solo cumplen con las reglamentaciones y requisitos nacionales, sino que tambi\u00e9n hacemos un gran esfuerzo para garantizar que nuestros productos de fabricaci\u00f3n cumplan con los m\u00e1s altos est\u00e1ndares de calidad.<\/p>\n<\/div><\/section><\/div>\n<div class='av-flex-placeholder'><\/div>\n<style type=\"text\/css\" data-created_by=\"avia_inline_auto\" id=\"style-css-av-43ikd-a8878723b9772c39ed1834562064c099\">\n.flex_column.av-43ikd-a8878723b9772c39ed1834562064c099{\n-webkit-border-radius:0px 0px 0px 0px;\n-moz-border-radius:0px 0px 0px 0px;\nborder-radius:0px 0px 0px 0px;\npadding:20px 20px 20px 20px;\nbackground-color:#f2f2f2;\n}\n<\/style>\n<div class='flex_column av-43ikd-a8878723b9772c39ed1834562064c099 av_one_half  avia-builder-el-5  el_after_av_one_half  el_before_av_one_full  flex_column_table_cell av-equal-height-column av-align-top column-top-margin'     ><style type=\"text\/css\" data-created_by=\"avia_inline_auto\" id=\"style-css-av-k8q8jp1o-bcfdbc01287989a3dc98cf738bcac6e7\">\n#top .av_textblock_section.av-k8q8jp1o-bcfdbc01287989a3dc98cf738bcac6e7 .avia_textblock{\nfont-size:18px;\n}\n<\/style>\n<section  class='av_textblock_section av-k8q8jp1o-bcfdbc01287989a3dc98cf738bcac6e7'  itemscope=\"itemscope\" itemtype=\"https:\/\/schema.org\/CreativeWork\" ><div class='avia_textblock'  itemprop=\"text\" ><p>Todos los componentes de los productos de Kodyka\u00ae poseen una certificaci\u00f3n reconocida internacionalmente y utilizamos auditor\u00edas de terceros para verificar la calidad de nuestras operaciones.<\/p>\n<\/div><\/section><\/div><\/div><!--close column table wrapper. Autoclose: 1 -->\n\n<style type=\"text\/css\" data-created_by=\"avia_inline_auto\" id=\"style-css-av-3e4zh-8cbaf823b3dfa470031850b78099c931\">\n.flex_column.av-3e4zh-8cbaf823b3dfa470031850b78099c931{\n-webkit-border-radius:0px 0px 0px 0px;\n-moz-border-radius:0px 0px 0px 0px;\nborder-radius:0px 0px 0px 0px;\npadding:0px 0px 0px 0px;\n}\n<\/style>\n<div class='flex_column av-3e4zh-8cbaf823b3dfa470031850b78099c931 av_one_full  avia-builder-el-7  el_after_av_one_half  el_before_av_one_full  first flex_column_div av-zero-column-padding column-top-margin'     ><section  class='av_textblock_section av-k8q8jp1o-44b97b203d50a12caabb208b576900bc'  itemscope=\"itemscope\" itemtype=\"https:\/\/schema.org\/CreativeWork\" ><div class='avia_textblock'  itemprop=\"text\" ><p><img alt=\"kodykar-tij-25-certificaciones-y-garantia\" decoding=\"async\" class=\"size-full wp-image-1381 alignleft\" src=\"https:\/\/es.kodyka.com\/wp-content\/uploads\/2020\/04\/rohs-compliant-1.jpg\" alt=\"\" width=\"165\" height=\"160\" srcset=\"https:\/\/kodyka.com\/wp-content\/uploads\/2020\/04\/rohs-compliant-1.jpg 165w, https:\/\/kodyka.com\/wp-content\/uploads\/2020\/04\/rohs-compliant-1-36x36.jpg 36w\" sizes=\"(max-width: 165px) 100vw, 165px\" \/><\/p>\n<h3>ROHS<\/h3>\n<p>RoHS es el acr\u00f3nimo de restricci\u00f3n de sustancias peligrosas. RoHS, tambi\u00e9n conocida como Directiva 2002\/95 \/ CE, se origin\u00f3 en la Uni\u00f3n Europea y restringe el uso de materiales peligrosos espec\u00edficos que se encuentran en productos el\u00e9ctricos y electr\u00f3nicos.<\/p>\n<p>Kodyka solo utiliza componentes aprobados por RoHS en nuestros productos.<\/p>\n<\/div><\/section><\/div>\n<style type=\"text\/css\" data-created_by=\"avia_inline_auto\" id=\"style-css-av-2kzu1-e573d5a89f357bb35f6ec89be1a953bc\">\n.flex_column.av-2kzu1-e573d5a89f357bb35f6ec89be1a953bc{\n-webkit-border-radius:0px 0px 0px 0px;\n-moz-border-radius:0px 0px 0px 0px;\nborder-radius:0px 0px 0px 0px;\npadding:0px 0px 0px 0px;\n}\n<\/style>\n<div class='flex_column av-2kzu1-e573d5a89f357bb35f6ec89be1a953bc av_one_full  avia-builder-el-9  el_after_av_one_full  el_before_av_one_full  first flex_column_div av-zero-column-padding column-top-margin'     ><section  class='av_textblock_section av-k8q8jp1o-44b97b203d50a12caabb208b576900bc'  itemscope=\"itemscope\" itemtype=\"https:\/\/schema.org\/CreativeWork\" ><div class='avia_textblock'  itemprop=\"text\" ><p><img alt=\"kodykar-tij-25-certificaciones-y-garantia\" decoding=\"async\" class=\"size-full wp-image-1391 alignleft\" src=\"https:\/\/es.kodyka.com\/wp-content\/uploads\/2020\/04\/reach-compliant.jpg\" alt=\"\" width=\"165\" height=\"160\" srcset=\"https:\/\/kodyka.com\/wp-content\/uploads\/2020\/04\/reach-compliant.jpg 165w, https:\/\/kodyka.com\/wp-content\/uploads\/2020\/04\/reach-compliant-36x36.jpg 36w\" sizes=\"(max-width: 165px) 100vw, 165px\" \/><\/p>\n<h3>REACH<\/h3>\n<p>REACH es un reglamento de la Uni\u00f3n Europea, adoptado para mejorar la protecci\u00f3n de la salud humana y el medio ambiente de los riesgos que pueden presentar los productos qu\u00edmicos, al tiempo que mejora la competitividad de la industria qu\u00edmica de la UE.<\/p>\n<p>Las tintas suministradas y los productos Kodyka se adhieren a las reglamentaciones de la normativa REACH de la UE.<\/p>\n<\/div><\/section><\/div>\n<style type=\"text\/css\" data-created_by=\"avia_inline_auto\" id=\"style-css-av-2cujp-b13f284595ad73fd85dcb8a27f0fe856\">\n.flex_column.av-2cujp-b13f284595ad73fd85dcb8a27f0fe856{\n-webkit-border-radius:0px 0px 0px 0px;\n-moz-border-radius:0px 0px 0px 0px;\nborder-radius:0px 0px 0px 0px;\npadding:0px 0px 0px 0px;\n}\n<\/style>\n<div class='flex_column av-2cujp-b13f284595ad73fd85dcb8a27f0fe856 av_one_full  avia-builder-el-11  el_after_av_one_full  el_before_av_one_full  first flex_column_div av-zero-column-padding column-top-margin'     ><section  class='av_textblock_section av-k8q8jp1o-44b97b203d50a12caabb208b576900bc'  itemscope=\"itemscope\" itemtype=\"https:\/\/schema.org\/CreativeWork\" ><div class='avia_textblock'  itemprop=\"text\" ><h3><img alt=\"kodykar-tij-25-certificaciones-y-garantia\" decoding=\"async\" class=\"size-full wp-image-3338 alignleft\" src=\"https:\/\/es.kodyka.com\/wp-content\/uploads\/2020\/05\/CE.jpg\" alt=\"\" width=\"165\" height=\"160\" srcset=\"https:\/\/kodyka.com\/wp-content\/uploads\/2020\/05\/CE.jpg 165w, https:\/\/kodyka.com\/wp-content\/uploads\/2020\/05\/CE-36x36.jpg 36w\" sizes=\"(max-width: 165px) 100vw, 165px\" \/>MARCADO CE<\/h3>\n<p>El marcado CE es una marca de certificaci\u00f3n que indica la conformidad con las normas de salud, seguridad y protecci\u00f3n del medio ambiente para productos vendidos dentro del Espacio Econ\u00f3mico Europeo (EEE). El marcado CE tambi\u00e9n se encuentra en productos vendidos fuera del EEE que se fabrican o est\u00e1n dise\u00f1ados para ser vendidos en el EEE. Todos los productos Kodyka se producen, prueban y documentan para cumplir con los requisitos de las Normas y Reglamentos de la UE pertinentes para obtener la calificaci\u00f3n de marcado CE.<\/p>\n<\/div><\/section><\/div>\n<style type=\"text\/css\" data-created_by=\"avia_inline_auto\" id=\"style-css-av-1rmi5-cc8f9d9868212449590556a8ec7ca499\">\n.flex_column.av-1rmi5-cc8f9d9868212449590556a8ec7ca499{\n-webkit-border-radius:0px 0px 0px 0px;\n-moz-border-radius:0px 0px 0px 0px;\nborder-radius:0px 0px 0px 0px;\npadding:0px 0px 0px 0px;\n}\n<\/style>\n<div class='flex_column av-1rmi5-cc8f9d9868212449590556a8ec7ca499 av_one_full  avia-builder-el-13  el_after_av_one_full  el_before_av_section  avia-builder-el-last  first flex_column_div av-zero-column-padding column-top-margin'     ><section  class='av_textblock_section av-k8q8jp1o-44b97b203d50a12caabb208b576900bc'  itemscope=\"itemscope\" itemtype=\"https:\/\/schema.org\/CreativeWork\" ><div class='avia_textblock'  itemprop=\"text\" ><h3><img alt=\"kodykar-tij-25-certificaciones-y-garantia\" loading=\"lazy\" decoding=\"async\" class=\"size-full wp-image-1411 alignleft\" src=\"https:\/\/es.kodyka.com\/wp-content\/uploads\/2020\/04\/iso9001.jpg\" alt=\"\" width=\"165\" height=\"160\" srcset=\"https:\/\/kodyka.com\/wp-content\/uploads\/2020\/04\/iso9001.jpg 165w, https:\/\/kodyka.com\/wp-content\/uploads\/2020\/04\/iso9001-36x36.jpg 36w\" sizes=\"(max-width: 165px) 100vw, 165px\" \/><\/h3>\n<h3>CERTIFICACI\u00d3N ISO 9001<\/h3>\n<p>ISO 9001 se define como el est\u00e1ndar internacional que especifica los requisitos para un sistema de gesti\u00f3n de calidad (SGC). Las organizaciones y empresas utilizan esta certificaci\u00f3n para demostrar la capacidad de proporcionar constantemente productos y servicios que cumplan con los requisitos regulatorios que exigen los clientes.<\/p>\n<p>Nuestra f\u00e1brica de impresoras Kodyka en China tiene la certificaci\u00f3n ISO 9001.<\/p>\n<\/div><\/section><\/div><\/div><\/div><\/div><!-- close content main div --><\/div><\/div>\n<style type=\"text\/css\" data-created_by=\"avia_inline_auto\" id=\"style-css-av-k8q92idu-b9e2f643f6b6a457b6be61c4b8628f4d\">\n.avia-section.av-k8q92idu-b9e2f643f6b6a457b6be61c4b8628f4d .av-parallax .av-parallax-inner{\nbackground-repeat:no-repeat;\nbackground-image:url(https:\/\/kodyka.com\/wp-content\/uploads\/2020\/04\/building-printers.jpg);\nbackground-position:50% 50%;\nbackground-attachment:scroll;\n}\n.avia-section.av-k8q92idu-b9e2f643f6b6a457b6be61c4b8628f4d .av-section-color-overlay{\nopacity:0.9;\nbackground-color:#94ff94;\n}\n<\/style>\n<div id='av_section_1'  class='avia-section av-k8q92idu-b9e2f643f6b6a457b6be61c4b8628f4d header_color avia-section-default avia-no-border-styling  avia-builder-el-15  el_after_av_one_full  avia-builder-el-last  av-parallax-section avia-bg-style-parallax av-section-color-overlay-active container_wrap sidebar_right'  data-section-bg-repeat='no-repeat'><div class='av-parallax' data-avia-parallax-ratio='0.3' ><div class='av-parallax-inner header_color avia-full-stretch'><\/div><\/div><div class=\"av-section-color-overlay-wrap\"><div class=\"av-section-color-overlay\"><\/div><div class='container av-section-cont-open' ><div class='template-page content  av-content-small alpha units'><div class='post-entry post-entry-type-page post-entry-109'><div class='entry-content-wrapper clearfix'>\n\n<style type=\"text\/css\" data-created_by=\"avia_inline_auto\" id=\"style-css-av-nmot-8d99e470dcfc7fd3b2c7032532c1fd38\">\n.flex_column.av-nmot-8d99e470dcfc7fd3b2c7032532c1fd38{\n-webkit-border-radius:0px 0px 0px 0px;\n-moz-border-radius:0px 0px 0px 0px;\nborder-radius:0px 0px 0px 0px;\npadding:0px 0px 0px 0px;\n}\n<\/style>\n<div class='flex_column av-nmot-8d99e470dcfc7fd3b2c7032532c1fd38 av_one_full  avia-builder-el-16  avia-builder-el-no-sibling  first flex_column_div av-zero-column-padding '     ><style type=\"text\/css\" data-created_by=\"avia_inline_auto\" id=\"style-css-av-k8q8jp1o-bcfdbc01287989a3dc98cf738bcac6e7\">\n#top .av_textblock_section.av-k8q8jp1o-bcfdbc01287989a3dc98cf738bcac6e7 .avia_textblock{\nfont-size:18px;\n}\n<\/style>\n<section  class='av_textblock_section av-k8q8jp1o-bcfdbc01287989a3dc98cf738bcac6e7'  itemscope=\"itemscope\" itemtype=\"https:\/\/schema.org\/CreativeWork\" ><div class='avia_textblock'  itemprop=\"text\" ><h3><img alt=\"kodykar-tij-25-certificaciones-y-garantia\" loading=\"lazy\" decoding=\"async\" class=\"size-full wp-image-1421 alignleft\" src=\"https:\/\/es.kodyka.com\/wp-content\/uploads\/2020\/04\/2-garantia.png\" alt=\"\" width=\"165\" height=\"160\" srcset=\"https:\/\/kodyka.com\/wp-content\/uploads\/2020\/04\/2-garantia.png 165w, https:\/\/kodyka.com\/wp-content\/uploads\/2020\/04\/2-garantia-36x36.png 36w\" sizes=\"(max-width: 165px) 100vw, 165px\" \/>GARANT\u00cdA<\/h3>\n<p>Kodyka es el \u00fanico fabricante de impresoras con tecnolog\u00eda TIJ2.5 que ofrece 24 meses de garant\u00eda en todos los equipos.<\/p>\n<p>Los consumibles, como la tinta suministrada en botellas y cartuchos, tienen per\u00edodos de garant\u00eda individuales. El per\u00edodo de garant\u00eda se indica en el cartucho o en la botella.<\/p>\n<\/div><\/section><\/div>\n<\/div><\/div><\/div><!-- close content main div --><\/div><\/div><\/div><div id='after_section_1'  class='main_color av_default_container_wrap container_wrap sidebar_right'  ><div class='container av-section-cont-open' ><div class='template-page content  av-content-small alpha units'><div class='post-entry post-entry-type-page post-entry-109'><div class='entry-content-wrapper clearfix'><\/p>\n","protected":false},"excerpt":{"rendered":"","protected":false},"author":1,"featured_media":3916,"parent":0,"menu_order":0,"comment_status":"closed","ping_status":"closed","template":"","meta":{"footnotes":""},"class_list":["post-109","page","type-page","status-publish","has-post-thumbnail","hentry"],"_links":{"self":[{"href":"https:\/\/kodyka.com\/es\/wp-json\/wp\/v2\/pages\/109","targetHints":{"allow":["GET"]}}],"collection":[{"href":"https:\/\/kodyka.com\/es\/wp-json\/wp\/v2\/pages"}],"about":[{"href":"https:\/\/kodyka.com\/es\/wp-json\/wp\/v2\/types\/page"}],"author":[{"embeddable":true,"href":"https:\/\/kodyka.com\/es\/wp-json\/wp\/v2\/users\/1"}],"replies":[{"embeddable":true,"href":"https:\/\/kodyka.com\/es\/wp-json\/wp\/v2\/comments?post=109"}],"version-history":[{"count":4,"href":"https:\/\/kodyka.com\/es\/wp-json\/wp\/v2\/pages\/109\/revisions"}],"predecessor-version":[{"id":17544,"href":"https:\/\/kodyka.com\/es\/wp-json\/wp\/v2\/pages\/109\/revisions\/17544"}],"wp:featuredmedia":[{"embeddable":true,"href":"https:\/\/kodyka.com\/es\/wp-json\/wp\/v2\/media\/3916"}],"wp:attachment":[{"href":"https:\/\/kodyka.com\/es\/wp-json\/wp\/v2\/media?parent=109"}],"curies":[{"name":"wp","href":"https:\/\/api.w.org\/{rel}","templated":true}]}}