{"id":11250,"date":"2020-12-28T00:02:44","date_gmt":"2020-12-28T00:02:44","guid":{"rendered":"https:\/\/kodyka.com\/impresoras-tij\/k160\/"},"modified":"2025-10-27T22:28:09","modified_gmt":"2025-10-27T22:28:09","slug":"k160","status":"publish","type":"page","link":"https:\/\/kodyka.com\/es\/impresoras-tij\/k160\/","title":{"rendered":"K160NE"},"content":{"rendered":"\n<style type=\"text\/css\" data-created_by=\"avia_inline_auto\" id=\"style-css-av-k6hrtrg7-7aef01e6142c9deb9494e533d8b3093c\">\n#top .av_textblock_section.av-k6hrtrg7-7aef01e6142c9deb9494e533d8b3093c .avia_textblock{\nfont-size:20px;\n}\n<\/style>\n<section  class='av_textblock_section av-k6hrtrg7-7aef01e6142c9deb9494e533d8b3093c'  itemscope=\"itemscope\" itemtype=\"https:\/\/schema.org\/CreativeWork\" ><div class='avia_textblock'  itemprop=\"text\" ><h1 style=\"text-align: center;\">K160NE<\/h1>\n<h2 style=\"text-align: center;\">Termal Inkjet Tecnology 2.5<\/h2>\n<\/div><\/section>\n\n<style type=\"text\/css\" data-created_by=\"avia_inline_auto\" id=\"style-css-av-q3e5-2e16dced38b4ac7bfe609ab1dccf0f45\">\n.flex_column.av-q3e5-2e16dced38b4ac7bfe609ab1dccf0f45{\n-webkit-border-radius:0px 0px 0px 0px;\n-moz-border-radius:0px 0px 0px 0px;\nborder-radius:0px 0px 0px 0px;\npadding:0px 0px 0px 0px;\n}\n<\/style>\n<div class='flex_column av-q3e5-2e16dced38b4ac7bfe609ab1dccf0f45 av_three_fourth  avia-builder-el-1  el_after_av_textblock  el_before_av_one_fourth  first flex_column_div av-zero-column-padding column-top-margin'     ><style type=\"text\/css\" data-created_by=\"avia_inline_auto\" id=\"style-css-av-kj7nvbgt-1fa66433327fad7142130f2e304987b5\">\n.avia-image-container.av-kj7nvbgt-1fa66433327fad7142130f2e304987b5 img.avia_image{\nbox-shadow:none;\n}\n.avia-image-container.av-kj7nvbgt-1fa66433327fad7142130f2e304987b5 .av-image-caption-overlay-center{\ncolor:#ffffff;\n}\n<\/style>\n<div  class='avia-image-container av-kj7nvbgt-1fa66433327fad7142130f2e304987b5 av-styling- avia-align-center  avia-builder-el-2  avia-builder-el-no-sibling '   itemprop=\"image\" itemscope=\"itemscope\" itemtype=\"https:\/\/schema.org\/ImageObject\" ><div class=\"avia-image-container-inner\"><div class=\"avia-image-overlay-wrap\"><img alt=\"kodykar-tij-25-k160ne\" fetchpriority=\"high\" fetchpriority=\"high\" decoding=\"async\" class='wp-image-12093 avia-img-lazy-loading-not-12093 avia_image ' src=\"https:\/\/kodyka.com\/wp-content\/uploads\/2021\/02\/K160.jpg\" alt='' title='K160'  height=\"700\" width=\"996\"  itemprop=\"thumbnailUrl\" srcset=\"https:\/\/kodyka.com\/wp-content\/uploads\/2021\/02\/K160.jpg 996w, https:\/\/kodyka.com\/wp-content\/uploads\/2021\/02\/K160-300x211.jpg 300w, https:\/\/kodyka.com\/wp-content\/uploads\/2021\/02\/K160-768x540.jpg 768w, https:\/\/kodyka.com\/wp-content\/uploads\/2021\/02\/K160-705x495.jpg 705w\" sizes=\"(max-width: 996px) 100vw, 996px\" \/><\/div><\/div><\/div><\/div>\n\n<style type=\"text\/css\" data-created_by=\"avia_inline_auto\" id=\"style-css-av-5wesm-f405f3f3aff3c03436f3e602a1ee865c\">\n.flex_column.av-5wesm-f405f3f3aff3c03436f3e602a1ee865c{\n-webkit-border-radius:0px 0px 0px 0px;\n-moz-border-radius:0px 0px 0px 0px;\nborder-radius:0px 0px 0px 0px;\npadding:0px 0px 0px 0px;\n}\n<\/style>\n<div class='flex_column av-5wesm-f405f3f3aff3c03436f3e602a1ee865c av_one_fourth  avia-builder-el-3  el_after_av_three_fourth  el_before_av_one_half  flex_column_div av-zero-column-padding column-top-margin'     ><section  class='av_textblock_section av-k6hq0wtk-6753e5d5d1c61ad1487ed88bcf2f65e3'  itemscope=\"itemscope\" itemtype=\"https:\/\/schema.org\/CreativeWork\" ><div class='avia_textblock'  itemprop=\"text\" ><h3><span style=\"color: #008000;\">10 REASONS<\/span><\/h3>\n<\/div><\/section><br \/>\n<section  class='av_textblock_section av-k6hq0wtk-10-b2fbd82bb83047cc311d0e3763e5e576'  itemscope=\"itemscope\" itemtype=\"https:\/\/schema.org\/CreativeWork\" ><div class='avia_textblock'  itemprop=\"text\" ><ul>\n<li>Cabezal industrial<\/li>\n<li>Sin mantenimiento<\/li>\n<li>Impresi\u00f3n de datos fijos y variables<\/li>\n<li>Calcule los costos de impresi\u00f3n en tiempo real<\/li>\n<li>Conexi\u00f3n con ERP<\/li>\n<li>Baliza de se\u00f1al luminosa<\/li>\n<li>Velocidad de impresi\u00f3n de hasta 240 m \/ min.<\/li>\n<li>Apadtado a normativa GS1 international<\/li>\n<\/ul>\n<\/div><\/section><br \/>\n\n<style type=\"text\/css\" data-created_by=\"avia_inline_auto\" id=\"style-css-av-kj7nk8v7-ec6af6bb8c41dbf53c65ba1b486a7049\">\n#top .hr.hr-invisible.av-kj7nk8v7-ec6af6bb8c41dbf53c65ba1b486a7049{\nheight:50px;\n}\n<\/style>\n<div  class='hr av-kj7nk8v7-ec6af6bb8c41dbf53c65ba1b486a7049 hr-invisible  avia-builder-el-6  el_after_av_textblock  el_before_av_textblock '><span class='hr-inner '><span class=\"hr-inner-style\"><\/span><\/span><\/div><br \/>\n<section  class='av_textblock_section av-k6hq0wtk-9-23c7b76cacd520692d5fc12a28ee1860'  itemscope=\"itemscope\" itemtype=\"https:\/\/schema.org\/CreativeWork\" ><div class='avia_textblock'  itemprop=\"text\" ><h3>IMPRESI\u00d3N DE ALTA VELOCIDAD<\/h3>\n<p>Hasta 120 m\/min. en una resoluci\u00f3n de 300 DPI<\/p>\n<h3>F\u00c1CIL DE USAR<\/h3>\n<p>Pantalla t\u00e1ctil de 7&#8243; con interfaz intuitiva\u00a0 para una f\u00e1cil operaci\u00f3n y programaci\u00f3n<\/p>\n<\/div><\/section><\/p><\/div>\n\n<style type=\"text\/css\" data-created_by=\"avia_inline_auto\" id=\"style-css-av-5wesm-11-4f4817d03bcb775fbbf88dc1340ae048\">\n.flex_column.av-5wesm-11-4f4817d03bcb775fbbf88dc1340ae048{\n-webkit-border-radius:0px 0px 0px 0px;\n-moz-border-radius:0px 0px 0px 0px;\nborder-radius:0px 0px 0px 0px;\npadding:0px 0px 0px 0px;\n}\n<\/style>\n<div class='flex_column av-5wesm-11-4f4817d03bcb775fbbf88dc1340ae048 av_one_half  avia-builder-el-8  el_after_av_one_fourth  el_before_av_one_half  first flex_column_div av-zero-column-padding column-top-margin'     ><section  class='av_textblock_section av-k6hq0wtk-7-364bd1ca986e2cb676ec8af4cc235519'  itemscope=\"itemscope\" itemtype=\"https:\/\/schema.org\/CreativeWork\" ><div class='avia_textblock'  itemprop=\"text\" ><h3><span style=\"color: #008000;\">Impresora<\/span><\/h3>\n<\/div><\/section><br \/>\n<section  class='av_textblock_section av-k6hq0wtk-6-24737f546f840997e79c15f9ec374dd9'  itemscope=\"itemscope\" itemtype=\"https:\/\/schema.org\/CreativeWork\" ><div class='avia_textblock'  itemprop=\"text\" ><table width=\"240\">\n<tbody>\n<tr>\n<td width=\"240\">Impresi\u00f3n de 1\/2 pulgada\u00a0 12,7 mm o 3 pulgadas 76,2 mm seg\u00fan configuracion con impresora modular de un controlador y uno, dos, tres, cuatro, cinco y seis\u00a0 cabezales.<br \/>\nDeteccion de producto independiente por cabezal o por bloque de cabezales\u00a0 Incluye:<\/td>\n<\/tr>\n<tr>\n<td width=\"240\">Controlador de pantalla t\u00e1ctil de 7 pulgadas con uno, dos, tres, cuatro, cinco o seis cabezales separados o unidos mediante umbilical de 1.8 Metros<\/td>\n<\/tr>\n<tr>\n<td width=\"240\">Soporte de montaje para controlador y cabezales<\/td>\n<\/tr>\n<tr>\n<td width=\"240\">Fuente de alimentaci\u00f3n 30 V.<\/td>\n<\/tr>\n<tr>\n<td width=\"240\">Fotocelula reflexion directa cilindrica con conector y cable 2 M.<br \/>\nSeg\u00fan configuracion de la impresora se pueden poner hasta 6 fotocelulas, una por cabezal<\/td>\n<\/tr>\n<tr>\n<td width=\"240\">LAN + Conectividad total con multiples sistemas<\/td>\n<\/tr>\n<\/tbody>\n<\/table>\n<\/div><\/section><br \/>\n<section  class='av_textblock_section av-k6hq0wtk-5-365da15e94b33a7b771e07f28ad664e3'  itemscope=\"itemscope\" itemtype=\"https:\/\/schema.org\/CreativeWork\" ><div class='avia_textblock'  itemprop=\"text\" ><table width=\"240\">\n<tbody>\n<tr>\n<td width=\"240\">Embalaje: 52 x 28 x 23 cm Peso: 5.500 Kg Maletin plastico<\/td>\n<\/tr>\n<tr>\n<td width=\"240\">Definir cable de alimentaci\u00f3n y cable para el cargador de baterias: Americano Tipo A o Europeo Tipo E<\/td>\n<\/tr>\n<\/tbody>\n<\/table>\n<\/div><\/section><br \/>\n\n<style type=\"text\/css\" data-created_by=\"avia_inline_auto\" id=\"style-css-av-kj7nk8v7-8-17857d9e4079636a8a5eddcc6d9dfad2\">\n#top .hr.hr-invisible.av-kj7nk8v7-8-17857d9e4079636a8a5eddcc6d9dfad2{\nheight:50px;\n}\n<\/style>\n<div  class='hr av-kj7nk8v7-8-17857d9e4079636a8a5eddcc6d9dfad2 hr-invisible  avia-builder-el-12  el_after_av_textblock  avia-builder-el-last '><span class='hr-inner '><span class=\"hr-inner-style\"><\/span><\/span><\/div><\/p><\/div>\n\n<style type=\"text\/css\" data-created_by=\"avia_inline_auto\" id=\"style-css-av-7qji6-75345ae8e91248a5586f6e735f155039\">\n.flex_column.av-7qji6-75345ae8e91248a5586f6e735f155039{\n-webkit-border-radius:0px 0px 0px 0px;\n-moz-border-radius:0px 0px 0px 0px;\nborder-radius:0px 0px 0px 0px;\npadding:0px 0px 0px 0px;\n}\n<\/style>\n<div class='flex_column av-7qji6-75345ae8e91248a5586f6e735f155039 av_one_half  avia-builder-el-13  el_after_av_one_half  el_before_av_button  flex_column_div av-zero-column-padding column-top-margin'     ><section  class='av_textblock_section av-k6hq0wtk-4-045d49dc95d8fff767acf482f9b8656f'  itemscope=\"itemscope\" itemtype=\"https:\/\/schema.org\/CreativeWork\" ><div class='avia_textblock'  itemprop=\"text\" ><h3><span style=\"color: #008000;\">IMPRESI\u00d3N DE ALTA RESOLUCI\u00d3N R\u00c1PIDA Y F\u00c1CIL <\/span><\/h3>\n<\/div><\/section><br \/>\n<section  class='av_textblock_section av-k6hq0wtk-3-2f44f156fccb4d1c44226d026877929e'  itemscope=\"itemscope\" itemtype=\"https:\/\/schema.org\/CreativeWork\" ><div class='avia_textblock'  itemprop=\"text\" ><table width=\"240\">\n<tbody>\n<tr>\n<td width=\"240\">Configuracion D1 x 2 cabezales individuales de 1\/2 pulgada de altura 12,7 mm<\/td>\n<\/tr>\n<tr>\n<td width=\"240\">Configuracion D1 x 3 cabezales individuales de 1\/2 pulgada de altura 12,7 mm<\/td>\n<\/tr>\n<tr>\n<td width=\"240\">Configuracion D1 x 4 cabezales individuales de 1\/2 pulgada de altura 12,7 mm<\/td>\n<\/tr>\n<tr>\n<td width=\"240\">Configuracion D1 x 5 cabezales individuales de 1\/2 pulgada de altura 12,7 mm<\/td>\n<\/tr>\n<tr>\n<td width=\"240\">Configuracion D1 x 6 cabezales individuales de 1\/2 pulgada de altura 12,7 mm<\/td>\n<\/tr>\n<tr>\n<td width=\"240\">Configuracion D2U 1 cabezal doble unido de 1 pulgada y altura total de 25,4 mm<\/td>\n<\/tr>\n<tr>\n<td width=\"240\">Configuracion D3U 1 cabezal triple unido de 1,5 pulgadas y altura total de 38,10 mm<\/td>\n<\/tr>\n<tr>\n<td width=\"240\">Configuracion D4U 1 cabezal cuadruple unido de 2 pulgadas y altura total de 50,8 mm<\/td>\n<\/tr>\n<tr>\n<td width=\"240\">Configuracion D5U 1 cabezal quintuple unido de 2,5 pulgadas y altura total de 63,5 mm<\/td>\n<\/tr>\n<tr>\n<td width=\"240\">Configuracion D6U 1 cabezal sextuple unido de 3 pulgadas y altura total de 76,2 mm<\/td>\n<\/tr>\n<\/tbody>\n<\/table>\n<\/div><\/section><\/p><\/div>\n<div  class='avia-button-wrap av-k73zy876-cd30c67c5bc17cb0592c0917afee5f56-wrap avia-button-center  avia-builder-el-16  el_after_av_one_half  el_before_av_section  avia-builder-el-last '><a href='https:\/\/kodyka.com\/wp-content\/uploads\/2024\/01\/k160n.pdf' class='avia-button av-k73zy876-cd30c67c5bc17cb0592c0917afee5f56 avia-icon_select-yes-left-icon avia-size-small avia-position-center avia-color-dark' target=\"_blank\" rel=\"noopener noreferrer\"><span class='avia_button_icon avia_button_icon_left' aria-hidden='true' data-av_icon='\ue82d' data-av_iconfont='entypo-fontello'><\/span><span class='avia_iconbox_title' >Descargar PDF<\/span><\/a><\/div>\n<\/div><\/div><\/div><!-- close content main div --><\/div><\/div>\n<style type=\"text\/css\" data-created_by=\"avia_inline_auto\" id=\"style-css-av-k9m0uwe1-c2168755e2ce5bc0485e8be666e83a88\">\n.avia-section.av-k9m0uwe1-c2168755e2ce5bc0485e8be666e83a88{\nbackground-color:#fcfcfc;\nbackground-image:url(https:\/\/kodyka.com\/wp-content\/uploads\/2020\/05\/fondo-transparente.png);\nbackground-repeat:no-repeat;\nbackground-position:50% 50%;\nbackground-attachment:fixed;\n}\n.avia-section.av-k9m0uwe1-c2168755e2ce5bc0485e8be666e83a88 .av-section-color-overlay{\nopacity:0.3;\nbackground-color:#ffffff;\nbackground-image:url(https:\/\/kodyka.com\/wp-content\/themes\/enfold\/images\/background-images\/dots-mini-light.png);\nbackground-repeat:repeat;\n}\n<\/style>\n<div id='av_section_1'  class='avia-section av-k9m0uwe1-c2168755e2ce5bc0485e8be666e83a88 header_color avia-section-large avia-no-border-styling  avia-builder-el-17  el_after_av_button  avia-builder-el-last  avia-full-contain avia-bg-style-fixed av-section-color-overlay-active container_wrap sidebar_right'  data-section-bg-repeat='contain'><div class=\"av-section-color-overlay-wrap\"><div class=\"av-section-color-overlay\"><\/div><div class='container av-section-cont-open' ><div class='template-page content  av-content-small alpha units'><div class='post-entry post-entry-type-page post-entry-11250'><div class='entry-content-wrapper clearfix'>\n\n<style type=\"text\/css\" data-created_by=\"avia_inline_auto\" id=\"style-css-av-mj1mr-f01037ee5cd14844fe2434b4fd909619\">\n.flex_column.av-mj1mr-f01037ee5cd14844fe2434b4fd909619{\n-webkit-border-radius:0px 0px 0px 0px;\n-moz-border-radius:0px 0px 0px 0px;\nborder-radius:0px 0px 0px 0px;\npadding:0px 0px 0px 0px;\n}\n<\/style>\n<div class='flex_column av-mj1mr-f01037ee5cd14844fe2434b4fd909619 av_one_third  avia-builder-el-18  el_before_av_one_third  avia-builder-el-first  first flex_column_div av-zero-column-padding '     ><style type=\"text\/css\" data-created_by=\"avia_inline_auto\" id=\"style-css-av-k674wuwe-6bc2e4715a521f82b7d1c72753e70749\">\n#top .av_textblock_section.av-k674wuwe-6bc2e4715a521f82b7d1c72753e70749 .avia_textblock{\nfont-size:18px;\ncolor:#282828;\n}\n<\/style>\n<section  class='av_textblock_section av-k674wuwe-6bc2e4715a521f82b7d1c72753e70749'  itemscope=\"itemscope\" itemtype=\"https:\/\/schema.org\/CreativeWork\" ><div class='avia_textblock av_inherit_color'  itemprop=\"text\" ><p style=\"text-align: center;\"><img alt=\"kodykar-tij-25-k160ne\" decoding=\"async\" class=\" wp-image-5285 aligncenter\" src=\"https:\/\/kodyka.com\/wp-content\/uploads\/2020\/05\/filtro.png\" alt=\"\" width=\"180\" height=\"180\" srcset=\"https:\/\/kodyka.com\/wp-content\/uploads\/2020\/05\/filtro.png 250w, https:\/\/kodyka.com\/wp-content\/uploads\/2020\/05\/filtro-80x80.png 80w, https:\/\/kodyka.com\/wp-content\/uploads\/2020\/05\/filtro-36x36.png 36w, https:\/\/kodyka.com\/wp-content\/uploads\/2020\/05\/filtro-180x180.png 180w\" sizes=\"(max-width: 180px) 100vw, 180px\" \/>Impresora con filtro para picos de tensi\u00f3n, par\u00e1sitos y arm\u00f3nicos<\/p>\n<\/div><\/section><\/div>\n<style type=\"text\/css\" data-created_by=\"avia_inline_auto\" id=\"style-css-av-fyt03-d85c2497525bf91f86160385da6e6bf5\">\n.flex_column.av-fyt03-d85c2497525bf91f86160385da6e6bf5{\n-webkit-border-radius:0px 0px 0px 0px;\n-moz-border-radius:0px 0px 0px 0px;\nborder-radius:0px 0px 0px 0px;\npadding:0px 0px 0px 0px;\n}\n<\/style>\n<div class='flex_column av-fyt03-d85c2497525bf91f86160385da6e6bf5 av_one_third  avia-builder-el-20  el_after_av_one_third  el_before_av_one_third  flex_column_div av-zero-column-padding '     ><style type=\"text\/css\" data-created_by=\"avia_inline_auto\" id=\"style-css-av-k674wuwe-2-d649ae397138bdd9c15ccd6c82244268\">\n#top .av_textblock_section.av-k674wuwe-2-d649ae397138bdd9c15ccd6c82244268 .avia_textblock{\nfont-size:18px;\ncolor:#282828;\n}\n<\/style>\n<section  class='av_textblock_section av-k674wuwe-2-d649ae397138bdd9c15ccd6c82244268'  itemscope=\"itemscope\" itemtype=\"https:\/\/schema.org\/CreativeWork\" ><div class='avia_textblock av_inherit_color'  itemprop=\"text\" ><p style=\"text-align: center;\"><img alt=\"kodykar-tij-25-k160ne\" decoding=\"async\" class=\" wp-image-5275 aligncenter\" src=\"https:\/\/kodyka.com\/wp-content\/uploads\/2020\/05\/electronica-militar.png\" alt=\"\" width=\"180\" height=\"180\" srcset=\"https:\/\/kodyka.com\/wp-content\/uploads\/2020\/05\/electronica-militar.png 250w, https:\/\/kodyka.com\/wp-content\/uploads\/2020\/05\/electronica-militar-80x80.png 80w, https:\/\/kodyka.com\/wp-content\/uploads\/2020\/05\/electronica-militar-36x36.png 36w, https:\/\/kodyka.com\/wp-content\/uploads\/2020\/05\/electronica-militar-180x180.png 180w\" sizes=\"(max-width: 180px) 100vw, 180px\" \/>Electr\u00f3nica de nivel militar en estado s\u00f3lido<\/p>\n<\/div><\/section><\/div>\n<style type=\"text\/css\" data-created_by=\"avia_inline_auto\" id=\"style-css-av-6menv-5fd74a76e991e223986002e3c8aacdb4\">\n.flex_column.av-6menv-5fd74a76e991e223986002e3c8aacdb4{\n-webkit-border-radius:0px 0px 0px 0px;\n-moz-border-radius:0px 0px 0px 0px;\nborder-radius:0px 0px 0px 0px;\npadding:0px 0px 0px 0px;\n}\n<\/style>\n<div class='flex_column av-6menv-5fd74a76e991e223986002e3c8aacdb4 av_one_third  avia-builder-el-22  el_after_av_one_third  avia-builder-el-last  flex_column_div av-zero-column-padding '     ><style type=\"text\/css\" data-created_by=\"avia_inline_auto\" id=\"style-css-av-k674wuwe-1-93a3bc5e71472d9d3a5c121563f70458\">\n#top .av_textblock_section.av-k674wuwe-1-93a3bc5e71472d9d3a5c121563f70458 .avia_textblock{\nfont-size:18px;\ncolor:#282828;\n}\n<\/style>\n<section  class='av_textblock_section av-k674wuwe-1-93a3bc5e71472d9d3a5c121563f70458'  itemscope=\"itemscope\" itemtype=\"https:\/\/schema.org\/CreativeWork\" ><div class='avia_textblock av_inherit_color'  itemprop=\"text\" ><p style=\"text-align: center;\"><img alt=\"kodykar-tij-25-k160ne\" loading=\"lazy\" decoding=\"async\" class=\" wp-image-5265 aligncenter\" src=\"https:\/\/es.kodyka.com\/wp-content\/uploads\/2020\/05\/2garantia.png\" alt=\"\" width=\"180\" height=\"180\" srcset=\"https:\/\/kodyka.com\/wp-content\/uploads\/2020\/05\/2garantia.png 250w, https:\/\/kodyka.com\/wp-content\/uploads\/2020\/05\/2garantia-80x80.png 80w, https:\/\/kodyka.com\/wp-content\/uploads\/2020\/05\/2garantia-36x36.png 36w, https:\/\/kodyka.com\/wp-content\/uploads\/2020\/05\/2garantia-180x180.png 180w\" sizes=\"(max-width: 180px) 100vw, 180px\" \/>El \u00fanico fabricante que ofrece una garant\u00eda de 2 a\u00f1os<\/p>\n<\/div><\/section><\/div>\n<\/div><\/div><\/div><!-- close content main div --><\/div><\/div><\/div><div id='after_section_1'  class='main_color av_default_container_wrap container_wrap sidebar_right'  ><div class='container av-section-cont-open' ><div class='template-page content  av-content-small alpha units'><div class='post-entry post-entry-type-page post-entry-11250'><div class='entry-content-wrapper clearfix'>\n","protected":false},"excerpt":{"rendered":"","protected":false},"author":1,"featured_media":11240,"parent":124,"menu_order":0,"comment_status":"closed","ping_status":"closed","template":"","meta":{"footnotes":""},"class_list":["post-11250","page","type-page","status-publish","has-post-thumbnail","hentry"],"_links":{"self":[{"href":"https:\/\/kodyka.com\/es\/wp-json\/wp\/v2\/pages\/11250","targetHints":{"allow":["GET"]}}],"collection":[{"href":"https:\/\/kodyka.com\/es\/wp-json\/wp\/v2\/pages"}],"about":[{"href":"https:\/\/kodyka.com\/es\/wp-json\/wp\/v2\/types\/page"}],"author":[{"embeddable":true,"href":"https:\/\/kodyka.com\/es\/wp-json\/wp\/v2\/users\/1"}],"replies":[{"embeddable":true,"href":"https:\/\/kodyka.com\/es\/wp-json\/wp\/v2\/comments?post=11250"}],"version-history":[{"count":14,"href":"https:\/\/kodyka.com\/es\/wp-json\/wp\/v2\/pages\/11250\/revisions"}],"predecessor-version":[{"id":18941,"href":"https:\/\/kodyka.com\/es\/wp-json\/wp\/v2\/pages\/11250\/revisions\/18941"}],"up":[{"embeddable":true,"href":"https:\/\/kodyka.com\/es\/wp-json\/wp\/v2\/pages\/124"}],"wp:featuredmedia":[{"embeddable":true,"href":"https:\/\/kodyka.com\/es\/wp-json\/wp\/v2\/media\/11240"}],"wp:attachment":[{"href":"https:\/\/kodyka.com\/es\/wp-json\/wp\/v2\/media?parent=11250"}],"curies":[{"name":"wp","href":"https:\/\/api.w.org\/{rel}","templated":true}]}}