{"id":120,"date":"2020-03-31T10:14:34","date_gmt":"2020-03-31T10:14:34","guid":{"rendered":"https:\/\/kodyka.com\/?page_id=120"},"modified":"2023-10-10T09:55:16","modified_gmt":"2023-10-10T09:55:16","slug":"clientes-oem","status":"publish","type":"page","link":"https:\/\/kodyka.com\/es\/clientes-oem\/","title":{"rendered":"Clientes OEM"},"content":{"rendered":"<section  class='av_textblock_section av-k8q8bxwo-accadc5b24b8a7fcb377cf2704c3b04e'  itemscope=\"itemscope\" itemtype=\"https:\/\/schema.org\/CreativeWork\" ><div class='avia_textblock'  itemprop=\"text\" ><h3 style=\"text-align: center;\">SERVICIO OEM DE PERSONALIZACION DE IMPRESORAS Y CARTUCHOS<\/h3>\n<\/div><\/section>\n\n<style type=\"text\/css\" data-created_by=\"avia_inline_auto\" id=\"style-css-av-k8vuyvqa-9a03035e6b4d52199b2644b57cf5a8c5\">\n#top .av_textblock_section.av-k8vuyvqa-9a03035e6b4d52199b2644b57cf5a8c5 .avia_textblock{\nfont-size:20px;\n}\n<\/style>\n<section  class='av_textblock_section av-k8vuyvqa-9a03035e6b4d52199b2644b57cf5a8c5'  itemscope=\"itemscope\" itemtype=\"https:\/\/schema.org\/CreativeWork\" ><div class='avia_textblock'  itemprop=\"text\" ><p style=\"text-align: center;\">Kodyka<strong>\u00ae<\/strong> ofrece la posibilidad de personalizar las impresoras seg\u00fan el gusto del cliente.<\/p>\n<\/div><\/section>\n<div class='flex_column_table av-n5ttr-150e38225193814cbdd8f824f8e5b00a sc-av_one_fourth av-equal-height-column-flextable'>\n<style type=\"text\/css\" data-created_by=\"avia_inline_auto\" id=\"style-css-av-n5ttr-150e38225193814cbdd8f824f8e5b00a\">\n.flex_column.av-n5ttr-150e38225193814cbdd8f824f8e5b00a{\n-webkit-border-radius:0px 0px 0px 0px;\n-moz-border-radius:0px 0px 0px 0px;\nborder-radius:0px 0px 0px 0px;\npadding:0px 0px 0px 0px;\n}\n<\/style>\n<div class='flex_column av-n5ttr-150e38225193814cbdd8f824f8e5b00a av_one_fourth  avia-builder-el-2  el_after_av_textblock  el_before_av_two_fifth  first flex_column_table_cell av-equal-height-column av-align-middle av-zero-column-padding column-top-margin'     ><p>\n<style type=\"text\/css\" data-created_by=\"avia_inline_auto\" id=\"style-css-av-k8vtekdf-964f3a1ddf416c748171346ab31bdbfa\">\n.avia-image-container.av-k8vtekdf-964f3a1ddf416c748171346ab31bdbfa img.avia_image{\nbox-shadow:none;\n}\n.avia-image-container.av-k8vtekdf-964f3a1ddf416c748171346ab31bdbfa .av-image-caption-overlay-center{\ncolor:#ffffff;\n}\n<\/style>\n<div  class='avia-image-container av-k8vtekdf-964f3a1ddf416c748171346ab31bdbfa av-styling- avia-align-center  avia-builder-el-3  el_before_av_image  avia-builder-el-first '   itemprop=\"image\" itemscope=\"itemscope\" itemtype=\"https:\/\/schema.org\/ImageObject\" ><div class=\"avia-image-container-inner\"><div class=\"avia-image-overlay-wrap\"><img alt=\"kodykar-tij-25-clientes-oem\" fetchpriority=\"high\" fetchpriority=\"high\" decoding=\"async\" class='wp-image-774 avia-img-lazy-loading-not-774 avia_image ' src=\"https:\/\/kodyka.com\/wp-content\/uploads\/2020\/04\/Spara-personalizacion-2.png\" alt='' title='Spara personalizacion 2'  height=\"551\" width=\"740\"  itemprop=\"thumbnailUrl\" srcset=\"https:\/\/kodyka.com\/wp-content\/uploads\/2020\/04\/Spara-personalizacion-2.png 740w, https:\/\/kodyka.com\/wp-content\/uploads\/2020\/04\/Spara-personalizacion-2-300x223.png 300w, https:\/\/kodyka.com\/wp-content\/uploads\/2020\/04\/Spara-personalizacion-2-705x525.png 705w\" sizes=\"(max-width: 740px) 100vw, 740px\" \/><\/div><\/div><\/div><br \/>\n\n<style type=\"text\/css\" data-created_by=\"avia_inline_auto\" id=\"style-css-av-k8vtekdf-11-b24acc349635604231744730649f9d1a\">\n.avia-image-container.av-k8vtekdf-11-b24acc349635604231744730649f9d1a img.avia_image{\nbox-shadow:none;\n}\n.avia-image-container.av-k8vtekdf-11-b24acc349635604231744730649f9d1a .av-image-caption-overlay-center{\ncolor:#ffffff;\n}\n<\/style>\n<div  class='avia-image-container av-k8vtekdf-11-b24acc349635604231744730649f9d1a av-styling- avia-align-center  avia-builder-el-4  el_after_av_image  el_before_av_image '   itemprop=\"image\" itemscope=\"itemscope\" itemtype=\"https:\/\/schema.org\/ImageObject\" ><div class=\"avia-image-container-inner\"><div class=\"avia-image-overlay-wrap\"><img alt=\"kodykar-tij-25-clientes-oem\" decoding=\"async\" class='wp-image-1785 avia-img-lazy-loading-not-1785 avia_image ' src=\"https:\/\/kodyka.com\/wp-content\/uploads\/2020\/04\/custom1.png\" alt='logotipo distribuidores' title='impresora personalizada tij 2.5'  height=\"551\" width=\"740\"  itemprop=\"thumbnailUrl\" srcset=\"https:\/\/kodyka.com\/wp-content\/uploads\/2020\/04\/custom1.png 740w, https:\/\/kodyka.com\/wp-content\/uploads\/2020\/04\/custom1-300x223.png 300w, https:\/\/kodyka.com\/wp-content\/uploads\/2020\/04\/custom1-705x525.png 705w\" sizes=\"(max-width: 740px) 100vw, 740px\" \/><\/div><\/div><\/div><br \/>\n\n<style type=\"text\/css\" data-created_by=\"avia_inline_auto\" id=\"style-css-av-k8vtekdf-10-eb742bddafa0b6f07987ce1aa46d4cf1\">\n.avia-image-container.av-k8vtekdf-10-eb742bddafa0b6f07987ce1aa46d4cf1 img.avia_image{\nbox-shadow:none;\n}\n.avia-image-container.av-k8vtekdf-10-eb742bddafa0b6f07987ce1aa46d4cf1 .av-image-caption-overlay-center{\ncolor:#ffffff;\n}\n<\/style>\n<div  class='avia-image-container av-k8vtekdf-10-eb742bddafa0b6f07987ce1aa46d4cf1 av-styling- avia-align-center  avia-builder-el-5  el_after_av_image  avia-builder-el-last '   itemprop=\"image\" itemscope=\"itemscope\" itemtype=\"https:\/\/schema.org\/ImageObject\" ><div class=\"avia-image-container-inner\"><div class=\"avia-image-overlay-wrap\"><img alt=\"kodykar-tij-25-clientes-oem\" decoding=\"async\" class='wp-image-1795 avia-img-lazy-loading-not-1795 avia_image ' src=\"https:\/\/kodyka.com\/wp-content\/uploads\/2020\/04\/custom1.jpg\" alt='logotipo distribuidores' title='impresora personalizada tij 2.5'  height=\"551\" width=\"740\"  itemprop=\"thumbnailUrl\" srcset=\"https:\/\/kodyka.com\/wp-content\/uploads\/2020\/04\/custom1.jpg 740w, https:\/\/kodyka.com\/wp-content\/uploads\/2020\/04\/custom1-300x223.jpg 300w, https:\/\/kodyka.com\/wp-content\/uploads\/2020\/04\/custom1-705x525.jpg 705w\" sizes=\"(max-width: 740px) 100vw, 740px\" \/><\/div><\/div><\/div><\/p><\/div>\n<div class='av-flex-placeholder'><\/div>\n<style type=\"text\/css\" data-created_by=\"avia_inline_auto\" id=\"style-css-av-n5ttr-12-5ffebcd5c14418b6aa62f2de2135ceae\">\n.flex_column.av-n5ttr-12-5ffebcd5c14418b6aa62f2de2135ceae{\n-webkit-border-radius:0px 0px 0px 0px;\n-moz-border-radius:0px 0px 0px 0px;\nborder-radius:0px 0px 0px 0px;\npadding:0px 0px 0px 0px;\n}\n<\/style>\n<div class='flex_column av-n5ttr-12-5ffebcd5c14418b6aa62f2de2135ceae av_two_fifth  avia-builder-el-6  el_after_av_one_fourth  el_before_av_one_third  flex_column_table_cell av-equal-height-column av-align-middle av-zero-column-padding column-top-margin'     ><style type=\"text\/css\" data-created_by=\"avia_inline_auto\" id=\"style-css-av-k8vtekdf-9-0cbfe179517734ba83c71d42244b900d\">\n.avia-image-container.av-k8vtekdf-9-0cbfe179517734ba83c71d42244b900d img.avia_image{\nbox-shadow:none;\n}\n.avia-image-container.av-k8vtekdf-9-0cbfe179517734ba83c71d42244b900d .av-image-caption-overlay-center{\ncolor:#ffffff;\n}\n<\/style>\n<div  class='avia-image-container av-k8vtekdf-9-0cbfe179517734ba83c71d42244b900d av-styling- avia-align-center  avia-builder-el-7  avia-builder-el-no-sibling '   itemprop=\"image\" itemscope=\"itemscope\" itemtype=\"https:\/\/schema.org\/ImageObject\" ><div class=\"avia-image-container-inner\"><div class=\"avia-image-overlay-wrap\"><img alt=\"kodykar-tij-25-clientes-oem\" loading=\"lazy\" loading=\"lazy\" decoding=\"async\" class='wp-image-13013 avia-img-lazy-loading-not-13013 avia_image ' src=\"https:\/\/kodyka.com\/wp-content\/uploads\/2022\/12\/OEM_kdod.jpg\" alt='OEM_kdod' title='OEM_kdod'  height=\"800\" width=\"550\"  itemprop=\"thumbnailUrl\" srcset=\"https:\/\/kodyka.com\/wp-content\/uploads\/2022\/12\/OEM_kdod.jpg 550w, https:\/\/kodyka.com\/wp-content\/uploads\/2022\/12\/OEM_kdod-206x300.jpg 206w, https:\/\/kodyka.com\/wp-content\/uploads\/2022\/12\/OEM_kdod-485x705.jpg 485w\" sizes=\"auto, (max-width: 550px) 100vw, 550px\" \/><\/div><\/div><\/div><\/div>\n<div class='av-flex-placeholder'><\/div>\n<style type=\"text\/css\" data-created_by=\"avia_inline_auto\" id=\"style-css-av-n5ttr-8-6992dc939057ecb5da5dcceb66742263\">\n.flex_column.av-n5ttr-8-6992dc939057ecb5da5dcceb66742263{\n-webkit-border-radius:0px 0px 0px 0px;\n-moz-border-radius:0px 0px 0px 0px;\nborder-radius:0px 0px 0px 0px;\npadding:0px 0px 0px 0px;\n}\n<\/style>\n<div class='flex_column av-n5ttr-8-6992dc939057ecb5da5dcceb66742263 av_one_third  avia-builder-el-8  el_after_av_two_fifth  el_before_av_section  avia-builder-el-last  flex_column_table_cell av-equal-height-column av-align-middle av-zero-column-padding column-top-margin'     ><style type=\"text\/css\" data-created_by=\"avia_inline_auto\" id=\"style-css-av-k8vtekdf-7-177e275591d45fdbc6754908c6623f84\">\n.avia-image-container.av-k8vtekdf-7-177e275591d45fdbc6754908c6623f84 img.avia_image{\nbox-shadow:none;\n}\n.avia-image-container.av-k8vtekdf-7-177e275591d45fdbc6754908c6623f84 .av-image-caption-overlay-center{\ncolor:#ffffff;\n}\n<\/style>\n<div  class='avia-image-container av-k8vtekdf-7-177e275591d45fdbc6754908c6623f84 av-styling- avia-align-center  avia-builder-el-9  avia-builder-el-no-sibling '   itemprop=\"image\" itemscope=\"itemscope\" itemtype=\"https:\/\/schema.org\/ImageObject\" ><div class=\"avia-image-container-inner\"><div class=\"avia-image-overlay-wrap\"><img alt=\"kodykar-tij-25-clientes-oem\" loading=\"lazy\" loading=\"lazy\" decoding=\"async\" class='wp-image-3389 avia-img-lazy-loading-not-3389 avia_image ' src=\"https:\/\/kodyka.com\/wp-content\/uploads\/2020\/05\/inkjet-printer-custom-brand.jpg\" alt='personalizar su marca, nombre, logotipo ... impresoras manual tij 2.5' title='impresora de inyecci\u00f3n de tinta personalizada'  height=\"800\" width=\"499\"  itemprop=\"thumbnailUrl\" srcset=\"https:\/\/kodyka.com\/wp-content\/uploads\/2020\/05\/inkjet-printer-custom-brand.jpg 499w, https:\/\/kodyka.com\/wp-content\/uploads\/2020\/05\/inkjet-printer-custom-brand-187x300.jpg 187w, https:\/\/kodyka.com\/wp-content\/uploads\/2020\/05\/inkjet-printer-custom-brand-440x705.jpg 440w\" sizes=\"auto, (max-width: 499px) 100vw, 499px\" \/><\/div><\/div><\/div><\/div><\/div><!--close column table wrapper. Autoclose: 1 -->\n<\/div><\/div><\/div><!-- close content main div --><\/div><\/div>\n<style type=\"text\/css\" data-created_by=\"avia_inline_auto\" id=\"style-css-av-k9m0uwe1-b91b0332ac9dacc1ccefc2c569e9bdb0\">\n.avia-section.av-k9m0uwe1-b91b0332ac9dacc1ccefc2c569e9bdb0{\nbackground-color:#ffffff;\nbackground-image:url(https:\/\/kodyka.com\/wp-content\/uploads\/2020\/05\/fondo-transparente.png);\nbackground-repeat:no-repeat;\nbackground-position:50% 50%;\nbackground-attachment:fixed;\n}\n.avia-section.av-k9m0uwe1-b91b0332ac9dacc1ccefc2c569e9bdb0 .av-section-color-overlay{\nopacity:0.3;\nbackground-color:#ffffff;\nbackground-image:url(https:\/\/kodyka.com\/wp-content\/themes\/enfold\/images\/background-images\/dots-mini-light.png);\nbackground-repeat:repeat;\n}\n<\/style>\n<div id='av_section_1'  class='avia-section av-k9m0uwe1-b91b0332ac9dacc1ccefc2c569e9bdb0 header_color avia-section-large avia-no-border-styling  avia-builder-el-10  el_after_av_one_third  avia-builder-el-last  avia-full-contain avia-bg-style-fixed av-section-color-overlay-active container_wrap sidebar_right'  data-section-bg-repeat='contain'><div class=\"av-section-color-overlay-wrap\"><div class=\"av-section-color-overlay\"><\/div><div class='container av-section-cont-open' ><div class='template-page content  av-content-small alpha units'><div class='post-entry post-entry-type-page post-entry-120'><div class='entry-content-wrapper clearfix'>\n\n<style type=\"text\/css\" data-created_by=\"avia_inline_auto\" id=\"style-css-av-f25tr-b885b5b22bea99f38ae733a19a98ecfb\">\n.flex_column.av-f25tr-b885b5b22bea99f38ae733a19a98ecfb{\n-webkit-border-radius:0px 0px 0px 0px;\n-moz-border-radius:0px 0px 0px 0px;\nborder-radius:0px 0px 0px 0px;\npadding:0px 0px 0px 0px;\n}\n<\/style>\n<div class='flex_column av-f25tr-b885b5b22bea99f38ae733a19a98ecfb av_one_half  avia-builder-el-11  el_before_av_one_half  avia-builder-el-first  first flex_column_div av-zero-column-padding '     ><p>\n<style type=\"text\/css\" data-created_by=\"avia_inline_auto\" id=\"style-css-av-k9u01scg-8280f2c6accd74208ee2c2bc0c1ce0c0\">\n#top .av_textblock_section.av-k9u01scg-8280f2c6accd74208ee2c2bc0c1ce0c0 .avia_textblock{\nfont-size:20px;\n}\n<\/style>\n<section  class='av_textblock_section av-k9u01scg-8280f2c6accd74208ee2c2bc0c1ce0c0'  itemscope=\"itemscope\" itemtype=\"https:\/\/schema.org\/CreativeWork\" ><div class='avia_textblock'  itemprop=\"text\" ><p>Kodyka\u00a0\u00ae apuesta por\u00a0soluciones tecnol\u00f3gicas avanzadas\u00a0especialmente dise\u00f1adas para la correcta\u00a0integraci\u00f3n dentro de la l\u00ednea\u00a0de producci\u00f3n.<\/p>\n<\/div><\/section><br \/>\n<section  class='av_textblock_section av-k9u01scg-6-638467b84b78892b8342e2b846dc1482'  itemscope=\"itemscope\" itemtype=\"https:\/\/schema.org\/CreativeWork\" ><div class='avia_textblock'  itemprop=\"text\" ><p>Ofrecemos soluci\u00f3nes completas, garantizado una integraci\u00f3n perfecta de nuestros equipos dentro de un contexto industrial exigente. Nuestra contrastada experiencia con Ingenier\u00edas y OEMs de todos los sectores, constatan la eficacia de nuestros equipos.<\/p>\n<\/div><\/section><\/p><\/div>\n<style type=\"text\/css\" data-created_by=\"avia_inline_auto\" id=\"style-css-av-bjbgv-0dcb26081822a1e343aa1e717636e4f0\">\n.flex_column.av-bjbgv-0dcb26081822a1e343aa1e717636e4f0{\n-webkit-border-radius:0px 0px 0px 0px;\n-moz-border-radius:0px 0px 0px 0px;\nborder-radius:0px 0px 0px 0px;\npadding:0px 0px 0px 0px;\n}\n<\/style>\n<div class='flex_column av-bjbgv-0dcb26081822a1e343aa1e717636e4f0 av_one_half  avia-builder-el-14  el_after_av_one_half  avia-builder-el-last  flex_column_div av-zero-column-padding '     ><p>\n<style type=\"text\/css\" data-created_by=\"avia_inline_auto\" id=\"style-css-av-k9u01scg-5-8675993a7bed353a1166bcb8c1797917\">\n#top .av_textblock_section.av-k9u01scg-5-8675993a7bed353a1166bcb8c1797917 .avia_textblock{\nfont-size:20px;\n}\n<\/style>\n<section  class='av_textblock_section av-k9u01scg-5-8675993a7bed353a1166bcb8c1797917'  itemscope=\"itemscope\" itemtype=\"https:\/\/schema.org\/CreativeWork\" ><div class='avia_textblock'  itemprop=\"text\" ><p>Kodyka \u00ae le garantiza una apuesta segura, acorde a las necesidades de integraci\u00f3n y las necesidades t\u00e9cnicas de la aplicaci\u00f3n de su cliente.<\/p>\n<\/div><\/section><br \/>\n<section  class='av_textblock_section av-k9u01scg-4-72b7c79717a38af3a7a3889bba3a6b08'  itemscope=\"itemscope\" itemtype=\"https:\/\/schema.org\/CreativeWork\" ><div class='avia_textblock'  itemprop=\"text\" ><p>La selecci\u00f3n del equipo de impresi\u00f3n adecuada representa uno de los elementos fundamentales a la hora de ofrecer soluci\u00f3n a sus clientes. La aplicaci\u00f3n y la asistencia t\u00e9cnica y de campo adecuadas ayudan a garantizar el cumplimiento de los requisitos de\u00a0instalaci\u00f3n de los equipos en el cliente, cumpliendo con las planificaciones\u00a0de sus proyectos y\u00a0satisfaciendo las expectativas t\u00e9cnicas m\u00e1s exigentes.<\/p>\n<\/div><\/section><\/p><\/div>\n<\/div><\/div><\/div><!-- close content main div --><\/div><\/div><\/div><div id='after_section_1'  class='main_color av_default_container_wrap container_wrap sidebar_right'  ><div class='container av-section-cont-open' ><div class='template-page content  av-content-small alpha units'><div class='post-entry post-entry-type-page post-entry-120'><div class='entry-content-wrapper clearfix'>\n","protected":false},"excerpt":{"rendered":"","protected":false},"author":1,"featured_media":3844,"parent":0,"menu_order":0,"comment_status":"closed","ping_status":"closed","template":"","meta":{"footnotes":""},"class_list":["post-120","page","type-page","status-publish","has-post-thumbnail","hentry"],"_links":{"self":[{"href":"https:\/\/kodyka.com\/es\/wp-json\/wp\/v2\/pages\/120","targetHints":{"allow":["GET"]}}],"collection":[{"href":"https:\/\/kodyka.com\/es\/wp-json\/wp\/v2\/pages"}],"about":[{"href":"https:\/\/kodyka.com\/es\/wp-json\/wp\/v2\/types\/page"}],"author":[{"embeddable":true,"href":"https:\/\/kodyka.com\/es\/wp-json\/wp\/v2\/users\/1"}],"replies":[{"embeddable":true,"href":"https:\/\/kodyka.com\/es\/wp-json\/wp\/v2\/comments?post=120"}],"version-history":[{"count":6,"href":"https:\/\/kodyka.com\/es\/wp-json\/wp\/v2\/pages\/120\/revisions"}],"predecessor-version":[{"id":15291,"href":"https:\/\/kodyka.com\/es\/wp-json\/wp\/v2\/pages\/120\/revisions\/15291"}],"wp:featuredmedia":[{"embeddable":true,"href":"https:\/\/kodyka.com\/es\/wp-json\/wp\/v2\/media\/3844"}],"wp:attachment":[{"href":"https:\/\/kodyka.com\/es\/wp-json\/wp\/v2\/media?parent=120"}],"curies":[{"name":"wp","href":"https:\/\/api.w.org\/{rel}","templated":true}]}}