{"id":13502,"date":"2023-01-08T20:29:09","date_gmt":"2023-01-08T20:29:09","guid":{"rendered":"https:\/\/kodyka.com\/impresora-laser\/klu3-5-10\/"},"modified":"2025-08-02T20:40:18","modified_gmt":"2025-08-02T20:40:18","slug":"klu3-5-10","status":"publish","type":"page","link":"https:\/\/kodyka.com\/es\/impresora-laser\/klu3-5-10\/","title":{"rendered":"KLUVN3|5| UV"},"content":{"rendered":"\n<style type=\"text\/css\" data-created_by=\"avia_inline_auto\" id=\"style-css-av-q3e5-2e16dced38b4ac7bfe609ab1dccf0f45\">\n.flex_column.av-q3e5-2e16dced38b4ac7bfe609ab1dccf0f45{\n-webkit-border-radius:0px 0px 0px 0px;\n-moz-border-radius:0px 0px 0px 0px;\nborder-radius:0px 0px 0px 0px;\npadding:0px 0px 0px 0px;\n}\n<\/style>\n<div class='flex_column av-q3e5-2e16dced38b4ac7bfe609ab1dccf0f45 av_two_fifth  avia-builder-el-0  el_before_av_one_third  avia-builder-el-first  first flex_column_div av-zero-column-padding '     ><style type=\"text\/css\" data-created_by=\"avia_inline_auto\" id=\"style-css-av-lcnot7tw-148c13e13983618f16d097462359271b\">\n.avia-image-container.av-lcnot7tw-148c13e13983618f16d097462359271b img.avia_image{\nbox-shadow:none;\n}\n.avia-image-container.av-lcnot7tw-148c13e13983618f16d097462359271b .av-image-caption-overlay-center{\ncolor:#ffffff;\n}\n<\/style>\n<div  class='avia-image-container av-lcnot7tw-148c13e13983618f16d097462359271b av-styling- avia-align-center  avia-builder-el-1  avia-builder-el-no-sibling '   itemprop=\"image\" itemscope=\"itemscope\" itemtype=\"https:\/\/schema.org\/ImageObject\" ><div class=\"avia-image-container-inner\"><div class=\"avia-image-overlay-wrap\"><img alt=\"kodykar-tij-25-kluvn35-uv\" fetchpriority=\"high\" fetchpriority=\"high\" decoding=\"async\" class='wp-image-18763 avia-img-lazy-loading-not-18763 avia_image ' src=\"https:\/\/kodyka.com\/wp-content\/uploads\/2025\/07\/kluvn-laser-uv.jpg\" alt='' title='kluvn laser uv'  height=\"1638\" width=\"1000\"  itemprop=\"thumbnailUrl\" srcset=\"https:\/\/kodyka.com\/wp-content\/uploads\/2025\/07\/kluvn-laser-uv.jpg 1000w, https:\/\/kodyka.com\/wp-content\/uploads\/2025\/07\/kluvn-laser-uv-183x300.jpg 183w, https:\/\/kodyka.com\/wp-content\/uploads\/2025\/07\/kluvn-laser-uv-629x1030.jpg 629w, https:\/\/kodyka.com\/wp-content\/uploads\/2025\/07\/kluvn-laser-uv-768x1258.jpg 768w, https:\/\/kodyka.com\/wp-content\/uploads\/2025\/07\/kluvn-laser-uv-938x1536.jpg 938w, https:\/\/kodyka.com\/wp-content\/uploads\/2025\/07\/kluvn-laser-uv-916x1500.jpg 916w, https:\/\/kodyka.com\/wp-content\/uploads\/2025\/07\/kluvn-laser-uv-430x705.jpg 430w\" sizes=\"(max-width: 1000px) 100vw, 1000px\" \/><\/div><\/div><\/div><\/div>\n\n<style type=\"text\/css\" data-created_by=\"avia_inline_auto\" id=\"style-css-av-5wesm-f405f3f3aff3c03436f3e602a1ee865c\">\n.flex_column.av-5wesm-f405f3f3aff3c03436f3e602a1ee865c{\n-webkit-border-radius:0px 0px 0px 0px;\n-moz-border-radius:0px 0px 0px 0px;\nborder-radius:0px 0px 0px 0px;\npadding:0px 0px 0px 0px;\n}\n<\/style>\n<div class='flex_column av-5wesm-f405f3f3aff3c03436f3e602a1ee865c av_one_third  avia-builder-el-2  el_after_av_two_fifth  el_before_av_one_fourth  flex_column_div av-zero-column-padding '     ><style type=\"text\/css\" data-created_by=\"avia_inline_auto\" id=\"style-css-av-k6hq0wtk-85bc8838cc3fcb0e9aa39eb62c96052f\">\n#top .av_textblock_section.av-k6hq0wtk-85bc8838cc3fcb0e9aa39eb62c96052f .avia_textblock{\nfont-size:18px;\n}\n<\/style>\n<section  class='av_textblock_section av-k6hq0wtk-85bc8838cc3fcb0e9aa39eb62c96052f'  itemscope=\"itemscope\" itemtype=\"https:\/\/schema.org\/CreativeWork\" ><div class='avia_textblock'  itemprop=\"text\" ><h1 style=\"text-align: left;\">KLUVN3<\/h1>\n<h2 style=\"text-align: left;\">KLUVN5<\/h2>\n<h4 style=\"text-align: left;\"><strong>Laser UV<\/strong><\/h4>\n<\/div><\/section><br \/>\n\n<style type=\"text\/css\" data-created_by=\"avia_inline_auto\" id=\"style-css-av-k6hq0wtk-34-25a521d7efd9bf4ac2efb73b67cf7e37\">\n#top .av_textblock_section.av-k6hq0wtk-34-25a521d7efd9bf4ac2efb73b67cf7e37 .avia_textblock{\nfont-size:18px;\n}\n<\/style>\n<section  class='av_textblock_section av-k6hq0wtk-34-25a521d7efd9bf4ac2efb73b67cf7e37'  itemscope=\"itemscope\" itemtype=\"https:\/\/schema.org\/CreativeWork\" ><div class='avia_textblock'  itemprop=\"text\" ><p>FACIL DE MANEJAR<\/p>\n<p>GRANDES PRESTACIONES<\/p>\n<\/div><\/section><\/p><\/div>\n\n<style type=\"text\/css\" data-created_by=\"avia_inline_auto\" id=\"style-css-av-57cv6-1c608dfb1cb397f4d50d93145b15ed48\">\n.flex_column.av-57cv6-1c608dfb1cb397f4d50d93145b15ed48{\n-webkit-border-radius:0px 0px 0px 0px;\n-moz-border-radius:0px 0px 0px 0px;\nborder-radius:0px 0px 0px 0px;\npadding:0px 0px 0px 0px;\n}\n<\/style>\n<div class='flex_column av-57cv6-1c608dfb1cb397f4d50d93145b15ed48 av_one_fourth  avia-builder-el-5  el_after_av_one_third  el_before_av_hr  flex_column_div av-zero-column-padding '     ><p>\n<style type=\"text\/css\" data-created_by=\"avia_inline_auto\" id=\"style-css-av-lcnrcrq0-37d4bc8c354bc915d6745ee300fd34dd\">\n#top .hr.hr-invisible.av-lcnrcrq0-37d4bc8c354bc915d6745ee300fd34dd{\nheight:50px;\n}\n<\/style>\n<div  class='hr av-lcnrcrq0-37d4bc8c354bc915d6745ee300fd34dd hr-invisible  avia-builder-el-6  el_before_av_image  avia-builder-el-first  av-small-hide av-mini-hide'><span class='hr-inner '><span class=\"hr-inner-style\"><\/span><\/span><\/div><br \/>\n\n<style type=\"text\/css\" data-created_by=\"avia_inline_auto\" id=\"style-css-av-lcnot7tw-35-729208b3b426b2f81a0a6fe5ba7b9bf5\">\n.avia-image-container.av-lcnot7tw-35-729208b3b426b2f81a0a6fe5ba7b9bf5 img.avia_image{\nbox-shadow:none;\n}\n.avia-image-container.av-lcnot7tw-35-729208b3b426b2f81a0a6fe5ba7b9bf5 .av-image-caption-overlay-center{\ncolor:#ffffff;\n}\n<\/style>\n<div  class='avia-image-container av-lcnot7tw-35-729208b3b426b2f81a0a6fe5ba7b9bf5 av-styling- avia-align-left  avia-builder-el-7  el_after_av_hr  avia-builder-el-last '   itemprop=\"image\" itemscope=\"itemscope\" itemtype=\"https:\/\/schema.org\/ImageObject\" ><div class=\"avia-image-container-inner\"><div class=\"avia-image-overlay-wrap\"><img alt=\"kodykar-tij-25-kluvn35-uv\" decoding=\"async\" class='wp-image-18722 avia-img-lazy-loading-not-18722 avia_image ' src=\"https:\/\/kodyka.com\/wp-content\/uploads\/2025\/07\/pantalla.jpg\" alt='' title='pantalla'  height=\"400\" width=\"500\"  itemprop=\"thumbnailUrl\" srcset=\"https:\/\/kodyka.com\/wp-content\/uploads\/2025\/07\/pantalla.jpg 500w, https:\/\/kodyka.com\/wp-content\/uploads\/2025\/07\/pantalla-300x240.jpg 300w\" sizes=\"(max-width: 500px) 100vw, 500px\" \/><\/div><\/div><\/div><\/p><\/div>\n\n<style type=\"text\/css\" data-created_by=\"avia_inline_auto\" id=\"style-css-av-lcnrcrq0-31-d07bdf3caaed36a0ffa17cf78974b07e\">\n#top .hr.hr-invisible.av-lcnrcrq0-31-d07bdf3caaed36a0ffa17cf78974b07e{\nheight:60px;\n}\n<\/style>\n<div  class='hr av-lcnrcrq0-31-d07bdf3caaed36a0ffa17cf78974b07e hr-invisible  avia-builder-el-8  el_after_av_one_fourth  el_before_av_three_fourth '><span class='hr-inner '><span class=\"hr-inner-style\"><\/span><\/span><\/div>\n\n<style type=\"text\/css\" data-created_by=\"avia_inline_auto\" id=\"style-css-av-195bar4u-12a8ed1b8899f3458657e6129c68a5a1\">\n.flex_column.av-195bar4u-12a8ed1b8899f3458657e6129c68a5a1{\n-webkit-border-radius:0px 0px 0px 0px;\n-moz-border-radius:0px 0px 0px 0px;\nborder-radius:0px 0px 0px 0px;\npadding:0px 0px 0px 0px;\n}\n<\/style>\n<div class='flex_column av-195bar4u-12a8ed1b8899f3458657e6129c68a5a1 av_three_fourth  avia-builder-el-9  el_after_av_hr  el_before_av_three_fifth  first flex_column_div av-zero-column-padding '     ><div class='avia-data-table-wrap av-18mpfyf2-ce5388edfc6a036c74c9fa9a43356a33 avia_responsive_table avia-table-1'><table  class='avia-table avia-data-table avia_pricing_minimal  avia-builder-el-10  avia-builder-el-no-sibling '  itemscope=\"itemscope\" itemtype=\"https:\/\/schema.org\/Table\" ><tbody><tr class=''><th class='avia-desc-col'>Modelo<\/th><td class=''>KLUVN3, KLUVN5<\/td><\/tr><tr class=''><th class='avia-desc-col'>Tipo L\u00e1ser<\/th><td class=''>UV laser<\/td><\/tr><tr class=''><th class='avia-desc-col'>Longitud de onda<\/th><td class=''>355 nm<\/td><\/tr><tr class=''><th class='avia-desc-col'>Potencia del l\u00e1ser<\/th><td class=''>3W 5W<\/td><\/tr><tr class=''><th class='avia-desc-col'>Modo Posicional<\/th><td class=''>Enfoque autom\u00e1tico con luz roja, posicionamiento y vista previa<\/td><\/tr><tr class=''><th class='avia-desc-col'>Velocidad de marcaje<\/th><td class=''>Depende del tama\u00f1o y contenido del texto a marcar<br \/>\nInfluye la complejidad del material a marcar<\/td><\/tr><tr class=''><th class='avia-desc-col'>N\u00famero de Filas<\/th><td class=''>Ilimitado<\/td><\/tr><tr class=''><th class='avia-desc-col'>Altura del car\u00e1cter<\/th><td class=''>0.6 rango m\u00e1ximo grabado<\/td><\/tr><tr class=''><th class='avia-desc-col'>M\u00ednimo Ancho de l\u00ednea<\/th><td class=''>0,02 mm<\/td><\/tr><tr class=''><th class='avia-desc-col'>Distancia superficie marcaje<\/th><td class=''>0,01 mm<\/td><\/tr><tr class=''><th class='avia-desc-col'>Idiomas<\/th><td class=''>Espa\u00f1ol, ingl\u00e9s, Francas, alem\u00e1n, Italiano, Japon\u00e9s y otros idiomas m\u00e1s.<\/td><\/tr><tr class=''><th class='avia-desc-col'>Tipograf\u00eda<\/th><td class=''>Bajo entorno Windows para Espa\u00f1ol e Ingl\u00e9s<\/td><\/tr><tr class=''><th class='avia-desc-col'>Formato de archivo<\/th><td class=''>JPG, BMP, PNG , DXF, DWG , PLT , Al<\/td><\/tr><tr class=''><th class='avia-desc-col'>C\u00f3digo de barras\/QR c\u00f3digo<\/th><td class=''>EAN8, EAN13, C\u00d3DIGO 39, C\u00d3DIGO 128, GS1-128<\/td><\/tr><tr class=''><th class='avia-desc-col'>Rango de codificaci\u00f3n<\/th><td class=''>Est\u00e1ndar (110 x 110), opcional (70- 300)<\/td><\/tr><tr class=''><th class='avia-desc-col'>Galvan\u00f3metro<\/th><td class=''>Alta precisi\u00f3n 2D sistema digital de escaneado<\/td><\/tr><tr class=''><th class='avia-desc-col'>Controlador<\/th><td class=''>Pantalla t\u00e1ctil industrial en color de 10,1 pulgadas<\/td><\/tr><tr class=''><th class='avia-desc-col'>Sistema operativo<\/th><td class=''>Sistema operativo de seguridad Linux integrado<\/td><\/tr><tr class=''><th class='avia-desc-col'>Sistema de enfriamiento<\/th><td class=''>Refrigeraci\u00f3n por agua,  Refrigeraci\u00f3n por aire<\/td><\/tr><tr class=''><th class='avia-desc-col'>Host (Largo x Ancho x Alto)<\/th><td class=''>668mm x 140mm x 166,5mm, 668mm x 160mm x 189mm<\/td><\/tr><tr class=''><th class='avia-desc-col'>Nivel Protecci\u00f3n IP<\/th><td class=''>IP43<\/td><\/tr><tr class=''><th class='avia-desc-col'>Velocidad de la l\u00ednea de producci\u00f3n<\/th><td class=''>Controlada sin o con Encoder con fase A y B<\/td><\/tr><tr class=''><th class='avia-desc-col'>Interfaz de usuario<\/th><td class=''>Se\u00f1al fotoel\u00e9ctrica, se\u00f1al encender, se\u00f1al de alarma, E\/S (NPN, PNP, se\u00f1al tipo interruptor) ,<br \/>\ncomunicaci\u00f3n RS232, m\u00faltiples entradas\/ salidas.<\/td><\/tr><tr class=''><th class='avia-desc-col'>Voltaje de entrada<\/th><td class=''>100 V-240 V \/50-60 Hz<\/td><\/tr><tr class=''><th class='avia-desc-col'>Potencia total Consumo<\/th><td class=''>900W<\/td><\/tr><tr class=''><th class='avia-desc-col'>Material del l\u00e1ser<\/th><td class=''>Aleaci\u00f3n de aluminio<\/td><\/tr><tr class=''><th class='avia-desc-col'>Material del controlador l\u00e1ser<\/th><td class=''>Aleaci\u00f3n de aluminio<\/td><\/tr><tr class=''><th class='avia-desc-col'>Temperatura y humedad de trabajo<\/th><td class=''>Temperatura Externa o\u00b7c -45&#8243;C, humedad s; 95%; Sin condensaci\u00f3n ; No vibraci\u00f3n<\/td><\/tr><tr class=''><th class='avia-desc-col'>Vida del l\u00e1ser<\/th><td class=''>> 20.000 horas de haz de luz<\/td><\/tr><tr class=''><th class='avia-desc-col'>Sectores principales donde se requieren impresoras l\u00e1ser<\/th><td class=''>Sector del metal, sanitario y m\u00e9dico, sector cosm\u00e9tico, fabricantes de maquinaria, relojes, autopartes, hardware electr\u00f3nico y otros con altos requisitos de marcaje de alta calidad<\/td><\/tr><tr class=''><th class='avia-desc-col'>Peso<\/th><td class=''>Largo x Ancho x Alto: 900mm x 390m m x 320mm<br \/>\n20 kilos (peso bruto) 22,6 kilos (peso bruto)<\/td><\/tr><tr class=''><th class='avia-desc-col'>Medidas y peso del soporte<\/th><td class=''>Dimensiones (largo x ancho x alto): 420 x 320 x 280 mm<br \/>\n12 kg<\/td><\/tr><\/tbody><\/table><\/div><style type='text\/css'>.avia-table-1 td:nth-of-type(1):before { content: 'Modelo'; } <\/style><\/div>\n<style type=\"text\/css\" data-created_by=\"avia_inline_auto\" id=\"style-css-av-3zixm-4946cf718bd0e682142b21d8324953d4\">\n.flex_column.av-3zixm-4946cf718bd0e682142b21d8324953d4{\n-webkit-border-radius:0px 0px 0px 0px;\n-moz-border-radius:0px 0px 0px 0px;\nborder-radius:0px 0px 0px 0px;\npadding:0px 0px 0px 0px;\n}\n<\/style>\n<div class='flex_column av-3zixm-4946cf718bd0e682142b21d8324953d4 av_three_fifth  avia-builder-el-11  el_after_av_three_fourth  el_before_av_two_fifth  first flex_column_div av-zero-column-padding column-top-margin'     ><style type=\"text\/css\" data-created_by=\"avia_inline_auto\" id=\"style-css-av-ka07wxdo-28-5982f0f6b67805f80291db57f89a8778\">\n.avia-image-container.av-ka07wxdo-28-5982f0f6b67805f80291db57f89a8778 img.avia_image{\nbox-shadow:none;\n}\n.avia-image-container.av-ka07wxdo-28-5982f0f6b67805f80291db57f89a8778 .av-image-caption-overlay-center{\ncolor:#ffffff;\n}\n<\/style>\n<div  class='avia-image-container av-ka07wxdo-28-5982f0f6b67805f80291db57f89a8778 av-styling- avia-align-center  avia-builder-el-12  avia-builder-el-no-sibling '   itemprop=\"image\" itemscope=\"itemscope\" itemtype=\"https:\/\/schema.org\/ImageObject\" ><div class=\"avia-image-container-inner\"><div class=\"avia-image-overlay-wrap\"><img alt=\"kodykar-tij-25-kluvn35-uv\" decoding=\"async\" class='wp-image-13372 avia-img-lazy-loading-not-13372 avia_image ' src=\"https:\/\/kodyka.com\/wp-content\/uploads\/2023\/01\/uv-laser-marking.jpg\" alt='KLU3|5|10 UV' title='uv laser marking'  height=\"634\" width=\"1000\"  itemprop=\"thumbnailUrl\" srcset=\"https:\/\/kodyka.com\/wp-content\/uploads\/2023\/01\/uv-laser-marking.jpg 1000w, https:\/\/kodyka.com\/wp-content\/uploads\/2023\/01\/uv-laser-marking-300x190.jpg 300w, https:\/\/kodyka.com\/wp-content\/uploads\/2023\/01\/uv-laser-marking-768x487.jpg 768w, https:\/\/kodyka.com\/wp-content\/uploads\/2023\/01\/uv-laser-marking-705x447.jpg 705w\" sizes=\"(max-width: 1000px) 100vw, 1000px\" \/><\/div><\/div><\/div><\/div><\/p>\n\n<style type=\"text\/css\" data-created_by=\"avia_inline_auto\" id=\"style-css-av-3zixm-3-df59ce308bda11ad1a8d13418f42a8d2\">\n.flex_column.av-3zixm-3-df59ce308bda11ad1a8d13418f42a8d2{\n-webkit-border-radius:0px 0px 0px 0px;\n-moz-border-radius:0px 0px 0px 0px;\nborder-radius:0px 0px 0px 0px;\npadding:0px 0px 0px 0px;\n}\n<\/style>\n<div class='flex_column av-3zixm-3-df59ce308bda11ad1a8d13418f42a8d2 av_two_fifth  avia-builder-el-13  el_after_av_three_fifth  el_before_av_hr  flex_column_div av-zero-column-padding column-top-margin'     ><p>\n<style type=\"text\/css\" data-created_by=\"avia_inline_auto\" id=\"style-css-av-kj7nk8v7-edd5c619f67de48b54f279bb68b7cda5\">\n#top .hr.hr-invisible.av-kj7nk8v7-edd5c619f67de48b54f279bb68b7cda5{\nheight:20px;\n}\n<\/style>\n<div  class='hr av-kj7nk8v7-edd5c619f67de48b54f279bb68b7cda5 hr-invisible  avia-builder-el-14  el_before_av_image  avia-builder-el-first '><span class='hr-inner '><span class=\"hr-inner-style\"><\/span><\/span><\/div><br \/>\n\n<style type=\"text\/css\" data-created_by=\"avia_inline_auto\" id=\"style-css-av-ka07wxdo-2-895e2b5312d25d3a630b6baa36308432\">\n.avia-image-container.av-ka07wxdo-2-895e2b5312d25d3a630b6baa36308432 img.avia_image{\nbox-shadow:none;\n}\n.avia-image-container.av-ka07wxdo-2-895e2b5312d25d3a630b6baa36308432 .av-image-caption-overlay-center{\ncolor:#ffffff;\n}\n<\/style>\n<div  class='avia-image-container av-ka07wxdo-2-895e2b5312d25d3a630b6baa36308432 av-styling- avia-align-center  avia-builder-el-15  el_after_av_hr  avia-builder-el-last '   itemprop=\"image\" itemscope=\"itemscope\" itemtype=\"https:\/\/schema.org\/ImageObject\" ><div class=\"avia-image-container-inner\"><div class=\"avia-image-overlay-wrap\"><img alt=\"kodykar-tij-25-kluvn35-uv\" loading=\"lazy\" loading=\"lazy\" decoding=\"async\" class='wp-image-13382 avia-img-lazy-loading-not-13382 avia_image ' src=\"https:\/\/kodyka.com\/wp-content\/uploads\/2023\/01\/uv-laser-marking-2.jpg\" alt='uv laser marking' title='uv laser marking 2'  height=\"516\" width=\"601\"  itemprop=\"thumbnailUrl\" srcset=\"https:\/\/kodyka.com\/wp-content\/uploads\/2023\/01\/uv-laser-marking-2.jpg 601w, https:\/\/kodyka.com\/wp-content\/uploads\/2023\/01\/uv-laser-marking-2-300x258.jpg 300w\" sizes=\"auto, (max-width: 601px) 100vw, 601px\" \/><\/div><\/div><\/div><\/p><\/div>\n\n<style type=\"text\/css\" data-created_by=\"avia_inline_auto\" id=\"style-css-av-kj7nk8v7-1-1bf81cf54c1c6a93791bd66473c00de9\">\n#top .hr.hr-invisible.av-kj7nk8v7-1-1bf81cf54c1c6a93791bd66473c00de9{\nheight:50px;\n}\n<\/style>\n<div  class='hr av-kj7nk8v7-1-1bf81cf54c1c6a93791bd66473c00de9 hr-invisible  avia-builder-el-16  el_after_av_two_fifth  el_before_av_button '><span class='hr-inner '><span class=\"hr-inner-style\"><\/span><\/span><\/div>\n<div  class='avia-button-wrap av-k73zy876-c15ff162ab0371d192c7c852ff4675df-wrap avia-button-center  avia-builder-el-17  el_after_av_hr  avia-builder-el-last '><a href='https:\/\/kodyka.com\/wp-content\/uploads\/2025\/07\/KLUVN3-5_es.pdf' class='avia-button av-k73zy876-c15ff162ab0371d192c7c852ff4675df avia-icon_select-yes-left-icon avia-size-small avia-position-center avia-color-dark' target=\"_blank\" rel=\"noopener noreferrer\"><span class='avia_button_icon avia_button_icon_left' aria-hidden='true' data-av_icon='\ue82d' data-av_iconfont='entypo-fontello'><\/span><span class='avia_iconbox_title' >PDF<\/span><\/a><\/div>\n","protected":false},"excerpt":{"rendered":"","protected":false},"author":1,"featured_media":18763,"parent":13492,"menu_order":0,"comment_status":"closed","ping_status":"closed","template":"","meta":{"footnotes":""},"class_list":["post-13502","page","type-page","status-publish","has-post-thumbnail","hentry"],"_links":{"self":[{"href":"https:\/\/kodyka.com\/es\/wp-json\/wp\/v2\/pages\/13502","targetHints":{"allow":["GET"]}}],"collection":[{"href":"https:\/\/kodyka.com\/es\/wp-json\/wp\/v2\/pages"}],"about":[{"href":"https:\/\/kodyka.com\/es\/wp-json\/wp\/v2\/types\/page"}],"author":[{"embeddable":true,"href":"https:\/\/kodyka.com\/es\/wp-json\/wp\/v2\/users\/1"}],"replies":[{"embeddable":true,"href":"https:\/\/kodyka.com\/es\/wp-json\/wp\/v2\/comments?post=13502"}],"version-history":[{"count":11,"href":"https:\/\/kodyka.com\/es\/wp-json\/wp\/v2\/pages\/13502\/revisions"}],"predecessor-version":[{"id":18849,"href":"https:\/\/kodyka.com\/es\/wp-json\/wp\/v2\/pages\/13502\/revisions\/18849"}],"up":[{"embeddable":true,"href":"https:\/\/kodyka.com\/es\/wp-json\/wp\/v2\/pages\/13492"}],"wp:featuredmedia":[{"embeddable":true,"href":"https:\/\/kodyka.com\/es\/wp-json\/wp\/v2\/media\/18763"}],"wp:attachment":[{"href":"https:\/\/kodyka.com\/es\/wp-json\/wp\/v2\/media?parent=13502"}],"curies":[{"name":"wp","href":"https:\/\/api.w.org\/{rel}","templated":true}]}}