{"id":13840,"date":"2023-01-16T19:26:07","date_gmt":"2023-01-16T19:26:07","guid":{"rendered":"https:\/\/kodyka.com\/?page_id=13840"},"modified":"2025-03-23T21:15:20","modified_gmt":"2025-03-23T21:15:20","slug":"ribbon","status":"publish","type":"page","link":"https:\/\/kodyka.com\/es\/ribbon\/","title":{"rendered":"Ribbon"},"content":{"rendered":"<section  class='av_textblock_section av-le6abthm-4527778c091c725478f35910ed21c8bc'  itemscope=\"itemscope\" itemtype=\"https:\/\/schema.org\/CreativeWork\" ><div class='avia_textblock'  itemprop=\"text\" ><h2 style=\"text-align: center;\">RIBBON<\/h2>\n<\/div><\/section>\n\n<style type=\"text\/css\" data-created_by=\"avia_inline_auto\" id=\"style-css-av-1d5ipps-e4865155a2878031a419d639bb7a4559\">\n.flex_column.av-1d5ipps-e4865155a2878031a419d639bb7a4559{\n-webkit-border-radius:0px 0px 0px 0px;\n-moz-border-radius:0px 0px 0px 0px;\nborder-radius:0px 0px 0px 0px;\npadding:0px 0px 0px 0px;\n}\n<\/style>\n<div class='flex_column av-1d5ipps-e4865155a2878031a419d639bb7a4559 av_one_fifth  avia-builder-el-1  el_after_av_textblock  el_before_av_three_fifth  first flex_column_div av-zero-column-padding column-top-margin'     ><\/div>\n\n<style type=\"text\/css\" data-created_by=\"avia_inline_auto\" id=\"style-css-av-otjndc-39a77d6fcbea233952f03ac4f189750d\">\n.flex_column.av-otjndc-39a77d6fcbea233952f03ac4f189750d{\n-webkit-border-radius:0px 0px 0px 0px;\n-moz-border-radius:0px 0px 0px 0px;\nborder-radius:0px 0px 0px 0px;\npadding:0px 0px 0px 0px;\n}\n<\/style>\n<div class='flex_column av-otjndc-39a77d6fcbea233952f03ac4f189750d av_three_fifth  avia-builder-el-2  el_after_av_one_fifth  el_before_av_one_third  flex_column_div av-zero-column-padding column-top-margin'     ><style type=\"text\/css\" data-created_by=\"avia_inline_auto\" id=\"style-css-av-le6ab8c5-bb05948ab53e516b9c5dd24fde63df47\">\n.avia-image-container.av-le6ab8c5-bb05948ab53e516b9c5dd24fde63df47 img.avia_image{\nbox-shadow:none;\n}\n.avia-image-container.av-le6ab8c5-bb05948ab53e516b9c5dd24fde63df47 .av-image-caption-overlay-center{\ncolor:#ffffff;\n}\n<\/style>\n<div  class='avia-image-container av-le6ab8c5-bb05948ab53e516b9c5dd24fde63df47 av-styling- avia-align-center  avia-builder-el-3  avia-builder-el-no-sibling '   itemprop=\"image\" itemscope=\"itemscope\" itemtype=\"https:\/\/schema.org\/ImageObject\" ><div class=\"avia-image-container-inner\"><div class=\"avia-image-overlay-wrap\"><img alt=\"kodykar-tij-25-ribbon\" fetchpriority=\"high\" fetchpriority=\"high\" decoding=\"async\" class='wp-image-14344 avia-img-lazy-loading-not-14344 avia_image ' src=\"https:\/\/kodyka.com\/wp-content\/uploads\/2023\/02\/ribbon-tto.jpg\" alt='ribbon tto' title='ribbon tto'  height=\"700\" width=\"1200\"  itemprop=\"thumbnailUrl\" srcset=\"https:\/\/kodyka.com\/wp-content\/uploads\/2023\/02\/ribbon-tto.jpg 1200w, https:\/\/kodyka.com\/wp-content\/uploads\/2023\/02\/ribbon-tto-300x175.jpg 300w, https:\/\/kodyka.com\/wp-content\/uploads\/2023\/02\/ribbon-tto-1030x601.jpg 1030w, https:\/\/kodyka.com\/wp-content\/uploads\/2023\/02\/ribbon-tto-768x448.jpg 768w, https:\/\/kodyka.com\/wp-content\/uploads\/2023\/02\/ribbon-tto-705x411.jpg 705w\" sizes=\"(max-width: 1200px) 100vw, 1200px\" \/><\/div><\/div><\/div><\/div>\n\n<style type=\"text\/css\" data-created_by=\"avia_inline_auto\" id=\"style-css-av-1l3cx94-318d302a00d8b0a842c6c7519a0316bf\">\n.flex_column.av-1l3cx94-318d302a00d8b0a842c6c7519a0316bf{\n-webkit-border-radius:0px 0px 0px 0px;\n-moz-border-radius:0px 0px 0px 0px;\nborder-radius:0px 0px 0px 0px;\npadding:0px 0px 0px 0px;\n}\n<\/style>\n<div class='flex_column av-1l3cx94-318d302a00d8b0a842c6c7519a0316bf av_one_third  avia-builder-el-4  el_after_av_three_fifth  el_before_av_one_third  first flex_column_div av-zero-column-padding '     ><section  class='av_textblock_section av-le6a2c8x-b4cb8da862a450ad13b4c028a2662358'  itemscope=\"itemscope\" itemtype=\"https:\/\/schema.org\/CreativeWork\" ><div class='avia_textblock'  itemprop=\"text\" ><h3>Cintas t\u00e9rmicas de cera<\/h3>\n<p>Las cintas t\u00e9rmicas de cera son la variedad m\u00e1s econ\u00f3mica de la gama de cintas t\u00e9rmicas y son adecuadas para la impresi\u00f3n de uso general en materiales de papel.\u00a0Aunque esta gama es econ\u00f3mica, ofrecen una abrasi\u00f3n superior, resistencia y una excelente calidad de impresi\u00f3n en c\u00f3digos de barras normales y rotados en papel estucado y no estucado.<\/p>\n<p>La alta proporci\u00f3n de cera en la formulaci\u00f3n significa que estas cintas tienen un punto de fusi\u00f3n m\u00e1s bajo, por lo que se puede usar una configuraci\u00f3n de calor m\u00e1s baja en la impresora y se pueden lograr altas velocidades de impresi\u00f3n.<\/p>\n<p>Las cintas de cera se recomiendan para aplicaciones y usos que incluyen etiquetas y r\u00f3tulos revestidos y no revestidos, etiquetado de uso general, etiquetas de env\u00edo, etiquetado de cajas de cart\u00f3n, r\u00f3tulos y etiquetas para venta al por menor, aplicaciones de impresi\u00f3n y aplicaci\u00f3n.<\/p>\n<\/div><\/section><\/div>\n<style type=\"text\/css\" data-created_by=\"avia_inline_auto\" id=\"style-css-av-1917mxk-6fe8b23921d10fb34ecf8a2a278435d7\">\n.flex_column.av-1917mxk-6fe8b23921d10fb34ecf8a2a278435d7{\n-webkit-border-radius:0px 0px 0px 0px;\n-moz-border-radius:0px 0px 0px 0px;\nborder-radius:0px 0px 0px 0px;\npadding:0px 0px 0px 0px;\n}\n<\/style>\n<div class='flex_column av-1917mxk-6fe8b23921d10fb34ecf8a2a278435d7 av_one_third  avia-builder-el-6  el_after_av_one_third  el_before_av_one_third  flex_column_div av-zero-column-padding '     ><section  class='av_textblock_section av-le6a2c8x-b4cb8da862a450ad13b4c028a2662358'  itemscope=\"itemscope\" itemtype=\"https:\/\/schema.org\/CreativeWork\" ><div class='avia_textblock'  itemprop=\"text\" ><h3>Cintas T\u00e9rmicas de Cera-Resina<\/h3>\n<p>Las cintas t\u00e9rmicas de resina de cera son adecuadas para etiquetas que requieren una vida \u00fatil prolongada y brindan una imagen m\u00e1s fina en etiquetas de papel muy suaves o recubiertas y brillantes y algunos materiales sinest\u00e9sicos.\u00a0La imagen impresa producida a partir de una cinta de cera-resina es m\u00e1s duradera que la cera, lo que garantiza una resistencia superior a las manchas y los ara\u00f1azos y una excelente resistencia a las rozaduras o rozaduras, que pueden ser un problema com\u00fan para el transporte de mercanc\u00edas.<\/p>\n<p>Las aplicaciones y usos recomendados para las cintas de cera y resina incluyen;\u00a0aplicaciones de impresi\u00f3n de alta velocidad, etiquetado de estantes y contenedores, etiquetado de tambores, etiquetado de marcado de piezas y etiquetas de alto brillo.<\/p>\n<\/div><\/section><\/div>\n<style type=\"text\/css\" data-created_by=\"avia_inline_auto\" id=\"style-css-av-w45ybc-1d3c7f1fac501138f3e06af6c58d2e57\">\n.flex_column.av-w45ybc-1d3c7f1fac501138f3e06af6c58d2e57{\n-webkit-border-radius:0px 0px 0px 0px;\n-moz-border-radius:0px 0px 0px 0px;\nborder-radius:0px 0px 0px 0px;\npadding:0px 0px 0px 0px;\n}\n<\/style>\n<div class='flex_column av-w45ybc-1d3c7f1fac501138f3e06af6c58d2e57 av_one_third  avia-builder-el-8  el_after_av_one_third  avia-builder-el-last  flex_column_div av-zero-column-padding '     ><section  class='av_textblock_section av-le6a2c8x-b4cb8da862a450ad13b4c028a2662358'  itemscope=\"itemscope\" itemtype=\"https:\/\/schema.org\/CreativeWork\" ><div class='avia_textblock'  itemprop=\"text\" ><h3>Cintas T\u00e9rmicas de Resina<\/h3>\n<p>Las cintas de resina completa brindan un excelente rendimiento al producir etiquetas con una impresi\u00f3n n\u00edtida y clara.\u00a0Las cintas de resina prosperan en entornos hostiles, como aplicaciones UV corrosivas y de alta temperatura, humedad, abrasi\u00f3n y aplicaciones exigentes.<\/p>\n<p>Las aplicaciones y usos recomendados para las cintas de resina incluyen;\u00a0etiquetas s\u00faper brillantes y etiquetas sint\u00e9ticas, aplicaciones extremas como etiquetado de tambores peligrosos, etiquetas que requieren una larga vida \u00fatil y todo tipo de etiquetas para exteriores que requieren durabilidad.<\/p>\n<\/div><\/section><\/div><\/p>\n","protected":false},"excerpt":{"rendered":"","protected":false},"author":1,"featured_media":0,"parent":0,"menu_order":0,"comment_status":"closed","ping_status":"closed","template":"","meta":{"footnotes":""},"class_list":["post-13840","page","type-page","status-publish","hentry"],"_links":{"self":[{"href":"https:\/\/kodyka.com\/es\/wp-json\/wp\/v2\/pages\/13840","targetHints":{"allow":["GET"]}}],"collection":[{"href":"https:\/\/kodyka.com\/es\/wp-json\/wp\/v2\/pages"}],"about":[{"href":"https:\/\/kodyka.com\/es\/wp-json\/wp\/v2\/types\/page"}],"author":[{"embeddable":true,"href":"https:\/\/kodyka.com\/es\/wp-json\/wp\/v2\/users\/1"}],"replies":[{"embeddable":true,"href":"https:\/\/kodyka.com\/es\/wp-json\/wp\/v2\/comments?post=13840"}],"version-history":[{"count":4,"href":"https:\/\/kodyka.com\/es\/wp-json\/wp\/v2\/pages\/13840\/revisions"}],"predecessor-version":[{"id":17527,"href":"https:\/\/kodyka.com\/es\/wp-json\/wp\/v2\/pages\/13840\/revisions\/17527"}],"wp:attachment":[{"href":"https:\/\/kodyka.com\/es\/wp-json\/wp\/v2\/media?parent=13840"}],"curies":[{"name":"wp","href":"https:\/\/api.w.org\/{rel}","templated":true}]}}