{"id":13877,"date":"2023-01-16T20:47:07","date_gmt":"2023-01-16T20:47:07","guid":{"rendered":"https:\/\/kodyka.com\/technology-tto\/"},"modified":"2024-10-08T09:57:21","modified_gmt":"2024-10-08T09:57:21","slug":"tecnologia-tto","status":"publish","type":"page","link":"https:\/\/kodyka.com\/es\/tecnologia-tto\/","title":{"rendered":"Tecnolog\u00eda TTO"},"content":{"rendered":"\n<style type=\"text\/css\" data-created_by=\"avia_inline_auto\" id=\"style-css-av-abo35-31e4f6c314d3d4b4ac79ff680cf9e364\">\n.flex_column.av-abo35-31e4f6c314d3d4b4ac79ff680cf9e364{\n-webkit-border-radius:0px 0px 0px 0px;\n-moz-border-radius:0px 0px 0px 0px;\nborder-radius:0px 0px 0px 0px;\npadding:0px 0px 0px 0px;\n}\n<\/style>\n<div class='flex_column av-abo35-31e4f6c314d3d4b4ac79ff680cf9e364 av_one_full  avia-builder-el-0  el_before_av_textblock  avia-builder-el-first  first flex_column_div av-zero-column-padding '     ><style type=\"text\/css\" data-created_by=\"avia_inline_auto\" id=\"style-css-av-k996y5i6-c5a68cbce1d7ab98bbb73b0bd9409a64\">\n#top .av_textblock_section.av-k996y5i6-c5a68cbce1d7ab98bbb73b0bd9409a64 .avia_textblock{\nfont-size:20px;\n}\n<\/style>\n<section  class='av_textblock_section av-k996y5i6-c5a68cbce1d7ab98bbb73b0bd9409a64'  itemscope=\"itemscope\" itemtype=\"https:\/\/schema.org\/CreativeWork\" ><div class='avia_textblock'  itemprop=\"text\" ><h2 style=\"text-align: center;\">Tecnolog\u00eda TTO<\/h2>\n<p style=\"text-align: center;\">\n<\/div><\/section><br \/>\n\n<style type=\"text\/css\" data-created_by=\"avia_inline_auto\" id=\"style-css-av-k9rkesz7-40f98d875ada80c575eb5def3957a32d\">\n#top .hr.hr-invisible.av-k9rkesz7-40f98d875ada80c575eb5def3957a32d{\nheight:20px;\n}\n<\/style>\n<div  class='hr av-k9rkesz7-40f98d875ada80c575eb5def3957a32d hr-invisible  avia-builder-el-2  el_after_av_textblock  avia-builder-el-last '><span class='hr-inner '><span class=\"hr-inner-style\"><\/span><\/span><\/div><\/p><\/div><section  class='av_textblock_section av-le60lxz3-fc4ed1257dfda4eec08c36e61a3a3ee4'  itemscope=\"itemscope\" itemtype=\"https:\/\/schema.org\/CreativeWork\" ><div class='avia_textblock'  itemprop=\"text\" ><h3>\u00bfQu\u00e9 es la impresi\u00f3n TTO?<\/h3>\n<p>La sobreimpresi\u00f3n por transferencia t\u00e9rmica (TTO) es una tecnolog\u00eda que crea mensajes en resoluciones de hasta 300 ppp al presionar una cinta para que entre en contacto con un sustrato mediante un cabezal de impresi\u00f3n.<\/p>\n<\/div><\/section><\/p>\n\n<style type=\"text\/css\" data-created_by=\"avia_inline_auto\" id=\"style-css-av-zg0ien-1e9caf5a20422b7d8e42e7526845e023\">\n.flex_column.av-zg0ien-1e9caf5a20422b7d8e42e7526845e023{\n-webkit-border-radius:0px 0px 0px 0px;\n-moz-border-radius:0px 0px 0px 0px;\nborder-radius:0px 0px 0px 0px;\npadding:0px 0px 0px 0px;\n}\n<\/style>\n<div class='flex_column av-zg0ien-1e9caf5a20422b7d8e42e7526845e023 av_one_half  avia-builder-el-4  el_after_av_textblock  el_before_av_one_half  first flex_column_div av-zero-column-padding column-top-margin'     ><p>\n<style type=\"text\/css\" data-created_by=\"avia_inline_auto\" id=\"style-css-av-le616utm-927fbc6d51065358f2d48700e7b300ed\">\n.avia-image-container.av-le616utm-927fbc6d51065358f2d48700e7b300ed img.avia_image{\nbox-shadow:none;\n}\n.avia-image-container.av-le616utm-927fbc6d51065358f2d48700e7b300ed .av-image-caption-overlay-center{\ncolor:#ffffff;\n}\n<\/style>\n<div  class='avia-image-container av-le616utm-927fbc6d51065358f2d48700e7b300ed av-styling- avia-align-center  avia-builder-el-5  el_before_av_textblock  avia-builder-el-first '   itemprop=\"image\" itemscope=\"itemscope\" itemtype=\"https:\/\/schema.org\/ImageObject\" ><div class=\"avia-image-container-inner\"><div class=\"avia-image-overlay-wrap\"><img alt=\"kodykar-tij-25-tecnologia-tto\" fetchpriority=\"high\" fetchpriority=\"high\" decoding=\"async\" class='wp-image-14313 avia-img-lazy-loading-not-14313 avia_image ' src=\"https:\/\/kodyka.com\/wp-content\/uploads\/2023\/02\/tto-technology.jpg\" alt='ribbon tto' title='tto technology'  height=\"600\" width=\"1100\"  itemprop=\"thumbnailUrl\" srcset=\"https:\/\/kodyka.com\/wp-content\/uploads\/2023\/02\/tto-technology.jpg 1100w, https:\/\/kodyka.com\/wp-content\/uploads\/2023\/02\/tto-technology-300x164.jpg 300w, https:\/\/kodyka.com\/wp-content\/uploads\/2023\/02\/tto-technology-1030x562.jpg 1030w, https:\/\/kodyka.com\/wp-content\/uploads\/2023\/02\/tto-technology-768x419.jpg 768w, https:\/\/kodyka.com\/wp-content\/uploads\/2023\/02\/tto-technology-705x385.jpg 705w\" sizes=\"(max-width: 1100px) 100vw, 1100px\" \/><\/div><\/div><\/div><br \/>\n<section  class='av_textblock_section av-le60lxz3-fc4ed1257dfda4eec08c36e61a3a3ee4'  itemscope=\"itemscope\" itemtype=\"https:\/\/schema.org\/CreativeWork\" ><div class='avia_textblock'  itemprop=\"text\" ><ul>\n<li><strong><span><span>Backcoat<\/span><\/span><\/strong><span><span>\u00a0: capa especial que protege el cabezal de impresi\u00f3n contra la abrasi\u00f3n.\u00a0<\/span><span>Asegura el deslizamiento de la cinta debajo del cabezal de impresi\u00f3n.<\/span><\/span><\/li>\n<li><strong><span><span>Pel\u00edcula de PET<\/span><\/span><\/strong><span><span>\u00a0: como soporte para la cinta de transferencia t\u00e9rmica<\/span><\/span><\/li>\n<li><strong><span><span>Primer<\/span><\/span><\/strong><span><span>\u00a0: facilita la aplicaci\u00f3n de tinta sobre el soporte de poli\u00e9ster y su transferencia a la etiqueta durante el proceso de impresi\u00f3n.<\/span><\/span><\/li>\n<li><strong><span><span>Ink<\/span><\/span><\/strong><span><span>\u00a0: hay tintas de cera, cera\/resina y resina disponibles<\/span><\/span><\/li>\n<\/ul>\n<\/div><\/section><\/p><\/div>\n\n<style type=\"text\/css\" data-created_by=\"avia_inline_auto\" id=\"style-css-av-sb641b-34575ec2a731e620533b1fbe2e506c87\">\n.flex_column.av-sb641b-34575ec2a731e620533b1fbe2e506c87{\n-webkit-border-radius:0px 0px 0px 0px;\n-moz-border-radius:0px 0px 0px 0px;\nborder-radius:0px 0px 0px 0px;\npadding:0px 0px 0px 0px;\n}\n<\/style>\n<div class='flex_column av-sb641b-34575ec2a731e620533b1fbe2e506c87 av_one_half  avia-builder-el-7  el_after_av_one_half  el_before_av_one_half  flex_column_div av-zero-column-padding column-top-margin'     ><p><section  class='av_textblock_section av-le60lxz3-fc4ed1257dfda4eec08c36e61a3a3ee4'  itemscope=\"itemscope\" itemtype=\"https:\/\/schema.org\/CreativeWork\" ><div class='avia_textblock'  itemprop=\"text\" ><p><span>La sobreimpresi\u00f3n por transferencia t\u00e9rmica (TTO)<\/span><span>\u00a0es un m\u00e9todo en el que se utiliza calor para transferir tinta desde una cinta de transferencia t\u00e9rmica a un sustrato flexible, como envases de alimentos, bebidas y medicamentos.\u00a0Esta t\u00e9cnica se utiliza, por ejemplo, para la impresi\u00f3n de c\u00f3digos de barras e informaci\u00f3n variable, como fechas de caducidad y n\u00fameros de serie.<\/span><\/p>\n<\/div><\/section><br \/>\n<section  class='av_textblock_section av-le60lxz3-fc4ed1257dfda4eec08c36e61a3a3ee4'  itemscope=\"itemscope\" itemtype=\"https:\/\/schema.org\/CreativeWork\" ><div class='avia_textblock'  itemprop=\"text\" ><p><span>Las impresoras TTO est\u00e1n en contacto directo con el sustrato.\u00a0<\/span><span>Esto garantiza la transferencia r\u00e1pida de datos variables de alta calidad a materiales de embalaje flexibles como PP, PET, aluminio, papel y Tyvek<\/span><\/p>\n<\/div><\/section><br \/>\n<section  class='av_textblock_section av-le60lxz3-fc4ed1257dfda4eec08c36e61a3a3ee4'  itemscope=\"itemscope\" itemtype=\"https:\/\/schema.org\/CreativeWork\" ><div class='avia_textblock'  itemprop=\"text\" ><p>La impresi\u00f3n en l\u00ednea se realiza a altas velocidades de 20 IPS y, por lo tanto, necesita cintas de transferencia t\u00e9rmica espec\u00edficas que liberan la tinta a altas velocidades y permiten largas tiradas de producci\u00f3n sin cambios innecesarios.<\/p>\n<\/div><\/section><\/p><\/div>\n\n<style type=\"text\/css\" data-created_by=\"avia_inline_auto\" id=\"style-css-av-k99wtkrg-7cd7555fa88d26f18d52c6d3f042db97\">\n.flex_column.av-k99wtkrg-7cd7555fa88d26f18d52c6d3f042db97{\n-webkit-border-radius:0px 0px 0px 0px;\n-moz-border-radius:0px 0px 0px 0px;\nborder-radius:0px 0px 0px 0px;\npadding:0px 0px 0px 0px;\n}\n<\/style>\n<div class='flex_column av-k99wtkrg-7cd7555fa88d26f18d52c6d3f042db97 av_one_half  avia-builder-el-11  el_after_av_one_half  el_before_av_one_half  first flex_column_div av-zero-column-padding column-top-margin'     ><section  class='av_textblock_section av-k8q7gxup-eb49566b99991a4e6e9f3cd25b2accfd'  itemscope=\"itemscope\" itemtype=\"https:\/\/schema.org\/CreativeWork\" ><div class='avia_textblock'  itemprop=\"text\" ><p>TTO se usa ampliamente en muchos campos de impresi\u00f3n industrial , como\u00a0 identificaci\u00f3n de productos, impresi\u00f3n de pedidos, impresi\u00f3n industrial, marcaje, etc., principalmente para imprimir una variedad de informaci\u00f3n variable, incluido el nombre Informaci\u00f3n, n\u00fameros, texto, n\u00fameros de serie, im\u00e1genes, etc.<\/p>\n<\/div><\/section><\/div>\n\n<style type=\"text\/css\" data-created_by=\"avia_inline_auto\" id=\"style-css-av-k99wtkrg-072f2d9eb89d5bf20d113e5043bf766a\">\n.flex_column.av-k99wtkrg-072f2d9eb89d5bf20d113e5043bf766a{\n-webkit-border-radius:0px 0px 0px 0px;\n-moz-border-radius:0px 0px 0px 0px;\nborder-radius:0px 0px 0px 0px;\npadding:0px 0px 0px 0px;\n}\n<\/style>\n<div class='flex_column av-k99wtkrg-072f2d9eb89d5bf20d113e5043bf766a av_one_half  avia-builder-el-13  el_after_av_one_half  el_before_av_one_half  flex_column_div av-zero-column-padding column-top-margin'     ><section  class='av_textblock_section av-k8q7gxup-eb49566b99991a4e6e9f3cd25b2accfd'  itemscope=\"itemscope\" itemtype=\"https:\/\/schema.org\/CreativeWork\" ><div class='avia_textblock'  itemprop=\"text\" ><ul>\n<li><span>Envolvedoras de flujo<\/span><\/li>\n<li><span>Bolsas<\/span><\/li>\n<li><span>Sellos de bandeja<\/span><\/li>\n<li><span>Bolsas<\/span><\/li>\n<li><span>Bolsitas<\/span><\/li>\n<li><span>Envases al vac\u00edo<\/span><\/li>\n<li><span>Etiquetas<\/span><\/li>\n<\/ul>\n<\/div><\/section><\/div>\n<div class='flex_column_table av-k99wtkrg-7646d3c388cb76433ac2c3a518d8f2ae sc-av_one_half av-equal-height-column-flextable'>\n<style type=\"text\/css\" data-created_by=\"avia_inline_auto\" id=\"style-css-av-k99wtkrg-7646d3c388cb76433ac2c3a518d8f2ae\">\n.flex_column.av-k99wtkrg-7646d3c388cb76433ac2c3a518d8f2ae{\n-webkit-border-radius:0px 0px 0px 0px;\n-moz-border-radius:0px 0px 0px 0px;\nborder-radius:0px 0px 0px 0px;\npadding:0px 0px 0px 0px;\n}\n<\/style>\n<div class='flex_column av-k99wtkrg-7646d3c388cb76433ac2c3a518d8f2ae av_one_half  avia-builder-el-15  el_after_av_one_half  el_before_av_one_half  first flex_column_table_cell av-equal-height-column av-align-bottom av-zero-column-padding column-top-margin'     ><style type=\"text\/css\" data-created_by=\"avia_inline_auto\" id=\"style-css-av-le616utm-427ce4e004697c40df3ec41e04cd3137\">\n.avia-image-container.av-le616utm-427ce4e004697c40df3ec41e04cd3137 img.avia_image{\nbox-shadow:none;\n}\n.avia-image-container.av-le616utm-427ce4e004697c40df3ec41e04cd3137 .av-image-caption-overlay-center{\ncolor:#ffffff;\n}\n<\/style>\n<div  class='avia-image-container av-le616utm-427ce4e004697c40df3ec41e04cd3137 av-styling- avia-align-center  avia-builder-el-16  avia-builder-el-no-sibling '   itemprop=\"image\" itemscope=\"itemscope\" itemtype=\"https:\/\/schema.org\/ImageObject\" ><div class=\"avia-image-container-inner\"><div class=\"avia-image-overlay-wrap\"><img alt=\"kodykar-tij-25-tecnologia-tto\" decoding=\"async\" class='wp-image-14369 avia-img-lazy-loading-not-14369 avia_image ' src=\"https:\/\/kodyka.com\/wp-content\/uploads\/2023\/02\/ribbon-printer-head-tto.jpg\" alt='' title='ribbon printer head tto'  height=\"605\" width=\"1403\"  itemprop=\"thumbnailUrl\" srcset=\"https:\/\/kodyka.com\/wp-content\/uploads\/2023\/02\/ribbon-printer-head-tto.jpg 1403w, https:\/\/kodyka.com\/wp-content\/uploads\/2023\/02\/ribbon-printer-head-tto-300x129.jpg 300w, https:\/\/kodyka.com\/wp-content\/uploads\/2023\/02\/ribbon-printer-head-tto-1030x444.jpg 1030w, https:\/\/kodyka.com\/wp-content\/uploads\/2023\/02\/ribbon-printer-head-tto-768x331.jpg 768w, https:\/\/kodyka.com\/wp-content\/uploads\/2023\/02\/ribbon-printer-head-tto-705x304.jpg 705w\" sizes=\"(max-width: 1403px) 100vw, 1403px\" \/><\/div><\/div><\/div><\/div>\n<div class='av-flex-placeholder'><\/div>\n<style type=\"text\/css\" data-created_by=\"avia_inline_auto\" id=\"style-css-av-k99wtkrg-072f2d9eb89d5bf20d113e5043bf766a\">\n.flex_column.av-k99wtkrg-072f2d9eb89d5bf20d113e5043bf766a{\n-webkit-border-radius:0px 0px 0px 0px;\n-moz-border-radius:0px 0px 0px 0px;\nborder-radius:0px 0px 0px 0px;\npadding:0px 0px 0px 0px;\n}\n<\/style>\n<div class='flex_column av-k99wtkrg-072f2d9eb89d5bf20d113e5043bf766a av_one_half  avia-builder-el-17  el_after_av_one_half  avia-builder-el-last  flex_column_table_cell av-equal-height-column av-align-bottom av-zero-column-padding column-top-margin'     ><style type=\"text\/css\" data-created_by=\"avia_inline_auto\" id=\"style-css-av-le616utm-5d86c67112c109038ad7440d4ff830e5\">\n.avia-image-container.av-le616utm-5d86c67112c109038ad7440d4ff830e5 img.avia_image{\nbox-shadow:none;\n}\n.avia-image-container.av-le616utm-5d86c67112c109038ad7440d4ff830e5 .av-image-caption-overlay-center{\ncolor:#ffffff;\n}\n<\/style>\n<div  class='avia-image-container av-le616utm-5d86c67112c109038ad7440d4ff830e5 av-styling- avia-align-center  avia-builder-el-18  avia-builder-el-no-sibling '   itemprop=\"image\" itemscope=\"itemscope\" itemtype=\"https:\/\/schema.org\/ImageObject\" ><div class=\"avia-image-container-inner\"><div class=\"avia-image-overlay-wrap\"><img alt=\"kodykar-tij-25-tecnologia-tto\" decoding=\"async\" class='wp-image-14375 avia-img-lazy-loading-not-14375 avia_image ' src=\"https:\/\/kodyka.com\/wp-content\/uploads\/2023\/02\/tto-transferred-ink.jpg\" alt='' title='tto transferred ink'  height=\"362\" width=\"491\"  itemprop=\"thumbnailUrl\" srcset=\"https:\/\/kodyka.com\/wp-content\/uploads\/2023\/02\/tto-transferred-ink.jpg 491w, https:\/\/kodyka.com\/wp-content\/uploads\/2023\/02\/tto-transferred-ink-300x221.jpg 300w\" sizes=\"(max-width: 491px) 100vw, 491px\" \/><\/div><\/div><\/div><\/div><\/div><!--close column table wrapper. Autoclose: 1 -->\n","protected":false},"excerpt":{"rendered":"","protected":false},"author":1,"featured_media":0,"parent":0,"menu_order":0,"comment_status":"closed","ping_status":"closed","template":"","meta":{"footnotes":""},"class_list":["post-13877","page","type-page","status-publish","hentry"],"_links":{"self":[{"href":"https:\/\/kodyka.com\/es\/wp-json\/wp\/v2\/pages\/13877","targetHints":{"allow":["GET"]}}],"collection":[{"href":"https:\/\/kodyka.com\/es\/wp-json\/wp\/v2\/pages"}],"about":[{"href":"https:\/\/kodyka.com\/es\/wp-json\/wp\/v2\/types\/page"}],"author":[{"embeddable":true,"href":"https:\/\/kodyka.com\/es\/wp-json\/wp\/v2\/users\/1"}],"replies":[{"embeddable":true,"href":"https:\/\/kodyka.com\/es\/wp-json\/wp\/v2\/comments?post=13877"}],"version-history":[{"count":7,"href":"https:\/\/kodyka.com\/es\/wp-json\/wp\/v2\/pages\/13877\/revisions"}],"predecessor-version":[{"id":17122,"href":"https:\/\/kodyka.com\/es\/wp-json\/wp\/v2\/pages\/13877\/revisions\/17122"}],"wp:attachment":[{"href":"https:\/\/kodyka.com\/es\/wp-json\/wp\/v2\/media?parent=13877"}],"curies":[{"name":"wp","href":"https:\/\/api.w.org\/{rel}","templated":true}]}}