{"id":13878,"date":"2023-01-16T20:46:42","date_gmt":"2023-01-16T20:46:42","guid":{"rendered":"https:\/\/kodyka.com\/technology-laser\/"},"modified":"2025-03-23T22:05:24","modified_gmt":"2025-03-23T22:05:24","slug":"tecnologia-laser","status":"publish","type":"page","link":"https:\/\/kodyka.com\/es\/tecnologia-laser\/","title":{"rendered":"Tecnolog\u00eda Laser"},"content":{"rendered":"\n<style type=\"text\/css\" data-created_by=\"avia_inline_auto\" id=\"style-css-av-abo35-31e4f6c314d3d4b4ac79ff680cf9e364\">\n.flex_column.av-abo35-31e4f6c314d3d4b4ac79ff680cf9e364{\n-webkit-border-radius:0px 0px 0px 0px;\n-moz-border-radius:0px 0px 0px 0px;\nborder-radius:0px 0px 0px 0px;\npadding:0px 0px 0px 0px;\n}\n<\/style>\n<div class='flex_column av-abo35-31e4f6c314d3d4b4ac79ff680cf9e364 av_one_full  avia-builder-el-0  el_before_av_three_fourth  avia-builder-el-first  first flex_column_div av-zero-column-padding '     ><style type=\"text\/css\" data-created_by=\"avia_inline_auto\" id=\"style-css-av-k996y5i6-446abc2e862518930aeec9440a48cd9a\">\n#top .av_textblock_section.av-k996y5i6-446abc2e862518930aeec9440a48cd9a .avia_textblock{\nfont-size:20px;\n}\n<\/style>\n<section  class='av_textblock_section av-k996y5i6-446abc2e862518930aeec9440a48cd9a'  itemscope=\"itemscope\" itemtype=\"https:\/\/schema.org\/CreativeWork\" ><div class='avia_textblock'  itemprop=\"text\" ><h2 style=\"text-align: center;\">TECNOLOG\u00cdA LASER<\/h2>\n<p style=\"text-align: center;\">Fibra | CO2 | UV<\/p>\n<\/div><\/section><\/div>\n\n<style type=\"text\/css\" data-created_by=\"avia_inline_auto\" id=\"style-css-av-mnm0ba-b5a4d27db2d8b0d95b6165547de43fea\">\n.flex_column.av-mnm0ba-b5a4d27db2d8b0d95b6165547de43fea{\n-webkit-border-radius:0px 0px 0px 0px;\n-moz-border-radius:0px 0px 0px 0px;\nborder-radius:0px 0px 0px 0px;\npadding:0px 0px 0px 0px;\n}\n<\/style>\n<div class='flex_column av-mnm0ba-b5a4d27db2d8b0d95b6165547de43fea av_three_fourth  avia-builder-el-2  el_after_av_one_full  el_before_av_hr  first flex_column_div av-zero-column-padding column-top-margin'     ><section  class='av_textblock_section av-le60lxz3-72f9b546172395d803dd1e70c6108617'  itemscope=\"itemscope\" itemtype=\"https:\/\/schema.org\/CreativeWork\" ><div class='avia_textblock'  itemprop=\"text\" ><h3>\u00bfQu\u00e9 es la impresi\u00f3n laser?<\/h3>\n<p>El\u00a0<strong>marcado l\u00e1ser industrial<\/strong>\u00a0es un m\u00e9todo de impresi\u00f3n sin contacto que ofrece ciertas ventajas sobre otras tecnolog\u00edas, entre las que se encuentran la calidad del marcado, la permanencia y el uso de menos consumibles.<\/p>\n<p>Las <strong>impresoras\u00a0l\u00e1ser<\/strong> de Kodyka incluyen fuentes de l\u00e1ser de CO<sub>2,<\/sub><strong> l\u00e1ser de fibra y laser fibra UV<\/strong>\u00a0con distintas salidas de potencia para abordar una completa gama de substratos y aplicaciones.<\/p>\n<\/div><\/section><\/div>\n<style type=\"text\/css\" data-created_by=\"avia_inline_auto\" id=\"style-css-av-k9rkesz7-b253bbf3c0ade1bcccdb55d96c6afadf\">\n#top .hr.hr-invisible.av-k9rkesz7-b253bbf3c0ade1bcccdb55d96c6afadf{\nheight:50px;\n}\n<\/style>\n<div  class='hr av-k9rkesz7-b253bbf3c0ade1bcccdb55d96c6afadf hr-invisible  avia-builder-el-4  el_after_av_three_fourth  el_before_av_two_fifth '><span class='hr-inner '><span class=\"hr-inner-style\"><\/span><\/span><\/div><\/p>\n\n<style type=\"text\/css\" data-created_by=\"avia_inline_auto\" id=\"style-css-av-1db21nv-02d791ab593a85d149554dea11651d27\">\n.flex_column.av-1db21nv-02d791ab593a85d149554dea11651d27{\n-webkit-border-radius:0px 0px 0px 0px;\n-moz-border-radius:0px 0px 0px 0px;\nborder-radius:0px 0px 0px 0px;\npadding:0px 0px 0px 0px;\n}\n<\/style>\n<div class='flex_column av-1db21nv-02d791ab593a85d149554dea11651d27 av_two_fifth  avia-builder-el-5  el_after_av_hr  el_before_av_three_fifth  first flex_column_div av-zero-column-padding '     ><style type=\"text\/css\" data-created_by=\"avia_inline_auto\" id=\"style-css-av-le616utm-de7388a817c2f10120a551cf236f83e3\">\n.avia-image-container.av-le616utm-de7388a817c2f10120a551cf236f83e3 img.avia_image{\nbox-shadow:none;\n}\n.avia-image-container.av-le616utm-de7388a817c2f10120a551cf236f83e3 .av-image-caption-overlay-center{\ncolor:#ffffff;\n}\n<\/style>\n<div  class='avia-image-container av-le616utm-de7388a817c2f10120a551cf236f83e3 av-styling- avia-align-center  avia-builder-el-6  avia-builder-el-no-sibling '   itemprop=\"image\" itemscope=\"itemscope\" itemtype=\"https:\/\/schema.org\/ImageObject\" ><div class=\"avia-image-container-inner\"><div class=\"avia-image-overlay-wrap\"><img alt=\"kodykar-tij-25-tecnologia-laser\" fetchpriority=\"high\" fetchpriority=\"high\" decoding=\"async\" class='wp-image-13324 avia-img-lazy-loading-not-13324 avia_image ' src=\"https:\/\/kodyka.com\/wp-content\/uploads\/2023\/01\/fibra-laser-marking.jpg\" alt='fibra laser marking' title='fibra laser marking'  height=\"634\" width=\"1000\"  itemprop=\"thumbnailUrl\" srcset=\"https:\/\/kodyka.com\/wp-content\/uploads\/2023\/01\/fibra-laser-marking.jpg 1000w, https:\/\/kodyka.com\/wp-content\/uploads\/2023\/01\/fibra-laser-marking-300x190.jpg 300w, https:\/\/kodyka.com\/wp-content\/uploads\/2023\/01\/fibra-laser-marking-768x487.jpg 768w, https:\/\/kodyka.com\/wp-content\/uploads\/2023\/01\/fibra-laser-marking-705x447.jpg 705w\" sizes=\"(max-width: 1000px) 100vw, 1000px\" \/><\/div><\/div><\/div><\/div>\n\n<style type=\"text\/css\" data-created_by=\"avia_inline_auto\" id=\"style-css-av-lf4xez-841e026d21b5a52e9e0691ba9cf34922\">\n.flex_column.av-lf4xez-841e026d21b5a52e9e0691ba9cf34922{\n-webkit-border-radius:0px 0px 0px 0px;\n-moz-border-radius:0px 0px 0px 0px;\nborder-radius:0px 0px 0px 0px;\npadding:0px 0px 0px 0px;\n}\n<\/style>\n<div class='flex_column av-lf4xez-841e026d21b5a52e9e0691ba9cf34922 av_three_fifth  avia-builder-el-7  el_after_av_two_fifth  el_before_av_hr  flex_column_div av-zero-column-padding '     ><section  class='av_textblock_section av-le60lxz3-11-e52413d3dbc80ea19005b7c0eec9a513'  itemscope=\"itemscope\" itemtype=\"https:\/\/schema.org\/CreativeWork\" ><div class='avia_textblock'  itemprop=\"text\" ><h3>Marcado l\u00e1ser de fibra<\/h3>\n<p><span>La tecnolog\u00eda de marcado l\u00e1ser de fibra es una de las tecnolog\u00edas m\u00e1s avanzadas en el mercado de marcado l\u00e1ser.\u00a0<\/span><span>Las m\u00e1quinas de marcado l\u00e1ser de alta velocidad adoptan una fuente l\u00e1ser de estado s\u00f3lido de bajo mantenimiento.\u00a0<\/span><span>Gracias a su eficiente sistema de refrigeraci\u00f3n, ha ganado gran popularidad entre las soluciones de marcado l\u00e1ser existentes.<\/span><\/p>\n<p>Es adecuada para materiales met\u00e1licos, como aleaci\u00f3n, acero inoxidable, lat\u00f3n, aluminio, plata, acero, hierro y algunos materiales no met\u00e1licos, como ABS, PVE, Makrolon.<\/p>\n<\/div><\/section><\/div>\n\n<style type=\"text\/css\" data-created_by=\"avia_inline_auto\" id=\"style-css-av-k9rkesz7-10-e04c97593753c03d0f469aab7ad9fa31\">\n#top .hr.hr-invisible.av-k9rkesz7-10-e04c97593753c03d0f469aab7ad9fa31{\nheight:50px;\n}\n<\/style>\n<div  class='hr av-k9rkesz7-10-e04c97593753c03d0f469aab7ad9fa31 hr-invisible  avia-builder-el-9  el_after_av_three_fifth  el_before_av_two_fifth '><span class='hr-inner '><span class=\"hr-inner-style\"><\/span><\/span><\/div>\n\n<style type=\"text\/css\" data-created_by=\"avia_inline_auto\" id=\"style-css-av-1db21nv-9-796b05d104ac1b123daa629c6bfb6ebd\">\n.flex_column.av-1db21nv-9-796b05d104ac1b123daa629c6bfb6ebd{\n-webkit-border-radius:0px 0px 0px 0px;\n-moz-border-radius:0px 0px 0px 0px;\nborder-radius:0px 0px 0px 0px;\npadding:0px 0px 0px 0px;\n}\n<\/style>\n<div class='flex_column av-1db21nv-9-796b05d104ac1b123daa629c6bfb6ebd av_two_fifth  avia-builder-el-10  el_after_av_hr  el_before_av_three_fifth  first flex_column_div av-zero-column-padding '     ><style type=\"text\/css\" data-created_by=\"avia_inline_auto\" id=\"style-css-av-le616utm-8-940f2019c6fda20bb47f0599b7aab620\">\n.avia-image-container.av-le616utm-8-940f2019c6fda20bb47f0599b7aab620 img.avia_image{\nbox-shadow:none;\n}\n.avia-image-container.av-le616utm-8-940f2019c6fda20bb47f0599b7aab620 .av-image-caption-overlay-center{\ncolor:#ffffff;\n}\n<\/style>\n<div  class='avia-image-container av-le616utm-8-940f2019c6fda20bb47f0599b7aab620 av-styling- avia-align-center  avia-builder-el-11  avia-builder-el-no-sibling '   itemprop=\"image\" itemscope=\"itemscope\" itemtype=\"https:\/\/schema.org\/ImageObject\" ><div class=\"avia-image-container-inner\"><div class=\"avia-image-overlay-wrap\"><img alt=\"kodykar-tij-25-tecnologia-laser\" decoding=\"async\" class='wp-image-13259 avia-img-lazy-loading-not-13259 avia_image ' src=\"https:\/\/kodyka.com\/wp-content\/uploads\/2023\/01\/co2-laser-marking.jpg\" alt='printer co2 laser marking' title='co2 laser marking'  height=\"634\" width=\"1000\"  itemprop=\"thumbnailUrl\" srcset=\"https:\/\/kodyka.com\/wp-content\/uploads\/2023\/01\/co2-laser-marking.jpg 1000w, https:\/\/kodyka.com\/wp-content\/uploads\/2023\/01\/co2-laser-marking-300x190.jpg 300w, https:\/\/kodyka.com\/wp-content\/uploads\/2023\/01\/co2-laser-marking-768x487.jpg 768w, https:\/\/kodyka.com\/wp-content\/uploads\/2023\/01\/co2-laser-marking-705x447.jpg 705w\" sizes=\"(max-width: 1000px) 100vw, 1000px\" \/><\/div><\/div><\/div><\/div>\n\n<style type=\"text\/css\" data-created_by=\"avia_inline_auto\" id=\"style-css-av-lf4xez-7-b4e6cd4e99c8922018fd95d4b9d02c2e\">\n.flex_column.av-lf4xez-7-b4e6cd4e99c8922018fd95d4b9d02c2e{\n-webkit-border-radius:0px 0px 0px 0px;\n-moz-border-radius:0px 0px 0px 0px;\nborder-radius:0px 0px 0px 0px;\npadding:0px 0px 0px 0px;\n}\n<\/style>\n<div class='flex_column av-lf4xez-7-b4e6cd4e99c8922018fd95d4b9d02c2e av_three_fifth  avia-builder-el-12  el_after_av_two_fifth  el_before_av_hr  flex_column_div av-zero-column-padding '     ><section  class='av_textblock_section av-le60lxz3-6-1f9176ab21457ce5e840510f91c77ecd'  itemscope=\"itemscope\" itemtype=\"https:\/\/schema.org\/CreativeWork\" ><div class='avia_textblock'  itemprop=\"text\" ><h3>Marcado l\u00e1ser CO2<\/h3>\n<p><span>Las m\u00e1quinas de marcado l\u00e1ser de CO2 poseen alta eficiencia y buena calidad de rayo l\u00e1ser, lo que atrae a muchas industrias a preferirlas.\u00a0<\/span><span>Son ideales para grabar sobre materiales no met\u00e1licos y la mayor\u00eda de los pl\u00e1sticos.\u00a0<\/span><\/p>\n<p><span>Este tipo de m\u00e1quina de marcado l\u00e1ser se usa ampliamente para marcar materiales no met\u00e1licos, como papel, cuero, tela, plexigl\u00e1s, resina, acr\u00edlico, lana, caucho, cer\u00e1mica, cristal, jade.\u00a0<\/span><\/p>\n<p><span>Tambi\u00e9n se puede utilizar en la industria del envasado de alimentos y medicamentos, identificaci\u00f3n del producto y el n\u00famero de serie. <\/span><span>Algunos carteles publicitarios tambi\u00e9n se fabrican con una m\u00e1quina de marcado l\u00e1ser Co2.<\/span><\/p>\n<\/div><\/section><\/div>\n\n<style type=\"text\/css\" data-created_by=\"avia_inline_auto\" id=\"style-css-av-k9rkesz7-5-e7e879ab910d042f273668601ab1e5ba\">\n#top .hr.hr-invisible.av-k9rkesz7-5-e7e879ab910d042f273668601ab1e5ba{\nheight:50px;\n}\n<\/style>\n<div  class='hr av-k9rkesz7-5-e7e879ab910d042f273668601ab1e5ba hr-invisible  avia-builder-el-14  el_after_av_three_fifth  el_before_av_two_fifth '><span class='hr-inner '><span class=\"hr-inner-style\"><\/span><\/span><\/div>\n\n<style type=\"text\/css\" data-created_by=\"avia_inline_auto\" id=\"style-css-av-1db21nv-4-336b0178b16d433cbc0d141084e3c820\">\n.flex_column.av-1db21nv-4-336b0178b16d433cbc0d141084e3c820{\n-webkit-border-radius:0px 0px 0px 0px;\n-moz-border-radius:0px 0px 0px 0px;\nborder-radius:0px 0px 0px 0px;\npadding:0px 0px 0px 0px;\n}\n<\/style>\n<div class='flex_column av-1db21nv-4-336b0178b16d433cbc0d141084e3c820 av_two_fifth  avia-builder-el-15  el_after_av_hr  el_before_av_three_fifth  first flex_column_div av-zero-column-padding '     ><style type=\"text\/css\" data-created_by=\"avia_inline_auto\" id=\"style-css-av-le616utm-3-0e9270551e177011a98cfd7bbfe1773b\">\n.avia-image-container.av-le616utm-3-0e9270551e177011a98cfd7bbfe1773b img.avia_image{\nbox-shadow:none;\n}\n.avia-image-container.av-le616utm-3-0e9270551e177011a98cfd7bbfe1773b .av-image-caption-overlay-center{\ncolor:#ffffff;\n}\n<\/style>\n<div  class='avia-image-container av-le616utm-3-0e9270551e177011a98cfd7bbfe1773b av-styling- avia-align-center  avia-builder-el-16  avia-builder-el-no-sibling '   itemprop=\"image\" itemscope=\"itemscope\" itemtype=\"https:\/\/schema.org\/ImageObject\" ><div class=\"avia-image-container-inner\"><div class=\"avia-image-overlay-wrap\"><img alt=\"kodykar-tij-25-tecnologia-laser\" decoding=\"async\" class='wp-image-13382 avia-img-lazy-loading-not-13382 avia_image ' src=\"https:\/\/kodyka.com\/wp-content\/uploads\/2023\/01\/uv-laser-marking-2.jpg\" alt='uv laser marking' title='uv laser marking 2'  height=\"516\" width=\"601\"  itemprop=\"thumbnailUrl\" srcset=\"https:\/\/kodyka.com\/wp-content\/uploads\/2023\/01\/uv-laser-marking-2.jpg 601w, https:\/\/kodyka.com\/wp-content\/uploads\/2023\/01\/uv-laser-marking-2-300x258.jpg 300w\" sizes=\"(max-width: 601px) 100vw, 601px\" \/><\/div><\/div><\/div><\/div>\n\n<style type=\"text\/css\" data-created_by=\"avia_inline_auto\" id=\"style-css-av-lf4xez-2-f9d73cd8973799060e12cbea8d204720\">\n.flex_column.av-lf4xez-2-f9d73cd8973799060e12cbea8d204720{\n-webkit-border-radius:0px 0px 0px 0px;\n-moz-border-radius:0px 0px 0px 0px;\nborder-radius:0px 0px 0px 0px;\npadding:0px 0px 0px 0px;\n}\n<\/style>\n<div class='flex_column av-lf4xez-2-f9d73cd8973799060e12cbea8d204720 av_three_fifth  avia-builder-el-17  el_after_av_two_fifth  avia-builder-el-last  flex_column_div av-zero-column-padding '     ><section  class='av_textblock_section av-le60lxz3-1-bbc3ba48a17bf5d01d185eadef3b7b18'  itemscope=\"itemscope\" itemtype=\"https:\/\/schema.org\/CreativeWork\" ><div class='avia_textblock'  itemprop=\"text\" ><h3>Soluci\u00f3n de marcado l\u00e1ser UV<\/h3>\n<p>La m\u00e1quina de marcado l\u00e1ser UV se usa com\u00fanmente para marcar vidrio, cargador, auriculares, TFT, LCD, pantalla de plasma, textiles, cer\u00e1mica delgada, silicio, oscilador de cristal IC, zafiro.<\/p>\n<p>Tambi\u00e9n se utiliza en el marcado de industrias como envases de medicamentos, cosm\u00e9ticos, botellas, cajas.<\/p>\n<\/div><\/section><\/div>\n","protected":false},"excerpt":{"rendered":"","protected":false},"author":1,"featured_media":0,"parent":0,"menu_order":0,"comment_status":"closed","ping_status":"closed","template":"","meta":{"footnotes":""},"class_list":["post-13878","page","type-page","status-publish","hentry"],"_links":{"self":[{"href":"https:\/\/kodyka.com\/es\/wp-json\/wp\/v2\/pages\/13878","targetHints":{"allow":["GET"]}}],"collection":[{"href":"https:\/\/kodyka.com\/es\/wp-json\/wp\/v2\/pages"}],"about":[{"href":"https:\/\/kodyka.com\/es\/wp-json\/wp\/v2\/types\/page"}],"author":[{"embeddable":true,"href":"https:\/\/kodyka.com\/es\/wp-json\/wp\/v2\/users\/1"}],"replies":[{"embeddable":true,"href":"https:\/\/kodyka.com\/es\/wp-json\/wp\/v2\/comments?post=13878"}],"version-history":[{"count":7,"href":"https:\/\/kodyka.com\/es\/wp-json\/wp\/v2\/pages\/13878\/revisions"}],"predecessor-version":[{"id":17548,"href":"https:\/\/kodyka.com\/es\/wp-json\/wp\/v2\/pages\/13878\/revisions\/17548"}],"wp:attachment":[{"href":"https:\/\/kodyka.com\/es\/wp-json\/wp\/v2\/media?parent=13878"}],"curies":[{"name":"wp","href":"https:\/\/api.w.org\/{rel}","templated":true}]}}