{"id":13879,"date":"2023-01-16T20:46:08","date_gmt":"2023-01-16T20:46:08","guid":{"rendered":"https:\/\/kodyka.com\/technology-dod\/"},"modified":"2024-10-08T09:49:29","modified_gmt":"2024-10-08T09:49:29","slug":"tecnologia-dod","status":"publish","type":"page","link":"https:\/\/kodyka.com\/es\/tecnologia-dod\/","title":{"rendered":"Tecnolog\u00eda DOD"},"content":{"rendered":"\n<style type=\"text\/css\" data-created_by=\"avia_inline_auto\" id=\"style-css-av-abo35-31e4f6c314d3d4b4ac79ff680cf9e364\">\n.flex_column.av-abo35-31e4f6c314d3d4b4ac79ff680cf9e364{\n-webkit-border-radius:0px 0px 0px 0px;\n-moz-border-radius:0px 0px 0px 0px;\nborder-radius:0px 0px 0px 0px;\npadding:0px 0px 0px 0px;\n}\n<\/style>\n<div class='flex_column av-abo35-31e4f6c314d3d4b4ac79ff680cf9e364 av_one_full  avia-builder-el-0  el_before_av_textblock  avia-builder-el-first  first flex_column_div av-zero-column-padding '     ><style type=\"text\/css\" data-created_by=\"avia_inline_auto\" id=\"style-css-av-k996y5i6-446abc2e862518930aeec9440a48cd9a\">\n#top .av_textblock_section.av-k996y5i6-446abc2e862518930aeec9440a48cd9a .avia_textblock{\nfont-size:20px;\n}\n<\/style>\n<section  class='av_textblock_section av-k996y5i6-446abc2e862518930aeec9440a48cd9a'  itemscope=\"itemscope\" itemtype=\"https:\/\/schema.org\/CreativeWork\" ><div class='avia_textblock'  itemprop=\"text\" ><h2 style=\"text-align: center;\">Tecnolog\u00eda DOD<\/h2>\n<p style=\"text-align: center;\">Drop-on-Demand<\/p>\n<\/div><\/section><br \/>\n\n<style type=\"text\/css\" data-created_by=\"avia_inline_auto\" id=\"style-css-av-k9rkesz7-40f98d875ada80c575eb5def3957a32d\">\n#top .hr.hr-invisible.av-k9rkesz7-40f98d875ada80c575eb5def3957a32d{\nheight:20px;\n}\n<\/style>\n<div  class='hr av-k9rkesz7-40f98d875ada80c575eb5def3957a32d hr-invisible  avia-builder-el-2  el_after_av_textblock  avia-builder-el-last '><span class='hr-inner '><span class=\"hr-inner-style\"><\/span><\/span><\/div><\/p><\/div>\n<section  class='av_textblock_section av-le60lxz3-72f9b546172395d803dd1e70c6108617'  itemscope=\"itemscope\" itemtype=\"https:\/\/schema.org\/CreativeWork\" ><div class='avia_textblock'  itemprop=\"text\" ><h3>\u00bfQu\u00e9 es la impresora de inyecci\u00f3n de tinta DOD?<\/h3>\n<p>Una impresora de inyecci\u00f3n de tinta bajo demanda es un tipo de sistema de etiquetado cuyos cabezales de impresi\u00f3n expulsan gotas discontinuas sobre el sustrato de impresi\u00f3n para producir la imagen por medio de la explosi\u00f3n de burbujas de tinta inducida por el calor.<\/p>\n<\/div><\/section>\n\n<style type=\"text\/css\" data-created_by=\"avia_inline_auto\" id=\"style-css-av-3nvt7b-966c0a9eafe679643dae3c22c5a73c1b\">\n.flex_column.av-3nvt7b-966c0a9eafe679643dae3c22c5a73c1b{\n-webkit-border-radius:0px 0px 0px 0px;\n-moz-border-radius:0px 0px 0px 0px;\nborder-radius:0px 0px 0px 0px;\npadding:0px 0px 0px 0px;\n}\n<\/style>\n<div class='flex_column av-3nvt7b-966c0a9eafe679643dae3c22c5a73c1b av_one_half  avia-builder-el-4  el_after_av_textblock  el_before_av_one_half  first flex_column_div av-zero-column-padding column-top-margin'     ><style type=\"text\/css\" data-created_by=\"avia_inline_auto\" id=\"style-css-av-le616utm-63b3ad88ebafcfc6666b8f0bf7a30511\">\n.avia-image-container.av-le616utm-63b3ad88ebafcfc6666b8f0bf7a30511 img.avia_image{\nbox-shadow:none;\n}\n.avia-image-container.av-le616utm-63b3ad88ebafcfc6666b8f0bf7a30511 .av-image-caption-overlay-center{\ncolor:#ffffff;\n}\n<\/style>\n<div  class='avia-image-container av-le616utm-63b3ad88ebafcfc6666b8f0bf7a30511 av-styling- avia-align-center  avia-builder-el-5  avia-builder-el-no-sibling '   itemprop=\"image\" itemscope=\"itemscope\" itemtype=\"https:\/\/schema.org\/ImageObject\" ><div class=\"avia-image-container-inner\"><div class=\"avia-image-overlay-wrap\"><img alt=\"kodykar-tij-25-tecnologia-dod\" fetchpriority=\"high\" fetchpriority=\"high\" decoding=\"async\" class='wp-image-14253 avia-img-lazy-loading-not-14253 avia_image ' src=\"https:\/\/kodyka.com\/wp-content\/uploads\/2023\/02\/technology-dod-cij.jpg\" alt='technology dod cij' title='technology dod cij'  height=\"200\" width=\"396\"  itemprop=\"thumbnailUrl\" srcset=\"https:\/\/kodyka.com\/wp-content\/uploads\/2023\/02\/technology-dod-cij.jpg 396w, https:\/\/kodyka.com\/wp-content\/uploads\/2023\/02\/technology-dod-cij-300x152.jpg 300w\" sizes=\"(max-width: 396px) 100vw, 396px\" \/><\/div><\/div><\/div><\/div>\n\n<style type=\"text\/css\" data-created_by=\"avia_inline_auto\" id=\"style-css-av-ruk49j-593bbb5a29767a24cde58a359228d11a\">\n.flex_column.av-ruk49j-593bbb5a29767a24cde58a359228d11a{\n-webkit-border-radius:0px 0px 0px 0px;\n-moz-border-radius:0px 0px 0px 0px;\nborder-radius:0px 0px 0px 0px;\npadding:0px 0px 0px 0px;\n}\n<\/style>\n<div class='flex_column av-ruk49j-593bbb5a29767a24cde58a359228d11a av_one_half  avia-builder-el-6  el_after_av_one_half  el_before_av_hr  flex_column_div av-zero-column-padding column-top-margin'     ><section  class='av_textblock_section av-le60lxz3-fc4ed1257dfda4eec08c36e61a3a3ee4'  itemscope=\"itemscope\" itemtype=\"https:\/\/schema.org\/CreativeWork\" ><div class='avia_textblock'  itemprop=\"text\" ><h3><\/h3>\n<h3>Cabezal<\/h3>\n<p>Con la impresi\u00f3n de inyecci\u00f3n de tinta gota a demanda, el cabezal de impresi\u00f3n dispensa tinta solo cuando es necesario. La tecnolog\u00eda de gota bajo demanda, cuando se combina con tama\u00f1os de gota variables, permite la impresi\u00f3n en escala de grises, creando tanto degradados fotorrealistas como negros v\u00edvidos, incluso en superficies porosas como el cart\u00f3n corrugado<\/p>\n<\/div><\/section><br \/>\n<section  class='av_textblock_section av-le60lxz3-fc4ed1257dfda4eec08c36e61a3a3ee4'  itemscope=\"itemscope\" itemtype=\"https:\/\/schema.org\/CreativeWork\" ><div class='avia_textblock'  itemprop=\"text\" ><p><span>La impresi\u00f3n de inyecci\u00f3n de tinta bajo demanda, utiliza solo la tinta suficiente para crear la imagen, y los cabezales de impresi\u00f3n bajo demanda pueden crear degradados y efectos de escala de grises a resoluciones efectivas de 1200 ppp y superiores. Con el uso de tintas basadas en UV-LED de curado r\u00e1pido, las impresoras de inyecci\u00f3n de tinta bajo demanda pueden igualar las tasas de rendimiento de los sistemas CIJ a una fracci\u00f3n del costo unitario.\u00a0<\/span><\/p>\n<\/div><\/section><\/p><\/div>\n\n<style type=\"text\/css\" data-created_by=\"avia_inline_auto\" id=\"style-css-av-k9rkesz7-b253bbf3c0ade1bcccdb55d96c6afadf\">\n#top .hr.hr-invisible.av-k9rkesz7-b253bbf3c0ade1bcccdb55d96c6afadf{\nheight:50px;\n}\n<\/style>\n<div  class='hr av-k9rkesz7-b253bbf3c0ade1bcccdb55d96c6afadf hr-invisible  avia-builder-el-9  el_after_av_one_half  el_before_av_one_half '><span class='hr-inner '><span class=\"hr-inner-style\"><\/span><\/span><\/div>\n<div class='flex_column_table av-k99wtkrg-7646d3c388cb76433ac2c3a518d8f2ae sc-av_one_half av-equal-height-column-flextable'>\n<style type=\"text\/css\" data-created_by=\"avia_inline_auto\" id=\"style-css-av-k99wtkrg-7646d3c388cb76433ac2c3a518d8f2ae\">\n.flex_column.av-k99wtkrg-7646d3c388cb76433ac2c3a518d8f2ae{\n-webkit-border-radius:0px 0px 0px 0px;\n-moz-border-radius:0px 0px 0px 0px;\nborder-radius:0px 0px 0px 0px;\npadding:0px 0px 0px 0px;\n}\n<\/style>\n<div class='flex_column av-k99wtkrg-7646d3c388cb76433ac2c3a518d8f2ae av_one_half  avia-builder-el-10  el_after_av_hr  el_before_av_one_third  first flex_column_table_cell av-equal-height-column av-align-bottom av-zero-column-padding '     ><section  class='av_textblock_section av-k8q7gxup-eb49566b99991a4e6e9f3cd25b2accfd'  itemscope=\"itemscope\" itemtype=\"https:\/\/schema.org\/CreativeWork\" ><div class='avia_textblock'  itemprop=\"text\" ><h3>Aplicaciones<\/h3>\n<p>DOD se usa ampliamente en muchos campos de impresi\u00f3n industrial , como\u00a0 identificaci\u00f3n de productos, impresi\u00f3n de pedidos, impresi\u00f3n industrial, marcaje, etc., principalmente para imprimir una variedad de informaci\u00f3n variable, incluido el nombre Informaci\u00f3n, n\u00fameros, texto, n\u00fameros de serie, im\u00e1genes, etc.<\/p>\n<\/div><\/section><\/div>\n<div class='av-flex-placeholder'><\/div>\n<style type=\"text\/css\" data-created_by=\"avia_inline_auto\" id=\"style-css-av-k99wtkrg-072f2d9eb89d5bf20d113e5043bf766a\">\n.flex_column.av-k99wtkrg-072f2d9eb89d5bf20d113e5043bf766a{\n-webkit-border-radius:0px 0px 0px 0px;\n-moz-border-radius:0px 0px 0px 0px;\nborder-radius:0px 0px 0px 0px;\npadding:0px 0px 0px 0px;\n}\n<\/style>\n<div class='flex_column av-k99wtkrg-072f2d9eb89d5bf20d113e5043bf766a av_one_third  avia-builder-el-12  el_after_av_one_half  el_before_av_hr  flex_column_table_cell av-equal-height-column av-align-bottom av-zero-column-padding '     ><style type=\"text\/css\" data-created_by=\"avia_inline_auto\" id=\"style-css-av-k8qdqwt4-2c671a3572cf8c7fdb03f23f40231c21\">\n#top .av_textblock_section.av-k8qdqwt4-2c671a3572cf8c7fdb03f23f40231c21 .avia_textblock{\nfont-size:16px;\n}\n<\/style>\n<section  class='av_textblock_section av-k8qdqwt4-2c671a3572cf8c7fdb03f23f40231c21'  itemscope=\"itemscope\" itemtype=\"https:\/\/schema.org\/CreativeWork\" ><div class='avia_textblock'  itemprop=\"text\" ><p><strong><img alt=\"kodykar-tij-25-tecnologia-dod\" decoding=\"async\" class=\"size-full wp-image-1955 alignleft\" src=\"https:\/\/kodyka.com\/wp-content\/uploads\/2020\/04\/cost-saving.jpg\" alt=\"\" width=\"100\" height=\"100\" srcset=\"https:\/\/kodyka.com\/wp-content\/uploads\/2020\/04\/cost-saving.jpg 100w, https:\/\/kodyka.com\/wp-content\/uploads\/2020\/04\/cost-saving-80x80.jpg 80w, https:\/\/kodyka.com\/wp-content\/uploads\/2020\/04\/cost-saving-36x36.jpg 36w\" sizes=\"(max-width: 100px) 100vw, 100px\" \/><\/strong><\/p>\n<h3><strong>Bajo costo de uso en comparaci\u00f3n con la impresi\u00f3n de inyecci\u00f3n de tinta CIJ<br \/>\n<\/strong><\/h3>\n<\/div><\/section><\/div><\/div><!--close column table wrapper. Autoclose: 1 -->\n\n<style type=\"text\/css\" data-created_by=\"avia_inline_auto\" id=\"style-css-av-k9rkesz7-b253bbf3c0ade1bcccdb55d96c6afadf\">\n#top .hr.hr-invisible.av-k9rkesz7-b253bbf3c0ade1bcccdb55d96c6afadf{\nheight:50px;\n}\n<\/style>\n<div  class='hr av-k9rkesz7-b253bbf3c0ade1bcccdb55d96c6afadf hr-invisible  avia-builder-el-14  el_after_av_one_third  el_before_av_image '><span class='hr-inner '><span class=\"hr-inner-style\"><\/span><\/span><\/div>\n\n<style type=\"text\/css\" data-created_by=\"avia_inline_auto\" id=\"style-css-av-k996urtp-6b4d703a21149f8dd62a474e4632354f\">\n.avia-image-container.av-k996urtp-6b4d703a21149f8dd62a474e4632354f img.avia_image{\nbox-shadow:none;\n}\n.avia-image-container.av-k996urtp-6b4d703a21149f8dd62a474e4632354f .av-image-caption-overlay-center{\ncolor:#ffffff;\n}\n<\/style>\n<div  class='avia-image-container av-k996urtp-6b4d703a21149f8dd62a474e4632354f av-styling- avia-align-center  avia-builder-el-15  el_after_av_hr  avia-builder-el-last '   itemprop=\"image\" itemscope=\"itemscope\" itemtype=\"https:\/\/schema.org\/ImageObject\" ><div class=\"avia-image-container-inner\"><div class=\"avia-image-overlay-wrap\"><img alt=\"kodykar-tij-25-tecnologia-dod\" decoding=\"async\" class='wp-image-12224 avia-img-lazy-loading-not-12224 avia_image ' src=\"https:\/\/kodyka.com\/wp-content\/uploads\/2022\/06\/aplicaciones-impresora-DOD-1-1-1536x434-1.jpg\" alt='' title='aplicaciones-impresora-DOD-1-1-1536x434'  height=\"434\" width=\"1536\"  itemprop=\"thumbnailUrl\" srcset=\"https:\/\/kodyka.com\/wp-content\/uploads\/2022\/06\/aplicaciones-impresora-DOD-1-1-1536x434-1.jpg 1536w, https:\/\/kodyka.com\/wp-content\/uploads\/2022\/06\/aplicaciones-impresora-DOD-1-1-1536x434-1-300x85.jpg 300w, https:\/\/kodyka.com\/wp-content\/uploads\/2022\/06\/aplicaciones-impresora-DOD-1-1-1536x434-1-1030x291.jpg 1030w, https:\/\/kodyka.com\/wp-content\/uploads\/2022\/06\/aplicaciones-impresora-DOD-1-1-1536x434-1-768x217.jpg 768w, https:\/\/kodyka.com\/wp-content\/uploads\/2022\/06\/aplicaciones-impresora-DOD-1-1-1536x434-1-1500x424.jpg 1500w, https:\/\/kodyka.com\/wp-content\/uploads\/2022\/06\/aplicaciones-impresora-DOD-1-1-1536x434-1-705x199.jpg 705w\" sizes=\"(max-width: 1536px) 100vw, 1536px\" \/><\/div><\/div><\/div>\n","protected":false},"excerpt":{"rendered":"","protected":false},"author":1,"featured_media":14253,"parent":0,"menu_order":0,"comment_status":"closed","ping_status":"closed","template":"","meta":{"footnotes":""},"class_list":["post-13879","page","type-page","status-publish","has-post-thumbnail","hentry"],"_links":{"self":[{"href":"https:\/\/kodyka.com\/es\/wp-json\/wp\/v2\/pages\/13879","targetHints":{"allow":["GET"]}}],"collection":[{"href":"https:\/\/kodyka.com\/es\/wp-json\/wp\/v2\/pages"}],"about":[{"href":"https:\/\/kodyka.com\/es\/wp-json\/wp\/v2\/types\/page"}],"author":[{"embeddable":true,"href":"https:\/\/kodyka.com\/es\/wp-json\/wp\/v2\/users\/1"}],"replies":[{"embeddable":true,"href":"https:\/\/kodyka.com\/es\/wp-json\/wp\/v2\/comments?post=13879"}],"version-history":[{"count":15,"href":"https:\/\/kodyka.com\/es\/wp-json\/wp\/v2\/pages\/13879\/revisions"}],"predecessor-version":[{"id":17119,"href":"https:\/\/kodyka.com\/es\/wp-json\/wp\/v2\/pages\/13879\/revisions\/17119"}],"wp:featuredmedia":[{"embeddable":true,"href":"https:\/\/kodyka.com\/es\/wp-json\/wp\/v2\/media\/14253"}],"wp:attachment":[{"href":"https:\/\/kodyka.com\/es\/wp-json\/wp\/v2\/media?parent=13879"}],"curies":[{"name":"wp","href":"https:\/\/api.w.org\/{rel}","templated":true}]}}