{"id":14285,"date":"2023-02-15T19:55:21","date_gmt":"2023-02-15T19:55:21","guid":{"rendered":"https:\/\/kodyka.com\/?page_id=14285"},"modified":"2024-10-08T10:06:15","modified_gmt":"2024-10-08T10:06:15","slug":"tecnologia-cij","status":"publish","type":"page","link":"https:\/\/kodyka.com\/es\/tecnologia-cij\/","title":{"rendered":"Tecnolog\u00eda CIJ"},"content":{"rendered":"\n<style type=\"text\/css\" data-created_by=\"avia_inline_auto\" id=\"style-css-av-abo35-31e4f6c314d3d4b4ac79ff680cf9e364\">\n.flex_column.av-abo35-31e4f6c314d3d4b4ac79ff680cf9e364{\n-webkit-border-radius:0px 0px 0px 0px;\n-moz-border-radius:0px 0px 0px 0px;\nborder-radius:0px 0px 0px 0px;\npadding:0px 0px 0px 0px;\n}\n<\/style>\n<div class='flex_column av-abo35-31e4f6c314d3d4b4ac79ff680cf9e364 av_one_full  avia-builder-el-0  el_before_av_textblock  avia-builder-el-first  first flex_column_div av-zero-column-padding '     ><style type=\"text\/css\" data-created_by=\"avia_inline_auto\" id=\"style-css-av-k996y5i6-446abc2e862518930aeec9440a48cd9a\">\n#top .av_textblock_section.av-k996y5i6-446abc2e862518930aeec9440a48cd9a .avia_textblock{\nfont-size:20px;\n}\n<\/style>\n<section  class='av_textblock_section av-k996y5i6-446abc2e862518930aeec9440a48cd9a'  itemscope=\"itemscope\" itemtype=\"https:\/\/schema.org\/CreativeWork\" ><div class='avia_textblock'  itemprop=\"text\" ><h2 style=\"text-align: center;\">Tecnolog\u00eda CIJ<\/h2>\n<p style=\"text-align: center;\">\n<\/div><\/section><br \/>\n\n<style type=\"text\/css\" data-created_by=\"avia_inline_auto\" id=\"style-css-av-k9rkesz7-40f98d875ada80c575eb5def3957a32d\">\n#top .hr.hr-invisible.av-k9rkesz7-40f98d875ada80c575eb5def3957a32d{\nheight:20px;\n}\n<\/style>\n<div  class='hr av-k9rkesz7-40f98d875ada80c575eb5def3957a32d hr-invisible  avia-builder-el-2  el_after_av_textblock  avia-builder-el-last '><span class='hr-inner '><span class=\"hr-inner-style\"><\/span><\/span><\/div><\/p><\/div>\n<section  class='av_textblock_section av-le60lxz3-fc4ed1257dfda4eec08c36e61a3a3ee4'  itemscope=\"itemscope\" itemtype=\"https:\/\/schema.org\/CreativeWork\" ><div class='avia_textblock'  itemprop=\"text\" ><h3>\u00bfQu\u00e9 es la imprei\u00f3n de inyecci\u00f3n de tinta CIJ?<\/h3>\n<p>La impresi\u00f3n de inyecci\u00f3n de tinta continua (CIJ) funciona mediante la expulsi\u00f3n de gotitas de tinta con carga el\u00e9ctrica desde un inyector del cabezal de impresi\u00f3n y el transporte de las mismas a trav\u00e9s de un campo el\u00e9ctrico.<\/p>\n<\/div><\/section>\n\n<style type=\"text\/css\" data-created_by=\"avia_inline_auto\" id=\"style-css-av-1787406-abde60cd4d63d16a186655053da7d382\">\n.flex_column.av-1787406-abde60cd4d63d16a186655053da7d382{\n-webkit-border-radius:0px 0px 0px 0px;\n-moz-border-radius:0px 0px 0px 0px;\nborder-radius:0px 0px 0px 0px;\npadding:0px 0px 0px 0px;\n}\n<\/style>\n<div class='flex_column av-1787406-abde60cd4d63d16a186655053da7d382 av_two_fifth  avia-builder-el-4  el_after_av_textblock  el_before_av_three_fifth  first flex_column_div av-zero-column-padding column-top-margin'     ><style type=\"text\/css\" data-created_by=\"avia_inline_auto\" id=\"style-css-av-le616utm-5536908b0b0383ed9db691a375ccfc1a\">\n.avia-image-container.av-le616utm-5536908b0b0383ed9db691a375ccfc1a img.avia_image{\nbox-shadow:none;\n}\n.avia-image-container.av-le616utm-5536908b0b0383ed9db691a375ccfc1a .av-image-caption-overlay-center{\ncolor:#ffffff;\n}\n<\/style>\n<div  class='avia-image-container av-le616utm-5536908b0b0383ed9db691a375ccfc1a av-styling- avia-align-center  avia-builder-el-5  avia-builder-el-no-sibling '   itemprop=\"image\" itemscope=\"itemscope\" itemtype=\"https:\/\/schema.org\/ImageObject\" ><div class=\"avia-image-container-inner\"><div class=\"avia-image-overlay-wrap\"><img alt=\"kodykar-tij-25-tecnologia-cij\" fetchpriority=\"high\" fetchpriority=\"high\" decoding=\"async\" class='wp-image-14297 avia-img-lazy-loading-not-14297 avia_image ' src=\"https:\/\/kodyka.com\/wp-content\/uploads\/2023\/02\/cij-technology.jpg\" alt='Technology CIJ' title='cij technology'  height=\"200\" width=\"396\"  itemprop=\"thumbnailUrl\" srcset=\"https:\/\/kodyka.com\/wp-content\/uploads\/2023\/02\/cij-technology.jpg 396w, https:\/\/kodyka.com\/wp-content\/uploads\/2023\/02\/cij-technology-300x152.jpg 300w\" sizes=\"(max-width: 396px) 100vw, 396px\" \/><\/div><\/div><\/div><\/div>\n<style type=\"text\/css\" data-created_by=\"avia_inline_auto\" id=\"style-css-av-o1x58m-5bfbae2b99517774f37f3af7ebaba15e\">\n.flex_column.av-o1x58m-5bfbae2b99517774f37f3af7ebaba15e{\n-webkit-border-radius:0px 0px 0px 0px;\n-moz-border-radius:0px 0px 0px 0px;\nborder-radius:0px 0px 0px 0px;\npadding:0px 0px 0px 0px;\n}\n<\/style>\n<div class='flex_column av-o1x58m-5bfbae2b99517774f37f3af7ebaba15e av_three_fifth  avia-builder-el-6  el_after_av_two_fifth  el_before_av_one_half  flex_column_div av-zero-column-padding column-top-margin'     ><p><section  class='av_textblock_section av-le60lxz3-fc4ed1257dfda4eec08c36e61a3a3ee4'  itemscope=\"itemscope\" itemtype=\"https:\/\/schema.org\/CreativeWork\" ><div class='avia_textblock'  itemprop=\"text\" ><p><span>Como su nombre lo indica, los cabezales de impresi\u00f3n CIJ dispensan un flujo continuo de tinta.\u00a0<\/span><span>La tinta que no se necesita para el trabajo de impresi\u00f3n se recoge y se recircula al dep\u00f3sito.<\/span><\/p>\n<\/div><\/section><br \/>\n<section  class='av_textblock_section av-le60lxz3-fc4ed1257dfda4eec08c36e61a3a3ee4'  itemscope=\"itemscope\" itemtype=\"https:\/\/schema.org\/CreativeWork\" ><div class='avia_textblock'  itemprop=\"text\" ><p>Cada gotita de tinta es muy peque\u00f1a, solo la mitad del di\u00e1metro de un cabello humano, y se expulsan hasta 120.000 gotas por segundo. Debido a que es un m\u00e9todo de impresi\u00f3n sin contacto, el m\u00e9todo CIJ es vers\u00e1til. Puede imprimir sobre la mayor\u00eda de los materiales, sin importar la porosidad, el tama\u00f1o, la forma o la textura. Adem\u00e1s, su tinta a base de solventes se seca instant\u00e1neamente, lo que la hace perfecta para imprimir sobre productos a medida que \u00e9stos avanzan por las cadenas de producci\u00f3n.<\/p>\n<\/div><\/section><br \/>\n<section  class='av_textblock_section av-le60lxz3-fc4ed1257dfda4eec08c36e61a3a3ee4'  itemscope=\"itemscope\" itemtype=\"https:\/\/schema.org\/CreativeWork\" ><div class='avia_textblock'  itemprop=\"text\" ><p><span>Las ventajas que proporciona incluyen una alta velocidad de ca\u00edda, lo que permite distancias de lanzamiento m\u00e1s largas y tasas de rendimiento m\u00e1s r\u00e1pidas.\u00a0<\/span><span>Adem\u00e1s, dado que la boquilla est\u00e1 en uso continuo, la obstrucci\u00f3n no suele ser un problema.\u00a0<\/span><\/p>\n<\/div><\/section><\/p><\/div><\/p>\n<div class='flex_column_table av-k99wtkrg-7646d3c388cb76433ac2c3a518d8f2ae sc-av_one_half av-equal-height-column-flextable'>\n<style type=\"text\/css\" data-created_by=\"avia_inline_auto\" id=\"style-css-av-k99wtkrg-7646d3c388cb76433ac2c3a518d8f2ae\">\n.flex_column.av-k99wtkrg-7646d3c388cb76433ac2c3a518d8f2ae{\n-webkit-border-radius:0px 0px 0px 0px;\n-moz-border-radius:0px 0px 0px 0px;\nborder-radius:0px 0px 0px 0px;\npadding:0px 0px 0px 0px;\n}\n<\/style>\n<div class='flex_column av-k99wtkrg-7646d3c388cb76433ac2c3a518d8f2ae av_one_half  avia-builder-el-10  el_after_av_three_fifth  el_before_av_one_half  first flex_column_table_cell av-equal-height-column av-align-bottom av-zero-column-padding '     ><section  class='av_textblock_section av-k8q7gxup-eb49566b99991a4e6e9f3cd25b2accfd'  itemscope=\"itemscope\" itemtype=\"https:\/\/schema.org\/CreativeWork\" ><div class='avia_textblock'  itemprop=\"text\" ><h3>Aplicaciones<\/h3>\n<p>El m\u00e9todo CIJ se usa principalmente para imprimir informaci\u00f3n variable en productos individuales, tales como fecha, hora, texto espec\u00edfico, c\u00f3digos de lote, nombres de productos y logotipos. Esto es particularmente \u00fatil para proporcionar datos de seguimiento y para cumplir con la legislaci\u00f3n de la industria cada vez m\u00e1s estricta.<\/p>\n<\/div><\/section><\/div>\n<div class='av-flex-placeholder'><\/div>\n<style type=\"text\/css\" data-created_by=\"avia_inline_auto\" id=\"style-css-av-k8ys6yc0-880ca983cf5381511b0df78698c29e6a\">\n.flex_column.av-k8ys6yc0-880ca983cf5381511b0df78698c29e6a{\n-webkit-border-radius:0px 0px 0px 0px;\n-moz-border-radius:0px 0px 0px 0px;\nborder-radius:0px 0px 0px 0px;\npadding:30px 30px 30px 30px;\n}\n<\/style>\n<div class='flex_column av-k8ys6yc0-880ca983cf5381511b0df78698c29e6a av_one_half  avia-builder-el-12  el_after_av_one_half  avia-builder-el-last  flex_column_table_cell av-equal-height-column av-align-bottom '     ><style type=\"text\/css\" data-created_by=\"avia_inline_auto\" id=\"style-css-av-k8qdqwt4-2c671a3572cf8c7fdb03f23f40231c21\">\n#top .av_textblock_section.av-k8qdqwt4-2c671a3572cf8c7fdb03f23f40231c21 .avia_textblock{\nfont-size:16px;\n}\n<\/style>\n<section  class='av_textblock_section av-k8qdqwt4-2c671a3572cf8c7fdb03f23f40231c21'  itemscope=\"itemscope\" itemtype=\"https:\/\/schema.org\/CreativeWork\" ><div class='avia_textblock'  itemprop=\"text\" ><p><strong><img alt=\"kodykar-tij-25-tecnologia-cij\" decoding=\"async\" class=\"size-full wp-image-1547 alignleft\" src=\"https:\/\/es.kodyka.com\/wp-content\/uploads\/2020\/04\/speed.jpg\" alt=\"\" width=\"100\" height=\"100\" srcset=\"https:\/\/kodyka.com\/wp-content\/uploads\/2020\/04\/speed.jpg 100w, https:\/\/kodyka.com\/wp-content\/uploads\/2020\/04\/speed-80x80.jpg 80w, https:\/\/kodyka.com\/wp-content\/uploads\/2020\/04\/speed-36x36.jpg 36w\" sizes=\"(max-width: 100px) 100vw, 100px\" \/>Alta velocidad<\/strong>, mejorando la eficiencia de trabajo de otras tecnolog\u00edas de impresi\u00f3n.<\/p>\n<\/div><\/section><\/div><\/div><!--close column table wrapper. Autoclose: 1 -->\n","protected":false},"excerpt":{"rendered":"","protected":false},"author":1,"featured_media":0,"parent":0,"menu_order":0,"comment_status":"closed","ping_status":"closed","template":"","meta":{"footnotes":""},"class_list":["post-14285","page","type-page","status-publish","hentry"],"_links":{"self":[{"href":"https:\/\/kodyka.com\/es\/wp-json\/wp\/v2\/pages\/14285","targetHints":{"allow":["GET"]}}],"collection":[{"href":"https:\/\/kodyka.com\/es\/wp-json\/wp\/v2\/pages"}],"about":[{"href":"https:\/\/kodyka.com\/es\/wp-json\/wp\/v2\/types\/page"}],"author":[{"embeddable":true,"href":"https:\/\/kodyka.com\/es\/wp-json\/wp\/v2\/users\/1"}],"replies":[{"embeddable":true,"href":"https:\/\/kodyka.com\/es\/wp-json\/wp\/v2\/comments?post=14285"}],"version-history":[{"count":2,"href":"https:\/\/kodyka.com\/es\/wp-json\/wp\/v2\/pages\/14285\/revisions"}],"predecessor-version":[{"id":14299,"href":"https:\/\/kodyka.com\/es\/wp-json\/wp\/v2\/pages\/14285\/revisions\/14299"}],"wp:attachment":[{"href":"https:\/\/kodyka.com\/es\/wp-json\/wp\/v2\/media?parent=14285"}],"curies":[{"name":"wp","href":"https:\/\/api.w.org\/{rel}","templated":true}]}}