{"id":18823,"date":"2025-08-02T20:20:39","date_gmt":"2025-08-02T20:20:39","guid":{"rendered":"https:\/\/kodyka.com\/?page_id=18823"},"modified":"2025-08-04T12:51:51","modified_gmt":"2025-08-04T12:51:51","slug":"klfp18-klfp23","status":"publish","type":"page","link":"https:\/\/kodyka.com\/es\/impresora-laser\/klfp18-klfp23\/","title":{"rendered":"KLFP18-KLFP23"},"content":{"rendered":"\n<style type=\"text\/css\" data-created_by=\"avia_inline_auto\" id=\"style-css-av-q3e5-2e16dced38b4ac7bfe609ab1dccf0f45\">\n.flex_column.av-q3e5-2e16dced38b4ac7bfe609ab1dccf0f45{\n-webkit-border-radius:0px 0px 0px 0px;\n-moz-border-radius:0px 0px 0px 0px;\nborder-radius:0px 0px 0px 0px;\npadding:0px 0px 0px 0px;\n}\n<\/style>\n<div class='flex_column av-q3e5-2e16dced38b4ac7bfe609ab1dccf0f45 av_two_third  avia-builder-el-0  el_before_av_one_third  avia-builder-el-first  first flex_column_div av-zero-column-padding '     ><style type=\"text\/css\" data-created_by=\"avia_inline_auto\" id=\"style-css-av-lcnot7tw-476e86f6a4821fb7fa65cf7bce5c78ce\">\n.avia-image-container.av-lcnot7tw-476e86f6a4821fb7fa65cf7bce5c78ce img.avia_image{\nbox-shadow:none;\n}\n.avia-image-container.av-lcnot7tw-476e86f6a4821fb7fa65cf7bce5c78ce .av-image-caption-overlay-center{\ncolor:#ffffff;\n}\n<\/style>\n<div  class='avia-image-container av-lcnot7tw-476e86f6a4821fb7fa65cf7bce5c78ce av-styling- avia-align-center  avia-builder-el-1  avia-builder-el-no-sibling '   itemprop=\"image\" itemscope=\"itemscope\" itemtype=\"https:\/\/schema.org\/ImageObject\" ><div class=\"avia-image-container-inner\"><div class=\"avia-image-overlay-wrap\"><img alt=\"kodykar-tij-25-klfp18klfp23\" fetchpriority=\"high\" fetchpriority=\"high\" decoding=\"async\" class='wp-image-18825 avia-img-lazy-loading-not-18825 avia_image ' src=\"https:\/\/kodyka.com\/wp-content\/uploads\/2025\/08\/KLFP18-KLFP23-laser-portable.jpg\" alt='' title='KLFP18-KLFP23 laser portable'  height=\"772\" width=\"1800\"  itemprop=\"thumbnailUrl\" srcset=\"https:\/\/kodyka.com\/wp-content\/uploads\/2025\/08\/KLFP18-KLFP23-laser-portable.jpg 1800w, https:\/\/kodyka.com\/wp-content\/uploads\/2025\/08\/KLFP18-KLFP23-laser-portable-300x129.jpg 300w, https:\/\/kodyka.com\/wp-content\/uploads\/2025\/08\/KLFP18-KLFP23-laser-portable-1030x442.jpg 1030w, https:\/\/kodyka.com\/wp-content\/uploads\/2025\/08\/KLFP18-KLFP23-laser-portable-768x329.jpg 768w, https:\/\/kodyka.com\/wp-content\/uploads\/2025\/08\/KLFP18-KLFP23-laser-portable-1536x659.jpg 1536w, https:\/\/kodyka.com\/wp-content\/uploads\/2025\/08\/KLFP18-KLFP23-laser-portable-1500x643.jpg 1500w, https:\/\/kodyka.com\/wp-content\/uploads\/2025\/08\/KLFP18-KLFP23-laser-portable-705x302.jpg 705w\" sizes=\"(max-width: 1800px) 100vw, 1800px\" \/><\/div><\/div><\/div><\/div>\n<style type=\"text\/css\" data-created_by=\"avia_inline_auto\" id=\"style-css-av-5wesm-f405f3f3aff3c03436f3e602a1ee865c\">\n.flex_column.av-5wesm-f405f3f3aff3c03436f3e602a1ee865c{\n-webkit-border-radius:0px 0px 0px 0px;\n-moz-border-radius:0px 0px 0px 0px;\nborder-radius:0px 0px 0px 0px;\npadding:0px 0px 0px 0px;\n}\n<\/style>\n<div class='flex_column av-5wesm-f405f3f3aff3c03436f3e602a1ee865c av_one_third  avia-builder-el-2  el_after_av_two_third  el_before_av_three_fifth  flex_column_div av-zero-column-padding '     ><style type=\"text\/css\" data-created_by=\"avia_inline_auto\" id=\"style-css-av-k6hq0wtk-85bc8838cc3fcb0e9aa39eb62c96052f\">\n#top .av_textblock_section.av-k6hq0wtk-85bc8838cc3fcb0e9aa39eb62c96052f .avia_textblock{\nfont-size:18px;\n}\n<\/style>\n<section  class='av_textblock_section av-k6hq0wtk-85bc8838cc3fcb0e9aa39eb62c96052f'  itemscope=\"itemscope\" itemtype=\"https:\/\/schema.org\/CreativeWork\" ><div class='avia_textblock'  itemprop=\"text\" ><h1 style=\"text-align: left;\">KLFP18<\/h1>\n<h1 style=\"text-align: left;\">KLFP23<\/h1>\n<h6 style=\"text-align: left;\"><\/h6>\n<\/div><\/section><br \/>\n\n<style type=\"text\/css\" data-created_by=\"avia_inline_auto\" id=\"style-css-av-k6hq0wtk-34-25a521d7efd9bf4ac2efb73b67cf7e37\">\n#top .av_textblock_section.av-k6hq0wtk-34-25a521d7efd9bf4ac2efb73b67cf7e37 .avia_textblock{\nfont-size:18px;\n}\n<\/style>\n<section  class='av_textblock_section av-k6hq0wtk-34-25a521d7efd9bf4ac2efb73b67cf7e37'  itemscope=\"itemscope\" itemtype=\"https:\/\/schema.org\/CreativeWork\" ><div class='avia_textblock'  itemprop=\"text\" ><p>TAMA\u00d1O REDUCIDO<\/p>\n<p>GRANDES PRESTACIONES<\/p>\n<p>FACIL DE MANEJAR<\/p>\n<\/div><\/section><\/p><\/div><div class='flex_column av-av_three_fifth-7714eba142aeda1f8b5272a3c372b279 av_three_fifth  avia-builder-el-5  el_after_av_one_third  el_before_av_two_fifth  first flex_column_div column-top-margin'     ><section  class='av_textblock_section av-mdupc3qt-518199b5a0e051352c17619bc00711ac'  itemscope=\"itemscope\" itemtype=\"https:\/\/schema.org\/CreativeWork\" ><div class='avia_textblock'  itemprop=\"text\" ><p>Las impresoras port\u00e1tiles de marcaje por fibra KLFP18 y KLFP23 son peque\u00f1as, ligeras, f\u00e1cil de transportar y fabricadas con componentes en grado militar, se puede instalar sobre cualquier tipo de aplicaci\u00f3n gracias a la variedad de soportes de montaje que existen para esta serie de impresoras. La pantalla t\u00e1ctil y en color de 10.1 pulgadas hace que sea muy visible la introducci\u00f3n de datos, gracias a un potente y sencillo interface mejorando la operatividad diaria.<\/p>\n<p>Se pueden marcar una gran variedad de substratos o productos como metales, inoxidable, piezas de ordenador, rodamientos<br \/>\nindustriales, art\u00edculos sanitarios, equipos m\u00e9dicos, gafas, relojes, piezas de autom\u00f3viles, productos electr\u00f3nicos<br \/>\ny de comunicaci\u00f3n, dispositivos aeroespaciales, tuber\u00edas, pl\u00e1sticos, etc. <\/p>\n<p>La vida \u00fatil de esta impresora supera las 100.000 horas de haz de luz <\/p>\n<p>Estas impresoras tienen la capacidad de marcar en est\u00e1tico y din\u00e1mico siendo algo \u00fanico en el mercado.<\/p>\n<\/div><\/section><\/div>\n<style type=\"text\/css\" data-created_by=\"avia_inline_auto\" id=\"style-css-av-av_two_fifth-da852e3ef3e55b029d2629c41a20524d\">\n.flex_column.av-av_two_fifth-da852e3ef3e55b029d2629c41a20524d{\n-webkit-border-radius:0px 0px 0px 0px;\n-moz-border-radius:0px 0px 0px 0px;\nborder-radius:0px 0px 0px 0px;\npadding:0px 0px 0px 0px;\n}\n<\/style>\n<div class='flex_column av-av_two_fifth-da852e3ef3e55b029d2629c41a20524d av_two_fifth  avia-builder-el-7  el_after_av_three_fifth  el_before_av_hr  flex_column_div av-zero-column-padding column-top-margin'     ><style type=\"text\/css\" data-created_by=\"avia_inline_auto\" id=\"style-css-av-lcnot7tw-35-0fb937db3c4a83cd9d4ae5297d5dfe3f\">\n.avia-image-container.av-lcnot7tw-35-0fb937db3c4a83cd9d4ae5297d5dfe3f img.avia_image{\nbox-shadow:none;\n}\n.avia-image-container.av-lcnot7tw-35-0fb937db3c4a83cd9d4ae5297d5dfe3f .av-image-caption-overlay-center{\ncolor:#ffffff;\n}\n<\/style>\n<div  class='avia-image-container av-lcnot7tw-35-0fb937db3c4a83cd9d4ae5297d5dfe3f av-styling- avia-align-left  avia-builder-el-8  avia-builder-el-no-sibling '   itemprop=\"image\" itemscope=\"itemscope\" itemtype=\"https:\/\/schema.org\/ImageObject\" ><div class=\"avia-image-container-inner\"><div class=\"avia-image-overlay-wrap\"><img alt=\"kodykar-tij-25-klfp18klfp23\" decoding=\"async\" class='wp-image-18834 avia-img-lazy-loading-not-18834 avia_image ' src=\"https:\/\/kodyka.com\/wp-content\/uploads\/2025\/08\/KLFP18-KLFP23-laser-portable-kodyka.jpg\" alt='' title='KLFP18 - KLFP23 laser portable kodyka'  height=\"676\" width=\"832\"  itemprop=\"thumbnailUrl\" srcset=\"https:\/\/kodyka.com\/wp-content\/uploads\/2025\/08\/KLFP18-KLFP23-laser-portable-kodyka.jpg 832w, https:\/\/kodyka.com\/wp-content\/uploads\/2025\/08\/KLFP18-KLFP23-laser-portable-kodyka-300x244.jpg 300w, https:\/\/kodyka.com\/wp-content\/uploads\/2025\/08\/KLFP18-KLFP23-laser-portable-kodyka-768x624.jpg 768w, https:\/\/kodyka.com\/wp-content\/uploads\/2025\/08\/KLFP18-KLFP23-laser-portable-kodyka-705x573.jpg 705w\" sizes=\"(max-width: 832px) 100vw, 832px\" \/><\/div><\/div><\/div><\/div>\n<style type=\"text\/css\" data-created_by=\"avia_inline_auto\" id=\"style-css-av-lcnrcrq0-31-d07bdf3caaed36a0ffa17cf78974b07e\">\n#top .hr.hr-invisible.av-lcnrcrq0-31-d07bdf3caaed36a0ffa17cf78974b07e{\nheight:60px;\n}\n<\/style>\n<div  class='hr av-lcnrcrq0-31-d07bdf3caaed36a0ffa17cf78974b07e hr-invisible  avia-builder-el-9  el_after_av_two_fifth  el_before_av_two_third '><span class='hr-inner '><span class=\"hr-inner-style\"><\/span><\/span><\/div><\/p>\n\n<style type=\"text\/css\" data-created_by=\"avia_inline_auto\" id=\"style-css-av-19792r8k-782d25ff820bea430c9e5deb5fa1a1de\">\n.flex_column.av-19792r8k-782d25ff820bea430c9e5deb5fa1a1de{\n-webkit-border-radius:0px 0px 0px 0px;\n-moz-border-radius:0px 0px 0px 0px;\nborder-radius:0px 0px 0px 0px;\npadding:0px 0px 0px 0px;\n}\n<\/style>\n<div class='flex_column av-19792r8k-782d25ff820bea430c9e5deb5fa1a1de av_two_third  avia-builder-el-10  el_after_av_hr  el_before_av_three_fifth  first flex_column_div av-zero-column-padding '     ><div class='avia-data-table-wrap av-18qz1shw-ef66775bddeb7963850a71a94d3a7218 avia_responsive_table avia-table-1'><table  class='avia-table avia-data-table avia_pricing_minimal  avia-builder-el-11  avia-builder-el-no-sibling '  itemscope=\"itemscope\" itemtype=\"https:\/\/schema.org\/Table\" ><tbody><tr class=''><th class='avia-desc-col'>Modelo<\/th><td class=''>KLFP18 Y KLFP23<\/td><\/tr><tr class=''><th class='avia-desc-col'>Tipo L\u00e1ser<\/th><td class=''>L\u00e1ser de fibra<\/td><\/tr><tr class=''><th class='avia-desc-col'>Longitud de onda del l\u00e1ser<\/th><td class=''>1064 nm<\/td><\/tr><tr class=''><th class='avia-desc-col'>Potencia del l\u00e1ser<\/th><td class=''>18W 23W<\/td><\/tr><tr class=''><th class='avia-desc-col'>M\u00e9todo de posicionamiento<\/th><td class=''>Posicionamiento autom\u00e1tico mediante una la luz roja, enfoque y previsualizaci\u00f3n de marcaje<\/td><\/tr><tr class=''><th class='avia-desc-col'>Velocidad de marcado<\/th><td class=''>Depende del tama\u00f1o, del texto a marcar y de la dureza o complejidad del substrato o producto<\/td><\/tr><tr class=''><th class='avia-desc-col'>N\u00famero de l\u00edneas de marcado<\/th><td class=''>Ilimitado<\/td><\/tr><tr class=''><th class='avia-desc-col'>Altura del car\u00e1cter<\/th><td class=''>Rango de grabado de 0,6 a m\u00e1ximo<\/td><\/tr><tr class=''><th class='avia-desc-col'>Idiomas<\/th><td class=''>Espa\u00f1ol, Ingl\u00e9s, Franc\u00e9s, Alem\u00e1n, Japones, Chino y otros idiomas.<\/td><\/tr><tr class=''><th class='avia-desc-col'>Formato gr\u00e1fico<\/th><td class=''>JPG, BMP, PNG. PLT, DXF, DOT.etc.<\/td><\/tr><tr class=''><th class='avia-desc-col'>Otros formatos de datos<\/th><td class=''>Soporta una gran variedad de formatos variables como fecha, hora, logotipos, n\u00famero de serie, n\u00famero aleatorio, contadores, c\u00f3digo VI N, base de archivos de datos, recepci\u00f3n de informaci\u00f3n mediante entradas\/ salidas, datos de escaneo, de pesaje, soporta c\u00f3digos unidimensionales, bidimensionales, texto en arco, y todo tipo de c\u00f3digos de barras, QR, GS1, etc. ..<\/td><\/tr><tr class=''><th class='avia-desc-col'>Rango de marcado<\/th><td class=''>Est\u00e1ndar (100&#215;100), opcional (30&#215;30)\/(50&#215;50)<\/td><\/tr><tr class=''><th class='avia-desc-col'>Cabezal de escaneado galvanom\u00e9trico<\/th><td class=''>Sistema de escaneado digital 2D de alta precisi\u00f3n<\/td><\/tr><tr class=''><th class='avia-desc-col'>Controlador<\/th><td class=''>Pantalla t\u00e1ctil industrial en color de 10,1 pulgadas<\/td><\/tr><tr class=''><th class='avia-desc-col'>Sistema operativo<\/th><td class=''>Sistema operativo de seguridad Linux integrado<\/td><\/tr><tr class=''><th class='avia-desc-col'>Sistema de refrigeraci\u00f3n<\/th><td class=''>Refrigeraci\u00f3n por aire<\/td><\/tr><tr class=''><th class='avia-desc-col'>Host (Largo x Ancho x Alto)<\/th><td class=''>342 mm x 105,2 mm x 223,6 mm (incluido el soporte)<\/td><\/tr><tr class=''><th class='avia-desc-col'>Nivel Protecci\u00f3n IP<\/th><td class=''>IP43<\/td><\/tr><tr class=''><th class='avia-desc-col'>Control de velocidad del producto<\/th><td class=''>Mediante encoder<\/td><\/tr><tr class=''><th class='avia-desc-col'>Interfaz de usuario<\/th><td class=''>Se\u00f1al fotoel\u00e9ctrica, de encoder y de alarma, sensores E\/S, NPN, PNP. comunicaci\u00f3n RS232, etc.<\/td><\/tr><tr class=''><th class='avia-desc-col'>Requisitos de potencia<\/th><td class=''>100 V-240 V \/50-60 Hz<\/td><\/tr><tr class=''><th class='avia-desc-col'>Potencia total Consumo<\/th><td class=''>+150W<\/td><\/tr><tr class=''><th class='avia-desc-col'>Material<\/th><td class=''>Aleaci\u00f3n de aluminio<\/td><\/tr><tr class=''><th class='avia-desc-col'>Temperatura y humedad de trabajo<\/th><td class=''>Temperatura Externa o\u00b7c -45&#8243;C, humedad s; 95%; Sin condensaci\u00f3n ; No vibraci\u00f3n<\/td><\/tr><tr class=''><th class='avia-desc-col'>Vida del l\u00e1ser<\/th><td class=''> 100.000 horas de haz de luz <\/td><\/tr><tr class=''><th class='avia-desc-col'>Tama\u00f1o del embalaje (L x A x A)<\/th><td class=''>640mm x 400mm x 310mm<\/td><\/tr><tr class=''><th class='avia-desc-col'>Peso bruto de la m\u00e1quina (kg)<\/th><td class=''>11,3 kg<\/td><\/tr><\/tbody><\/table><\/div><style type='text\/css'>.avia-table-1 td:nth-of-type(1):before { content: 'Modelo'; } <\/style><\/div>\n<style type=\"text\/css\" data-created_by=\"avia_inline_auto\" id=\"style-css-av-3zixm-4946cf718bd0e682142b21d8324953d4\">\n.flex_column.av-3zixm-4946cf718bd0e682142b21d8324953d4{\n-webkit-border-radius:0px 0px 0px 0px;\n-moz-border-radius:0px 0px 0px 0px;\nborder-radius:0px 0px 0px 0px;\npadding:0px 0px 0px 0px;\n}\n<\/style>\n<div class='flex_column av-3zixm-4946cf718bd0e682142b21d8324953d4 av_three_fifth  avia-builder-el-12  el_after_av_two_third  el_before_av_two_fifth  first flex_column_div av-zero-column-padding column-top-margin'     ><style type=\"text\/css\" data-created_by=\"avia_inline_auto\" id=\"style-css-av-ka07wxdo-28-2090944e92e687b2c9ca693ada1ff60e\">\n.avia-image-container.av-ka07wxdo-28-2090944e92e687b2c9ca693ada1ff60e img.avia_image{\nbox-shadow:none;\n}\n.avia-image-container.av-ka07wxdo-28-2090944e92e687b2c9ca693ada1ff60e .av-image-caption-overlay-center{\ncolor:#ffffff;\n}\n<\/style>\n<div  class='avia-image-container av-ka07wxdo-28-2090944e92e687b2c9ca693ada1ff60e av-styling- avia-align-center  avia-builder-el-13  avia-builder-el-no-sibling '   itemprop=\"image\" itemscope=\"itemscope\" itemtype=\"https:\/\/schema.org\/ImageObject\" ><div class=\"avia-image-container-inner\"><div class=\"avia-image-overlay-wrap\"><img alt=\"kodykar-tij-25-klfp18klfp23\" decoding=\"async\" class='wp-image-13324 avia-img-lazy-loading-not-13324 avia_image ' src=\"https:\/\/kodyka.com\/wp-content\/uploads\/2023\/01\/fibra-laser-marking.jpg\" alt='fibra laser marking' title='fibra laser marking'  height=\"634\" width=\"1000\"  itemprop=\"thumbnailUrl\" srcset=\"https:\/\/kodyka.com\/wp-content\/uploads\/2023\/01\/fibra-laser-marking.jpg 1000w, https:\/\/kodyka.com\/wp-content\/uploads\/2023\/01\/fibra-laser-marking-300x190.jpg 300w, https:\/\/kodyka.com\/wp-content\/uploads\/2023\/01\/fibra-laser-marking-768x487.jpg 768w, https:\/\/kodyka.com\/wp-content\/uploads\/2023\/01\/fibra-laser-marking-705x447.jpg 705w\" sizes=\"(max-width: 1000px) 100vw, 1000px\" \/><\/div><\/div><\/div><\/div><\/p>\n\n<style type=\"text\/css\" data-created_by=\"avia_inline_auto\" id=\"style-css-av-3zixm-3-df59ce308bda11ad1a8d13418f42a8d2\">\n.flex_column.av-3zixm-3-df59ce308bda11ad1a8d13418f42a8d2{\n-webkit-border-radius:0px 0px 0px 0px;\n-moz-border-radius:0px 0px 0px 0px;\nborder-radius:0px 0px 0px 0px;\npadding:0px 0px 0px 0px;\n}\n<\/style>\n<div class='flex_column av-3zixm-3-df59ce308bda11ad1a8d13418f42a8d2 av_two_fifth  avia-builder-el-14  el_after_av_three_fifth  el_before_av_hr  flex_column_div av-zero-column-padding column-top-margin'     ><p>\n<style type=\"text\/css\" data-created_by=\"avia_inline_auto\" id=\"style-css-av-kj7nk8v7-edd5c619f67de48b54f279bb68b7cda5\">\n#top .hr.hr-invisible.av-kj7nk8v7-edd5c619f67de48b54f279bb68b7cda5{\nheight:20px;\n}\n<\/style>\n<div  class='hr av-kj7nk8v7-edd5c619f67de48b54f279bb68b7cda5 hr-invisible  avia-builder-el-15  el_before_av_image  avia-builder-el-first '><span class='hr-inner '><span class=\"hr-inner-style\"><\/span><\/span><\/div><br \/>\n\n<style type=\"text\/css\" data-created_by=\"avia_inline_auto\" id=\"style-css-av-ka07wxdo-2-e6ec2709ae7543a759b408dd673b79bf\">\n.avia-image-container.av-ka07wxdo-2-e6ec2709ae7543a759b408dd673b79bf img.avia_image{\nbox-shadow:none;\n}\n.avia-image-container.av-ka07wxdo-2-e6ec2709ae7543a759b408dd673b79bf .av-image-caption-overlay-center{\ncolor:#ffffff;\n}\n<\/style>\n<div  class='avia-image-container av-ka07wxdo-2-e6ec2709ae7543a759b408dd673b79bf av-styling- avia-align-center  avia-builder-el-16  el_after_av_hr  avia-builder-el-last '   itemprop=\"image\" itemscope=\"itemscope\" itemtype=\"https:\/\/schema.org\/ImageObject\" ><div class=\"avia-image-container-inner\"><div class=\"avia-image-overlay-wrap\"><img alt=\"kodykar-tij-25-klfp18klfp23\" loading=\"lazy\" loading=\"lazy\" decoding=\"async\" class='wp-image-13334 avia-img-lazy-loading-not-13334 avia_image ' src=\"https:\/\/kodyka.com\/wp-content\/uploads\/2023\/01\/fibra-laser-marking-2.jpg\" alt='fibra laser marking' title='fibra laser marking 2'  height=\"516\" width=\"601\"  itemprop=\"thumbnailUrl\" srcset=\"https:\/\/kodyka.com\/wp-content\/uploads\/2023\/01\/fibra-laser-marking-2.jpg 601w, https:\/\/kodyka.com\/wp-content\/uploads\/2023\/01\/fibra-laser-marking-2-300x258.jpg 300w\" sizes=\"auto, (max-width: 601px) 100vw, 601px\" \/><\/div><\/div><\/div><\/p><\/div>\n\n<style type=\"text\/css\" data-created_by=\"avia_inline_auto\" id=\"style-css-av-kj7nk8v7-1-1bf81cf54c1c6a93791bd66473c00de9\">\n#top .hr.hr-invisible.av-kj7nk8v7-1-1bf81cf54c1c6a93791bd66473c00de9{\nheight:50px;\n}\n<\/style>\n<div  class='hr av-kj7nk8v7-1-1bf81cf54c1c6a93791bd66473c00de9 hr-invisible  avia-builder-el-17  el_after_av_two_fifth  el_before_av_button '><span class='hr-inner '><span class=\"hr-inner-style\"><\/span><\/span><\/div>\n<div  class='avia-button-wrap av-k73zy876-b22b4336358de39561f1f4b252f0e883-wrap avia-button-center  avia-builder-el-18  el_after_av_hr  avia-builder-el-last '><a href='https:\/\/kodyka.com\/wp-content\/uploads\/2025\/08\/KLFP18-KLFP23-ES.pdf' class='avia-button av-k73zy876-b22b4336358de39561f1f4b252f0e883 avia-icon_select-yes-left-icon avia-size-small avia-position-center avia-color-dark' target=\"_blank\" rel=\"noopener noreferrer\"><span class='avia_button_icon avia_button_icon_left' aria-hidden='true' data-av_icon='\ue82d' data-av_iconfont='entypo-fontello'><\/span><span class='avia_iconbox_title' >PDF<\/span><\/a><\/div>\n","protected":false},"excerpt":{"rendered":"","protected":false},"author":1,"featured_media":18825,"parent":13492,"menu_order":0,"comment_status":"closed","ping_status":"closed","template":"","meta":{"footnotes":""},"class_list":["post-18823","page","type-page","status-publish","has-post-thumbnail","hentry"],"_links":{"self":[{"href":"https:\/\/kodyka.com\/es\/wp-json\/wp\/v2\/pages\/18823","targetHints":{"allow":["GET"]}}],"collection":[{"href":"https:\/\/kodyka.com\/es\/wp-json\/wp\/v2\/pages"}],"about":[{"href":"https:\/\/kodyka.com\/es\/wp-json\/wp\/v2\/types\/page"}],"author":[{"embeddable":true,"href":"https:\/\/kodyka.com\/es\/wp-json\/wp\/v2\/users\/1"}],"replies":[{"embeddable":true,"href":"https:\/\/kodyka.com\/es\/wp-json\/wp\/v2\/comments?post=18823"}],"version-history":[{"count":10,"href":"https:\/\/kodyka.com\/es\/wp-json\/wp\/v2\/pages\/18823\/revisions"}],"predecessor-version":[{"id":18858,"href":"https:\/\/kodyka.com\/es\/wp-json\/wp\/v2\/pages\/18823\/revisions\/18858"}],"up":[{"embeddable":true,"href":"https:\/\/kodyka.com\/es\/wp-json\/wp\/v2\/pages\/13492"}],"wp:featuredmedia":[{"embeddable":true,"href":"https:\/\/kodyka.com\/es\/wp-json\/wp\/v2\/media\/18825"}],"wp:attachment":[{"href":"https:\/\/kodyka.com\/es\/wp-json\/wp\/v2\/media?parent=18823"}],"curies":[{"name":"wp","href":"https:\/\/api.w.org\/{rel}","templated":true}]}}