{"id":10918,"date":"2020-12-27T11:32:56","date_gmt":"2020-12-27T11:32:56","guid":{"rendered":"https:\/\/kodyka.com\/imprimeurs-tij\/k125f\/"},"modified":"2024-01-29T16:13:48","modified_gmt":"2024-01-29T16:13:48","slug":"k125f","status":"publish","type":"page","link":"https:\/\/kodyka.com\/fr\/imprimeurs-tij\/k125f\/","title":{"rendered":"K125NF"},"content":{"rendered":"\n<style type=\"text\/css\" data-created_by=\"avia_inline_auto\" id=\"style-css-av-p19q-e3e77f93c0208fd07161d8408ad73765\">\n.flex_column.av-p19q-e3e77f93c0208fd07161d8408ad73765{\n-webkit-border-radius:0px 0px 0px 0px;\n-moz-border-radius:0px 0px 0px 0px;\nborder-radius:0px 0px 0px 0px;\npadding:0px 0px 0px 0px;\n}\n<\/style>\n<div class='flex_column av-p19q-e3e77f93c0208fd07161d8408ad73765 av_one_full  avia-builder-el-0  el_before_av_one_third  avia-builder-el-first  first flex_column_div av-zero-column-padding '     ><style type=\"text\/css\" data-created_by=\"avia_inline_auto\" id=\"style-css-av-k6hrtrg7-7aef01e6142c9deb9494e533d8b3093c\">\n#top .av_textblock_section.av-k6hrtrg7-7aef01e6142c9deb9494e533d8b3093c .avia_textblock{\nfont-size:20px;\n}\n<\/style>\n<section  class='av_textblock_section av-k6hrtrg7-7aef01e6142c9deb9494e533d8b3093c'  itemscope=\"itemscope\" itemtype=\"https:\/\/schema.org\/CreativeWork\" ><div class='avia_textblock'  itemprop=\"text\" ><h1 style=\"text-align: center;\">K125NF<\/h1>\n<p style=\"text-align: center;\">Technologie du jet d&#8217;encre thermique 2,5<\/p>\n<\/div><\/section><br \/>\n<section  class='av_textblock_section av-ka085oue-91e3e041f332d85ca3771373d076622c'  itemscope=\"itemscope\" itemtype=\"https:\/\/schema.org\/CreativeWork\" ><div class='avia_textblock'  itemprop=\"text\" ><p><img alt=\"kodykar-tij-25-k125nf\" decoding=\"async\" class=\"alignnone size-full wp-image-10953\" src=\"https:\/\/cn.kodyka.com\/wp-content\/uploads\/2020\/12\/k125f.jpg\" alt=\"\" width=\"1030\" height=\"600\" srcset=\"https:\/\/kodyka.com\/wp-content\/uploads\/2020\/12\/k125f.jpg 1030w, https:\/\/kodyka.com\/wp-content\/uploads\/2020\/12\/k125f-300x175.jpg 300w, https:\/\/kodyka.com\/wp-content\/uploads\/2020\/12\/k125f-768x447.jpg 768w, https:\/\/kodyka.com\/wp-content\/uploads\/2020\/12\/k125f-705x411.jpg 705w\" sizes=\"(max-width: 1030px) 100vw, 1030px\" \/><\/p>\n<\/div><\/section><\/p><\/div>\n<style type=\"text\/css\" data-created_by=\"avia_inline_auto\" id=\"style-css-av-7qji6-65fe73cb758754a8938e917b689ec07f\">\n.flex_column.av-7qji6-65fe73cb758754a8938e917b689ec07f{\n-webkit-border-radius:0px 0px 0px 0px;\n-moz-border-radius:0px 0px 0px 0px;\nborder-radius:0px 0px 0px 0px;\npadding:0px 0px 0px 0px;\n}\n<\/style>\n<div class='flex_column av-7qji6-65fe73cb758754a8938e917b689ec07f av_one_third  avia-builder-el-3  el_after_av_one_full  el_before_av_one_fourth  first flex_column_div av-zero-column-padding column-top-margin'     ><section  class='av_textblock_section av-k6hq0wtk-b79195b08abe92e3e1805928e79e3ff5'  itemscope=\"itemscope\" itemtype=\"https:\/\/schema.org\/CreativeWork\" ><div class='avia_textblock'  itemprop=\"text\" ><h3><span style=\"color: #05c102;\">IMPRESSION HAUTE R\u00c9SOLUTION RAPIDE ET FACILE<\/span><\/h3>\n<p><span style=\"color: #ffffff;\">_<\/span><\/p>\n<\/div><\/section><br \/>\n<section  class='av_textblock_section av-k6hq0wtk-8-9c9f1ef07861298f68b5983fb3bf0923'  itemscope=\"itemscope\" itemtype=\"https:\/\/schema.org\/CreativeWork\" ><div class='avia_textblock'  itemprop=\"text\" ><p><strong>IMPRESSION DE LA T\u00caTE<\/strong><\/p>\n<p>De 1 mm \u00e0 25,4 mm<\/p>\n<p><span style=\"color: #ffffff;\">_<\/span><\/p>\n<p><strong>IMPRESSION \u00c0 GRANDE VITESSE<\/strong><\/p>\n<p>Jusqu&#8217;\u00e0 120 m\/min. en r\u00e9solution 300 DPI<\/p>\n<p><span style=\"color: #ffffff;\">_<\/span><\/p>\n<p><strong>FACILE \u00c0 UTILISER<\/strong><\/p>\n<p>\u00c9cran tactile 5&#8243; avec interface WYSIWYG intuitive pour une utilisation et une programmation faciles<\/p>\n<\/div><\/section><\/p><\/div><\/p>\n\n<style type=\"text\/css\" data-created_by=\"avia_inline_auto\" id=\"style-css-av-5wesm-f405f3f3aff3c03436f3e602a1ee865c\">\n.flex_column.av-5wesm-f405f3f3aff3c03436f3e602a1ee865c{\n-webkit-border-radius:0px 0px 0px 0px;\n-moz-border-radius:0px 0px 0px 0px;\nborder-radius:0px 0px 0px 0px;\npadding:0px 0px 0px 0px;\n}\n<\/style>\n<div class='flex_column av-5wesm-f405f3f3aff3c03436f3e602a1ee865c av_one_fourth  avia-builder-el-6  el_after_av_one_third  el_before_av_two_fifth  flex_column_div av-zero-column-padding column-top-margin'     ><section  class='av_textblock_section av-k6hq0wtk-7-83ab9cd72e12c8ef8915ca6b7cbe2e53'  itemscope=\"itemscope\" itemtype=\"https:\/\/schema.org\/CreativeWork\" ><div class='avia_textblock'  itemprop=\"text\" ><h3><span style=\"color: #05c102;\">10 RAISONS<\/span><\/h3>\n<\/div><\/section><br \/>\n<section  class='av_textblock_section av-k6hq0wtk-6-24737f546f840997e79c15f9ec374dd9'  itemscope=\"itemscope\" itemtype=\"https:\/\/schema.org\/CreativeWork\" ><div class='avia_textblock'  itemprop=\"text\" ><ul>\n<li>Pas besoin de changer les filtres<\/li>\n<li>Faible co\u00fbt d&#8217;acquisition<\/li>\n<li>Petite taille<\/li>\n<li>Facile \u00e0 utiliser et \u00e0 cr\u00e9er des messages<\/li>\n<li>Pas de maintenance ni de techniciens n\u00e9cessaires<\/li>\n<li>Pas de pi\u00e8ces d&#8217;usure<\/li>\n<li>Marquage haute r\u00e9solution<\/li>\n<li>Des encres amicales sans mek<\/li>\n<li>Impression sur plusieurs supports<\/li>\n<li>Une rentabilit\u00e9 op\u00e9rationnelle \u00e9lev\u00e9e<\/li>\n<\/ul>\n<\/div><\/section><\/p><\/div>\n\n<style type=\"text\/css\" data-created_by=\"avia_inline_auto\" id=\"style-css-av-57cv6-1c608dfb1cb397f4d50d93145b15ed48\">\n.flex_column.av-57cv6-1c608dfb1cb397f4d50d93145b15ed48{\n-webkit-border-radius:0px 0px 0px 0px;\n-moz-border-radius:0px 0px 0px 0px;\nborder-radius:0px 0px 0px 0px;\npadding:0px 0px 0px 0px;\n}\n<\/style>\n<div class='flex_column av-57cv6-1c608dfb1cb397f4d50d93145b15ed48 av_two_fifth  avia-builder-el-9  el_after_av_one_fourth  el_before_av_section  avia-builder-el-last  flex_column_div av-zero-column-padding column-top-margin'     ><style type=\"text\/css\" data-created_by=\"avia_inline_auto\" id=\"style-css-av-ka07pje5-17e9f192b71f2a86e64efb83c7e96ad0\">\n.avia-image-container.av-ka07pje5-17e9f192b71f2a86e64efb83c7e96ad0 img.avia_image{\nbox-shadow:none;\n}\n.avia-image-container.av-ka07pje5-17e9f192b71f2a86e64efb83c7e96ad0 .av-image-caption-overlay-center{\ncolor:#ffffff;\n}\n<\/style>\n<div  class='avia-image-container av-ka07pje5-17e9f192b71f2a86e64efb83c7e96ad0 av-styling- avia-align-center  avia-builder-el-10  avia-builder-el-no-sibling '   itemprop=\"image\" itemscope=\"itemscope\" itemtype=\"https:\/\/schema.org\/ImageObject\" ><div class=\"avia-image-container-inner\"><div class=\"avia-image-overlay-wrap\"><img alt=\"kodykar-tij-25-k125nf\" fetchpriority=\"high\" fetchpriority=\"high\" decoding=\"async\" class='wp-image-300 avia-img-lazy-loading-not-300 avia_image ' src=\"https:\/\/kodyka.com\/wp-content\/uploads\/2020\/03\/k112f-vista-conexiones.jpg\" alt='k112F - marquage et codage des imprimantes industrielles' title='k112f'  height=\"600\" width=\"800\"  itemprop=\"thumbnailUrl\" srcset=\"https:\/\/kodyka.com\/wp-content\/uploads\/2020\/03\/k112f-vista-conexiones.jpg 800w, https:\/\/kodyka.com\/wp-content\/uploads\/2020\/03\/k112f-vista-conexiones-300x225.jpg 300w, https:\/\/kodyka.com\/wp-content\/uploads\/2020\/03\/k112f-vista-conexiones-768x576.jpg 768w, https:\/\/kodyka.com\/wp-content\/uploads\/2020\/03\/k112f-vista-conexiones-705x529.jpg 705w\" sizes=\"(max-width: 800px) 100vw, 800px\" \/><\/div><\/div><\/div><\/div>\n<\/div><\/div><\/div><!-- close content main div --><\/div><\/div>\n<style type=\"text\/css\" data-created_by=\"avia_inline_auto\" id=\"style-css-av-k9m0uwe1-3dadc3ef72e5fde7eda51486b648e9d3\">\n.avia-section.av-k9m0uwe1-3dadc3ef72e5fde7eda51486b648e9d3{\nbackground-color:#fcfcfc;\nbackground-image:url(https:\/\/kodyka.com\/wp-content\/uploads\/2020\/05\/fondo-transparente.png);\nbackground-repeat:no-repeat;\nbackground-position:50% 50%;\nbackground-attachment:fixed;\n}\n.avia-section.av-k9m0uwe1-3dadc3ef72e5fde7eda51486b648e9d3 .av-section-color-overlay{\nopacity:0.3;\nbackground-color:#ffffff;\nbackground-image:url(https:\/\/kodyka.com\/wp-content\/themes\/enfold\/images\/background-images\/dots-mini-light.png);\nbackground-repeat:repeat;\n}\n<\/style>\n<div id='av_section_1'  class='avia-section av-k9m0uwe1-3dadc3ef72e5fde7eda51486b648e9d3 main_color avia-section-large avia-no-border-styling  avia-builder-el-11  el_after_av_two_fifth  el_before_av_section  avia-full-contain avia-bg-style-fixed av-section-color-overlay-active container_wrap sidebar_right'  data-section-bg-repeat='contain'><div class=\"av-section-color-overlay-wrap\"><div class=\"av-section-color-overlay\"><\/div><div class='container av-section-cont-open' ><div class='template-page content  av-content-small alpha units'><div class='post-entry post-entry-type-page post-entry-10918'><div class='entry-content-wrapper clearfix'>\n\n<style type=\"text\/css\" data-created_by=\"avia_inline_auto\" id=\"style-css-av-3zixm-4946cf718bd0e682142b21d8324953d4\">\n.flex_column.av-3zixm-4946cf718bd0e682142b21d8324953d4{\n-webkit-border-radius:0px 0px 0px 0px;\n-moz-border-radius:0px 0px 0px 0px;\nborder-radius:0px 0px 0px 0px;\npadding:0px 0px 0px 0px;\n}\n<\/style>\n<div class='flex_column av-3zixm-4946cf718bd0e682142b21d8324953d4 av_one_full  avia-builder-el-12  avia-builder-el-no-sibling  first flex_column_div av-zero-column-padding '     ><div  class='tabcontainer av-k6hqi6ll-b02e17a67c7bddd6e7a884f986b58bed sidebar_tab sidebar_tab_left  avia-builder-el-13  avia-builder-el-no-sibling  border_tabs' role='tablist'>\n<section class='av_tab_section av_tab_section av-s2ixf-1ca12ddc45801b4ffc4819e65d34a19e'  itemscope=\"itemscope\" itemtype=\"https:\/\/schema.org\/CreativeWork\" ><div class='tab active_tab' role='tab' tabindex='0' data-fake-id='#tab-id-1' aria-controls='tab-id-1-content'  itemprop=\"headline\" >IMPRIMER<\/div><div id='tab-id-1-content' class='tab_content active_tab_content' aria-hidden=\"false\"><div class='tab_inner_content invers-color'  itemprop=\"text\" ><div class=\"flex_column av_one_half first\">\n<p>&#8211; Structure industrielle et compacte en acier<\/p>\n<p>&#8211; Syst\u00e8me d&#8217;exploitation linux int\u00e9gr\u00e9<\/p>\n<p>&#8211; \u00c9lectronique militaire \u00e0 semi-conducteurs sans pi\u00e8ces mobiles<\/p>\n<p>&#8211; CPU avec syst\u00e8me anti-interf\u00e9rence<\/p>\n<p>&#8211; Interface \u00e0 \u00e9cran tactile de 5 pouces<\/p>\n<p>&#8211; Mod\u00e8le WYSIWYG et aper\u00e7u avant impression<\/p>\n<p>&#8211; Niveaux de s\u00e9curit\u00e9 r\u00e9glables par menu<\/p>\n<p>&#8211; 1 port USB, 1 port RS-232 ou port RJ 45<\/p>\n<p>&#8211; Entr\u00e9e du codeur et du capteur<\/p>\n<\/div>\n<div class=\"flex_column av_one_half\">\n<p>&#8211; Entr\u00e9e 100 &#8211; 240 V AC 50\/60 Hz \/ sortie 12,6V 3 A DC<\/p>\n<p>&#8211; Temp\u00e9rature de fonctionnement de l&#8217;imprimante 0\u00baC &#8211; 55\u00ba C<\/p>\n<p>&#8211; Encres aqueuses 10\u00baC &#8211; 40\u00baC<\/p>\n<p>&#8211; Encres polym\u00e8res 15\u00baC &#8211; 35\u00baC<\/p>\n<p>&#8211; Humidit\u00e9 30 &#8211; 70 % ( sans condensation )<\/p>\n<p>&#8211; Multilingue<\/p>\n<p>&#8211; Dimensions 136mm*85mm*60mm<\/p>\n<p>&#8211; Dimensions de la t\u00eate 110mm*80*102<\/p>\n<p>&#8211; Poids 430 grammes<\/p>\n<\/div>\n<\/div><\/div><\/section>\n<section class='av_tab_section av_tab_section av-5loixf-a7c77d3fd9b6a0b44e7158c74f165329'  itemscope=\"itemscope\" itemtype=\"https:\/\/schema.org\/CreativeWork\" ><div class='tab' role='tab' tabindex='0' data-fake-id='#tab-id-2' aria-controls='tab-id-2-content'  itemprop=\"headline\" >LA VITESSE ET LA R\u00c9SOLUTION DES LIGNES<\/div><div id='tab-id-2-content' class='tab_content' aria-hidden=\"true\"><div class='tab_inner_content invers-color'  itemprop=\"text\" ><p>&#8211; Vitesse maximale de la ligne 300 m\/min ( 300 DPI)<\/p>\n<p>&#8211; R\u00e9solution maximale 600 DPI<\/p>\n<\/div><\/div><\/section>\n<section class='av_tab_section av_tab_section av-4h36wj-40838e69a37d3d3f997ff81ecfaa9245'  itemscope=\"itemscope\" itemtype=\"https:\/\/schema.org\/CreativeWork\" ><div class='tab' role='tab' tabindex='0' data-fake-id='#tab-id-3' aria-controls='tab-id-3-content'  itemprop=\"headline\" >CARACT\u00c9RISTIQUES D\u2019IMPRESSION<\/div><div id='tab-id-3-content' class='tab_content' aria-hidden=\"true\"><div class='tab_inner_content invers-color'  itemprop=\"text\" ><p>&#8211; Texte statique, entr\u00e9es de l&#8217;utilisateur, date\/heure, codes d&#8217;\u00e9quipe, compteurs et donn\u00e9es de transaction<\/p>\n<p>&#8211; Polices True Type Windows<\/p>\n<p>&#8211; Codes \u00e0 barres 1D : Codabar, Code 128, Code 39, Code 93, . EAN8, EAN13, EAN128, Interleaved 2 of 5, Pharmacode, Plessey, . UPC-A, UPC-E<\/p>\n<p>&#8211; Codes \u00e0 barres 2D : Aztec, Data Matrix, Maxi Code, Micro QR, Code, QR Code, QR Code 2005<\/p>\n<\/div><\/div><\/section>\n<section class='av_tab_section av_tab_section av-32z4wz-ed623c5d47f30ebe5882d1f432422b4b'  itemscope=\"itemscope\" itemtype=\"https:\/\/schema.org\/CreativeWork\" ><div class='tab' role='tab' tabindex='0' data-fake-id='#tab-id-4' aria-controls='tab-id-4-content'  itemprop=\"headline\" >T\u00caTE D\u2019IMPRESSION<\/div><div id='tab-id-4-content' class='tab_content' aria-hidden=\"true\"><div class='tab_inner_content invers-color'  itemprop=\"text\" ><p>&#8211; Technologie TIJ 2.5<\/p>\n<p>&#8211; Distance d&#8217;impression 2-6 mm<\/p>\n<p>&#8211; Reconnaissance RFID pour le r\u00e9glage des param\u00e8tres et des niveaux d&#8217;encre<\/p>\n<\/div><\/div><\/section>\n<\/div><\/div>\n\n<\/div><\/div><\/div><!-- close content main div --><\/div><\/div><\/div><div id='av_section_2'  class='avia-section av-ka05kb99-221768385f657062935c07f92efd03ed header_color avia-section-default avia-no-border-styling  avia-builder-el-14  el_after_av_section  el_before_av_section  avia-bg-style-scroll container_wrap sidebar_right'  ><div class='container av-section-cont-open' ><div class='template-page content  av-content-small alpha units'><div class='post-entry post-entry-type-page post-entry-10918'><div class='entry-content-wrapper clearfix'>\n\n<style type=\"text\/css\" data-created_by=\"avia_inline_auto\" id=\"style-css-av-57cv6-5-8db85457d533f22d3a10e5e743b5ecf3\">\n.flex_column.av-57cv6-5-8db85457d533f22d3a10e5e743b5ecf3{\n-webkit-border-radius:0px 0px 0px 0px;\n-moz-border-radius:0px 0px 0px 0px;\nborder-radius:0px 0px 0px 0px;\npadding:0px 0px 0px 0px;\n}\n<\/style>\n<div class='flex_column av-57cv6-5-8db85457d533f22d3a10e5e743b5ecf3 av_one_full  avia-builder-el-15  el_before_av_one_full  avia-builder-el-first  first flex_column_div av-zero-column-padding '     ><style type=\"text\/css\" data-created_by=\"avia_inline_auto\" id=\"style-css-av-ka07pje5-4-02b2d4c9c11b391c64b3eddf30f6a9d4\">\n.avia-image-container.av-ka07pje5-4-02b2d4c9c11b391c64b3eddf30f6a9d4 img.avia_image{\nbox-shadow:none;\n}\n.avia-image-container.av-ka07pje5-4-02b2d4c9c11b391c64b3eddf30f6a9d4 .av-image-caption-overlay-center{\ncolor:#ffffff;\n}\n<\/style>\n<div  class='avia-image-container av-ka07pje5-4-02b2d4c9c11b391c64b3eddf30f6a9d4 av-styling- avia-align-center  avia-builder-el-16  avia-builder-el-no-sibling '   itemprop=\"image\" itemscope=\"itemscope\" itemtype=\"https:\/\/schema.org\/ImageObject\" ><div class=\"avia-image-container-inner\"><div class=\"avia-image-overlay-wrap\"><img alt=\"kodykar-tij-25-k125nf\" decoding=\"async\" class='wp-image-335 avia-img-lazy-loading-not-335 avia_image ' src=\"https:\/\/kodyka.com\/wp-content\/uploads\/2020\/03\/k112f-parts.jpg\" alt='componentes imprimante tij 2.5' title='k112f-parts'  height=\"850\" width=\"1500\"  itemprop=\"thumbnailUrl\" srcset=\"https:\/\/kodyka.com\/wp-content\/uploads\/2020\/03\/k112f-parts.jpg 1500w, https:\/\/kodyka.com\/wp-content\/uploads\/2020\/03\/k112f-parts-300x170.jpg 300w, https:\/\/kodyka.com\/wp-content\/uploads\/2020\/03\/k112f-parts-1030x584.jpg 1030w, https:\/\/kodyka.com\/wp-content\/uploads\/2020\/03\/k112f-parts-768x435.jpg 768w, https:\/\/kodyka.com\/wp-content\/uploads\/2020\/03\/k112f-parts-705x400.jpg 705w\" sizes=\"(max-width: 1500px) 100vw, 1500px\" \/><\/div><\/div><\/div><\/div>\n<style type=\"text\/css\" data-created_by=\"avia_inline_auto\" id=\"style-css-av-10vky-949267ed123df2656fc51b8854a4dbb1\">\n.flex_column.av-10vky-949267ed123df2656fc51b8854a4dbb1{\n-webkit-border-radius:0px 0px 0px 0px;\n-moz-border-radius:0px 0px 0px 0px;\nborder-radius:0px 0px 0px 0px;\npadding:0px 0px 0px 0px;\n}\n<\/style>\n<div class='flex_column av-10vky-949267ed123df2656fc51b8854a4dbb1 av_one_full  avia-builder-el-17  el_after_av_one_full  avia-builder-el-last  first flex_column_div av-zero-column-padding column-top-margin'     ><div  class='avia-button-wrap av-k73zy876-8aa191e595917d285a763cc47c2a3550-wrap avia-button-center  avia-builder-el-18  avia-builder-el-no-sibling '><a href='https:\/\/kodyka.com\/wp-content\/uploads\/2024\/01\/k125nf_eng.pdf' class='avia-button av-k73zy876-8aa191e595917d285a763cc47c2a3550 avia-icon_select-yes-left-icon avia-size-small avia-position-center avia-color-dark' target=\"_blank\" rel=\"noopener noreferrer\"><span class='avia_button_icon avia_button_icon_left' aria-hidden='true' data-av_icon='\ue82d' data-av_iconfont='entypo-fontello'><\/span><span class='avia_iconbox_title' >PDF<\/span><\/a><\/div><\/div><\/div><\/div><\/div><!-- close content main div --><\/div><\/div>\n<style type=\"text\/css\" data-created_by=\"avia_inline_auto\" id=\"style-css-av-k9m0uwe1-3-dd7cb28a4c9d742e70b12328a552d9de\">\n.avia-section.av-k9m0uwe1-3-dd7cb28a4c9d742e70b12328a552d9de{\nbackground-color:#fcfcfc;\nbackground-image:url(https:\/\/kodyka.com\/wp-content\/uploads\/2020\/05\/fondo-transparente.png);\nbackground-repeat:no-repeat;\nbackground-position:50% 50%;\nbackground-attachment:fixed;\n}\n.avia-section.av-k9m0uwe1-3-dd7cb28a4c9d742e70b12328a552d9de .av-section-color-overlay{\nopacity:0.3;\nbackground-color:#ffffff;\nbackground-image:url(https:\/\/kodyka.com\/wp-content\/themes\/enfold\/images\/background-images\/dots-mini-light.png);\nbackground-repeat:repeat;\n}\n<\/style>\n<div id='av_section_3'  class='avia-section av-k9m0uwe1-3-dd7cb28a4c9d742e70b12328a552d9de header_color avia-section-large avia-no-border-styling  avia-builder-el-19  el_after_av_section  avia-builder-el-last  avia-full-contain avia-bg-style-fixed av-section-color-overlay-active container_wrap sidebar_right'  data-section-bg-repeat='contain'><div class=\"av-section-color-overlay-wrap\"><div class=\"av-section-color-overlay\"><\/div><div class='container av-section-cont-open' ><div class='template-page content  av-content-small alpha units'><div class='post-entry post-entry-type-page post-entry-10918'><div class='entry-content-wrapper clearfix'>\n\n<style type=\"text\/css\" data-created_by=\"avia_inline_auto\" id=\"style-css-av-mj1mr-f01037ee5cd14844fe2434b4fd909619\">\n.flex_column.av-mj1mr-f01037ee5cd14844fe2434b4fd909619{\n-webkit-border-radius:0px 0px 0px 0px;\n-moz-border-radius:0px 0px 0px 0px;\nborder-radius:0px 0px 0px 0px;\npadding:0px 0px 0px 0px;\n}\n<\/style>\n<div class='flex_column av-mj1mr-f01037ee5cd14844fe2434b4fd909619 av_one_third  avia-builder-el-20  el_before_av_one_third  avia-builder-el-first  first flex_column_div av-zero-column-padding '     ><style type=\"text\/css\" data-created_by=\"avia_inline_auto\" id=\"style-css-av-k674wuwe-6bc2e4715a521f82b7d1c72753e70749\">\n#top .av_textblock_section.av-k674wuwe-6bc2e4715a521f82b7d1c72753e70749 .avia_textblock{\nfont-size:18px;\ncolor:#282828;\n}\n<\/style>\n<section  class='av_textblock_section av-k674wuwe-6bc2e4715a521f82b7d1c72753e70749'  itemscope=\"itemscope\" itemtype=\"https:\/\/schema.org\/CreativeWork\" ><div class='avia_textblock av_inherit_color'  itemprop=\"text\" ><p style=\"text-align: center;\"><img alt=\"kodykar-tij-25-k125nf\" loading=\"lazy\" decoding=\"async\" class=\" wp-image-5285 aligncenter\" src=\"https:\/\/fr.kodyka.com\/wp-content\/uploads\/2020\/05\/filtro.png\" alt=\"\" width=\"180\" height=\"180\" srcset=\"https:\/\/kodyka.com\/wp-content\/uploads\/2020\/05\/filtro.png 250w, https:\/\/kodyka.com\/wp-content\/uploads\/2020\/05\/filtro-80x80.png 80w, https:\/\/kodyka.com\/wp-content\/uploads\/2020\/05\/filtro-36x36.png 36w, https:\/\/kodyka.com\/wp-content\/uploads\/2020\/05\/filtro-180x180.png 180w\" sizes=\"(max-width: 180px) 100vw, 180px\" \/>Imprimante avec filtre pour les pics de tension, les parasites et les harmoniques<\/p>\n<\/div><\/section><\/div>\n<style type=\"text\/css\" data-created_by=\"avia_inline_auto\" id=\"style-css-av-fyt03-d85c2497525bf91f86160385da6e6bf5\">\n.flex_column.av-fyt03-d85c2497525bf91f86160385da6e6bf5{\n-webkit-border-radius:0px 0px 0px 0px;\n-moz-border-radius:0px 0px 0px 0px;\nborder-radius:0px 0px 0px 0px;\npadding:0px 0px 0px 0px;\n}\n<\/style>\n<div class='flex_column av-fyt03-d85c2497525bf91f86160385da6e6bf5 av_one_third  avia-builder-el-22  el_after_av_one_third  el_before_av_one_third  flex_column_div av-zero-column-padding '     ><style type=\"text\/css\" data-created_by=\"avia_inline_auto\" id=\"style-css-av-k674wuwe-2-d649ae397138bdd9c15ccd6c82244268\">\n#top .av_textblock_section.av-k674wuwe-2-d649ae397138bdd9c15ccd6c82244268 .avia_textblock{\nfont-size:18px;\ncolor:#282828;\n}\n<\/style>\n<section  class='av_textblock_section av-k674wuwe-2-d649ae397138bdd9c15ccd6c82244268'  itemscope=\"itemscope\" itemtype=\"https:\/\/schema.org\/CreativeWork\" ><div class='avia_textblock av_inherit_color'  itemprop=\"text\" ><p style=\"text-align: center;\"><img alt=\"kodykar-tij-25-k125nf\" loading=\"lazy\" decoding=\"async\" class=\" wp-image-5275 aligncenter\" src=\"https:\/\/fr.kodyka.com\/wp-content\/uploads\/2020\/05\/electronica-militar.png\" alt=\"\" width=\"180\" height=\"180\" srcset=\"https:\/\/kodyka.com\/wp-content\/uploads\/2020\/05\/electronica-militar.png 250w, https:\/\/kodyka.com\/wp-content\/uploads\/2020\/05\/electronica-militar-80x80.png 80w, https:\/\/kodyka.com\/wp-content\/uploads\/2020\/05\/electronica-militar-36x36.png 36w, https:\/\/kodyka.com\/wp-content\/uploads\/2020\/05\/electronica-militar-180x180.png 180w\" sizes=\"(max-width: 180px) 100vw, 180px\" \/>L&#8217;\u00e9lectronique militaire \u00e0 l&#8217;\u00e9tat solide<\/p>\n<\/div><\/section><\/div>\n<style type=\"text\/css\" data-created_by=\"avia_inline_auto\" id=\"style-css-av-6menv-5fd74a76e991e223986002e3c8aacdb4\">\n.flex_column.av-6menv-5fd74a76e991e223986002e3c8aacdb4{\n-webkit-border-radius:0px 0px 0px 0px;\n-moz-border-radius:0px 0px 0px 0px;\nborder-radius:0px 0px 0px 0px;\npadding:0px 0px 0px 0px;\n}\n<\/style>\n<div class='flex_column av-6menv-5fd74a76e991e223986002e3c8aacdb4 av_one_third  avia-builder-el-24  el_after_av_one_third  avia-builder-el-last  flex_column_div av-zero-column-padding '     ><style type=\"text\/css\" data-created_by=\"avia_inline_auto\" id=\"style-css-av-k674wuwe-1-ce038d0dd0f4e3211812cfecf4ee4b5e\">\n#top .av_textblock_section.av-k674wuwe-1-ce038d0dd0f4e3211812cfecf4ee4b5e .avia_textblock{\nfont-size:18px;\ncolor:#282828;\n}\n<\/style>\n<section  class='av_textblock_section av-k674wuwe-1-ce038d0dd0f4e3211812cfecf4ee4b5e'  itemscope=\"itemscope\" itemtype=\"https:\/\/schema.org\/CreativeWork\" ><div class='avia_textblock av_inherit_color'  itemprop=\"text\" ><p style=\"text-align: center;\"><img alt=\"kodykar-tij-25-k125nf\" loading=\"lazy\" decoding=\"async\" class=\"wp-image-7940 aligncenter\" src=\"https:\/\/cn.kodyka.com\/wp-content\/uploads\/2020\/05\/2years-warrenty.jpg\" alt=\"\" width=\"180\" height=\"187\" \/>Le seul fabricant \u00e0 offrir une garantie de 2 ans<\/p>\n<\/div><\/section><\/div>\n<\/div><\/div><\/div><!-- close content main div --><\/div><\/div><\/div><div id='after_section_3'  class='main_color av_default_container_wrap container_wrap sidebar_right'  ><div class='container av-section-cont-open' ><div class='template-page content  av-content-small alpha units'><div class='post-entry post-entry-type-page post-entry-10918'><div class='entry-content-wrapper clearfix'><\/p>\n","protected":false},"excerpt":{"rendered":"","protected":false},"author":1,"featured_media":10964,"parent":7077,"menu_order":0,"comment_status":"closed","ping_status":"closed","template":"","meta":{"footnotes":""},"class_list":["post-10918","page","type-page","status-publish","has-post-thumbnail","hentry"],"_links":{"self":[{"href":"https:\/\/kodyka.com\/fr\/wp-json\/wp\/v2\/pages\/10918","targetHints":{"allow":["GET"]}}],"collection":[{"href":"https:\/\/kodyka.com\/fr\/wp-json\/wp\/v2\/pages"}],"about":[{"href":"https:\/\/kodyka.com\/fr\/wp-json\/wp\/v2\/types\/page"}],"author":[{"embeddable":true,"href":"https:\/\/kodyka.com\/fr\/wp-json\/wp\/v2\/users\/1"}],"replies":[{"embeddable":true,"href":"https:\/\/kodyka.com\/fr\/wp-json\/wp\/v2\/comments?post=10918"}],"version-history":[{"count":8,"href":"https:\/\/kodyka.com\/fr\/wp-json\/wp\/v2\/pages\/10918\/revisions"}],"predecessor-version":[{"id":15947,"href":"https:\/\/kodyka.com\/fr\/wp-json\/wp\/v2\/pages\/10918\/revisions\/15947"}],"up":[{"embeddable":true,"href":"https:\/\/kodyka.com\/fr\/wp-json\/wp\/v2\/pages\/7077"}],"wp:featuredmedia":[{"embeddable":true,"href":"https:\/\/kodyka.com\/fr\/wp-json\/wp\/v2\/media\/10964"}],"wp:attachment":[{"href":"https:\/\/kodyka.com\/fr\/wp-json\/wp\/v2\/media?parent=10918"}],"curies":[{"name":"wp","href":"https:\/\/api.w.org\/{rel}","templated":true}]}}