{"id":11256,"date":"2020-12-28T00:02:44","date_gmt":"2020-12-28T00:02:44","guid":{"rendered":"https:\/\/kodyka.com\/imprimeurs-tij\/k160\/"},"modified":"2024-01-29T16:38:51","modified_gmt":"2024-01-29T16:38:51","slug":"k160","status":"publish","type":"page","link":"https:\/\/kodyka.com\/fr\/imprimeurs-tij\/k160\/","title":{"rendered":"K160N"},"content":{"rendered":"\n<style type=\"text\/css\" data-created_by=\"avia_inline_auto\" id=\"style-css-av-k6hrtrg7-7aef01e6142c9deb9494e533d8b3093c\">\n#top .av_textblock_section.av-k6hrtrg7-7aef01e6142c9deb9494e533d8b3093c .avia_textblock{\nfont-size:20px;\n}\n<\/style>\n<section  class='av_textblock_section av-k6hrtrg7-7aef01e6142c9deb9494e533d8b3093c'  itemscope=\"itemscope\" itemtype=\"https:\/\/schema.org\/CreativeWork\" ><div class='avia_textblock'  itemprop=\"text\" ><h1 style=\"text-align: center;\">K160N<\/h1>\n<p style=\"text-align: center;\">Termal Inkjet Tecnology 2.5<\/p>\n<\/div><\/section>\n\n<style type=\"text\/css\" data-created_by=\"avia_inline_auto\" id=\"style-css-av-q3e5-2e16dced38b4ac7bfe609ab1dccf0f45\">\n.flex_column.av-q3e5-2e16dced38b4ac7bfe609ab1dccf0f45{\n-webkit-border-radius:0px 0px 0px 0px;\n-moz-border-radius:0px 0px 0px 0px;\nborder-radius:0px 0px 0px 0px;\npadding:0px 0px 0px 0px;\n}\n<\/style>\n<div class='flex_column av-q3e5-2e16dced38b4ac7bfe609ab1dccf0f45 av_three_fourth  avia-builder-el-1  el_after_av_textblock  el_before_av_one_fourth  first flex_column_div av-zero-column-padding column-top-margin'     ><section  class='av_textblock_section av-k6hq0wtk-b79195b08abe92e3e1805928e79e3ff5'  itemscope=\"itemscope\" itemtype=\"https:\/\/schema.org\/CreativeWork\" ><div class='avia_textblock'  itemprop=\"text\" ><h3><img alt=\"kodykar-tij-25-k160n\" fetchpriority=\"high\" decoding=\"async\" class=\"alignnone size-full wp-image-12097\" src=\"https:\/\/kodyka.com\/wp-content\/uploads\/2021\/02\/K160.jpg\" alt=\"\" width=\"996\" height=\"700\" srcset=\"https:\/\/kodyka.com\/wp-content\/uploads\/2021\/02\/K160.jpg 996w, https:\/\/kodyka.com\/wp-content\/uploads\/2021\/02\/K160-300x211.jpg 300w, https:\/\/kodyka.com\/wp-content\/uploads\/2021\/02\/K160-768x540.jpg 768w, https:\/\/kodyka.com\/wp-content\/uploads\/2021\/02\/K160-705x495.jpg 705w\" sizes=\"(max-width: 996px) 100vw, 996px\" \/><\/h3>\n<\/div><\/section><\/div>\n\n<style type=\"text\/css\" data-created_by=\"avia_inline_auto\" id=\"style-css-av-5wesm-f405f3f3aff3c03436f3e602a1ee865c\">\n.flex_column.av-5wesm-f405f3f3aff3c03436f3e602a1ee865c{\n-webkit-border-radius:0px 0px 0px 0px;\n-moz-border-radius:0px 0px 0px 0px;\nborder-radius:0px 0px 0px 0px;\npadding:0px 0px 0px 0px;\n}\n<\/style>\n<div class='flex_column av-5wesm-f405f3f3aff3c03436f3e602a1ee865c av_one_fourth  avia-builder-el-3  el_after_av_three_fourth  el_before_av_one_half  flex_column_div av-zero-column-padding column-top-margin'     ><section  class='av_textblock_section av-k6hq0wtk-b79195b08abe92e3e1805928e79e3ff5'  itemscope=\"itemscope\" itemtype=\"https:\/\/schema.org\/CreativeWork\" ><div class='avia_textblock'  itemprop=\"text\" ><h3><span style=\"color: #05c102;\">10 RAISONS<\/span><\/h3>\n<\/div><\/section><br \/>\n<section  class='av_textblock_section av-k6hq0wtk-b79195b08abe92e3e1805928e79e3ff5'  itemscope=\"itemscope\" itemtype=\"https:\/\/schema.org\/CreativeWork\" ><div class='avia_textblock'  itemprop=\"text\" ><ul>\n<li>Responsable industriel<\/li>\n<li>Pas de maintenance<\/li>\n<li>Impression de donn\u00e9es fixes et variables<\/li>\n<li>Calculer les co\u00fbts d\u2019impression en temps r\u00e9el<\/li>\n<li>Connexion avec l\u2019ERP<\/li>\n<li>Balise de signalisation lumineuse<\/li>\n<li>Vitesse d\u2019impression jusqu\u2019\u00e0 240 m \/ min.<\/li>\n<li>Contr\u00f4le du clavier et de la souris sans fil<\/li>\n<li>Conform\u00e9ment aux normes de GSl Internationa<\/li>\n<\/ul>\n<\/div><\/section><br \/>\n\n<style type=\"text\/css\" data-created_by=\"avia_inline_auto\" id=\"style-css-av-kj7nk8v7-ec6af6bb8c41dbf53c65ba1b486a7049\">\n#top .hr.hr-invisible.av-kj7nk8v7-ec6af6bb8c41dbf53c65ba1b486a7049{\nheight:50px;\n}\n<\/style>\n<div  class='hr av-kj7nk8v7-ec6af6bb8c41dbf53c65ba1b486a7049 hr-invisible  avia-builder-el-6  el_after_av_textblock  el_before_av_textblock '><span class='hr-inner '><span class=\"hr-inner-style\"><\/span><\/span><\/div><br \/>\n<section  class='av_textblock_section av-k6hq0wtk-b79195b08abe92e3e1805928e79e3ff5'  itemscope=\"itemscope\" itemtype=\"https:\/\/schema.org\/CreativeWork\" ><div class='avia_textblock'  itemprop=\"text\" ><p><strong>HIGH-SPEED PRINTING<\/strong><\/p>\n<p>Up to 120 m\/min. in 300 DPI resolution<\/p>\n<p><span style=\"color: #ffffff;\">_<\/span><\/p>\n<p><strong>EASY TO USE<\/strong><\/p>\n<p>7&#8243; touch screen with intuitive WYSIWYG interface for easy operation and programming<\/p>\n<\/div><\/section><\/p><\/div>\n\n<style type=\"text\/css\" data-created_by=\"avia_inline_auto\" id=\"style-css-av-5wesm-a9ba59a7c8125dcb2782047e23ae44de\">\n.flex_column.av-5wesm-a9ba59a7c8125dcb2782047e23ae44de{\n-webkit-border-radius:0px 0px 0px 0px;\n-moz-border-radius:0px 0px 0px 0px;\nborder-radius:0px 0px 0px 0px;\npadding:0px 0px 0px 0px;\n}\n<\/style>\n<div class='flex_column av-5wesm-a9ba59a7c8125dcb2782047e23ae44de av_one_half  avia-builder-el-8  el_after_av_one_fourth  el_before_av_one_half  first flex_column_div av-zero-column-padding column-top-margin'     ><section  class='av_textblock_section av-k6hq0wtk-b79195b08abe92e3e1805928e79e3ff5'  itemscope=\"itemscope\" itemtype=\"https:\/\/schema.org\/CreativeWork\" ><div class='avia_textblock'  itemprop=\"text\" ><h3><span style=\"color: #05c102;\">K160 Printer Set<\/span><\/h3>\n<\/div><\/section><br \/>\n<section  class='av_textblock_section av-k6hq0wtk-b79195b08abe92e3e1805928e79e3ff5'  itemscope=\"itemscope\" itemtype=\"https:\/\/schema.org\/CreativeWork\" ><div class='avia_textblock'  itemprop=\"text\" ><p>Impression 1\/2 pouce &#8211; 12,7 mm ou 3 pouces &#8211; 76,2 mm selon la configuration modulaire de l&#8217;imprimante avec un contr\u00f4leur et une, deux, trois, quatre, cinq ou six t\u00eates d&#8217;impression.<br \/>\nLa d\u00e9tection ind\u00e9pendante des produits par la t\u00eate d&#8217;impression ou par le bloc de t\u00eate d&#8217;impression comprend :<br \/>\nUn contr\u00f4leur \u00e0 \u00e9cran tactile de 7 pouces avec une, deux, trois, quatre, cinq ou six t\u00eates d&#8217;impression s\u00e9par\u00e9es ou reli\u00e9es par un ombilical de 1,8 m\u00e8tre<br \/>\nSupports de montage pour le contr\u00f4leur et les t\u00eates d&#8217;impression<br \/>\n30 V. Alimentation \u00e9lectrique<br \/>\nCellule photo\u00e9lectrique cylindrique \u00e0 r\u00e9flexion directe avec connecteur et c\u00e2ble de 2 M. Selon la configuration de l&#8217;imprimante, il est possible d&#8217;installer jusqu&#8217;\u00e0 6 cellules photo\u00e9lectriques, une par t\u00eate d&#8217;impression<br \/>\nLAN + Connectivit\u00e9 totale avec plusieurs syst\u00e8mes<\/p>\n<\/div><\/section><br \/>\n<section  class='av_textblock_section av-k6hq0wtk-b79195b08abe92e3e1805928e79e3ff5'  itemscope=\"itemscope\" itemtype=\"https:\/\/schema.org\/CreativeWork\" ><div class='avia_textblock'  itemprop=\"text\" ><p>Emballage : 52 x 28 x 23 cm Poids : 5.500 Kg Bo\u00eete en plastique<br \/>\nD\u00e9finir le c\u00e2ble d&#8217;alimentation et le c\u00e2ble pour le chargeur de batterie :<br \/>\nType A am\u00e9ricain ou Type E europ\u00e9en<\/p>\n<\/div><\/section><br \/>\n\n<style type=\"text\/css\" data-created_by=\"avia_inline_auto\" id=\"style-css-av-kj7nk8v7-ec6af6bb8c41dbf53c65ba1b486a7049\">\n#top .hr.hr-invisible.av-kj7nk8v7-ec6af6bb8c41dbf53c65ba1b486a7049{\nheight:50px;\n}\n<\/style>\n<div  class='hr av-kj7nk8v7-ec6af6bb8c41dbf53c65ba1b486a7049 hr-invisible  avia-builder-el-12  el_after_av_textblock  avia-builder-el-last '><span class='hr-inner '><span class=\"hr-inner-style\"><\/span><\/span><\/div><\/p><\/div>\n\n<style type=\"text\/css\" data-created_by=\"avia_inline_auto\" id=\"style-css-av-7qji6-75345ae8e91248a5586f6e735f155039\">\n.flex_column.av-7qji6-75345ae8e91248a5586f6e735f155039{\n-webkit-border-radius:0px 0px 0px 0px;\n-moz-border-radius:0px 0px 0px 0px;\nborder-radius:0px 0px 0px 0px;\npadding:0px 0px 0px 0px;\n}\n<\/style>\n<div class='flex_column av-7qji6-75345ae8e91248a5586f6e735f155039 av_one_half  avia-builder-el-13  el_after_av_one_half  el_before_av_one_full  flex_column_div av-zero-column-padding column-top-margin'     ><section  class='av_textblock_section av-k6hq0wtk-b79195b08abe92e3e1805928e79e3ff5'  itemscope=\"itemscope\" itemtype=\"https:\/\/schema.org\/CreativeWork\" ><div class='avia_textblock'  itemprop=\"text\" ><h3><span style=\"color: #05c102;\">QUICK AND EASY HIGH RESOLUTION PRINTING<\/span><\/h3>\n<\/div><\/section><br \/>\n<section  class='av_textblock_section av-k6hq0wtk-b79195b08abe92e3e1805928e79e3ff5'  itemscope=\"itemscope\" itemtype=\"https:\/\/schema.org\/CreativeWork\" ><div class='avia_textblock'  itemprop=\"text\" ><p><strong>HEAD PRINTING<\/strong><\/p>\n<p>D1 Configuration x 2 t\u00eates d&#8217;impression individuelles<br \/>\nHauteur par t\u00eate d&#8217;impression 1\/2 pouce &#8211; 12,7 mm<\/p>\n<p>D1 Configuration x 3 t\u00eates d&#8217;impression individuelles<br \/>\nHauteur par t\u00eate d&#8217;impression 1\/2 pouce &#8211; 12,7 mm<\/p>\n<p>D1 Configuration x 4 t\u00eates d&#8217;impression individuelles<br \/>\nHauteur par t\u00eate d&#8217;impression 1\/2 pouce &#8211; 12,7 mm<\/p>\n<p>D1 Configuration x 5 t\u00eates d&#8217;impression individuelles<br \/>\nHauteur par t\u00eate d&#8217;impression 1\/2 pouce &#8211; 12,7 mm<\/p>\n<p>D1 Configuration x 6 t\u00eates d&#8217;impression individuelles<br \/>\nHauteur par t\u00eate d&#8217;impression 1\/2 pouce &#8211; 12,7 mm<\/p>\n<p>D2U Configuration 1 : t\u00eate d&#8217;impression \u00e0 double joint d&#8217;une hauteur totale de 1 pouce &#8211; 25,4 mm<br \/>\nD3U Configuration 1 t\u00eate d&#8217;impression \u00e0 triple joint avec une hauteur totale de 1,5 pouce &#8211; 38,10 mm<br \/>\nConfiguration D4U 1 t\u00eate d&#8217;impression quadruple coll\u00e9e d&#8217;une hauteur totale de 2 pouces &#8211; 50,8 mm<br \/>\nD5U Configuration 1 t\u00eate d&#8217;impression quintuple coll\u00e9e d&#8217;une hauteur totale de 2,5 pouces &#8211; 63,5 mm<br \/>\nD6U Configuration 1 sextuple t\u00eate d&#8217;impression coll\u00e9e avec une hauteur totale de 3 pouces &#8211; 76,2mm<\/p>\n<\/div><\/section><\/p><\/div>\n\n<style type=\"text\/css\" data-created_by=\"avia_inline_auto\" id=\"style-css-av-tnh9-ce6006eb1621ea626fae124ad332a089\">\n.flex_column.av-tnh9-ce6006eb1621ea626fae124ad332a089{\n-webkit-border-radius:0px 0px 0px 0px;\n-moz-border-radius:0px 0px 0px 0px;\nborder-radius:0px 0px 0px 0px;\npadding:0px 0px 0px 0px;\n}\n<\/style>\n<div class='flex_column av-tnh9-ce6006eb1621ea626fae124ad332a089 av_one_full  avia-builder-el-16  el_after_av_one_half  el_before_av_section  avia-builder-el-last  first flex_column_div av-zero-column-padding column-top-margin'     ><div  class='avia-button-wrap av-k73zy876-b51ee2ff14572ea26d8fab0e755bed3c-wrap avia-button-center  avia-builder-el-17  avia-builder-el-no-sibling '><a href='https:\/\/kodyka.com\/wp-content\/uploads\/2024\/01\/k160n_eng.pdf' class='avia-button av-k73zy876-b51ee2ff14572ea26d8fab0e755bed3c avia-icon_select-yes-left-icon avia-size-small avia-position-center avia-color-dark' target=\"_blank\" rel=\"noopener noreferrer\"><span class='avia_button_icon avia_button_icon_left' aria-hidden='true' data-av_icon='\ue82d' data-av_iconfont='entypo-fontello'><\/span><span class='avia_iconbox_title' >PDF<\/span><\/a><\/div><\/div><\/div><\/div><\/div><!-- close content main div --><\/div><\/div>\n<style type=\"text\/css\" data-created_by=\"avia_inline_auto\" id=\"style-css-av-k9m0uwe1-c2168755e2ce5bc0485e8be666e83a88\">\n.avia-section.av-k9m0uwe1-c2168755e2ce5bc0485e8be666e83a88{\nbackground-color:#fcfcfc;\nbackground-image:url(https:\/\/kodyka.com\/wp-content\/uploads\/2020\/05\/fondo-transparente.png);\nbackground-repeat:no-repeat;\nbackground-position:50% 50%;\nbackground-attachment:fixed;\n}\n.avia-section.av-k9m0uwe1-c2168755e2ce5bc0485e8be666e83a88 .av-section-color-overlay{\nopacity:0.3;\nbackground-color:#ffffff;\nbackground-image:url(https:\/\/kodyka.com\/wp-content\/themes\/enfold\/images\/background-images\/dots-mini-light.png);\nbackground-repeat:repeat;\n}\n<\/style>\n<div id='av_section_1'  class='avia-section av-k9m0uwe1-c2168755e2ce5bc0485e8be666e83a88 header_color avia-section-large avia-no-border-styling  avia-builder-el-18  el_after_av_one_full  avia-builder-el-last  avia-full-contain avia-bg-style-fixed av-section-color-overlay-active container_wrap sidebar_right'  data-section-bg-repeat='contain'><div class=\"av-section-color-overlay-wrap\"><div class=\"av-section-color-overlay\"><\/div><div class='container av-section-cont-open' ><div class='template-page content  av-content-small alpha units'><div class='post-entry post-entry-type-page post-entry-11256'><div class='entry-content-wrapper clearfix'>\n\n<style type=\"text\/css\" data-created_by=\"avia_inline_auto\" id=\"style-css-av-mj1mr-f01037ee5cd14844fe2434b4fd909619\">\n.flex_column.av-mj1mr-f01037ee5cd14844fe2434b4fd909619{\n-webkit-border-radius:0px 0px 0px 0px;\n-moz-border-radius:0px 0px 0px 0px;\nborder-radius:0px 0px 0px 0px;\npadding:0px 0px 0px 0px;\n}\n<\/style>\n<div class='flex_column av-mj1mr-f01037ee5cd14844fe2434b4fd909619 av_one_third  avia-builder-el-19  el_before_av_one_third  avia-builder-el-first  first flex_column_div av-zero-column-padding '     ><style type=\"text\/css\" data-created_by=\"avia_inline_auto\" id=\"style-css-av-k674wuwe-6bc2e4715a521f82b7d1c72753e70749\">\n#top .av_textblock_section.av-k674wuwe-6bc2e4715a521f82b7d1c72753e70749 .avia_textblock{\nfont-size:18px;\ncolor:#282828;\n}\n<\/style>\n<section  class='av_textblock_section av-k674wuwe-6bc2e4715a521f82b7d1c72753e70749'  itemscope=\"itemscope\" itemtype=\"https:\/\/schema.org\/CreativeWork\" ><div class='avia_textblock av_inherit_color'  itemprop=\"text\" ><p style=\"text-align: center;\"><img alt=\"kodykar-tij-25-k160n\" decoding=\"async\" class=\" wp-image-5285 aligncenter\" src=\"https:\/\/kodyka.com\/wp-content\/uploads\/2020\/05\/filtro.png\" alt=\"\" width=\"180\" height=\"180\" srcset=\"https:\/\/kodyka.com\/wp-content\/uploads\/2020\/05\/filtro.png 250w, https:\/\/kodyka.com\/wp-content\/uploads\/2020\/05\/filtro-80x80.png 80w, https:\/\/kodyka.com\/wp-content\/uploads\/2020\/05\/filtro-36x36.png 36w, https:\/\/kodyka.com\/wp-content\/uploads\/2020\/05\/filtro-180x180.png 180w\" sizes=\"(max-width: 180px) 100vw, 180px\" \/>Imprimante avec filtre pour les pics de tension, les parasites et les harmoniques<\/p>\n<\/div><\/section><\/div>\n<style type=\"text\/css\" data-created_by=\"avia_inline_auto\" id=\"style-css-av-fyt03-d85c2497525bf91f86160385da6e6bf5\">\n.flex_column.av-fyt03-d85c2497525bf91f86160385da6e6bf5{\n-webkit-border-radius:0px 0px 0px 0px;\n-moz-border-radius:0px 0px 0px 0px;\nborder-radius:0px 0px 0px 0px;\npadding:0px 0px 0px 0px;\n}\n<\/style>\n<div class='flex_column av-fyt03-d85c2497525bf91f86160385da6e6bf5 av_one_third  avia-builder-el-21  el_after_av_one_third  el_before_av_one_third  flex_column_div av-zero-column-padding '     ><style type=\"text\/css\" data-created_by=\"avia_inline_auto\" id=\"style-css-av-k674wuwe-6bc2e4715a521f82b7d1c72753e70749\">\n#top .av_textblock_section.av-k674wuwe-6bc2e4715a521f82b7d1c72753e70749 .avia_textblock{\nfont-size:18px;\ncolor:#282828;\n}\n<\/style>\n<section  class='av_textblock_section av-k674wuwe-6bc2e4715a521f82b7d1c72753e70749'  itemscope=\"itemscope\" itemtype=\"https:\/\/schema.org\/CreativeWork\" ><div class='avia_textblock av_inherit_color'  itemprop=\"text\" ><p style=\"text-align: center;\"><img alt=\"kodykar-tij-25-k160n\" decoding=\"async\" class=\" wp-image-5275 aligncenter\" src=\"https:\/\/kodyka.com\/wp-content\/uploads\/2020\/05\/electronica-militar.png\" alt=\"\" width=\"180\" height=\"180\" srcset=\"https:\/\/kodyka.com\/wp-content\/uploads\/2020\/05\/electronica-militar.png 250w, https:\/\/kodyka.com\/wp-content\/uploads\/2020\/05\/electronica-militar-80x80.png 80w, https:\/\/kodyka.com\/wp-content\/uploads\/2020\/05\/electronica-militar-36x36.png 36w, https:\/\/kodyka.com\/wp-content\/uploads\/2020\/05\/electronica-militar-180x180.png 180w\" sizes=\"(max-width: 180px) 100vw, 180px\" \/>L&#8217;\u00e9lectronique militaire \u00e0 l&#8217;\u00e9tat solide<\/p>\n<\/div><\/section><\/div>\n<style type=\"text\/css\" data-created_by=\"avia_inline_auto\" id=\"style-css-av-6menv-5fd74a76e991e223986002e3c8aacdb4\">\n.flex_column.av-6menv-5fd74a76e991e223986002e3c8aacdb4{\n-webkit-border-radius:0px 0px 0px 0px;\n-moz-border-radius:0px 0px 0px 0px;\nborder-radius:0px 0px 0px 0px;\npadding:0px 0px 0px 0px;\n}\n<\/style>\n<div class='flex_column av-6menv-5fd74a76e991e223986002e3c8aacdb4 av_one_third  avia-builder-el-23  el_after_av_one_third  avia-builder-el-last  flex_column_div av-zero-column-padding '     ><style type=\"text\/css\" data-created_by=\"avia_inline_auto\" id=\"style-css-av-k674wuwe-6bc2e4715a521f82b7d1c72753e70749\">\n#top .av_textblock_section.av-k674wuwe-6bc2e4715a521f82b7d1c72753e70749 .avia_textblock{\nfont-size:18px;\ncolor:#282828;\n}\n<\/style>\n<section  class='av_textblock_section av-k674wuwe-6bc2e4715a521f82b7d1c72753e70749'  itemscope=\"itemscope\" itemtype=\"https:\/\/schema.org\/CreativeWork\" ><div class='avia_textblock av_inherit_color'  itemprop=\"text\" ><p style=\"text-align: center;\"><img alt=\"kodykar-tij-25-k160n\" loading=\"lazy\" decoding=\"async\" class=\"wp-image-7937 aligncenter\" src=\"https:\/\/es.kodyka.com\/wp-content\/uploads\/2020\/05\/2years-warrenty.jpg\" alt=\"\" width=\"180\" height=\"180\" srcset=\"https:\/\/kodyka.com\/wp-content\/uploads\/2020\/05\/2years-warrenty.jpg 250w, https:\/\/kodyka.com\/wp-content\/uploads\/2020\/05\/2years-warrenty-80x80.jpg 80w, https:\/\/kodyka.com\/wp-content\/uploads\/2020\/05\/2years-warrenty-36x36.jpg 36w, https:\/\/kodyka.com\/wp-content\/uploads\/2020\/05\/2years-warrenty-180x180.jpg 180w\" sizes=\"(max-width: 180px) 100vw, 180px\" \/>Le seul fabricant \u00e0 offrir une garantie de 2 ans<\/p>\n<\/div><\/section><\/div>\n<\/div><\/div><\/div><!-- close content main div --><\/div><\/div><\/div><div id='after_section_1'  class='main_color av_default_container_wrap container_wrap sidebar_right'  ><div class='container av-section-cont-open' ><div class='template-page content  av-content-small alpha units'><div class='post-entry post-entry-type-page post-entry-11256'><div class='entry-content-wrapper clearfix'><\/p>\n","protected":false},"excerpt":{"rendered":"","protected":false},"author":1,"featured_media":11234,"parent":7077,"menu_order":0,"comment_status":"closed","ping_status":"closed","template":"","meta":{"footnotes":""},"class_list":["post-11256","page","type-page","status-publish","has-post-thumbnail","hentry"],"_links":{"self":[{"href":"https:\/\/kodyka.com\/fr\/wp-json\/wp\/v2\/pages\/11256","targetHints":{"allow":["GET"]}}],"collection":[{"href":"https:\/\/kodyka.com\/fr\/wp-json\/wp\/v2\/pages"}],"about":[{"href":"https:\/\/kodyka.com\/fr\/wp-json\/wp\/v2\/types\/page"}],"author":[{"embeddable":true,"href":"https:\/\/kodyka.com\/fr\/wp-json\/wp\/v2\/users\/1"}],"replies":[{"embeddable":true,"href":"https:\/\/kodyka.com\/fr\/wp-json\/wp\/v2\/comments?post=11256"}],"version-history":[{"count":7,"href":"https:\/\/kodyka.com\/fr\/wp-json\/wp\/v2\/pages\/11256\/revisions"}],"predecessor-version":[{"id":16010,"href":"https:\/\/kodyka.com\/fr\/wp-json\/wp\/v2\/pages\/11256\/revisions\/16010"}],"up":[{"embeddable":true,"href":"https:\/\/kodyka.com\/fr\/wp-json\/wp\/v2\/pages\/7077"}],"wp:featuredmedia":[{"embeddable":true,"href":"https:\/\/kodyka.com\/fr\/wp-json\/wp\/v2\/media\/11234"}],"wp:attachment":[{"href":"https:\/\/kodyka.com\/fr\/wp-json\/wp\/v2\/media?parent=11256"}],"curies":[{"name":"wp","href":"https:\/\/api.w.org\/{rel}","templated":true}]}}