{"id":11952,"date":"2020-10-20T08:35:05","date_gmt":"2020-10-20T08:35:05","guid":{"rendered":"https:\/\/kodyka.com\/cookies-politics\/"},"modified":"2021-01-04T16:02:10","modified_gmt":"2021-01-04T16:02:10","slug":"cookies-politics","status":"publish","type":"page","link":"https:\/\/kodyka.com\/fr\/cookies-politics\/","title":{"rendered":"POLITIQUE DES COOKIES"},"content":{"rendered":"<section  class='av_textblock_section av-kghqbgxx-a2134acd77d240308baea9cc57481d43'  itemscope=\"itemscope\" itemtype=\"https:\/\/schema.org\/CreativeWork\" ><div class='avia_textblock'  itemprop=\"text\" ><h2>Cookie policy<\/h2>\n<\/div><\/section>\n<section  class='av_textblock_section av-kghppbej-c0e16772cd7ec283af8579639e4bd436'  itemscope=\"itemscope\" itemtype=\"https:\/\/schema.org\/CreativeWork\" ><div class='avia_textblock'  itemprop=\"text\" ><p>Par cette politique, Kodyka. en tant que responsable du domaine www.kodyka.com, offre \u00e0 l&#8217;utilisateur de la page des informations sur le traitement de ses donn\u00e9es que nous faisons par l&#8217;utilisation de &#8220;cookies&#8221; et\/ou de technologies similaires.<\/p>\n<p>Qu&#8217;est-ce qu&#8217;un Cookie ?<\/p>\n<p>Ce site web utilise des cookies et\/ou des technologies similaires qui stockent et r\u00e9cup\u00e8rent des informations lorsque vous naviguez. En g\u00e9n\u00e9ral, ces technologies peuvent servir \u00e0 de nombreuses fins diff\u00e9rentes, comme vous reconna\u00eetre en tant qu&#8217;utilisateur, obtenir des informations sur vos habitudes de navigation ou personnaliser la fa\u00e7on dont le contenu est affich\u00e9. Les utilisations sp\u00e9cifiques que nous faisons de ces technologies sont d\u00e9crites ci-dessous.<\/p>\n<p>Quels types de cookies utilisons-nous ?<\/p>\n<p>Les types de cookies suivants sont utilis\u00e9s sur ce site :<\/p>\n<p>Par le propri\u00e9taire :<\/p>\n<p>Cookies propres : sont ceux qui sont envoy\u00e9s \u00e0 l&#8217;\u00e9quipement terminal de l&#8217;utilisateur depuis un ordinateur ou un domaine g\u00e9r\u00e9 par l&#8217;\u00e9diteur lui-m\u00eame et \u00e0 partir duquel le service demand\u00e9 par l&#8217;utilisateur est fourni.<\/p>\n<p>Cookies de tiers : ce sont ceux qui sont envoy\u00e9s \u00e0 l&#8217;\u00e9quipement terminal de l&#8217;utilisateur depuis un ordinateur ou un domaine qui n&#8217;est pas g\u00e9r\u00e9 par l&#8217;\u00e9diteur, mais par une autre entit\u00e9 qui traite les donn\u00e9es obtenues par le biais des cookies<\/p>\n<p>Par but :<\/p>\n<p>Cookies techniques : sont ceux qui permettent \u00e0 l&#8217;utilisateur de naviguer sur une page web, une plate-forme ou une application et d&#8217;utiliser les diff\u00e9rentes options ou services qui y existent, y compris ceux que l&#8217;\u00e9diteur utilise pour permettre la gestion et le fonctionnement de la page web et pour activer ses fonctions et services.<\/p>\n<p>Cookies analytiques : sont ceux qui permettent \u00e0 la personne qui en est responsable de suivre et d&#8217;analyser le comportement des utilisateurs des sites web auxquels ils sont li\u00e9s, y compris la quantification des impacts des publicit\u00e9s. Les informations collect\u00e9es par ce type de cookies sont utilis\u00e9es pour mesurer l&#8217;activit\u00e9 des sites web, des applications ou des plateformes, afin d&#8217;introduire des am\u00e9liorations bas\u00e9es sur l&#8217;analyse des donn\u00e9es d&#8217;utilisation faites par les utilisateurs du service.<\/p>\n<p>Pour la dur\u00e9e de leur activit\u00e9 :<\/p>\n<p>Les cookies de session : sont ceux qui sont con\u00e7us pour collecter et stocker des donn\u00e9es pendant que l&#8217;utilisateur acc\u00e8de \u00e0 un site web. Ils sont g\u00e9n\u00e9ralement utilis\u00e9s pour stocker des informations qu&#8217;il n&#8217;est int\u00e9ressant de conserver que pour la fourniture du service demand\u00e9 par l&#8217;utilisateur \u00e0 une seule occasion (par exemple, une liste de produits achet\u00e9s) et disparaissent \u00e0 la fin de la session.<\/p>\n<p>Cookies persistants : sont ceux dans lesquels les donn\u00e9es sont encore stock\u00e9es dans le terminal et peuvent \u00eatre consult\u00e9es et trait\u00e9es pendant une p\u00e9riode d\u00e9finie par le responsable du cookie, qui peut aller de quelques minutes \u00e0 plusieurs ann\u00e9es.<\/p>\n<p>Traduit avec www.DeepL.com\/Translator (version gratuite)<\/p>\n<table>\n<tbody>\n<tr>\n<td width=\"140\">wp-wpml_current_language<\/td>\n<td width=\"128\">techniques<\/td>\n<td width=\"166\">This cookie is set by wpml . The cookie is used to change the language of the web pages, .<\/td>\n<td width=\"85\">kodyka.com<\/td>\n<td width=\"101\">1 Day<\/td>\n<\/tr>\n<\/tbody>\n<\/table>\n<p>(*)<\/p>\n<p>Fournisseurs non situ\u00e9s dans l&#8217;Union europ\u00e9enne ou dans des pays ayant une l\u00e9gislation \u00e9quivalente en mati\u00e8re de protection des donn\u00e9es<\/p>\n<p>Les informations extraites par ces cookies sont stock\u00e9es dans les serveurs de Google\/Youtube\/Facebook, situ\u00e9s aux \u00c9tats-Unis, un pays dont la l\u00e9gislation ne garantit pas un niveau de protection des donn\u00e9es ad\u00e9quat, \u00e0 la discr\u00e9tion des autorit\u00e9s europ\u00e9ennes. En acceptant l&#8217;utilisation de ces cookies, vous consentez \u00e9galement au transfert international de vos donn\u00e9es \u00e0 la soci\u00e9t\u00e9 Google\/Youtube\/Facebook aux \u00c9tats-Unis.<\/p>\n<p>Google est \u00e9galement affili\u00e9 \u00e0 l&#8217;outil Web Choices, \u00e0 partir duquel vous pouvez d\u00e9sactiver l&#8217;utilisation de vos cookies : http:\/\/optout.aboutads.info\/.<\/p>\n<p>Puis-je les d\u00e9sactiver ?<\/p>\n<p>Vous pouvez configurer votre navigateur pour qu&#8217;il refuse le stockage de cookies sur votre ordinateur.<\/p>\n<p>Pour d\u00e9sactiver les cookies de votre navigateur, vous pouvez trouver des informations sur la mani\u00e8re de le faire si vous l&#8217;utilisez comme navigateur :<\/p>\n<p>Firefox : <a href=\"http:\/\/support.mozilla.org\/es\/kb\/habilitar-y-deshabilitar-cookies-que-los-sitios-we\" target=\"_blank\" rel=\"noopener noreferrer\">http:\/\/support.mozilla.org\/es\/kb\/habilitar-y-deshabilitar-cookies-que-los-sitios-we<\/a><\/p>\n<p>Chrome : <a href=\"http:\/\/support.google.com\/chrome\/bin\/answer.py?hl=es&amp;answer=95647\" target=\"_blank\" rel=\"noopener noreferrer\">http:\/\/support.google.com\/chrome\/bin\/answer.py?hl=es&amp;answer=95647<\/a><\/p>\n<p>Explorer : <a href=\"https:\/\/support.microsoft.com\/es-es\/help\/17442\/windows-internet-explorer-delete-manage-cookies\" target=\"_blank\" rel=\"noopener noreferrer\">https:\/\/support.microsoft.com\/es-es\/help\/17442\/windows-internet-explorer-delete-manage-cookies<\/a><\/p>\n<p>Safari : <a href=\"http:\/\/support.apple.com\/kb\/ph5042\" target=\"_blank\" rel=\"noopener noreferrer\">http:\/\/support.apple.com\/kb\/ph5042<\/a><\/p>\n<p>Opera : <a href=\"http:\/\/help.opera.com\/Windows\/11.50\/es-ES\/cookies.html\" target=\"_blank\" rel=\"noopener noreferrer\">http:\/\/help.opera.com\/Windows\/11.50\/es-ES\/cookies.html<\/a><\/p>\n<p><u>\u00a0<\/u><\/p>\n<p>Plus d&#8217;informations<\/p>\n<p>Pour plus d&#8217;informations sur les questions relatives \u00e0 la vie priv\u00e9e et \u00e0 la protection de vos donn\u00e9es personnelles dont nous sommes satisfaits gr\u00e2ce \u00e0 cette politique de cookies, vous pouvez consulter notre politique en cliquant sur le lien suivant<\/p>\n<p><a href=\"https:\/\/fr.kodyka.com\/politica-privacidad\/\"> https:\/\/fr.kodyka.com\/politica-privacidad\/<\/a><\/p>\n<\/div><\/section>\n","protected":false},"excerpt":{"rendered":"","protected":false},"author":1,"featured_media":0,"parent":0,"menu_order":0,"comment_status":"closed","ping_status":"closed","template":"","meta":{"footnotes":""},"class_list":["post-11952","page","type-page","status-publish","hentry"],"_links":{"self":[{"href":"https:\/\/kodyka.com\/fr\/wp-json\/wp\/v2\/pages\/11952","targetHints":{"allow":["GET"]}}],"collection":[{"href":"https:\/\/kodyka.com\/fr\/wp-json\/wp\/v2\/pages"}],"about":[{"href":"https:\/\/kodyka.com\/fr\/wp-json\/wp\/v2\/types\/page"}],"author":[{"embeddable":true,"href":"https:\/\/kodyka.com\/fr\/wp-json\/wp\/v2\/users\/1"}],"replies":[{"embeddable":true,"href":"https:\/\/kodyka.com\/fr\/wp-json\/wp\/v2\/comments?post=11952"}],"version-history":[{"count":3,"href":"https:\/\/kodyka.com\/fr\/wp-json\/wp\/v2\/pages\/11952\/revisions"}],"predecessor-version":[{"id":11956,"href":"https:\/\/kodyka.com\/fr\/wp-json\/wp\/v2\/pages\/11952\/revisions\/11956"}],"wp:attachment":[{"href":"https:\/\/kodyka.com\/fr\/wp-json\/wp\/v2\/media?parent=11952"}],"curies":[{"name":"wp","href":"https:\/\/api.w.org\/{rel}","templated":true}]}}