{"id":14850,"date":"2023-01-16T19:25:30","date_gmt":"2023-01-16T19:25:30","guid":{"rendered":"https:\/\/kodyka.com\/impresoras-tto\/"},"modified":"2023-05-02T10:36:10","modified_gmt":"2023-05-02T10:36:10","slug":"imprimantes-tto","status":"publish","type":"page","link":"https:\/\/kodyka.com\/fr\/imprimantes-tto\/","title":{"rendered":"Imprimantes TTO"},"content":{"rendered":"\n<style type=\"text\/css\" data-created_by=\"avia_inline_auto\" id=\"style-css-av-7j786-2713921d9a87c3782db14d73bf73b321\">\n.flex_column.av-7j786-2713921d9a87c3782db14d73bf73b321{\n-webkit-border-radius:0px 0px 0px 0px;\n-moz-border-radius:0px 0px 0px 0px;\nborder-radius:0px 0px 0px 0px;\npadding:0px 0px 0px 0px;\n}\n<\/style>\n<div class='flex_column av-7j786-2713921d9a87c3782db14d73bf73b321 av_one_full  avia-builder-el-0  el_before_av_three_fifth  avia-builder-el-first  first flex_column_div av-zero-column-padding '     ><style type=\"text\/css\" data-created_by=\"avia_inline_auto\" id=\"style-css-av-k6hpcmvu-6729beb61d414cb64d56d8481838493a\">\n#top .av_textblock_section.av-k6hpcmvu-6729beb61d414cb64d56d8481838493a .avia_textblock{\nfont-size:20px;\n}\n<\/style>\n<section  class='av_textblock_section av-k6hpcmvu-6729beb61d414cb64d56d8481838493a'  itemscope=\"itemscope\" itemtype=\"https:\/\/schema.org\/CreativeWork\" ><div class='avia_textblock'  itemprop=\"text\" ><h1 style=\"text-align: center;\">Imprimantes TTO<\/h1>\n<p style=\"text-align: center;\">Surimpression par transfert thermique<\/p>\n<\/div><\/section><\/div>\n\n<style type=\"text\/css\" data-created_by=\"avia_inline_auto\" id=\"style-css-av-tkjer-aa5fa90e7f19811ad21ff53a4e21ced0\">\n.flex_column.av-tkjer-aa5fa90e7f19811ad21ff53a4e21ced0{\n-webkit-border-radius:0px 0px 0px 0px;\n-moz-border-radius:0px 0px 0px 0px;\nborder-radius:0px 0px 0px 0px;\npadding:0px 0px 0px 0px;\n}\n<\/style>\n<div class='flex_column av-tkjer-aa5fa90e7f19811ad21ff53a4e21ced0 av_three_fifth  avia-builder-el-2  el_after_av_one_full  el_before_av_two_fifth  first flex_column_div av-zero-column-padding column-top-margin'     ><style type=\"text\/css\" data-created_by=\"avia_inline_auto\" id=\"style-css-av-kj8f4s7m-f784a5e065d7158b2b0483f353b3ad0f\">\n.avia-image-container.av-kj8f4s7m-f784a5e065d7158b2b0483f353b3ad0f img.avia_image{\nbox-shadow:none;\n}\n.avia-image-container.av-kj8f4s7m-f784a5e065d7158b2b0483f353b3ad0f .av-image-caption-overlay-center{\ncolor:#ffffff;\n}\n<\/style>\n<div  class='avia-image-container av-kj8f4s7m-f784a5e065d7158b2b0483f353b3ad0f av-styling- avia-align-center  avia-builder-el-3  avia-builder-el-no-sibling '   itemprop=\"image\" itemscope=\"itemscope\" itemtype=\"https:\/\/schema.org\/ImageObject\" ><div class=\"avia-image-container-inner\"><div class=\"avia-image-overlay-wrap\"><img alt=\"kodykar-tij-25-imprimantes-tto\" fetchpriority=\"high\" fetchpriority=\"high\" decoding=\"async\" class='wp-image-15085 avia-img-lazy-loading-not-15085 avia_image ' src=\"https:\/\/kodyka.com\/wp-content\/uploads\/2023\/05\/tto-kodyka.jpg\" alt='Printers TTO' title='tto kodyka'  height=\"589\" width=\"1000\"  itemprop=\"thumbnailUrl\" srcset=\"https:\/\/kodyka.com\/wp-content\/uploads\/2023\/05\/tto-kodyka.jpg 1000w, https:\/\/kodyka.com\/wp-content\/uploads\/2023\/05\/tto-kodyka-300x177.jpg 300w, https:\/\/kodyka.com\/wp-content\/uploads\/2023\/05\/tto-kodyka-768x452.jpg 768w, https:\/\/kodyka.com\/wp-content\/uploads\/2023\/05\/tto-kodyka-705x415.jpg 705w\" sizes=\"(max-width: 1000px) 100vw, 1000px\" \/><\/div><\/div><\/div><\/div>\n<style type=\"text\/css\" data-created_by=\"avia_inline_auto\" id=\"style-css-av-tkjer-1f02850fcce2683851b75b294c4b6822\">\n.flex_column.av-tkjer-1f02850fcce2683851b75b294c4b6822{\n-webkit-border-radius:0px 0px 0px 0px;\n-moz-border-radius:0px 0px 0px 0px;\nborder-radius:0px 0px 0px 0px;\npadding:40px 10px 40px 40px;\n}\n<\/style>\n<div class='flex_column av-tkjer-1f02850fcce2683851b75b294c4b6822 av_two_fifth  avia-builder-el-4  el_after_av_three_fifth  el_before_av_image  flex_column_div column-top-margin'     ><section  class='av_textblock_section av-k6hq0wtk-b79195b08abe92e3e1805928e79e3ff5'  itemscope=\"itemscope\" itemtype=\"https:\/\/schema.org\/CreativeWork\" ><div class='avia_textblock'  itemprop=\"text\" ><h2>Impression de haute qualit\u00e9 constante sur les films et feuilles d&#8217;emballage souples.<\/h2>\n<\/div><\/section><br \/>\n\n<style type=\"text\/css\" data-created_by=\"avia_inline_auto\" id=\"style-css-av-lcoqbwkp-0aecf5551bc9bd634b51f50f9fa3f4d7\">\n#top .hr.hr-invisible.av-lcoqbwkp-0aecf5551bc9bd634b51f50f9fa3f4d7{\nheight:30px;\n}\n<\/style>\n<div  class='hr av-lcoqbwkp-0aecf5551bc9bd634b51f50f9fa3f4d7 hr-invisible  avia-builder-el-6  el_after_av_textblock  el_before_av_textblock '><span class='hr-inner '><span class=\"hr-inner-style\"><\/span><\/span><\/div><br \/>\n<section  class='av_textblock_section av-leqb7nrn-0e09b376636c6a065a4b572d4c462bf9'  itemscope=\"itemscope\" itemtype=\"https:\/\/schema.org\/CreativeWork\" ><div class='avia_textblock'  itemprop=\"text\" ><p>La s\u00e9rie de machines de surimpression par transfert thermique, ou TTO, est une technologie d&#8217;impression num\u00e9rique qui a \u00e9t\u00e9 d\u00e9velopp\u00e9e sp\u00e9cifiquement pour \u00eatre utilis\u00e9e avec des mat\u00e9riaux souples, ce qui la rend parfaitement adapt\u00e9e \u00e0 ce processus, alors que d&#8217;autres m\u00e9thodes de codage ont des utilisations multiples<\/p>\n<p>Elles sont g\u00e9n\u00e9ralement int\u00e9gr\u00e9es \u00e0 des \u00e9quipements d&#8217;emballage et de traitement tels que des \u00e9tiqueteuses, des operculeuses, des emballeuses et des ensacheuses. Con\u00e7ues pour un codage clair et pr\u00e9cis, nos imprimantes offrent des r\u00e9solutions \u00e9lev\u00e9es \u00e0 une vitesse rapide.<\/p>\n<p>Nos imprimantes vous permettent d&#8217;imprimer des codes nets et de haute qualit\u00e9 sur n&#8217;importe quel type d&#8217;emballage en film souple, de sacs, de plateaux, d&#8217;enveloppes, d&#8217;emballages sous vide ou d&#8217;\u00e9tiquettes.<\/p>\n<\/div><\/section><\/p><\/div><\/p>\n\n<style type=\"text\/css\" data-created_by=\"avia_inline_auto\" id=\"style-css-av-ka07s4rp-2cc07d4e7ba3f6830a3e3b5f1b3e6126\">\n.avia-image-container.av-ka07s4rp-2cc07d4e7ba3f6830a3e3b5f1b3e6126 img.avia_image{\nbox-shadow:none;\n}\n.avia-image-container.av-ka07s4rp-2cc07d4e7ba3f6830a3e3b5f1b3e6126 .av-image-caption-overlay-center{\ncolor:#ffffff;\n}\n<\/style>\n<div  class='avia-image-container av-ka07s4rp-2cc07d4e7ba3f6830a3e3b5f1b3e6126 av-styling- avia-align-center  avia-builder-el-8  el_after_av_two_fifth  el_before_av_hr '   itemprop=\"image\" itemscope=\"itemscope\" itemtype=\"https:\/\/schema.org\/ImageObject\" ><div class=\"avia-image-container-inner\"><div class=\"avia-image-overlay-wrap\"><a href=\"https:\/\/kodyka.com\/wp-content\/uploads\/2023\/05\/tto-kodyka-2.jpg\" data-srcset=\"https:\/\/kodyka.com\/wp-content\/uploads\/2023\/05\/tto-kodyka-2.jpg 1000w, https:\/\/kodyka.com\/wp-content\/uploads\/2023\/05\/tto-kodyka-2-300x143.jpg 300w, https:\/\/kodyka.com\/wp-content\/uploads\/2023\/05\/tto-kodyka-2-768x367.jpg 768w, https:\/\/kodyka.com\/wp-content\/uploads\/2023\/05\/tto-kodyka-2-705x337.jpg 705w\" data-sizes=\"(max-width: 1000px) 100vw, 1000px\" class='avia_image' ><img alt=\"kodykar-tij-25-imprimantes-tto\" decoding=\"async\" class='wp-image-15096 avia-img-lazy-loading-not-15096 avia_image ' src=\"https:\/\/kodyka.com\/wp-content\/uploads\/2023\/05\/tto-kodyka-2.jpg\" alt='Printers TTO' title='tto kodyka 2'  height=\"478\" width=\"1000\"  itemprop=\"thumbnailUrl\" srcset=\"https:\/\/kodyka.com\/wp-content\/uploads\/2023\/05\/tto-kodyka-2.jpg 1000w, https:\/\/kodyka.com\/wp-content\/uploads\/2023\/05\/tto-kodyka-2-300x143.jpg 300w, https:\/\/kodyka.com\/wp-content\/uploads\/2023\/05\/tto-kodyka-2-768x367.jpg 768w, https:\/\/kodyka.com\/wp-content\/uploads\/2023\/05\/tto-kodyka-2-705x337.jpg 705w\" sizes=\"(max-width: 1000px) 100vw, 1000px\" \/><\/a><\/div><\/div><\/div>\n\n<style type=\"text\/css\" data-created_by=\"avia_inline_auto\" id=\"style-css-av-lcoqbwkp-7466859144d9a876858b2739a0f44cbe\">\n#top .hr.hr-invisible.av-lcoqbwkp-7466859144d9a876858b2739a0f44cbe{\nheight:80px;\n}\n<\/style>\n<div  class='hr av-lcoqbwkp-7466859144d9a876858b2739a0f44cbe hr-invisible  avia-builder-el-9  el_after_av_image  el_before_av_one_half '><span class='hr-inner '><span class=\"hr-inner-style\"><\/span><\/span><\/div>\n\n<style type=\"text\/css\" data-created_by=\"avia_inline_auto\" id=\"style-css-av-7qji6-65fe73cb758754a8938e917b689ec07f\">\n.flex_column.av-7qji6-65fe73cb758754a8938e917b689ec07f{\n-webkit-border-radius:0px 0px 0px 0px;\n-moz-border-radius:0px 0px 0px 0px;\nborder-radius:0px 0px 0px 0px;\npadding:0px 0px 0px 0px;\n}\n<\/style>\n<div class='flex_column av-7qji6-65fe73cb758754a8938e917b689ec07f av_one_half  avia-builder-el-10  el_after_av_hr  el_before_av_one_half  first flex_column_div av-zero-column-padding '     ><section  class='av_textblock_section av-k6hq0wtk-b79195b08abe92e3e1805928e79e3ff5'  itemscope=\"itemscope\" itemtype=\"https:\/\/schema.org\/CreativeWork\" ><div class='avia_textblock'  itemprop=\"text\" ><h3><span style=\"color: #05c102;\">Plus professionnel<br \/>\n<\/span><\/h3>\n<\/div><\/section><\/div>\n\n<style type=\"text\/css\" data-created_by=\"avia_inline_auto\" id=\"style-css-av-7qji6-75345ae8e91248a5586f6e735f155039\">\n.flex_column.av-7qji6-75345ae8e91248a5586f6e735f155039{\n-webkit-border-radius:0px 0px 0px 0px;\n-moz-border-radius:0px 0px 0px 0px;\nborder-radius:0px 0px 0px 0px;\npadding:0px 0px 0px 0px;\n}\n<\/style>\n<div class='flex_column av-7qji6-75345ae8e91248a5586f6e735f155039 av_one_half  avia-builder-el-12  el_after_av_one_half  el_before_av_two_fifth  flex_column_div av-zero-column-padding '     ><\/div>\n\n<style type=\"text\/css\" data-created_by=\"avia_inline_auto\" id=\"style-css-av-57cv6-f9d4a2ddfb3639bf0e5690df4e649ec1\">\n.flex_column.av-57cv6-f9d4a2ddfb3639bf0e5690df4e649ec1{\n-webkit-border-radius:0px 0px 0px 0px;\n-moz-border-radius:0px 0px 0px 0px;\nborder-radius:0px 0px 0px 0px;\npadding:0px 0px 0px 0px;\n}\n<\/style>\n<div class='flex_column av-57cv6-f9d4a2ddfb3639bf0e5690df4e649ec1 av_two_fifth  avia-builder-el-13  el_after_av_one_half  el_before_av_three_fifth  first flex_column_div av-zero-column-padding column-top-margin'     ><style type=\"text\/css\" data-created_by=\"avia_inline_auto\" id=\"style-css-av-ka07s4rp-739d83502c631bbb991c98bd32c51968\">\n.avia-image-container.av-ka07s4rp-739d83502c631bbb991c98bd32c51968 img.avia_image{\nbox-shadow:none;\n}\n.avia-image-container.av-ka07s4rp-739d83502c631bbb991c98bd32c51968 .av-image-caption-overlay-center{\ncolor:#ffffff;\n}\n<\/style>\n<div  class='avia-image-container av-ka07s4rp-739d83502c631bbb991c98bd32c51968 av-styling- avia-align-center  avia-builder-el-14  avia-builder-el-no-sibling '   itemprop=\"image\" itemscope=\"itemscope\" itemtype=\"https:\/\/schema.org\/ImageObject\" ><div class=\"avia-image-container-inner\"><div class=\"avia-image-overlay-wrap\"><a href=\"https:\/\/kodyka.com\/wp-content\/uploads\/2023\/03\/print-tto-1030x864.jpg\" data-srcset=\"https:\/\/kodyka.com\/wp-content\/uploads\/2023\/03\/print-tto-1030x864.jpg 1030w, https:\/\/kodyka.com\/wp-content\/uploads\/2023\/03\/print-tto-300x252.jpg 300w, https:\/\/kodyka.com\/wp-content\/uploads\/2023\/03\/print-tto-768x644.jpg 768w, https:\/\/kodyka.com\/wp-content\/uploads\/2023\/03\/print-tto-705x592.jpg 705w, https:\/\/kodyka.com\/wp-content\/uploads\/2023\/03\/print-tto.jpg 1410w\" data-sizes=\"(max-width: 1030px) 100vw, 1030px\" class='avia_image' ><img alt=\"kodykar-tij-25-imprimantes-tto\" loading=\"lazy\" loading=\"lazy\" decoding=\"async\" class='wp-image-14703 avia-img-lazy-loading-not-14703 avia_image ' src=\"https:\/\/kodyka.com\/wp-content\/uploads\/2023\/03\/print-tto.jpg\" alt='Printers TTO' title='print tto'  height=\"1183\" width=\"1410\"  itemprop=\"thumbnailUrl\" srcset=\"https:\/\/kodyka.com\/wp-content\/uploads\/2023\/03\/print-tto.jpg 1410w, https:\/\/kodyka.com\/wp-content\/uploads\/2023\/03\/print-tto-300x252.jpg 300w, https:\/\/kodyka.com\/wp-content\/uploads\/2023\/03\/print-tto-1030x864.jpg 1030w, https:\/\/kodyka.com\/wp-content\/uploads\/2023\/03\/print-tto-768x644.jpg 768w, https:\/\/kodyka.com\/wp-content\/uploads\/2023\/03\/print-tto-705x592.jpg 705w\" sizes=\"auto, (max-width: 1410px) 100vw, 1410px\" \/><\/a><\/div><\/div><\/div><\/div>\n\n<style type=\"text\/css\" data-created_by=\"avia_inline_auto\" id=\"style-css-av-57cv6-1c608dfb1cb397f4d50d93145b15ed48\">\n.flex_column.av-57cv6-1c608dfb1cb397f4d50d93145b15ed48{\n-webkit-border-radius:0px 0px 0px 0px;\n-moz-border-radius:0px 0px 0px 0px;\nborder-radius:0px 0px 0px 0px;\npadding:0px 0px 0px 0px;\n}\n<\/style>\n<div class='flex_column av-57cv6-1c608dfb1cb397f4d50d93145b15ed48 av_three_fifth  avia-builder-el-15  el_after_av_two_fifth  avia-builder-el-last  flex_column_div av-zero-column-padding column-top-margin'     ><style type=\"text\/css\" data-created_by=\"avia_inline_auto\" id=\"style-css-av-ka07s4rp-dcf5541066552fef7c29707e5d57b4b5\">\n.avia-image-container.av-ka07s4rp-dcf5541066552fef7c29707e5d57b4b5 img.avia_image{\nbox-shadow:none;\n}\n.avia-image-container.av-ka07s4rp-dcf5541066552fef7c29707e5d57b4b5 .av-image-caption-overlay-center{\ncolor:#ffffff;\n}\n<\/style>\n<div  class='avia-image-container av-ka07s4rp-dcf5541066552fef7c29707e5d57b4b5 av-styling- avia-align-center  avia-builder-el-16  avia-builder-el-no-sibling '   itemprop=\"image\" itemscope=\"itemscope\" itemtype=\"https:\/\/schema.org\/ImageObject\" ><div class=\"avia-image-container-inner\"><div class=\"avia-image-overlay-wrap\"><a href=\"https:\/\/kodyka.com\/wp-content\/uploads\/2023\/03\/printers-tto-1030x567.jpg\" data-srcset=\"https:\/\/kodyka.com\/wp-content\/uploads\/2023\/03\/printers-tto-1030x567.jpg 1030w, https:\/\/kodyka.com\/wp-content\/uploads\/2023\/03\/printers-tto-300x165.jpg 300w, https:\/\/kodyka.com\/wp-content\/uploads\/2023\/03\/printers-tto-768x423.jpg 768w, https:\/\/kodyka.com\/wp-content\/uploads\/2023\/03\/printers-tto-705x388.jpg 705w, https:\/\/kodyka.com\/wp-content\/uploads\/2023\/03\/printers-tto.jpg 1360w\" data-sizes=\"(max-width: 1030px) 100vw, 1030px\" class='avia_image' ><img alt=\"kodykar-tij-25-imprimantes-tto\" loading=\"lazy\" loading=\"lazy\" decoding=\"async\" class='wp-image-14714 avia-img-lazy-loading-not-14714 avia_image ' src=\"https:\/\/kodyka.com\/wp-content\/uploads\/2023\/03\/printers-tto.jpg\" alt='Printers TTO' title='printers tto'  height=\"749\" width=\"1360\"  itemprop=\"thumbnailUrl\" srcset=\"https:\/\/kodyka.com\/wp-content\/uploads\/2023\/03\/printers-tto.jpg 1360w, https:\/\/kodyka.com\/wp-content\/uploads\/2023\/03\/printers-tto-300x165.jpg 300w, https:\/\/kodyka.com\/wp-content\/uploads\/2023\/03\/printers-tto-1030x567.jpg 1030w, https:\/\/kodyka.com\/wp-content\/uploads\/2023\/03\/printers-tto-768x423.jpg 768w, https:\/\/kodyka.com\/wp-content\/uploads\/2023\/03\/printers-tto-705x388.jpg 705w\" sizes=\"auto, (max-width: 1360px) 100vw, 1360px\" \/><\/a><\/div><\/div><\/div><\/div>\n","protected":false},"excerpt":{"rendered":"","protected":false},"author":1,"featured_media":15085,"parent":0,"menu_order":0,"comment_status":"closed","ping_status":"closed","template":"","meta":{"footnotes":""},"class_list":["post-14850","page","type-page","status-publish","has-post-thumbnail","hentry"],"_links":{"self":[{"href":"https:\/\/kodyka.com\/fr\/wp-json\/wp\/v2\/pages\/14850","targetHints":{"allow":["GET"]}}],"collection":[{"href":"https:\/\/kodyka.com\/fr\/wp-json\/wp\/v2\/pages"}],"about":[{"href":"https:\/\/kodyka.com\/fr\/wp-json\/wp\/v2\/types\/page"}],"author":[{"embeddable":true,"href":"https:\/\/kodyka.com\/fr\/wp-json\/wp\/v2\/users\/1"}],"replies":[{"embeddable":true,"href":"https:\/\/kodyka.com\/fr\/wp-json\/wp\/v2\/comments?post=14850"}],"version-history":[{"count":2,"href":"https:\/\/kodyka.com\/fr\/wp-json\/wp\/v2\/pages\/14850\/revisions"}],"predecessor-version":[{"id":15105,"href":"https:\/\/kodyka.com\/fr\/wp-json\/wp\/v2\/pages\/14850\/revisions\/15105"}],"wp:featuredmedia":[{"embeddable":true,"href":"https:\/\/kodyka.com\/fr\/wp-json\/wp\/v2\/media\/15085"}],"wp:attachment":[{"href":"https:\/\/kodyka.com\/fr\/wp-json\/wp\/v2\/media?parent=14850"}],"curies":[{"name":"wp","href":"https:\/\/api.w.org\/{rel}","templated":true}]}}