{"id":14885,"date":"2023-01-16T19:26:07","date_gmt":"2023-01-16T19:26:07","guid":{"rendered":"https:\/\/kodyka.com\/ribbon\/"},"modified":"2023-03-07T19:20:57","modified_gmt":"2023-03-07T19:20:57","slug":"ruban","status":"publish","type":"page","link":"https:\/\/kodyka.com\/fr\/ruban\/","title":{"rendered":"Ruban"},"content":{"rendered":"<section  class='av_textblock_section av-le6abthm-beca57adb6512cf55ad6aeeb290e58bb'  itemscope=\"itemscope\" itemtype=\"https:\/\/schema.org\/CreativeWork\" ><div class='avia_textblock'  itemprop=\"text\" ><h2 style=\"text-align: center;\">Ruban<\/h2>\n<\/div><\/section>\n\n<style type=\"text\/css\" data-created_by=\"avia_inline_auto\" id=\"style-css-av-18ajf14-d88911493ae2706d1e395b8b518e93f9\">\n.flex_column.av-18ajf14-d88911493ae2706d1e395b8b518e93f9{\n-webkit-border-radius:0px 0px 0px 0px;\n-moz-border-radius:0px 0px 0px 0px;\nborder-radius:0px 0px 0px 0px;\npadding:0px 0px 0px 0px;\n}\n<\/style>\n<div class='flex_column av-18ajf14-d88911493ae2706d1e395b8b518e93f9 av_one_fifth  avia-builder-el-1  el_after_av_textblock  el_before_av_three_fifth  first flex_column_div av-zero-column-padding column-top-margin'     ><\/div>\n\n<style type=\"text\/css\" data-created_by=\"avia_inline_auto\" id=\"style-css-av-jpc4t4-3c58b538cfa6f320e2a9c08e0af95633\">\n.flex_column.av-jpc4t4-3c58b538cfa6f320e2a9c08e0af95633{\n-webkit-border-radius:0px 0px 0px 0px;\n-moz-border-radius:0px 0px 0px 0px;\nborder-radius:0px 0px 0px 0px;\npadding:0px 0px 0px 0px;\n}\n<\/style>\n<div class='flex_column av-jpc4t4-3c58b538cfa6f320e2a9c08e0af95633 av_three_fifth  avia-builder-el-2  el_after_av_one_fifth  el_before_av_one_third  flex_column_div av-zero-column-padding column-top-margin'     ><style type=\"text\/css\" data-created_by=\"avia_inline_auto\" id=\"style-css-av-le6ab8c5-bb05948ab53e516b9c5dd24fde63df47\">\n.avia-image-container.av-le6ab8c5-bb05948ab53e516b9c5dd24fde63df47 img.avia_image{\nbox-shadow:none;\n}\n.avia-image-container.av-le6ab8c5-bb05948ab53e516b9c5dd24fde63df47 .av-image-caption-overlay-center{\ncolor:#ffffff;\n}\n<\/style>\n<div  class='avia-image-container av-le6ab8c5-bb05948ab53e516b9c5dd24fde63df47 av-styling- avia-align-center  avia-builder-el-3  avia-builder-el-no-sibling '   itemprop=\"image\" itemscope=\"itemscope\" itemtype=\"https:\/\/schema.org\/ImageObject\" ><div class=\"avia-image-container-inner\"><div class=\"avia-image-overlay-wrap\"><img alt=\"kodykar-tij-25-ruban\" fetchpriority=\"high\" fetchpriority=\"high\" decoding=\"async\" class='wp-image-14338 avia-img-lazy-loading-not-14338 avia_image ' src=\"https:\/\/kodyka.com\/wp-content\/uploads\/2023\/02\/ribbon-tto.jpg\" alt='ribbon tto' title='ribbon tto'  height=\"700\" width=\"1200\"  itemprop=\"thumbnailUrl\" srcset=\"https:\/\/kodyka.com\/wp-content\/uploads\/2023\/02\/ribbon-tto.jpg 1200w, https:\/\/kodyka.com\/wp-content\/uploads\/2023\/02\/ribbon-tto-300x175.jpg 300w, https:\/\/kodyka.com\/wp-content\/uploads\/2023\/02\/ribbon-tto-1030x601.jpg 1030w, https:\/\/kodyka.com\/wp-content\/uploads\/2023\/02\/ribbon-tto-768x448.jpg 768w, https:\/\/kodyka.com\/wp-content\/uploads\/2023\/02\/ribbon-tto-705x411.jpg 705w\" sizes=\"(max-width: 1200px) 100vw, 1200px\" \/><\/div><\/div><\/div><\/div>\n\n<style type=\"text\/css\" data-created_by=\"avia_inline_auto\" id=\"style-css-av-1l3cx94-318d302a00d8b0a842c6c7519a0316bf\">\n.flex_column.av-1l3cx94-318d302a00d8b0a842c6c7519a0316bf{\n-webkit-border-radius:0px 0px 0px 0px;\n-moz-border-radius:0px 0px 0px 0px;\nborder-radius:0px 0px 0px 0px;\npadding:0px 0px 0px 0px;\n}\n<\/style>\n<div class='flex_column av-1l3cx94-318d302a00d8b0a842c6c7519a0316bf av_one_third  avia-builder-el-4  el_after_av_three_fifth  el_before_av_one_third  first flex_column_div av-zero-column-padding '     ><section  class='av_textblock_section av-le6a2c8x-4f185fa28fced734faef6be31473f94a'  itemscope=\"itemscope\" itemtype=\"https:\/\/schema.org\/CreativeWork\" ><div class='avia_textblock'  itemprop=\"text\" ><h3>Rubans thermiques en cire<\/h3>\n<p>Les rubans thermiques en cire sont les plus \u00e9conomiques de la gamme des rubans thermiques et conviennent \u00e0 l&#8217;impression g\u00e9n\u00e9rale sur papier. Bien que cette gamme soit peu co\u00fbteuse, elle offre une r\u00e9sistance sup\u00e9rieure \u00e0 l&#8217;abrasion et une excellente qualit\u00e9 d&#8217;impression sur les codes-barres normaux et rotatifs, sur papier couch\u00e9 et non couch\u00e9.<\/p>\n<p>Le taux \u00e9lev\u00e9 de cire dans la formulation signifie que ces rubans ont un point de fusion plus bas, ce qui permet d&#8217;utiliser un r\u00e9glage de chaleur plus faible sur l&#8217;imprimante et d&#8217;atteindre des vitesses d&#8217;impression \u00e9lev\u00e9es.<\/p>\n<p>Les rubans de cire sont recommand\u00e9s pour des applications et des utilisations telles que les \u00e9tiquettes couch\u00e9es et non couch\u00e9es, l&#8217;\u00e9tiquetage g\u00e9n\u00e9ral, les \u00e9tiquettes d&#8217;exp\u00e9dition, l&#8217;\u00e9tiquetage des cartons, les \u00e9tiquettes de vente au d\u00e9tail, les applications d&#8217;impression et d&#8217;application.<\/p>\n<\/div><\/section><\/div>\n<style type=\"text\/css\" data-created_by=\"avia_inline_auto\" id=\"style-css-av-1917mxk-6fe8b23921d10fb34ecf8a2a278435d7\">\n.flex_column.av-1917mxk-6fe8b23921d10fb34ecf8a2a278435d7{\n-webkit-border-radius:0px 0px 0px 0px;\n-moz-border-radius:0px 0px 0px 0px;\nborder-radius:0px 0px 0px 0px;\npadding:0px 0px 0px 0px;\n}\n<\/style>\n<div class='flex_column av-1917mxk-6fe8b23921d10fb34ecf8a2a278435d7 av_one_third  avia-builder-el-6  el_after_av_one_third  el_before_av_one_third  flex_column_div av-zero-column-padding '     ><section  class='av_textblock_section av-le6a2c8x-4f185fa28fced734faef6be31473f94a'  itemscope=\"itemscope\" itemtype=\"https:\/\/schema.org\/CreativeWork\" ><div class='avia_textblock'  itemprop=\"text\" ><h3>Rubans thermiques cire-r\u00e9sine<\/h3>\n<p>Les rubans thermiques cire-r\u00e9sine conviennent aux \u00e9tiquettes n\u00e9cessitant une longue dur\u00e9e de vie et permettent d&#8217;obtenir une image plus fine sur les \u00e9tiquettes en papier tr\u00e8s lisse ou couch\u00e9 et brillant, ainsi que sur certains supports synth\u00e9tiques. L&#8217;image imprim\u00e9e par un ruban cire-r\u00e9sine est plus durable que la cire, ce qui lui conf\u00e8re une r\u00e9sistance sup\u00e9rieure aux taches et aux rayures, ainsi qu&#8217;une excellente r\u00e9sistance aux \u00e9raflures et aux frottements, qui peuvent \u00eatre un probl\u00e8me courant dans le domaine du fret.<\/p>\n<p>Les applications et utilisations recommand\u00e9es pour les rubans cire-r\u00e9sine sont les suivantes : impression \u00e0 grande vitesse, \u00e9tiquetage d&#8217;\u00e9tag\u00e8res et de bacs, \u00e9tiquetage de tambours, \u00e9tiquetage de marquage de pi\u00e8ces et \u00e9tiquettes \u00e0 haute brillance.<\/p>\n<\/div><\/section><\/div>\n<style type=\"text\/css\" data-created_by=\"avia_inline_auto\" id=\"style-css-av-w45ybc-1d3c7f1fac501138f3e06af6c58d2e57\">\n.flex_column.av-w45ybc-1d3c7f1fac501138f3e06af6c58d2e57{\n-webkit-border-radius:0px 0px 0px 0px;\n-moz-border-radius:0px 0px 0px 0px;\nborder-radius:0px 0px 0px 0px;\npadding:0px 0px 0px 0px;\n}\n<\/style>\n<div class='flex_column av-w45ybc-1d3c7f1fac501138f3e06af6c58d2e57 av_one_third  avia-builder-el-8  el_after_av_one_third  avia-builder-el-last  flex_column_div av-zero-column-padding '     ><section  class='av_textblock_section av-le6a2c8x-4f185fa28fced734faef6be31473f94a'  itemscope=\"itemscope\" itemtype=\"https:\/\/schema.org\/CreativeWork\" ><div class='avia_textblock'  itemprop=\"text\" ><h3>Rubans thermiques en r\u00e9sine<\/h3>\n<p>Les rubans enti\u00e8rement en r\u00e9sine offrent d&#8217;excellentes performances en produisant des \u00e9tiquettes avec une impression nette et claire. Les rubans en r\u00e9sine s&#8217;adaptent parfaitement aux environnements difficiles tels que les applications corrosives, les temp\u00e9ratures \u00e9lev\u00e9es, les applications UV, l&#8217;humidit\u00e9, l&#8217;abrasion et les applications exigeantes.<\/p>\n<p>Les applications et utilisations recommand\u00e9es pour les rubans en r\u00e9sine sont les suivantes : \u00e9tiquettes tr\u00e8s brillantes et \u00e9tiquettes synth\u00e9tiques, applications extr\u00eames telles que l&#8217;\u00e9tiquetage de f\u00fbts dangereux, \u00e9tiquettes n\u00e9cessitant une longue dur\u00e9e de vie et tous les types d&#8217;\u00e9tiquetage ext\u00e9rieur exigeant une grande durabilit\u00e9.<\/p>\n<\/div><\/section><\/div><\/p>\n","protected":false},"excerpt":{"rendered":"","protected":false},"author":1,"featured_media":0,"parent":0,"menu_order":0,"comment_status":"closed","ping_status":"closed","template":"","meta":{"footnotes":""},"class_list":["post-14885","page","type-page","status-publish","hentry"],"_links":{"self":[{"href":"https:\/\/kodyka.com\/fr\/wp-json\/wp\/v2\/pages\/14885","targetHints":{"allow":["GET"]}}],"collection":[{"href":"https:\/\/kodyka.com\/fr\/wp-json\/wp\/v2\/pages"}],"about":[{"href":"https:\/\/kodyka.com\/fr\/wp-json\/wp\/v2\/types\/page"}],"author":[{"embeddable":true,"href":"https:\/\/kodyka.com\/fr\/wp-json\/wp\/v2\/users\/1"}],"replies":[{"embeddable":true,"href":"https:\/\/kodyka.com\/fr\/wp-json\/wp\/v2\/comments?post=14885"}],"version-history":[{"count":2,"href":"https:\/\/kodyka.com\/fr\/wp-json\/wp\/v2\/pages\/14885\/revisions"}],"predecessor-version":[{"id":14887,"href":"https:\/\/kodyka.com\/fr\/wp-json\/wp\/v2\/pages\/14885\/revisions\/14887"}],"wp:attachment":[{"href":"https:\/\/kodyka.com\/fr\/wp-json\/wp\/v2\/media?parent=14885"}],"curies":[{"name":"wp","href":"https:\/\/api.w.org\/{rel}","templated":true}]}}