{"id":6529,"date":"2020-03-31T10:11:53","date_gmt":"2020-03-31T10:11:53","guid":{"rendered":"https:\/\/kodyka.com\/about-us\/"},"modified":"2025-03-23T23:40:03","modified_gmt":"2025-03-23T23:40:03","slug":"a-propos-de-nous","status":"publish","type":"page","link":"https:\/\/kodyka.com\/fr\/a-propos-de-nous\/","title":{"rendered":"\u00c0 propos de nous"},"content":{"rendered":"\n<style type=\"text\/css\" data-created_by=\"avia_inline_auto\" id=\"style-css-av-k8yrcb3b-80901ebe24dc054fff9da5830d09cde4\">\n#top .av_textblock_section.av-k8yrcb3b-80901ebe24dc054fff9da5830d09cde4 .avia_textblock{\nfont-size:20px;\n}\n<\/style>\n<section  class='av_textblock_section av-k8yrcb3b-80901ebe24dc054fff9da5830d09cde4'  itemscope=\"itemscope\" itemtype=\"https:\/\/schema.org\/CreativeWork\" ><div class='avia_textblock'  itemprop=\"text\" ><h1 style=\"text-align: center;\">\u00c0 propos de nous<\/h1>\n<h2 style=\"text-align: center;\">Fabrication et distribution INKJET<\/h2>\n<\/div><\/section>\n\n<style type=\"text\/css\" data-created_by=\"avia_inline_auto\" id=\"style-css-av-1krqr-c211092d498bfe54263914a7720e85bc\">\n.flex_column.av-1krqr-c211092d498bfe54263914a7720e85bc{\n-webkit-border-radius:0px 0px 0px 0px;\n-moz-border-radius:0px 0px 0px 0px;\nborder-radius:0px 0px 0px 0px;\npadding:0px 0px 0px 0px;\n}\n<\/style>\n<div class='flex_column av-1krqr-c211092d498bfe54263914a7720e85bc av_one_half  avia-builder-el-1  el_after_av_textblock  el_before_av_one_half  first flex_column_div av-zero-column-padding column-top-margin'     ><div  class='avia-slideshow av-k9al8ui6-e20e4cc4af70d23901c8db7bf560aa66 avia-slideshow-no scaling av_slideshow avia-slide-slider  avia-builder-el-2  avia-builder-el-no-sibling  av-slideshow-ui av-control-default av-slideshow-manual av-loop-once av-loop-manual-endless av-default-height-applied avia-slideshow-1' data-slideshow-options=\"{&quot;animation&quot;:&quot;slide&quot;,&quot;autoplay&quot;:false,&quot;loop_autoplay&quot;:&quot;once&quot;,&quot;interval&quot;:5,&quot;loop_manual&quot;:&quot;manual-endless&quot;,&quot;autoplay_stopper&quot;:false,&quot;noNavigation&quot;:false,&quot;bg_slider&quot;:false,&quot;keep_padding&quot;:false,&quot;hoverpause&quot;:false,&quot;show_slide_delay&quot;:0}\"  itemprop=\"image\" itemscope=\"itemscope\" itemtype=\"https:\/\/schema.org\/ImageObject\" ><ul class='avia-slideshow-inner ' style='padding-bottom: 66.702014846235%;'><li  class='avia-slideshow-slide av-k9al8ui6-e20e4cc4af70d23901c8db7bf560aa66__0  slide-1 slide-odd'><div data-rel='slideshow-1' class='avia-slide-wrap '   ><img alt=\"kodykar-tij-25-a-propos-de-nous\" fetchpriority=\"high\" fetchpriority=\"high\" decoding=\"async\" class=\"wp-image-1239 avia-img-lazy-loading-not-1239\"  src=\"https:\/\/kodyka.com\/wp-content\/uploads\/2020\/04\/factory-printers.jpg\" width=\"943\" height=\"629\" title='usine d&#039;imprimantes tij' alt='usine d&#039;imprimantes inkjet tij'  itemprop=\"thumbnailUrl\" srcset=\"https:\/\/kodyka.com\/wp-content\/uploads\/2020\/04\/factory-printers.jpg 943w, https:\/\/kodyka.com\/wp-content\/uploads\/2020\/04\/factory-printers-300x200.jpg 300w, https:\/\/kodyka.com\/wp-content\/uploads\/2020\/04\/factory-printers-768x512.jpg 768w, https:\/\/kodyka.com\/wp-content\/uploads\/2020\/04\/factory-printers-705x470.jpg 705w\" sizes=\"(max-width: 943px) 100vw, 943px\" \/><\/div><\/li><li  class='avia-slideshow-slide av-k9al8ui6-e20e4cc4af70d23901c8db7bf560aa66__1  slide-2 slide-even'><div data-rel='slideshow-1' class='avia-slide-wrap '   ><img alt=\"kodykar-tij-25-a-propos-de-nous\" decoding=\"async\" class=\"wp-image-3307 avia-img-lazy-loading-not-3307\"  src=\"https:\/\/kodyka.com\/wp-content\/uploads\/2020\/05\/factory-printers-3.jpg\" width=\"943\" height=\"629\" title='usine d&#039;imprimantes 3' alt='La technologie du jet d&#039;encre TIJ2.5 est largement utilis\u00e9e dans de nombreux domaines de l&#039;impression industrielle'  itemprop=\"thumbnailUrl\" srcset=\"https:\/\/kodyka.com\/wp-content\/uploads\/2020\/05\/factory-printers-3.jpg 943w, https:\/\/kodyka.com\/wp-content\/uploads\/2020\/05\/factory-printers-3-300x200.jpg 300w, https:\/\/kodyka.com\/wp-content\/uploads\/2020\/05\/factory-printers-3-768x512.jpg 768w, https:\/\/kodyka.com\/wp-content\/uploads\/2020\/05\/factory-printers-3-705x470.jpg 705w\" sizes=\"(max-width: 943px) 100vw, 943px\" \/><\/div><\/li><li  class='avia-slideshow-slide av-k9al8ui6-e20e4cc4af70d23901c8db7bf560aa66__2  slide-3 slide-odd'><div data-rel='slideshow-1' class='avia-slide-wrap '   ><img alt=\"kodykar-tij-25-a-propos-de-nous\" decoding=\"async\" class=\"wp-image-3317 avia-img-lazy-loading-not-3317\"  src=\"https:\/\/kodyka.com\/wp-content\/uploads\/2020\/05\/factory-printers-2.jpg\" width=\"943\" height=\"629\" title='usine d&#039;imprimantes 2' alt='contr\u00f4leurs d&#039;imprimantes \u00e0 jet d&#039;encre haute r\u00e9solution TIJ2.5'  itemprop=\"thumbnailUrl\" srcset=\"https:\/\/kodyka.com\/wp-content\/uploads\/2020\/05\/factory-printers-2.jpg 943w, https:\/\/kodyka.com\/wp-content\/uploads\/2020\/05\/factory-printers-2-300x200.jpg 300w, https:\/\/kodyka.com\/wp-content\/uploads\/2020\/05\/factory-printers-2-768x512.jpg 768w, https:\/\/kodyka.com\/wp-content\/uploads\/2020\/05\/factory-printers-2-705x470.jpg 705w\" sizes=\"(max-width: 943px) 100vw, 943px\" \/><\/div><\/li><li  class='avia-slideshow-slide av-k9al8ui6-e20e4cc4af70d23901c8db7bf560aa66__3  slide-4 slide-even'><div data-rel='slideshow-1' class='avia-slide-wrap '   ><img alt=\"kodykar-tij-25-a-propos-de-nous\" loading=\"lazy\" loading=\"lazy\" decoding=\"async\" class=\"wp-image-5153 avia-img-lazy-loading-not-5153\"  src=\"https:\/\/kodyka.com\/wp-content\/uploads\/2020\/05\/inks-factory-kodyka.jpg\" width=\"943\" height=\"629\" title='inks factory kodyka' alt=''  itemprop=\"thumbnailUrl\" srcset=\"https:\/\/kodyka.com\/wp-content\/uploads\/2020\/05\/inks-factory-kodyka.jpg 943w, https:\/\/kodyka.com\/wp-content\/uploads\/2020\/05\/inks-factory-kodyka-300x200.jpg 300w, https:\/\/kodyka.com\/wp-content\/uploads\/2020\/05\/inks-factory-kodyka-768x512.jpg 768w, https:\/\/kodyka.com\/wp-content\/uploads\/2020\/05\/inks-factory-kodyka-705x470.jpg 705w\" sizes=\"auto, (max-width: 943px) 100vw, 943px\" \/><\/div><\/li><\/ul><div class='avia-slideshow-arrows avia-slideshow-controls' ><a href='#prev' class='prev-slide ' aria-hidden='true' data-av_icon='\ue87c' data-av_iconfont='entypo-fontello'  tabindex='-1'>Pr\u00e9c\u00e9dent<\/a><a href='#next' class='next-slide ' aria-hidden='true' data-av_icon='\ue87d' data-av_iconfont='entypo-fontello'  tabindex='-1'>Suivant<\/a><\/div><div class='avia-slideshow-dots avia-slideshow-controls'><a href='#1' class='goto-slide active' >1<\/a><a href='#2' class='goto-slide ' >2<\/a><a href='#3' class='goto-slide ' >3<\/a><a href='#4' class='goto-slide ' >4<\/a><\/div><\/div><\/div>\n\n<style type=\"text\/css\" data-created_by=\"avia_inline_auto\" id=\"style-css-av-1krqr-3499f35c758c4486bf16e1ecc8b00a7c\">\n.flex_column.av-1krqr-3499f35c758c4486bf16e1ecc8b00a7c{\n-webkit-border-radius:0px 0px 0px 0px;\n-moz-border-radius:0px 0px 0px 0px;\nborder-radius:0px 0px 0px 0px;\npadding:0px 0px 0px 0px;\n}\n<\/style>\n<div class='flex_column av-1krqr-3499f35c758c4486bf16e1ecc8b00a7c av_one_half  avia-builder-el-3  el_after_av_one_half  el_before_av_section  avia-builder-el-last  flex_column_div av-zero-column-padding column-top-margin'     ><p>\n<style type=\"text\/css\" data-created_by=\"avia_inline_auto\" id=\"style-css-av-k8qeo40y-c73e9f8accfb4e2d6b90830bffd2d0c0\">\n#top .av_textblock_section.av-k8qeo40y-c73e9f8accfb4e2d6b90830bffd2d0c0 .avia_textblock{\nfont-size:20px;\n}\n<\/style>\n<section  class='av_textblock_section av-k8qeo40y-c73e9f8accfb4e2d6b90830bffd2d0c0'  itemscope=\"itemscope\" itemtype=\"https:\/\/schema.org\/CreativeWork\" ><div class='avia_textblock'  itemprop=\"text\" ><p>Kodyka\u00ae is a manufacturer of high-resolution industrial equipment with TIJ2.5 thermo-inkjet technology.<\/p>\n<\/div><\/section><br \/>\n<section  class='av_textblock_section av-k8qeo40y-0c9942d6a37d8ca5b2b98ebf204aaf87'  itemscope=\"itemscope\" itemtype=\"https:\/\/schema.org\/CreativeWork\" ><div class='avia_textblock'  itemprop=\"text\" ><p>Notre activit\u00e9 principale consiste \u00e0 d\u00e9velopper et \u00e0 fabriquer des imprimantes \u00e0 jet d&#8217;encre thermique et des encres, ainsi qu&#8217;une gamme d&#8217;autres produits pour des applications de codage, de marquage industriel et de tra\u00e7abilit\u00e9.<\/p>\n<p>La marque Kodyka\u00ae a \u00e9t\u00e9 fond\u00e9e en Espagne en 2014. Depuis lors, notre portefeuille de produits s&#8217;est \u00e9largi et couvre aujourd&#8217;hui une large gamme d&#8217;imprimantes, d&#8217;encres et de syst\u00e8mes \u00e0 jet d&#8217;encre pour le codage de donn\u00e9es simples et de donn\u00e9es variables, jusqu&#8217;aux applications d&#8217;impression les plus sophistiqu\u00e9es avec des encres.<\/p>\n<p>Et nous avons des bureaux commerciaux \u00e0 La Rioja, en Aragon, en Catalogne et dans la Communaut\u00e9 de Madrid (Espagne). Nous desservons le march\u00e9 sud-am\u00e9ricain par l&#8217;interm\u00e9diaire de notre bureau commercial de l&#8217;\u00c9tat de Minas Gerais \u00e0 Contagem (Br\u00e9sil).<\/p>\n<p>D\u00e9couvrez comment nous pensons globalement et agissons localement.<\/p>\n<\/div><\/section><\/p><\/div>\n<\/div><\/div><\/div><!-- close content main div --><\/div><\/div>\n<style type=\"text\/css\" data-created_by=\"avia_inline_auto\" id=\"style-css-av-k95yf2uq-71209c6ec96d03c1d9e26b9e78eec058\">\n.avia-section.av-k95yf2uq-71209c6ec96d03c1d9e26b9e78eec058 .av-parallax .av-parallax-inner{\nbackground-repeat:no-repeat;\nbackground-image:url(https:\/\/kodyka.com\/wp-content\/uploads\/2022\/10\/kodyka-map-world.jpg);\nbackground-position:50% 50%;\nbackground-attachment:scroll;\n}\n<\/style>\n<div id='av_section_1'  class='avia-section av-k95yf2uq-71209c6ec96d03c1d9e26b9e78eec058 main_color avia-section-default avia-no-border-styling  avia-builder-el-6  el_after_av_one_half  el_before_av_section  av-parallax-section avia-bg-style-parallax av-minimum-height av-minimum-height-custom  container_wrap sidebar_right'  data-section-bg-repeat='no-repeat' data-av_minimum_height_px='500'><div class='av-parallax' data-avia-parallax-ratio='0.3' ><div class='av-parallax-inner main_color avia-full-stretch'><\/div><\/div><div class='container av-section-cont-open' style='height:500px'><div class='template-page content  av-content-small alpha units'><div class='post-entry post-entry-type-page post-entry-6529'><div class='entry-content-wrapper clearfix'>\n\n<style type=\"text\/css\" data-created_by=\"avia_inline_auto\" id=\"style-css-av-k96274ye-cade3868a1529a43beb51576fa79eba1\">\n.flex_column.av-k96274ye-cade3868a1529a43beb51576fa79eba1{\n-webkit-border-radius:0px 0px 0px 0px;\n-moz-border-radius:0px 0px 0px 0px;\nborder-radius:0px 0px 0px 0px;\npadding:0px 0px 0px 0px;\nbackground-color:rgba(236,240,242,0.63);\n}\n<\/style>\n<div class='flex_column av-k96274ye-cade3868a1529a43beb51576fa79eba1 av_one_fifth  avia-builder-el-7  el_before_av_three_fifth  avia-builder-el-first  first flex_column_div av-zero-column-padding '     ><\/div>\n<style type=\"text\/css\" data-created_by=\"avia_inline_auto\" id=\"style-css-av-k96274ye-ecfbd97c00af51064ce855e468e668eb\">\n.flex_column.av-k96274ye-ecfbd97c00af51064ce855e468e668eb{\n-webkit-border-radius:0px 0px 0px 0px;\n-moz-border-radius:0px 0px 0px 0px;\nborder-radius:0px 0px 0px 0px;\npadding:0px 0px 0px 0px;\nbackground-color:rgba(236,240,242,0.63);\n}\n<\/style>\n<div class='flex_column av-k96274ye-ecfbd97c00af51064ce855e468e668eb av_three_fifth  avia-builder-el-8  el_after_av_one_fifth  el_before_av_hr  flex_column_div av-zero-column-padding '     ><style type=\"text\/css\" data-created_by=\"avia_inline_auto\" id=\"style-css-av-k95ygb80-22ef7ca1c45ab05b443d93f6cc2f1e01\">\n#top .av_textblock_section.av-k95ygb80-22ef7ca1c45ab05b443d93f6cc2f1e01 .avia_textblock{\nfont-size:22px;\n}\n<\/style>\n<section  class='av_textblock_section av-k95ygb80-22ef7ca1c45ab05b443d93f6cc2f1e01'  itemscope=\"itemscope\" itemtype=\"https:\/\/schema.org\/CreativeWork\" ><div class='avia_textblock'  itemprop=\"text\" ><p style=\"text-align: center;\">Nos imprimantes et nos encres sont vendues dans le monde entier gr\u00e2ce \u00e0 notre vaste r\u00e9seau de distributeurs et d&#8217;int\u00e9grateurs.<\/p>\n<\/div><\/section><\/div>\n<style type=\"text\/css\" data-created_by=\"avia_inline_auto\" id=\"style-css-av-k95ygzcm-c03e1fcb1b5cd1ec94a77c6a92f04949\">\n#top .hr.hr-invisible.av-k95ygzcm-c03e1fcb1b5cd1ec94a77c6a92f04949{\nheight:350px;\n}\n<\/style>\n<div  class='hr av-k95ygzcm-c03e1fcb1b5cd1ec94a77c6a92f04949 hr-invisible  avia-builder-el-10  el_after_av_three_fifth  el_before_av_button '><span class='hr-inner '><span class=\"hr-inner-style\"><\/span><\/span><\/div>\n<div  class='avia-button-wrap av-k8yras5s-535dfc5708c9bdd04650f4288f3c2297-wrap avia-button-center  avia-builder-el-11  el_after_av_hr  avia-builder-el-last '><a href='https:\/\/kodyka.com\/fr\/a-propos-de-nous\/'  class='avia-button av-k8yras5s-535dfc5708c9bdd04650f4288f3c2297 avia-icon_select-yes-left-icon avia-size-large avia-position-center avia-color-theme-color-highlight'  ><span class='avia_button_icon avia_button_icon_left' aria-hidden='true' data-av_icon='\ue83c' data-av_iconfont='entypo-fontello'><\/span><span class='avia_iconbox_title' >Contacter<\/span><\/a><\/div>\n<\/div><\/div><\/div><!-- close content main div --><\/div><\/div>\n<style type=\"text\/css\" data-created_by=\"avia_inline_auto\" id=\"style-css-av-k9y47l1j-f20a0f77125e151685ba9a2239f7e45c\">\n.avia-section.av-k9y47l1j-f20a0f77125e151685ba9a2239f7e45c{\nbackground-repeat:no-repeat;\nbackground-image:url(https:\/\/kodyka.com\/wp-content\/uploads\/2020\/05\/fondo-transparente.png);\nbackground-position:50% 50%;\nbackground-attachment:fixed;\n}\n.avia-section.av-k9y47l1j-f20a0f77125e151685ba9a2239f7e45c .av-section-color-overlay{\nopacity:0.3;\nbackground-color:#f7f7f7;\nbackground-image:url(https:\/\/kodyka.com\/wp-content\/themes\/enfold\/images\/background-images\/dots-mini-light.png);\nbackground-repeat:repeat;\n}\n<\/style>\n<div id='av_section_2'  class='avia-section av-k9y47l1j-f20a0f77125e151685ba9a2239f7e45c header_color avia-section-large avia-no-border-styling  avia-builder-el-12  el_after_av_section  avia-builder-el-last  avia-full-contain avia-bg-style-fixed av-section-color-overlay-active container_wrap sidebar_right'  data-section-bg-repeat='contain'><div class=\"av-section-color-overlay-wrap\"><div class=\"av-section-color-overlay\"><\/div><div class='container av-section-cont-open' ><div class='template-page content  av-content-small alpha units'><div class='post-entry post-entry-type-page post-entry-6529'><div class='entry-content-wrapper clearfix'>\n\n<style type=\"text\/css\" data-created_by=\"avia_inline_auto\" id=\"style-css-av-uznn-677427d826a77f98609c93b0cd45269d\">\n.flex_column.av-uznn-677427d826a77f98609c93b0cd45269d{\n-webkit-border-radius:0px 0px 0px 0px;\n-moz-border-radius:0px 0px 0px 0px;\nborder-radius:0px 0px 0px 0px;\npadding:0px 0px 0px 0px;\n}\n<\/style>\n<div class='flex_column av-uznn-677427d826a77f98609c93b0cd45269d av_one_half  avia-builder-el-13  el_before_av_one_half  avia-builder-el-first  first flex_column_div av-zero-column-padding '     ><style type=\"text\/css\" data-created_by=\"avia_inline_auto\" id=\"style-css-av-k8qeo40y-7f3e91b909a9080e1928257f5347d6ea\">\n#top .av_textblock_section.av-k8qeo40y-7f3e91b909a9080e1928257f5347d6ea .avia_textblock{\nfont-size:20px;\n}\n<\/style>\n<section  class='av_textblock_section av-k8qeo40y-7f3e91b909a9080e1928257f5347d6ea'  itemscope=\"itemscope\" itemtype=\"https:\/\/schema.org\/CreativeWork\" ><div class='avia_textblock'  itemprop=\"text\" ><h3>Notre mission<\/h3>\n<p>est de fournir des imprimantes et des encres TIJ2.5 \u00e0 haute r\u00e9solution qui r\u00e9pondent aux besoins de nos clients dans le monde entier.<\/p>\n<\/div><\/section><br \/>\n<section  class='av_textblock_section av-k8qeo40y-6ec9035c1688a2efe0d69f0d62bc5125'  itemscope=\"itemscope\" itemtype=\"https:\/\/schema.org\/CreativeWork\" ><div class='avia_textblock'  itemprop=\"text\" ><h3>Nos solutions<\/h3>\n<p>d&#8217;impression flexibles nous permettent de r\u00e9pondre aux diff\u00e9rentes exigences et normes de qualit\u00e9 sur les diff\u00e9rents march\u00e9s. Notre large gamme de produits comprend des imprimantes et des encres pour les applications de codage de donn\u00e9es les plus simples comme pour les applications les plus complexes.<\/p>\n<p>Jusqu&#8217;\u00e0 pr\u00e9sent, notre objectif de fournir des syst\u00e8mes d&#8217;impression \u00e0 jet d&#8217;encre haute r\u00e9solution flexibles et rentables nous a permis de vendre nos produits dans la plupart des r\u00e9gions du monde. Ceci, combin\u00e9 \u00e0 notre large gamme de produits, fait de nous un partenaire id\u00e9al.<\/p>\n<\/div><\/section><\/p><\/div>\n<style type=\"text\/css\" data-created_by=\"avia_inline_auto\" id=\"style-css-av-1krqr-3499f35c758c4486bf16e1ecc8b00a7c\">\n.flex_column.av-1krqr-3499f35c758c4486bf16e1ecc8b00a7c{\n-webkit-border-radius:0px 0px 0px 0px;\n-moz-border-radius:0px 0px 0px 0px;\nborder-radius:0px 0px 0px 0px;\npadding:0px 0px 0px 0px;\n}\n<\/style>\n<div class='flex_column av-1krqr-3499f35c758c4486bf16e1ecc8b00a7c av_one_half  avia-builder-el-16  el_after_av_one_half  avia-builder-el-last  flex_column_div av-zero-column-padding '     ><div  class='avia-slideshow av-k9al8ui6-1a61b0e939ed098bca73d6e746882488 avia-slideshow-no scaling av_slideshow avia-slide-slider  avia-builder-el-17  avia-builder-el-no-sibling  av-slideshow-ui av-control-default av-slideshow-autoplay av-loop-endless av-loop-manual-endless av-default-height-applied avia-slideshow-2' data-slideshow-options=\"{&quot;animation&quot;:&quot;slide&quot;,&quot;autoplay&quot;:true,&quot;loop_autoplay&quot;:&quot;endless&quot;,&quot;interval&quot;:5,&quot;loop_manual&quot;:&quot;manual-endless&quot;,&quot;autoplay_stopper&quot;:false,&quot;noNavigation&quot;:false,&quot;bg_slider&quot;:false,&quot;keep_padding&quot;:false,&quot;hoverpause&quot;:false,&quot;show_slide_delay&quot;:0}\"  itemprop=\"image\" itemscope=\"itemscope\" itemtype=\"https:\/\/schema.org\/ImageObject\" ><ul class='avia-slideshow-inner ' style='padding-bottom: 66.702014846235%;'><li  class='avia-slideshow-slide av-k9al8ui6-1a61b0e939ed098bca73d6e746882488__0  av-single-slide slide-1 slide-odd'><div data-rel='slideshow-2' class='avia-slide-wrap '   ><img alt=\"kodykar-tij-25-a-propos-de-nous\" loading=\"lazy\" loading=\"lazy\" decoding=\"async\" class=\"wp-image-1224 avia-img-lazy-loading-not-1224\"  src=\"https:\/\/kodyka.com\/wp-content\/uploads\/2020\/04\/foto-fabrica-6.jpg\" width=\"943\" height=\"629\" title='usine d&#039;imprimantes  6' alt='usine d&#039;imprimantes tij 2.5'  itemprop=\"thumbnailUrl\" srcset=\"https:\/\/kodyka.com\/wp-content\/uploads\/2020\/04\/foto-fabrica-6.jpg 943w, https:\/\/kodyka.com\/wp-content\/uploads\/2020\/04\/foto-fabrica-6-300x200.jpg 300w, https:\/\/kodyka.com\/wp-content\/uploads\/2020\/04\/foto-fabrica-6-768x512.jpg 768w, https:\/\/kodyka.com\/wp-content\/uploads\/2020\/04\/foto-fabrica-6-705x470.jpg 705w\" sizes=\"auto, (max-width: 943px) 100vw, 943px\" \/><\/div><\/li><\/ul><\/div><\/div><\/div><\/div><\/div><!-- close content main div --><\/div><\/div><\/div><div id='after_section_2'  class='main_color av_default_container_wrap container_wrap sidebar_right'  ><div class='container av-section-cont-open' ><div class='template-page content  av-content-small alpha units'><div class='post-entry post-entry-type-page post-entry-6529'><div class='entry-content-wrapper clearfix'><\/p>\n","protected":false},"excerpt":{"rendered":"","protected":false},"author":1,"featured_media":5759,"parent":0,"menu_order":0,"comment_status":"closed","ping_status":"closed","template":"","meta":{"footnotes":""},"class_list":["post-6529","page","type-page","status-publish","has-post-thumbnail","hentry"],"_links":{"self":[{"href":"https:\/\/kodyka.com\/fr\/wp-json\/wp\/v2\/pages\/6529","targetHints":{"allow":["GET"]}}],"collection":[{"href":"https:\/\/kodyka.com\/fr\/wp-json\/wp\/v2\/pages"}],"about":[{"href":"https:\/\/kodyka.com\/fr\/wp-json\/wp\/v2\/types\/page"}],"author":[{"embeddable":true,"href":"https:\/\/kodyka.com\/fr\/wp-json\/wp\/v2\/users\/1"}],"replies":[{"embeddable":true,"href":"https:\/\/kodyka.com\/fr\/wp-json\/wp\/v2\/comments?post=6529"}],"version-history":[{"count":10,"href":"https:\/\/kodyka.com\/fr\/wp-json\/wp\/v2\/pages\/6529\/revisions"}],"predecessor-version":[{"id":17614,"href":"https:\/\/kodyka.com\/fr\/wp-json\/wp\/v2\/pages\/6529\/revisions\/17614"}],"wp:featuredmedia":[{"embeddable":true,"href":"https:\/\/kodyka.com\/fr\/wp-json\/wp\/v2\/media\/5759"}],"wp:attachment":[{"href":"https:\/\/kodyka.com\/fr\/wp-json\/wp\/v2\/media?parent=6529"}],"curies":[{"name":"wp","href":"https:\/\/api.w.org\/{rel}","templated":true}]}}