{"id":6676,"date":"2020-03-31T10:12:37","date_gmt":"2020-03-31T10:12:37","guid":{"rendered":"https:\/\/kodyka.com\/certifications-and-warranty\/"},"modified":"2020-09-10T11:20:59","modified_gmt":"2020-09-10T11:20:59","slug":"certifications-et-garantie","status":"publish","type":"page","link":"https:\/\/kodyka.com\/fr\/certifications-et-garantie\/","title":{"rendered":"Certifications et garantie"},"content":{"rendered":"\n<style type=\"text\/css\" data-created_by=\"avia_inline_auto\" id=\"style-css-av-wqxh-b5809038235ec74056dc115b37bb77ea\">\n.flex_column.av-wqxh-b5809038235ec74056dc115b37bb77ea{\n-webkit-border-radius:0px 0px 0px 0px;\n-moz-border-radius:0px 0px 0px 0px;\nborder-radius:0px 0px 0px 0px;\npadding:0px 0px 0px 0px;\n}\n<\/style>\n<div class='flex_column av-wqxh-b5809038235ec74056dc115b37bb77ea av_one_full  avia-builder-el-0  el_before_av_one_half  avia-builder-el-first  first flex_column_div av-zero-column-padding '     ><style type=\"text\/css\" data-created_by=\"avia_inline_auto\" id=\"style-css-av-k9rjzkog-8b5b219c8b35bc39fcab3d3c35328226\">\n#top .av_textblock_section.av-k9rjzkog-8b5b219c8b35bc39fcab3d3c35328226 .avia_textblock{\nfont-size:20px;\n}\n<\/style>\n<section  class='av_textblock_section av-k9rjzkog-8b5b219c8b35bc39fcab3d3c35328226'  itemscope=\"itemscope\" itemtype=\"https:\/\/schema.org\/CreativeWork\" ><div class='avia_textblock'  itemprop=\"text\" ><h2 style=\"text-align: center;\">CERTIFICATIONS ET GARANTIE<\/h2>\n<p style=\"text-align: center;\">Certifications reconnues internationalement. Des normes de qualit\u00e9 \u00e9lev\u00e9es<\/p>\n<\/div><\/section><br \/>\n\n<style type=\"text\/css\" data-created_by=\"avia_inline_auto\" id=\"style-css-av-k9rky39s-aef9110cfe21fa0ccf806293d4a53540\">\n#top .hr.hr-invisible.av-k9rky39s-aef9110cfe21fa0ccf806293d4a53540{\nheight:20px;\n}\n<\/style>\n<div  class='hr av-k9rky39s-aef9110cfe21fa0ccf806293d4a53540 hr-invisible  avia-builder-el-2  el_after_av_textblock  avia-builder-el-last '><span class='hr-inner '><span class=\"hr-inner-style\"><\/span><\/span><\/div><\/p><\/div><div class='flex_column_table av-43ikd-525959738f4ebefe4f1ac20d7122d518 sc-av_one_half av-equal-height-column-flextable'>\n<style type=\"text\/css\" data-created_by=\"avia_inline_auto\" id=\"style-css-av-43ikd-525959738f4ebefe4f1ac20d7122d518\">\n.flex_column.av-43ikd-525959738f4ebefe4f1ac20d7122d518{\n-webkit-border-radius:0px 0px 0px 0px;\n-moz-border-radius:0px 0px 0px 0px;\nborder-radius:0px 0px 0px 0px;\npadding:20px 20px 20px 20px;\nbackground-color:#f2f2f2;\n}\n<\/style>\n<div class='flex_column av-43ikd-525959738f4ebefe4f1ac20d7122d518 av_one_half  avia-builder-el-3  el_after_av_one_full  el_before_av_one_half  first flex_column_table_cell av-equal-height-column av-align-top column-top-margin'     ><style type=\"text\/css\" data-created_by=\"avia_inline_auto\" id=\"style-css-av-k8q8jp1o-bcfdbc01287989a3dc98cf738bcac6e7\">\n#top .av_textblock_section.av-k8q8jp1o-bcfdbc01287989a3dc98cf738bcac6e7 .avia_textblock{\nfont-size:18px;\n}\n<\/style>\n<section  class='av_textblock_section av-k8q8jp1o-bcfdbc01287989a3dc98cf738bcac6e7'  itemscope=\"itemscope\" itemtype=\"https:\/\/schema.org\/CreativeWork\" ><div class='avia_textblock'  itemprop=\"text\" ><p>Les imprimantes et encres Kodyka\u00ae sont non seulement conformes aux r\u00e9glementations et exigences nationales, mais nous mettons \u00e9galement tout en \u0153uvre pour que nos produits de fabrication r\u00e9pondent aux normes de qualit\u00e9 les plus \u00e9lev\u00e9es.<\/p>\n<\/div><\/section><\/div><div class='av-flex-placeholder'><\/div>\n<style type=\"text\/css\" data-created_by=\"avia_inline_auto\" id=\"style-css-av-43ikd-a8878723b9772c39ed1834562064c099\">\n.flex_column.av-43ikd-a8878723b9772c39ed1834562064c099{\n-webkit-border-radius:0px 0px 0px 0px;\n-moz-border-radius:0px 0px 0px 0px;\nborder-radius:0px 0px 0px 0px;\npadding:20px 20px 20px 20px;\nbackground-color:#f2f2f2;\n}\n<\/style>\n<div class='flex_column av-43ikd-a8878723b9772c39ed1834562064c099 av_one_half  avia-builder-el-5  el_after_av_one_half  el_before_av_one_full  flex_column_table_cell av-equal-height-column av-align-top column-top-margin'     ><style type=\"text\/css\" data-created_by=\"avia_inline_auto\" id=\"style-css-av-k8q8jp1o-bcfdbc01287989a3dc98cf738bcac6e7\">\n#top .av_textblock_section.av-k8q8jp1o-bcfdbc01287989a3dc98cf738bcac6e7 .avia_textblock{\nfont-size:18px;\n}\n<\/style>\n<section  class='av_textblock_section av-k8q8jp1o-bcfdbc01287989a3dc98cf738bcac6e7'  itemscope=\"itemscope\" itemtype=\"https:\/\/schema.org\/CreativeWork\" ><div class='avia_textblock'  itemprop=\"text\" ><p>Tous les composants des produits Kodyka\u00ae sont des certifications reconnues au niveau international et nous utilisons des audits de tiers pour v\u00e9rifier la qualit\u00e9 de nos op\u00e9rations.<\/p>\n<\/div><\/section><\/div><\/div><!--close column table wrapper. Autoclose: 1 -->\n<style type=\"text\/css\" data-created_by=\"avia_inline_auto\" id=\"style-css-av-3e4zh-8cbaf823b3dfa470031850b78099c931\">\n.flex_column.av-3e4zh-8cbaf823b3dfa470031850b78099c931{\n-webkit-border-radius:0px 0px 0px 0px;\n-moz-border-radius:0px 0px 0px 0px;\nborder-radius:0px 0px 0px 0px;\npadding:0px 0px 0px 0px;\n}\n<\/style>\n<div class='flex_column av-3e4zh-8cbaf823b3dfa470031850b78099c931 av_one_full  avia-builder-el-7  el_after_av_one_half  el_before_av_one_full  first flex_column_div av-zero-column-padding column-top-margin'     ><section  class='av_textblock_section av-k8q8jp1o-0eeb1d75015dd92adb72409637a57196'  itemscope=\"itemscope\" itemtype=\"https:\/\/schema.org\/CreativeWork\" ><div class='avia_textblock'  itemprop=\"text\" ><p><img alt=\"kodykar-tij-25-certifications-et-garantie\" decoding=\"async\" class=\"size-full wp-image-1381 alignleft\" src=\"https:\/\/fr.kodyka.com\/wp-content\/uploads\/2020\/04\/rohs-compliant-1.jpg\" alt=\"\" width=\"165\" height=\"160\" srcset=\"https:\/\/kodyka.com\/wp-content\/uploads\/2020\/04\/rohs-compliant-1.jpg 165w, https:\/\/kodyka.com\/wp-content\/uploads\/2020\/04\/rohs-compliant-1-36x36.jpg 36w\" sizes=\"(max-width: 165px) 100vw, 165px\" \/><\/p>\n<h3>ROHS<span style=\"color: #ffffff;\">_____<\/span><\/h3>\n<p>RoHS est l&#8217;acronyme de &#8220;Restriction of Hazardous Substances&#8221;. La directive RoHS, \u00e9galement connue sous le nom de directive 2002\/95\/CE, est n\u00e9e dans l&#8217;Union europ\u00e9enne et restreint l&#8217;utilisation de certaines mati\u00e8res dangereuses sp\u00e9cifiques pr\u00e9sentes dans les produits \u00e9lectriques et \u00e9lectroniques.<\/p>\n<p>Kodyka n&#8217;utilise que des composants approuv\u00e9s RoHS dans ses produits.<\/p>\n<\/div><\/section><\/div>\n<style type=\"text\/css\" data-created_by=\"avia_inline_auto\" id=\"style-css-av-2kzu1-e573d5a89f357bb35f6ec89be1a953bc\">\n.flex_column.av-2kzu1-e573d5a89f357bb35f6ec89be1a953bc{\n-webkit-border-radius:0px 0px 0px 0px;\n-moz-border-radius:0px 0px 0px 0px;\nborder-radius:0px 0px 0px 0px;\npadding:0px 0px 0px 0px;\n}\n<\/style>\n<div class='flex_column av-2kzu1-e573d5a89f357bb35f6ec89be1a953bc av_one_full  avia-builder-el-9  el_after_av_one_full  el_before_av_one_full  first flex_column_div av-zero-column-padding column-top-margin'     ><section  class='av_textblock_section av-k8q8jp1o-0eeb1d75015dd92adb72409637a57196'  itemscope=\"itemscope\" itemtype=\"https:\/\/schema.org\/CreativeWork\" ><div class='avia_textblock'  itemprop=\"text\" ><p><img alt=\"kodykar-tij-25-certifications-et-garantie\" decoding=\"async\" class=\"size-full wp-image-1391 alignleft\" src=\"https:\/\/fr.kodyka.com\/wp-content\/uploads\/2020\/04\/reach-compliant.jpg\" alt=\"\" width=\"165\" height=\"160\" srcset=\"https:\/\/kodyka.com\/wp-content\/uploads\/2020\/04\/reach-compliant.jpg 165w, https:\/\/kodyka.com\/wp-content\/uploads\/2020\/04\/reach-compliant-36x36.jpg 36w\" sizes=\"(max-width: 165px) 100vw, 165px\" \/><\/p>\n<h3>REACH<span style=\"color: #ffffff;\">_____<\/span><\/h3>\n<p>REACH est un r\u00e8glement de l&#8217;Union europ\u00e9enne, adopt\u00e9 pour am\u00e9liorer la protection de la sant\u00e9 humaine et de l&#8217;environnement contre les risques que peuvent pr\u00e9senter les substances chimiques, tout en renfor\u00e7ant la comp\u00e9titivit\u00e9 de l&#8217;industrie chimique de l&#8217;UE.<\/p>\n<p>Les encres fournies et les produits Kodyka sont conformes aux dispositions du r\u00e8glement REACH de l&#8217;UE.<\/p>\n<\/div><\/section><\/div>\n<style type=\"text\/css\" data-created_by=\"avia_inline_auto\" id=\"style-css-av-2cujp-b13f284595ad73fd85dcb8a27f0fe856\">\n.flex_column.av-2cujp-b13f284595ad73fd85dcb8a27f0fe856{\n-webkit-border-radius:0px 0px 0px 0px;\n-moz-border-radius:0px 0px 0px 0px;\nborder-radius:0px 0px 0px 0px;\npadding:0px 0px 0px 0px;\n}\n<\/style>\n<div class='flex_column av-2cujp-b13f284595ad73fd85dcb8a27f0fe856 av_one_full  avia-builder-el-11  el_after_av_one_full  el_before_av_one_full  first flex_column_div av-zero-column-padding column-top-margin'     ><section  class='av_textblock_section av-k8q8jp1o-0eeb1d75015dd92adb72409637a57196'  itemscope=\"itemscope\" itemtype=\"https:\/\/schema.org\/CreativeWork\" ><div class='avia_textblock'  itemprop=\"text\" ><h3><img alt=\"kodykar-tij-25-certifications-et-garantie\" decoding=\"async\" class=\"size-full wp-image-3338 alignleft\" src=\"https:\/\/fr.kodyka.com\/wp-content\/uploads\/2020\/05\/CE.jpg\" alt=\"\" width=\"165\" height=\"160\" srcset=\"https:\/\/kodyka.com\/wp-content\/uploads\/2020\/05\/CE.jpg 165w, https:\/\/kodyka.com\/wp-content\/uploads\/2020\/05\/CE-36x36.jpg 36w\" sizes=\"(max-width: 165px) 100vw, 165px\" \/>MARQUAGE CE<\/h3>\n<p>La marque CE est une marque de certification indiquant la conformit\u00e9 aux normes de sant\u00e9, de s\u00e9curit\u00e9 et de protection de l&#8217;environnement pour les produits vendus dans l&#8217;Espace \u00e9conomique europ\u00e9en (EEE). Le marquage CE se trouve \u00e9galement sur les produits vendus en dehors de l&#8217;EEE qui sont fabriqu\u00e9s ou con\u00e7us pour \u00eatre vendus dans l&#8217;EEE. Tous les produits Kodyka sont fabriqu\u00e9s, test\u00e9s et document\u00e9s pour r\u00e9pondre aux exigences des normes et r\u00e8glements europ\u00e9ens pertinents pour la qualification du marquage CE.<\/p>\n<\/div><\/section><\/div>\n<style type=\"text\/css\" data-created_by=\"avia_inline_auto\" id=\"style-css-av-1rmi5-cc8f9d9868212449590556a8ec7ca499\">\n.flex_column.av-1rmi5-cc8f9d9868212449590556a8ec7ca499{\n-webkit-border-radius:0px 0px 0px 0px;\n-moz-border-radius:0px 0px 0px 0px;\nborder-radius:0px 0px 0px 0px;\npadding:0px 0px 0px 0px;\n}\n<\/style>\n<div class='flex_column av-1rmi5-cc8f9d9868212449590556a8ec7ca499 av_one_full  avia-builder-el-13  el_after_av_one_full  el_before_av_section  avia-builder-el-last  first flex_column_div av-zero-column-padding column-top-margin'     ><section  class='av_textblock_section av-k8q8jp1o-0eeb1d75015dd92adb72409637a57196'  itemscope=\"itemscope\" itemtype=\"https:\/\/schema.org\/CreativeWork\" ><div class='avia_textblock'  itemprop=\"text\" ><h3><img alt=\"kodykar-tij-25-certifications-et-garantie\" loading=\"lazy\" decoding=\"async\" class=\"size-full wp-image-1411 alignleft\" src=\"https:\/\/fr.kodyka.com\/wp-content\/uploads\/2020\/04\/iso9001.jpg\" alt=\"\" width=\"165\" height=\"160\" srcset=\"https:\/\/kodyka.com\/wp-content\/uploads\/2020\/04\/iso9001.jpg 165w, https:\/\/kodyka.com\/wp-content\/uploads\/2020\/04\/iso9001-36x36.jpg 36w\" sizes=\"(max-width: 165px) 100vw, 165px\" \/>CERTIFICATION ISO 9001<\/h3>\n<p>L&#8217;ISO 9001 est d\u00e9finie comme la norme internationale qui sp\u00e9cifie les exigences d&#8217;un syst\u00e8me de gestion de la qualit\u00e9 (SGQ). Les organisations et les entreprises utilisent cette certification pour d\u00e9montrer leur capacit\u00e9 \u00e0 fournir de fa\u00e7on constante des produits et des services qui r\u00e9pondent aux exigences r\u00e9glementaires demand\u00e9es par les clients.<\/p>\n<p>Notre usine d&#8217;imprimantes Kodyka en Chine est certifi\u00e9e ISO 9001.<\/p>\n<\/div><\/section><\/div><\/div><\/div><\/div><!-- close content main div --><\/div><\/div>\n<style type=\"text\/css\" data-created_by=\"avia_inline_auto\" id=\"style-css-av-k8q92idu-b9e2f643f6b6a457b6be61c4b8628f4d\">\n.avia-section.av-k8q92idu-b9e2f643f6b6a457b6be61c4b8628f4d .av-parallax .av-parallax-inner{\nbackground-repeat:no-repeat;\nbackground-image:url(https:\/\/kodyka.com\/wp-content\/uploads\/2020\/04\/building-printers.jpg);\nbackground-position:50% 50%;\nbackground-attachment:scroll;\n}\n.avia-section.av-k8q92idu-b9e2f643f6b6a457b6be61c4b8628f4d .av-section-color-overlay{\nopacity:0.9;\nbackground-color:#94ff94;\n}\n<\/style>\n<div id='av_section_1'  class='avia-section av-k8q92idu-b9e2f643f6b6a457b6be61c4b8628f4d header_color avia-section-default avia-no-border-styling  avia-builder-el-15  el_after_av_one_full  avia-builder-el-last  av-parallax-section avia-bg-style-parallax av-section-color-overlay-active container_wrap sidebar_right'  data-section-bg-repeat='no-repeat'><div class='av-parallax' data-avia-parallax-ratio='0.3' ><div class='av-parallax-inner header_color avia-full-stretch'><\/div><\/div><div class=\"av-section-color-overlay-wrap\"><div class=\"av-section-color-overlay\"><\/div><div class='container av-section-cont-open' ><div class='template-page content  av-content-small alpha units'><div class='post-entry post-entry-type-page post-entry-6676'><div class='entry-content-wrapper clearfix'>\n\n<style type=\"text\/css\" data-created_by=\"avia_inline_auto\" id=\"style-css-av-nmot-8d99e470dcfc7fd3b2c7032532c1fd38\">\n.flex_column.av-nmot-8d99e470dcfc7fd3b2c7032532c1fd38{\n-webkit-border-radius:0px 0px 0px 0px;\n-moz-border-radius:0px 0px 0px 0px;\nborder-radius:0px 0px 0px 0px;\npadding:0px 0px 0px 0px;\n}\n<\/style>\n<div class='flex_column av-nmot-8d99e470dcfc7fd3b2c7032532c1fd38 av_one_full  avia-builder-el-16  avia-builder-el-no-sibling  first flex_column_div av-zero-column-padding '     ><style type=\"text\/css\" data-created_by=\"avia_inline_auto\" id=\"style-css-av-k8q8jp1o-bcfdbc01287989a3dc98cf738bcac6e7\">\n#top .av_textblock_section.av-k8q8jp1o-bcfdbc01287989a3dc98cf738bcac6e7 .avia_textblock{\nfont-size:18px;\n}\n<\/style>\n<section  class='av_textblock_section av-k8q8jp1o-bcfdbc01287989a3dc98cf738bcac6e7'  itemscope=\"itemscope\" itemtype=\"https:\/\/schema.org\/CreativeWork\" ><div class='avia_textblock'  itemprop=\"text\" ><h3><img alt=\"kodykar-tij-25-certifications-et-garantie\" loading=\"lazy\" decoding=\"async\" class=\"size-full wp-image-1421 alignleft\" src=\"https:\/\/fr.kodyka.com\/wp-content\/uploads\/2020\/04\/2-garantia.png\" alt=\"\" width=\"165\" height=\"160\" srcset=\"https:\/\/kodyka.com\/wp-content\/uploads\/2020\/04\/2-garantia.png 165w, https:\/\/kodyka.com\/wp-content\/uploads\/2020\/04\/2-garantia-36x36.png 36w\" sizes=\"(max-width: 165px) 100vw, 165px\" \/>GARANTIE<\/h3>\n<p>Kodyka est le seul fabricant d&#8217;imprimantes dot\u00e9es de la technologie TIJ2.5 qui offre une garantie de 24 mois sur tout le mat\u00e9riel.<\/p>\n<p>Les consommables, tels que l&#8217;encre fournie en bouteilles et en cartouches, ont des p\u00e9riodes de garantie individuelles. La dur\u00e9e de la garantie est indiqu\u00e9e sur la cartouche ou la bouteille.<\/p>\n<\/div><\/section><\/div><\/div><\/div><\/div><!-- close content main div --><\/div><\/div><\/div><div id='after_section_1'  class='main_color av_default_container_wrap container_wrap sidebar_right'  ><div class='container av-section-cont-open' ><div class='template-page content  av-content-small alpha units'><div class='post-entry post-entry-type-page post-entry-6676'><div class='entry-content-wrapper clearfix'><\/p>\n","protected":false},"excerpt":{"rendered":"","protected":false},"author":1,"featured_media":3910,"parent":0,"menu_order":0,"comment_status":"closed","ping_status":"closed","template":"","meta":{"footnotes":""},"class_list":["post-6676","page","type-page","status-publish","has-post-thumbnail","hentry"],"_links":{"self":[{"href":"https:\/\/kodyka.com\/fr\/wp-json\/wp\/v2\/pages\/6676","targetHints":{"allow":["GET"]}}],"collection":[{"href":"https:\/\/kodyka.com\/fr\/wp-json\/wp\/v2\/pages"}],"about":[{"href":"https:\/\/kodyka.com\/fr\/wp-json\/wp\/v2\/types\/page"}],"author":[{"embeddable":true,"href":"https:\/\/kodyka.com\/fr\/wp-json\/wp\/v2\/users\/1"}],"replies":[{"embeddable":true,"href":"https:\/\/kodyka.com\/fr\/wp-json\/wp\/v2\/comments?post=6676"}],"version-history":[{"count":1,"href":"https:\/\/kodyka.com\/fr\/wp-json\/wp\/v2\/pages\/6676\/revisions"}],"predecessor-version":[{"id":6678,"href":"https:\/\/kodyka.com\/fr\/wp-json\/wp\/v2\/pages\/6676\/revisions\/6678"}],"wp:featuredmedia":[{"embeddable":true,"href":"https:\/\/kodyka.com\/fr\/wp-json\/wp\/v2\/media\/3910"}],"wp:attachment":[{"href":"https:\/\/kodyka.com\/fr\/wp-json\/wp\/v2\/media?parent=6676"}],"curies":[{"name":"wp","href":"https:\/\/api.w.org\/{rel}","templated":true}]}}