{"id":6849,"date":"2020-03-31T10:14:11","date_gmt":"2020-03-31T10:14:11","guid":{"rendered":"https:\/\/kodyka.com\/industries\/"},"modified":"2020-09-10T15:04:45","modified_gmt":"2020-09-10T15:04:45","slug":"industries","status":"publish","type":"page","link":"https:\/\/kodyka.com\/fr\/industries\/","title":{"rendered":"Industries"},"content":{"rendered":"\n<style type=\"text\/css\" data-created_by=\"avia_inline_auto\" id=\"style-css-av-ghbn9-d608210a3681d77cb3f0bb70eb9435dd\">\n.flex_column.av-ghbn9-d608210a3681d77cb3f0bb70eb9435dd{\n-webkit-border-radius:0px 0px 0px 0px;\n-moz-border-radius:0px 0px 0px 0px;\nborder-radius:0px 0px 0px 0px;\npadding:0px 0px 0px 0px;\n}\n<\/style>\n<div class='flex_column av-ghbn9-d608210a3681d77cb3f0bb70eb9435dd av_one_full  avia-builder-el-0  el_before_av_submenu  avia-builder-el-no-sibling  first flex_column_div av-zero-column-padding '     ><section  class='av_textblock_section av-k9tw5dff-626608f7f74fd89346c4b8011c4315b8'  itemscope=\"itemscope\" itemtype=\"https:\/\/schema.org\/CreativeWork\" ><div class='avia_textblock'  itemprop=\"text\" ><h2 style=\"text-align: center;\">INDUSTRIES<\/h2>\n<\/div><\/section><\/div><\/div><\/div><\/div><!-- close content main div --><\/div><\/div><div id='sub_menu1'  class='av-submenu-container av-kdzvwk7w-8a25073bffe270d4bc7234d8a4cb93ed header_color av-switch-480  avia-builder-el-2  el_after_av_one_full  el_before_av_section  submenu-not-first container_wrap sidebar_right' style='z-index:301' ><div class='container av-menu-mobile-active av-submenu-pos-center'><a href=\"#\" class=\"mobile_menu_toggle\" aria-hidden='true' data-av_icon='\ue8a5' data-av_iconfont='entypo-fontello'><span class=\"av-current-placeholder\">Menu<\/span><\/a><ul id=\"menu-industrias_fr\" class=\"av-subnav-menu\"><li role=\"menuitem\" id=\"menu-item-9718\" class=\"menu-item menu-item-type-post_type menu-item-object-page menu-item-top-level menu-item-top-level-1\"><a href=\"https:\/\/kodyka.com\/fr\/industries\/protection-des-marques-code-uv\/\" itemprop=\"url\" tabindex=\"0\"><span class=\"avia-bullet\"><\/span><span class=\"avia-menu-text\"><img alt=\"kodykar-tij-25-industries\" loading=\"lazy\" decoding=\"async\" class=\"alignnone size-full wp-image-3626 aligncenter\" src=\"https:\/\/fr.kodyka.com\/wp-content\/uploads\/2020\/05\/brand-1.jpg\" alt=\"\" width=\"63\" height=\"63\" srcset=\"https:\/\/kodyka.com\/wp-content\/uploads\/2020\/05\/brand-1.jpg 63w, https:\/\/kodyka.com\/wp-content\/uploads\/2020\/05\/brand-1-36x36.jpg 36w\" sizes=\"(max-width: 63px) 100vw, 63px\" \/>Protection des marques<\/span><span class=\"avia-menu-fx\"><span class=\"avia-arrow-wrap\"><span class=\"avia-arrow\"><\/span><\/span><\/span><\/a><\/li>\n<li role=\"menuitem\" id=\"menu-item-9711\" class=\"menu-item menu-item-type-post_type menu-item-object-page menu-item-top-level menu-item-top-level-2\"><a href=\"https:\/\/kodyka.com\/fr\/industries\/cables-extrusion-de-tubes-et-profiles-marquage-et-codage-industriels\/\" itemprop=\"url\" tabindex=\"0\"><span class=\"avia-bullet\"><\/span><span class=\"avia-menu-text\"><img alt=\"kodykar-tij-25-industries\" loading=\"lazy\" decoding=\"async\" class=\"alignnone size-full wp-image-3592 aligncenter\" src=\"https:\/\/fr.kodyka.com\/wp-content\/uploads\/2020\/05\/tubes.jpg\" alt=\"\" width=\"63\" height=\"63\" srcset=\"https:\/\/kodyka.com\/wp-content\/uploads\/2020\/05\/tubes.jpg 63w, https:\/\/kodyka.com\/wp-content\/uploads\/2020\/05\/tubes-36x36.jpg 36w\" sizes=\"(max-width: 63px) 100vw, 63px\" \/>C\u00e2bles, extrusion de tubes et profil\u00e9s<\/span><span class=\"avia-menu-fx\"><span class=\"avia-arrow-wrap\"><span class=\"avia-arrow\"><\/span><\/span><\/span><\/a><\/li>\n<li role=\"menuitem\" id=\"menu-item-9710\" class=\"menu-item menu-item-type-post_type menu-item-object-page menu-item-top-level menu-item-top-level-3\"><a href=\"https:\/\/kodyka.com\/fr\/industries\/boissons-et-produits-laitiers-marquage-et-codage-industriels\/\" itemprop=\"url\" tabindex=\"0\"><span class=\"avia-bullet\"><\/span><span class=\"avia-menu-text\"><img loading=\"lazy\" decoding=\"async\" class=\"size-full wp-image-3472 aligncenter\" src=\"https:\/\/fr.kodyka.com\/wp-content\/uploads\/2020\/05\/drinks.jpg\" alt=\"drinks-kodykar-tij-25-industries\" width=\"63\" height=\"63\" srcset=\"https:\/\/kodyka.com\/wp-content\/uploads\/2020\/05\/drinks.jpg 63w, https:\/\/kodyka.com\/wp-content\/uploads\/2020\/05\/drinks-36x36.jpg 36w\" sizes=\"(max-width: 63px) 100vw, 63px\" \/>Boissons et produits laitiers<\/span><span class=\"avia-menu-fx\"><span class=\"avia-arrow-wrap\"><span class=\"avia-arrow\"><\/span><\/span><\/span><\/a><\/li>\n<li role=\"menuitem\" id=\"menu-item-9715\" class=\"menu-item menu-item-type-post_type menu-item-object-page menu-item-top-level menu-item-top-level-4\"><a href=\"https:\/\/kodyka.com\/fr\/industries\/materiel-electronique-et-electrique-imprimer-le-code\/\" itemprop=\"url\" tabindex=\"0\"><span class=\"avia-bullet\"><\/span><span class=\"avia-menu-text\"><img alt=\"kodykar-tij-25-industries\" loading=\"lazy\" decoding=\"async\" class=\"alignnone size-full wp-image-3492 aligncenter\" src=\"https:\/\/fr.kodyka.com\/wp-content\/uploads\/2020\/05\/electronic.jpg\" alt=\"\" width=\"63\" height=\"63\" srcset=\"https:\/\/kodyka.com\/wp-content\/uploads\/2020\/05\/electronic.jpg 63w, https:\/\/kodyka.com\/wp-content\/uploads\/2020\/05\/electronic-36x36.jpg 36w\" sizes=\"(max-width: 63px) 100vw, 63px\" \/>Mat\u00e9riel \u00e9lectronique et \u00e9lectrique<\/span><span class=\"avia-menu-fx\"><span class=\"avia-arrow-wrap\"><span class=\"avia-arrow\"><\/span><\/span><\/span><\/a><\/li>\n<li role=\"menuitem\" id=\"menu-item-9717\" class=\"menu-item menu-item-type-post_type menu-item-object-page menu-item-top-level menu-item-top-level-5\"><a href=\"https:\/\/kodyka.com\/fr\/industries\/produits-agro-alimentaires-marquage-et-codage-de-lindustrie-alimentaire\/\" itemprop=\"url\" tabindex=\"0\"><span class=\"avia-bullet\"><\/span><span class=\"avia-menu-text\"><img alt=\"kodykar-tij-25-industries\" loading=\"lazy\" decoding=\"async\" class=\"alignnone size-full wp-image-3512 aligncenter\" src=\"https:\/\/fr.kodyka.com\/wp-content\/uploads\/2020\/05\/foods.jpg\" alt=\"\" width=\"63\" height=\"63\" srcset=\"https:\/\/kodyka.com\/wp-content\/uploads\/2020\/05\/foods.jpg 63w, https:\/\/kodyka.com\/wp-content\/uploads\/2020\/05\/foods-36x36.jpg 36w\" sizes=\"(max-width: 63px) 100vw, 63px\" \/>Produits agro-alimentaires<\/span><span class=\"avia-menu-fx\"><span class=\"avia-arrow-wrap\"><span class=\"avia-arrow\"><\/span><\/span><\/span><\/a><\/li>\n<li role=\"menuitem\" id=\"menu-item-9714\" class=\"menu-item menu-item-type-post_type menu-item-object-page menu-item-top-level menu-item-top-level-6\"><a href=\"https:\/\/kodyka.com\/fr\/industries\/congele-le-marquage-par-code-a-barres\/\" itemprop=\"url\" tabindex=\"0\"><span class=\"avia-bullet\"><\/span><span class=\"avia-menu-text\"><img alt=\"kodykar-tij-25-industries\" loading=\"lazy\" decoding=\"async\" class=\"alignnone size-full wp-image-3532 aligncenter\" src=\"https:\/\/fr.kodyka.com\/wp-content\/uploads\/2020\/05\/freezer.jpg\" alt=\"\" width=\"63\" height=\"63\" srcset=\"https:\/\/kodyka.com\/wp-content\/uploads\/2020\/05\/freezer.jpg 63w, https:\/\/kodyka.com\/wp-content\/uploads\/2020\/05\/freezer-36x36.jpg 36w\" sizes=\"(max-width: 63px) 100vw, 63px\" \/>Congel\u00e9<\/span><span class=\"avia-menu-fx\"><span class=\"avia-arrow-wrap\"><span class=\"avia-arrow\"><\/span><\/span><\/span><\/a><\/li>\n<li role=\"menuitem\" id=\"menu-item-9713\" class=\"menu-item menu-item-type-post_type menu-item-object-page menu-item-top-level menu-item-top-level-7\"><a href=\"https:\/\/kodyka.com\/fr\/industries\/confiserie-gateaux-et-sucreries-marquage-et-codage-industriels\/\" itemprop=\"url\" tabindex=\"0\"><span class=\"avia-bullet\"><\/span><span class=\"avia-menu-text\"><img alt=\"kodykar-tij-25-industries\" loading=\"lazy\" decoding=\"async\" class=\"alignnone size-full wp-image-3452 aligncenter\" src=\"https:\/\/fr.kodyka.com\/wp-content\/uploads\/2020\/05\/cake-shop.jpg\" alt=\"\" width=\"63\" height=\"63\" srcset=\"https:\/\/kodyka.com\/wp-content\/uploads\/2020\/05\/cake-shop.jpg 63w, https:\/\/kodyka.com\/wp-content\/uploads\/2020\/05\/cake-shop-36x36.jpg 36w\" sizes=\"(max-width: 63px) 100vw, 63px\" \/>Confiserie, g\u00e2teaux et sucreries<\/span><span class=\"avia-menu-fx\"><span class=\"avia-arrow-wrap\"><span class=\"avia-arrow\"><\/span><\/span><\/span><\/a><\/li>\n<li role=\"menuitem\" id=\"menu-item-9716\" class=\"menu-item menu-item-type-post_type menu-item-object-page menu-item-top-level menu-item-top-level-8\"><a href=\"https:\/\/kodyka.com\/fr\/industries\/pharmacie-cosmetiques-et-hygienecode-de-tracabilite\/\" itemprop=\"url\" tabindex=\"0\"><span class=\"avia-bullet\"><\/span><span class=\"avia-menu-text\"><img alt=\"kodykar-tij-25-industries\" loading=\"lazy\" decoding=\"async\" class=\"alignnone size-full wp-image-3572 aligncenter\" src=\"https:\/\/fr.kodyka.com\/wp-content\/uploads\/2020\/05\/pharmacy.jpg\" alt=\"\" width=\"63\" height=\"63\" srcset=\"https:\/\/kodyka.com\/wp-content\/uploads\/2020\/05\/pharmacy.jpg 63w, https:\/\/kodyka.com\/wp-content\/uploads\/2020\/05\/pharmacy-36x36.jpg 36w\" sizes=\"(max-width: 63px) 100vw, 63px\" \/>Pharmacie, cosm\u00e9tiques et hygi\u00e8ne<\/span><span class=\"avia-menu-fx\"><span class=\"avia-arrow-wrap\"><span class=\"avia-arrow\"><\/span><\/span><\/span><\/a><\/li>\n<li role=\"menuitem\" id=\"menu-item-9712\" class=\"menu-item menu-item-type-post_type menu-item-object-page menu-item-top-level menu-item-top-level-9\"><a href=\"https:\/\/kodyka.com\/fr\/industries\/cartes-postales-et-mailings-le-marquage-et-le-codage-des-cartes\/\" itemprop=\"url\" tabindex=\"0\"><span class=\"avia-bullet\"><\/span><span class=\"avia-menu-text\"><img alt=\"kodykar-tij-25-industries\" loading=\"lazy\" decoding=\"async\" class=\"alignnone size-full wp-image-3552 aligncenter\" src=\"https:\/\/fr.kodyka.com\/wp-content\/uploads\/2020\/05\/mail.jpg\" alt=\"\" width=\"63\" height=\"63\" srcset=\"https:\/\/kodyka.com\/wp-content\/uploads\/2020\/05\/mail.jpg 63w, https:\/\/kodyka.com\/wp-content\/uploads\/2020\/05\/mail-36x36.jpg 36w\" sizes=\"(max-width: 63px) 100vw, 63px\" \/>Cartes postales et mailings<\/span><span class=\"avia-menu-fx\"><span class=\"avia-arrow-wrap\"><span class=\"avia-arrow\"><\/span><\/span><\/span><\/a><\/li>\n<li role=\"menuitem\" id=\"menu-item-9719\" class=\"menu-item menu-item-type-post_type menu-item-object-page menu-item-top-level menu-item-top-level-10\"><a href=\"https:\/\/kodyka.com\/fr\/industries\/tracabilite-des-produits\/\" itemprop=\"url\" tabindex=\"0\"><span class=\"avia-bullet\"><\/span><span class=\"avia-menu-text\"><img alt=\"kodykar-tij-25-industries\" loading=\"lazy\" decoding=\"async\" class=\"alignnone size-full wp-image-3636 aligncenter\" src=\"https:\/\/fr.kodyka.com\/wp-content\/uploads\/2020\/05\/traceability-1.jpg\" alt=\"\" width=\"63\" height=\"63\" srcset=\"https:\/\/kodyka.com\/wp-content\/uploads\/2020\/05\/traceability-1.jpg 63w, https:\/\/kodyka.com\/wp-content\/uploads\/2020\/05\/traceability-1-36x36.jpg 36w\" sizes=\"(max-width: 63px) 100vw, 63px\" \/>Tra\u00e7abilit\u00e9 des produits<\/span><span class=\"avia-menu-fx\"><span class=\"avia-arrow-wrap\"><span class=\"avia-arrow\"><\/span><\/span><\/span><\/a><\/li>\n<\/ul><\/div><\/div><\/p>\n<div id='av_section_1'  class='avia-section av-kdzw5h3j-629542347f71a69c3a3677407eec0c93 header_color avia-section-default avia-no-border-styling  avia-builder-el-3  el_after_av_submenu  el_before_av_section  avia-bg-style-scroll container_wrap sidebar_right'  ><div class='container av-section-cont-open' ><div class='template-page content  av-content-small alpha units'><div class='post-entry post-entry-type-page post-entry-6849'><div class='entry-content-wrapper clearfix'>\n<\/div><\/div><\/div><!-- close content main div --><\/div><\/div>\n<style type=\"text\/css\" data-created_by=\"avia_inline_auto\" id=\"style-css-av-k9m0uwe1-3786915b6b3a8f05a567cbfe5e9c32d0\">\n.avia-section.av-k9m0uwe1-3786915b6b3a8f05a567cbfe5e9c32d0{\nbackground-color:#f7f7f7;\nbackground-image:url(https:\/\/kodyka.com\/wp-content\/uploads\/2020\/05\/fondo2.png);\nbackground-repeat:no-repeat;\nbackground-position:50% 100%;\nbackground-attachment:fixed;\n}\n.avia-section.av-k9m0uwe1-3786915b6b3a8f05a567cbfe5e9c32d0 .av-section-color-overlay{\nopacity:0.3;\nbackground-color:#f7f7f7;\nbackground-image:url(https:\/\/kodyka.com\/wp-content\/themes\/enfold\/images\/background-images\/dots-mini-light.png);\nbackground-repeat:repeat;\n}\n<\/style>\n<div id='av_section_2'  class='avia-section av-k9m0uwe1-3786915b6b3a8f05a567cbfe5e9c32d0 header_color avia-section-large avia-no-border-styling  avia-builder-el-4  el_after_av_section  avia-builder-el-last  avia-full-contain avia-bg-style-fixed av-section-color-overlay-active container_wrap sidebar_right'  data-section-bg-repeat='contain'><div class=\"av-section-color-overlay-wrap\"><div class=\"av-section-color-overlay\"><\/div><div class='container av-section-cont-open' ><div class='template-page content  av-content-small alpha units'><div class='post-entry post-entry-type-page post-entry-6849'><div class='entry-content-wrapper clearfix'>\n\n<style type=\"text\/css\" data-created_by=\"avia_inline_auto\" id=\"style-css-av-djz7h-b77463e554d5d8ed44e14c78a844c543\">\n.flex_column.av-djz7h-b77463e554d5d8ed44e14c78a844c543{\n-webkit-border-radius:0px 0px 0px 0px;\n-moz-border-radius:0px 0px 0px 0px;\nborder-radius:0px 0px 0px 0px;\npadding:0px 0px 0px 0px;\n}\n<\/style>\n<div class='flex_column av-djz7h-b77463e554d5d8ed44e14c78a844c543 av_one_half  avia-builder-el-5  el_before_av_one_half  avia-builder-el-first  first flex_column_div av-zero-column-padding '     ><style type=\"text\/css\" data-created_by=\"avia_inline_auto\" id=\"style-css-av-k9v92m66-7ed793c34aeb07114a1aadc6dd5a8df5\">\n.avia-image-container.av-k9v92m66-7ed793c34aeb07114a1aadc6dd5a8df5 img.avia_image{\nbox-shadow:none;\n}\n.avia-image-container.av-k9v92m66-7ed793c34aeb07114a1aadc6dd5a8df5 .av-image-caption-overlay-center{\ncolor:#ffffff;\n}\n<\/style>\n<div  class='avia-image-container av-k9v92m66-7ed793c34aeb07114a1aadc6dd5a8df5 av-styling- avia-align-center  avia-builder-el-6  avia-builder-el-no-sibling '   itemprop=\"image\" itemscope=\"itemscope\" itemtype=\"https:\/\/schema.org\/ImageObject\" ><div class=\"avia-image-container-inner\"><div class=\"avia-image-overlay-wrap\"><img alt=\"kodykar-tij-25-industries\" fetchpriority=\"high\" fetchpriority=\"high\" decoding=\"async\" class='wp-image-1893 avia-img-lazy-loading-not-1893 avia_image ' src=\"https:\/\/kodyka.com\/wp-content\/uploads\/2020\/04\/marking-and-coding.jpg\" alt='mat\u00e9riel de marquage et de codage' title='marquage et codage des produits'  height=\"344\" width=\"610\"  itemprop=\"thumbnailUrl\" srcset=\"https:\/\/kodyka.com\/wp-content\/uploads\/2020\/04\/marking-and-coding.jpg 610w, https:\/\/kodyka.com\/wp-content\/uploads\/2020\/04\/marking-and-coding-300x169.jpg 300w\" sizes=\"(max-width: 610px) 100vw, 610px\" \/><\/div><\/div><\/div><\/div>\n<style type=\"text\/css\" data-created_by=\"avia_inline_auto\" id=\"style-css-av-bp0pp-5f42b9de89cf739ab041c6e44707c3e3\">\n.flex_column.av-bp0pp-5f42b9de89cf739ab041c6e44707c3e3{\n-webkit-border-radius:0px 0px 0px 0px;\n-moz-border-radius:0px 0px 0px 0px;\nborder-radius:0px 0px 0px 0px;\npadding:0px 0px 0px 0px;\n}\n<\/style>\n<div class='flex_column av-bp0pp-5f42b9de89cf739ab041c6e44707c3e3 av_one_half  avia-builder-el-7  el_after_av_one_half  avia-builder-el-last  flex_column_div av-zero-column-padding '     ><div  class='avia-slideshow av-kdyfm0q2-623b4a6265f2d0a818d1cc2ea7c38331 avia-slideshow-featured av_slideshow avia-slide-slider  avia-builder-el-8  avia-builder-el-no-sibling  av-slideshow-ui av-control-default av-slideshow-manual av-loop-once av-loop-manual-endless av-default-height-applied avia-slideshow-1' data-slideshow-options=\"{&quot;animation&quot;:&quot;slide&quot;,&quot;autoplay&quot;:false,&quot;loop_autoplay&quot;:&quot;once&quot;,&quot;interval&quot;:5,&quot;loop_manual&quot;:&quot;manual-endless&quot;,&quot;autoplay_stopper&quot;:false,&quot;noNavigation&quot;:false,&quot;bg_slider&quot;:false,&quot;keep_padding&quot;:false,&quot;hoverpause&quot;:false,&quot;show_slide_delay&quot;:0}\"  itemprop=\"image\" itemscope=\"itemscope\" itemtype=\"https:\/\/schema.org\/ImageObject\" ><ul class='avia-slideshow-inner ' style='padding-bottom: 47.777777777778%;'><li  class='avia-slideshow-slide av-kdyfm0q2-623b4a6265f2d0a818d1cc2ea7c38331__1  slide-1 slide-odd'><div data-rel='slideshow-1' class='avia-slide-wrap '   ><img alt=\"kodykar-tij-25-industries\" decoding=\"async\" class=\"wp-image-8813 avia-img-lazy-loading-not-8813\"  src=\"https:\/\/kodyka.com\/wp-content\/uploads\/2020\/08\/marked-and-coding-pills-900x430.jpg\" width=\"900\" height=\"430\" title='l&#039;impression et le marquage des comprim\u00e9s avec des encres FDA' alt='Marquage direct sur les denr\u00e9es alimentaires avec des encres agr\u00e9\u00e9es.'  itemprop=\"thumbnailUrl\"   \/><\/div><\/li><li  class='avia-slideshow-slide av-kdyfm0q2-623b4a6265f2d0a818d1cc2ea7c38331__2  slide-2 slide-even'><div data-rel='slideshow-1' class='avia-slide-wrap '   ><img alt=\"kodykar-tij-25-industries\" decoding=\"async\" class=\"wp-image-8790 avia-img-lazy-loading-not-8790\"  src=\"https:\/\/kodyka.com\/wp-content\/uploads\/2020\/08\/CANDY-MAKING-AND-CODING-900x430.jpg\" width=\"900\" height=\"430\" title='UNE CONFISERIE, UNE BOULANGERIE ET DES BONBONS.' alt='Dates d&#039;expiration, num\u00e9ros de lot,'  itemprop=\"thumbnailUrl\"   \/><\/div><\/li><li  class='avia-slideshow-slide av-kdyfm0q2-623b4a6265f2d0a818d1cc2ea7c38331__3  slide-3 slide-odd'><div data-rel='slideshow-1' class='avia-slide-wrap '   ><img alt=\"kodykar-tij-25-industries\" loading=\"lazy\" loading=\"lazy\" decoding=\"async\" class=\"wp-image-9112 avia-img-lazy-loading-not-9112\"  src=\"https:\/\/kodyka.com\/wp-content\/uploads\/2020\/08\/coding-date-tube-900x430.jpg\" width=\"900\" height=\"430\" title='en codant le tube avec la date. TIJ2.5 Technologie du jet d&#039;encre thermique' alt='Codage des tubes. TIJ2.5 Technologie du jet d&#039;encre thermique'  itemprop=\"thumbnailUrl\"   \/><\/div><\/li><li  class='avia-slideshow-slide av-kdyfm0q2-623b4a6265f2d0a818d1cc2ea7c38331__4  slide-4 slide-even'><div data-rel='slideshow-1' class='avia-slide-wrap '   ><img alt=\"kodykar-tij-25-industries\" loading=\"lazy\" loading=\"lazy\" decoding=\"async\" class=\"wp-image-8960 avia-img-lazy-loading-not-8960\"  src=\"https:\/\/kodyka.com\/wp-content\/uploads\/2020\/08\/Pharmaceutical-products-marking-and-coding.jpg\" width=\"690\" height=\"390\" title='Codage des produits pharmaceutiques' alt='Impression de produits pharmaceutiques. Dates d&#039;expiration, num\u00e9ros de lot, QR'  itemprop=\"thumbnailUrl\" srcset=\"https:\/\/kodyka.com\/wp-content\/uploads\/2020\/08\/Pharmaceutical-products-marking-and-coding.jpg 690w, https:\/\/kodyka.com\/wp-content\/uploads\/2020\/08\/Pharmaceutical-products-marking-and-coding-300x170.jpg 300w\" sizes=\"auto, (max-width: 690px) 100vw, 690px\" \/><\/div><\/li><li  class='avia-slideshow-slide av-kdyfm0q2-623b4a6265f2d0a818d1cc2ea7c38331__5  slide-5 slide-odd'><div data-rel='slideshow-1' class='avia-slide-wrap '   ><img alt=\"kodykar-tij-25-industries\" loading=\"lazy\" loading=\"lazy\" decoding=\"async\" class=\"wp-image-8950 avia-img-lazy-loading-not-8950\"  src=\"https:\/\/kodyka.com\/wp-content\/uploads\/2020\/08\/marking-TIJ-printers-kodyka.jpg\" width=\"690\" height=\"390\" title='Marquage TIJ. Imprimantes Kodyka. Tra\u00e7abilit\u00e9 des produits' alt='Tra\u00e7abilit\u00e9 des produits. Dates d&#039;expiration, num\u00e9ros de lot, exemple de marquage'  itemprop=\"thumbnailUrl\" srcset=\"https:\/\/kodyka.com\/wp-content\/uploads\/2020\/08\/marking-TIJ-printers-kodyka.jpg 690w, https:\/\/kodyka.com\/wp-content\/uploads\/2020\/08\/marking-TIJ-printers-kodyka-300x170.jpg 300w\" sizes=\"auto, (max-width: 690px) 100vw, 690px\" \/><\/div><\/li><\/ul><div class='avia-slideshow-arrows avia-slideshow-controls' ><a href='#prev' class='prev-slide ' aria-hidden='true' data-av_icon='\ue87c' data-av_iconfont='entypo-fontello'  tabindex='-1'>Pr\u00e9c\u00e9dent<\/a><a href='#next' class='next-slide ' aria-hidden='true' data-av_icon='\ue87d' data-av_iconfont='entypo-fontello'  tabindex='-1'>Suivant<\/a><\/div><div class='avia-slideshow-dots avia-slideshow-controls'><a href='#1' class='goto-slide active' >1<\/a><a href='#2' class='goto-slide ' >2<\/a><a href='#3' class='goto-slide ' >3<\/a><a href='#4' class='goto-slide ' >4<\/a><a href='#5' class='goto-slide ' >5<\/a><\/div><\/div><\/div>\n<\/div><\/div><\/div><!-- close content main div --><\/div><\/div><\/div><div id='after_section_2'  class='main_color av_default_container_wrap container_wrap sidebar_right'  ><div class='container av-section-cont-open' ><div class='template-page content  av-content-small alpha units'><div class='post-entry post-entry-type-page post-entry-6849'><div class='entry-content-wrapper clearfix'>\n","protected":false},"excerpt":{"rendered":"","protected":false},"author":1,"featured_media":1893,"parent":0,"menu_order":0,"comment_status":"closed","ping_status":"closed","template":"","meta":{"footnotes":""},"class_list":["post-6849","page","type-page","status-publish","has-post-thumbnail","hentry"],"_links":{"self":[{"href":"https:\/\/kodyka.com\/fr\/wp-json\/wp\/v2\/pages\/6849","targetHints":{"allow":["GET"]}}],"collection":[{"href":"https:\/\/kodyka.com\/fr\/wp-json\/wp\/v2\/pages"}],"about":[{"href":"https:\/\/kodyka.com\/fr\/wp-json\/wp\/v2\/types\/page"}],"author":[{"embeddable":true,"href":"https:\/\/kodyka.com\/fr\/wp-json\/wp\/v2\/users\/1"}],"replies":[{"embeddable":true,"href":"https:\/\/kodyka.com\/fr\/wp-json\/wp\/v2\/comments?post=6849"}],"version-history":[{"count":17,"href":"https:\/\/kodyka.com\/fr\/wp-json\/wp\/v2\/pages\/6849\/revisions"}],"predecessor-version":[{"id":9734,"href":"https:\/\/kodyka.com\/fr\/wp-json\/wp\/v2\/pages\/6849\/revisions\/9734"}],"wp:featuredmedia":[{"embeddable":true,"href":"https:\/\/kodyka.com\/fr\/wp-json\/wp\/v2\/media\/1893"}],"wp:attachment":[{"href":"https:\/\/kodyka.com\/fr\/wp-json\/wp\/v2\/media?parent=6849"}],"curies":[{"name":"wp","href":"https:\/\/api.w.org\/{rel}","templated":true}]}}