{"id":6854,"date":"2020-03-31T10:13:25","date_gmt":"2020-03-31T10:13:25","guid":{"rendered":"https:\/\/kodyka.com\/inks\/"},"modified":"2020-09-10T08:14:33","modified_gmt":"2020-09-10T08:14:33","slug":"encres","status":"publish","type":"page","link":"https:\/\/kodyka.com\/fr\/encres\/","title":{"rendered":"Encres"},"content":{"rendered":"\n<style type=\"text\/css\" data-created_by=\"avia_inline_auto\" id=\"style-css-av-k8xui45c-4a3ab39e0aca77d19e93afcdbe5f16ea\">\n#top .av_textblock_section.av-k8xui45c-4a3ab39e0aca77d19e93afcdbe5f16ea .avia_textblock{\nfont-size:20px;\n}\n<\/style>\n<section  class='av_textblock_section av-k8xui45c-4a3ab39e0aca77d19e93afcdbe5f16ea'  itemscope=\"itemscope\" itemtype=\"https:\/\/schema.org\/CreativeWork\" ><div class='avia_textblock'  itemprop=\"text\" ><h2 style=\"text-align: center;\">ENCRES THERMIQUES INKJET<\/h2>\n<p style=\"text-align: center;\">Solutions de marquage pour le codage sur diff\u00e9rents substrats<\/p>\n<\/div><\/section>\n\n<style type=\"text\/css\" data-created_by=\"avia_inline_auto\" id=\"style-css-av-4pcwt-7878f7c0cdc1da88d5f5cfe2302fea5f\">\n.flex_column.av-4pcwt-7878f7c0cdc1da88d5f5cfe2302fea5f{\n-webkit-border-radius:0px 0px 0px 0px;\n-moz-border-radius:0px 0px 0px 0px;\nborder-radius:0px 0px 0px 0px;\npadding:0px 0px 0px 0px;\n}\n<\/style>\n<div class='flex_column av-4pcwt-7878f7c0cdc1da88d5f5cfe2302fea5f av_one_half  avia-builder-el-1  el_after_av_textblock  el_before_av_one_half  first flex_column_div av-zero-column-padding column-top-margin'     ><style type=\"text\/css\" data-created_by=\"avia_inline_auto\" id=\"style-css-av-k8xt58i3-93abb1c6bf106668d994b9fdefa9526b\">\n.avia-image-container.av-k8xt58i3-93abb1c6bf106668d994b9fdefa9526b img.avia_image{\nbox-shadow:none;\n}\n.avia-image-container.av-k8xt58i3-93abb1c6bf106668d994b9fdefa9526b .av-image-caption-overlay-center{\ncolor:#ffffff;\n}\n<\/style>\n<div  class='avia-image-container av-k8xt58i3-93abb1c6bf106668d994b9fdefa9526b av-styling- av-hover-grow avia-align-center  avia-builder-el-2  avia-builder-el-no-sibling '   itemprop=\"image\" itemscope=\"itemscope\" itemtype=\"https:\/\/schema.org\/ImageObject\" ><div class=\"avia-image-container-inner\"><div class=\"avia-image-overlay-wrap\"><img alt=\"kodykar-tij-25-encres\" fetchpriority=\"high\" fetchpriority=\"high\" decoding=\"async\" class='wp-image-1598 avia-img-lazy-loading-not-1598 avia_image ' src=\"https:\/\/kodyka.com\/wp-content\/uploads\/2020\/04\/ink-printers.jpg\" alt='cartouches tij 2.5' title='fabricant d&#039;encre inkjet tij 2.5'  height=\"700\" width=\"900\"  itemprop=\"thumbnailUrl\" srcset=\"https:\/\/kodyka.com\/wp-content\/uploads\/2020\/04\/ink-printers.jpg 900w, https:\/\/kodyka.com\/wp-content\/uploads\/2020\/04\/ink-printers-300x233.jpg 300w, https:\/\/kodyka.com\/wp-content\/uploads\/2020\/04\/ink-printers-768x597.jpg 768w, https:\/\/kodyka.com\/wp-content\/uploads\/2020\/04\/ink-printers-705x548.jpg 705w\" sizes=\"(max-width: 900px) 100vw, 900px\" \/><\/div><\/div><\/div><\/div>\n\n<style type=\"text\/css\" data-created_by=\"avia_inline_auto\" id=\"style-css-av-54wbp-5017f68d6ed62ce7057e65341e5daf09\">\n.flex_column.av-54wbp-5017f68d6ed62ce7057e65341e5daf09{\n-webkit-border-radius:0px 0px 0px 0px;\n-moz-border-radius:0px 0px 0px 0px;\nborder-radius:0px 0px 0px 0px;\npadding:0px 0px 0px 0px;\n}\n<\/style>\n<div class='flex_column av-54wbp-5017f68d6ed62ce7057e65341e5daf09 av_one_half  avia-builder-el-3  el_after_av_one_half  el_before_av_section  avia-builder-el-last  flex_column_div av-zero-column-padding column-top-margin'     ><p><section  class='av_textblock_section av-k8qd35ks-9daf8d790b5f69f90c8049022804e17c'  itemscope=\"itemscope\" itemtype=\"https:\/\/schema.org\/CreativeWork\" ><div class='avia_textblock'  itemprop=\"text\" ><p>KODYKA\u00ae dispose de plusieurs chimistes form\u00e9s dans les meilleures universit\u00e9s du pays. Nous sommes donc pr\u00e9sents sur le march\u00e9 des consommables pour jet d&#8217;encre thermique et nous voulons vous aider dans votre travail quotidien en fabriquant des encres et des nettoyants pour jet d&#8217;encre thermique pour les syst\u00e8mes d&#8217;impression avec la technologie TIJ2.5 qui sont utilis\u00e9s sur le march\u00e9 pour le marquage, le codage et la tra\u00e7abilit\u00e9 des produits industriels.<\/p>\n<p>En offrant toutes sortes de solutions aux distributeurs et aux utilisateurs finaux, ce n&#8217;est qu&#8217;ainsi que nous pouvons couvrir tous les besoins de marquage en offrant aux clients une alternative s\u00fbre et de qualit\u00e9 avec un service client\u00e8le personnalis\u00e9.<\/p>\n<p>Kodyka\u00ae recherche, d\u00e9veloppe et assure que ses encres parviennent aux clients test\u00e9s, contr\u00f4l\u00e9s et sans aucune d\u00e9faillance chimique, technique ou humaine gr\u00e2ce \u00e0 la politique de gestion de la qualit\u00e9 constante et au contr\u00f4le continu des produits.<\/p>\n<\/div><\/section><br \/>\n\n<style type=\"text\/css\" data-created_by=\"avia_inline_auto\" id=\"style-css-av-k97nunb8-51eba5096fe92e3cbcac5ace3ce72f1c\">\n#top .hr.hr-invisible.av-k97nunb8-51eba5096fe92e3cbcac5ace3ce72f1c{\nheight:50px;\n}\n<\/style>\n<div  class='hr av-k97nunb8-51eba5096fe92e3cbcac5ace3ce72f1c hr-invisible  avia-builder-el-5  el_after_av_textblock  el_before_av_textblock '><span class='hr-inner '><span class=\"hr-inner-style\"><\/span><\/span><\/div><br \/>\n\n<style type=\"text\/css\" data-created_by=\"avia_inline_auto\" id=\"style-css-av-k8qd35ks-53c6f83c66c0b09544da03b0945221f8\">\n#top .av_textblock_section.av-k8qd35ks-53c6f83c66c0b09544da03b0945221f8 .avia_textblock{\nfont-size:20px;\n}\n<\/style>\n<section  class='av_textblock_section av-k8qd35ks-53c6f83c66c0b09544da03b0945221f8'  itemscope=\"itemscope\" itemtype=\"https:\/\/schema.org\/CreativeWork\" ><div class='avia_textblock'  itemprop=\"text\" ><h3 style=\"text-align: left;\">Nous fabriquons des encres \u00e0 jet d&#8217;encre thermique<\/h3>\n<div class=\"flex_column av_one_half first\">\n<ul>\n<li id=\"menu-item-7221\" class=\"menu-item menu-item-type-post_type menu-item-object-page menu-item-7221\"><a href=\"https:\/\/fr.kodyka.com\/encres\/encres-nano-hybrides\/\">Nano hybrides<\/a><\/li>\n<li id=\"menu-item-7223\" class=\"menu-item menu-item-type-post_type menu-item-object-page menu-item-7223\"><a href=\"https:\/\/fr.kodyka.com\/encres\/encres-polymeres\/\">Polym\u00e8res<\/a><\/li>\n<li id=\"menu-item-7222\" class=\"menu-item menu-item-type-post_type menu-item-object-page menu-item-7222\"><a href=\"https:\/\/fr.kodyka.com\/encres\/pigmente\/\">Pigment\u00e9<\/a><\/li>\n<\/ul>\n<\/div>\n<div class=\"flex_column av_one_half\">\n<ul>\n<li id=\"menu-item-7220\" class=\"menu-item menu-item-type-post_type menu-item-object-page menu-item-7220\"><a href=\"https:\/\/fr.kodyka.com\/encres\/encres-alimentaires\/\">Encres alimentaires<\/a><\/li>\n<li id=\"menu-item-7224\" class=\"menu-item menu-item-type-post_type menu-item-object-page menu-item-7224\"><a href=\"https:\/\/fr.kodyka.com\/encres\/encres-de-securite\/\">Encres de s\u00e9curit\u00e9<\/a><\/li>\n<li id=\"menu-item-7225\" class=\"menu-item menu-item-type-post_type menu-item-object-page menu-item-7225\"><a href=\"https:\/\/fr.kodyka.com\/encres\/uv-led\/\">UV led<\/a><\/li>\n<\/ul>\n<\/div>\n<\/div><\/section><\/p><\/div><\/div><\/div><\/div><!-- close content main div --><\/div><\/div>\n<style type=\"text\/css\" data-created_by=\"avia_inline_auto\" id=\"style-css-av-k97aqsci-f3d4901ca614cf50f330fa9f27508661\">\n.avia-section.av-k97aqsci-f3d4901ca614cf50f330fa9f27508661 .av-parallax .av-parallax-inner{\nbackground-repeat:no-repeat;\nbackground-image:url(https:\/\/kodyka.com\/wp-content\/uploads\/2020\/04\/ink-factory-kodyka.jpg);\nbackground-position:100% 50%;\nbackground-attachment:scroll;\n}\n.avia-section.av-k97aqsci-f3d4901ca614cf50f330fa9f27508661 .av-section-color-overlay{\nopacity:0.8;\nbackground-color:#ffffff;\n}\n<\/style>\n<div id='av_section_1'  class='avia-section av-k97aqsci-f3d4901ca614cf50f330fa9f27508661 header_color avia-section-no-padding avia-no-border-styling  avia-builder-el-7  el_after_av_one_half  el_before_av_hr  avia-full-stretch av-parallax-section avia-bg-style-parallax av-section-color-overlay-active container_wrap sidebar_right'  data-section-bg-repeat='stretch'><div class='av-parallax' data-avia-parallax-ratio='0.3' ><div class='av-parallax-inner header_color avia-full-stretch'><\/div><\/div><div class=\"av-section-color-overlay-wrap\"><div class=\"av-section-color-overlay\"><\/div><div class='container av-section-cont-open' ><div class='template-page content  av-content-small alpha units'><div class='post-entry post-entry-type-page post-entry-6854'><div class='entry-content-wrapper clearfix'>\n<div class='flex_column_table av-3s2x1-1d89f49d8a195499a612713084607cee sc-av_one_half av-equal-height-column-flextable'>\n<style type=\"text\/css\" data-created_by=\"avia_inline_auto\" id=\"style-css-av-3s2x1-1d89f49d8a195499a612713084607cee\">\n.flex_column.av-3s2x1-1d89f49d8a195499a612713084607cee{\n-webkit-border-radius:0px 0px 0px 0px;\n-moz-border-radius:0px 0px 0px 0px;\nborder-radius:0px 0px 0px 0px;\npadding:0px 0px 0px 0px;\n}\n<\/style>\n<div class='flex_column av-3s2x1-1d89f49d8a195499a612713084607cee av_one_half  avia-builder-el-8  el_before_av_one_half  avia-builder-el-first  first flex_column_table_cell av-equal-height-column av-align-middle av-zero-column-padding '     ><style type=\"text\/css\" data-created_by=\"avia_inline_auto\" id=\"style-css-av-ka00vbtg-80476dcdb6517a33385129b3c9460304\">\n.avia-image-container.av-ka00vbtg-80476dcdb6517a33385129b3c9460304 img.avia_image{\nbox-shadow:none;\n}\n.avia-image-container.av-ka00vbtg-80476dcdb6517a33385129b3c9460304 .av-image-caption-overlay-center{\ncolor:#ffffff;\n}\n<\/style>\n<div  class='avia-image-container av-ka00vbtg-80476dcdb6517a33385129b3c9460304 av-styling- avia-align-center  avia-builder-el-9  avia-builder-el-no-sibling '   itemprop=\"image\" itemscope=\"itemscope\" itemtype=\"https:\/\/schema.org\/ImageObject\" ><div class=\"avia-image-container-inner\"><div class=\"avia-image-overlay-wrap\"><img alt=\"kodykar-tij-25-encres\" decoding=\"async\" class='wp-image-5153 avia-img-lazy-loading-not-5153 avia_image ' src=\"https:\/\/kodyka.com\/wp-content\/uploads\/2020\/05\/inks-factory-kodyka.jpg\" alt='' title='inks factory kodyka'  height=\"629\" width=\"943\"  itemprop=\"thumbnailUrl\" srcset=\"https:\/\/kodyka.com\/wp-content\/uploads\/2020\/05\/inks-factory-kodyka.jpg 943w, https:\/\/kodyka.com\/wp-content\/uploads\/2020\/05\/inks-factory-kodyka-300x200.jpg 300w, https:\/\/kodyka.com\/wp-content\/uploads\/2020\/05\/inks-factory-kodyka-768x512.jpg 768w, https:\/\/kodyka.com\/wp-content\/uploads\/2020\/05\/inks-factory-kodyka-705x470.jpg 705w\" sizes=\"(max-width: 943px) 100vw, 943px\" \/><\/div><\/div><\/div><\/div><div class='av-flex-placeholder'><\/div>\n<style type=\"text\/css\" data-created_by=\"avia_inline_auto\" id=\"style-css-av-3s2x1-ca92ca6190b49a098fffda27980d792c\">\n.flex_column.av-3s2x1-ca92ca6190b49a098fffda27980d792c{\n-webkit-border-radius:0px 0px 0px 0px;\n-moz-border-radius:0px 0px 0px 0px;\nborder-radius:0px 0px 0px 0px;\npadding:0px 20px 0px 20px;\nbackground-color:#f1f1f1;\n}\n<\/style>\n<div class='flex_column av-3s2x1-ca92ca6190b49a098fffda27980d792c av_one_half  avia-builder-el-10  el_after_av_one_half  avia-builder-el-last  flex_column_table_cell av-equal-height-column av-align-middle '     ><p>\n<style type=\"text\/css\" data-created_by=\"avia_inline_auto\" id=\"style-css-av-k8qd42nb-7a30f8197c09c3a37f07184ae5d3f502\">\n#top .av_textblock_section.av-k8qd42nb-7a30f8197c09c3a37f07184ae5d3f502 .avia_textblock{\nfont-size:20px;\n}\n<\/style>\n<section  class='av_textblock_section av-k8qd42nb-7a30f8197c09c3a37f07184ae5d3f502'  itemscope=\"itemscope\" itemtype=\"https:\/\/schema.org\/CreativeWork\" ><div class='avia_textblock'  itemprop=\"text\" ><p>Nos normes de qualit\u00e9 dans notre processus de fabrication r\u00e9pondent aux caract\u00e9ristiques suivantes :<\/p>\n<\/div><\/section><br \/>\n<section  class='av_textblock_section av-k8qd42nb-dfef586d23ed1004c7f9b0260215df6a'  itemscope=\"itemscope\" itemtype=\"https:\/\/schema.org\/CreativeWork\" ><div class='avia_textblock'  itemprop=\"text\" ><ul>\n<li>Des contr\u00f4les de qualit\u00e9 rigoureux de la mati\u00e8re premi\u00e8re.<\/li>\n<li>Des tests exhaustifs de contr\u00f4le de la qualit\u00e9 de l&#8217;encre et de son fonctionnement \u00e0 diff\u00e9rents niveaux de fabrication, garantissant des impressions de qualit\u00e9 pendant toute la p\u00e9riode d&#8217;utilisation.<\/li>\n<li>Pr\u00e9vention permanente des d\u00e9faillances dans le maintien de la qualit\u00e9.<\/li>\n<li>Personnel qualifi\u00e9.<\/li>\n<li>Tests constants des performances du syst\u00e8me \u00e0 court et \u00e0 long terme.<\/li>\n<li>Tests sur les mat\u00e9riaux avec les formules, les performances, le fonctionnement et la qualit\u00e9 d&#8217;impression.<\/li>\n<li>Essais comparatifs des encres avec les lots pr\u00e9c\u00e9dents pour garantir la stabilit\u00e9 de l&#8217;encre dans toutes les commandes.<\/li>\n<li>Contr\u00f4le de la performance de chaque type d&#8217;encre.<\/li>\n<li>Un emballage et un stockage ad\u00e9quats.<\/li>\n<\/ul>\n<\/div><\/section><\/p><\/div><\/div><!--close column table wrapper. Autoclose: 1 -->\n<\/div><\/div><\/div><!-- close content main div --><\/div><\/div><\/div><div id='after_section_1'  class='main_color av_default_container_wrap container_wrap sidebar_right'  ><div class='container av-section-cont-open' ><div class='template-page content  av-content-small alpha units'><div class='post-entry post-entry-type-page post-entry-6854'><div class='entry-content-wrapper clearfix'><\/p>\n\n<style type=\"text\/css\" data-created_by=\"avia_inline_auto\" id=\"style-css-av-k8xvmt5d-f4f2be987c7c4bd73e4d274532e99f55\">\n#top .hr.hr-invisible.av-k8xvmt5d-f4f2be987c7c4bd73e4d274532e99f55{\nheight:30px;\n}\n<\/style>\n<div  class='hr av-k8xvmt5d-f4f2be987c7c4bd73e4d274532e99f55 hr-invisible  avia-builder-el-13  el_after_av_section  el_before_av_one_half  avia-builder-el-first '><span class='hr-inner '><span class=\"hr-inner-style\"><\/span><\/span><\/div>\n\n<style type=\"text\/css\" data-created_by=\"avia_inline_auto\" id=\"style-css-av-35z5t-70c4ad83040bc5f15f9b32def576e5d3\">\n.flex_column.av-35z5t-70c4ad83040bc5f15f9b32def576e5d3{\n-webkit-border-radius:0px 0px 0px 0px;\n-moz-border-radius:0px 0px 0px 0px;\nborder-radius:0px 0px 0px 0px;\npadding:0px 0px 0px 0px;\n}\n<\/style>\n<div class='flex_column av-35z5t-70c4ad83040bc5f15f9b32def576e5d3 av_one_half  avia-builder-el-14  el_after_av_hr  el_before_av_one_half  first flex_column_div av-zero-column-padding '     ><p><section  class='av_textblock_section av-k8qd42nb-dfef586d23ed1004c7f9b0260215df6a'  itemscope=\"itemscope\" itemtype=\"https:\/\/schema.org\/CreativeWork\" ><div class='avia_textblock'  itemprop=\"text\" ><p>Nous d\u00e9veloppons des solutions innovantes pour nos clients en mati\u00e8re d&#8217;encres nano hybrides et polym\u00e8res, ainsi que la possibilit\u00e9 de fabriquer des encres sp\u00e9ciales pour des applications sp\u00e9cifiques telles que des encres avec une meilleure adh\u00e9rence, un s\u00e9chage plus rapide, un meilleur d\u00e9capsulage, des encres de s\u00e9curit\u00e9 invisibles avec une r\u00e9action rouge ou bleue, des encres micro pigment\u00e9es, de qualit\u00e9 alimentaire avec certificat FDA, des autoclaves, des encres de verre, des encres \u00e0 base d&#8217;UV et des encres qui r\u00e9sistent \u00e0 la st\u00e9rilisation et \u00e0 la cong\u00e9lation selon les exigences de chaque client.<\/p>\n<p>Certaines de nos encres sont certifi\u00e9es biologiques.<\/p>\n<p>Certaines de nos encres nano hybrides et polym\u00e8res sont en cours de brevetage car nous avons r\u00e9volutionn\u00e9 le march\u00e9 avec cette nouvelle gamme d&#8217;encres thermo jet d&#8217;encre<\/p>\n<\/div><\/section><br \/>\n<section  class='av_textblock_section av-k8qd35ks-9daf8d790b5f69f90c8049022804e17c'  itemscope=\"itemscope\" itemtype=\"https:\/\/schema.org\/CreativeWork\" ><div class='avia_textblock'  itemprop=\"text\" ><p><img alt=\"kodykar-tij-25-encres\" loading=\"lazy\" decoding=\"async\" class=\"size-full wp-image-985 aligncenter\" src=\"https:\/\/fr.kodyka.com\/wp-content\/uploads\/2020\/04\/green-ink.jpg\" alt=\"\" width=\"220\" height=\"89\" \/><\/p>\n<\/div><\/section><\/p><\/div>\n\n<style type=\"text\/css\" data-created_by=\"avia_inline_auto\" id=\"style-css-av-35z5t-50b5b0238da9180fa9f475fa4115c2a9\">\n.flex_column.av-35z5t-50b5b0238da9180fa9f475fa4115c2a9{\n-webkit-border-radius:0px 0px 0px 0px;\n-moz-border-radius:0px 0px 0px 0px;\nborder-radius:0px 0px 0px 0px;\npadding:0px 0px 0px 0px;\n}\n<\/style>\n<div class='flex_column av-35z5t-50b5b0238da9180fa9f475fa4115c2a9 av_one_half  avia-builder-el-17  el_after_av_one_half  el_before_av_section  avia-builder-el-last  flex_column_div av-zero-column-padding '     ><style type=\"text\/css\" data-created_by=\"avia_inline_auto\" id=\"style-css-av-k8xt58i3-8bc0270357eb6b88639a5b9a0166de02\">\n.avia-image-container.av-k8xt58i3-8bc0270357eb6b88639a5b9a0166de02 img.avia_image{\nbox-shadow:none;\n}\n.avia-image-container.av-k8xt58i3-8bc0270357eb6b88639a5b9a0166de02 .av-image-caption-overlay-center{\ncolor:#ffffff;\n}\n<\/style>\n<div  class='avia-image-container av-k8xt58i3-8bc0270357eb6b88639a5b9a0166de02 av-styling- avia-align-center  avia-builder-el-18  avia-builder-el-no-sibling '   itemprop=\"image\" itemscope=\"itemscope\" itemtype=\"https:\/\/schema.org\/ImageObject\" ><div class=\"avia-image-container-inner\"><div class=\"avia-image-overlay-wrap\"><img alt=\"kodykar-tij-25-encres\" decoding=\"async\" class='wp-image-1666 avia-img-lazy-loading-not-1666 avia_image ' src=\"https:\/\/kodyka.com\/wp-content\/uploads\/2020\/04\/inks-kodyka.jpg\" alt='fabricant de cartouches tij' title='encres kodyka'  height=\"500\" width=\"900\"  itemprop=\"thumbnailUrl\" srcset=\"https:\/\/kodyka.com\/wp-content\/uploads\/2020\/04\/inks-kodyka.jpg 900w, https:\/\/kodyka.com\/wp-content\/uploads\/2020\/04\/inks-kodyka-300x167.jpg 300w, https:\/\/kodyka.com\/wp-content\/uploads\/2020\/04\/inks-kodyka-768x427.jpg 768w, https:\/\/kodyka.com\/wp-content\/uploads\/2020\/04\/inks-kodyka-705x392.jpg 705w\" sizes=\"(max-width: 900px) 100vw, 900px\" \/><\/div><\/div><\/div><\/div>\n<\/div><\/div><\/div><!-- close content main div --><\/div><\/div>\n<style type=\"text\/css\" data-created_by=\"avia_inline_auto\" id=\"style-css-av-k8q92idu-74ffe5c35768e6e7182cf9e4b630a5e4\">\n.avia-section.av-k8q92idu-74ffe5c35768e6e7182cf9e4b630a5e4 .av-parallax .av-parallax-inner{\nbackground-repeat:no-repeat;\nbackground-image:url(https:\/\/kodyka.com\/wp-content\/uploads\/2020\/04\/tintas-TIJ.jpg);\nbackground-position:50% 50%;\nbackground-attachment:scroll;\n}\n.avia-section.av-k8q92idu-74ffe5c35768e6e7182cf9e4b630a5e4 .av-section-color-overlay{\nopacity:0.9;\nbackground-color:#94ff94;\n}\n<\/style>\n<div id='av_section_2'  class='avia-section av-k8q92idu-74ffe5c35768e6e7182cf9e4b630a5e4 header_color avia-section-default avia-no-border-styling  avia-builder-el-19  el_after_av_one_half  avia-builder-el-last  av-parallax-section avia-bg-style-parallax av-section-color-overlay-active container_wrap sidebar_right'  data-section-bg-repeat='no-repeat'><div class='av-parallax' data-avia-parallax-ratio='0.3' ><div class='av-parallax-inner header_color avia-full-stretch'><\/div><\/div><div class=\"av-section-color-overlay-wrap\"><div class=\"av-section-color-overlay\"><\/div><div class='container av-section-cont-open' ><div class='template-page content  av-content-small alpha units'><div class='post-entry post-entry-type-page post-entry-6854'><div class='entry-content-wrapper clearfix'>\n\n<style type=\"text\/css\" data-created_by=\"avia_inline_auto\" id=\"style-css-av-1f2kt-5f7d52fb8c063a7b2e55acd34deaffb0\">\n.flex_column.av-1f2kt-5f7d52fb8c063a7b2e55acd34deaffb0{\n-webkit-border-radius:0px 0px 0px 0px;\n-moz-border-radius:0px 0px 0px 0px;\nborder-radius:0px 0px 0px 0px;\npadding:0px 0px 0px 0px;\n}\n<\/style>\n<div class='flex_column av-1f2kt-5f7d52fb8c063a7b2e55acd34deaffb0 av_one_fifth  avia-builder-el-20  el_before_av_three_fifth  avia-builder-el-first  first flex_column_div av-zero-column-padding '     ><\/div>\n<style type=\"text\/css\" data-created_by=\"avia_inline_auto\" id=\"style-css-av-1f2kt-fdf283608b09c59da94177b418386199\">\n.flex_column.av-1f2kt-fdf283608b09c59da94177b418386199{\n-webkit-border-radius:0px 0px 0px 0px;\n-moz-border-radius:0px 0px 0px 0px;\nborder-radius:0px 0px 0px 0px;\npadding:0px 0px 0px 0px;\n}\n<\/style>\n<div class='flex_column av-1f2kt-fdf283608b09c59da94177b418386199 av_three_fifth  avia-builder-el-21  el_after_av_one_fifth  avia-builder-el-last  flex_column_div av-zero-column-padding '     ><style type=\"text\/css\" data-created_by=\"avia_inline_auto\" id=\"style-css-av-k8qd42nb-541feda37c61ada35e98dbebeb282914\">\n#top .av_textblock_section.av-k8qd42nb-541feda37c61ada35e98dbebeb282914 .avia_textblock{\nfont-size:22px;\n}\n<\/style>\n<section  class='av_textblock_section av-k8qd42nb-541feda37c61ada35e98dbebeb282914'  itemscope=\"itemscope\" itemtype=\"https:\/\/schema.org\/CreativeWork\" ><div class='avia_textblock av_inherit_color'  itemprop=\"text\" ><p style=\"text-align: center;\">Nous offrons un service de d\u00e9veloppement d&#8217;encres OEM pour les grands fabricants d&#8217;imprimantes \u00e0 jet d&#8217;encre thermique<\/p>\n<\/div><\/section><br \/>\n\n<style type=\"text\/css\" data-created_by=\"avia_inline_auto\" id=\"style-css-av-k8xt58i3-c49d61b75a5ecf262a0fa05fa6743957\">\n.avia-image-container.av-k8xt58i3-c49d61b75a5ecf262a0fa05fa6743957 img.avia_image{\nbox-shadow:none;\n}\n.avia-image-container.av-k8xt58i3-c49d61b75a5ecf262a0fa05fa6743957 .av-image-caption-overlay-center{\ncolor:#ffffff;\n}\n<\/style>\n<div  class='avia-image-container av-k8xt58i3-c49d61b75a5ecf262a0fa05fa6743957 av-styling- avia-align-center  avia-builder-el-23  el_after_av_textblock  avia-builder-el-last '   itemprop=\"image\" itemscope=\"itemscope\" itemtype=\"https:\/\/schema.org\/ImageObject\" ><div class=\"avia-image-container-inner\"><div class=\"avia-image-overlay-wrap\"><img alt=\"kodykar-tij-25-encres\" loading=\"lazy\" loading=\"lazy\" decoding=\"async\" class='wp-image-3265 avia-img-lazy-loading-not-3265 avia_image ' src=\"https:\/\/kodyka.com\/wp-content\/uploads\/2020\/05\/custom-inks.png\" alt='cartouches tij personnalis\u00e9es' title='cartouches tij personnalis\u00e9es'  height=\"298\" width=\"495\"  itemprop=\"thumbnailUrl\" srcset=\"https:\/\/kodyka.com\/wp-content\/uploads\/2020\/05\/custom-inks.png 495w, https:\/\/kodyka.com\/wp-content\/uploads\/2020\/05\/custom-inks-300x181.png 300w\" sizes=\"auto, (max-width: 495px) 100vw, 495px\" \/><\/div><\/div><\/div><\/p><\/div>\n<\/div><\/div><\/div><!-- close content main div --><\/div><\/div><\/div><div id='after_section_2'  class='main_color av_default_container_wrap container_wrap sidebar_right'  ><div class='container av-section-cont-open' ><div class='template-page content  av-content-small alpha units'><div class='post-entry post-entry-type-page post-entry-6854'><div class='entry-content-wrapper clearfix'>\n","protected":false},"excerpt":{"rendered":"","protected":false},"author":1,"featured_media":3828,"parent":0,"menu_order":0,"comment_status":"closed","ping_status":"closed","template":"","meta":{"footnotes":""},"class_list":["post-6854","page","type-page","status-publish","has-post-thumbnail","hentry"],"_links":{"self":[{"href":"https:\/\/kodyka.com\/fr\/wp-json\/wp\/v2\/pages\/6854","targetHints":{"allow":["GET"]}}],"collection":[{"href":"https:\/\/kodyka.com\/fr\/wp-json\/wp\/v2\/pages"}],"about":[{"href":"https:\/\/kodyka.com\/fr\/wp-json\/wp\/v2\/types\/page"}],"author":[{"embeddable":true,"href":"https:\/\/kodyka.com\/fr\/wp-json\/wp\/v2\/users\/1"}],"replies":[{"embeddable":true,"href":"https:\/\/kodyka.com\/fr\/wp-json\/wp\/v2\/comments?post=6854"}],"version-history":[{"count":4,"href":"https:\/\/kodyka.com\/fr\/wp-json\/wp\/v2\/pages\/6854\/revisions"}],"predecessor-version":[{"id":8546,"href":"https:\/\/kodyka.com\/fr\/wp-json\/wp\/v2\/pages\/6854\/revisions\/8546"}],"wp:featuredmedia":[{"embeddable":true,"href":"https:\/\/kodyka.com\/fr\/wp-json\/wp\/v2\/media\/3828"}],"wp:attachment":[{"href":"https:\/\/kodyka.com\/fr\/wp-json\/wp\/v2\/media?parent=6854"}],"curies":[{"name":"wp","href":"https:\/\/api.w.org\/{rel}","templated":true}]}}