{"id":9603,"date":"2020-05-05T19:40:23","date_gmt":"2020-05-05T19:40:23","guid":{"rendered":"https:\/\/kodyka.com\/industries\/trazabilidad\/"},"modified":"2020-09-10T17:28:09","modified_gmt":"2020-09-10T17:28:09","slug":"tracabilite-des-produits","status":"publish","type":"page","link":"https:\/\/kodyka.com\/fr\/industries\/tracabilite-des-produits\/","title":{"rendered":"Tra\u00e7abilit\u00e9 des produits"},"content":{"rendered":"\n<style type=\"text\/css\" data-created_by=\"avia_inline_auto\" id=\"style-css-av-a9fre5-d942d116aaaff0af7774098f8a6eb02f\">\n.flex_column.av-a9fre5-d942d116aaaff0af7774098f8a6eb02f{\n-webkit-border-radius:0px 0px 0px 0px;\n-moz-border-radius:0px 0px 0px 0px;\nborder-radius:0px 0px 0px 0px;\npadding:0px 0px 0px 0px;\n}\n<\/style>\n<div class='flex_column av-a9fre5-d942d116aaaff0af7774098f8a6eb02f av_one_full  avia-builder-el-0  el_before_av_one_half  avia-builder-el-first  first flex_column_div av-zero-column-padding '     ><section  class='av_textblock_section av-k9u598my-e0902d4947076263edb86b6778fe633c'  itemscope=\"itemscope\" itemtype=\"https:\/\/schema.org\/CreativeWork\" ><div class='avia_textblock'  itemprop=\"text\" ><h2 style=\"text-align: center;\">Tra\u00e7abilit\u00e9 des produits<\/h2>\n<\/div><\/section><\/div>\n\n<style type=\"text\/css\" data-created_by=\"avia_inline_auto\" id=\"style-css-av-8q9b1p-70eee9810df6c79d49d94100cd8afaaa\">\n.flex_column.av-8q9b1p-70eee9810df6c79d49d94100cd8afaaa{\n-webkit-border-radius:0px 0px 0px 0px;\n-moz-border-radius:0px 0px 0px 0px;\nborder-radius:0px 0px 0px 0px;\npadding:0px 0px 0px 0px;\n}\n<\/style>\n<div class='flex_column av-8q9b1p-70eee9810df6c79d49d94100cd8afaaa av_one_half  avia-builder-el-2  el_after_av_one_full  el_before_av_one_half  first flex_column_div av-zero-column-padding column-top-margin'     ><p>\n<style type=\"text\/css\" data-created_by=\"avia_inline_auto\" id=\"style-css-av-k9u5m5af-fa2d6436d6d74cbb428ded2a77684423\">\n.avia-image-container.av-k9u5m5af-fa2d6436d6d74cbb428ded2a77684423 img.avia_image{\nbox-shadow:none;\n}\n.avia-image-container.av-k9u5m5af-fa2d6436d6d74cbb428ded2a77684423 .av-image-caption-overlay-center{\ncolor:#ffffff;\n}\n<\/style>\n<div  class='avia-image-container av-k9u5m5af-fa2d6436d6d74cbb428ded2a77684423 av-styling- avia-align-center  avia-builder-el-3  el_before_av_image  avia-builder-el-first '   itemprop=\"image\" itemscope=\"itemscope\" itemtype=\"https:\/\/schema.org\/ImageObject\" ><div class=\"avia-image-container-inner\"><div class=\"avia-image-overlay-wrap\"><img alt=\"kodykar-tij-25-tracabilite-des-produits\" fetchpriority=\"high\" fetchpriority=\"high\" decoding=\"async\" class='wp-image-9168 avia-img-lazy-loading-not-9168 avia_image ' src=\"https:\/\/kodyka.com\/wp-content\/uploads\/2020\/08\/product-trazability-marking-and-coding-industrial-tij.jpg\" alt='Control de producci\u00f3n, stock. Trazabilidad y seguimineto de productos' title='Tra\u00e7abilit\u00e9 des produits. Imprimantes TIJ 2.5'  height=\"320\" width=\"700\"  itemprop=\"thumbnailUrl\" srcset=\"https:\/\/kodyka.com\/wp-content\/uploads\/2020\/08\/product-trazability-marking-and-coding-industrial-tij.jpg 700w, https:\/\/kodyka.com\/wp-content\/uploads\/2020\/08\/product-trazability-marking-and-coding-industrial-tij-300x137.jpg 300w\" sizes=\"(max-width: 700px) 100vw, 700px\" \/><\/div><\/div><\/div><br \/>\n\n<style type=\"text\/css\" data-created_by=\"avia_inline_auto\" id=\"style-css-av-k9u5m5af-876d3604c0dcf779b5eb94c68f173758\">\n.avia-image-container.av-k9u5m5af-876d3604c0dcf779b5eb94c68f173758 img.avia_image{\nbox-shadow:none;\n}\n.avia-image-container.av-k9u5m5af-876d3604c0dcf779b5eb94c68f173758 .av-image-caption-overlay-center{\ncolor:#ffffff;\n}\n<\/style>\n<div  class='avia-image-container av-k9u5m5af-876d3604c0dcf779b5eb94c68f173758 av-styling- avia-align-center  avia-builder-el-4  el_after_av_image  avia-builder-el-last '   itemprop=\"image\" itemscope=\"itemscope\" itemtype=\"https:\/\/schema.org\/ImageObject\" ><div class=\"avia-image-container-inner\"><div class=\"avia-image-overlay-wrap\"><img alt=\"kodykar-tij-25-tracabilite-des-produits\" decoding=\"async\" class='wp-image-9999 avia-img-lazy-loading-not-9999 avia_image ' src=\"https:\/\/kodyka.com\/wp-content\/uploads\/2020\/08\/product-trazability-marking-and-coding-industrial-tij-2.5.jpg\" alt='Tra\u00e7abilit\u00e9 des produits. Imprimantes TIJ 2.5' title='trazabilit\u00e9 des produits - marquage et codage industriel tij 2.5'  height=\"320\" width=\"700\"  itemprop=\"thumbnailUrl\" srcset=\"https:\/\/kodyka.com\/wp-content\/uploads\/2020\/08\/product-trazability-marking-and-coding-industrial-tij-2.5.jpg 700w, https:\/\/kodyka.com\/wp-content\/uploads\/2020\/08\/product-trazability-marking-and-coding-industrial-tij-2.5-300x137.jpg 300w\" sizes=\"(max-width: 700px) 100vw, 700px\" \/><\/div><\/div><\/div><\/p><\/div>\n<style type=\"text\/css\" data-created_by=\"avia_inline_auto\" id=\"style-css-av-7bhgkt-ced8480dac2bff57d7a9b75fb1998775\">\n.flex_column.av-7bhgkt-ced8480dac2bff57d7a9b75fb1998775{\n-webkit-border-radius:0px 0px 0px 0px;\n-moz-border-radius:0px 0px 0px 0px;\nborder-radius:0px 0px 0px 0px;\npadding:0px 0px 0px 0px;\n}\n<\/style>\n<div class='flex_column av-7bhgkt-ced8480dac2bff57d7a9b75fb1998775 av_one_half  avia-builder-el-5  el_after_av_one_half  el_before_av_section  avia-builder-el-last  flex_column_div av-zero-column-padding column-top-margin'     ><p><section  class='av_textblock_section av-k9u5aewc-798cd4b99f26882e7dca7f7490cdf8bd'  itemscope=\"itemscope\" itemtype=\"https:\/\/schema.org\/CreativeWork\" ><div class='avia_textblock'  itemprop=\"text\" ><p>Les solutions logicielles sont la cl\u00e9 pour r\u00e9duire les co\u00fbts d&#8217;emballage, optimiser les op\u00e9rations de codage des produits et se conformer aux r\u00e9glementations l\u00e9gales. Kodyka \u00ae offre une nouvelle gamme d&#8217;applications, con\u00e7ues pour compl\u00e9ter les informations contenues dans leurs \u00e9quipements de marquage.<\/p>\n<\/div><\/section><br \/>\n<section  class='av_textblock_section av-k9u5aewc-798cd4b99f26882e7dca7f7490cdf8bd'  itemscope=\"itemscope\" itemtype=\"https:\/\/schema.org\/CreativeWork\" ><div class='avia_textblock'  itemprop=\"text\" ><h3>Solutions sp\u00e9cifiques<\/h3>\n<p>Augmentez la flexibilit\u00e9 pour importer des donn\u00e9es de votre ERP dans diff\u00e9rents formats.<\/p>\n<p>Int\u00e9grer pleinement le logiciel dans les dispositifs de manutention des produits, les balances et les automates programmables (PLC) pour une gestion automatique des erreurs<\/p>\n<p>Rapporter les informations sur les d\u00e9fauts critiques et fonctionnels.<\/p>\n<p>R\u00e9duction et calcul de la consommation par marquage.<\/p>\n<p>Contr\u00f4le de la production.<\/p>\n<p>V\u00e9rification de la conformit\u00e9 et de l&#8217;exactitude des codes par rapport au produit.<\/p>\n<\/div><\/section><\/p><\/div><\/p>\n<\/div><\/div><\/div><!-- close content main div --><\/div><\/div>\n<style type=\"text\/css\" data-created_by=\"avia_inline_auto\" id=\"style-css-av-k9m0uwe1-b91b0332ac9dacc1ccefc2c569e9bdb0\">\n.avia-section.av-k9m0uwe1-b91b0332ac9dacc1ccefc2c569e9bdb0{\nbackground-color:#ffffff;\nbackground-image:url(https:\/\/kodyka.com\/wp-content\/uploads\/2020\/05\/fondo-transparente.png);\nbackground-repeat:no-repeat;\nbackground-position:50% 50%;\nbackground-attachment:fixed;\n}\n.avia-section.av-k9m0uwe1-b91b0332ac9dacc1ccefc2c569e9bdb0 .av-section-color-overlay{\nopacity:0.3;\nbackground-color:#ffffff;\nbackground-image:url(https:\/\/kodyka.com\/wp-content\/themes\/enfold\/images\/background-images\/dots-mini-light.png);\nbackground-repeat:repeat;\n}\n<\/style>\n<div id='av_section_1'  class='avia-section av-k9m0uwe1-b91b0332ac9dacc1ccefc2c569e9bdb0 header_color avia-section-large avia-no-border-styling  avia-builder-el-8  el_after_av_one_half  el_before_av_submenu  avia-full-contain avia-bg-style-fixed av-section-color-overlay-active container_wrap sidebar_right'  data-section-bg-repeat='contain'><div class=\"av-section-color-overlay-wrap\"><div class=\"av-section-color-overlay\"><\/div><div class='container av-section-cont-open' ><div class='template-page content  av-content-small alpha units'><div class='post-entry post-entry-type-page post-entry-9603'><div class='entry-content-wrapper clearfix'>\n<section  class='av_textblock_section av-k9u598my-e0902d4947076263edb86b6778fe633c'  itemscope=\"itemscope\" itemtype=\"https:\/\/schema.org\/CreativeWork\" ><div class='avia_textblock'  itemprop=\"text\" ><h2 style=\"text-align: center;\">INDUSTRIES<\/h2>\n<\/div><\/section>\n\n<\/div><\/div><\/div><!-- close content main div --><\/div><\/div><\/div><div id='sub_menu1'  class='av-submenu-container av-kdzvwk7w-8a25073bffe270d4bc7234d8a4cb93ed header_color av-switch-480  avia-builder-el-10  el_after_av_section  el_before_av_section  submenu-not-first container_wrap sidebar_right' style='z-index:301' ><div class='container av-menu-mobile-active av-submenu-pos-center'><a href=\"#\" class=\"mobile_menu_toggle\" aria-hidden='true' data-av_icon='\ue8a5' data-av_iconfont='entypo-fontello'><span class=\"av-current-placeholder\">Menu<\/span><\/a><ul id=\"menu-industrias_fr\" class=\"av-subnav-menu\"><li role=\"menuitem\" id=\"menu-item-9718\" class=\"menu-item menu-item-type-post_type menu-item-object-page menu-item-top-level menu-item-top-level-1\"><a href=\"https:\/\/kodyka.com\/fr\/industries\/protection-des-marques-code-uv\/\" itemprop=\"url\" tabindex=\"0\"><span class=\"avia-bullet\"><\/span><span class=\"avia-menu-text\"><img alt=\"kodykar-tij-25-tracabilite-des-produits\" decoding=\"async\" class=\"alignnone size-full wp-image-3626 aligncenter\" src=\"https:\/\/fr.kodyka.com\/wp-content\/uploads\/2020\/05\/brand-1.jpg\" alt=\"\" width=\"63\" height=\"63\" srcset=\"https:\/\/kodyka.com\/wp-content\/uploads\/2020\/05\/brand-1.jpg 63w, https:\/\/kodyka.com\/wp-content\/uploads\/2020\/05\/brand-1-36x36.jpg 36w\" sizes=\"(max-width: 63px) 100vw, 63px\" \/>Protection des marques<\/span><span class=\"avia-menu-fx\"><span class=\"avia-arrow-wrap\"><span class=\"avia-arrow\"><\/span><\/span><\/span><\/a><\/li>\n<li role=\"menuitem\" id=\"menu-item-9711\" class=\"menu-item menu-item-type-post_type menu-item-object-page menu-item-top-level menu-item-top-level-2\"><a href=\"https:\/\/kodyka.com\/fr\/industries\/cables-extrusion-de-tubes-et-profiles-marquage-et-codage-industriels\/\" itemprop=\"url\" tabindex=\"0\"><span class=\"avia-bullet\"><\/span><span class=\"avia-menu-text\"><img alt=\"kodykar-tij-25-tracabilite-des-produits\" loading=\"lazy\" decoding=\"async\" class=\"alignnone size-full wp-image-3592 aligncenter\" src=\"https:\/\/fr.kodyka.com\/wp-content\/uploads\/2020\/05\/tubes.jpg\" alt=\"\" width=\"63\" height=\"63\" srcset=\"https:\/\/kodyka.com\/wp-content\/uploads\/2020\/05\/tubes.jpg 63w, https:\/\/kodyka.com\/wp-content\/uploads\/2020\/05\/tubes-36x36.jpg 36w\" sizes=\"(max-width: 63px) 100vw, 63px\" \/>C\u00e2bles, extrusion de tubes et profil\u00e9s<\/span><span class=\"avia-menu-fx\"><span class=\"avia-arrow-wrap\"><span class=\"avia-arrow\"><\/span><\/span><\/span><\/a><\/li>\n<li role=\"menuitem\" id=\"menu-item-9710\" class=\"menu-item menu-item-type-post_type menu-item-object-page menu-item-top-level menu-item-top-level-3\"><a href=\"https:\/\/kodyka.com\/fr\/industries\/boissons-et-produits-laitiers-marquage-et-codage-industriels\/\" itemprop=\"url\" tabindex=\"0\"><span class=\"avia-bullet\"><\/span><span class=\"avia-menu-text\"><img loading=\"lazy\" decoding=\"async\" class=\"size-full wp-image-3472 aligncenter\" src=\"https:\/\/fr.kodyka.com\/wp-content\/uploads\/2020\/05\/drinks.jpg\" alt=\"drinks-kodykar-tij-25-tracabilite-des-produits\" width=\"63\" height=\"63\" srcset=\"https:\/\/kodyka.com\/wp-content\/uploads\/2020\/05\/drinks.jpg 63w, https:\/\/kodyka.com\/wp-content\/uploads\/2020\/05\/drinks-36x36.jpg 36w\" sizes=\"(max-width: 63px) 100vw, 63px\" \/>Boissons et produits laitiers<\/span><span class=\"avia-menu-fx\"><span class=\"avia-arrow-wrap\"><span class=\"avia-arrow\"><\/span><\/span><\/span><\/a><\/li>\n<li role=\"menuitem\" id=\"menu-item-9715\" class=\"menu-item menu-item-type-post_type menu-item-object-page menu-item-top-level menu-item-top-level-4\"><a href=\"https:\/\/kodyka.com\/fr\/industries\/materiel-electronique-et-electrique-imprimer-le-code\/\" itemprop=\"url\" tabindex=\"0\"><span class=\"avia-bullet\"><\/span><span class=\"avia-menu-text\"><img alt=\"kodykar-tij-25-tracabilite-des-produits\" loading=\"lazy\" decoding=\"async\" class=\"alignnone size-full wp-image-3492 aligncenter\" src=\"https:\/\/fr.kodyka.com\/wp-content\/uploads\/2020\/05\/electronic.jpg\" alt=\"\" width=\"63\" height=\"63\" srcset=\"https:\/\/kodyka.com\/wp-content\/uploads\/2020\/05\/electronic.jpg 63w, https:\/\/kodyka.com\/wp-content\/uploads\/2020\/05\/electronic-36x36.jpg 36w\" sizes=\"(max-width: 63px) 100vw, 63px\" \/>Mat\u00e9riel \u00e9lectronique et \u00e9lectrique<\/span><span class=\"avia-menu-fx\"><span class=\"avia-arrow-wrap\"><span class=\"avia-arrow\"><\/span><\/span><\/span><\/a><\/li>\n<li role=\"menuitem\" id=\"menu-item-9717\" class=\"menu-item menu-item-type-post_type menu-item-object-page menu-item-top-level menu-item-top-level-5\"><a href=\"https:\/\/kodyka.com\/fr\/industries\/produits-agro-alimentaires-marquage-et-codage-de-lindustrie-alimentaire\/\" itemprop=\"url\" tabindex=\"0\"><span class=\"avia-bullet\"><\/span><span class=\"avia-menu-text\"><img alt=\"kodykar-tij-25-tracabilite-des-produits\" loading=\"lazy\" decoding=\"async\" class=\"alignnone size-full wp-image-3512 aligncenter\" src=\"https:\/\/fr.kodyka.com\/wp-content\/uploads\/2020\/05\/foods.jpg\" alt=\"\" width=\"63\" height=\"63\" srcset=\"https:\/\/kodyka.com\/wp-content\/uploads\/2020\/05\/foods.jpg 63w, https:\/\/kodyka.com\/wp-content\/uploads\/2020\/05\/foods-36x36.jpg 36w\" sizes=\"(max-width: 63px) 100vw, 63px\" \/>Produits agro-alimentaires<\/span><span class=\"avia-menu-fx\"><span class=\"avia-arrow-wrap\"><span class=\"avia-arrow\"><\/span><\/span><\/span><\/a><\/li>\n<li role=\"menuitem\" id=\"menu-item-9714\" class=\"menu-item menu-item-type-post_type menu-item-object-page menu-item-top-level menu-item-top-level-6\"><a href=\"https:\/\/kodyka.com\/fr\/industries\/congele-le-marquage-par-code-a-barres\/\" itemprop=\"url\" tabindex=\"0\"><span class=\"avia-bullet\"><\/span><span class=\"avia-menu-text\"><img alt=\"kodykar-tij-25-tracabilite-des-produits\" loading=\"lazy\" decoding=\"async\" class=\"alignnone size-full wp-image-3532 aligncenter\" src=\"https:\/\/fr.kodyka.com\/wp-content\/uploads\/2020\/05\/freezer.jpg\" alt=\"\" width=\"63\" height=\"63\" srcset=\"https:\/\/kodyka.com\/wp-content\/uploads\/2020\/05\/freezer.jpg 63w, https:\/\/kodyka.com\/wp-content\/uploads\/2020\/05\/freezer-36x36.jpg 36w\" sizes=\"(max-width: 63px) 100vw, 63px\" \/>Congel\u00e9<\/span><span class=\"avia-menu-fx\"><span class=\"avia-arrow-wrap\"><span class=\"avia-arrow\"><\/span><\/span><\/span><\/a><\/li>\n<li role=\"menuitem\" id=\"menu-item-9713\" class=\"menu-item menu-item-type-post_type menu-item-object-page menu-item-top-level menu-item-top-level-7\"><a href=\"https:\/\/kodyka.com\/fr\/industries\/confiserie-gateaux-et-sucreries-marquage-et-codage-industriels\/\" itemprop=\"url\" tabindex=\"0\"><span class=\"avia-bullet\"><\/span><span class=\"avia-menu-text\"><img alt=\"kodykar-tij-25-tracabilite-des-produits\" loading=\"lazy\" decoding=\"async\" class=\"alignnone size-full wp-image-3452 aligncenter\" src=\"https:\/\/fr.kodyka.com\/wp-content\/uploads\/2020\/05\/cake-shop.jpg\" alt=\"\" width=\"63\" height=\"63\" srcset=\"https:\/\/kodyka.com\/wp-content\/uploads\/2020\/05\/cake-shop.jpg 63w, https:\/\/kodyka.com\/wp-content\/uploads\/2020\/05\/cake-shop-36x36.jpg 36w\" sizes=\"(max-width: 63px) 100vw, 63px\" \/>Confiserie, g\u00e2teaux et sucreries<\/span><span class=\"avia-menu-fx\"><span class=\"avia-arrow-wrap\"><span class=\"avia-arrow\"><\/span><\/span><\/span><\/a><\/li>\n<li role=\"menuitem\" id=\"menu-item-9716\" class=\"menu-item menu-item-type-post_type menu-item-object-page menu-item-top-level menu-item-top-level-8\"><a href=\"https:\/\/kodyka.com\/fr\/industries\/pharmacie-cosmetiques-et-hygienecode-de-tracabilite\/\" itemprop=\"url\" tabindex=\"0\"><span class=\"avia-bullet\"><\/span><span class=\"avia-menu-text\"><img alt=\"kodykar-tij-25-tracabilite-des-produits\" loading=\"lazy\" decoding=\"async\" class=\"alignnone size-full wp-image-3572 aligncenter\" src=\"https:\/\/fr.kodyka.com\/wp-content\/uploads\/2020\/05\/pharmacy.jpg\" alt=\"\" width=\"63\" height=\"63\" srcset=\"https:\/\/kodyka.com\/wp-content\/uploads\/2020\/05\/pharmacy.jpg 63w, https:\/\/kodyka.com\/wp-content\/uploads\/2020\/05\/pharmacy-36x36.jpg 36w\" sizes=\"(max-width: 63px) 100vw, 63px\" \/>Pharmacie, cosm\u00e9tiques et hygi\u00e8ne<\/span><span class=\"avia-menu-fx\"><span class=\"avia-arrow-wrap\"><span class=\"avia-arrow\"><\/span><\/span><\/span><\/a><\/li>\n<li role=\"menuitem\" id=\"menu-item-9712\" class=\"menu-item menu-item-type-post_type menu-item-object-page menu-item-top-level menu-item-top-level-9\"><a href=\"https:\/\/kodyka.com\/fr\/industries\/cartes-postales-et-mailings-le-marquage-et-le-codage-des-cartes\/\" itemprop=\"url\" tabindex=\"0\"><span class=\"avia-bullet\"><\/span><span class=\"avia-menu-text\"><img alt=\"kodykar-tij-25-tracabilite-des-produits\" loading=\"lazy\" decoding=\"async\" class=\"alignnone size-full wp-image-3552 aligncenter\" src=\"https:\/\/fr.kodyka.com\/wp-content\/uploads\/2020\/05\/mail.jpg\" alt=\"\" width=\"63\" height=\"63\" srcset=\"https:\/\/kodyka.com\/wp-content\/uploads\/2020\/05\/mail.jpg 63w, https:\/\/kodyka.com\/wp-content\/uploads\/2020\/05\/mail-36x36.jpg 36w\" sizes=\"(max-width: 63px) 100vw, 63px\" \/>Cartes postales et mailings<\/span><span class=\"avia-menu-fx\"><span class=\"avia-arrow-wrap\"><span class=\"avia-arrow\"><\/span><\/span><\/span><\/a><\/li>\n<li role=\"menuitem\" id=\"menu-item-9719\" class=\"menu-item menu-item-type-post_type menu-item-object-page menu-item-top-level menu-item-top-level-10\"><a href=\"https:\/\/kodyka.com\/fr\/industries\/tracabilite-des-produits\/\" itemprop=\"url\" tabindex=\"0\"><span class=\"avia-bullet\"><\/span><span class=\"avia-menu-text\"><img alt=\"kodykar-tij-25-tracabilite-des-produits\" loading=\"lazy\" decoding=\"async\" class=\"alignnone size-full wp-image-3636 aligncenter\" src=\"https:\/\/fr.kodyka.com\/wp-content\/uploads\/2020\/05\/traceability-1.jpg\" alt=\"\" width=\"63\" height=\"63\" srcset=\"https:\/\/kodyka.com\/wp-content\/uploads\/2020\/05\/traceability-1.jpg 63w, https:\/\/kodyka.com\/wp-content\/uploads\/2020\/05\/traceability-1-36x36.jpg 36w\" sizes=\"(max-width: 63px) 100vw, 63px\" \/>Tra\u00e7abilit\u00e9 des produits<\/span><span class=\"avia-menu-fx\"><span class=\"avia-arrow-wrap\"><span class=\"avia-arrow\"><\/span><\/span><\/span><\/a><\/li>\n<\/ul><\/div><\/div>\n\n<style type=\"text\/css\" data-created_by=\"avia_inline_auto\" id=\"style-css-av-k9m0uwe1-b91b0332ac9dacc1ccefc2c569e9bdb0\">\n.avia-section.av-k9m0uwe1-b91b0332ac9dacc1ccefc2c569e9bdb0{\nbackground-color:#ffffff;\nbackground-image:url(https:\/\/kodyka.com\/wp-content\/uploads\/2020\/05\/fondo-transparente.png);\nbackground-repeat:no-repeat;\nbackground-position:50% 50%;\nbackground-attachment:fixed;\n}\n.avia-section.av-k9m0uwe1-b91b0332ac9dacc1ccefc2c569e9bdb0 .av-section-color-overlay{\nopacity:0.3;\nbackground-color:#ffffff;\nbackground-image:url(https:\/\/kodyka.com\/wp-content\/themes\/enfold\/images\/background-images\/dots-mini-light.png);\nbackground-repeat:repeat;\n}\n<\/style>\n<div id='av_section_2'  class='avia-section av-k9m0uwe1-b91b0332ac9dacc1ccefc2c569e9bdb0 header_color avia-section-large avia-no-border-styling  avia-builder-el-11  el_after_av_submenu  avia-builder-el-last  avia-full-contain avia-bg-style-fixed av-section-color-overlay-active container_wrap sidebar_right'  data-section-bg-repeat='contain'><div class=\"av-section-color-overlay-wrap\"><div class=\"av-section-color-overlay\"><\/div><div class='container av-section-cont-open' ><div class='template-page content  av-content-small alpha units'><div class='post-entry post-entry-type-page post-entry-9603'><div class='entry-content-wrapper clearfix'><\/div><\/div><\/div><!-- close content main div --><\/div><\/div><\/div><div id='after_section_2'  class='main_color av_default_container_wrap container_wrap sidebar_right'  ><div class='container av-section-cont-open' ><div class='template-page content  av-content-small alpha units'><div class='post-entry post-entry-type-page post-entry-9603'><div class='entry-content-wrapper clearfix'>\n","protected":false},"excerpt":{"rendered":"","protected":false},"author":1,"featured_media":9168,"parent":6849,"menu_order":0,"comment_status":"closed","ping_status":"closed","template":"","meta":{"footnotes":""},"class_list":["post-9603","page","type-page","status-publish","has-post-thumbnail","hentry"],"_links":{"self":[{"href":"https:\/\/kodyka.com\/fr\/wp-json\/wp\/v2\/pages\/9603","targetHints":{"allow":["GET"]}}],"collection":[{"href":"https:\/\/kodyka.com\/fr\/wp-json\/wp\/v2\/pages"}],"about":[{"href":"https:\/\/kodyka.com\/fr\/wp-json\/wp\/v2\/types\/page"}],"author":[{"embeddable":true,"href":"https:\/\/kodyka.com\/fr\/wp-json\/wp\/v2\/users\/1"}],"replies":[{"embeddable":true,"href":"https:\/\/kodyka.com\/fr\/wp-json\/wp\/v2\/comments?post=9603"}],"version-history":[{"count":4,"href":"https:\/\/kodyka.com\/fr\/wp-json\/wp\/v2\/pages\/9603\/revisions"}],"predecessor-version":[{"id":10009,"href":"https:\/\/kodyka.com\/fr\/wp-json\/wp\/v2\/pages\/9603\/revisions\/10009"}],"up":[{"embeddable":true,"href":"https:\/\/kodyka.com\/fr\/wp-json\/wp\/v2\/pages\/6849"}],"wp:featuredmedia":[{"embeddable":true,"href":"https:\/\/kodyka.com\/fr\/wp-json\/wp\/v2\/media\/9168"}],"wp:attachment":[{"href":"https:\/\/kodyka.com\/fr\/wp-json\/wp\/v2\/media?parent=9603"}],"curies":[{"name":"wp","href":"https:\/\/api.w.org\/{rel}","templated":true}]}}