{"id":14894,"date":"2023-01-16T19:26:07","date_gmt":"2023-01-16T19:26:07","guid":{"rendered":"https:\/\/kodyka.com\/ribbon\/"},"modified":"2023-03-07T19:25:25","modified_gmt":"2023-03-07T19:25:25","slug":"nastro","status":"publish","type":"page","link":"https:\/\/kodyka.com\/it\/nastro\/","title":{"rendered":"Nastro"},"content":{"rendered":"<section  class='av_textblock_section av-le6abthm-beca57adb6512cf55ad6aeeb290e58bb'  itemscope=\"itemscope\" itemtype=\"https:\/\/schema.org\/CreativeWork\" ><div class='avia_textblock'  itemprop=\"text\" ><h2 style=\"text-align: center;\">Nastro<\/h2>\n<\/div><\/section>\n\n<style type=\"text\/css\" data-created_by=\"avia_inline_auto\" id=\"style-css-av-18ajf14-d88911493ae2706d1e395b8b518e93f9\">\n.flex_column.av-18ajf14-d88911493ae2706d1e395b8b518e93f9{\n-webkit-border-radius:0px 0px 0px 0px;\n-moz-border-radius:0px 0px 0px 0px;\nborder-radius:0px 0px 0px 0px;\npadding:0px 0px 0px 0px;\n}\n<\/style>\n<div class='flex_column av-18ajf14-d88911493ae2706d1e395b8b518e93f9 av_one_fifth  avia-builder-el-1  el_after_av_textblock  el_before_av_three_fifth  first flex_column_div av-zero-column-padding column-top-margin'     ><\/div>\n\n<style type=\"text\/css\" data-created_by=\"avia_inline_auto\" id=\"style-css-av-jpc4t4-3c58b538cfa6f320e2a9c08e0af95633\">\n.flex_column.av-jpc4t4-3c58b538cfa6f320e2a9c08e0af95633{\n-webkit-border-radius:0px 0px 0px 0px;\n-moz-border-radius:0px 0px 0px 0px;\nborder-radius:0px 0px 0px 0px;\npadding:0px 0px 0px 0px;\n}\n<\/style>\n<div class='flex_column av-jpc4t4-3c58b538cfa6f320e2a9c08e0af95633 av_three_fifth  avia-builder-el-2  el_after_av_one_fifth  el_before_av_one_third  flex_column_div av-zero-column-padding column-top-margin'     ><style type=\"text\/css\" data-created_by=\"avia_inline_auto\" id=\"style-css-av-le6ab8c5-bb05948ab53e516b9c5dd24fde63df47\">\n.avia-image-container.av-le6ab8c5-bb05948ab53e516b9c5dd24fde63df47 img.avia_image{\nbox-shadow:none;\n}\n.avia-image-container.av-le6ab8c5-bb05948ab53e516b9c5dd24fde63df47 .av-image-caption-overlay-center{\ncolor:#ffffff;\n}\n<\/style>\n<div  class='avia-image-container av-le6ab8c5-bb05948ab53e516b9c5dd24fde63df47 av-styling- avia-align-center  avia-builder-el-3  avia-builder-el-no-sibling '   itemprop=\"image\" itemscope=\"itemscope\" itemtype=\"https:\/\/schema.org\/ImageObject\" ><div class=\"avia-image-container-inner\"><div class=\"avia-image-overlay-wrap\"><img alt=\"kodykar-tij-25-nastro\" fetchpriority=\"high\" fetchpriority=\"high\" decoding=\"async\" class='wp-image-14340 avia-img-lazy-loading-not-14340 avia_image ' src=\"https:\/\/kodyka.com\/wp-content\/uploads\/2023\/02\/ribbon-tto.jpg\" alt='ribbon tto' title='ribbon tto'  height=\"700\" width=\"1200\"  itemprop=\"thumbnailUrl\" srcset=\"https:\/\/kodyka.com\/wp-content\/uploads\/2023\/02\/ribbon-tto.jpg 1200w, https:\/\/kodyka.com\/wp-content\/uploads\/2023\/02\/ribbon-tto-300x175.jpg 300w, https:\/\/kodyka.com\/wp-content\/uploads\/2023\/02\/ribbon-tto-1030x601.jpg 1030w, https:\/\/kodyka.com\/wp-content\/uploads\/2023\/02\/ribbon-tto-768x448.jpg 768w, https:\/\/kodyka.com\/wp-content\/uploads\/2023\/02\/ribbon-tto-705x411.jpg 705w\" sizes=\"(max-width: 1200px) 100vw, 1200px\" \/><\/div><\/div><\/div><\/div>\n\n<style type=\"text\/css\" data-created_by=\"avia_inline_auto\" id=\"style-css-av-1l3cx94-318d302a00d8b0a842c6c7519a0316bf\">\n.flex_column.av-1l3cx94-318d302a00d8b0a842c6c7519a0316bf{\n-webkit-border-radius:0px 0px 0px 0px;\n-moz-border-radius:0px 0px 0px 0px;\nborder-radius:0px 0px 0px 0px;\npadding:0px 0px 0px 0px;\n}\n<\/style>\n<div class='flex_column av-1l3cx94-318d302a00d8b0a842c6c7519a0316bf av_one_third  avia-builder-el-4  el_after_av_three_fifth  el_before_av_one_third  first flex_column_div av-zero-column-padding '     ><section  class='av_textblock_section av-le6a2c8x-4f185fa28fced734faef6be31473f94a'  itemscope=\"itemscope\" itemtype=\"https:\/\/schema.org\/CreativeWork\" ><div class='avia_textblock'  itemprop=\"text\" ><h3>Nastri termici in cera<\/h3>\n<p>I nastri termici in cera sono la variet\u00e0 pi\u00f9 economica della gamma di nastri termici e sono adatti per la stampa generica su supporti cartacei. Sebbene questa gamma sia economica, offre una resistenza superiore all&#8217;abrasione e un&#8217;eccellente qualit\u00e0 di stampa su codici a barre normali e ruotati su carta patinata e non patinata.<\/p>\n<p>L&#8217;elevato rapporto di cera nella formulazione fa s\u00ec che questi nastri abbiano un punto di fusione pi\u00f9 basso, per cui \u00e8 possibile utilizzare un&#8217;impostazione termica pi\u00f9 bassa sulla stampante e raggiungere velocit\u00e0 di stampa elevate.<\/p>\n<p>I nastri a cera sono consigliati per applicazioni e usi quali etichette e cartellini patinati e non patinati, etichettatura per usi generici, etichette per spedizioni, etichettatura di cartoni, cartellini ed etichette per la vendita al dettaglio, applicazioni di stampa e applicazione.<\/p>\n<\/div><\/section><\/div>\n<style type=\"text\/css\" data-created_by=\"avia_inline_auto\" id=\"style-css-av-1917mxk-6fe8b23921d10fb34ecf8a2a278435d7\">\n.flex_column.av-1917mxk-6fe8b23921d10fb34ecf8a2a278435d7{\n-webkit-border-radius:0px 0px 0px 0px;\n-moz-border-radius:0px 0px 0px 0px;\nborder-radius:0px 0px 0px 0px;\npadding:0px 0px 0px 0px;\n}\n<\/style>\n<div class='flex_column av-1917mxk-6fe8b23921d10fb34ecf8a2a278435d7 av_one_third  avia-builder-el-6  el_after_av_one_third  el_before_av_one_third  flex_column_div av-zero-column-padding '     ><section  class='av_textblock_section av-le6a2c8x-4f185fa28fced734faef6be31473f94a'  itemscope=\"itemscope\" itemtype=\"https:\/\/schema.org\/CreativeWork\" ><div class='avia_textblock'  itemprop=\"text\" ><h3>Nastri termici in cera-resina<\/h3>\n<p>I nastri termici cera-resina sono adatti alle etichette che richiedono una lunga durata e forniscono un&#8217;immagine pi\u00f9 fine su etichette in carta molto liscia o patinata e lucida e su alcuni supporti sinestetici. L&#8217;immagine stampata prodotta da un nastro in cera-resina \u00e8 pi\u00f9 durevole della cera, garantendo una resistenza superiore alle sbavature e ai graffi e un&#8217;eccellente resistenza ai graffi o allo sfregamento, che possono essere un problema comune per il trasporto merci.<\/p>\n<p>Le applicazioni e gli usi raccomandati per i nastri cera-resina includono: applicazioni di stampa ad alta velocit\u00e0, etichettatura di scaffali e contenitori, etichettatura di fusti, etichettatura di marcatura dei pezzi ed etichette ad alta brillantezza.<\/p>\n<\/div><\/section><\/div>\n<style type=\"text\/css\" data-created_by=\"avia_inline_auto\" id=\"style-css-av-w45ybc-1d3c7f1fac501138f3e06af6c58d2e57\">\n.flex_column.av-w45ybc-1d3c7f1fac501138f3e06af6c58d2e57{\n-webkit-border-radius:0px 0px 0px 0px;\n-moz-border-radius:0px 0px 0px 0px;\nborder-radius:0px 0px 0px 0px;\npadding:0px 0px 0px 0px;\n}\n<\/style>\n<div class='flex_column av-w45ybc-1d3c7f1fac501138f3e06af6c58d2e57 av_one_third  avia-builder-el-8  el_after_av_one_third  avia-builder-el-last  flex_column_div av-zero-column-padding '     ><section  class='av_textblock_section av-le6a2c8x-4f185fa28fced734faef6be31473f94a'  itemscope=\"itemscope\" itemtype=\"https:\/\/schema.org\/CreativeWork\" ><div class='avia_textblock'  itemprop=\"text\" ><h3>Nastri termici in resina<\/h3>\n<p>I nastri completamente in resina offrono prestazioni eccellenti producendo etichette con una stampa nitida e chiara. I nastri in resina resistono bene in ambienti difficili come applicazioni UV corrosive e ad alte temperature, umidit\u00e0, abrasione e applicazioni impegnative.<\/p>\n<p>Le applicazioni e gli usi raccomandati per i nastri in resina includono: etichette super lucide e sintetiche, applicazioni estreme come l&#8217;etichettatura di fusti pericolosi, etichette che richiedono una lunga durata e tutti i tipi di etichettatura all&#8217;aperto che richiedono una certa resistenza.<\/p>\n<\/div><\/section><\/div><\/p>\n","protected":false},"excerpt":{"rendered":"","protected":false},"author":1,"featured_media":0,"parent":0,"menu_order":0,"comment_status":"closed","ping_status":"closed","template":"","meta":{"footnotes":""},"class_list":["post-14894","page","type-page","status-publish","hentry"],"_links":{"self":[{"href":"https:\/\/kodyka.com\/it\/wp-json\/wp\/v2\/pages\/14894","targetHints":{"allow":["GET"]}}],"collection":[{"href":"https:\/\/kodyka.com\/it\/wp-json\/wp\/v2\/pages"}],"about":[{"href":"https:\/\/kodyka.com\/it\/wp-json\/wp\/v2\/types\/page"}],"author":[{"embeddable":true,"href":"https:\/\/kodyka.com\/it\/wp-json\/wp\/v2\/users\/1"}],"replies":[{"embeddable":true,"href":"https:\/\/kodyka.com\/it\/wp-json\/wp\/v2\/comments?post=14894"}],"version-history":[{"count":1,"href":"https:\/\/kodyka.com\/it\/wp-json\/wp\/v2\/pages\/14894\/revisions"}],"predecessor-version":[{"id":14895,"href":"https:\/\/kodyka.com\/it\/wp-json\/wp\/v2\/pages\/14894\/revisions\/14895"}],"wp:attachment":[{"href":"https:\/\/kodyka.com\/it\/wp-json\/wp\/v2\/media?parent=14894"}],"curies":[{"name":"wp","href":"https:\/\/api.w.org\/{rel}","templated":true}]}}