{"id":6666,"date":"2020-03-31T10:12:37","date_gmt":"2020-03-31T10:12:37","guid":{"rendered":"https:\/\/kodyka.com\/certifications-and-warranty\/"},"modified":"2020-09-10T11:22:17","modified_gmt":"2020-09-10T11:22:17","slug":"certificazioni-e-garanzia","status":"publish","type":"page","link":"https:\/\/kodyka.com\/it\/certificazioni-e-garanzia\/","title":{"rendered":"Certificazioni e garanzia"},"content":{"rendered":"\n<style type=\"text\/css\" data-created_by=\"avia_inline_auto\" id=\"style-css-av-wqxh-b5809038235ec74056dc115b37bb77ea\">\n.flex_column.av-wqxh-b5809038235ec74056dc115b37bb77ea{\n-webkit-border-radius:0px 0px 0px 0px;\n-moz-border-radius:0px 0px 0px 0px;\nborder-radius:0px 0px 0px 0px;\npadding:0px 0px 0px 0px;\n}\n<\/style>\n<div class='flex_column av-wqxh-b5809038235ec74056dc115b37bb77ea av_one_full  avia-builder-el-0  el_before_av_one_half  avia-builder-el-first  first flex_column_div av-zero-column-padding '     ><style type=\"text\/css\" data-created_by=\"avia_inline_auto\" id=\"style-css-av-k9rjzkog-8b5b219c8b35bc39fcab3d3c35328226\">\n#top .av_textblock_section.av-k9rjzkog-8b5b219c8b35bc39fcab3d3c35328226 .avia_textblock{\nfont-size:20px;\n}\n<\/style>\n<section  class='av_textblock_section av-k9rjzkog-8b5b219c8b35bc39fcab3d3c35328226'  itemscope=\"itemscope\" itemtype=\"https:\/\/schema.org\/CreativeWork\" ><div class='avia_textblock'  itemprop=\"text\" ><h2 style=\"text-align: center;\">CERTIFICAZIONI E GARANZIA<\/h2>\n<p style=\"text-align: center;\">Certificazioni riconosciute a livello internazionale. Elevati standard di qualit\u00e0<\/p>\n<\/div><\/section><br \/>\n\n<style type=\"text\/css\" data-created_by=\"avia_inline_auto\" id=\"style-css-av-k9rky39s-aef9110cfe21fa0ccf806293d4a53540\">\n#top .hr.hr-invisible.av-k9rky39s-aef9110cfe21fa0ccf806293d4a53540{\nheight:20px;\n}\n<\/style>\n<div  class='hr av-k9rky39s-aef9110cfe21fa0ccf806293d4a53540 hr-invisible  avia-builder-el-2  el_after_av_textblock  avia-builder-el-last '><span class='hr-inner '><span class=\"hr-inner-style\"><\/span><\/span><\/div><\/p><\/div><div class='flex_column_table av-43ikd-525959738f4ebefe4f1ac20d7122d518 sc-av_one_half av-equal-height-column-flextable'>\n<style type=\"text\/css\" data-created_by=\"avia_inline_auto\" id=\"style-css-av-43ikd-525959738f4ebefe4f1ac20d7122d518\">\n.flex_column.av-43ikd-525959738f4ebefe4f1ac20d7122d518{\n-webkit-border-radius:0px 0px 0px 0px;\n-moz-border-radius:0px 0px 0px 0px;\nborder-radius:0px 0px 0px 0px;\npadding:20px 20px 20px 20px;\nbackground-color:#f2f2f2;\n}\n<\/style>\n<div class='flex_column av-43ikd-525959738f4ebefe4f1ac20d7122d518 av_one_half  avia-builder-el-3  el_after_av_one_full  el_before_av_one_half  first flex_column_table_cell av-equal-height-column av-align-top column-top-margin'     ><style type=\"text\/css\" data-created_by=\"avia_inline_auto\" id=\"style-css-av-k8q8jp1o-bcfdbc01287989a3dc98cf738bcac6e7\">\n#top .av_textblock_section.av-k8q8jp1o-bcfdbc01287989a3dc98cf738bcac6e7 .avia_textblock{\nfont-size:18px;\n}\n<\/style>\n<section  class='av_textblock_section av-k8q8jp1o-bcfdbc01287989a3dc98cf738bcac6e7'  itemscope=\"itemscope\" itemtype=\"https:\/\/schema.org\/CreativeWork\" ><div class='avia_textblock'  itemprop=\"text\" ><p>Le stampanti e gli inchiostri Kodyka\u00ae non solo sono conformi alle normative e ai requisiti nazionali, ma ci adoperiamo anche per garantire che i nostri prodotti di produzione soddisfino i pi\u00f9 elevati standard di qualit\u00e0.<\/p>\n<\/div><\/section><\/div><div class='av-flex-placeholder'><\/div>\n<style type=\"text\/css\" data-created_by=\"avia_inline_auto\" id=\"style-css-av-43ikd-a8878723b9772c39ed1834562064c099\">\n.flex_column.av-43ikd-a8878723b9772c39ed1834562064c099{\n-webkit-border-radius:0px 0px 0px 0px;\n-moz-border-radius:0px 0px 0px 0px;\nborder-radius:0px 0px 0px 0px;\npadding:20px 20px 20px 20px;\nbackground-color:#f2f2f2;\n}\n<\/style>\n<div class='flex_column av-43ikd-a8878723b9772c39ed1834562064c099 av_one_half  avia-builder-el-5  el_after_av_one_half  el_before_av_one_full  flex_column_table_cell av-equal-height-column av-align-top column-top-margin'     ><style type=\"text\/css\" data-created_by=\"avia_inline_auto\" id=\"style-css-av-k8q8jp1o-bcfdbc01287989a3dc98cf738bcac6e7\">\n#top .av_textblock_section.av-k8q8jp1o-bcfdbc01287989a3dc98cf738bcac6e7 .avia_textblock{\nfont-size:18px;\n}\n<\/style>\n<section  class='av_textblock_section av-k8q8jp1o-bcfdbc01287989a3dc98cf738bcac6e7'  itemscope=\"itemscope\" itemtype=\"https:\/\/schema.org\/CreativeWork\" ><div class='avia_textblock'  itemprop=\"text\" ><p>Tutti i componenti dei prodotti Kodyka\u00ae sono certificati riconosciuti a livello internazionale e ci avvaliamo di audit di terze parti per verificare la qualit\u00e0 delle nostre operazioni.<\/p>\n<\/div><\/section><\/div><\/div><!--close column table wrapper. Autoclose: 1 -->\n<style type=\"text\/css\" data-created_by=\"avia_inline_auto\" id=\"style-css-av-3e4zh-8cbaf823b3dfa470031850b78099c931\">\n.flex_column.av-3e4zh-8cbaf823b3dfa470031850b78099c931{\n-webkit-border-radius:0px 0px 0px 0px;\n-moz-border-radius:0px 0px 0px 0px;\nborder-radius:0px 0px 0px 0px;\npadding:0px 0px 0px 0px;\n}\n<\/style>\n<div class='flex_column av-3e4zh-8cbaf823b3dfa470031850b78099c931 av_one_full  avia-builder-el-7  el_after_av_one_half  el_before_av_one_full  first flex_column_div av-zero-column-padding column-top-margin'     ><section  class='av_textblock_section av-k8q8jp1o-0eeb1d75015dd92adb72409637a57196'  itemscope=\"itemscope\" itemtype=\"https:\/\/schema.org\/CreativeWork\" ><div class='avia_textblock'  itemprop=\"text\" ><p><img alt=\"kodykar-tij-25-certificazioni-e-garanzia\" decoding=\"async\" class=\"size-full wp-image-1381 alignleft\" src=\"https:\/\/it.kodyka.com\/wp-content\/uploads\/2020\/04\/rohs-compliant-1.jpg\" alt=\"\" width=\"165\" height=\"160\" srcset=\"https:\/\/kodyka.com\/wp-content\/uploads\/2020\/04\/rohs-compliant-1.jpg 165w, https:\/\/kodyka.com\/wp-content\/uploads\/2020\/04\/rohs-compliant-1-36x36.jpg 36w\" sizes=\"(max-width: 165px) 100vw, 165px\" \/><\/p>\n<h3>ROHS<span style=\"color: #ffffff;\">_____<\/span><\/h3>\n<p>RoHS \u00e8 l&#8217;acronimo di Restriction of Hazardous Substances (restrizione delle sostanze pericolose). La RoHS, nota anche come Direttiva 2002\/95\/CE, ha origine nell&#8217;Unione Europea e limita l&#8217;uso di specifici materiali pericolosi presenti nei prodotti elettrici ed elettronici.<\/p>\n<p>Kodyka utilizza nei suoi prodotti solo componenti approvati RoHS.<\/p>\n<\/div><\/section><\/div>\n<style type=\"text\/css\" data-created_by=\"avia_inline_auto\" id=\"style-css-av-2kzu1-e573d5a89f357bb35f6ec89be1a953bc\">\n.flex_column.av-2kzu1-e573d5a89f357bb35f6ec89be1a953bc{\n-webkit-border-radius:0px 0px 0px 0px;\n-moz-border-radius:0px 0px 0px 0px;\nborder-radius:0px 0px 0px 0px;\npadding:0px 0px 0px 0px;\n}\n<\/style>\n<div class='flex_column av-2kzu1-e573d5a89f357bb35f6ec89be1a953bc av_one_full  avia-builder-el-9  el_after_av_one_full  el_before_av_one_full  first flex_column_div av-zero-column-padding column-top-margin'     ><section  class='av_textblock_section av-k8q8jp1o-0eeb1d75015dd92adb72409637a57196'  itemscope=\"itemscope\" itemtype=\"https:\/\/schema.org\/CreativeWork\" ><div class='avia_textblock'  itemprop=\"text\" ><p><img alt=\"kodykar-tij-25-certificazioni-e-garanzia\" decoding=\"async\" class=\"size-full wp-image-1391 alignleft\" src=\"https:\/\/it.kodyka.com\/wp-content\/uploads\/2020\/04\/reach-compliant.jpg\" alt=\"\" width=\"165\" height=\"160\" srcset=\"https:\/\/kodyka.com\/wp-content\/uploads\/2020\/04\/reach-compliant.jpg 165w, https:\/\/kodyka.com\/wp-content\/uploads\/2020\/04\/reach-compliant-36x36.jpg 36w\" sizes=\"(max-width: 165px) 100vw, 165px\" \/><\/p>\n<h3>REACH<span style=\"color: #ffffff;\">_____<\/span><\/h3>\n<p>REACH \u00e8 un regolamento dell&#8217;Unione Europea, adottato per migliorare la protezione della salute umana e dell&#8217;ambiente dai rischi che le sostanze chimiche possono comportare, rafforzando nel contempo la competitivit\u00e0 dell&#8217;industria chimica dell&#8217;UE.<\/p>\n<p>Gli inchiostri forniti e i prodotti Kodyka sono conformi alle norme del regolamento UE REACH.<\/p>\n<\/div><\/section><\/div>\n<style type=\"text\/css\" data-created_by=\"avia_inline_auto\" id=\"style-css-av-2cujp-b13f284595ad73fd85dcb8a27f0fe856\">\n.flex_column.av-2cujp-b13f284595ad73fd85dcb8a27f0fe856{\n-webkit-border-radius:0px 0px 0px 0px;\n-moz-border-radius:0px 0px 0px 0px;\nborder-radius:0px 0px 0px 0px;\npadding:0px 0px 0px 0px;\n}\n<\/style>\n<div class='flex_column av-2cujp-b13f284595ad73fd85dcb8a27f0fe856 av_one_full  avia-builder-el-11  el_after_av_one_full  el_before_av_one_full  first flex_column_div av-zero-column-padding column-top-margin'     ><section  class='av_textblock_section av-k8q8jp1o-0eeb1d75015dd92adb72409637a57196'  itemscope=\"itemscope\" itemtype=\"https:\/\/schema.org\/CreativeWork\" ><div class='avia_textblock'  itemprop=\"text\" ><h3><img alt=\"kodykar-tij-25-certificazioni-e-garanzia\" decoding=\"async\" class=\"size-full wp-image-3338 alignleft\" src=\"https:\/\/it.kodyka.com\/wp-content\/uploads\/2020\/05\/CE.jpg\" alt=\"\" width=\"165\" height=\"160\" srcset=\"https:\/\/kodyka.com\/wp-content\/uploads\/2020\/05\/CE.jpg 165w, https:\/\/kodyka.com\/wp-content\/uploads\/2020\/05\/CE-36x36.jpg 36w\" sizes=\"(max-width: 165px) 100vw, 165px\" \/>MARCATURA CE<\/h3>\n<p>Il marchio CE \u00e8 un marchio di certificazione che indica la conformit\u00e0 agli standard di salute, sicurezza e protezione ambientale per i prodotti venduti all&#8217;interno dello Spazio Economico Europeo (SEE). La marcatura CE si trova anche sui prodotti venduti al di fuori del SEE che sono fabbricati o progettati per essere venduti nel SEE. Tutti i prodotti Kodyka sono prodotti, testati e documentati per soddisfare i requisiti delle norme e dei regolamenti UE per la qualificazione al marchio CE.<\/p>\n<\/div><\/section><\/div>\n<style type=\"text\/css\" data-created_by=\"avia_inline_auto\" id=\"style-css-av-1rmi5-cc8f9d9868212449590556a8ec7ca499\">\n.flex_column.av-1rmi5-cc8f9d9868212449590556a8ec7ca499{\n-webkit-border-radius:0px 0px 0px 0px;\n-moz-border-radius:0px 0px 0px 0px;\nborder-radius:0px 0px 0px 0px;\npadding:0px 0px 0px 0px;\n}\n<\/style>\n<div class='flex_column av-1rmi5-cc8f9d9868212449590556a8ec7ca499 av_one_full  avia-builder-el-13  el_after_av_one_full  el_before_av_section  avia-builder-el-last  first flex_column_div av-zero-column-padding column-top-margin'     ><section  class='av_textblock_section av-k8q8jp1o-0eeb1d75015dd92adb72409637a57196'  itemscope=\"itemscope\" itemtype=\"https:\/\/schema.org\/CreativeWork\" ><div class='avia_textblock'  itemprop=\"text\" ><h3><img alt=\"kodykar-tij-25-certificazioni-e-garanzia\" loading=\"lazy\" decoding=\"async\" class=\"size-full wp-image-1411 alignleft\" src=\"https:\/\/it.kodyka.com\/wp-content\/uploads\/2020\/04\/iso9001.jpg\" alt=\"\" width=\"165\" height=\"160\" srcset=\"https:\/\/kodyka.com\/wp-content\/uploads\/2020\/04\/iso9001.jpg 165w, https:\/\/kodyka.com\/wp-content\/uploads\/2020\/04\/iso9001-36x36.jpg 36w\" sizes=\"(max-width: 165px) 100vw, 165px\" \/><\/h3>\n<h3>CERTIFICAZIONE ISO 9001<\/h3>\n<p>ISO 9001 \u00e8 definita come la norma internazionale che specifica i requisiti di un sistema di gestione della qualit\u00e0 (SGQ). Le organizzazioni e le aziende utilizzano questa certificazione per dimostrare la capacit\u00e0 di fornire costantemente prodotti e servizi che soddisfano i requisiti normativi richiesti dai clienti.<\/p>\n<p>La nostra fabbrica di stampanti Kodyka in Cina \u00e8 certificata ISO 9001.<\/p>\n<\/div><\/section><\/div><\/div><\/div><\/div><!-- close content main div --><\/div><\/div>\n<style type=\"text\/css\" data-created_by=\"avia_inline_auto\" id=\"style-css-av-k8q92idu-b9e2f643f6b6a457b6be61c4b8628f4d\">\n.avia-section.av-k8q92idu-b9e2f643f6b6a457b6be61c4b8628f4d .av-parallax .av-parallax-inner{\nbackground-repeat:no-repeat;\nbackground-image:url(https:\/\/kodyka.com\/wp-content\/uploads\/2020\/04\/building-printers.jpg);\nbackground-position:50% 50%;\nbackground-attachment:scroll;\n}\n.avia-section.av-k8q92idu-b9e2f643f6b6a457b6be61c4b8628f4d .av-section-color-overlay{\nopacity:0.9;\nbackground-color:#94ff94;\n}\n<\/style>\n<div id='av_section_1'  class='avia-section av-k8q92idu-b9e2f643f6b6a457b6be61c4b8628f4d header_color avia-section-default avia-no-border-styling  avia-builder-el-15  el_after_av_one_full  avia-builder-el-last  av-parallax-section avia-bg-style-parallax av-section-color-overlay-active container_wrap sidebar_right'  data-section-bg-repeat='no-repeat'><div class='av-parallax' data-avia-parallax-ratio='0.3' ><div class='av-parallax-inner header_color avia-full-stretch'><\/div><\/div><div class=\"av-section-color-overlay-wrap\"><div class=\"av-section-color-overlay\"><\/div><div class='container av-section-cont-open' ><div class='template-page content  av-content-small alpha units'><div class='post-entry post-entry-type-page post-entry-6666'><div class='entry-content-wrapper clearfix'>\n\n<style type=\"text\/css\" data-created_by=\"avia_inline_auto\" id=\"style-css-av-nmot-8d99e470dcfc7fd3b2c7032532c1fd38\">\n.flex_column.av-nmot-8d99e470dcfc7fd3b2c7032532c1fd38{\n-webkit-border-radius:0px 0px 0px 0px;\n-moz-border-radius:0px 0px 0px 0px;\nborder-radius:0px 0px 0px 0px;\npadding:0px 0px 0px 0px;\n}\n<\/style>\n<div class='flex_column av-nmot-8d99e470dcfc7fd3b2c7032532c1fd38 av_one_full  avia-builder-el-16  avia-builder-el-no-sibling  first flex_column_div av-zero-column-padding '     ><style type=\"text\/css\" data-created_by=\"avia_inline_auto\" id=\"style-css-av-k8q8jp1o-bcfdbc01287989a3dc98cf738bcac6e7\">\n#top .av_textblock_section.av-k8q8jp1o-bcfdbc01287989a3dc98cf738bcac6e7 .avia_textblock{\nfont-size:18px;\n}\n<\/style>\n<section  class='av_textblock_section av-k8q8jp1o-bcfdbc01287989a3dc98cf738bcac6e7'  itemscope=\"itemscope\" itemtype=\"https:\/\/schema.org\/CreativeWork\" ><div class='avia_textblock'  itemprop=\"text\" ><h3><img alt=\"kodykar-tij-25-certificazioni-e-garanzia\" loading=\"lazy\" decoding=\"async\" class=\"size-full wp-image-1421 alignleft\" src=\"https:\/\/it.kodyka.com\/wp-content\/uploads\/2020\/04\/2-garantia.png\" alt=\"\" width=\"165\" height=\"160\" srcset=\"https:\/\/kodyka.com\/wp-content\/uploads\/2020\/04\/2-garantia.png 165w, https:\/\/kodyka.com\/wp-content\/uploads\/2020\/04\/2-garantia-36x36.png 36w\" sizes=\"(max-width: 165px) 100vw, 165px\" \/>GARANZIA<\/h3>\n<p>Kodyka \u00e8 l&#8217;unico produttore di stampanti con tecnologia TIJ2.5 che offre 24 mesi di garanzia su tutte le apparecchiature.<\/p>\n<p>I materiali di consumo, come l&#8217;inchiostro fornito in bottiglie e cartucce, hanno periodi di garanzia individuali. Il periodo di garanzia \u00e8 indicato sulla cartuccia o sul flacone.<\/p>\n<\/div><\/section><\/div><\/div><\/div><\/div><!-- close content main div --><\/div><\/div><\/div><div id='after_section_1'  class='main_color av_default_container_wrap container_wrap sidebar_right'  ><div class='container av-section-cont-open' ><div class='template-page content  av-content-small alpha units'><div class='post-entry post-entry-type-page post-entry-6666'><div class='entry-content-wrapper clearfix'><\/p>\n","protected":false},"excerpt":{"rendered":"","protected":false},"author":1,"featured_media":3912,"parent":0,"menu_order":0,"comment_status":"closed","ping_status":"closed","template":"","meta":{"footnotes":""},"class_list":["post-6666","page","type-page","status-publish","has-post-thumbnail","hentry"],"_links":{"self":[{"href":"https:\/\/kodyka.com\/it\/wp-json\/wp\/v2\/pages\/6666","targetHints":{"allow":["GET"]}}],"collection":[{"href":"https:\/\/kodyka.com\/it\/wp-json\/wp\/v2\/pages"}],"about":[{"href":"https:\/\/kodyka.com\/it\/wp-json\/wp\/v2\/types\/page"}],"author":[{"embeddable":true,"href":"https:\/\/kodyka.com\/it\/wp-json\/wp\/v2\/users\/1"}],"replies":[{"embeddable":true,"href":"https:\/\/kodyka.com\/it\/wp-json\/wp\/v2\/comments?post=6666"}],"version-history":[{"count":3,"href":"https:\/\/kodyka.com\/it\/wp-json\/wp\/v2\/pages\/6666\/revisions"}],"predecessor-version":[{"id":10378,"href":"https:\/\/kodyka.com\/it\/wp-json\/wp\/v2\/pages\/6666\/revisions\/10378"}],"wp:featuredmedia":[{"embeddable":true,"href":"https:\/\/kodyka.com\/it\/wp-json\/wp\/v2\/media\/3912"}],"wp:attachment":[{"href":"https:\/\/kodyka.com\/it\/wp-json\/wp\/v2\/media?parent=6666"}],"curies":[{"name":"wp","href":"https:\/\/api.w.org\/{rel}","templated":true}]}}