{"id":9429,"date":"2020-05-05T19:43:10","date_gmt":"2020-05-05T19:43:10","guid":{"rendered":"https:\/\/kodyka.com\/industrie\/farmacia-cosmetica-e-higiene\/"},"modified":"2020-09-10T16:39:03","modified_gmt":"2020-09-10T16:39:03","slug":"farmacia-cosmetici-e-igiene-codice-di-tracciabilita","status":"publish","type":"page","link":"https:\/\/kodyka.com\/it\/industrie\/farmacia-cosmetici-e-igiene-codice-di-tracciabilita\/","title":{"rendered":"Farmacia, cosmetici e igiene"},"content":{"rendered":"\n<style type=\"text\/css\" data-created_by=\"avia_inline_auto\" id=\"style-css-av-a9fre5-d942d116aaaff0af7774098f8a6eb02f\">\n.flex_column.av-a9fre5-d942d116aaaff0af7774098f8a6eb02f{\n-webkit-border-radius:0px 0px 0px 0px;\n-moz-border-radius:0px 0px 0px 0px;\nborder-radius:0px 0px 0px 0px;\npadding:0px 0px 0px 0px;\n}\n<\/style>\n<div class='flex_column av-a9fre5-d942d116aaaff0af7774098f8a6eb02f av_one_full  avia-builder-el-0  el_before_av_one_half  avia-builder-el-first  first flex_column_div av-zero-column-padding '     ><section  class='av_textblock_section av-k9u598my-e0902d4947076263edb86b6778fe633c'  itemscope=\"itemscope\" itemtype=\"https:\/\/schema.org\/CreativeWork\" ><div class='avia_textblock'  itemprop=\"text\" ><h2 style=\"text-align: center;\">Farmacia, cosmetici e igiene<\/h2>\n<\/div><\/section><\/div>\n\n<style type=\"text\/css\" data-created_by=\"avia_inline_auto\" id=\"style-css-av-8q9b1p-70eee9810df6c79d49d94100cd8afaaa\">\n.flex_column.av-8q9b1p-70eee9810df6c79d49d94100cd8afaaa{\n-webkit-border-radius:0px 0px 0px 0px;\n-moz-border-radius:0px 0px 0px 0px;\nborder-radius:0px 0px 0px 0px;\npadding:0px 0px 0px 0px;\n}\n<\/style>\n<div class='flex_column av-8q9b1p-70eee9810df6c79d49d94100cd8afaaa av_one_half  avia-builder-el-2  el_after_av_one_full  el_before_av_one_half  first flex_column_div av-zero-column-padding column-top-margin'     ><div  class='avia-slideshow av-kdxaxnkl-eacd9279a117acb49822f37d9ce570c3 avia-slideshow-featured av_slideshow avia-slide-slider  avia-builder-el-3  avia-builder-el-no-sibling  av-slideshow-ui av-control-default av-slideshow-manual av-loop-once av-loop-manual-endless av-default-height-applied avia-slideshow-1' data-slideshow-options=\"{&quot;animation&quot;:&quot;slide&quot;,&quot;autoplay&quot;:false,&quot;loop_autoplay&quot;:&quot;once&quot;,&quot;interval&quot;:5,&quot;loop_manual&quot;:&quot;manual-endless&quot;,&quot;autoplay_stopper&quot;:false,&quot;noNavigation&quot;:false,&quot;bg_slider&quot;:false,&quot;keep_padding&quot;:false,&quot;hoverpause&quot;:false,&quot;show_slide_delay&quot;:0}\"  itemprop=\"image\" itemscope=\"itemscope\" itemtype=\"https:\/\/schema.org\/ImageObject\" ><ul class='avia-slideshow-inner ' style='padding-bottom: 56.521739130435%;'><li  class='avia-slideshow-slide av-kdxaxnkl-eacd9279a117acb49822f37d9ce570c3__0  slide-1 slide-odd'><div data-rel='slideshow-1' class='avia-slide-wrap '   ><img alt=\"kodykar-tij-25-farmacia-cosmetici-e-igiene\" fetchpriority=\"high\" fetchpriority=\"high\" decoding=\"async\" class=\"wp-image-8941 avia-img-lazy-loading-not-8941\"  src=\"https:\/\/kodyka.com\/wp-content\/uploads\/2020\/08\/farmacia-tij-coding-qr.jpg\" width=\"690\" height=\"390\" title='Codifica TIJ qr. Tracciabilit\u00e0 del prodotto' alt='Stampa TIJ. Imballaggio flessibile, plastica rigida, carta, cartone e vetro.'  itemprop=\"thumbnailUrl\" srcset=\"https:\/\/kodyka.com\/wp-content\/uploads\/2020\/08\/farmacia-tij-coding-qr.jpg 690w, https:\/\/kodyka.com\/wp-content\/uploads\/2020\/08\/farmacia-tij-coding-qr-300x170.jpg 300w\" sizes=\"(max-width: 690px) 100vw, 690px\" \/><\/div><\/li><li  class='avia-slideshow-slide av-kdxaxnkl-eacd9279a117acb49822f37d9ce570c3__1  slide-2 slide-even'><div data-rel='slideshow-1' class='avia-slide-wrap '   ><img alt=\"kodykar-tij-25-farmacia-cosmetici-e-igiene\" decoding=\"async\" class=\"wp-image-8931 avia-img-lazy-loading-not-8931\"  src=\"https:\/\/kodyka.com\/wp-content\/uploads\/2020\/08\/cosmeting-coding-number-date.jpg\" width=\"690\" height=\"390\" title='Codificaci\u00f3n de productos cosm\u00e9ticos. Impresi\u00f3n trazabilidad de producto' alt='Tracciabilit\u00e0 del prodotto cosmetico. Apparecchiature a getto d&#039;inchiostro termoelettrico con tecnologia TIJ2.5'  itemprop=\"thumbnailUrl\" srcset=\"https:\/\/kodyka.com\/wp-content\/uploads\/2020\/08\/cosmeting-coding-number-date.jpg 690w, https:\/\/kodyka.com\/wp-content\/uploads\/2020\/08\/cosmeting-coding-number-date-300x170.jpg 300w\" sizes=\"(max-width: 690px) 100vw, 690px\" \/><\/div><\/li><li  class='avia-slideshow-slide av-kdxaxnkl-eacd9279a117acb49822f37d9ce570c3__2  slide-3 slide-odd'><div data-rel='slideshow-1' class='avia-slide-wrap '   ><img alt=\"kodykar-tij-25-farmacia-cosmetici-e-igiene\" decoding=\"async\" class=\"wp-image-8952 avia-img-lazy-loading-not-8952\"  src=\"https:\/\/kodyka.com\/wp-content\/uploads\/2020\/08\/marking-TIJ-printers-kodyka.jpg\" width=\"690\" height=\"390\" title='Marcatura TIJ con stampanti Kodyka. Tracciabilit\u00e0 del prodotto' alt='Tracciabilit\u00e0 del prodotto. Date di scadenza, numeri di lotto, marcatura di esempio'  itemprop=\"thumbnailUrl\" srcset=\"https:\/\/kodyka.com\/wp-content\/uploads\/2020\/08\/marking-TIJ-printers-kodyka.jpg 690w, https:\/\/kodyka.com\/wp-content\/uploads\/2020\/08\/marking-TIJ-printers-kodyka-300x170.jpg 300w\" sizes=\"(max-width: 690px) 100vw, 690px\" \/><\/div><\/li><li  class='avia-slideshow-slide av-kdxaxnkl-eacd9279a117acb49822f37d9ce570c3__3  slide-4 slide-even'><div data-rel='slideshow-1' class='avia-slide-wrap '   ><img alt=\"kodykar-tij-25-farmacia-cosmetici-e-igiene\" loading=\"lazy\" loading=\"lazy\" decoding=\"async\" class=\"wp-image-8962 avia-img-lazy-loading-not-8962\"  src=\"https:\/\/kodyka.com\/wp-content\/uploads\/2020\/08\/Pharmaceutical-products-marking-and-coding.jpg\" width=\"690\" height=\"390\" title='Codifica dei prodotti farmaceutici.' alt='Stampa di prodotti farmaceutici. Date di scadenza, numeri di lotto, QR'  itemprop=\"thumbnailUrl\" srcset=\"https:\/\/kodyka.com\/wp-content\/uploads\/2020\/08\/Pharmaceutical-products-marking-and-coding.jpg 690w, https:\/\/kodyka.com\/wp-content\/uploads\/2020\/08\/Pharmaceutical-products-marking-and-coding-300x170.jpg 300w\" sizes=\"auto, (max-width: 690px) 100vw, 690px\" \/><\/div><\/li><li  class='avia-slideshow-slide av-kdxaxnkl-eacd9279a117acb49822f37d9ce570c3__4  slide-5 slide-odd'><div data-rel='slideshow-1' class='avia-slide-wrap '   ><img alt=\"kodykar-tij-25-farmacia-cosmetici-e-igiene\" loading=\"lazy\" loading=\"lazy\" decoding=\"async\" class=\"wp-image-8972 avia-img-lazy-loading-not-8972\"  src=\"https:\/\/kodyka.com\/wp-content\/uploads\/2020\/08\/hygiene-products-marking-coding-TIJ2.jpg\" width=\"690\" height=\"390\" title='Marcatura indelebile dei prodotti per l&#039;igiene. Codifica TIJ2.5' alt='Acqua, alcool e marcatura resistente alla luce. Alta qualit\u00e0 di marcatura, affidabilit\u00e0'  itemprop=\"thumbnailUrl\" srcset=\"https:\/\/kodyka.com\/wp-content\/uploads\/2020\/08\/hygiene-products-marking-coding-TIJ2.jpg 690w, https:\/\/kodyka.com\/wp-content\/uploads\/2020\/08\/hygiene-products-marking-coding-TIJ2-300x170.jpg 300w\" sizes=\"auto, (max-width: 690px) 100vw, 690px\" \/><\/div><\/li><\/ul><div class='avia-slideshow-arrows avia-slideshow-controls' ><a href='#prev' class='prev-slide ' aria-hidden='true' data-av_icon='\ue87c' data-av_iconfont='entypo-fontello'  tabindex='-1'>Prec<\/a><a href='#next' class='next-slide ' aria-hidden='true' data-av_icon='\ue87d' data-av_iconfont='entypo-fontello'  tabindex='-1'>Succ<\/a><\/div><div class='avia-slideshow-dots avia-slideshow-controls'><a href='#1' class='goto-slide active' >1<\/a><a href='#2' class='goto-slide ' >2<\/a><a href='#3' class='goto-slide ' >3<\/a><a href='#4' class='goto-slide ' >4<\/a><a href='#5' class='goto-slide ' >5<\/a><\/div><\/div><\/div>\n\n<style type=\"text\/css\" data-created_by=\"avia_inline_auto\" id=\"style-css-av-7bhgkt-ced8480dac2bff57d7a9b75fb1998775\">\n.flex_column.av-7bhgkt-ced8480dac2bff57d7a9b75fb1998775{\n-webkit-border-radius:0px 0px 0px 0px;\n-moz-border-radius:0px 0px 0px 0px;\nborder-radius:0px 0px 0px 0px;\npadding:0px 0px 0px 0px;\n}\n<\/style>\n<div class='flex_column av-7bhgkt-ced8480dac2bff57d7a9b75fb1998775 av_one_half  avia-builder-el-4  el_after_av_one_half  el_before_av_one_half  flex_column_div av-zero-column-padding column-top-margin'     ><section  class='av_textblock_section av-k9u5aewc-798cd4b99f26882e7dca7f7490cdf8bd'  itemscope=\"itemscope\" itemtype=\"https:\/\/schema.org\/CreativeWork\" ><div class='avia_textblock'  itemprop=\"text\" ><h3>Codici<\/h3>\n<p>Date di scadenza, numeri di lotto, contatori di produzione, liste di ingredienti, loghi, codici a barre e codici 2D<\/p>\n<h3>Supporta<\/h3>\n<p>Imballaggi flessibili, plastica rigida, carta, cartone e vetro<\/p>\n<h3>Esigenze del mercato<\/h3>\n<p>Alta qualit\u00e0 di marcatura, affidabilit\u00e0 e robustezza adattate agli ambienti pi\u00f9 esigenti, rispetto delle normative vigenti, protezione del marchio, decorazione dei prodotti, riduzione delle scorte di imballaggio e stampa dei codici promozionali.<\/p>\n<\/div><\/section><\/div>\n\n<style type=\"text\/css\" data-created_by=\"avia_inline_auto\" id=\"style-css-av-msza5-6533c53527e5bfa9705b6a634439299b\">\n.flex_column.av-msza5-6533c53527e5bfa9705b6a634439299b{\n-webkit-border-radius:0px 0px 0px 0px;\n-moz-border-radius:0px 0px 0px 0px;\nborder-radius:0px 0px 0px 0px;\npadding:0px 0px 0px 0px;\n}\n<\/style>\n<div class='flex_column av-msza5-6533c53527e5bfa9705b6a634439299b av_one_half  avia-builder-el-6  el_after_av_one_half  el_before_av_one_half  first flex_column_div av-zero-column-padding column-top-margin'     ><section  class='av_textblock_section av-k9u5aewc-798cd4b99f26882e7dca7f7490cdf8bd'  itemscope=\"itemscope\" itemtype=\"https:\/\/schema.org\/CreativeWork\" ><div class='avia_textblock'  itemprop=\"text\" ><h3>Applicazioni specifiche<\/h3>\n<p>Marcatura resistente all&#8217;acqua e all&#8217;alcool sulle fiale.<\/p>\n<p>Marcatura sul supporto in PE senza pretrattamento.<\/p>\n<p>Marcatura senza migrazione e resistente alla luce.<\/p>\n<p>Marcatura diretta su compresse con inchiostri approvati.<\/p>\n<p>Marcatura indelebile.<\/p>\n<p>Serializzazione ad alta velocit\u00e0, inclusi i dati variabili e l&#8217;accesso al database.<\/p>\n<\/div><\/section><\/div>\n\n<style type=\"text\/css\" data-created_by=\"avia_inline_auto\" id=\"style-css-av-hed3x-cc013de3907bb3b44c24f47b16dd45e8\">\n.flex_column.av-hed3x-cc013de3907bb3b44c24f47b16dd45e8{\n-webkit-border-radius:0px 0px 0px 0px;\n-moz-border-radius:0px 0px 0px 0px;\nborder-radius:0px 0px 0px 0px;\npadding:0px 0px 0px 0px;\n}\n<\/style>\n<div class='flex_column av-hed3x-cc013de3907bb3b44c24f47b16dd45e8 av_one_half  avia-builder-el-8  el_after_av_one_half  el_before_av_section  avia-builder-el-last  flex_column_div av-zero-column-padding column-top-margin'     ><section  class='av_textblock_section av-k9u598my-e0902d4947076263edb86b6778fe633c'  itemscope=\"itemscope\" itemtype=\"https:\/\/schema.org\/CreativeWork\" ><div class='avia_textblock'  itemprop=\"text\" ><h3>La nostra soluzione per l&#8217;industria farmaceutica, cosmetica e dell&#8217;igiene<\/h3>\n<p>Kodyka \u00ae offre la codifica affidabile di cui avete bisogno per tutti gli aspetti dell&#8217;industria farmaceutica, cosmetica e dell&#8217;igiene, da sistemi progettati specificamente per la marcatura su imballaggi flessibili, plastica rigida, carta, cartone e vetro.<\/p>\n<p>La nostra apparecchiatura a getto d&#8217;inchiostro termico con tecnologia TIJ2.5 vi garantisce codici di altissima qualit\u00e0, date di scadenza, contatori di produzione, ingredienti, loghi o codici a barre, anche negli ambienti pi\u00f9 esigenti, e il suo software interattivo riduce al minimo gli errori dell&#8217;utente, migliora la vostra sostenibilit\u00e0 e riduce i costi di marcatura nell&#8217;industria farmaceutica, cosmetica e igienica.<\/p>\n<\/div><\/section><\/div><\/div><\/div><\/div><!-- close content main div --><\/div><\/div>\n<style type=\"text\/css\" data-created_by=\"avia_inline_auto\" id=\"style-css-av-k9m0uwe1-b91b0332ac9dacc1ccefc2c569e9bdb0\">\n.avia-section.av-k9m0uwe1-b91b0332ac9dacc1ccefc2c569e9bdb0{\nbackground-color:#ffffff;\nbackground-image:url(https:\/\/kodyka.com\/wp-content\/uploads\/2020\/05\/fondo-transparente.png);\nbackground-repeat:no-repeat;\nbackground-position:50% 50%;\nbackground-attachment:fixed;\n}\n.avia-section.av-k9m0uwe1-b91b0332ac9dacc1ccefc2c569e9bdb0 .av-section-color-overlay{\nopacity:0.3;\nbackground-color:#ffffff;\nbackground-image:url(https:\/\/kodyka.com\/wp-content\/themes\/enfold\/images\/background-images\/dots-mini-light.png);\nbackground-repeat:repeat;\n}\n<\/style>\n<div id='av_section_1'  class='avia-section av-k9m0uwe1-b91b0332ac9dacc1ccefc2c569e9bdb0 header_color avia-section-large avia-no-border-styling  avia-builder-el-10  el_after_av_one_half  el_before_av_submenu  avia-full-contain avia-bg-style-fixed av-section-color-overlay-active container_wrap sidebar_right'  data-section-bg-repeat='contain'><div class=\"av-section-color-overlay-wrap\"><div class=\"av-section-color-overlay\"><\/div><div class='container av-section-cont-open' ><div class='template-page content  av-content-small alpha units'><div class='post-entry post-entry-type-page post-entry-9429'><div class='entry-content-wrapper clearfix'>\n<section  class='av_textblock_section av-k9u598my-e0902d4947076263edb86b6778fe633c'  itemscope=\"itemscope\" itemtype=\"https:\/\/schema.org\/CreativeWork\" ><div class='avia_textblock'  itemprop=\"text\" ><h3 style=\"text-align: center;\">INDUSTRIE<\/h3>\n<\/div><\/section>\n<\/div><\/div><\/div><!-- close content main div --><\/div><\/div><\/div><div id='sub_menu1'  class='av-submenu-container av-kdzvwk7w-5bf6eca4be182d9ae052b87dfa008441 header_color av-switch-480  avia-builder-el-12  el_after_av_section  el_before_av_section  submenu-not-first container_wrap sidebar_right' style='z-index:301' ><div class='container av-menu-mobile-active av-submenu-pos-center'><a href=\"#\" class=\"mobile_menu_toggle\" aria-hidden='true' data-av_icon='\ue8a5' data-av_iconfont='entypo-fontello'><span class=\"av-current-placeholder\">Menu<\/span><\/a><ul id=\"menu-industrias_it\" class=\"av-subnav-menu\"><li role=\"menuitem\" id=\"menu-item-9699\" class=\"menu-item menu-item-type-post_type menu-item-object-page menu-item-top-level menu-item-top-level-1\"><a href=\"https:\/\/kodyka.com\/it\/industrie\/protezione-del-marchio-codice-uv\/\" itemprop=\"url\" tabindex=\"0\"><span class=\"avia-bullet\"><\/span><span class=\"avia-menu-text\"><img alt=\"kodykar-tij-25-farmacia-cosmetici-e-igiene\" loading=\"lazy\" decoding=\"async\" class=\"alignnone size-full wp-image-3628 aligncenter\" src=\"https:\/\/it.kodyka.com\/wp-content\/uploads\/2020\/05\/brand-1.jpg\" alt=\"\" width=\"63\" height=\"63\" srcset=\"https:\/\/kodyka.com\/wp-content\/uploads\/2020\/05\/brand-1.jpg 63w, https:\/\/kodyka.com\/wp-content\/uploads\/2020\/05\/brand-1-36x36.jpg 36w\" sizes=\"(max-width: 63px) 100vw, 63px\" \/>Protezione del marchio<\/span><span class=\"avia-menu-fx\"><span class=\"avia-arrow-wrap\"><span class=\"avia-arrow\"><\/span><\/span><\/span><\/a><\/li>\n<li role=\"menuitem\" id=\"menu-item-9692\" class=\"menu-item menu-item-type-post_type menu-item-object-page menu-item-top-level menu-item-top-level-2\"><a href=\"https:\/\/kodyka.com\/it\/industrie\/cavi-estrusione-di-tubi-e-profili-marcatura-e-codifica-industriale\/\" itemprop=\"url\" tabindex=\"0\"><span class=\"avia-bullet\"><\/span><span class=\"avia-menu-text\"><img alt=\"kodykar-tij-25-farmacia-cosmetici-e-igiene\" loading=\"lazy\" decoding=\"async\" class=\"alignnone size-full wp-image-3594 aligncenter\" src=\"https:\/\/it.kodyka.com\/wp-content\/uploads\/2020\/05\/tubes.jpg\" alt=\"\" width=\"63\" height=\"63\" srcset=\"https:\/\/kodyka.com\/wp-content\/uploads\/2020\/05\/tubes.jpg 63w, https:\/\/kodyka.com\/wp-content\/uploads\/2020\/05\/tubes-36x36.jpg 36w\" sizes=\"(max-width: 63px) 100vw, 63px\" \/>Cavi, estrusione di tubi e profili<\/span><span class=\"avia-menu-fx\"><span class=\"avia-arrow-wrap\"><span class=\"avia-arrow\"><\/span><\/span><\/span><\/a><\/li>\n<li role=\"menuitem\" id=\"menu-item-9690\" class=\"menu-item menu-item-type-post_type menu-item-object-page menu-item-top-level menu-item-top-level-3\"><a href=\"https:\/\/kodyka.com\/it\/industrie\/bevande-e-latticini-marcacao-e-codificacao-industrial\/\" itemprop=\"url\" tabindex=\"0\"><span class=\"avia-bullet\"><\/span><span class=\"avia-menu-text\"><img loading=\"lazy\" decoding=\"async\" class=\"size-full wp-image-3474 aligncenter\" src=\"https:\/\/it.kodyka.com\/wp-content\/uploads\/2020\/05\/drinks.jpg\" alt=\"drinks-kodykar-tij-25-farmacia-cosmetici-e-igiene\" width=\"63\" height=\"63\" srcset=\"https:\/\/kodyka.com\/wp-content\/uploads\/2020\/05\/drinks.jpg 63w, https:\/\/kodyka.com\/wp-content\/uploads\/2020\/05\/drinks-36x36.jpg 36w\" sizes=\"(max-width: 63px) 100vw, 63px\" \/>Bevande e latticini<\/span><span class=\"avia-menu-fx\"><span class=\"avia-arrow-wrap\"><span class=\"avia-arrow\"><\/span><\/span><\/span><\/a><\/li>\n<li role=\"menuitem\" id=\"menu-item-9695\" class=\"menu-item menu-item-type-post_type menu-item-object-page menu-item-top-level menu-item-top-level-4\"><a href=\"https:\/\/kodyka.com\/it\/industrie\/materiale-elettronico-ed-elettrico-stampa-codice\/\" itemprop=\"url\" tabindex=\"0\"><span class=\"avia-bullet\"><\/span><span class=\"avia-menu-text\"><img alt=\"kodykar-tij-25-farmacia-cosmetici-e-igiene\" loading=\"lazy\" decoding=\"async\" class=\"alignnone size-full wp-image-3494 aligncenter\" src=\"https:\/\/it.kodyka.com\/wp-content\/uploads\/2020\/05\/electronic.jpg\" alt=\"\" width=\"63\" height=\"63\" srcset=\"https:\/\/kodyka.com\/wp-content\/uploads\/2020\/05\/electronic.jpg 63w, https:\/\/kodyka.com\/wp-content\/uploads\/2020\/05\/electronic-36x36.jpg 36w\" sizes=\"(max-width: 63px) 100vw, 63px\" \/>Materiale elettronico ed elettrico<\/span><span class=\"avia-menu-fx\"><span class=\"avia-arrow-wrap\"><span class=\"avia-arrow\"><\/span><\/span><\/span><\/a><\/li>\n<li role=\"menuitem\" id=\"menu-item-9697\" class=\"menu-item menu-item-type-post_type menu-item-object-page menu-item-top-level menu-item-top-level-5\"><a href=\"https:\/\/kodyka.com\/it\/industrie\/prodotti-agroalimentari-marcatura-e-codifica-industria-alimentare\/\" itemprop=\"url\" tabindex=\"0\"><span class=\"avia-bullet\"><\/span><span class=\"avia-menu-text\"><img alt=\"kodykar-tij-25-farmacia-cosmetici-e-igiene\" loading=\"lazy\" decoding=\"async\" class=\"alignnone size-full wp-image-3514 aligncenter\" src=\"https:\/\/it.kodyka.com\/wp-content\/uploads\/2020\/05\/foods.jpg\" alt=\"\" width=\"63\" height=\"63\" srcset=\"https:\/\/kodyka.com\/wp-content\/uploads\/2020\/05\/foods.jpg 63w, https:\/\/kodyka.com\/wp-content\/uploads\/2020\/05\/foods-36x36.jpg 36w\" sizes=\"(max-width: 63px) 100vw, 63px\" \/>Prodotti agroalimentari<\/span><span class=\"avia-menu-fx\"><span class=\"avia-arrow-wrap\"><span class=\"avia-arrow\"><\/span><\/span><\/span><\/a><\/li>\n<li role=\"menuitem\" id=\"menu-item-9693\" class=\"menu-item menu-item-type-post_type menu-item-object-page menu-item-top-level menu-item-top-level-6\"><a href=\"https:\/\/kodyka.com\/it\/industrie\/congelato-marcatura-con-codice-a-barre\/\" itemprop=\"url\" tabindex=\"0\"><span class=\"avia-bullet\"><\/span><span class=\"avia-menu-text\"><img alt=\"kodykar-tij-25-farmacia-cosmetici-e-igiene\" loading=\"lazy\" decoding=\"async\" class=\"alignnone size-full wp-image-3534 aligncenter\" src=\"https:\/\/it.kodyka.com\/wp-content\/uploads\/2020\/05\/freezer.jpg\" alt=\"\" width=\"63\" height=\"63\" srcset=\"https:\/\/kodyka.com\/wp-content\/uploads\/2020\/05\/freezer.jpg 63w, https:\/\/kodyka.com\/wp-content\/uploads\/2020\/05\/freezer-36x36.jpg 36w\" sizes=\"(max-width: 63px) 100vw, 63px\" \/>Congelato<\/span><span class=\"avia-menu-fx\"><span class=\"avia-arrow-wrap\"><span class=\"avia-arrow\"><\/span><\/span><\/span><\/a><\/li>\n<li role=\"menuitem\" id=\"menu-item-9696\" class=\"menu-item menu-item-type-post_type menu-item-object-page menu-item-top-level menu-item-top-level-7\"><a href=\"https:\/\/kodyka.com\/it\/industrie\/pasticceria-torte-e-dolci-marcatura-e-codifica-industriale\/\" itemprop=\"url\" tabindex=\"0\"><span class=\"avia-bullet\"><\/span><span class=\"avia-menu-text\"><img alt=\"kodykar-tij-25-farmacia-cosmetici-e-igiene\" loading=\"lazy\" decoding=\"async\" class=\"alignnone size-full wp-image-3454 aligncenter\" src=\"https:\/\/it.kodyka.com\/wp-content\/uploads\/2020\/05\/cake-shop.jpg\" alt=\"\" width=\"63\" height=\"63\" srcset=\"https:\/\/kodyka.com\/wp-content\/uploads\/2020\/05\/cake-shop.jpg 63w, https:\/\/kodyka.com\/wp-content\/uploads\/2020\/05\/cake-shop-36x36.jpg 36w\" sizes=\"(max-width: 63px) 100vw, 63px\" \/>Pasticceria, torte e dolci<\/span><span class=\"avia-menu-fx\"><span class=\"avia-arrow-wrap\"><span class=\"avia-arrow\"><\/span><\/span><\/span><\/a><\/li>\n<li role=\"menuitem\" id=\"menu-item-9694\" class=\"menu-item menu-item-type-post_type menu-item-object-page menu-item-top-level menu-item-top-level-8\"><a href=\"https:\/\/kodyka.com\/it\/industrie\/farmacia-cosmetici-e-igiene-codice-di-tracciabilita\/\" itemprop=\"url\" tabindex=\"0\"><span class=\"avia-bullet\"><\/span><span class=\"avia-menu-text\"><img alt=\"kodykar-tij-25-farmacia-cosmetici-e-igiene\" loading=\"lazy\" decoding=\"async\" class=\"alignnone size-full wp-image-3574 aligncenter\" src=\"https:\/\/it.kodyka.com\/wp-content\/uploads\/2020\/05\/pharmacy.jpg\" alt=\"\" width=\"63\" height=\"63\" srcset=\"https:\/\/kodyka.com\/wp-content\/uploads\/2020\/05\/pharmacy.jpg 63w, https:\/\/kodyka.com\/wp-content\/uploads\/2020\/05\/pharmacy-36x36.jpg 36w\" sizes=\"(max-width: 63px) 100vw, 63px\" \/>Farmacia, cosmetici e igiene<\/span><span class=\"avia-menu-fx\"><span class=\"avia-arrow-wrap\"><span class=\"avia-arrow\"><\/span><\/span><\/span><\/a><\/li>\n<li role=\"menuitem\" id=\"menu-item-9691\" class=\"menu-item menu-item-type-post_type menu-item-object-page menu-item-top-level menu-item-top-level-9\"><a href=\"https:\/\/kodyka.com\/it\/industrie\/cartoline-e-mailing-marcatura-e-codifica-della-carta\/\" itemprop=\"url\" tabindex=\"0\"><span class=\"avia-bullet\"><\/span><span class=\"avia-menu-text\"><img alt=\"kodykar-tij-25-farmacia-cosmetici-e-igiene\" loading=\"lazy\" decoding=\"async\" class=\"alignnone size-full wp-image-3554 aligncenter\" src=\"https:\/\/it.kodyka.com\/wp-content\/uploads\/2020\/05\/mail.jpg\" alt=\"\" width=\"63\" height=\"63\" srcset=\"https:\/\/kodyka.com\/wp-content\/uploads\/2020\/05\/mail.jpg 63w, https:\/\/kodyka.com\/wp-content\/uploads\/2020\/05\/mail-36x36.jpg 36w\" sizes=\"(max-width: 63px) 100vw, 63px\" \/>Cartoline e mailing<\/span><span class=\"avia-menu-fx\"><span class=\"avia-arrow-wrap\"><span class=\"avia-arrow\"><\/span><\/span><\/span><\/a><\/li>\n<li role=\"menuitem\" id=\"menu-item-9698\" class=\"menu-item menu-item-type-post_type menu-item-object-page menu-item-top-level menu-item-top-level-10\"><a href=\"https:\/\/kodyka.com\/it\/industrie\/prodotti-traceabilita\/\" itemprop=\"url\" tabindex=\"0\"><span class=\"avia-bullet\"><\/span><span class=\"avia-menu-text\"><img alt=\"kodykar-tij-25-farmacia-cosmetici-e-igiene\" loading=\"lazy\" decoding=\"async\" class=\"alignnone size-full wp-image-3638 aligncenter\" src=\"https:\/\/it.kodyka.com\/wp-content\/uploads\/2020\/05\/traceability-1.jpg\" alt=\"\" width=\"63\" height=\"63\" srcset=\"https:\/\/kodyka.com\/wp-content\/uploads\/2020\/05\/traceability-1.jpg 63w, https:\/\/kodyka.com\/wp-content\/uploads\/2020\/05\/traceability-1-36x36.jpg 36w\" sizes=\"(max-width: 63px) 100vw, 63px\" \/>Prodotti TRACEABILIT\u00c0<\/span><span class=\"avia-menu-fx\"><span class=\"avia-arrow-wrap\"><span class=\"avia-arrow\"><\/span><\/span><\/span><\/a><\/li>\n<\/ul><\/div><\/div><\/p>\n\n<style type=\"text\/css\" data-created_by=\"avia_inline_auto\" id=\"style-css-av-k9m0uwe1-b91b0332ac9dacc1ccefc2c569e9bdb0\">\n.avia-section.av-k9m0uwe1-b91b0332ac9dacc1ccefc2c569e9bdb0{\nbackground-color:#ffffff;\nbackground-image:url(https:\/\/kodyka.com\/wp-content\/uploads\/2020\/05\/fondo-transparente.png);\nbackground-repeat:no-repeat;\nbackground-position:50% 50%;\nbackground-attachment:fixed;\n}\n.avia-section.av-k9m0uwe1-b91b0332ac9dacc1ccefc2c569e9bdb0 .av-section-color-overlay{\nopacity:0.3;\nbackground-color:#ffffff;\nbackground-image:url(https:\/\/kodyka.com\/wp-content\/themes\/enfold\/images\/background-images\/dots-mini-light.png);\nbackground-repeat:repeat;\n}\n<\/style>\n<div id='av_section_2'  class='avia-section av-k9m0uwe1-b91b0332ac9dacc1ccefc2c569e9bdb0 header_color avia-section-large avia-no-border-styling  avia-builder-el-13  el_after_av_submenu  avia-builder-el-last  avia-full-contain avia-bg-style-fixed av-section-color-overlay-active container_wrap sidebar_right'  data-section-bg-repeat='contain'><div class=\"av-section-color-overlay-wrap\"><div class=\"av-section-color-overlay\"><\/div><div class='container av-section-cont-open' ><div class='template-page content  av-content-small alpha units'><div class='post-entry post-entry-type-page post-entry-9429'><div class='entry-content-wrapper clearfix'>\n<\/div><\/div><\/div><!-- close content main div --><\/div><\/div><\/div><div id='after_section_2'  class='main_color av_default_container_wrap container_wrap sidebar_right'  ><div class='container av-section-cont-open' ><div class='template-page content  av-content-small alpha units'><div class='post-entry post-entry-type-page post-entry-9429'><div class='entry-content-wrapper clearfix'>\n","protected":false},"excerpt":{"rendered":"","protected":false},"author":1,"featured_media":8815,"parent":6851,"menu_order":0,"comment_status":"closed","ping_status":"closed","template":"","meta":{"footnotes":""},"class_list":["post-9429","page","type-page","status-publish","has-post-thumbnail","hentry"],"_links":{"self":[{"href":"https:\/\/kodyka.com\/it\/wp-json\/wp\/v2\/pages\/9429","targetHints":{"allow":["GET"]}}],"collection":[{"href":"https:\/\/kodyka.com\/it\/wp-json\/wp\/v2\/pages"}],"about":[{"href":"https:\/\/kodyka.com\/it\/wp-json\/wp\/v2\/types\/page"}],"author":[{"embeddable":true,"href":"https:\/\/kodyka.com\/it\/wp-json\/wp\/v2\/users\/1"}],"replies":[{"embeddable":true,"href":"https:\/\/kodyka.com\/it\/wp-json\/wp\/v2\/comments?post=9429"}],"version-history":[{"count":3,"href":"https:\/\/kodyka.com\/it\/wp-json\/wp\/v2\/pages\/9429\/revisions"}],"predecessor-version":[{"id":10533,"href":"https:\/\/kodyka.com\/it\/wp-json\/wp\/v2\/pages\/9429\/revisions\/10533"}],"up":[{"embeddable":true,"href":"https:\/\/kodyka.com\/it\/wp-json\/wp\/v2\/pages\/6851"}],"wp:featuredmedia":[{"embeddable":true,"href":"https:\/\/kodyka.com\/it\/wp-json\/wp\/v2\/media\/8815"}],"wp:attachment":[{"href":"https:\/\/kodyka.com\/it\/wp-json\/wp\/v2\/media?parent=9429"}],"curies":[{"name":"wp","href":"https:\/\/api.w.org\/{rel}","templated":true}]}}