{"id":18135,"date":"2023-01-16T19:26:07","date_gmt":"2023-01-16T19:26:07","guid":{"rendered":"https:\/\/kodyka.com\/fita\/"},"modified":"2023-01-16T19:26:07","modified_gmt":"2023-01-16T19:26:07","slug":"fita","status":"publish","type":"page","link":"https:\/\/kodyka.com\/pt\/fita\/","title":{"rendered":"Fita"},"content":{"rendered":"<section  class='av_textblock_section av-le6abthm-beca57adb6512cf55ad6aeeb290e58bb'  itemscope=\"itemscope\" itemtype=\"https:\/\/schema.org\/CreativeWork\" ><div class='avia_textblock'  itemprop=\"text\" ><h2 style=\"text-align: center;\">Fita<\/h2>\n<\/div><\/section>\n\n<style type=\"text\/css\" data-created_by=\"avia_inline_auto\" id=\"style-css-av-18ajf14-d88911493ae2706d1e395b8b518e93f9\">\n.flex_column.av-18ajf14-d88911493ae2706d1e395b8b518e93f9{\n-webkit-border-radius:0px 0px 0px 0px;\n-moz-border-radius:0px 0px 0px 0px;\nborder-radius:0px 0px 0px 0px;\npadding:0px 0px 0px 0px;\n}\n<\/style>\n<div class='flex_column av-18ajf14-d88911493ae2706d1e395b8b518e93f9 av_one_fifth  avia-builder-el-1  el_after_av_textblock  el_before_av_three_fifth  first flex_column_div av-zero-column-padding column-top-margin'     ><\/div>\n\n<style type=\"text\/css\" data-created_by=\"avia_inline_auto\" id=\"style-css-av-jpc4t4-3c58b538cfa6f320e2a9c08e0af95633\">\n.flex_column.av-jpc4t4-3c58b538cfa6f320e2a9c08e0af95633{\n-webkit-border-radius:0px 0px 0px 0px;\n-moz-border-radius:0px 0px 0px 0px;\nborder-radius:0px 0px 0px 0px;\npadding:0px 0px 0px 0px;\n}\n<\/style>\n<div class='flex_column av-jpc4t4-3c58b538cfa6f320e2a9c08e0af95633 av_three_fifth  avia-builder-el-2  el_after_av_one_fifth  el_before_av_one_third  flex_column_div av-zero-column-padding column-top-margin'     ><style type=\"text\/css\" data-created_by=\"avia_inline_auto\" id=\"style-css-av-le6ab8c5-bb05948ab53e516b9c5dd24fde63df47\">\n.avia-image-container.av-le6ab8c5-bb05948ab53e516b9c5dd24fde63df47 img.avia_image{\nbox-shadow:none;\n}\n.avia-image-container.av-le6ab8c5-bb05948ab53e516b9c5dd24fde63df47 .av-image-caption-overlay-center{\ncolor:#ffffff;\n}\n<\/style>\n<div  class='avia-image-container av-le6ab8c5-bb05948ab53e516b9c5dd24fde63df47 av-styling- avia-align-center  avia-builder-el-3  avia-builder-el-no-sibling '   itemprop=\"image\" itemscope=\"itemscope\" itemtype=\"https:\/\/schema.org\/ImageObject\" ><div class=\"avia-image-container-inner\"><div class=\"avia-image-overlay-wrap\"><img alt=\"kodykar-tij-25-fita\" fetchpriority=\"high\" fetchpriority=\"high\" decoding=\"async\" class='wp-image-14335 avia-img-lazy-loading-not-14335 avia_image ' src=\"https:\/\/kodyka.com\/wp-content\/uploads\/2023\/02\/ribbon-tto.jpg\" alt='ribbon tto' title='ribbon tto'  height=\"700\" width=\"1200\"  itemprop=\"thumbnailUrl\" srcset=\"https:\/\/kodyka.com\/wp-content\/uploads\/2023\/02\/ribbon-tto.jpg 1200w, https:\/\/kodyka.com\/wp-content\/uploads\/2023\/02\/ribbon-tto-300x175.jpg 300w, https:\/\/kodyka.com\/wp-content\/uploads\/2023\/02\/ribbon-tto-1030x601.jpg 1030w, https:\/\/kodyka.com\/wp-content\/uploads\/2023\/02\/ribbon-tto-768x448.jpg 768w, https:\/\/kodyka.com\/wp-content\/uploads\/2023\/02\/ribbon-tto-705x411.jpg 705w\" sizes=\"(max-width: 1200px) 100vw, 1200px\" \/><\/div><\/div><\/div><\/div>\n\n<style type=\"text\/css\" data-created_by=\"avia_inline_auto\" id=\"style-css-av-1l3cx94-318d302a00d8b0a842c6c7519a0316bf\">\n.flex_column.av-1l3cx94-318d302a00d8b0a842c6c7519a0316bf{\n-webkit-border-radius:0px 0px 0px 0px;\n-moz-border-radius:0px 0px 0px 0px;\nborder-radius:0px 0px 0px 0px;\npadding:0px 0px 0px 0px;\n}\n<\/style>\n<div class='flex_column av-1l3cx94-318d302a00d8b0a842c6c7519a0316bf av_one_third  avia-builder-el-4  el_after_av_three_fifth  el_before_av_one_third  first flex_column_div av-zero-column-padding '     ><section  class='av_textblock_section av-le6a2c8x-4f185fa28fced734faef6be31473f94a'  itemscope=\"itemscope\" itemtype=\"https:\/\/schema.org\/CreativeWork\" ><div class='avia_textblock'  itemprop=\"text\" ><h3>Fitas T\u00e9rmicas de Cera<\/h3>\n<p>As fitas t\u00e9rmicas de cera s\u00e3o a variedade mais econ\u00f3mica da gama de fitas t\u00e9rmicas e s\u00e3o adequadas para a impress\u00e3o para fins gerais em stocks de papel. Embora esta gama seja barata, oferecem uma abras\u00e3o superior, resist\u00eancia e excelente qualidade de impress\u00e3o em c\u00f3digos de barras normais e rotativos em papel revestido e n\u00e3o revestido.<\/p>\n<p>A elevada propor\u00e7\u00e3o de cera na formula\u00e7\u00e3o significa que estas fitas t\u00eam um ponto de fus\u00e3o mais baixo, pelo que se pode utilizar uma defini\u00e7\u00e3o de calor mais baixa na impressora e s\u00e3o alcan\u00e7\u00e1veis altas velocidades de impress\u00e3o.<\/p>\n<p>As fitas de cera s\u00e3o recomendadas para aplica\u00e7\u00e3o e utiliza\u00e7\u00f5es, incluindo etiquetas e etiquetas revestidas e n\u00e3o revestidas, etiquetas de uso geral, etiquetas de expedi\u00e7\u00e3o, etiquetas de cart\u00e3o, etiquetas e etiquetas de retalho, aplica\u00e7\u00f5es de impress\u00e3o e aplica\u00e7\u00e3o.<\/p>\n<\/div><\/section><\/div>\n<style type=\"text\/css\" data-created_by=\"avia_inline_auto\" id=\"style-css-av-1917mxk-6fe8b23921d10fb34ecf8a2a278435d7\">\n.flex_column.av-1917mxk-6fe8b23921d10fb34ecf8a2a278435d7{\n-webkit-border-radius:0px 0px 0px 0px;\n-moz-border-radius:0px 0px 0px 0px;\nborder-radius:0px 0px 0px 0px;\npadding:0px 0px 0px 0px;\n}\n<\/style>\n<div class='flex_column av-1917mxk-6fe8b23921d10fb34ecf8a2a278435d7 av_one_third  avia-builder-el-6  el_after_av_one_third  el_before_av_one_third  flex_column_div av-zero-column-padding '     ><section  class='av_textblock_section av-le6a2c8x-4f185fa28fced734faef6be31473f94a'  itemscope=\"itemscope\" itemtype=\"https:\/\/schema.org\/CreativeWork\" ><div class='avia_textblock'  itemprop=\"text\" ><h3>Fitas T\u00e9rmicas Wax-Resin<\/h3>\n<p>As fitas t\u00e9rmicas de cera e resina s\u00e3o adequadas para etiquetas que requerem uma longa dura\u00e7\u00e3o, e fornecem uma imagem mais fina em etiquetas de papel muito lisas ou revestidas e brilhantes e alguns stocks sinest\u00e9sicos. A imagem impressa produzida a partir de uma fita de resina de cera \u00e9 mais dur\u00e1vel do que a cera, garantindo uma resist\u00eancia superior a manchas e riscos e uma excelente resist\u00eancia a arranh\u00f5es ou fric\u00e7\u00f5es, o que pode ser um problema comum no transporte de mercadorias.<\/p>\n<p>As aplica\u00e7\u00f5es e utiliza\u00e7\u00f5es recomendadas para fitas de cera e resina incluem; aplica\u00e7\u00f5es de impress\u00e3o de alta velocidade, etiquetagem de prateleiras e contentores, etiquetagem de tambores, etiquetagem de marca\u00e7\u00e3o de pe\u00e7as e etiquetas de alto brilho.<\/p>\n<\/div><\/section><\/div>\n<style type=\"text\/css\" data-created_by=\"avia_inline_auto\" id=\"style-css-av-w45ybc-1d3c7f1fac501138f3e06af6c58d2e57\">\n.flex_column.av-w45ybc-1d3c7f1fac501138f3e06af6c58d2e57{\n-webkit-border-radius:0px 0px 0px 0px;\n-moz-border-radius:0px 0px 0px 0px;\nborder-radius:0px 0px 0px 0px;\npadding:0px 0px 0px 0px;\n}\n<\/style>\n<div class='flex_column av-w45ybc-1d3c7f1fac501138f3e06af6c58d2e57 av_one_third  avia-builder-el-8  el_after_av_one_third  avia-builder-el-last  flex_column_div av-zero-column-padding '     ><section  class='av_textblock_section av-le6a2c8x-4f185fa28fced734faef6be31473f94a'  itemscope=\"itemscope\" itemtype=\"https:\/\/schema.org\/CreativeWork\" ><div class='avia_textblock'  itemprop=\"text\" ><h3>Fitas T\u00e9rmicas de Resina<\/h3>\n<p>As fitas de resina completas proporcionam um excelente desempenho produzindo etiquetas com uma impress\u00e3o n\u00edtida e clara. As fitas de resina prosperam em ambientes agressivos, tais como aplica\u00e7\u00f5es corrosivas, UV a altas temperaturas, humidade, abras\u00e3o e aplica\u00e7\u00f5es exigentes.<\/p>\n<p>As aplica\u00e7\u00f5es e utiliza\u00e7\u00f5es recomendadas para fitas de resina incluem; etiquetas de super alto brilho e sint\u00e9ticas, aplica\u00e7\u00f5es extremas tais como etiquetagem de tambores perigosos, etiquetas que requerem uma longa vida \u00fatil e todos os tipos de etiquetagem para exterior que requerem durabilidade.<\/p>\n<\/div><\/section><\/div><\/p>\n","protected":false},"excerpt":{"rendered":"","protected":false},"author":1,"featured_media":0,"parent":0,"menu_order":0,"comment_status":"closed","ping_status":"closed","template":"","meta":{"footnotes":""},"class_list":["post-18135","page","type-page","status-publish","hentry"],"_links":{"self":[{"href":"https:\/\/kodyka.com\/pt\/wp-json\/wp\/v2\/pages\/18135","targetHints":{"allow":["GET"]}}],"collection":[{"href":"https:\/\/kodyka.com\/pt\/wp-json\/wp\/v2\/pages"}],"about":[{"href":"https:\/\/kodyka.com\/pt\/wp-json\/wp\/v2\/types\/page"}],"author":[{"embeddable":true,"href":"https:\/\/kodyka.com\/pt\/wp-json\/wp\/v2\/users\/1"}],"replies":[{"embeddable":true,"href":"https:\/\/kodyka.com\/pt\/wp-json\/wp\/v2\/comments?post=18135"}],"version-history":[{"count":0,"href":"https:\/\/kodyka.com\/pt\/wp-json\/wp\/v2\/pages\/18135\/revisions"}],"wp:attachment":[{"href":"https:\/\/kodyka.com\/pt\/wp-json\/wp\/v2\/media?parent=18135"}],"curies":[{"name":"wp","href":"https:\/\/api.w.org\/{rel}","templated":true}]}}