{"id":18153,"date":"2020-12-28T00:02:44","date_gmt":"2020-12-28T00:02:44","guid":{"rendered":"https:\/\/kodyka.com\/k160\/"},"modified":"2020-12-28T00:02:44","modified_gmt":"2020-12-28T00:02:44","slug":"k160","status":"publish","type":"page","link":"https:\/\/kodyka.com\/pt\/impressores-tij\/k160\/","title":{"rendered":"K160N"},"content":{"rendered":"\n<style type=\"text\/css\" data-created_by=\"avia_inline_auto\" id=\"style-css-av-k6hrtrg7-7aef01e6142c9deb9494e533d8b3093c\">\n#top .av_textblock_section.av-k6hrtrg7-7aef01e6142c9deb9494e533d8b3093c .avia_textblock{\nfont-size:20px;\n}\n<\/style>\n<section  class='av_textblock_section av-k6hrtrg7-7aef01e6142c9deb9494e533d8b3093c'  itemscope=\"itemscope\" itemtype=\"https:\/\/schema.org\/CreativeWork\" ><div class='avia_textblock'  itemprop=\"text\" ><h1 style=\"text-align: center;\">K160N<\/h1>\n<p style=\"text-align: center;\">Termal Inkjet Tecnology 2.5<\/p>\n<\/div><\/section>\n\n<style type=\"text\/css\" data-created_by=\"avia_inline_auto\" id=\"style-css-av-q3e5-2e16dced38b4ac7bfe609ab1dccf0f45\">\n.flex_column.av-q3e5-2e16dced38b4ac7bfe609ab1dccf0f45{\n-webkit-border-radius:0px 0px 0px 0px;\n-moz-border-radius:0px 0px 0px 0px;\nborder-radius:0px 0px 0px 0px;\npadding:0px 0px 0px 0px;\n}\n<\/style>\n<div class='flex_column av-q3e5-2e16dced38b4ac7bfe609ab1dccf0f45 av_three_fourth  avia-builder-el-1  el_after_av_textblock  el_before_av_one_fourth  first flex_column_div av-zero-column-padding column-top-margin'     ><style type=\"text\/css\" data-created_by=\"avia_inline_auto\" id=\"style-css-av-kj7nvbgt-83fba288bab83f31c90dba85771fa600\">\n.avia-image-container.av-kj7nvbgt-83fba288bab83f31c90dba85771fa600 img.avia_image{\nbox-shadow:none;\n}\n.avia-image-container.av-kj7nvbgt-83fba288bab83f31c90dba85771fa600 .av-image-caption-overlay-center{\ncolor:#ffffff;\n}\n<\/style>\n<div  class='avia-image-container av-kj7nvbgt-83fba288bab83f31c90dba85771fa600 av-styling- avia-align-center  avia-builder-el-2  avia-builder-el-no-sibling '   itemprop=\"image\" itemscope=\"itemscope\" itemtype=\"https:\/\/schema.org\/ImageObject\" ><div class=\"avia-image-container-inner\"><div class=\"avia-image-overlay-wrap\"><img alt=\"kodykar-tij-25-k160n\" fetchpriority=\"high\" fetchpriority=\"high\" decoding=\"async\" class='wp-image-12101 avia-img-lazy-loading-not-12101 avia_image ' src=\"https:\/\/kodyka.com\/wp-content\/uploads\/2021\/02\/K160.jpg\" alt='K160N\nPrinters Termal Inkjet Tecnology 2.5' title='K160'  height=\"700\" width=\"996\"  itemprop=\"thumbnailUrl\" srcset=\"https:\/\/kodyka.com\/wp-content\/uploads\/2021\/02\/K160.jpg 996w, https:\/\/kodyka.com\/wp-content\/uploads\/2021\/02\/K160-300x211.jpg 300w, https:\/\/kodyka.com\/wp-content\/uploads\/2021\/02\/K160-768x540.jpg 768w, https:\/\/kodyka.com\/wp-content\/uploads\/2021\/02\/K160-705x495.jpg 705w\" sizes=\"(max-width: 996px) 100vw, 996px\" \/><\/div><\/div><\/div><\/div>\n\n<style type=\"text\/css\" data-created_by=\"avia_inline_auto\" id=\"style-css-av-5wesm-f405f3f3aff3c03436f3e602a1ee865c\">\n.flex_column.av-5wesm-f405f3f3aff3c03436f3e602a1ee865c{\n-webkit-border-radius:0px 0px 0px 0px;\n-moz-border-radius:0px 0px 0px 0px;\nborder-radius:0px 0px 0px 0px;\npadding:0px 0px 0px 0px;\n}\n<\/style>\n<div class='flex_column av-5wesm-f405f3f3aff3c03436f3e602a1ee865c av_one_fourth  avia-builder-el-3  el_after_av_three_fourth  el_before_av_one_half  flex_column_div av-zero-column-padding column-top-margin'     ><section  class='av_textblock_section av-k6hq0wtk-b79195b08abe92e3e1805928e79e3ff5'  itemscope=\"itemscope\" itemtype=\"https:\/\/schema.org\/CreativeWork\" ><div class='avia_textblock'  itemprop=\"text\" ><h3><span style=\"color: #05c102;\">10 RAZ\u00d5ES<\/span><\/h3>\n<\/div><\/section><br \/>\n<section  class='av_textblock_section av-k6hq0wtk-b79195b08abe92e3e1805928e79e3ff5'  itemscope=\"itemscope\" itemtype=\"https:\/\/schema.org\/CreativeWork\" ><div class='avia_textblock'  itemprop=\"text\" ><p>N\u00e3o h\u00e1 necessidade de trocar os filtros<br \/>\nBaixo custo de aquisi\u00e7\u00e3o<br \/>\nTamanho pequeno<br \/>\nF\u00e1cil de usar e criar mensagens<br \/>\nN\u00e3o requer manuten\u00e7\u00e3o ou t\u00e9cnicos<br \/>\nSem pe\u00e7as de desgaste<br \/>\nMarca\u00e7\u00e3o em alta resolu\u00e7\u00e3o<br \/>\nTintas amig\u00e1veis sem mek<br \/>\nImpress\u00e3o em m\u00faltiplos substratos<br \/>\nAlta rentabilidade operacional<\/p>\n<\/div><\/section><br \/>\n\n<style type=\"text\/css\" data-created_by=\"avia_inline_auto\" id=\"style-css-av-kj7nk8v7-ec6af6bb8c41dbf53c65ba1b486a7049\">\n#top .hr.hr-invisible.av-kj7nk8v7-ec6af6bb8c41dbf53c65ba1b486a7049{\nheight:50px;\n}\n<\/style>\n<div  class='hr av-kj7nk8v7-ec6af6bb8c41dbf53c65ba1b486a7049 hr-invisible  avia-builder-el-6  el_after_av_textblock  el_before_av_textblock '><span class='hr-inner '><span class=\"hr-inner-style\"><\/span><\/span><\/div><br \/>\n<section  class='av_textblock_section av-k6hq0wtk-b79195b08abe92e3e1805928e79e3ff5'  itemscope=\"itemscope\" itemtype=\"https:\/\/schema.org\/CreativeWork\" ><div class='avia_textblock'  itemprop=\"text\" ><p>IMPRESS\u00c3O A ALTA VELOCIDADE<\/p>\n<p>At\u00e9 120 m\/min. em resolu\u00e7\u00e3o de 300 DPI<\/p>\n<p><span style=\"color: #ffffff;\">_<\/span><\/p>\n<p>F\u00c1CIL DE USAR<\/p>\n<p>Tela sens\u00edvel ao toque de 7&#8243; com interface intuitiva WYSIWYG para f\u00e1cil opera\u00e7\u00e3o e programa\u00e7\u00e3o<\/p>\n<\/div><\/section><\/p><\/div>\n\n<style type=\"text\/css\" data-created_by=\"avia_inline_auto\" id=\"style-css-av-5wesm-a9ba59a7c8125dcb2782047e23ae44de\">\n.flex_column.av-5wesm-a9ba59a7c8125dcb2782047e23ae44de{\n-webkit-border-radius:0px 0px 0px 0px;\n-moz-border-radius:0px 0px 0px 0px;\nborder-radius:0px 0px 0px 0px;\npadding:0px 0px 0px 0px;\n}\n<\/style>\n<div class='flex_column av-5wesm-a9ba59a7c8125dcb2782047e23ae44de av_one_half  avia-builder-el-8  el_after_av_one_fourth  el_before_av_one_half  first flex_column_div av-zero-column-padding column-top-margin'     ><section  class='av_textblock_section av-k6hq0wtk-b79195b08abe92e3e1805928e79e3ff5'  itemscope=\"itemscope\" itemtype=\"https:\/\/schema.org\/CreativeWork\" ><div class='avia_textblock'  itemprop=\"text\" ><h3><span style=\"color: #05c102;\">K160 Printer Set<\/span><\/h3>\n<\/div><\/section><br \/>\n<section  class='av_textblock_section av-k6hq0wtk-b79195b08abe92e3e1805928e79e3ff5'  itemscope=\"itemscope\" itemtype=\"https:\/\/schema.org\/CreativeWork\" ><div class='avia_textblock'  itemprop=\"text\" ><p>Impress\u00e3o de 1\/2 polegada &#8211; 12,7 mm ou 3 polegadas &#8211; 76,2 mm de acordo com a configura\u00e7\u00e3o da impressora modular com um controlador e uma, duas, tr\u00eas, quatro, cinco ou seis cabe\u00e7as de impress\u00e3o.<br \/>\nA detec\u00e7\u00e3o independente do produto por cabe\u00e7a de impress\u00e3o ou por bloco de cabe\u00e7as de impress\u00e3o inclui:<br \/>\ncontrolador touch screen de 7 polegadas com um, dois, tr\u00eas, quatro, cinco ou seis cabe\u00e7as de impress\u00e3o separadas ou unidas por umbilical por umbilical de 1,8 metros<br \/>\nSuportes de montagem para o controlador e cabe\u00e7as de impress\u00e3o<br \/>\n30 V. Alimenta\u00e7\u00e3o el\u00e9trica<br \/>\nFotoc\u00e9lula cil\u00edndrica de reflex\u00e3o direta com conector e cabo de 2 M. Dependendo da configura\u00e7\u00e3o da impressora, podem ser instaladas at\u00e9 6 fotoc\u00e9lulas, uma por cabe\u00e7a de impress\u00e3o.<br \/>\nLAN + Conectividade total com m\u00faltiplos sistemas<\/p>\n<\/div><\/section><br \/>\n\n<style type=\"text\/css\" data-created_by=\"avia_inline_auto\" id=\"style-css-av-kj7nk8v7-ec6af6bb8c41dbf53c65ba1b486a7049\">\n#top .hr.hr-invisible.av-kj7nk8v7-ec6af6bb8c41dbf53c65ba1b486a7049{\nheight:50px;\n}\n<\/style>\n<div  class='hr av-kj7nk8v7-ec6af6bb8c41dbf53c65ba1b486a7049 hr-invisible  avia-builder-el-11  el_after_av_textblock  el_before_av_textblock '><span class='hr-inner '><span class=\"hr-inner-style\"><\/span><\/span><\/div><br \/>\n<section  class='av_textblock_section av-k6hq0wtk-b79195b08abe92e3e1805928e79e3ff5'  itemscope=\"itemscope\" itemtype=\"https:\/\/schema.org\/CreativeWork\" ><div class='avia_textblock'  itemprop=\"text\" ><p>Embalagem: 52 x 28 x 23 cm Peso: 5.500 Kg Caixa pl\u00e1stica<br \/>\nDefinir cabo de energia e cabo para carregador de bateria:<br \/>\nAmericano Tipo A ou Europeu Tipo E<\/p>\n<\/div><\/section><\/p><\/div>\n\n<style type=\"text\/css\" data-created_by=\"avia_inline_auto\" id=\"style-css-av-7qji6-75345ae8e91248a5586f6e735f155039\">\n.flex_column.av-7qji6-75345ae8e91248a5586f6e735f155039{\n-webkit-border-radius:0px 0px 0px 0px;\n-moz-border-radius:0px 0px 0px 0px;\nborder-radius:0px 0px 0px 0px;\npadding:0px 0px 0px 0px;\n}\n<\/style>\n<div class='flex_column av-7qji6-75345ae8e91248a5586f6e735f155039 av_one_half  avia-builder-el-13  el_after_av_one_half  el_before_av_one_full  flex_column_div av-zero-column-padding column-top-margin'     ><section  class='av_textblock_section av-k6hq0wtk-b79195b08abe92e3e1805928e79e3ff5'  itemscope=\"itemscope\" itemtype=\"https:\/\/schema.org\/CreativeWork\" ><div class='avia_textblock'  itemprop=\"text\" ><h3>IMPRESS\u00c3O R\u00c1PIDA E F\u00c1CIL EM ALTA RESOLU\u00c7\u00c3O<\/h3>\n<\/div><\/section><br \/>\n<section  class='av_textblock_section av-k6hq0wtk-b79195b08abe92e3e1805928e79e3ff5'  itemscope=\"itemscope\" itemtype=\"https:\/\/schema.org\/CreativeWork\" ><div class='avia_textblock'  itemprop=\"text\" ><p>D1 Configura\u00e7\u00e3o x 2 cabe\u00e7as de impress\u00e3o individuais<br \/>\nAltura por cabe\u00e7a de impress\u00e3o 1\/2 Polegada &#8211; 12,7 mm<\/p>\n<p>D1 Configura\u00e7\u00e3o x 3 cabe\u00e7as de impress\u00e3o individuais<br \/>\nAltura por cabe\u00e7a de impress\u00e3o 1\/2 Polegada &#8211; 12,7 mm<\/p>\n<p>D1 Configura\u00e7\u00e3o x 4 cabe\u00e7as de impress\u00e3o individuais<br \/>\nAltura por cabe\u00e7a de impress\u00e3o 1\/2 Polegada &#8211; 12,7 mm<\/p>\n<p>D1 Configura\u00e7\u00e3o x 5 cabe\u00e7as de impress\u00e3o individuais<br \/>\nAltura por cabe\u00e7a de impress\u00e3o 1\/2 Polegada &#8211; 12,7 mm<\/p>\n<p>D1 Configura\u00e7\u00e3o x 6 cabe\u00e7as de impress\u00e3o individuais<br \/>\nAltura por cabe\u00e7a de impress\u00e3o 1\/2 Polegada &#8211; 12,7 mm<\/p>\n<p>Configura\u00e7\u00e3o D2U 1 cabe\u00e7a de impress\u00e3o de dupla jun\u00e7\u00e3o com uma altura total de 1 polegada &#8211; 25,4mm<br \/>\nConfigura\u00e7\u00e3o D3U 1 cabe\u00e7a de impress\u00e3o tripla unida com altura total de 1,5 polegadas &#8211; 38,10mm<br \/>\nConfigura\u00e7\u00e3o D4U 1 cabe\u00e7a de impress\u00e3o quadrupla colada com uma altura total de 2 polegadas &#8211; 50,8mm<br \/>\nConfigura\u00e7\u00e3o D5U 1 cabe\u00e7a de impress\u00e3o quintupla colada com uma altura total de 2,5 polegadas &#8211; 63,5mm<br \/>\nConfigura\u00e7\u00e3o D6U 1 cabe\u00e7a de impress\u00e3o sextuple colada com uma altura total de 3 polegadas &#8211; 76,2mm<\/p>\n<\/div><\/section><\/p><\/div>\n\n<style type=\"text\/css\" data-created_by=\"avia_inline_auto\" id=\"style-css-av-tnh9-ce6006eb1621ea626fae124ad332a089\">\n.flex_column.av-tnh9-ce6006eb1621ea626fae124ad332a089{\n-webkit-border-radius:0px 0px 0px 0px;\n-moz-border-radius:0px 0px 0px 0px;\nborder-radius:0px 0px 0px 0px;\npadding:0px 0px 0px 0px;\n}\n<\/style>\n<div class='flex_column av-tnh9-ce6006eb1621ea626fae124ad332a089 av_one_full  avia-builder-el-16  el_after_av_one_half  el_before_av_section  avia-builder-el-last  first flex_column_div av-zero-column-padding column-top-margin'     ><div  class='avia-button-wrap av-k73zy876-b51ee2ff14572ea26d8fab0e755bed3c-wrap avia-button-center  avia-builder-el-17  avia-builder-el-no-sibling '><a href='https:\/\/kodyka.com\/wp-content\/uploads\/2024\/01\/k160n_eng.pdf' class='avia-button av-k73zy876-b51ee2ff14572ea26d8fab0e755bed3c avia-icon_select-yes-left-icon avia-size-small avia-position-center avia-color-dark' target=\"_blank\" rel=\"noopener noreferrer\"><span class='avia_button_icon avia_button_icon_left' aria-hidden='true' data-av_icon='\ue82d' data-av_iconfont='entypo-fontello'><\/span><span class='avia_iconbox_title' >PDF<\/span><\/a><\/div><\/div><\/div><\/div><\/div><!-- close content main div --><\/div><\/div>\n<style type=\"text\/css\" data-created_by=\"avia_inline_auto\" id=\"style-css-av-k9m0uwe1-c2168755e2ce5bc0485e8be666e83a88\">\n.avia-section.av-k9m0uwe1-c2168755e2ce5bc0485e8be666e83a88{\nbackground-color:#fcfcfc;\nbackground-image:url(https:\/\/kodyka.com\/wp-content\/uploads\/2020\/05\/fondo-transparente.png);\nbackground-repeat:no-repeat;\nbackground-position:50% 50%;\nbackground-attachment:fixed;\n}\n.avia-section.av-k9m0uwe1-c2168755e2ce5bc0485e8be666e83a88 .av-section-color-overlay{\nopacity:0.3;\nbackground-color:#ffffff;\nbackground-image:url(https:\/\/kodyka.com\/wp-content\/themes\/enfold\/images\/background-images\/dots-mini-light.png);\nbackground-repeat:repeat;\n}\n<\/style>\n<div id='av_section_1'  class='avia-section av-k9m0uwe1-c2168755e2ce5bc0485e8be666e83a88 header_color avia-section-large avia-no-border-styling  avia-builder-el-18  el_after_av_one_full  avia-builder-el-last  avia-full-contain avia-bg-style-fixed av-section-color-overlay-active container_wrap sidebar_right'  data-section-bg-repeat='contain'><div class=\"av-section-color-overlay-wrap\"><div class=\"av-section-color-overlay\"><\/div><div class='container av-section-cont-open' ><div class='template-page content  av-content-small alpha units'><div class='post-entry post-entry-type-page post-entry-18153'><div class='entry-content-wrapper clearfix'>\n\n<style type=\"text\/css\" data-created_by=\"avia_inline_auto\" id=\"style-css-av-mj1mr-f01037ee5cd14844fe2434b4fd909619\">\n.flex_column.av-mj1mr-f01037ee5cd14844fe2434b4fd909619{\n-webkit-border-radius:0px 0px 0px 0px;\n-moz-border-radius:0px 0px 0px 0px;\nborder-radius:0px 0px 0px 0px;\npadding:0px 0px 0px 0px;\n}\n<\/style>\n<div class='flex_column av-mj1mr-f01037ee5cd14844fe2434b4fd909619 av_one_third  avia-builder-el-19  el_before_av_one_third  avia-builder-el-first  first flex_column_div av-zero-column-padding '     ><style type=\"text\/css\" data-created_by=\"avia_inline_auto\" id=\"style-css-av-k674wuwe-6bc2e4715a521f82b7d1c72753e70749\">\n#top .av_textblock_section.av-k674wuwe-6bc2e4715a521f82b7d1c72753e70749 .avia_textblock{\nfont-size:18px;\ncolor:#282828;\n}\n<\/style>\n<section  class='av_textblock_section av-k674wuwe-6bc2e4715a521f82b7d1c72753e70749'  itemscope=\"itemscope\" itemtype=\"https:\/\/schema.org\/CreativeWork\" ><div class='avia_textblock av_inherit_color'  itemprop=\"text\" ><p style=\"text-align: center;\"><img alt=\"kodykar-tij-25-k160n\" decoding=\"async\" class=\" wp-image-5285 aligncenter\" src=\"https:\/\/kodyka.com\/wp-content\/uploads\/2020\/05\/filtro.png\" alt=\"\" width=\"180\" height=\"180\" srcset=\"https:\/\/kodyka.com\/wp-content\/uploads\/2020\/05\/filtro.png 250w, https:\/\/kodyka.com\/wp-content\/uploads\/2020\/05\/filtro-80x80.png 80w, https:\/\/kodyka.com\/wp-content\/uploads\/2020\/05\/filtro-36x36.png 36w, https:\/\/kodyka.com\/wp-content\/uploads\/2020\/05\/filtro-180x180.png 180w\" sizes=\"(max-width: 180px) 100vw, 180px\" \/>Impressora com filtro para picos de tens\u00e3o, parasitas e harm\u00f4nicas<\/p>\n<\/div><\/section><\/div>\n<style type=\"text\/css\" data-created_by=\"avia_inline_auto\" id=\"style-css-av-fyt03-d85c2497525bf91f86160385da6e6bf5\">\n.flex_column.av-fyt03-d85c2497525bf91f86160385da6e6bf5{\n-webkit-border-radius:0px 0px 0px 0px;\n-moz-border-radius:0px 0px 0px 0px;\nborder-radius:0px 0px 0px 0px;\npadding:0px 0px 0px 0px;\n}\n<\/style>\n<div class='flex_column av-fyt03-d85c2497525bf91f86160385da6e6bf5 av_one_third  avia-builder-el-21  el_after_av_one_third  el_before_av_one_third  flex_column_div av-zero-column-padding '     ><style type=\"text\/css\" data-created_by=\"avia_inline_auto\" id=\"style-css-av-k674wuwe-6bc2e4715a521f82b7d1c72753e70749\">\n#top .av_textblock_section.av-k674wuwe-6bc2e4715a521f82b7d1c72753e70749 .avia_textblock{\nfont-size:18px;\ncolor:#282828;\n}\n<\/style>\n<section  class='av_textblock_section av-k674wuwe-6bc2e4715a521f82b7d1c72753e70749'  itemscope=\"itemscope\" itemtype=\"https:\/\/schema.org\/CreativeWork\" ><div class='avia_textblock av_inherit_color'  itemprop=\"text\" ><p style=\"text-align: center;\"><img alt=\"kodykar-tij-25-k160n\" decoding=\"async\" class=\" wp-image-5275 aligncenter\" src=\"https:\/\/kodyka.com\/wp-content\/uploads\/2020\/05\/electronica-militar.png\" alt=\"\" width=\"180\" height=\"180\" srcset=\"https:\/\/kodyka.com\/wp-content\/uploads\/2020\/05\/electronica-militar.png 250w, https:\/\/kodyka.com\/wp-content\/uploads\/2020\/05\/electronica-militar-80x80.png 80w, https:\/\/kodyka.com\/wp-content\/uploads\/2020\/05\/electronica-militar-36x36.png 36w, https:\/\/kodyka.com\/wp-content\/uploads\/2020\/05\/electronica-militar-180x180.png 180w\" sizes=\"(max-width: 180px) 100vw, 180px\" \/>Eletr\u00f4nica de n\u00edvel militar em um estado s\u00f3lido<\/p>\n<\/div><\/section><\/div>\n<style type=\"text\/css\" data-created_by=\"avia_inline_auto\" id=\"style-css-av-6menv-5fd74a76e991e223986002e3c8aacdb4\">\n.flex_column.av-6menv-5fd74a76e991e223986002e3c8aacdb4{\n-webkit-border-radius:0px 0px 0px 0px;\n-moz-border-radius:0px 0px 0px 0px;\nborder-radius:0px 0px 0px 0px;\npadding:0px 0px 0px 0px;\n}\n<\/style>\n<div class='flex_column av-6menv-5fd74a76e991e223986002e3c8aacdb4 av_one_third  avia-builder-el-23  el_after_av_one_third  avia-builder-el-last  flex_column_div av-zero-column-padding '     ><style type=\"text\/css\" data-created_by=\"avia_inline_auto\" id=\"style-css-av-k674wuwe-6bc2e4715a521f82b7d1c72753e70749\">\n#top .av_textblock_section.av-k674wuwe-6bc2e4715a521f82b7d1c72753e70749 .avia_textblock{\nfont-size:18px;\ncolor:#282828;\n}\n<\/style>\n<section  class='av_textblock_section av-k674wuwe-6bc2e4715a521f82b7d1c72753e70749'  itemscope=\"itemscope\" itemtype=\"https:\/\/schema.org\/CreativeWork\" ><div class='avia_textblock av_inherit_color'  itemprop=\"text\" ><p style=\"text-align: center;\"><img alt=\"kodykar-tij-25-k160n\" loading=\"lazy\" decoding=\"async\" class=\"wp-image-7937 aligncenter\" src=\"https:\/\/es.kodyka.com\/wp-content\/uploads\/2020\/05\/2years-warrenty.jpg\" alt=\"\" width=\"180\" height=\"180\" srcset=\"https:\/\/kodyka.com\/wp-content\/uploads\/2020\/05\/2years-warrenty.jpg 250w, https:\/\/kodyka.com\/wp-content\/uploads\/2020\/05\/2years-warrenty-80x80.jpg 80w, https:\/\/kodyka.com\/wp-content\/uploads\/2020\/05\/2years-warrenty-36x36.jpg 36w, https:\/\/kodyka.com\/wp-content\/uploads\/2020\/05\/2years-warrenty-180x180.jpg 180w\" sizes=\"(max-width: 180px) 100vw, 180px\" \/>O \u00fanico fabricante a oferecer uma garantia de 2 anos<\/p>\n<\/div><\/section><\/div>\n<\/div><\/div><\/div><!-- close content main div --><\/div><\/div><\/div><div id='after_section_1'  class='main_color av_default_container_wrap container_wrap sidebar_right'  ><div class='container av-section-cont-open' ><div class='template-page content  av-content-small alpha units'><div class='post-entry post-entry-type-page post-entry-18153'><div class='entry-content-wrapper clearfix'><\/p>\n","protected":false},"excerpt":{"rendered":"","protected":false},"author":1,"featured_media":18154,"parent":18245,"menu_order":0,"comment_status":"closed","ping_status":"closed","template":"","meta":{"footnotes":""},"class_list":["post-18153","page","type-page","status-publish","has-post-thumbnail","hentry"],"_links":{"self":[{"href":"https:\/\/kodyka.com\/pt\/wp-json\/wp\/v2\/pages\/18153","targetHints":{"allow":["GET"]}}],"collection":[{"href":"https:\/\/kodyka.com\/pt\/wp-json\/wp\/v2\/pages"}],"about":[{"href":"https:\/\/kodyka.com\/pt\/wp-json\/wp\/v2\/types\/page"}],"author":[{"embeddable":true,"href":"https:\/\/kodyka.com\/pt\/wp-json\/wp\/v2\/users\/1"}],"replies":[{"embeddable":true,"href":"https:\/\/kodyka.com\/pt\/wp-json\/wp\/v2\/comments?post=18153"}],"version-history":[{"count":0,"href":"https:\/\/kodyka.com\/pt\/wp-json\/wp\/v2\/pages\/18153\/revisions"}],"up":[{"embeddable":true,"href":"https:\/\/kodyka.com\/pt\/wp-json\/wp\/v2\/pages\/18245"}],"wp:featuredmedia":[{"embeddable":true,"href":"https:\/\/kodyka.com\/pt\/wp-json\/wp\/v2\/media\/18154"}],"wp:attachment":[{"href":"https:\/\/kodyka.com\/pt\/wp-json\/wp\/v2\/media?parent=18153"}],"curies":[{"name":"wp","href":"https:\/\/api.w.org\/{rel}","templated":true}]}}