{"id":18166,"date":"2020-10-20T08:35:05","date_gmt":"2020-10-20T08:35:05","guid":{"rendered":"https:\/\/kodyka.com\/cookies-politics\/"},"modified":"2020-10-20T08:35:05","modified_gmt":"2020-10-20T08:35:05","slug":"cookies-politics","status":"publish","type":"page","link":"https:\/\/kodyka.com\/pt\/cookies-politics\/","title":{"rendered":"Cookie policy"},"content":{"rendered":"<section  class='av_textblock_section av-kghqbgxx-a2134acd77d240308baea9cc57481d43'  itemscope=\"itemscope\" itemtype=\"https:\/\/schema.org\/CreativeWork\" ><div class='avia_textblock'  itemprop=\"text\" ><h2>POL\u00cdTICA DE COOKIES<\/h2>\n<\/div><\/section>\n<section  class='av_textblock_section av-kghppbej-c0e16772cd7ec283af8579639e4bd436'  itemscope=\"itemscope\" itemtype=\"https:\/\/schema.org\/CreativeWork\" ><div class='avia_textblock'  itemprop=\"text\" ><p>Atrav\u00e9s desta pol\u00edtica, Kodyka. como respons\u00e1vel pelo dom\u00ednio www.kodyka.com, oferece ao usu\u00e1rio da p\u00e1gina informa\u00e7\u00f5es sobre o tratamento de seus dados que fazemos atrav\u00e9s do uso de &#8220;cookies&#8221; e\/ou tecnologias similares.<\/p>\n<p>O que \u00e9 um &#8220;cookie&#8221;?<\/p>\n<p>Este website utiliza cookies e\/ou tecnologias similares que armazenam e recuperam informa\u00e7\u00f5es quando voc\u00ea navega. Em geral, estas tecnologias podem servir a muitos prop\u00f3sitos diferentes, tais como reconhecer voc\u00ea como usu\u00e1rio, obter informa\u00e7\u00f5es sobre seus h\u00e1bitos de navega\u00e7\u00e3o, ou personalizar a forma como o conte\u00fado \u00e9 exibido. Os usos espec\u00edficos que fazemos destas tecnologias s\u00e3o descritos abaixo.<\/p>\n<p>Quais os tipos de cookies que utilizamos?<\/p>\n<p>Os seguintes tipos de cookies s\u00e3o utilizados neste site:<\/p>\n<p>Por propriet\u00e1rio:<\/p>\n<p>Cookies pr\u00f3prios: s\u00e3o aqueles que s\u00e3o enviados ao equipamento terminal do usu\u00e1rio a partir de um computador ou dom\u00ednio gerenciado pela pr\u00f3pria editora e a partir do qual o servi\u00e7o solicitado pelo usu\u00e1rio \u00e9 fornecido.<\/p>\n<p>Cookies de terceiros: s\u00e3o aqueles enviados ao equipamento terminal do usu\u00e1rio a partir de um computador ou dom\u00ednio n\u00e3o gerenciado pela editora, mas por outra entidade que trata os dados obtidos atrav\u00e9s de cookies.<\/p>\n<p>Por finalidade:<\/p>\n<p>Cookies t\u00e9cnicos: s\u00e3o aqueles que permitem ao usu\u00e1rio navegar por uma p\u00e1gina da web, plataforma ou aplicativo e utilizar as diferentes op\u00e7\u00f5es ou servi\u00e7os que existem nela, incluindo aqueles que o editor utiliza para permitir o gerenciamento e opera\u00e7\u00e3o da p\u00e1gina da web e para habilitar suas fun\u00e7\u00f5es e servi\u00e7os.<\/p>\n<p>Cookies anal\u00edticos: s\u00e3o aqueles que permitem ao respons\u00e1vel por eles rastrear e analisar o comportamento dos usu\u00e1rios dos sites aos quais est\u00e3o ligados, incluindo a quantifica\u00e7\u00e3o dos impactos dos an\u00fancios. As informa\u00e7\u00f5es coletadas atrav\u00e9s deste tipo de cookie s\u00e3o utilizadas para medir a atividade dos websites, aplicativo ou plataforma, a fim de introduzir melhorias baseadas na an\u00e1lise dos dados de uso feita pelos usu\u00e1rios do servi\u00e7o.<\/p>\n<p>Durante o tempo em que permanecerem ativos:<\/p>\n<p>Cookies de sess\u00e3o: s\u00e3o aqueles projetados para coletar e armazenar dados enquanto o usu\u00e1rio acessa um website. Geralmente s\u00e3o usados para armazenar informa\u00e7\u00f5es que s\u00f3 s\u00e3o interessantes para guardar para a presta\u00e7\u00e3o do servi\u00e7o solicitado pelo usu\u00e1rio em uma ocasi\u00e3o (por exemplo, uma lista de produtos comprados) e desaparecem no final da sess\u00e3o.<\/p>\n<p>Cookies Persistentes: s\u00e3o aqueles em que os dados ainda est\u00e3o armazenados no terminal e podem ser acessados e processados durante um per\u00edodo definido pelo respons\u00e1vel pelo cookie, que pode variar de alguns minutos a v\u00e1rios anos.<\/p>\n<table>\n<tbody>\n<tr>\n<td width=\"140\">wp-wpml_current_language<\/td>\n<td width=\"128\">techniques<\/td>\n<td width=\"166\">This cookie is set by wpml . The cookie is used to change the language of the web pages, .<\/td>\n<td width=\"85\">kodyka.com<\/td>\n<td width=\"101\">1 Day<\/td>\n<\/tr>\n<\/tbody>\n<\/table>\n<p>(*)<\/p>\n<p>Fornecedores n\u00e3o localizados na Uni\u00e3o Europ\u00e9ia ou em pa\u00edses com legisla\u00e7\u00e3o equivalente de prote\u00e7\u00e3o de dados<\/p>\n<p>As informa\u00e7\u00f5es extra\u00eddas atrav\u00e9s desses cookies s\u00e3o armazenadas nos servidores Google\/Youtube\/Facebook, localizados nos EUA, pa\u00eds no qual sua legisla\u00e7\u00e3o n\u00e3o garante um n\u00edvel adequado de prote\u00e7\u00e3o de dados a crit\u00e9rio das autoridades europ\u00e9ias. Ao concordar com o uso desses cookies, voc\u00ea tamb\u00e9m consente com a transfer\u00eancia internacional de seus dados para a empresa Google\/Youtube\/Facebook, nos Estados Unidos.<\/p>\n<p>O Google tamb\u00e9m \u00e9 afiliado \u00e0 ferramenta Web Choices, da qual voc\u00ea pode desativar o uso de seus cookies: http:\/\/optout.aboutads.info\/.<\/p>\n<p>Posso desabilit\u00e1-los?<\/p>\n<p>Voc\u00ea pode configurar seu navegador para rejeitar o armazenamento de cookies em seu computador.<\/p>\n<p>Para desativar os cookies de seu navegador, voc\u00ea pode encontrar informa\u00e7\u00f5es sobre como faz\u00ea-lo se estiver usando-o como um navegador:<\/p>\n<p>Firefox : <a href=\"http:\/\/support.mozilla.org\/es\/kb\/habilitar-y-deshabilitar-cookies-que-los-sitios-we\" target=\"_blank\" rel=\"noopener noreferrer\">http:\/\/support.mozilla.org\/es\/kb\/habilitar-y-deshabilitar-cookies-que-los-sitios-we<\/a><\/p>\n<p>Chrome : <a href=\"http:\/\/support.google.com\/chrome\/bin\/answer.py?hl=es&amp;answer=95647\" target=\"_blank\" rel=\"noopener noreferrer\">http:\/\/support.google.com\/chrome\/bin\/answer.py?hl=es&amp;answer=95647<\/a><\/p>\n<p>Explorer : <a href=\"https:\/\/support.microsoft.com\/es-es\/help\/17442\/windows-internet-explorer-delete-manage-cookies\" target=\"_blank\" rel=\"noopener noreferrer\">https:\/\/support.microsoft.com\/es-es\/help\/17442\/windows-internet-explorer-delete-manage-cookies<\/a><\/p>\n<p>Safari : <a href=\"http:\/\/support.apple.com\/kb\/ph5042\" target=\"_blank\" rel=\"noopener noreferrer\">http:\/\/support.apple.com\/kb\/ph5042<\/a><\/p>\n<p>Opera : <a href=\"http:\/\/help.opera.com\/Windows\/11.50\/es-ES\/cookies.html\" target=\"_blank\" rel=\"noopener noreferrer\">http:\/\/help.opera.com\/Windows\/11.50\/es-ES\/cookies.html<\/a><\/p>\n<p><u>\u00a0<\/u><\/p>\n<p>Mais informa\u00e7\u00f5es<\/p>\n<p>Para mais informa\u00e7\u00f5es sobre quest\u00f5es relativas \u00e0 privacidade e prote\u00e7\u00e3o de seus dados pessoais, com as quais estamos satisfeitos atrav\u00e9s desta pol\u00edtica de cookies, podemos consultar nossa pol\u00edtica atrav\u00e9s do seguinte link<\/p>\n<p><a href=\"https:\/\/pt.kodyka.com\/politica-privacidad\/\"> https:\/\/pt.kodyka.com\/politica-privacidad\/<\/a><\/p>\n<\/div><\/section>\n","protected":false},"excerpt":{"rendered":"","protected":false},"author":1,"featured_media":0,"parent":0,"menu_order":0,"comment_status":"closed","ping_status":"closed","template":"","meta":{"footnotes":""},"class_list":["post-18166","page","type-page","status-publish","hentry"],"_links":{"self":[{"href":"https:\/\/kodyka.com\/pt\/wp-json\/wp\/v2\/pages\/18166","targetHints":{"allow":["GET"]}}],"collection":[{"href":"https:\/\/kodyka.com\/pt\/wp-json\/wp\/v2\/pages"}],"about":[{"href":"https:\/\/kodyka.com\/pt\/wp-json\/wp\/v2\/types\/page"}],"author":[{"embeddable":true,"href":"https:\/\/kodyka.com\/pt\/wp-json\/wp\/v2\/users\/1"}],"replies":[{"embeddable":true,"href":"https:\/\/kodyka.com\/pt\/wp-json\/wp\/v2\/comments?post=18166"}],"version-history":[{"count":0,"href":"https:\/\/kodyka.com\/pt\/wp-json\/wp\/v2\/pages\/18166\/revisions"}],"wp:attachment":[{"href":"https:\/\/kodyka.com\/pt\/wp-json\/wp\/v2\/media?parent=18166"}],"curies":[{"name":"wp","href":"https:\/\/api.w.org\/{rel}","templated":true}]}}