{"id":18171,"date":"2020-05-05T19:40:23","date_gmt":"2020-05-05T19:40:23","guid":{"rendered":"https:\/\/kodyka.com\/rastreabilidade-do-produto\/"},"modified":"2020-05-05T19:40:23","modified_gmt":"2020-05-05T19:40:23","slug":"rastreabilidade-do-produto","status":"publish","type":"page","link":"https:\/\/kodyka.com\/pt\/industrias\/rastreabilidade-do-produto\/","title":{"rendered":"Rastreabilidade do produto"},"content":{"rendered":"\n<style type=\"text\/css\" data-created_by=\"avia_inline_auto\" id=\"style-css-av-a9fre5-d942d116aaaff0af7774098f8a6eb02f\">\n.flex_column.av-a9fre5-d942d116aaaff0af7774098f8a6eb02f{\n-webkit-border-radius:0px 0px 0px 0px;\n-moz-border-radius:0px 0px 0px 0px;\nborder-radius:0px 0px 0px 0px;\npadding:0px 0px 0px 0px;\n}\n<\/style>\n<div class='flex_column av-a9fre5-d942d116aaaff0af7774098f8a6eb02f av_one_full  avia-builder-el-0  el_before_av_one_half  avia-builder-el-first  first flex_column_div av-zero-column-padding '     ><section  class='av_textblock_section av-k9u598my-e0902d4947076263edb86b6778fe633c'  itemscope=\"itemscope\" itemtype=\"https:\/\/schema.org\/CreativeWork\" ><div class='avia_textblock'  itemprop=\"text\" ><h2 style=\"text-align: center;\">Rastreabilidade do produto<\/h2>\n<\/div><\/section><\/div>\n\n<style type=\"text\/css\" data-created_by=\"avia_inline_auto\" id=\"style-css-av-8q9b1p-70eee9810df6c79d49d94100cd8afaaa\">\n.flex_column.av-8q9b1p-70eee9810df6c79d49d94100cd8afaaa{\n-webkit-border-radius:0px 0px 0px 0px;\n-moz-border-radius:0px 0px 0px 0px;\nborder-radius:0px 0px 0px 0px;\npadding:0px 0px 0px 0px;\n}\n<\/style>\n<div class='flex_column av-8q9b1p-70eee9810df6c79d49d94100cd8afaaa av_one_half  avia-builder-el-2  el_after_av_one_full  el_before_av_one_half  first flex_column_div av-zero-column-padding column-top-margin'     ><p>\n<style type=\"text\/css\" data-created_by=\"avia_inline_auto\" id=\"style-css-av-k9u5m5af-fa2d6436d6d74cbb428ded2a77684423\">\n.avia-image-container.av-k9u5m5af-fa2d6436d6d74cbb428ded2a77684423 img.avia_image{\nbox-shadow:none;\n}\n.avia-image-container.av-k9u5m5af-fa2d6436d6d74cbb428ded2a77684423 .av-image-caption-overlay-center{\ncolor:#ffffff;\n}\n<\/style>\n<div  class='avia-image-container av-k9u5m5af-fa2d6436d6d74cbb428ded2a77684423 av-styling- avia-align-center  avia-builder-el-3  el_before_av_image  avia-builder-el-first '   itemprop=\"image\" itemscope=\"itemscope\" itemtype=\"https:\/\/schema.org\/ImageObject\" ><div class=\"avia-image-container-inner\"><div class=\"avia-image-overlay-wrap\"><img alt=\"kodykar-tij-25-rastreabilidade-do-produto\" fetchpriority=\"high\" fetchpriority=\"high\" decoding=\"async\" class='wp-image-18172 avia-img-lazy-loading-not-18172 avia_image ' src=\"https:\/\/kodyka.com\/wp-content\/uploads\/2020\/08\/product-trazability-marking-and-coding-industrial-tij.jpg\" alt='' title='Trazabilidad del producto. Impresoras TIJ 2.5'  height=\"320\" width=\"700\"  itemprop=\"thumbnailUrl\" srcset=\"https:\/\/kodyka.com\/wp-content\/uploads\/2020\/08\/product-trazability-marking-and-coding-industrial-tij.jpg 700w, https:\/\/kodyka.com\/wp-content\/uploads\/2020\/08\/product-trazability-marking-and-coding-industrial-tij-300x137.jpg 300w\" sizes=\"(max-width: 700px) 100vw, 700px\" \/><\/div><\/div><\/div><br \/>\n\n<style type=\"text\/css\" data-created_by=\"avia_inline_auto\" id=\"style-css-av-k9u5m5af-238055b0646ec9fe812d6816971e53f4\">\n.avia-image-container.av-k9u5m5af-238055b0646ec9fe812d6816971e53f4 img.avia_image{\nbox-shadow:none;\n}\n.avia-image-container.av-k9u5m5af-238055b0646ec9fe812d6816971e53f4 .av-image-caption-overlay-center{\ncolor:#ffffff;\n}\n<\/style>\n<div  class='avia-image-container av-k9u5m5af-238055b0646ec9fe812d6816971e53f4 av-styling- avia-align-center  avia-builder-el-4  el_after_av_image  avia-builder-el-last '   itemprop=\"image\" itemscope=\"itemscope\" itemtype=\"https:\/\/schema.org\/ImageObject\" ><div class=\"avia-image-container-inner\"><div class=\"avia-image-overlay-wrap\"><img alt=\"kodykar-tij-25-rastreabilidade-do-produto\" decoding=\"async\" class='wp-image-10003 avia-img-lazy-loading-not-10003 avia_image ' src=\"https:\/\/kodyka.com\/wp-content\/uploads\/2020\/08\/product-trazability-marking-and-coding-industrial-tij-2.5.jpg\" alt='Rastreabilidade do produto. Impressoras TIJ 2.5' title='rastreabilidade do produto - marca\u00e7\u00e3o e codifica\u00e7\u00e3o industrial tij 2,5'  height=\"320\" width=\"700\"  itemprop=\"thumbnailUrl\" srcset=\"https:\/\/kodyka.com\/wp-content\/uploads\/2020\/08\/product-trazability-marking-and-coding-industrial-tij-2.5.jpg 700w, https:\/\/kodyka.com\/wp-content\/uploads\/2020\/08\/product-trazability-marking-and-coding-industrial-tij-2.5-300x137.jpg 300w\" sizes=\"(max-width: 700px) 100vw, 700px\" \/><\/div><\/div><\/div><\/p><\/div>\n<style type=\"text\/css\" data-created_by=\"avia_inline_auto\" id=\"style-css-av-7bhgkt-ced8480dac2bff57d7a9b75fb1998775\">\n.flex_column.av-7bhgkt-ced8480dac2bff57d7a9b75fb1998775{\n-webkit-border-radius:0px 0px 0px 0px;\n-moz-border-radius:0px 0px 0px 0px;\nborder-radius:0px 0px 0px 0px;\npadding:0px 0px 0px 0px;\n}\n<\/style>\n<div class='flex_column av-7bhgkt-ced8480dac2bff57d7a9b75fb1998775 av_one_half  avia-builder-el-5  el_after_av_one_half  el_before_av_section  avia-builder-el-last  flex_column_div av-zero-column-padding column-top-margin'     ><p><section  class='av_textblock_section av-k9u5aewc-798cd4b99f26882e7dca7f7490cdf8bd'  itemscope=\"itemscope\" itemtype=\"https:\/\/schema.org\/CreativeWork\" ><div class='avia_textblock'  itemprop=\"text\" ><p>As solu\u00e7\u00f5es de software s\u00e3o a chave para reduzir os custos de embalagem, optimizando as opera\u00e7\u00f5es de codifica\u00e7\u00e3o de produtos e cumprindo os regulamentos legais. Kodyka \u00ae oferece uma nova vasta gama de aplica\u00e7\u00f5es, concebidas para complementar a informa\u00e7\u00e3o no seu equipamento de marca\u00e7\u00e3o.<\/p>\n<\/div><\/section><br \/>\n<section  class='av_textblock_section av-k9u5aewc-798cd4b99f26882e7dca7f7490cdf8bd'  itemscope=\"itemscope\" itemtype=\"https:\/\/schema.org\/CreativeWork\" ><div class='avia_textblock'  itemprop=\"text\" ><h3>Solu\u00e7\u00f5es espec\u00edficas<\/h3>\n<p>Aumente a flexibilidade para importar dados do seu ERP em v\u00e1rios formatos.<\/p>\n<p>Integrar totalmente o software em dispositivos de manipula\u00e7\u00e3o de produtos, balan\u00e7as e controladores l\u00f3gicos program\u00e1veis (PLCs) para a gest\u00e3o autom\u00e1tica de erros<\/p>\n<p>Relatar informa\u00e7\u00e3o cr\u00edtica e de falhas funcionais.<\/p>\n<p>Redu\u00e7\u00e3o e c\u00e1lculo do consumo por marca\u00e7\u00e3o.<\/p>\n<p>Controlo da produ\u00e7\u00e3o.<\/p>\n<p>Verifica\u00e7\u00e3o da conformidade e exactid\u00e3o dos c\u00f3digos em rela\u00e7\u00e3o ao produto.<\/p>\n<\/div><\/section><\/p><\/div><\/p>\n<\/div><\/div><\/div><!-- close content main div --><\/div><\/div>\n<style type=\"text\/css\" data-created_by=\"avia_inline_auto\" id=\"style-css-av-k9m0uwe1-b91b0332ac9dacc1ccefc2c569e9bdb0\">\n.avia-section.av-k9m0uwe1-b91b0332ac9dacc1ccefc2c569e9bdb0{\nbackground-color:#ffffff;\nbackground-image:url(https:\/\/kodyka.com\/wp-content\/uploads\/2020\/05\/fondo-transparente.png);\nbackground-repeat:no-repeat;\nbackground-position:50% 50%;\nbackground-attachment:fixed;\n}\n.avia-section.av-k9m0uwe1-b91b0332ac9dacc1ccefc2c569e9bdb0 .av-section-color-overlay{\nopacity:0.3;\nbackground-color:#ffffff;\nbackground-image:url(https:\/\/kodyka.com\/wp-content\/themes\/enfold\/images\/background-images\/dots-mini-light.png);\nbackground-repeat:repeat;\n}\n<\/style>\n<div id='av_section_1'  class='avia-section av-k9m0uwe1-b91b0332ac9dacc1ccefc2c569e9bdb0 header_color avia-section-large avia-no-border-styling  avia-builder-el-8  el_after_av_one_half  el_before_av_submenu  avia-full-contain avia-bg-style-fixed av-section-color-overlay-active container_wrap sidebar_right'  data-section-bg-repeat='contain'><div class=\"av-section-color-overlay-wrap\"><div class=\"av-section-color-overlay\"><\/div><div class='container av-section-cont-open' ><div class='template-page content  av-content-small alpha units'><div class='post-entry post-entry-type-page post-entry-18171'><div class='entry-content-wrapper clearfix'>\n<section  class='av_textblock_section av-k9u5aewc-798cd4b99f26882e7dca7f7490cdf8bd'  itemscope=\"itemscope\" itemtype=\"https:\/\/schema.org\/CreativeWork\" ><div class='avia_textblock'  itemprop=\"text\" ><h2 style=\"text-align: center;\">INDUSTRIAS<\/h2>\n<\/div><\/section>\n\n<\/div><\/div><\/div><!-- close content main div --><\/div><\/div><\/div><div id='sub_menu1'  class='av-submenu-container av-kdzvwk7w-67ebd0e5c276f777003ae8402e1ec6a9 header_color av-switch-480  avia-builder-el-10  el_after_av_section  el_before_av_section  submenu-not-first container_wrap sidebar_right' style='z-index:301' ><div class='container av-menu-mobile-active av-submenu-pos-center'><a href=\"#\" class=\"mobile_menu_toggle\" aria-hidden='true' data-av_icon='\ue8a5' data-av_iconfont='entypo-fontello'><span class=\"av-current-placeholder\">Menu<\/span><\/a><ul id=\"menu-industrias-portuguese\" class=\"av-subnav-menu\"><li role=\"menuitem\" id=\"menu-item-18318\" class=\"menu-item menu-item-type-post_type menu-item-object-page menu-item-top-level menu-item-top-level-1\"><a href=\"https:\/\/kodyka.com\/pt\/industrias\/protecao-da-marca-codigo-uv\/\" itemprop=\"url\" tabindex=\"0\"><span class=\"avia-bullet\"><\/span><span class=\"avia-menu-text\">Prote\u00e7\u00e3o da marca<\/span><span class=\"avia-menu-fx\"><span class=\"avia-arrow-wrap\"><span class=\"avia-arrow\"><\/span><\/span><\/span><\/a><\/li>\n<li role=\"menuitem\" id=\"menu-item-18319\" class=\"menu-item menu-item-type-post_type menu-item-object-page menu-item-top-level menu-item-top-level-2\"><a href=\"https:\/\/kodyka.com\/pt\/industrias\/cabos-extrusao-de-tubos-e-perfis-marcacao-e-codificacao-industrial\/\" itemprop=\"url\" tabindex=\"0\"><span class=\"avia-bullet\"><\/span><span class=\"avia-menu-text\">Cabos, extrus\u00e3o de tubos e perfis<\/span><span class=\"avia-menu-fx\"><span class=\"avia-arrow-wrap\"><span class=\"avia-arrow\"><\/span><\/span><\/span><\/a><\/li>\n<li role=\"menuitem\" id=\"menu-item-18320\" class=\"menu-item menu-item-type-post_type menu-item-object-page menu-item-top-level menu-item-top-level-3\"><a href=\"https:\/\/kodyka.com\/pt\/industrias\/bebidas-e-lacticinios-marcacao-e-codificacao\/\" itemprop=\"url\" tabindex=\"0\"><span class=\"avia-bullet\"><\/span><span class=\"avia-menu-text\">Bebidas e Lactic\u00ednios<\/span><span class=\"avia-menu-fx\"><span class=\"avia-arrow-wrap\"><span class=\"avia-arrow\"><\/span><\/span><\/span><\/a><\/li>\n<li role=\"menuitem\" id=\"menu-item-18321\" class=\"menu-item menu-item-type-post_type menu-item-object-page menu-item-top-level menu-item-top-level-4\"><a href=\"https:\/\/kodyka.com\/pt\/industrias\/material-electronico-y-electrico-codigo-de-impressao\/\" itemprop=\"url\" tabindex=\"0\"><span class=\"avia-bullet\"><\/span><span class=\"avia-menu-text\">Material electr\u00f3nico y el\u00e9ctrico<\/span><span class=\"avia-menu-fx\"><span class=\"avia-arrow-wrap\"><span class=\"avia-arrow\"><\/span><\/span><\/span><\/a><\/li>\n<li role=\"menuitem\" id=\"menu-item-18322\" class=\"menu-item menu-item-type-post_type menu-item-object-page menu-item-top-level menu-item-top-level-5\"><a href=\"https:\/\/kodyka.com\/pt\/industrias\/produtos-agro-alimentares-marcacao-e-codificacao-da-industria-alimentar\/\" itemprop=\"url\" tabindex=\"0\"><span class=\"avia-bullet\"><\/span><span class=\"avia-menu-text\">Produtos agro-alimentares<\/span><span class=\"avia-menu-fx\"><span class=\"avia-arrow-wrap\"><span class=\"avia-arrow\"><\/span><\/span><\/span><\/a><\/li>\n<li role=\"menuitem\" id=\"menu-item-18323\" class=\"menu-item menu-item-type-post_type menu-item-object-page menu-item-top-level menu-item-top-level-6\"><a href=\"https:\/\/kodyka.com\/pt\/industrias\/congelados-marcacao-por-codigo-de-barras\/\" itemprop=\"url\" tabindex=\"0\"><span class=\"avia-bullet\"><\/span><span class=\"avia-menu-text\">Congelados<\/span><span class=\"avia-menu-fx\"><span class=\"avia-arrow-wrap\"><span class=\"avia-arrow\"><\/span><\/span><\/span><\/a><\/li>\n<li role=\"menuitem\" id=\"menu-item-18324\" class=\"menu-item menu-item-type-post_type menu-item-object-page menu-item-top-level menu-item-top-level-7\"><a href=\"https:\/\/kodyka.com\/pt\/industrias\/confeitaria-bolos-e-doces-marcacao-e-codificacao-industrial\/\" itemprop=\"url\" tabindex=\"0\"><span class=\"avia-bullet\"><\/span><span class=\"avia-menu-text\">Confeitaria, bolos e doces<\/span><span class=\"avia-menu-fx\"><span class=\"avia-arrow-wrap\"><span class=\"avia-arrow\"><\/span><\/span><\/span><\/a><\/li>\n<li role=\"menuitem\" id=\"menu-item-18325\" class=\"menu-item menu-item-type-post_type menu-item-object-page menu-item-top-level menu-item-top-level-8\"><a href=\"https:\/\/kodyka.com\/pt\/industrias\/farmacia-cosmetica-e-higiene-codigo-de-rastreabilidade\/\" itemprop=\"url\" tabindex=\"0\"><span class=\"avia-bullet\"><\/span><span class=\"avia-menu-text\">Farm\u00e1cia, cosm\u00e9tica e higiene<\/span><span class=\"avia-menu-fx\"><span class=\"avia-arrow-wrap\"><span class=\"avia-arrow\"><\/span><\/span><\/span><\/a><\/li>\n<li role=\"menuitem\" id=\"menu-item-18326\" class=\"menu-item menu-item-type-post_type menu-item-object-page menu-item-top-level menu-item-top-level-9\"><a href=\"https:\/\/kodyka.com\/pt\/industrias\/cartoes-postais-e-correspondencia-marcacao-e-codificacao-de-cartoes\/\" itemprop=\"url\" tabindex=\"0\"><span class=\"avia-bullet\"><\/span><span class=\"avia-menu-text\">Cart\u00f5es Postais e correspond\u00eancia<\/span><span class=\"avia-menu-fx\"><span class=\"avia-arrow-wrap\"><span class=\"avia-arrow\"><\/span><\/span><\/span><\/a><\/li>\n<li role=\"menuitem\" id=\"menu-item-18327\" class=\"menu-item menu-item-type-post_type menu-item-object-page menu-item-top-level menu-item-top-level-10\"><a href=\"https:\/\/kodyka.com\/pt\/industrias\/rastreabilidade-do-produto\/\" itemprop=\"url\" tabindex=\"0\"><span class=\"avia-bullet\"><\/span><span class=\"avia-menu-text\">Rastreabilidade do produto<\/span><span class=\"avia-menu-fx\"><span class=\"avia-arrow-wrap\"><span class=\"avia-arrow\"><\/span><\/span><\/span><\/a><\/li>\n<\/ul><\/div><\/div>\n\n<style type=\"text\/css\" data-created_by=\"avia_inline_auto\" id=\"style-css-av-k9m0uwe1-b91b0332ac9dacc1ccefc2c569e9bdb0\">\n.avia-section.av-k9m0uwe1-b91b0332ac9dacc1ccefc2c569e9bdb0{\nbackground-color:#ffffff;\nbackground-image:url(https:\/\/kodyka.com\/wp-content\/uploads\/2020\/05\/fondo-transparente.png);\nbackground-repeat:no-repeat;\nbackground-position:50% 50%;\nbackground-attachment:fixed;\n}\n.avia-section.av-k9m0uwe1-b91b0332ac9dacc1ccefc2c569e9bdb0 .av-section-color-overlay{\nopacity:0.3;\nbackground-color:#ffffff;\nbackground-image:url(https:\/\/kodyka.com\/wp-content\/themes\/enfold\/images\/background-images\/dots-mini-light.png);\nbackground-repeat:repeat;\n}\n<\/style>\n<div id='av_section_2'  class='avia-section av-k9m0uwe1-b91b0332ac9dacc1ccefc2c569e9bdb0 header_color avia-section-large avia-no-border-styling  avia-builder-el-11  el_after_av_submenu  avia-builder-el-last  avia-full-contain avia-bg-style-fixed av-section-color-overlay-active container_wrap sidebar_right'  data-section-bg-repeat='contain'><div class=\"av-section-color-overlay-wrap\"><div class=\"av-section-color-overlay\"><\/div><div class='container av-section-cont-open' ><div class='template-page content  av-content-small alpha units'><div class='post-entry post-entry-type-page post-entry-18171'><div class='entry-content-wrapper clearfix'><\/div><\/div><\/div><!-- close content main div --><\/div><\/div><\/div><div id='after_section_2'  class='main_color av_default_container_wrap container_wrap sidebar_right'  ><div class='container av-section-cont-open' ><div class='template-page content  av-content-small alpha units'><div class='post-entry post-entry-type-page post-entry-18171'><div class='entry-content-wrapper clearfix'>\n","protected":false},"excerpt":{"rendered":"","protected":false},"author":1,"featured_media":18172,"parent":18236,"menu_order":0,"comment_status":"closed","ping_status":"closed","template":"","meta":{"footnotes":""},"class_list":["post-18171","page","type-page","status-publish","has-post-thumbnail","hentry"],"_links":{"self":[{"href":"https:\/\/kodyka.com\/pt\/wp-json\/wp\/v2\/pages\/18171","targetHints":{"allow":["GET"]}}],"collection":[{"href":"https:\/\/kodyka.com\/pt\/wp-json\/wp\/v2\/pages"}],"about":[{"href":"https:\/\/kodyka.com\/pt\/wp-json\/wp\/v2\/types\/page"}],"author":[{"embeddable":true,"href":"https:\/\/kodyka.com\/pt\/wp-json\/wp\/v2\/users\/1"}],"replies":[{"embeddable":true,"href":"https:\/\/kodyka.com\/pt\/wp-json\/wp\/v2\/comments?post=18171"}],"version-history":[{"count":0,"href":"https:\/\/kodyka.com\/pt\/wp-json\/wp\/v2\/pages\/18171\/revisions"}],"up":[{"embeddable":true,"href":"https:\/\/kodyka.com\/pt\/wp-json\/wp\/v2\/pages\/18236"}],"wp:featuredmedia":[{"embeddable":true,"href":"https:\/\/kodyka.com\/pt\/wp-json\/wp\/v2\/media\/18172"}],"wp:attachment":[{"href":"https:\/\/kodyka.com\/pt\/wp-json\/wp\/v2\/media?parent=18171"}],"curies":[{"name":"wp","href":"https:\/\/api.w.org\/{rel}","templated":true}]}}