{"id":18187,"date":"2020-05-05T17:32:19","date_gmt":"2020-05-05T17:32:19","guid":{"rendered":"https:\/\/kodyka.com\/confeitaria-bolos-e-doces-marcacao-e-codificacao-industrial\/"},"modified":"2020-05-05T17:32:19","modified_gmt":"2020-05-05T17:32:19","slug":"confeitaria-bolos-e-doces-marcacao-e-codificacao-industrial","status":"publish","type":"page","link":"https:\/\/kodyka.com\/pt\/industrias\/confeitaria-bolos-e-doces-marcacao-e-codificacao-industrial\/","title":{"rendered":"Confeitaria, bolos e doces"},"content":{"rendered":"\n<style type=\"text\/css\" data-created_by=\"avia_inline_auto\" id=\"style-css-av-a9fre5-d942d116aaaff0af7774098f8a6eb02f\">\n.flex_column.av-a9fre5-d942d116aaaff0af7774098f8a6eb02f{\n-webkit-border-radius:0px 0px 0px 0px;\n-moz-border-radius:0px 0px 0px 0px;\nborder-radius:0px 0px 0px 0px;\npadding:0px 0px 0px 0px;\n}\n<\/style>\n<div class='flex_column av-a9fre5-d942d116aaaff0af7774098f8a6eb02f av_one_full  avia-builder-el-0  el_before_av_one_half  avia-builder-el-first  first flex_column_div av-zero-column-padding '     ><section  class='av_textblock_section av-k9u598my-e0902d4947076263edb86b6778fe633c'  itemscope=\"itemscope\" itemtype=\"https:\/\/schema.org\/CreativeWork\" ><div class='avia_textblock'  itemprop=\"text\" ><h2 style=\"text-align: center;\">Confeitaria, bolos e doces<\/h2>\n<\/div><\/section><\/div>\n\n<style type=\"text\/css\" data-created_by=\"avia_inline_auto\" id=\"style-css-av-8q9b1p-70eee9810df6c79d49d94100cd8afaaa\">\n.flex_column.av-8q9b1p-70eee9810df6c79d49d94100cd8afaaa{\n-webkit-border-radius:0px 0px 0px 0px;\n-moz-border-radius:0px 0px 0px 0px;\nborder-radius:0px 0px 0px 0px;\npadding:0px 0px 0px 0px;\n}\n<\/style>\n<div class='flex_column av-8q9b1p-70eee9810df6c79d49d94100cd8afaaa av_one_half  avia-builder-el-2  el_after_av_one_full  el_before_av_one_half  first flex_column_div av-zero-column-padding column-top-margin'     ><div  class='avia-slideshow av-kdx0umq3-1c64c9e361f6fe896f830f7ef5dd9141 avia-slideshow-no scaling av_slideshow avia-slide-slider  avia-builder-el-3  avia-builder-el-no-sibling  av-slideshow-ui av-control-default av-slideshow-manual av-loop-once av-loop-manual-endless av-default-height-applied avia-slideshow-1' data-slideshow-options=\"{&quot;animation&quot;:&quot;slide&quot;,&quot;autoplay&quot;:false,&quot;loop_autoplay&quot;:&quot;once&quot;,&quot;interval&quot;:5,&quot;loop_manual&quot;:&quot;manual-endless&quot;,&quot;autoplay_stopper&quot;:false,&quot;noNavigation&quot;:false,&quot;bg_slider&quot;:false,&quot;keep_padding&quot;:false,&quot;hoverpause&quot;:false,&quot;show_slide_delay&quot;:0}\"  itemprop=\"image\" itemscope=\"itemscope\" itemtype=\"https:\/\/schema.org\/ImageObject\" ><ul class='avia-slideshow-inner ' style='padding-bottom: 75%;'><li  class='avia-slideshow-slide av-kdx0umq3-1c64c9e361f6fe896f830f7ef5dd9141__0  slide-1 slide-odd'><div data-rel='slideshow-1' class='avia-slide-wrap '   ><img alt=\"kodykar-tij-25-confeitaria-bolos-e-doces\" fetchpriority=\"high\" fetchpriority=\"high\" decoding=\"async\" class=\"wp-image-18189 avia-img-lazy-loading-not-18189\"  src=\"https:\/\/kodyka.com\/wp-content\/uploads\/2020\/08\/CANDY-MAKING-AND-CODING.jpg\" width=\"900\" height=\"675\" title='CARAMELS - Rastreabilidade do produto' alt=''  itemprop=\"thumbnailUrl\" srcset=\"https:\/\/kodyka.com\/wp-content\/uploads\/2020\/08\/CANDY-MAKING-AND-CODING.jpg 900w, https:\/\/kodyka.com\/wp-content\/uploads\/2020\/08\/CANDY-MAKING-AND-CODING-300x225.jpg 300w, https:\/\/kodyka.com\/wp-content\/uploads\/2020\/08\/CANDY-MAKING-AND-CODING-768x576.jpg 768w, https:\/\/kodyka.com\/wp-content\/uploads\/2020\/08\/CANDY-MAKING-AND-CODING-705x529.jpg 705w\" sizes=\"(max-width: 900px) 100vw, 900px\" \/><\/div><\/li><li  class='avia-slideshow-slide av-kdx0umq3-1c64c9e361f6fe896f830f7ef5dd9141__1  slide-2 slide-even'><div data-rel='slideshow-1' class='avia-slide-wrap '   ><img alt=\"kodykar-tij-25-confeitaria-bolos-e-doces\" decoding=\"async\" class=\"wp-image-18193 avia-img-lazy-loading-not-18193\"  src=\"https:\/\/kodyka.com\/wp-content\/uploads\/2020\/05\/frozen-marking-and-coding.jpg\" width=\"900\" height=\"675\" title='marca\u00e7\u00e3o e codifica\u00e7\u00e3o congeladas' alt=''  itemprop=\"thumbnailUrl\" srcset=\"https:\/\/kodyka.com\/wp-content\/uploads\/2020\/05\/frozen-marking-and-coding.jpg 900w, https:\/\/kodyka.com\/wp-content\/uploads\/2020\/05\/frozen-marking-and-coding-300x225.jpg 300w, https:\/\/kodyka.com\/wp-content\/uploads\/2020\/05\/frozen-marking-and-coding-768x576.jpg 768w, https:\/\/kodyka.com\/wp-content\/uploads\/2020\/05\/frozen-marking-and-coding-705x529.jpg 705w\" sizes=\"(max-width: 900px) 100vw, 900px\" \/><\/div><\/li><li  class='avia-slideshow-slide av-kdx0umq3-1c64c9e361f6fe896f830f7ef5dd9141__2  slide-3 slide-odd'><div data-rel='slideshow-1' class='avia-slide-wrap '   ><img alt=\"kodykar-tij-25-confeitaria-bolos-e-doces\" decoding=\"async\" class=\"wp-image-18188 avia-img-lazy-loading-not-18188\"  src=\"https:\/\/kodyka.com\/wp-content\/uploads\/2020\/08\/plastic-MAKING-AND-CODING.jpg\" width=\"900\" height=\"675\" title='Marca\u00e7\u00e3o e codifica\u00e7\u00e3o em pl\u00e1stico' alt=''  itemprop=\"thumbnailUrl\" srcset=\"https:\/\/kodyka.com\/wp-content\/uploads\/2020\/08\/plastic-MAKING-AND-CODING.jpg 900w, https:\/\/kodyka.com\/wp-content\/uploads\/2020\/08\/plastic-MAKING-AND-CODING-300x225.jpg 300w, https:\/\/kodyka.com\/wp-content\/uploads\/2020\/08\/plastic-MAKING-AND-CODING-768x576.jpg 768w, https:\/\/kodyka.com\/wp-content\/uploads\/2020\/08\/plastic-MAKING-AND-CODING-705x529.jpg 705w\" sizes=\"(max-width: 900px) 100vw, 900px\" \/><\/div><\/li><li  class='avia-slideshow-slide av-kdx0umq3-1c64c9e361f6fe896f830f7ef5dd9141__3  slide-4 slide-even'><div data-rel='slideshow-1' class='avia-slide-wrap '   ><img alt=\"kodykar-tij-25-confeitaria-bolos-e-doces\" loading=\"lazy\" loading=\"lazy\" decoding=\"async\" class=\"wp-image-18170 avia-img-lazy-loading-not-18170\"  src=\"https:\/\/kodyka.com\/wp-content\/uploads\/2020\/08\/marked-and-coding-pills.jpg\" width=\"900\" height=\"675\" title='Impress\u00e3o e marca\u00e7\u00e3o de comprimidos com tintas da FDA' alt=''  itemprop=\"thumbnailUrl\" srcset=\"https:\/\/kodyka.com\/wp-content\/uploads\/2020\/08\/marked-and-coding-pills.jpg 900w, https:\/\/kodyka.com\/wp-content\/uploads\/2020\/08\/marked-and-coding-pills-300x225.jpg 300w, https:\/\/kodyka.com\/wp-content\/uploads\/2020\/08\/marked-and-coding-pills-768x576.jpg 768w, https:\/\/kodyka.com\/wp-content\/uploads\/2020\/08\/marked-and-coding-pills-705x529.jpg 705w\" sizes=\"auto, (max-width: 900px) 100vw, 900px\" \/><\/div><\/li><\/ul><div class='avia-slideshow-arrows avia-slideshow-controls' ><a href='#prev' class='prev-slide ' aria-hidden='true' data-av_icon='\ue87c' data-av_iconfont='entypo-fontello'  tabindex='-1'>Previous<\/a><a href='#next' class='next-slide ' aria-hidden='true' data-av_icon='\ue87d' data-av_iconfont='entypo-fontello'  tabindex='-1'>Next<\/a><\/div><div class='avia-slideshow-dots avia-slideshow-controls'><a href='#1' class='goto-slide active' >1<\/a><a href='#2' class='goto-slide ' >2<\/a><a href='#3' class='goto-slide ' >3<\/a><a href='#4' class='goto-slide ' >4<\/a><\/div><\/div><\/div>\n\n<style type=\"text\/css\" data-created_by=\"avia_inline_auto\" id=\"style-css-av-7bhgkt-ced8480dac2bff57d7a9b75fb1998775\">\n.flex_column.av-7bhgkt-ced8480dac2bff57d7a9b75fb1998775{\n-webkit-border-radius:0px 0px 0px 0px;\n-moz-border-radius:0px 0px 0px 0px;\nborder-radius:0px 0px 0px 0px;\npadding:0px 0px 0px 0px;\n}\n<\/style>\n<div class='flex_column av-7bhgkt-ced8480dac2bff57d7a9b75fb1998775 av_one_half  avia-builder-el-4  el_after_av_one_half  el_before_av_one_half  flex_column_div av-zero-column-padding column-top-margin'     ><section  class='av_textblock_section av-k9u5aewc-798cd4b99f26882e7dca7f7490cdf8bd'  itemscope=\"itemscope\" itemtype=\"https:\/\/schema.org\/CreativeWork\" ><div class='avia_textblock'  itemprop=\"text\" ><h3>Mercados<\/h3>\n<p>Doces, chocolate, bolos e confeitaria.<\/p>\n<h3>C\u00f3digos<\/h3>\n<p>Datas de validade, n\u00fameros de lote, contadores de produ\u00e7\u00e3o, listas de ingredientes, log\u00f3tipos, c\u00f3digos de barras e c\u00f3digos 2D<\/p>\n<h3>Apoia<\/h3>\n<p>Embalagens flex\u00edveis, recipientes de pl\u00e1stico r\u00edgido, metal, papel e cart\u00e3o para l\u00edquidos.<\/p>\n<h3>Necessidades do mercado<\/h3>\n<p>Alta qualidade de marca\u00e7\u00e3o, fiabilidade e robustez adaptadas a ambientes exigentes, conformidade com os regulamentos em vigor, redu\u00e7\u00e3o do stock de embalagens e impress\u00e3o de c\u00f3digos promocionais.<\/p>\n<\/div><\/section><\/div>\n\n<style type=\"text\/css\" data-created_by=\"avia_inline_auto\" id=\"style-css-av-msza5-6533c53527e5bfa9705b6a634439299b\">\n.flex_column.av-msza5-6533c53527e5bfa9705b6a634439299b{\n-webkit-border-radius:0px 0px 0px 0px;\n-moz-border-radius:0px 0px 0px 0px;\nborder-radius:0px 0px 0px 0px;\npadding:0px 0px 0px 0px;\n}\n<\/style>\n<div class='flex_column av-msza5-6533c53527e5bfa9705b6a634439299b av_one_half  avia-builder-el-6  el_after_av_one_half  el_before_av_one_half  first flex_column_div av-zero-column-padding column-top-margin'     ><section  class='av_textblock_section av-k9u5aewc-798cd4b99f26882e7dca7f7490cdf8bd'  itemscope=\"itemscope\" itemtype=\"https:\/\/schema.org\/CreativeWork\" ><div class='avia_textblock'  itemprop=\"text\" ><h3>Aplicaciones espec\u00edficas<\/h3>\n<p>Marcaje directo en los alimentos con tintas homologadas.<\/p>\n<p>Impresi\u00f3n de caracteres en alta definici\u00f3n en una zona de codificaci\u00f3n muy amplia.<\/p>\n<\/div><\/section><\/div>\n<style type=\"text\/css\" data-created_by=\"avia_inline_auto\" id=\"style-css-av-hed3x-cc013de3907bb3b44c24f47b16dd45e8\">\n.flex_column.av-hed3x-cc013de3907bb3b44c24f47b16dd45e8{\n-webkit-border-radius:0px 0px 0px 0px;\n-moz-border-radius:0px 0px 0px 0px;\nborder-radius:0px 0px 0px 0px;\npadding:0px 0px 0px 0px;\n}\n<\/style>\n<div class='flex_column av-hed3x-cc013de3907bb3b44c24f47b16dd45e8 av_one_half  avia-builder-el-8  el_after_av_one_half  el_before_av_section  avia-builder-el-last  flex_column_div av-zero-column-padding column-top-margin'     ><section  class='av_textblock_section av-k9u598my-e0902d4947076263edb86b6778fe633c'  itemscope=\"itemscope\" itemtype=\"https:\/\/schema.org\/CreativeWork\" ><div class='avia_textblock'  itemprop=\"text\" ><h3>Nuestra soluci\u00f3n para productos de confiter\u00eda, pasteler\u00eda y confiter\u00eda<\/h3>\n<p>Kodyka\u00a0\u00ae ofrece una soluci\u00f3n espec\u00edfica que proporciona el menor coste total por impresi\u00f3n y coste total de inversi\u00f3n, c\u00f3digos y servicio de la m\u00e1s alta calidad y m\u00e1xima integridad de la codificaci\u00f3n, gracias al uso de la tecnolog\u00eda termo Inkjet TIJ2.5 para imprimir en embalaje flexible, cart\u00f3n plegable, envases o bandejas de cart\u00f3n.<\/p>\n<p>No lo dude, nuestra soluci\u00f3n es su mejor opci\u00f3n, junto con el software interactivo para minimizar el riesgo de error del usuario, esta tecnolog\u00eda proporciona la flexibilidad y la eficiencia necesaria para el mercado de la confiter\u00eda, pasteler\u00eda y caramelos.<\/p>\n<\/div><\/section><\/div><\/p>\n<\/div><\/div><\/div><!-- close content main div --><\/div><\/div>\n<style type=\"text\/css\" data-created_by=\"avia_inline_auto\" id=\"style-css-av-k9m0uwe1-b91b0332ac9dacc1ccefc2c569e9bdb0\">\n.avia-section.av-k9m0uwe1-b91b0332ac9dacc1ccefc2c569e9bdb0{\nbackground-color:#ffffff;\nbackground-image:url(https:\/\/kodyka.com\/wp-content\/uploads\/2020\/05\/fondo-transparente.png);\nbackground-repeat:no-repeat;\nbackground-position:50% 50%;\nbackground-attachment:fixed;\n}\n.avia-section.av-k9m0uwe1-b91b0332ac9dacc1ccefc2c569e9bdb0 .av-section-color-overlay{\nopacity:0.3;\nbackground-color:#ffffff;\nbackground-image:url(https:\/\/kodyka.com\/wp-content\/themes\/enfold\/images\/background-images\/dots-mini-light.png);\nbackground-repeat:repeat;\n}\n<\/style>\n<div id='av_section_1'  class='avia-section av-k9m0uwe1-b91b0332ac9dacc1ccefc2c569e9bdb0 header_color avia-section-large avia-no-border-styling  avia-builder-el-10  el_after_av_one_half  el_before_av_submenu  avia-full-contain avia-bg-style-fixed av-section-color-overlay-active container_wrap sidebar_right'  data-section-bg-repeat='contain'><div class=\"av-section-color-overlay-wrap\"><div class=\"av-section-color-overlay\"><\/div><div class='container av-section-cont-open' ><div class='template-page content  av-content-small alpha units'><div class='post-entry post-entry-type-page post-entry-18187'><div class='entry-content-wrapper clearfix'>\n<section  class='av_textblock_section av-k9u5aewc-798cd4b99f26882e7dca7f7490cdf8bd'  itemscope=\"itemscope\" itemtype=\"https:\/\/schema.org\/CreativeWork\" ><div class='avia_textblock'  itemprop=\"text\" ><h2 style=\"text-align: center;\">INDUSTRIAS<\/h2>\n<\/div><\/section>\n<\/div><\/div><\/div><!-- close content main div --><\/div><\/div><\/div><div id='sub_menu1'  class='av-submenu-container av-kdzvwk7w-67ebd0e5c276f777003ae8402e1ec6a9 header_color av-switch-480  avia-builder-el-12  el_after_av_section  el_before_av_section  submenu-not-first container_wrap sidebar_right' style='z-index:301' ><div class='container av-menu-mobile-active av-submenu-pos-center'><a href=\"#\" class=\"mobile_menu_toggle\" aria-hidden='true' data-av_icon='\ue8a5' data-av_iconfont='entypo-fontello'><span class=\"av-current-placeholder\">Menu<\/span><\/a><ul id=\"menu-industrias-portuguese\" class=\"av-subnav-menu\"><li role=\"menuitem\" id=\"menu-item-18318\" class=\"menu-item menu-item-type-post_type menu-item-object-page menu-item-top-level menu-item-top-level-1\"><a href=\"https:\/\/kodyka.com\/pt\/industrias\/protecao-da-marca-codigo-uv\/\" itemprop=\"url\" tabindex=\"0\"><span class=\"avia-bullet\"><\/span><span class=\"avia-menu-text\">Prote\u00e7\u00e3o da marca<\/span><span class=\"avia-menu-fx\"><span class=\"avia-arrow-wrap\"><span class=\"avia-arrow\"><\/span><\/span><\/span><\/a><\/li>\n<li role=\"menuitem\" id=\"menu-item-18319\" class=\"menu-item menu-item-type-post_type menu-item-object-page menu-item-top-level menu-item-top-level-2\"><a href=\"https:\/\/kodyka.com\/pt\/industrias\/cabos-extrusao-de-tubos-e-perfis-marcacao-e-codificacao-industrial\/\" itemprop=\"url\" tabindex=\"0\"><span class=\"avia-bullet\"><\/span><span class=\"avia-menu-text\">Cabos, extrus\u00e3o de tubos e perfis<\/span><span class=\"avia-menu-fx\"><span class=\"avia-arrow-wrap\"><span class=\"avia-arrow\"><\/span><\/span><\/span><\/a><\/li>\n<li role=\"menuitem\" id=\"menu-item-18320\" class=\"menu-item menu-item-type-post_type menu-item-object-page menu-item-top-level menu-item-top-level-3\"><a href=\"https:\/\/kodyka.com\/pt\/industrias\/bebidas-e-lacticinios-marcacao-e-codificacao\/\" itemprop=\"url\" tabindex=\"0\"><span class=\"avia-bullet\"><\/span><span class=\"avia-menu-text\">Bebidas e Lactic\u00ednios<\/span><span class=\"avia-menu-fx\"><span class=\"avia-arrow-wrap\"><span class=\"avia-arrow\"><\/span><\/span><\/span><\/a><\/li>\n<li role=\"menuitem\" id=\"menu-item-18321\" class=\"menu-item menu-item-type-post_type menu-item-object-page menu-item-top-level menu-item-top-level-4\"><a href=\"https:\/\/kodyka.com\/pt\/industrias\/material-electronico-y-electrico-codigo-de-impressao\/\" itemprop=\"url\" tabindex=\"0\"><span class=\"avia-bullet\"><\/span><span class=\"avia-menu-text\">Material electr\u00f3nico y el\u00e9ctrico<\/span><span class=\"avia-menu-fx\"><span class=\"avia-arrow-wrap\"><span class=\"avia-arrow\"><\/span><\/span><\/span><\/a><\/li>\n<li role=\"menuitem\" id=\"menu-item-18322\" class=\"menu-item menu-item-type-post_type menu-item-object-page menu-item-top-level menu-item-top-level-5\"><a href=\"https:\/\/kodyka.com\/pt\/industrias\/produtos-agro-alimentares-marcacao-e-codificacao-da-industria-alimentar\/\" itemprop=\"url\" tabindex=\"0\"><span class=\"avia-bullet\"><\/span><span class=\"avia-menu-text\">Produtos agro-alimentares<\/span><span class=\"avia-menu-fx\"><span class=\"avia-arrow-wrap\"><span class=\"avia-arrow\"><\/span><\/span><\/span><\/a><\/li>\n<li role=\"menuitem\" id=\"menu-item-18323\" class=\"menu-item menu-item-type-post_type menu-item-object-page menu-item-top-level menu-item-top-level-6\"><a href=\"https:\/\/kodyka.com\/pt\/industrias\/congelados-marcacao-por-codigo-de-barras\/\" itemprop=\"url\" tabindex=\"0\"><span class=\"avia-bullet\"><\/span><span class=\"avia-menu-text\">Congelados<\/span><span class=\"avia-menu-fx\"><span class=\"avia-arrow-wrap\"><span class=\"avia-arrow\"><\/span><\/span><\/span><\/a><\/li>\n<li role=\"menuitem\" id=\"menu-item-18324\" class=\"menu-item menu-item-type-post_type menu-item-object-page menu-item-top-level menu-item-top-level-7\"><a href=\"https:\/\/kodyka.com\/pt\/industrias\/confeitaria-bolos-e-doces-marcacao-e-codificacao-industrial\/\" itemprop=\"url\" tabindex=\"0\"><span class=\"avia-bullet\"><\/span><span class=\"avia-menu-text\">Confeitaria, bolos e doces<\/span><span class=\"avia-menu-fx\"><span class=\"avia-arrow-wrap\"><span class=\"avia-arrow\"><\/span><\/span><\/span><\/a><\/li>\n<li role=\"menuitem\" id=\"menu-item-18325\" class=\"menu-item menu-item-type-post_type menu-item-object-page menu-item-top-level menu-item-top-level-8\"><a href=\"https:\/\/kodyka.com\/pt\/industrias\/farmacia-cosmetica-e-higiene-codigo-de-rastreabilidade\/\" itemprop=\"url\" tabindex=\"0\"><span class=\"avia-bullet\"><\/span><span class=\"avia-menu-text\">Farm\u00e1cia, cosm\u00e9tica e higiene<\/span><span class=\"avia-menu-fx\"><span class=\"avia-arrow-wrap\"><span class=\"avia-arrow\"><\/span><\/span><\/span><\/a><\/li>\n<li role=\"menuitem\" id=\"menu-item-18326\" class=\"menu-item menu-item-type-post_type menu-item-object-page menu-item-top-level menu-item-top-level-9\"><a href=\"https:\/\/kodyka.com\/pt\/industrias\/cartoes-postais-e-correspondencia-marcacao-e-codificacao-de-cartoes\/\" itemprop=\"url\" tabindex=\"0\"><span class=\"avia-bullet\"><\/span><span class=\"avia-menu-text\">Cart\u00f5es Postais e correspond\u00eancia<\/span><span class=\"avia-menu-fx\"><span class=\"avia-arrow-wrap\"><span class=\"avia-arrow\"><\/span><\/span><\/span><\/a><\/li>\n<li role=\"menuitem\" id=\"menu-item-18327\" class=\"menu-item menu-item-type-post_type menu-item-object-page menu-item-top-level menu-item-top-level-10\"><a href=\"https:\/\/kodyka.com\/pt\/industrias\/rastreabilidade-do-produto\/\" itemprop=\"url\" tabindex=\"0\"><span class=\"avia-bullet\"><\/span><span class=\"avia-menu-text\">Rastreabilidade do produto<\/span><span class=\"avia-menu-fx\"><span class=\"avia-arrow-wrap\"><span class=\"avia-arrow\"><\/span><\/span><\/span><\/a><\/li>\n<\/ul><\/div><\/div><\/p>\n\n<style type=\"text\/css\" data-created_by=\"avia_inline_auto\" id=\"style-css-av-k9m0uwe1-b91b0332ac9dacc1ccefc2c569e9bdb0\">\n.avia-section.av-k9m0uwe1-b91b0332ac9dacc1ccefc2c569e9bdb0{\nbackground-color:#ffffff;\nbackground-image:url(https:\/\/kodyka.com\/wp-content\/uploads\/2020\/05\/fondo-transparente.png);\nbackground-repeat:no-repeat;\nbackground-position:50% 50%;\nbackground-attachment:fixed;\n}\n.avia-section.av-k9m0uwe1-b91b0332ac9dacc1ccefc2c569e9bdb0 .av-section-color-overlay{\nopacity:0.3;\nbackground-color:#ffffff;\nbackground-image:url(https:\/\/kodyka.com\/wp-content\/themes\/enfold\/images\/background-images\/dots-mini-light.png);\nbackground-repeat:repeat;\n}\n<\/style>\n<div id='av_section_2'  class='avia-section av-k9m0uwe1-b91b0332ac9dacc1ccefc2c569e9bdb0 header_color avia-section-large avia-no-border-styling  avia-builder-el-13  el_after_av_submenu  avia-builder-el-last  avia-full-contain avia-bg-style-fixed av-section-color-overlay-active container_wrap sidebar_right'  data-section-bg-repeat='contain'><div class=\"av-section-color-overlay-wrap\"><div class=\"av-section-color-overlay\"><\/div><div class='container av-section-cont-open' ><div class='template-page content  av-content-small alpha units'><div class='post-entry post-entry-type-page post-entry-18187'><div class='entry-content-wrapper clearfix'>\n<\/div><\/div><\/div><!-- close content main div --><\/div><\/div><\/div><div id='after_section_2'  class='main_color av_default_container_wrap container_wrap sidebar_right'  ><div class='container av-section-cont-open' ><div class='template-page content  av-content-small alpha units'><div class='post-entry post-entry-type-page post-entry-18187'><div class='entry-content-wrapper clearfix'>\n","protected":false},"excerpt":{"rendered":"","protected":false},"author":1,"featured_media":18189,"parent":18236,"menu_order":0,"comment_status":"closed","ping_status":"closed","template":"","meta":{"footnotes":""},"class_list":["post-18187","page","type-page","status-publish","has-post-thumbnail","hentry"],"_links":{"self":[{"href":"https:\/\/kodyka.com\/pt\/wp-json\/wp\/v2\/pages\/18187","targetHints":{"allow":["GET"]}}],"collection":[{"href":"https:\/\/kodyka.com\/pt\/wp-json\/wp\/v2\/pages"}],"about":[{"href":"https:\/\/kodyka.com\/pt\/wp-json\/wp\/v2\/types\/page"}],"author":[{"embeddable":true,"href":"https:\/\/kodyka.com\/pt\/wp-json\/wp\/v2\/users\/1"}],"replies":[{"embeddable":true,"href":"https:\/\/kodyka.com\/pt\/wp-json\/wp\/v2\/comments?post=18187"}],"version-history":[{"count":0,"href":"https:\/\/kodyka.com\/pt\/wp-json\/wp\/v2\/pages\/18187\/revisions"}],"up":[{"embeddable":true,"href":"https:\/\/kodyka.com\/pt\/wp-json\/wp\/v2\/pages\/18236"}],"wp:featuredmedia":[{"embeddable":true,"href":"https:\/\/kodyka.com\/pt\/wp-json\/wp\/v2\/media\/18189"}],"wp:attachment":[{"href":"https:\/\/kodyka.com\/pt\/wp-json\/wp\/v2\/media?parent=18187"}],"curies":[{"name":"wp","href":"https:\/\/api.w.org\/{rel}","templated":true}]}}