{"id":18192,"date":"2020-05-05T16:42:16","date_gmt":"2020-05-05T16:42:16","guid":{"rendered":"https:\/\/kodyka.com\/bebidas-e-lacticinios-marcacao-e-codificacao\/"},"modified":"2020-05-05T16:42:16","modified_gmt":"2020-05-05T16:42:16","slug":"bebidas-e-lacticinios-marcacao-e-codificacao","status":"publish","type":"page","link":"https:\/\/kodyka.com\/pt\/industrias\/bebidas-e-lacticinios-marcacao-e-codificacao\/","title":{"rendered":"Bebidas e Lactic\u00ednios"},"content":{"rendered":"\n<style type=\"text\/css\" data-created_by=\"avia_inline_auto\" id=\"style-css-av-a9fre5-d942d116aaaff0af7774098f8a6eb02f\">\n.flex_column.av-a9fre5-d942d116aaaff0af7774098f8a6eb02f{\n-webkit-border-radius:0px 0px 0px 0px;\n-moz-border-radius:0px 0px 0px 0px;\nborder-radius:0px 0px 0px 0px;\npadding:0px 0px 0px 0px;\n}\n<\/style>\n<div class='flex_column av-a9fre5-d942d116aaaff0af7774098f8a6eb02f av_one_full  avia-builder-el-0  el_before_av_one_half  avia-builder-el-first  first flex_column_div av-zero-column-padding '     ><section  class='av_textblock_section av-k9u598my-e0902d4947076263edb86b6778fe633c'  itemscope=\"itemscope\" itemtype=\"https:\/\/schema.org\/CreativeWork\" ><div class='avia_textblock'  itemprop=\"text\" ><h2 style=\"text-align: center;\">Bebidas e Lactic\u00ednios<\/h2>\n<\/div><\/section><\/div>\n\n<style type=\"text\/css\" data-created_by=\"avia_inline_auto\" id=\"style-css-av-8q9b1p-70eee9810df6c79d49d94100cd8afaaa\">\n.flex_column.av-8q9b1p-70eee9810df6c79d49d94100cd8afaaa{\n-webkit-border-radius:0px 0px 0px 0px;\n-moz-border-radius:0px 0px 0px 0px;\nborder-radius:0px 0px 0px 0px;\npadding:0px 0px 0px 0px;\n}\n<\/style>\n<div class='flex_column av-8q9b1p-70eee9810df6c79d49d94100cd8afaaa av_one_half  avia-builder-el-2  el_after_av_one_full  el_before_av_one_half  first flex_column_div av-zero-column-padding column-top-margin'     ><div  class='avia-slideshow av-kdy8vpbp-8b762ca79ce53a1623a77f60923fd880 avia-slideshow-no scaling av_slideshow avia-slide-slider  avia-builder-el-3  avia-builder-el-no-sibling  av-slideshow-ui av-control-default av-slideshow-manual av-loop-once av-loop-manual-endless av-default-height-applied avia-slideshow-1' data-slideshow-options=\"{&quot;animation&quot;:&quot;slide&quot;,&quot;autoplay&quot;:false,&quot;loop_autoplay&quot;:&quot;once&quot;,&quot;interval&quot;:5,&quot;loop_manual&quot;:&quot;manual-endless&quot;,&quot;autoplay_stopper&quot;:false,&quot;noNavigation&quot;:false,&quot;bg_slider&quot;:false,&quot;keep_padding&quot;:false,&quot;hoverpause&quot;:false,&quot;show_slide_delay&quot;:0}\"  itemprop=\"image\" itemscope=\"itemscope\" itemtype=\"https:\/\/schema.org\/ImageObject\" ><ul class='avia-slideshow-inner ' style='padding-bottom: 75%;'><li  class='avia-slideshow-slide av-kdy8vpbp-8b762ca79ce53a1623a77f60923fd880__0  slide-1 slide-odd'><div data-rel='slideshow-1' class='avia-slide-wrap '   ><img alt=\"kodykar-tij-25-bebidas-e-lacticinios\" fetchpriority=\"high\" fetchpriority=\"high\" decoding=\"async\" class=\"wp-image-9028 avia-img-lazy-loading-not-9028\"  src=\"https:\/\/kodyka.com\/wp-content\/uploads\/2020\/08\/drink-marking-coding.jpg\" width=\"520\" height=\"390\" title='Wine bottle coding. TIJ printing' alt='Printing. Expiration dates, batch numbers, production counters, ingredient lists, logos, barcodes and 2D codes.'  itemprop=\"thumbnailUrl\" srcset=\"https:\/\/kodyka.com\/wp-content\/uploads\/2020\/08\/drink-marking-coding.jpg 520w, https:\/\/kodyka.com\/wp-content\/uploads\/2020\/08\/drink-marking-coding-300x225.jpg 300w\" sizes=\"(max-width: 520px) 100vw, 520px\" \/><\/div><\/li><li  class='avia-slideshow-slide av-kdy8vpbp-8b762ca79ce53a1623a77f60923fd880__1  slide-2 slide-even'><div data-rel='slideshow-1' class='avia-slide-wrap '   ><img alt=\"kodykar-tij-25-bebidas-e-lacticinios\" decoding=\"async\" class=\"wp-image-18194 avia-img-lazy-loading-not-18194\"  src=\"https:\/\/kodyka.com\/wp-content\/uploads\/2020\/08\/Beer-bottles-marked-with-TIJ-printer.jpg\" width=\"520\" height=\"390\" title='Garrafas de cerveja marcadas com a impressora TIJ' alt=''  itemprop=\"thumbnailUrl\" srcset=\"https:\/\/kodyka.com\/wp-content\/uploads\/2020\/08\/Beer-bottles-marked-with-TIJ-printer.jpg 520w, https:\/\/kodyka.com\/wp-content\/uploads\/2020\/08\/Beer-bottles-marked-with-TIJ-printer-300x225.jpg 300w\" sizes=\"(max-width: 520px) 100vw, 520px\" \/><\/div><\/li><li  class='avia-slideshow-slide av-kdy8vpbp-8b762ca79ce53a1623a77f60923fd880__2  slide-3 slide-odd'><div data-rel='slideshow-1' class='avia-slide-wrap '   ><img alt=\"kodykar-tij-25-bebidas-e-lacticinios\" decoding=\"async\" class=\"wp-image-9068 avia-img-lazy-loading-not-9068\"  src=\"https:\/\/kodyka.com\/wp-content\/uploads\/2020\/08\/coding-tij-product.jpg\" width=\"520\" height=\"390\" title='coding tij product' alt='TIJ2.5 technology designed for the beverage and dairy market'  itemprop=\"thumbnailUrl\" srcset=\"https:\/\/kodyka.com\/wp-content\/uploads\/2020\/08\/coding-tij-product.jpg 520w, https:\/\/kodyka.com\/wp-content\/uploads\/2020\/08\/coding-tij-product-300x225.jpg 300w\" sizes=\"(max-width: 520px) 100vw, 520px\" \/><\/div><\/li><li  class='avia-slideshow-slide av-kdy8vpbp-8b762ca79ce53a1623a77f60923fd880__3  slide-4 slide-even'><div data-rel='slideshow-1' class='avia-slide-wrap '   ><img alt=\"kodykar-tij-25-bebidas-e-lacticinios\" loading=\"lazy\" loading=\"lazy\" decoding=\"async\" class=\"wp-image-9048 avia-img-lazy-loading-not-9048\"  src=\"https:\/\/kodyka.com\/wp-content\/uploads\/2020\/08\/MARKING-OF-ICE-CREAM-TUBS-WITH-TIJ-TECHNOLOGY-AND-FOUNTAIN-POINTS.jpg\" width=\"520\" height=\"390\" title='MARKING OF ICE CREAM TUBS WITH TIJ TECHNOLOGY AND FOUNTAIN POINTS' alt='TIJ product coding. Expiry dates, batch numbers'  itemprop=\"thumbnailUrl\" srcset=\"https:\/\/kodyka.com\/wp-content\/uploads\/2020\/08\/MARKING-OF-ICE-CREAM-TUBS-WITH-TIJ-TECHNOLOGY-AND-FOUNTAIN-POINTS.jpg 520w, https:\/\/kodyka.com\/wp-content\/uploads\/2020\/08\/MARKING-OF-ICE-CREAM-TUBS-WITH-TIJ-TECHNOLOGY-AND-FOUNTAIN-POINTS-300x225.jpg 300w\" sizes=\"auto, (max-width: 520px) 100vw, 520px\" \/><\/div><\/li><li  class='avia-slideshow-slide av-kdy8vpbp-8b762ca79ce53a1623a77f60923fd880__4  slide-5 slide-odd'><div data-rel='slideshow-1' class='avia-slide-wrap '   ><img alt=\"kodykar-tij-25-bebidas-e-lacticinios\" loading=\"lazy\" loading=\"lazy\" decoding=\"async\" class=\"wp-image-9038 avia-img-lazy-loading-not-9038\"  src=\"https:\/\/kodyka.com\/wp-content\/uploads\/2020\/08\/KODYKA-MARKING-IN-TEA-BOX.jpg\" width=\"520\" height=\"390\" title='KODYKA MARKING IN TEA BOX' alt=''  itemprop=\"thumbnailUrl\" srcset=\"https:\/\/kodyka.com\/wp-content\/uploads\/2020\/08\/KODYKA-MARKING-IN-TEA-BOX.jpg 520w, https:\/\/kodyka.com\/wp-content\/uploads\/2020\/08\/KODYKA-MARKING-IN-TEA-BOX-300x225.jpg 300w\" sizes=\"auto, (max-width: 520px) 100vw, 520px\" \/><\/div><\/li><li  class='avia-slideshow-slide av-kdy8vpbp-8b762ca79ce53a1623a77f60923fd880__5  slide-6 slide-even'><div data-rel='slideshow-1' class='avia-slide-wrap '   ><img alt=\"kodykar-tij-25-bebidas-e-lacticinios\" loading=\"lazy\" loading=\"lazy\" decoding=\"async\" class=\"wp-image-9018 avia-img-lazy-loading-not-9018\"  src=\"https:\/\/kodyka.com\/wp-content\/uploads\/2020\/08\/DATE-CODING-POST-LACTEO.jpg\" width=\"520\" height=\"390\" title='DATE CODING POST-LACTEO' alt='Print. Expiration dates, batch numbers, production counters, ingredient lists, logos, barcodes and 2D codes'  itemprop=\"thumbnailUrl\" srcset=\"https:\/\/kodyka.com\/wp-content\/uploads\/2020\/08\/DATE-CODING-POST-LACTEO.jpg 520w, https:\/\/kodyka.com\/wp-content\/uploads\/2020\/08\/DATE-CODING-POST-LACTEO-300x225.jpg 300w\" sizes=\"auto, (max-width: 520px) 100vw, 520px\" \/><\/div><\/li><\/ul><div class='avia-slideshow-arrows avia-slideshow-controls' ><a href='#prev' class='prev-slide ' aria-hidden='true' data-av_icon='\ue87c' data-av_iconfont='entypo-fontello'  tabindex='-1'>Previous<\/a><a href='#next' class='next-slide ' aria-hidden='true' data-av_icon='\ue87d' data-av_iconfont='entypo-fontello'  tabindex='-1'>Next<\/a><\/div><div class='avia-slideshow-dots avia-slideshow-controls'><a href='#1' class='goto-slide active' >1<\/a><a href='#2' class='goto-slide ' >2<\/a><a href='#3' class='goto-slide ' >3<\/a><a href='#4' class='goto-slide ' >4<\/a><a href='#5' class='goto-slide ' >5<\/a><a href='#6' class='goto-slide ' >6<\/a><\/div><\/div><\/div>\n\n<style type=\"text\/css\" data-created_by=\"avia_inline_auto\" id=\"style-css-av-7bhgkt-ced8480dac2bff57d7a9b75fb1998775\">\n.flex_column.av-7bhgkt-ced8480dac2bff57d7a9b75fb1998775{\n-webkit-border-radius:0px 0px 0px 0px;\n-moz-border-radius:0px 0px 0px 0px;\nborder-radius:0px 0px 0px 0px;\npadding:0px 0px 0px 0px;\n}\n<\/style>\n<div class='flex_column av-7bhgkt-ced8480dac2bff57d7a9b75fb1998775 av_one_half  avia-builder-el-4  el_after_av_one_half  el_before_av_one_half  flex_column_div av-zero-column-padding column-top-margin'     ><section  class='av_textblock_section av-k9u5aewc-798cd4b99f26882e7dca7f7490cdf8bd'  itemscope=\"itemscope\" itemtype=\"https:\/\/schema.org\/CreativeWork\" ><div class='avia_textblock'  itemprop=\"text\" ><h3>Mercados<\/h3>\n<p>Cerveja, refrigerantes, sumos de fruta e bebidas \u00e0 base de fruta, vinhos, bebidas espirituosas e licores, \u00e1guas minerais, leite e cidra.<\/p>\n<p>Leite, queijo fresco ou processado, iogurte, manteiga, coalhada e algumas sobremesas.<\/p>\n<h3>C\u00f3digos<\/h3>\n<p>Datas de validade, n\u00fameros de lote, contadores de produ\u00e7\u00e3o, listas de ingredientes, log\u00f3tipos, c\u00f3digos de barras e c\u00f3digos 2D<\/p>\n<h3>Apoia<\/h3>\n<p>Recipientes r\u00edgidos de pl\u00e1stico, metal, vidro, cart\u00e3o e papel para l\u00edquidos e embalagens flex\u00edveis.<\/p>\n<\/div><\/section><\/div>\n\n<style type=\"text\/css\" data-created_by=\"avia_inline_auto\" id=\"style-css-av-msza5-6533c53527e5bfa9705b6a634439299b\">\n.flex_column.av-msza5-6533c53527e5bfa9705b6a634439299b{\n-webkit-border-radius:0px 0px 0px 0px;\n-moz-border-radius:0px 0px 0px 0px;\nborder-radius:0px 0px 0px 0px;\npadding:0px 0px 0px 0px;\n}\n<\/style>\n<div class='flex_column av-msza5-6533c53527e5bfa9705b6a634439299b av_one_half  avia-builder-el-6  el_after_av_one_half  el_before_av_one_half  first flex_column_div av-zero-column-padding column-top-margin'     ><section  class='av_textblock_section av-k9u5aewc-798cd4b99f26882e7dca7f7490cdf8bd'  itemscope=\"itemscope\" itemtype=\"https:\/\/schema.org\/CreativeWork\" ><div class='avia_textblock'  itemprop=\"text\" ><h3>Necessidades do mercado<\/h3>\n<p>Alta qualidade de marca\u00e7\u00e3o, fiabilidade e robustez adaptadas a ambientes exigentes, conformidade com os regulamentos em vigor, redu\u00e7\u00e3o do stock de embalagens e impress\u00e3o de c\u00f3digos promocionais.<\/p>\n<h3>Aplica\u00e7\u00f5es espec\u00edficas<\/h3>\n<p>Marca\u00e7\u00e3o contrastante no PET.<\/p>\n<p>Marca\u00e7\u00e3o apag\u00e1vel em vidro retorn\u00e1vel.<\/p>\n<p>Marca\u00e7\u00e3o de alto contraste para superf\u00edcies opacas.<\/p>\n<p>Impress\u00e3o de uma grande quantidade de informa\u00e7\u00e3o, tais como listas de ingredientes, indica\u00e7\u00f5es nutricionais e c\u00f3digos em embalagens m\u00faltiplas.<\/p>\n<p>Marca\u00e7\u00e3o com tintas amigas do ambiente.<\/p>\n<p>Marca\u00e7\u00e3o directa em alimentos com tintas aprovadas.<\/p>\n<p>Impress\u00e3o de caracteres em alta defini\u00e7\u00e3o numa \u00e1rea de codifica\u00e7\u00e3o muito ampla.<\/p>\n<\/div><\/section><\/div>\n\n<style type=\"text\/css\" data-created_by=\"avia_inline_auto\" id=\"style-css-av-hed3x-cc013de3907bb3b44c24f47b16dd45e8\">\n.flex_column.av-hed3x-cc013de3907bb3b44c24f47b16dd45e8{\n-webkit-border-radius:0px 0px 0px 0px;\n-moz-border-radius:0px 0px 0px 0px;\nborder-radius:0px 0px 0px 0px;\npadding:0px 0px 0px 0px;\n}\n<\/style>\n<div class='flex_column av-hed3x-cc013de3907bb3b44c24f47b16dd45e8 av_one_half  avia-builder-el-8  el_after_av_one_half  el_before_av_section  avia-builder-el-last  flex_column_div av-zero-column-padding column-top-margin'     ><section  class='av_textblock_section av-k9u5cd1z-d76f11e9d61d000210124835f1fb4069'  itemscope=\"itemscope\" itemtype=\"https:\/\/schema.org\/CreativeWork\" ><div class='avia_textblock'  itemprop=\"text\" ><h3 style=\"text-align: left;\">A nossa solu\u00e7\u00e3o para as bebidas<\/h3>\n<\/div><\/section><br \/>\n<section  class='av_textblock_section av-k9u598my-e0902d4947076263edb86b6778fe633c'  itemscope=\"itemscope\" itemtype=\"https:\/\/schema.org\/CreativeWork\" ><div class='avia_textblock'  itemprop=\"text\" ><p>Kodyka \u00ae oferece c\u00f3digos 100% leg\u00edveis em qualquer altura. Desde produtos de unidade de codifica\u00e7\u00e3o at\u00e9 tabuleiros, satisfazemos todas as suas necessidades com solu\u00e7\u00f5es completas de codifica\u00e7\u00e3o e rastreabilidade, utilizando a tecnologia TIJ2.5 concebida para o mercado de bebidas e lactic\u00ednios.<\/p>\n<p>O equipamento funciona com a maior efici\u00eancia e rapidez numa vasta gama de substratos como garrafas PET e de vidro, latas de alum\u00ednio, briks e caixas de cart\u00e3o, sacos, pel\u00edcula, bandejas, pel\u00edcula flex\u00edvel e pl\u00e1stico HFPE.<\/p>\n<p>O seu software interactivo ir\u00e1 minimizar os erros do utilizador, melhorar a sua sustentabilidade e reduzir os seus custos de marca\u00e7\u00e3o na ind\u00fastria das bebidas e dos lactic\u00ednios.<\/p>\n<\/div><\/section><\/p><\/div><\/div><\/div><\/div><!-- close content main div --><\/div><\/div>\n<style type=\"text\/css\" data-created_by=\"avia_inline_auto\" id=\"style-css-av-k9m0uwe1-b91b0332ac9dacc1ccefc2c569e9bdb0\">\n.avia-section.av-k9m0uwe1-b91b0332ac9dacc1ccefc2c569e9bdb0{\nbackground-color:#ffffff;\nbackground-image:url(https:\/\/kodyka.com\/wp-content\/uploads\/2020\/05\/fondo-transparente.png);\nbackground-repeat:no-repeat;\nbackground-position:50% 50%;\nbackground-attachment:fixed;\n}\n.avia-section.av-k9m0uwe1-b91b0332ac9dacc1ccefc2c569e9bdb0 .av-section-color-overlay{\nopacity:0.3;\nbackground-color:#ffffff;\nbackground-image:url(https:\/\/kodyka.com\/wp-content\/themes\/enfold\/images\/background-images\/dots-mini-light.png);\nbackground-repeat:repeat;\n}\n<\/style>\n<div id='av_section_1'  class='avia-section av-k9m0uwe1-b91b0332ac9dacc1ccefc2c569e9bdb0 header_color avia-section-large avia-no-border-styling  avia-builder-el-11  el_after_av_one_half  el_before_av_submenu  avia-full-contain avia-bg-style-fixed av-section-color-overlay-active container_wrap sidebar_right'  data-section-bg-repeat='contain'><div class=\"av-section-color-overlay-wrap\"><div class=\"av-section-color-overlay\"><\/div><div class='container av-section-cont-open' ><div class='template-page content  av-content-small alpha units'><div class='post-entry post-entry-type-page post-entry-18192'><div class='entry-content-wrapper clearfix'>\n<section  class='av_textblock_section av-k9u5cd1z-d76f11e9d61d000210124835f1fb4069'  itemscope=\"itemscope\" itemtype=\"https:\/\/schema.org\/CreativeWork\" ><div class='avia_textblock'  itemprop=\"text\" ><h2 style=\"text-align: center;\">INDUSTRIAS<\/h2>\n<\/div><\/section>\n<\/div><\/div><\/div><!-- close content main div --><\/div><\/div><\/div><div id='sub_menu1'  class='av-submenu-container av-kdzvwk7w-67ebd0e5c276f777003ae8402e1ec6a9 header_color av-switch-480  avia-builder-el-13  el_after_av_section  el_before_av_section  submenu-not-first container_wrap sidebar_right' style='z-index:301' ><div class='container av-menu-mobile-active av-submenu-pos-center'><a href=\"#\" class=\"mobile_menu_toggle\" aria-hidden='true' data-av_icon='\ue8a5' data-av_iconfont='entypo-fontello'><span class=\"av-current-placeholder\">Menu<\/span><\/a><ul id=\"menu-industrias-portuguese\" class=\"av-subnav-menu\"><li role=\"menuitem\" id=\"menu-item-18318\" class=\"menu-item menu-item-type-post_type menu-item-object-page menu-item-top-level menu-item-top-level-1\"><a href=\"https:\/\/kodyka.com\/pt\/industrias\/protecao-da-marca-codigo-uv\/\" itemprop=\"url\" tabindex=\"0\"><span class=\"avia-bullet\"><\/span><span class=\"avia-menu-text\">Prote\u00e7\u00e3o da marca<\/span><span class=\"avia-menu-fx\"><span class=\"avia-arrow-wrap\"><span class=\"avia-arrow\"><\/span><\/span><\/span><\/a><\/li>\n<li role=\"menuitem\" id=\"menu-item-18319\" class=\"menu-item menu-item-type-post_type menu-item-object-page menu-item-top-level menu-item-top-level-2\"><a href=\"https:\/\/kodyka.com\/pt\/industrias\/cabos-extrusao-de-tubos-e-perfis-marcacao-e-codificacao-industrial\/\" itemprop=\"url\" tabindex=\"0\"><span class=\"avia-bullet\"><\/span><span class=\"avia-menu-text\">Cabos, extrus\u00e3o de tubos e perfis<\/span><span class=\"avia-menu-fx\"><span class=\"avia-arrow-wrap\"><span class=\"avia-arrow\"><\/span><\/span><\/span><\/a><\/li>\n<li role=\"menuitem\" id=\"menu-item-18320\" class=\"menu-item menu-item-type-post_type menu-item-object-page menu-item-top-level menu-item-top-level-3\"><a href=\"https:\/\/kodyka.com\/pt\/industrias\/bebidas-e-lacticinios-marcacao-e-codificacao\/\" itemprop=\"url\" tabindex=\"0\"><span class=\"avia-bullet\"><\/span><span class=\"avia-menu-text\">Bebidas e Lactic\u00ednios<\/span><span class=\"avia-menu-fx\"><span class=\"avia-arrow-wrap\"><span class=\"avia-arrow\"><\/span><\/span><\/span><\/a><\/li>\n<li role=\"menuitem\" id=\"menu-item-18321\" class=\"menu-item menu-item-type-post_type menu-item-object-page menu-item-top-level menu-item-top-level-4\"><a href=\"https:\/\/kodyka.com\/pt\/industrias\/material-electronico-y-electrico-codigo-de-impressao\/\" itemprop=\"url\" tabindex=\"0\"><span class=\"avia-bullet\"><\/span><span class=\"avia-menu-text\">Material electr\u00f3nico y el\u00e9ctrico<\/span><span class=\"avia-menu-fx\"><span class=\"avia-arrow-wrap\"><span class=\"avia-arrow\"><\/span><\/span><\/span><\/a><\/li>\n<li role=\"menuitem\" id=\"menu-item-18322\" class=\"menu-item menu-item-type-post_type menu-item-object-page menu-item-top-level menu-item-top-level-5\"><a href=\"https:\/\/kodyka.com\/pt\/industrias\/produtos-agro-alimentares-marcacao-e-codificacao-da-industria-alimentar\/\" itemprop=\"url\" tabindex=\"0\"><span class=\"avia-bullet\"><\/span><span class=\"avia-menu-text\">Produtos agro-alimentares<\/span><span class=\"avia-menu-fx\"><span class=\"avia-arrow-wrap\"><span class=\"avia-arrow\"><\/span><\/span><\/span><\/a><\/li>\n<li role=\"menuitem\" id=\"menu-item-18323\" class=\"menu-item menu-item-type-post_type menu-item-object-page menu-item-top-level menu-item-top-level-6\"><a href=\"https:\/\/kodyka.com\/pt\/industrias\/congelados-marcacao-por-codigo-de-barras\/\" itemprop=\"url\" tabindex=\"0\"><span class=\"avia-bullet\"><\/span><span class=\"avia-menu-text\">Congelados<\/span><span class=\"avia-menu-fx\"><span class=\"avia-arrow-wrap\"><span class=\"avia-arrow\"><\/span><\/span><\/span><\/a><\/li>\n<li role=\"menuitem\" id=\"menu-item-18324\" class=\"menu-item menu-item-type-post_type menu-item-object-page menu-item-top-level menu-item-top-level-7\"><a href=\"https:\/\/kodyka.com\/pt\/industrias\/confeitaria-bolos-e-doces-marcacao-e-codificacao-industrial\/\" itemprop=\"url\" tabindex=\"0\"><span class=\"avia-bullet\"><\/span><span class=\"avia-menu-text\">Confeitaria, bolos e doces<\/span><span class=\"avia-menu-fx\"><span class=\"avia-arrow-wrap\"><span class=\"avia-arrow\"><\/span><\/span><\/span><\/a><\/li>\n<li role=\"menuitem\" id=\"menu-item-18325\" class=\"menu-item menu-item-type-post_type menu-item-object-page menu-item-top-level menu-item-top-level-8\"><a href=\"https:\/\/kodyka.com\/pt\/industrias\/farmacia-cosmetica-e-higiene-codigo-de-rastreabilidade\/\" itemprop=\"url\" tabindex=\"0\"><span class=\"avia-bullet\"><\/span><span class=\"avia-menu-text\">Farm\u00e1cia, cosm\u00e9tica e higiene<\/span><span class=\"avia-menu-fx\"><span class=\"avia-arrow-wrap\"><span class=\"avia-arrow\"><\/span><\/span><\/span><\/a><\/li>\n<li role=\"menuitem\" id=\"menu-item-18326\" class=\"menu-item menu-item-type-post_type menu-item-object-page menu-item-top-level menu-item-top-level-9\"><a href=\"https:\/\/kodyka.com\/pt\/industrias\/cartoes-postais-e-correspondencia-marcacao-e-codificacao-de-cartoes\/\" itemprop=\"url\" tabindex=\"0\"><span class=\"avia-bullet\"><\/span><span class=\"avia-menu-text\">Cart\u00f5es Postais e correspond\u00eancia<\/span><span class=\"avia-menu-fx\"><span class=\"avia-arrow-wrap\"><span class=\"avia-arrow\"><\/span><\/span><\/span><\/a><\/li>\n<li role=\"menuitem\" id=\"menu-item-18327\" class=\"menu-item menu-item-type-post_type menu-item-object-page menu-item-top-level menu-item-top-level-10\"><a href=\"https:\/\/kodyka.com\/pt\/industrias\/rastreabilidade-do-produto\/\" itemprop=\"url\" tabindex=\"0\"><span class=\"avia-bullet\"><\/span><span class=\"avia-menu-text\">Rastreabilidade do produto<\/span><span class=\"avia-menu-fx\"><span class=\"avia-arrow-wrap\"><span class=\"avia-arrow\"><\/span><\/span><\/span><\/a><\/li>\n<\/ul><\/div><\/div><\/p>\n\n<style type=\"text\/css\" data-created_by=\"avia_inline_auto\" id=\"style-css-av-k9m0uwe1-b91b0332ac9dacc1ccefc2c569e9bdb0\">\n.avia-section.av-k9m0uwe1-b91b0332ac9dacc1ccefc2c569e9bdb0{\nbackground-color:#ffffff;\nbackground-image:url(https:\/\/kodyka.com\/wp-content\/uploads\/2020\/05\/fondo-transparente.png);\nbackground-repeat:no-repeat;\nbackground-position:50% 50%;\nbackground-attachment:fixed;\n}\n.avia-section.av-k9m0uwe1-b91b0332ac9dacc1ccefc2c569e9bdb0 .av-section-color-overlay{\nopacity:0.3;\nbackground-color:#ffffff;\nbackground-image:url(https:\/\/kodyka.com\/wp-content\/themes\/enfold\/images\/background-images\/dots-mini-light.png);\nbackground-repeat:repeat;\n}\n<\/style>\n<div id='av_section_2'  class='avia-section av-k9m0uwe1-b91b0332ac9dacc1ccefc2c569e9bdb0 header_color avia-section-large avia-no-border-styling  avia-builder-el-14  el_after_av_submenu  avia-builder-el-last  avia-full-contain avia-bg-style-fixed av-section-color-overlay-active container_wrap sidebar_right'  data-section-bg-repeat='contain'><div class=\"av-section-color-overlay-wrap\"><div class=\"av-section-color-overlay\"><\/div><div class='container av-section-cont-open' ><div class='template-page content  av-content-small alpha units'><div class='post-entry post-entry-type-page post-entry-18192'><div class='entry-content-wrapper clearfix'>\n<\/div><\/div><\/div><!-- close content main div --><\/div><\/div><\/div><div id='after_section_2'  class='main_color av_default_container_wrap container_wrap sidebar_right'  ><div class='container av-section-cont-open' ><div class='template-page content  av-content-small alpha units'><div class='post-entry post-entry-type-page post-entry-18192'><div class='entry-content-wrapper clearfix'>\n","protected":false},"excerpt":{"rendered":"","protected":false},"author":1,"featured_media":18194,"parent":18236,"menu_order":0,"comment_status":"closed","ping_status":"closed","template":"","meta":{"footnotes":""},"class_list":["post-18192","page","type-page","status-publish","has-post-thumbnail","hentry"],"_links":{"self":[{"href":"https:\/\/kodyka.com\/pt\/wp-json\/wp\/v2\/pages\/18192","targetHints":{"allow":["GET"]}}],"collection":[{"href":"https:\/\/kodyka.com\/pt\/wp-json\/wp\/v2\/pages"}],"about":[{"href":"https:\/\/kodyka.com\/pt\/wp-json\/wp\/v2\/types\/page"}],"author":[{"embeddable":true,"href":"https:\/\/kodyka.com\/pt\/wp-json\/wp\/v2\/users\/1"}],"replies":[{"embeddable":true,"href":"https:\/\/kodyka.com\/pt\/wp-json\/wp\/v2\/comments?post=18192"}],"version-history":[{"count":0,"href":"https:\/\/kodyka.com\/pt\/wp-json\/wp\/v2\/pages\/18192\/revisions"}],"up":[{"embeddable":true,"href":"https:\/\/kodyka.com\/pt\/wp-json\/wp\/v2\/pages\/18236"}],"wp:featuredmedia":[{"embeddable":true,"href":"https:\/\/kodyka.com\/pt\/wp-json\/wp\/v2\/media\/18194"}],"wp:attachment":[{"href":"https:\/\/kodyka.com\/pt\/wp-json\/wp\/v2\/media?parent=18192"}],"curies":[{"name":"wp","href":"https:\/\/api.w.org\/{rel}","templated":true}]}}