{"id":18201,"date":"2020-04-07T17:55:01","date_gmt":"2020-04-07T17:55:01","guid":{"rendered":"https:\/\/kodyka.com\/pigmented\/"},"modified":"2020-04-07T17:55:01","modified_gmt":"2020-04-07T17:55:01","slug":"pigmented","status":"publish","type":"page","link":"https:\/\/kodyka.com\/pt\/inks\/pigmented\/","title":{"rendered":"Pigmented"},"content":{"rendered":"\n<style type=\"text\/css\" data-created_by=\"avia_inline_auto\" id=\"style-css-av-k9pftw1k-964126d640ebc0067d7af8f5c22305ce\">\n#top .av_textblock_section.av-k9pftw1k-964126d640ebc0067d7af8f5c22305ce .avia_textblock{\nfont-size:19px;\n}\n<\/style>\n<section  class='av_textblock_section av-k9pftw1k-964126d640ebc0067d7af8f5c22305ce'  itemscope=\"itemscope\" itemtype=\"https:\/\/schema.org\/CreativeWork\" ><div class='avia_textblock'  itemprop=\"text\" ><h2 style=\"text-align: center;\">TINTAS PIGMADAS<\/h2>\n<p style=\"text-align: center;\">Alto contraste em materiais escuros<\/p>\n<\/div><\/section>\n\n<style type=\"text\/css\" data-created_by=\"avia_inline_auto\" id=\"style-css-av-josp-8e63981c990830fe0243388e86c539ea\">\n.flex_column.av-josp-8e63981c990830fe0243388e86c539ea{\n-webkit-border-radius:0px 0px 0px 0px;\n-moz-border-radius:0px 0px 0px 0px;\nborder-radius:0px 0px 0px 0px;\npadding:0px 0px 0px 0px;\n}\n<\/style>\n<div class='flex_column av-josp-8e63981c990830fe0243388e86c539ea av_one_half  avia-builder-el-1  el_after_av_textblock  el_before_av_one_half  first flex_column_div av-zero-column-padding column-top-margin'     ><style type=\"text\/css\" data-created_by=\"avia_inline_auto\" id=\"style-css-av-k9pg589u-9842372d266da92c509476bbb37927da\">\n.avia-image-container.av-k9pg589u-9842372d266da92c509476bbb37927da img.avia_image{\nbox-shadow:none;\n}\n.avia-image-container.av-k9pg589u-9842372d266da92c509476bbb37927da .av-image-caption-overlay-center{\ncolor:#ffffff;\n}\n<\/style>\n<div  class='avia-image-container av-k9pg589u-9842372d266da92c509476bbb37927da av-styling- avia-align-center  avia-builder-el-2  avia-builder-el-no-sibling '   itemprop=\"image\" itemscope=\"itemscope\" itemtype=\"https:\/\/schema.org\/ImageObject\" ><div class=\"avia-image-container-inner\"><div class=\"avia-image-overlay-wrap\"><img alt=\"kodykar-tij-25-pigmented\" fetchpriority=\"high\" fetchpriority=\"high\" decoding=\"async\" class='wp-image-18202 avia-img-lazy-loading-not-18202 avia_image ' src=\"https:\/\/kodyka.com\/wp-content\/uploads\/2020\/05\/ink-pigmented.jpg\" alt='' title='ink pigmented'  height=\"675\" width=\"900\"  itemprop=\"thumbnailUrl\" srcset=\"https:\/\/kodyka.com\/wp-content\/uploads\/2020\/05\/ink-pigmented.jpg 900w, https:\/\/kodyka.com\/wp-content\/uploads\/2020\/05\/ink-pigmented-300x225.jpg 300w, https:\/\/kodyka.com\/wp-content\/uploads\/2020\/05\/ink-pigmented-768x576.jpg 768w, https:\/\/kodyka.com\/wp-content\/uploads\/2020\/05\/ink-pigmented-705x529.jpg 705w\" sizes=\"(max-width: 900px) 100vw, 900px\" \/><\/div><\/div><\/div><\/div>\n\n<style type=\"text\/css\" data-created_by=\"avia_inline_auto\" id=\"style-css-av-1dzp1l-bd2b003c59a1db7fe62f6c224e4d3957\">\n.flex_column.av-1dzp1l-bd2b003c59a1db7fe62f6c224e4d3957{\n-webkit-border-radius:0px 0px 0px 0px;\n-moz-border-radius:0px 0px 0px 0px;\nborder-radius:0px 0px 0px 0px;\npadding:0px 0px 0px 0px;\n}\n<\/style>\n<div class='flex_column av-1dzp1l-bd2b003c59a1db7fe62f6c224e4d3957 av_one_half  avia-builder-el-3  el_after_av_one_half  el_before_av_three_fifth  flex_column_div av-zero-column-padding column-top-margin'     ><div  class='avia-slideshow av-k9pgh84r-b1a0449f7b28be0581c487beacd4ffbb avia-slideshow-no scaling av_slideshow avia-slide-slider  avia-builder-el-4  avia-builder-el-no-sibling  av-slideshow-ui av-control-default av-slideshow-manual av-loop-once av-loop-manual-endless av-default-height-applied avia-slideshow-1' data-slideshow-options=\"{&quot;animation&quot;:&quot;slide&quot;,&quot;autoplay&quot;:false,&quot;loop_autoplay&quot;:&quot;once&quot;,&quot;interval&quot;:5,&quot;loop_manual&quot;:&quot;manual-endless&quot;,&quot;autoplay_stopper&quot;:false,&quot;noNavigation&quot;:false,&quot;bg_slider&quot;:false,&quot;keep_padding&quot;:false,&quot;hoverpause&quot;:false,&quot;show_slide_delay&quot;:0}\"  itemprop=\"image\" itemscope=\"itemscope\" itemtype=\"https:\/\/schema.org\/ImageObject\" ><ul class='avia-slideshow-inner ' style='padding-bottom: 75%;'><li  class='avia-slideshow-slide av-k9pgh84r-b1a0449f7b28be0581c487beacd4ffbb__0  slide-1 slide-odd'><div data-rel='slideshow-1' class='avia-slide-wrap '   ><img alt=\"kodykar-tij-25-pigmented\" decoding=\"async\" class=\"wp-image-18203 avia-img-lazy-loading-not-18203\"  src=\"https:\/\/kodyka.com\/wp-content\/uploads\/2020\/05\/white-inks-pigmented-print-inkjet.jpg\" width=\"900\" height=\"675\" title='tinta de impress\u00e3o pigmentada de jato de tinta branco' alt=''  itemprop=\"thumbnailUrl\" srcset=\"https:\/\/kodyka.com\/wp-content\/uploads\/2020\/05\/white-inks-pigmented-print-inkjet.jpg 900w, https:\/\/kodyka.com\/wp-content\/uploads\/2020\/05\/white-inks-pigmented-print-inkjet-300x225.jpg 300w, https:\/\/kodyka.com\/wp-content\/uploads\/2020\/05\/white-inks-pigmented-print-inkjet-768x576.jpg 768w, https:\/\/kodyka.com\/wp-content\/uploads\/2020\/05\/white-inks-pigmented-print-inkjet-705x529.jpg 705w\" sizes=\"(max-width: 900px) 100vw, 900px\" \/><\/div><\/li><li  class='avia-slideshow-slide av-k9pgh84r-b1a0449f7b28be0581c487beacd4ffbb__1  slide-2 slide-even'><div data-rel='slideshow-1' class='avia-slide-wrap '   ><img alt=\"kodykar-tij-25-pigmented\" decoding=\"async\" class=\"wp-image-2699 avia-img-lazy-loading-not-2699\"  src=\"https:\/\/kodyka.com\/wp-content\/uploads\/2020\/05\/example-ink-pigmented.jpg\" width=\"900\" height=\"675\" title='examp`le ink pigmented' alt=''  itemprop=\"thumbnailUrl\" srcset=\"https:\/\/kodyka.com\/wp-content\/uploads\/2020\/05\/example-ink-pigmented.jpg 900w, https:\/\/kodyka.com\/wp-content\/uploads\/2020\/05\/example-ink-pigmented-300x225.jpg 300w, https:\/\/kodyka.com\/wp-content\/uploads\/2020\/05\/example-ink-pigmented-768x576.jpg 768w, https:\/\/kodyka.com\/wp-content\/uploads\/2020\/05\/example-ink-pigmented-705x529.jpg 705w\" sizes=\"(max-width: 900px) 100vw, 900px\" \/><\/div><\/li><li  class='avia-slideshow-slide av-k9pgh84r-b1a0449f7b28be0581c487beacd4ffbb__2  slide-3 slide-odd'><div data-rel='slideshow-1' class='avia-slide-wrap '   ><img alt=\"kodykar-tij-25-pigmented\" loading=\"lazy\" loading=\"lazy\" decoding=\"async\" class=\"wp-image-2710 avia-img-lazy-loading-not-2710\"  src=\"https:\/\/kodyka.com\/wp-content\/uploads\/2020\/05\/ink-pigmented-white.jpg\" width=\"900\" height=\"675\" title='ink pigmented white' alt='white coding example'  itemprop=\"thumbnailUrl\" srcset=\"https:\/\/kodyka.com\/wp-content\/uploads\/2020\/05\/ink-pigmented-white.jpg 900w, https:\/\/kodyka.com\/wp-content\/uploads\/2020\/05\/ink-pigmented-white-300x225.jpg 300w, https:\/\/kodyka.com\/wp-content\/uploads\/2020\/05\/ink-pigmented-white-768x576.jpg 768w, https:\/\/kodyka.com\/wp-content\/uploads\/2020\/05\/ink-pigmented-white-705x529.jpg 705w\" sizes=\"auto, (max-width: 900px) 100vw, 900px\" \/><\/div><\/li><li  class='avia-slideshow-slide av-k9pgh84r-b1a0449f7b28be0581c487beacd4ffbb__3  slide-4 slide-even'><div data-rel='slideshow-1' class='avia-slide-wrap '   ><img alt=\"kodykar-tij-25-pigmented\" loading=\"lazy\" loading=\"lazy\" decoding=\"async\" class=\"wp-image-2743 avia-img-lazy-loading-not-2743\"  src=\"https:\/\/kodyka.com\/wp-content\/uploads\/2020\/05\/pigmented-inks-white.jpg\" width=\"900\" height=\"675\" title='pigmented inks white coding' alt='Clear, intense and luminous colours'  itemprop=\"thumbnailUrl\" srcset=\"https:\/\/kodyka.com\/wp-content\/uploads\/2020\/05\/pigmented-inks-white.jpg 900w, https:\/\/kodyka.com\/wp-content\/uploads\/2020\/05\/pigmented-inks-white-300x225.jpg 300w, https:\/\/kodyka.com\/wp-content\/uploads\/2020\/05\/pigmented-inks-white-768x576.jpg 768w, https:\/\/kodyka.com\/wp-content\/uploads\/2020\/05\/pigmented-inks-white-705x529.jpg 705w\" sizes=\"auto, (max-width: 900px) 100vw, 900px\" \/><\/div><\/li><li  class='avia-slideshow-slide av-k9pgh84r-b1a0449f7b28be0581c487beacd4ffbb__4  slide-5 slide-odd'><div data-rel='slideshow-1' class='avia-slide-wrap '   ><img alt=\"kodykar-tij-25-pigmented\" loading=\"lazy\" loading=\"lazy\" decoding=\"async\" class=\"wp-image-2763 avia-img-lazy-loading-not-2763\"  src=\"https:\/\/kodyka.com\/wp-content\/uploads\/2020\/05\/white-ink-example-print-inkjet.jpg\" width=\"900\" height=\"675\" title='white ink example print inkjet' alt=''  itemprop=\"thumbnailUrl\" srcset=\"https:\/\/kodyka.com\/wp-content\/uploads\/2020\/05\/white-ink-example-print-inkjet.jpg 900w, https:\/\/kodyka.com\/wp-content\/uploads\/2020\/05\/white-ink-example-print-inkjet-300x225.jpg 300w, https:\/\/kodyka.com\/wp-content\/uploads\/2020\/05\/white-ink-example-print-inkjet-768x576.jpg 768w, https:\/\/kodyka.com\/wp-content\/uploads\/2020\/05\/white-ink-example-print-inkjet-705x529.jpg 705w\" sizes=\"auto, (max-width: 900px) 100vw, 900px\" \/><\/div><\/li><li  class='avia-slideshow-slide av-k9pgh84r-b1a0449f7b28be0581c487beacd4ffbb__5  slide-6 slide-even'><div data-rel='slideshow-1' class='avia-slide-wrap '   ><img alt=\"kodykar-tij-25-pigmented\" loading=\"lazy\" loading=\"lazy\" decoding=\"async\" class=\"wp-image-2775 avia-img-lazy-loading-not-2775\"  src=\"https:\/\/kodyka.com\/wp-content\/uploads\/2020\/05\/ink-pigmented-kodyka-tintas-pigmentadas.jpg\" width=\"900\" height=\"675\" title='ink pigmented kodyka tintas pigmentadas' alt=''  itemprop=\"thumbnailUrl\" srcset=\"https:\/\/kodyka.com\/wp-content\/uploads\/2020\/05\/ink-pigmented-kodyka-tintas-pigmentadas.jpg 900w, https:\/\/kodyka.com\/wp-content\/uploads\/2020\/05\/ink-pigmented-kodyka-tintas-pigmentadas-300x225.jpg 300w, https:\/\/kodyka.com\/wp-content\/uploads\/2020\/05\/ink-pigmented-kodyka-tintas-pigmentadas-768x576.jpg 768w, https:\/\/kodyka.com\/wp-content\/uploads\/2020\/05\/ink-pigmented-kodyka-tintas-pigmentadas-705x529.jpg 705w\" sizes=\"auto, (max-width: 900px) 100vw, 900px\" \/><\/div><\/li><\/ul><div class='avia-slideshow-arrows avia-slideshow-controls' ><a href='#prev' class='prev-slide ' aria-hidden='true' data-av_icon='\ue87c' data-av_iconfont='entypo-fontello'  tabindex='-1'>Previous<\/a><a href='#next' class='next-slide ' aria-hidden='true' data-av_icon='\ue87d' data-av_iconfont='entypo-fontello'  tabindex='-1'>Next<\/a><\/div><div class='avia-slideshow-dots avia-slideshow-controls'><a href='#1' class='goto-slide active' >1<\/a><a href='#2' class='goto-slide ' >2<\/a><a href='#3' class='goto-slide ' >3<\/a><a href='#4' class='goto-slide ' >4<\/a><a href='#5' class='goto-slide ' >5<\/a><a href='#6' class='goto-slide ' >6<\/a><\/div><\/div><\/div>\n\n<style type=\"text\/css\" data-created_by=\"avia_inline_auto\" id=\"style-css-av-bsdgx-02c9420ce548920819aa5a1694beaa4e\">\n.flex_column.av-bsdgx-02c9420ce548920819aa5a1694beaa4e{\n-webkit-border-radius:0px 0px 0px 0px;\n-moz-border-radius:0px 0px 0px 0px;\nborder-radius:0px 0px 0px 0px;\npadding:0px 0px 0px 0px;\n}\n<\/style>\n<div class='flex_column av-bsdgx-02c9420ce548920819aa5a1694beaa4e av_three_fifth  avia-builder-el-5  el_after_av_one_half  el_before_av_section  avia-builder-el-last  first flex_column_div av-zero-column-padding column-top-margin'     ><section  class='av_textblock_section av-k9pftw1k-28ca0a23b2f77a17a39f42c3f3d827ea'  itemscope=\"itemscope\" itemtype=\"https:\/\/schema.org\/CreativeWork\" ><div class='avia_textblock'  itemprop=\"text\" ><p>A evolu\u00e7\u00e3o dos cartuchos e tintas de jacto de tinta t\u00e9rmica permite-nos utilizar uma nova tecnologia em tintas pigmentadas que oferecem uma gama de cores intensas e resistentes aos raios UV para marca\u00e7\u00e3o em substratos escuros, materiais como PP, PE, PVC e especialmente para o sector de cabos e extrus\u00e3o.<\/p>\n<\/div><\/section><\/div>\n<\/div><\/div><\/div><!-- close content main div --><\/div><\/div>\n<style type=\"text\/css\" data-created_by=\"avia_inline_auto\" id=\"style-css-av-k9m0uwe1-3786915b6b3a8f05a567cbfe5e9c32d0\">\n.avia-section.av-k9m0uwe1-3786915b6b3a8f05a567cbfe5e9c32d0{\nbackground-color:#f7f7f7;\nbackground-image:url(https:\/\/kodyka.com\/wp-content\/uploads\/2020\/05\/fondo2.png);\nbackground-repeat:no-repeat;\nbackground-position:50% 100%;\nbackground-attachment:fixed;\n}\n.avia-section.av-k9m0uwe1-3786915b6b3a8f05a567cbfe5e9c32d0 .av-section-color-overlay{\nopacity:0.3;\nbackground-color:#f7f7f7;\nbackground-image:url(https:\/\/kodyka.com\/wp-content\/themes\/enfold\/images\/background-images\/dots-mini-light.png);\nbackground-repeat:repeat;\n}\n<\/style>\n<div id='av_section_1'  class='avia-section av-k9m0uwe1-3786915b6b3a8f05a567cbfe5e9c32d0 header_color avia-section-large avia-no-border-styling  avia-builder-el-7  el_after_av_three_fifth  avia-builder-el-last  avia-full-contain avia-bg-style-fixed av-section-color-overlay-active container_wrap sidebar_right'  data-section-bg-repeat='contain'><div class=\"av-section-color-overlay-wrap\"><div class=\"av-section-color-overlay\"><\/div><div class='container av-section-cont-open' ><div class='template-page content  av-content-small alpha units'><div class='post-entry post-entry-type-page post-entry-18201'><div class='entry-content-wrapper clearfix'>\n\n<style type=\"text\/css\" data-created_by=\"avia_inline_auto\" id=\"style-css-av-cnytd-fce46dfdc3e9711d988fc74bac804e64\">\n.flex_column.av-cnytd-fce46dfdc3e9711d988fc74bac804e64{\n-webkit-border-radius:0px 0px 0px 0px;\n-moz-border-radius:0px 0px 0px 0px;\nborder-radius:0px 0px 0px 0px;\npadding:0px 0px 0px 0px;\n}\n<\/style>\n<div class='flex_column av-cnytd-fce46dfdc3e9711d988fc74bac804e64 av_one_full  avia-builder-el-8  el_before_av_one_fourth  avia-builder-el-first  first flex_column_div av-zero-column-padding '     ><section  class='av_textblock_section av-k8r6sr6q-6c70d88976a03019fd47952db0a94d2b'  itemscope=\"itemscope\" itemtype=\"https:\/\/schema.org\/CreativeWork\" ><div class='avia_textblock'  itemprop=\"text\" ><h3 style=\"text-align: center;\">CARTRIDGES \u00bd \u201c<\/h3>\n<\/div><\/section><\/div>\n<style type=\"text\/css\" data-created_by=\"avia_inline_auto\" id=\"style-css-av-gsdep-f165320e0915661ac5c4d2ef61ee9c8c\">\n.flex_column.av-gsdep-f165320e0915661ac5c4d2ef61ee9c8c{\n-webkit-border-radius:0px 0px 0px 0px;\n-moz-border-radius:0px 0px 0px 0px;\nborder-radius:0px 0px 0px 0px;\npadding:0px 0px 0px 0px;\n}\n<\/style>\n<div class='flex_column av-gsdep-f165320e0915661ac5c4d2ef61ee9c8c av_one_fourth  avia-builder-el-10  el_after_av_one_full  el_before_av_one_fourth  first flex_column_div av-zero-column-padding column-top-margin'     ><\/div>\n<style type=\"text\/css\" data-created_by=\"avia_inline_auto\" id=\"style-css-av-k9m10bpn-c2883cb5779a23f53c02354a7bf53008\">\n.flex_column.av-k9m10bpn-c2883cb5779a23f53c02354a7bf53008{\n-webkit-border-radius:0px 0px 0px 0px;\n-moz-border-radius:0px 0px 0px 0px;\nborder-radius:0px 0px 0px 0px;\npadding:0px 0px 0px 0px;\nbackground-color:#ffffff;\n}\n<\/style>\n<div class='flex_column av-k9m10bpn-c2883cb5779a23f53c02354a7bf53008 av_one_fourth  avia-builder-el-11  el_after_av_one_fourth  el_before_av_one_fourth  flex_column_div av-zero-column-padding column-top-margin'     ><p>\n<style type=\"text\/css\" data-created_by=\"avia_inline_auto\" id=\"style-css-av-k9m0oljk-32b90216829ef0beb3a8a506ac52bfab\">\n.avia-image-container.av-k9m0oljk-32b90216829ef0beb3a8a506ac52bfab img.avia_image{\nbox-shadow:none;\n}\n.avia-image-container.av-k9m0oljk-32b90216829ef0beb3a8a506ac52bfab .av-image-caption-overlay-center{\ncolor:#ffffff;\n}\n<\/style>\n<div  class='avia-image-container av-k9m0oljk-32b90216829ef0beb3a8a506ac52bfab av-styling- avia-align-center  avia-builder-el-12  el_before_av_textblock  avia-builder-el-first '   itemprop=\"image\" itemscope=\"itemscope\" itemtype=\"https:\/\/schema.org\/ImageObject\" ><div class=\"avia-image-container-inner\"><div class=\"avia-image-overlay-wrap\"><img alt=\"kodykar-tij-25-pigmented\" loading=\"lazy\" loading=\"lazy\" decoding=\"async\" class='wp-image-2251 avia-img-lazy-loading-not-2251 avia_image ' src=\"https:\/\/kodyka.com\/wp-content\/uploads\/2020\/04\/ink8.jpg\" alt='print cartridges tij 2.5' title='ink8'  height=\"557\" width=\"600\"  itemprop=\"thumbnailUrl\" srcset=\"https:\/\/kodyka.com\/wp-content\/uploads\/2020\/04\/ink8.jpg 600w, https:\/\/kodyka.com\/wp-content\/uploads\/2020\/04\/ink8-300x279.jpg 300w\" sizes=\"auto, (max-width: 600px) 100vw, 600px\" \/><\/div><\/div><\/div><br \/>\n<section  class='av_textblock_section av-k9m0pm4x-97bbf9ec66134eddd42f842833cd1969'  itemscope=\"itemscope\" itemtype=\"https:\/\/schema.org\/CreativeWork\" ><div class='avia_textblock'  itemprop=\"text\" ><p style=\"text-align: center;\"><img alt=\"kodykar-tij-25-pigmented\" loading=\"lazy\" decoding=\"async\" class=\"alignnone wp-image-3049\" src=\"https:\/\/kodyka.com\/wp-content\/uploads\/2020\/05\/yellow.jpg\" alt=\"\" width=\"15\" height=\"15\" \/> K10PY TINTA AMARELA<\/p>\n<\/div><\/section><\/p><\/div>\n<style type=\"text\/css\" data-created_by=\"avia_inline_auto\" id=\"style-css-av-k9m10bpn-c2883cb5779a23f53c02354a7bf53008\">\n.flex_column.av-k9m10bpn-c2883cb5779a23f53c02354a7bf53008{\n-webkit-border-radius:0px 0px 0px 0px;\n-moz-border-radius:0px 0px 0px 0px;\nborder-radius:0px 0px 0px 0px;\npadding:0px 0px 0px 0px;\nbackground-color:#ffffff;\n}\n<\/style>\n<div class='flex_column av-k9m10bpn-c2883cb5779a23f53c02354a7bf53008 av_one_fourth  avia-builder-el-14  el_after_av_one_fourth  el_before_av_one_full  flex_column_div av-zero-column-padding column-top-margin'     ><p>\n<style type=\"text\/css\" data-created_by=\"avia_inline_auto\" id=\"style-css-av-k9m0oljk-32b90216829ef0beb3a8a506ac52bfab\">\n.avia-image-container.av-k9m0oljk-32b90216829ef0beb3a8a506ac52bfab img.avia_image{\nbox-shadow:none;\n}\n.avia-image-container.av-k9m0oljk-32b90216829ef0beb3a8a506ac52bfab .av-image-caption-overlay-center{\ncolor:#ffffff;\n}\n<\/style>\n<div  class='avia-image-container av-k9m0oljk-32b90216829ef0beb3a8a506ac52bfab av-styling- avia-align-center  avia-builder-el-15  el_before_av_textblock  avia-builder-el-first '   itemprop=\"image\" itemscope=\"itemscope\" itemtype=\"https:\/\/schema.org\/ImageObject\" ><div class=\"avia-image-container-inner\"><div class=\"avia-image-overlay-wrap\"><img alt=\"kodykar-tij-25-pigmented\" loading=\"lazy\" loading=\"lazy\" decoding=\"async\" class='wp-image-2251 avia-img-lazy-loading-not-2251 avia_image ' src=\"https:\/\/kodyka.com\/wp-content\/uploads\/2020\/04\/ink8.jpg\" alt='print cartridges tij 2.5' title='ink8'  height=\"557\" width=\"600\"  itemprop=\"thumbnailUrl\" srcset=\"https:\/\/kodyka.com\/wp-content\/uploads\/2020\/04\/ink8.jpg 600w, https:\/\/kodyka.com\/wp-content\/uploads\/2020\/04\/ink8-300x279.jpg 300w\" sizes=\"auto, (max-width: 600px) 100vw, 600px\" \/><\/div><\/div><\/div><br \/>\n<section  class='av_textblock_section av-k9m0pm4x-97bbf9ec66134eddd42f842833cd1969'  itemscope=\"itemscope\" itemtype=\"https:\/\/schema.org\/CreativeWork\" ><div class='avia_textblock'  itemprop=\"text\" ><p style=\"text-align: center;\"><img alt=\"kodykar-tij-25-pigmented\" loading=\"lazy\" decoding=\"async\" class=\"alignnone wp-image-3069\" src=\"https:\/\/kodyka.com\/wp-content\/uploads\/2020\/05\/blanco.jpg\" alt=\"\" width=\"16\" height=\"16\" \/> K10PW TINTA BRANCA<\/p>\n<\/div><\/section><\/p><\/div>\n<style type=\"text\/css\" data-created_by=\"avia_inline_auto\" id=\"style-css-av-arbd5-ab2582b6b4134b2ff3397320c0280cee\">\n.flex_column.av-arbd5-ab2582b6b4134b2ff3397320c0280cee{\n-webkit-border-radius:0px 0px 0px 0px;\n-moz-border-radius:0px 0px 0px 0px;\nborder-radius:0px 0px 0px 0px;\npadding:0px 0px 0px 0px;\n}\n<\/style>\n<div class='flex_column av-arbd5-ab2582b6b4134b2ff3397320c0280cee av_one_full  avia-builder-el-17  el_after_av_one_fourth  el_before_av_one_fourth  first flex_column_div av-zero-column-padding column-top-margin'     ><p>\n<style type=\"text\/css\" data-created_by=\"avia_inline_auto\" id=\"style-css-av-k9ycj2jc-2e3bf1196df2f64e466821af2b2b5827\">\n#top .hr.hr-invisible.av-k9ycj2jc-2e3bf1196df2f64e466821af2b2b5827{\nheight:50px;\n}\n<\/style>\n<div  class='hr av-k9ycj2jc-2e3bf1196df2f64e466821af2b2b5827 hr-invisible  avia-builder-el-18  el_before_av_textblock  avia-builder-el-first '><span class='hr-inner '><span class=\"hr-inner-style\"><\/span><\/span><\/div><br \/>\n<section  class='av_textblock_section av-k8r6sr6q-6c70d88976a03019fd47952db0a94d2b'  itemscope=\"itemscope\" itemtype=\"https:\/\/schema.org\/CreativeWork\" ><div class='avia_textblock'  itemprop=\"text\" ><h3 style=\"text-align: center;\">CARTRIDGES 1 \u201c<\/h3>\n<\/div><\/section><\/p><\/div>\n<style type=\"text\/css\" data-created_by=\"avia_inline_auto\" id=\"style-css-av-987kh-08258a4112056eae7837a042cc51a710\">\n.flex_column.av-987kh-08258a4112056eae7837a042cc51a710{\n-webkit-border-radius:0px 0px 0px 0px;\n-moz-border-radius:0px 0px 0px 0px;\nborder-radius:0px 0px 0px 0px;\npadding:0px 0px 0px 0px;\n}\n<\/style>\n<div class='flex_column av-987kh-08258a4112056eae7837a042cc51a710 av_one_fourth  avia-builder-el-20  el_after_av_one_full  el_before_av_one_fourth  first flex_column_div av-zero-column-padding column-top-margin'     ><\/div>\n<style type=\"text\/css\" data-created_by=\"avia_inline_auto\" id=\"style-css-av-k9m10bpn-c2883cb5779a23f53c02354a7bf53008\">\n.flex_column.av-k9m10bpn-c2883cb5779a23f53c02354a7bf53008{\n-webkit-border-radius:0px 0px 0px 0px;\n-moz-border-radius:0px 0px 0px 0px;\nborder-radius:0px 0px 0px 0px;\npadding:0px 0px 0px 0px;\nbackground-color:#ffffff;\n}\n<\/style>\n<div class='flex_column av-k9m10bpn-c2883cb5779a23f53c02354a7bf53008 av_one_fourth  avia-builder-el-21  el_after_av_one_fourth  el_before_av_one_fourth  flex_column_div av-zero-column-padding column-top-margin'     ><p>\n<style type=\"text\/css\" data-created_by=\"avia_inline_auto\" id=\"style-css-av-k9m0oljk-287bfd25f5ea76d337737d25b7d4b4c1\">\n.avia-image-container.av-k9m0oljk-287bfd25f5ea76d337737d25b7d4b4c1 img.avia_image{\nbox-shadow:none;\n}\n.avia-image-container.av-k9m0oljk-287bfd25f5ea76d337737d25b7d4b4c1 .av-image-caption-overlay-center{\ncolor:#ffffff;\n}\n<\/style>\n<div  class='avia-image-container av-k9m0oljk-287bfd25f5ea76d337737d25b7d4b4c1 av-styling- avia-align-center  avia-builder-el-22  el_before_av_textblock  avia-builder-el-first '   itemprop=\"image\" itemscope=\"itemscope\" itemtype=\"https:\/\/schema.org\/ImageObject\" ><div class=\"avia-image-container-inner\"><div class=\"avia-image-overlay-wrap\"><img alt=\"kodykar-tij-25-pigmented\" loading=\"lazy\" loading=\"lazy\" decoding=\"async\" class='wp-image-2241 avia-img-lazy-loading-not-2241 avia_image ' src=\"https:\/\/kodyka.com\/wp-content\/uploads\/2020\/04\/ink7.jpg\" alt='print cartridges tij 2.5' title='ink7'  height=\"549\" width=\"600\"  itemprop=\"thumbnailUrl\" srcset=\"https:\/\/kodyka.com\/wp-content\/uploads\/2020\/04\/ink7.jpg 600w, https:\/\/kodyka.com\/wp-content\/uploads\/2020\/04\/ink7-300x275.jpg 300w\" sizes=\"auto, (max-width: 600px) 100vw, 600px\" \/><\/div><\/div><\/div><br \/>\n<section  class='av_textblock_section av-k9m0pm4x-97bbf9ec66134eddd42f842833cd1969'  itemscope=\"itemscope\" itemtype=\"https:\/\/schema.org\/CreativeWork\" ><div class='avia_textblock'  itemprop=\"text\" ><p style=\"text-align: center;\"><img alt=\"kodykar-tij-25-pigmented\" loading=\"lazy\" decoding=\"async\" class=\"alignnone wp-image-3049\" src=\"https:\/\/kodyka.com\/wp-content\/uploads\/2020\/05\/yellow.jpg\" alt=\"\" width=\"15\" height=\"15\" \/> K11PY TINTA AMARELA<\/p>\n<\/div><\/section><\/p><\/div>\n<style type=\"text\/css\" data-created_by=\"avia_inline_auto\" id=\"style-css-av-k9m10bpn-c2883cb5779a23f53c02354a7bf53008\">\n.flex_column.av-k9m10bpn-c2883cb5779a23f53c02354a7bf53008{\n-webkit-border-radius:0px 0px 0px 0px;\n-moz-border-radius:0px 0px 0px 0px;\nborder-radius:0px 0px 0px 0px;\npadding:0px 0px 0px 0px;\nbackground-color:#ffffff;\n}\n<\/style>\n<div class='flex_column av-k9m10bpn-c2883cb5779a23f53c02354a7bf53008 av_one_fourth  avia-builder-el-24  el_after_av_one_fourth  avia-builder-el-last  flex_column_div av-zero-column-padding column-top-margin'     ><p>\n<style type=\"text\/css\" data-created_by=\"avia_inline_auto\" id=\"style-css-av-k9m0oljk-287bfd25f5ea76d337737d25b7d4b4c1\">\n.avia-image-container.av-k9m0oljk-287bfd25f5ea76d337737d25b7d4b4c1 img.avia_image{\nbox-shadow:none;\n}\n.avia-image-container.av-k9m0oljk-287bfd25f5ea76d337737d25b7d4b4c1 .av-image-caption-overlay-center{\ncolor:#ffffff;\n}\n<\/style>\n<div  class='avia-image-container av-k9m0oljk-287bfd25f5ea76d337737d25b7d4b4c1 av-styling- avia-align-center  avia-builder-el-25  el_before_av_textblock  avia-builder-el-first '   itemprop=\"image\" itemscope=\"itemscope\" itemtype=\"https:\/\/schema.org\/ImageObject\" ><div class=\"avia-image-container-inner\"><div class=\"avia-image-overlay-wrap\"><img alt=\"kodykar-tij-25-pigmented\" loading=\"lazy\" loading=\"lazy\" decoding=\"async\" class='wp-image-2241 avia-img-lazy-loading-not-2241 avia_image ' src=\"https:\/\/kodyka.com\/wp-content\/uploads\/2020\/04\/ink7.jpg\" alt='print cartridges tij 2.5' title='ink7'  height=\"549\" width=\"600\"  itemprop=\"thumbnailUrl\" srcset=\"https:\/\/kodyka.com\/wp-content\/uploads\/2020\/04\/ink7.jpg 600w, https:\/\/kodyka.com\/wp-content\/uploads\/2020\/04\/ink7-300x275.jpg 300w\" sizes=\"auto, (max-width: 600px) 100vw, 600px\" \/><\/div><\/div><\/div><br \/>\n<section  class='av_textblock_section av-k9m0pm4x-97bbf9ec66134eddd42f842833cd1969'  itemscope=\"itemscope\" itemtype=\"https:\/\/schema.org\/CreativeWork\" ><div class='avia_textblock'  itemprop=\"text\" ><p style=\"text-align: center;\"><img alt=\"kodykar-tij-25-pigmented\" loading=\"lazy\" decoding=\"async\" class=\"alignnone wp-image-3069\" src=\"https:\/\/kodyka.com\/wp-content\/uploads\/2020\/05\/blanco.jpg\" alt=\"\" width=\"16\" height=\"16\" \/> K11PW TINTA BRANCA<\/p>\n<\/div><\/section><\/p><\/div>\n<\/div><\/div><\/div><!-- close content main div --><\/div><\/div><\/div><div id='after_section_1'  class='main_color av_default_container_wrap container_wrap sidebar_right'  ><div class='container av-section-cont-open' ><div class='template-page content  av-content-small alpha units'><div class='post-entry post-entry-type-page post-entry-18201'><div class='entry-content-wrapper clearfix'>\n","protected":false},"excerpt":{"rendered":"","protected":false},"author":1,"featured_media":18203,"parent":18242,"menu_order":0,"comment_status":"closed","ping_status":"closed","template":"","meta":{"footnotes":""},"class_list":["post-18201","page","type-page","status-publish","has-post-thumbnail","hentry"],"_links":{"self":[{"href":"https:\/\/kodyka.com\/pt\/wp-json\/wp\/v2\/pages\/18201","targetHints":{"allow":["GET"]}}],"collection":[{"href":"https:\/\/kodyka.com\/pt\/wp-json\/wp\/v2\/pages"}],"about":[{"href":"https:\/\/kodyka.com\/pt\/wp-json\/wp\/v2\/types\/page"}],"author":[{"embeddable":true,"href":"https:\/\/kodyka.com\/pt\/wp-json\/wp\/v2\/users\/1"}],"replies":[{"embeddable":true,"href":"https:\/\/kodyka.com\/pt\/wp-json\/wp\/v2\/comments?post=18201"}],"version-history":[{"count":0,"href":"https:\/\/kodyka.com\/pt\/wp-json\/wp\/v2\/pages\/18201\/revisions"}],"up":[{"embeddable":true,"href":"https:\/\/kodyka.com\/pt\/wp-json\/wp\/v2\/pages\/18242"}],"wp:featuredmedia":[{"embeddable":true,"href":"https:\/\/kodyka.com\/pt\/wp-json\/wp\/v2\/media\/18203"}],"wp:attachment":[{"href":"https:\/\/kodyka.com\/pt\/wp-json\/wp\/v2\/media?parent=18201"}],"curies":[{"name":"wp","href":"https:\/\/api.w.org\/{rel}","templated":true}]}}