{"id":18230,"date":"2020-03-31T10:15:05","date_gmt":"2020-03-31T10:15:05","guid":{"rendered":"https:\/\/kodyka.com\/contacto\/"},"modified":"2020-03-31T10:15:05","modified_gmt":"2020-03-31T10:15:05","slug":"contacto","status":"publish","type":"page","link":"https:\/\/kodyka.com\/pt\/contacto\/","title":{"rendered":"Contacto"},"content":{"rendered":"<section  class='av_textblock_section av-k6vck8il-eb55e058b886f30de5b2bba4696f3658'  itemscope=\"itemscope\" itemtype=\"https:\/\/schema.org\/CreativeWork\" ><div class='avia_textblock'  itemprop=\"text\" ><h2 style=\"text-align: center;\">Contacto<\/h2>\n<\/div><\/section>\n\n<style type=\"text\/css\" data-created_by=\"avia_inline_auto\" id=\"style-css-av-5l0z6-dbf20b50117115de951ce1a1dd2ff7c1\">\n.flex_column.av-5l0z6-dbf20b50117115de951ce1a1dd2ff7c1{\n-webkit-border-radius:0px 0px 0px 0px;\n-moz-border-radius:0px 0px 0px 0px;\nborder-radius:0px 0px 0px 0px;\npadding:0px 0px 0px 0px;\n}\n<\/style>\n<div class='flex_column av-5l0z6-dbf20b50117115de951ce1a1dd2ff7c1 av_one_third  avia-builder-el-1  el_after_av_textblock  el_before_av_one_third  first flex_column_div av-zero-column-padding column-top-margin'     ><section  class='av_textblock_section av-k9csqgor-80c97be0ceba696971e22986f5276335'  itemscope=\"itemscope\" itemtype=\"https:\/\/schema.org\/CreativeWork\" ><div class='avia_textblock'  itemprop=\"text\" ><h3>Especializada no fabrico e distribui\u00e7\u00e3o de solu\u00e7\u00f5es de marca\u00e7\u00e3o e codifica\u00e7\u00e3o industrial a distribuidores e utilizadores finais<\/h3>\n<\/div><\/section><br \/>\n<section  class='av_textblock_section av-k9csxgul-e25546e0ffd281b971f8380fe105b8d2'  itemscope=\"itemscope\" itemtype=\"https:\/\/schema.org\/CreativeWork\" ><div class='avia_textblock'  itemprop=\"text\" ><p>Trabalhamos constantemente para lhe oferecer as melhores solu\u00e7\u00f5es em rastreabilidade, marca\u00e7\u00e3o e codifica\u00e7\u00e3o dos seus produtos, contentores ou embalagens na linha de produ\u00e7\u00e3o ou distribui\u00e7\u00e3o.<\/p>\n<p>Impressora t\u00e9rmica f\u00e1cil de usar, instalar e configurar. Diferentes tipos de tintas e cores, para aplica\u00e7\u00e3o em materiais porosos, n\u00e3o porosos e semi-porosos. Tintas ecol\u00f3gicas e de qualidade alimentar, UV, polim\u00e9ricas, nano h\u00edbridas, pigmentadas&#8230;<\/p>\n<p>Para mais informa\u00e7\u00f5es sobre os nossos produtos, para fazer uma pergunta ou contactar o seu fornecedor local, contacte-nos atrav\u00e9s do preenchimento do formul\u00e1rio de contacto ou envie um e-mail para info@kodyka.com.<\/p>\n<p>Responderemos ao seu e-mail o mais rapidamente poss\u00edvel ou redireccion\u00e1-lo-emos para um representante Kodyka perto de si para obter assist\u00eancia local.<\/p>\n<\/div><\/section><\/p><\/div>\n\n<style type=\"text\/css\" data-created_by=\"avia_inline_auto\" id=\"style-css-av-k8q4ttyr-251776831b9e267f43a8b6c9348fa4fe\">\n@-webkit-keyframes av_boxShadowEffect_av-k8q4ttyr-251776831b9e267f43a8b6c9348fa4fe-column {\n0%   { box-shadow:  0 0 0 0 ; opacity: 1; }\n100% { box-shadow:  0 0 10px 0 ; opacity: 1; }\n}\n@keyframes av_boxShadowEffect_av-k8q4ttyr-251776831b9e267f43a8b6c9348fa4fe-column {\n0%   { box-shadow:  0 0 0 0 ; opacity: 1; }\n100% { box-shadow:  0 0 10px 0 ; opacity: 1; }\n}\n.flex_column.av-k8q4ttyr-251776831b9e267f43a8b6c9348fa4fe{\n-webkit-border-radius:0px 0px 0px 0px;\n-moz-border-radius:0px 0px 0px 0px;\nborder-radius:0px 0px 0px 0px;\npadding:30px 30px 30px 30px;\nbackground-color:#d0d7dd;\n}\n<\/style>\n<div class='flex_column av-k8q4ttyr-251776831b9e267f43a8b6c9348fa4fe av_one_third  avia-builder-el-4  el_after_av_one_third  el_before_av_one_third  flex_column_div column-top-margin'     ><section  class='av_textblock_section av-m8njlvgo-ff78005130b5067b25556317f6d2e292'  itemscope=\"itemscope\" itemtype=\"https:\/\/schema.org\/CreativeWork\" ><div class='avia_textblock'  itemprop=\"text\" ><div class=\"wpforms-container wpforms-container-full wpforms-render-modern\" id=\"wpforms-17654\"><form id=\"wpforms-form-17654\" class=\"wpforms-validate wpforms-form wpforms-ajax-form\" data-formid=\"17654\" method=\"post\" enctype=\"multipart\/form-data\" action=\"\/pt\/wp-json\/wp\/v2\/pages\/18230\" data-token=\"7a83dd53e213032dff979cad662812ba\" data-token-time=\"1777224489\"><noscript class=\"wpforms-error-noscript\">Please enable JavaScript in your browser to complete this form.<\/noscript><div class=\"wpforms-hidden\" id=\"wpforms-error-noscript\">Please enable JavaScript in your browser to complete this form.<\/div><div class=\"wpforms-field-container\"><div id=\"wpforms-17654-field_1-container\" class=\"wpforms-field wpforms-field-name\" data-field-id=\"1\"><fieldset><legend class=\"wpforms-field-label\">Primeiro nome <span class=\"wpforms-required-label\" aria-hidden=\"true\">*<\/span><\/legend><div class=\"wpforms-field-row wpforms-field-medium\"><div class=\"wpforms-field-row-block wpforms-first wpforms-one-half\"><input type=\"text\" id=\"wpforms-17654-field_1\" class=\"wpforms-field-name-first wpforms-field-required\" name=\"wpforms[fields][1][first]\" aria-errormessage=\"wpforms-17654-field_1-error\" required><label for=\"wpforms-17654-field_1\" class=\"wpforms-field-sublabel after\">First<\/label><\/div><div class=\"wpforms-field-row-block wpforms-one-half\"><input type=\"text\" id=\"wpforms-17654-field_1-last\" class=\"wpforms-field-name-last wpforms-field-required\" name=\"wpforms[fields][1][last]\" aria-errormessage=\"wpforms-17654-field_1-last-error\" required><label for=\"wpforms-17654-field_1-last\" class=\"wpforms-field-sublabel after\">Last<\/label><\/div><\/div><\/fieldset><\/div><div id=\"wpforms-17654-field_2-container\" class=\"wpforms-field wpforms-field-email\" data-field-id=\"2\"><label class=\"wpforms-field-label\" for=\"wpforms-17654-field_2\">Email <span class=\"wpforms-required-label\" aria-hidden=\"true\">*<\/span><\/label><input type=\"email\" id=\"wpforms-17654-field_2\" class=\"wpforms-field-medium wpforms-field-required\" name=\"wpforms[fields][2]\" spellcheck=\"false\" aria-errormessage=\"wpforms-17654-field_2-error\" required><\/div><div id=\"wpforms-17654-field_4-container\" class=\"wpforms-field wpforms-field-email\" data-field-id=\"4\"><label class=\"wpforms-field-label\" for=\"wpforms-17654-field_4\">Email confirm <span class=\"wpforms-required-label\" aria-hidden=\"true\">*<\/span><\/label><input type=\"email\" id=\"wpforms-17654-field_4\" class=\"wpforms-field-medium wpforms-field-required\" name=\"wpforms[fields][4]\" spellcheck=\"false\" aria-errormessage=\"wpforms-17654-field_4-error\" required><\/div><div id=\"wpforms-17654-field_5-container\" class=\"wpforms-field wpforms-field-text\" data-field-id=\"5\"><label class=\"wpforms-field-label\" for=\"wpforms-17654-field_5\">Nome da empresa <span class=\"wpforms-required-label\" aria-hidden=\"true\">*<\/span><\/label><input type=\"text\" id=\"wpforms-17654-field_5\" class=\"wpforms-field-medium wpforms-field-required\" name=\"wpforms[fields][5]\" aria-errormessage=\"wpforms-17654-field_5-error\" required><\/div><div id=\"wpforms-17654-field_7-container\" class=\"wpforms-field wpforms-field-text\" data-field-id=\"7\"><label class=\"wpforms-field-label\" for=\"wpforms-17654-field_7\">S\u00edtio Web da empresa <span class=\"wpforms-required-label\" aria-hidden=\"true\">*<\/span><\/label><input type=\"text\" id=\"wpforms-17654-field_7\" class=\"wpforms-field-medium wpforms-field-required\" name=\"wpforms[fields][7]\" aria-errormessage=\"wpforms-17654-field_7-error\" required><\/div><div id=\"wpforms-17654-field_9-container\" class=\"wpforms-field wpforms-field-radio wpforms-list-2-columns\" data-field-id=\"9\"><fieldset><legend class=\"wpforms-field-label\">Que tecnologia de impress\u00e3o lhe interessa?<\/legend><ul id=\"wpforms-17654-field_9\"><li class=\"choice-1 depth-1\"><input type=\"radio\" id=\"wpforms-17654-field_9_1\" name=\"wpforms[fields][9]\" value=\"TIJ\" aria-errormessage=\"wpforms-17654-field_9_1-error\"  ><label class=\"wpforms-field-label-inline\" for=\"wpforms-17654-field_9_1\">TIJ<\/label><\/li><li class=\"choice-2 depth-1 wpforms-selected\"><input type=\"radio\" id=\"wpforms-17654-field_9_2\" name=\"wpforms[fields][9]\" value=\"DOD\" aria-errormessage=\"wpforms-17654-field_9_2-error\"   checked='checked'><label class=\"wpforms-field-label-inline\" for=\"wpforms-17654-field_9_2\">DOD<\/label><\/li><li class=\"choice-3 depth-1\"><input type=\"radio\" id=\"wpforms-17654-field_9_3\" name=\"wpforms[fields][9]\" value=\"LASER\" aria-errormessage=\"wpforms-17654-field_9_3-error\"  ><label class=\"wpforms-field-label-inline\" for=\"wpforms-17654-field_9_3\">LASER<\/label><\/li><li class=\"choice-4 depth-1\"><input type=\"radio\" id=\"wpforms-17654-field_9_4\" name=\"wpforms[fields][9]\" value=\"TTO\" aria-errormessage=\"wpforms-17654-field_9_4-error\"  ><label class=\"wpforms-field-label-inline\" for=\"wpforms-17654-field_9_4\">TTO<\/label><\/li><li class=\"choice-5 depth-1\"><input type=\"radio\" id=\"wpforms-17654-field_9_5\" name=\"wpforms[fields][9]\" value=\"INK\" aria-errormessage=\"wpforms-17654-field_9_5-error\"  ><label class=\"wpforms-field-label-inline\" for=\"wpforms-17654-field_9_5\">INK<\/label><\/li><li class=\"choice-6 depth-1\"><input type=\"radio\" id=\"wpforms-17654-field_9_6\" name=\"wpforms[fields][9]\" value=\"ACESS\u00d3RIOS\" aria-errormessage=\"wpforms-17654-field_9_6-error\"  ><label class=\"wpforms-field-label-inline\" for=\"wpforms-17654-field_9_6\">ACESS\u00d3RIOS<\/label><\/li><li class=\"choice-7 depth-1\"><input type=\"radio\" id=\"wpforms-17654-field_9_7\" name=\"wpforms[fields][9]\" value=\"PE\u00c7AS ESPEC\u00cdFICAS\" aria-errormessage=\"wpforms-17654-field_9_7-error\"  ><label class=\"wpforms-field-label-inline\" for=\"wpforms-17654-field_9_7\">PE\u00c7AS ESPEC\u00cdFICAS<\/label><\/li><\/ul><\/fieldset><\/div><div id=\"wpforms-17654-field_3-container\" class=\"wpforms-field wpforms-field-textarea\" data-field-id=\"3\"><label class=\"wpforms-field-label\" for=\"wpforms-17654-field_3\">Coment\u00e1rios<\/label><textarea id=\"wpforms-17654-field_3\" class=\"wpforms-field-medium\" name=\"wpforms[fields][3]\" aria-errormessage=\"wpforms-17654-field_3-error\" ><\/textarea><\/div><div id=\"wpforms-17654-field_10-container\" class=\"wpforms-field wpforms-field-payment-checkbox\" data-field-id=\"10\"><fieldset><legend class=\"wpforms-field-label\">pol\u00edticas de privacidade <span class=\"wpforms-required-label\" aria-hidden=\"true\">*<\/span><\/legend><ul id=\"wpforms-17654-field_10\" class=\"wpforms-field-required\"><li class=\"choice-1\"><input type=\"checkbox\" id=\"wpforms-17654-field_10_1\" class=\"wpforms-payment-price\" data-amount=\"0.00\" name=\"wpforms[fields][10][]\" value=\"1\" aria-errormessage=\"wpforms-17654-field_10_1-error\" aria-describedby=\"wpforms-17654-field_10-description\" required ><label class=\"wpforms-field-label-inline\" for=\"wpforms-17654-field_10_1\">Aceite<\/label><\/li><\/ul><div id=\"wpforms-17654-field_10-description\" class=\"wpforms-field-description\"><a href=\"\/politica-privacidad\/\" target=\"_blank\" rel=\"noopener\">pol\u00edticas de privacidade<\/a><\/div><\/fieldset><\/div><\/div><!-- .wpforms-field-container --><div class=\"wpforms-submit-container\" ><input type=\"hidden\" name=\"wpforms[id]\" value=\"17654\"><input type=\"hidden\" name=\"page_title\" value=\"\"><input type=\"hidden\" name=\"page_url\" value=\"https:\/\/kodyka.com\/pt\/wp-json\/wp\/v2\/pages\/18230\"><input type=\"hidden\" name=\"url_referer\" value=\"\"><button type=\"submit\" name=\"wpforms[submit]\" id=\"wpforms-submit-17654\" class=\"wpforms-submit\" data-alt-text=\"Enviando...\" data-submit-text=\"ENVIAR\" aria-live=\"assertive\" value=\"wpforms-submit\">ENVIAR<\/button><img decoding=\"async\" src=\"https:\/\/kodyka.com\/wp-content\/plugins\/wpforms-lite\/assets\/images\/submit-spin.svg\" class=\"wpforms-submit-spinner\" style=\"display: none;\" width=\"26\" height=\"26\" alt=\"loading-kodykar-tij-25-contacto\"><\/div><\/form><\/div>  <!-- .wpforms-container -->\n<\/div><\/section><\/div>\n<style type=\"text\/css\" data-created_by=\"avia_inline_auto\" id=\"style-css-av-iqont-920d3cbbd6b5e33b82f621eec4c27557\">\n.flex_column.av-iqont-920d3cbbd6b5e33b82f621eec4c27557{\n-webkit-border-radius:0px 0px 0px 0px;\n-moz-border-radius:0px 0px 0px 0px;\nborder-radius:0px 0px 0px 0px;\npadding:0px 0px 0px 0px;\n}\n<\/style>\n<div class='flex_column av-iqont-920d3cbbd6b5e33b82f621eec4c27557 av_one_third  avia-builder-el-6  el_after_av_one_third  el_before_av_google_map  avia-builder-el-last  flex_column_div av-zero-column-padding column-top-margin'     ><section  class='av_textblock_section av-k9cofhn3-1ade80f775c9f7af189c42abc1c79c43'  itemscope=\"itemscope\" itemtype=\"https:\/\/schema.org\/CreativeWork\" ><div class='avia_textblock'  itemprop=\"text\" ><h3>Kodyka<strong>\u00ae<\/strong> Europa<\/h3>\n<p>Avenida de Mendavia 11, Pabell\u00f3n N\u00ba 16<\/p>\n<p>26009 Logro\u00f1o<\/p>\n<p>La Rioja, Spain<\/p>\n<p>Tlf:+34 682 26 74 33<\/p>\n<p>sales@kodyka.com<\/p>\n<p>tlf: +34 941743964<\/p>\n<p>info@kodyka.com<\/p>\n<\/div><\/section><br \/>\n\n<style type=\"text\/css\" data-created_by=\"avia_inline_auto\" id=\"style-css-av-k9ctcyvr-21de8c0fffff5fd197120c899aae53a8\">\n#top .hr.av-k9ctcyvr-21de8c0fffff5fd197120c899aae53a8{\nmargin-top:0px;\nmargin-bottom:5px;\n}\n.hr.av-k9ctcyvr-21de8c0fffff5fd197120c899aae53a8 .hr-inner{\nwidth:500px;\nborder-color:#d8d8d8;\n}\n<\/style>\n<div  class='hr av-k9ctcyvr-21de8c0fffff5fd197120c899aae53a8 hr-custom  avia-builder-el-8  el_after_av_textblock  el_before_av_textblock  hr-center hr-icon-no'><span class='hr-inner inner-border-av-border-thin'><span class=\"hr-inner-style\"><\/span><\/span><\/div><br \/>\n<section  class='av_textblock_section av-k9cofhn3-1ade80f775c9f7af189c42abc1c79c43'  itemscope=\"itemscope\" itemtype=\"https:\/\/schema.org\/CreativeWork\" ><div class='avia_textblock'  itemprop=\"text\" ><h3>Kodyka<strong>\u00ae<\/strong> Sudam\u00e9rica<\/h3>\n<p>sudamerica@kodyka.com<\/p>\n<\/div><\/section><br \/>\n\n<style type=\"text\/css\" data-created_by=\"avia_inline_auto\" id=\"style-css-av-k9ctcyvr-21de8c0fffff5fd197120c899aae53a8\">\n#top .hr.av-k9ctcyvr-21de8c0fffff5fd197120c899aae53a8{\nmargin-top:0px;\nmargin-bottom:5px;\n}\n.hr.av-k9ctcyvr-21de8c0fffff5fd197120c899aae53a8 .hr-inner{\nwidth:500px;\nborder-color:#d8d8d8;\n}\n<\/style>\n<div  class='hr av-k9ctcyvr-21de8c0fffff5fd197120c899aae53a8 hr-custom  avia-builder-el-10  el_after_av_textblock  el_before_av_textblock  hr-center hr-icon-no'><span class='hr-inner inner-border-av-border-thin'><span class=\"hr-inner-style\"><\/span><\/span><\/div><br \/>\n<section  class='av_textblock_section av-k9cofhn3-1ade80f775c9f7af189c42abc1c79c43'  itemscope=\"itemscope\" itemtype=\"https:\/\/schema.org\/CreativeWork\" ><div class='avia_textblock'  itemprop=\"text\" ><h3>Kodyka<strong>\u00ae<\/strong> F\u00e1brica<\/h3>\n<p>China.<\/p>\n<p>factory@kodyka.com<\/p>\n<\/div><\/section><\/p><\/div><\/p>\n<div  class='av_gmaps_sc_main_wrap av_gmaps_main_wrap '><div id='av_gmap_0' class='avia-google-map-container avia-google-map-sc av_gmaps_show_unconditionally av-no-fallback-img ' data-mapid='av_gmap_0'  style='height: 700px;'><a class=\"av_gmaps_browser_disabled av_text_confirm_link av_text_confirm_link_visible\" href=\"https:\/\/www.google.com\/maps\/search\/?api=1&#038;query=Avenida%20de%20Mendavia%2011,%20Pabell\u00f3n%20N\u00ba%2016%2026009%20Logro\u00f1o%20La%20Rioja%20Espa\u00f1a\" target=\"_blank\" rel=\"noopener\">Maps were disabled by the visitor on this site. Click to open the map in a new window.<\/a><\/div><\/div>\n\n<style type=\"text\/css\" data-created_by=\"avia_inline_auto\" id=\"style-css-av-k9m0uwe1-b91b0332ac9dacc1ccefc2c569e9bdb0\">\n.avia-section.av-k9m0uwe1-b91b0332ac9dacc1ccefc2c569e9bdb0{\nbackground-color:#ffffff;\nbackground-image:url(https:\/\/kodyka.com\/wp-content\/uploads\/2020\/05\/fondo-transparente.png);\nbackground-repeat:no-repeat;\nbackground-position:50% 50%;\nbackground-attachment:fixed;\n}\n.avia-section.av-k9m0uwe1-b91b0332ac9dacc1ccefc2c569e9bdb0 .av-section-color-overlay{\nopacity:0.3;\nbackground-color:#ffffff;\nbackground-image:url(https:\/\/kodyka.com\/wp-content\/themes\/enfold\/images\/background-images\/dots-mini-light.png);\nbackground-repeat:repeat;\n}\n<\/style>\n<div id='av_section_1'  class='avia-section av-k9m0uwe1-b91b0332ac9dacc1ccefc2c569e9bdb0 header_color avia-section-large avia-no-border-styling  avia-builder-el-13  el_after_av_google_map  avia-builder-el-last  avia-full-contain avia-bg-style-fixed av-section-color-overlay-active container_wrap sidebar_right'  data-section-bg-repeat='contain'><div class=\"av-section-color-overlay-wrap\"><div class=\"av-section-color-overlay\"><\/div><div class='container av-section-cont-open' ><div class='template-page content  av-content-small alpha units'><div class='post-entry post-entry-type-page post-entry-18230'><div class='entry-content-wrapper clearfix'>\n\n<style type=\"text\/css\" data-created_by=\"avia_inline_auto\" id=\"style-css-av-dgrgx-63fe850890a534b15a0f25bee48aa257\">\n.flex_column.av-dgrgx-63fe850890a534b15a0f25bee48aa257{\n-webkit-border-radius:0px 0px 0px 0px;\n-moz-border-radius:0px 0px 0px 0px;\nborder-radius:0px 0px 0px 0px;\npadding:0px 0px 0px 0px;\n}\n<\/style>\n<div class='flex_column av-dgrgx-63fe850890a534b15a0f25bee48aa257 av_three_fifth  avia-builder-el-14  el_before_av_two_fifth  avia-builder-el-first  first flex_column_div av-zero-column-padding '     ><section  class='av_textblock_section av-k8q75lqy-2d594092edb151768a484e373f76cd81'  itemscope=\"itemscope\" itemtype=\"https:\/\/schema.org\/CreativeWork\" ><div class='avia_textblock'  itemprop=\"text\" ><h3>Vantagens de trabalhar com a KODYKA<\/h3>\n<p>Muitas ind\u00fastrias de renome confiam nos nossos produtos h\u00e1 anos, gra\u00e7as \u00e0s suas vantagens<\/p>\n<ul>\n<li>Pre\u00e7os econ\u00f3micos sem perder a qualidade das mat\u00e9rias-primas, o desenvolvimento do produto e o desempenho.<\/li>\n<li>Disponibilidade de 48 horas para toda a gama standard de impressoras e tintas.<\/li>\n<li>Transporte e log\u00edstica a n\u00edvel mundial, de acordo com as necessidades dos clientes.<\/li>\n<li>24 meses de garantia nas impressoras.<\/li>\n<li>Aconselhamento t\u00e9cnico.<\/li>\n<li>Servi\u00e7o p\u00f3s-venda.<\/li>\n<li>Satisfa\u00e7\u00e3o garantida.<\/li>\n<li>Tintas nano-h\u00edbridas e polim\u00e9ricas n\u00e3o perigosas para o transporte terrestre, mar\u00edtimo e a\u00e9reo.<\/li>\n<li>Tempo de conserva\u00e7\u00e3o da tinta superior ao de outros fabricantes<\/li>\n<\/ul>\n<\/div><\/section><\/div>\n<style type=\"text\/css\" data-created_by=\"avia_inline_auto\" id=\"style-css-av-dgrgx-03b28e8a9e3ea5fa4787fa3c9baf3111\">\n.flex_column.av-dgrgx-03b28e8a9e3ea5fa4787fa3c9baf3111{\n-webkit-border-radius:0px 0px 0px 0px;\n-moz-border-radius:0px 0px 0px 0px;\nborder-radius:0px 0px 0px 0px;\npadding:0px 0px 0px 0px;\n}\n<\/style>\n<div class='flex_column av-dgrgx-03b28e8a9e3ea5fa4787fa3c9baf3111 av_two_fifth  avia-builder-el-16  el_after_av_three_fifth  avia-builder-el-last  flex_column_div av-zero-column-padding '     ><style type=\"text\/css\" data-created_by=\"avia_inline_auto\" id=\"style-css-av-kehg0m32-688b51cd456784e56a9d46ed212349af\">\n.avia-image-container.av-kehg0m32-688b51cd456784e56a9d46ed212349af img.avia_image{\nbox-shadow:none;\n}\n.avia-image-container.av-kehg0m32-688b51cd456784e56a9d46ed212349af .av-image-caption-overlay-center{\ncolor:#ffffff;\n}\n<\/style>\n<div  class='avia-image-container av-kehg0m32-688b51cd456784e56a9d46ed212349af av-styling- avia-align-center  avia-builder-el-17  avia-builder-el-no-sibling '   itemprop=\"image\" itemscope=\"itemscope\" itemtype=\"https:\/\/schema.org\/ImageObject\" ><div class=\"avia-image-container-inner\"><div class=\"avia-image-overlay-wrap\"><img alt=\"kodykar-tij-25-contacto\" fetchpriority=\"high\" fetchpriority=\"high\" decoding=\"async\" class='wp-image-18232 avia-img-lazy-loading-not-18232 avia_image ' src=\"https:\/\/kodyka.com\/wp-content\/uploads\/2020\/08\/printers-kodyka-marking-and-coding-tij-inkjet-1.png\" alt='' title='printers kodyka marking and coding tij inkjet'  height=\"800\" width=\"800\"  itemprop=\"thumbnailUrl\" srcset=\"https:\/\/kodyka.com\/wp-content\/uploads\/2020\/08\/printers-kodyka-marking-and-coding-tij-inkjet-1.png 800w, https:\/\/kodyka.com\/wp-content\/uploads\/2020\/08\/printers-kodyka-marking-and-coding-tij-inkjet-1-300x300.png 300w, https:\/\/kodyka.com\/wp-content\/uploads\/2020\/08\/printers-kodyka-marking-and-coding-tij-inkjet-1-80x80.png 80w, https:\/\/kodyka.com\/wp-content\/uploads\/2020\/08\/printers-kodyka-marking-and-coding-tij-inkjet-1-768x768.png 768w, https:\/\/kodyka.com\/wp-content\/uploads\/2020\/08\/printers-kodyka-marking-and-coding-tij-inkjet-1-36x36.png 36w, https:\/\/kodyka.com\/wp-content\/uploads\/2020\/08\/printers-kodyka-marking-and-coding-tij-inkjet-1-180x180.png 180w, https:\/\/kodyka.com\/wp-content\/uploads\/2020\/08\/printers-kodyka-marking-and-coding-tij-inkjet-1-705x705.png 705w\" sizes=\"(max-width: 800px) 100vw, 800px\" \/><\/div><\/div><\/div><\/div>\n<\/div><\/div><\/div><!-- close content main div --><\/div><\/div><\/div><div id='after_section_1'  class='main_color av_default_container_wrap container_wrap sidebar_right'  ><div class='container av-section-cont-open' ><div class='template-page content  av-content-small alpha units'><div class='post-entry post-entry-type-page post-entry-18230'><div class='entry-content-wrapper clearfix'>\n","protected":false},"excerpt":{"rendered":"","protected":false},"author":1,"featured_media":18232,"parent":0,"menu_order":0,"comment_status":"closed","ping_status":"closed","template":"","meta":{"footnotes":""},"class_list":["post-18230","page","type-page","status-publish","has-post-thumbnail","hentry"],"_links":{"self":[{"href":"https:\/\/kodyka.com\/pt\/wp-json\/wp\/v2\/pages\/18230","targetHints":{"allow":["GET"]}}],"collection":[{"href":"https:\/\/kodyka.com\/pt\/wp-json\/wp\/v2\/pages"}],"about":[{"href":"https:\/\/kodyka.com\/pt\/wp-json\/wp\/v2\/types\/page"}],"author":[{"embeddable":true,"href":"https:\/\/kodyka.com\/pt\/wp-json\/wp\/v2\/users\/1"}],"replies":[{"embeddable":true,"href":"https:\/\/kodyka.com\/pt\/wp-json\/wp\/v2\/comments?post=18230"}],"version-history":[{"count":0,"href":"https:\/\/kodyka.com\/pt\/wp-json\/wp\/v2\/pages\/18230\/revisions"}],"wp:featuredmedia":[{"embeddable":true,"href":"https:\/\/kodyka.com\/pt\/wp-json\/wp\/v2\/media\/18232"}],"wp:attachment":[{"href":"https:\/\/kodyka.com\/pt\/wp-json\/wp\/v2\/media?parent=18230"}],"curies":[{"name":"wp","href":"https:\/\/api.w.org\/{rel}","templated":true}]}}