{"id":18233,"date":"2020-03-31T10:14:34","date_gmt":"2020-03-31T10:14:34","guid":{"rendered":"https:\/\/kodyka.com\/oem-customers\/"},"modified":"2020-03-31T10:14:34","modified_gmt":"2020-03-31T10:14:34","slug":"oem-customers","status":"publish","type":"page","link":"https:\/\/kodyka.com\/pt\/oem-customers\/","title":{"rendered":"OEM customers"},"content":{"rendered":"<section  class='av_textblock_section av-k8q8bxwo-accadc5b24b8a7fcb377cf2704c3b04e'  itemscope=\"itemscope\" itemtype=\"https:\/\/schema.org\/CreativeWork\" ><div class='avia_textblock'  itemprop=\"text\" ><h3 style=\"text-align: center;\">OEM SERVI\u00c7O DE PERSONALIZA\u00c7\u00c3O DE IMPRESSORAS E CARTUCHOS<\/h3>\n<\/div><\/section>\n\n<style type=\"text\/css\" data-created_by=\"avia_inline_auto\" id=\"style-css-av-k8vuyvqa-9a03035e6b4d52199b2644b57cf5a8c5\">\n#top .av_textblock_section.av-k8vuyvqa-9a03035e6b4d52199b2644b57cf5a8c5 .avia_textblock{\nfont-size:20px;\n}\n<\/style>\n<section  class='av_textblock_section av-k8vuyvqa-9a03035e6b4d52199b2644b57cf5a8c5'  itemscope=\"itemscope\" itemtype=\"https:\/\/schema.org\/CreativeWork\" ><div class='avia_textblock'  itemprop=\"text\" ><p style=\"text-align: center;\">A Kodyka\u00ae oferece a possibilidade de personalizar as impressoras de acordo com o gosto do cliente.<\/p>\n<\/div><\/section>\n<div class='flex_column_table av-n5ttr-150e38225193814cbdd8f824f8e5b00a sc-av_one_fourth av-equal-height-column-flextable'>\n<style type=\"text\/css\" data-created_by=\"avia_inline_auto\" id=\"style-css-av-n5ttr-150e38225193814cbdd8f824f8e5b00a\">\n.flex_column.av-n5ttr-150e38225193814cbdd8f824f8e5b00a{\n-webkit-border-radius:0px 0px 0px 0px;\n-moz-border-radius:0px 0px 0px 0px;\nborder-radius:0px 0px 0px 0px;\npadding:0px 0px 0px 0px;\n}\n<\/style>\n<div class='flex_column av-n5ttr-150e38225193814cbdd8f824f8e5b00a av_one_fourth  avia-builder-el-2  el_after_av_textblock  el_before_av_two_fifth  first flex_column_table_cell av-equal-height-column av-align-middle av-zero-column-padding column-top-margin'     ><p>\n<style type=\"text\/css\" data-created_by=\"avia_inline_auto\" id=\"style-css-av-k8vtekdf-964f3a1ddf416c748171346ab31bdbfa\">\n.avia-image-container.av-k8vtekdf-964f3a1ddf416c748171346ab31bdbfa img.avia_image{\nbox-shadow:none;\n}\n.avia-image-container.av-k8vtekdf-964f3a1ddf416c748171346ab31bdbfa .av-image-caption-overlay-center{\ncolor:#ffffff;\n}\n<\/style>\n<div  class='avia-image-container av-k8vtekdf-964f3a1ddf416c748171346ab31bdbfa av-styling- avia-align-center  avia-builder-el-3  el_before_av_image  avia-builder-el-first '   itemprop=\"image\" itemscope=\"itemscope\" itemtype=\"https:\/\/schema.org\/ImageObject\" ><div class=\"avia-image-container-inner\"><div class=\"avia-image-overlay-wrap\"><img alt=\"kodykar-tij-25-oem-customers\" fetchpriority=\"high\" fetchpriority=\"high\" decoding=\"async\" class='wp-image-18234 avia-img-lazy-loading-not-18234 avia_image ' src=\"https:\/\/kodyka.com\/wp-content\/uploads\/2020\/04\/Spara-personalizacion-2.png\" alt='' title='Spara personalizacion 2'  height=\"551\" width=\"740\"  itemprop=\"thumbnailUrl\" srcset=\"https:\/\/kodyka.com\/wp-content\/uploads\/2020\/04\/Spara-personalizacion-2.png 740w, https:\/\/kodyka.com\/wp-content\/uploads\/2020\/04\/Spara-personalizacion-2-300x223.png 300w, https:\/\/kodyka.com\/wp-content\/uploads\/2020\/04\/Spara-personalizacion-2-705x525.png 705w\" sizes=\"(max-width: 740px) 100vw, 740px\" \/><\/div><\/div><\/div><br \/>\n\n<style type=\"text\/css\" data-created_by=\"avia_inline_auto\" id=\"style-css-av-k8vtekdf-571ee75ee9c275c97752fb065c0ec947\">\n.avia-image-container.av-k8vtekdf-571ee75ee9c275c97752fb065c0ec947 img.avia_image{\nbox-shadow:none;\n}\n.avia-image-container.av-k8vtekdf-571ee75ee9c275c97752fb065c0ec947 .av-image-caption-overlay-center{\ncolor:#ffffff;\n}\n<\/style>\n<div  class='avia-image-container av-k8vtekdf-571ee75ee9c275c97752fb065c0ec947 av-styling- avia-align-center  avia-builder-el-4  el_after_av_image  el_before_av_image '   itemprop=\"image\" itemscope=\"itemscope\" itemtype=\"https:\/\/schema.org\/ImageObject\" ><div class=\"avia-image-container-inner\"><div class=\"avia-image-overlay-wrap\"><img alt=\"kodykar-tij-25-oem-customers\" decoding=\"async\" class='wp-image-1776 avia-img-lazy-loading-not-1776 avia_image ' src=\"https:\/\/kodyka.com\/wp-content\/uploads\/2020\/04\/custom1.png\" alt='custom name' title='custom1'  height=\"551\" width=\"740\"  itemprop=\"thumbnailUrl\" srcset=\"https:\/\/kodyka.com\/wp-content\/uploads\/2020\/04\/custom1.png 740w, https:\/\/kodyka.com\/wp-content\/uploads\/2020\/04\/custom1-300x223.png 300w, https:\/\/kodyka.com\/wp-content\/uploads\/2020\/04\/custom1-705x525.png 705w\" sizes=\"(max-width: 740px) 100vw, 740px\" \/><\/div><\/div><\/div><br \/>\n\n<style type=\"text\/css\" data-created_by=\"avia_inline_auto\" id=\"style-css-av-k8vtekdf-616a36b70b6fe5d683060e0c6bd2e259\">\n.avia-image-container.av-k8vtekdf-616a36b70b6fe5d683060e0c6bd2e259 img.avia_image{\nbox-shadow:none;\n}\n.avia-image-container.av-k8vtekdf-616a36b70b6fe5d683060e0c6bd2e259 .av-image-caption-overlay-center{\ncolor:#ffffff;\n}\n<\/style>\n<div  class='avia-image-container av-k8vtekdf-616a36b70b6fe5d683060e0c6bd2e259 av-styling- avia-align-center  avia-builder-el-5  el_after_av_image  avia-builder-el-last '   itemprop=\"image\" itemscope=\"itemscope\" itemtype=\"https:\/\/schema.org\/ImageObject\" ><div class=\"avia-image-container-inner\"><div class=\"avia-image-overlay-wrap\"><img alt=\"kodykar-tij-25-oem-customers\" decoding=\"async\" class='wp-image-1786 avia-img-lazy-loading-not-1786 avia_image ' src=\"https:\/\/kodyka.com\/wp-content\/uploads\/2020\/04\/custom1.jpg\" alt='custom brand printer' title='custom1'  height=\"551\" width=\"740\"  itemprop=\"thumbnailUrl\" srcset=\"https:\/\/kodyka.com\/wp-content\/uploads\/2020\/04\/custom1.jpg 740w, https:\/\/kodyka.com\/wp-content\/uploads\/2020\/04\/custom1-300x223.jpg 300w, https:\/\/kodyka.com\/wp-content\/uploads\/2020\/04\/custom1-705x525.jpg 705w\" sizes=\"(max-width: 740px) 100vw, 740px\" \/><\/div><\/div><\/div><\/p><\/div>\n<div class='av-flex-placeholder'><\/div>\n<style type=\"text\/css\" data-created_by=\"avia_inline_auto\" id=\"style-css-av-n5ttr-682ed460ee3e19ecd5d88995a758f81b\">\n.flex_column.av-n5ttr-682ed460ee3e19ecd5d88995a758f81b{\n-webkit-border-radius:0px 0px 0px 0px;\n-moz-border-radius:0px 0px 0px 0px;\nborder-radius:0px 0px 0px 0px;\npadding:0px 0px 0px 0px;\n}\n<\/style>\n<div class='flex_column av-n5ttr-682ed460ee3e19ecd5d88995a758f81b av_two_fifth  avia-builder-el-6  el_after_av_one_fourth  el_before_av_one_third  flex_column_table_cell av-equal-height-column av-align-middle av-zero-column-padding column-top-margin'     ><style type=\"text\/css\" data-created_by=\"avia_inline_auto\" id=\"style-css-av-k8vtekdf-26c8286f12115c8bb82131c9d5e2a509\">\n.avia-image-container.av-k8vtekdf-26c8286f12115c8bb82131c9d5e2a509 img.avia_image{\nbox-shadow:none;\n}\n.avia-image-container.av-k8vtekdf-26c8286f12115c8bb82131c9d5e2a509 .av-image-caption-overlay-center{\ncolor:#ffffff;\n}\n<\/style>\n<div  class='avia-image-container av-k8vtekdf-26c8286f12115c8bb82131c9d5e2a509 av-styling- avia-align-center  avia-builder-el-7  avia-builder-el-no-sibling '   itemprop=\"image\" itemscope=\"itemscope\" itemtype=\"https:\/\/schema.org\/ImageObject\" ><div class=\"avia-image-container-inner\"><div class=\"avia-image-overlay-wrap\"><img alt=\"kodykar-tij-25-oem-customers\" loading=\"lazy\" loading=\"lazy\" decoding=\"async\" class='wp-image-13011 avia-img-lazy-loading-not-13011 avia_image ' src=\"https:\/\/kodyka.com\/wp-content\/uploads\/2022\/12\/OEM_kdod.jpg\" alt='OEM_kdod' title='OEM_kdod'  height=\"800\" width=\"550\"  itemprop=\"thumbnailUrl\" srcset=\"https:\/\/kodyka.com\/wp-content\/uploads\/2022\/12\/OEM_kdod.jpg 550w, https:\/\/kodyka.com\/wp-content\/uploads\/2022\/12\/OEM_kdod-206x300.jpg 206w, https:\/\/kodyka.com\/wp-content\/uploads\/2022\/12\/OEM_kdod-485x705.jpg 485w\" sizes=\"auto, (max-width: 550px) 100vw, 550px\" \/><\/div><\/div><\/div><\/div><div class='av-flex-placeholder'><\/div>\n<style type=\"text\/css\" data-created_by=\"avia_inline_auto\" id=\"style-css-av-n5ttr-fb8bef7fe641a2c612d7dfe15f57aef7\">\n.flex_column.av-n5ttr-fb8bef7fe641a2c612d7dfe15f57aef7{\n-webkit-border-radius:0px 0px 0px 0px;\n-moz-border-radius:0px 0px 0px 0px;\nborder-radius:0px 0px 0px 0px;\npadding:0px 0px 0px 0px;\n}\n<\/style>\n<div class='flex_column av-n5ttr-fb8bef7fe641a2c612d7dfe15f57aef7 av_one_third  avia-builder-el-8  el_after_av_two_fifth  el_before_av_section  avia-builder-el-last  flex_column_table_cell av-equal-height-column av-align-middle av-zero-column-padding column-top-margin'     ><style type=\"text\/css\" data-created_by=\"avia_inline_auto\" id=\"style-css-av-k8vtekdf-5dcb34f93eff416b6a4c20c6584c021f\">\n.avia-image-container.av-k8vtekdf-5dcb34f93eff416b6a4c20c6584c021f img.avia_image{\nbox-shadow:none;\n}\n.avia-image-container.av-k8vtekdf-5dcb34f93eff416b6a4c20c6584c021f .av-image-caption-overlay-center{\ncolor:#ffffff;\n}\n<\/style>\n<div  class='avia-image-container av-k8vtekdf-5dcb34f93eff416b6a4c20c6584c021f av-styling- avia-align-center  avia-builder-el-9  avia-builder-el-no-sibling '   itemprop=\"image\" itemscope=\"itemscope\" itemtype=\"https:\/\/schema.org\/ImageObject\" ><div class=\"avia-image-container-inner\"><div class=\"avia-image-overlay-wrap\"><img alt=\"kodykar-tij-25-oem-customers\" loading=\"lazy\" loading=\"lazy\" decoding=\"async\" class='wp-image-3380 avia-img-lazy-loading-not-3380 avia_image ' src=\"https:\/\/kodyka.com\/wp-content\/uploads\/2020\/05\/inkjet-printer-custom-brand.jpg\" alt='custom your brand , name, logo ... printers hand tij 2.5' title='inkjet printer hand  tij 2.5 custom brand'  height=\"800\" width=\"499\"  itemprop=\"thumbnailUrl\" srcset=\"https:\/\/kodyka.com\/wp-content\/uploads\/2020\/05\/inkjet-printer-custom-brand.jpg 499w, https:\/\/kodyka.com\/wp-content\/uploads\/2020\/05\/inkjet-printer-custom-brand-187x300.jpg 187w, https:\/\/kodyka.com\/wp-content\/uploads\/2020\/05\/inkjet-printer-custom-brand-440x705.jpg 440w\" sizes=\"auto, (max-width: 499px) 100vw, 499px\" \/><\/div><\/div><\/div><\/div><\/div><!--close column table wrapper. Autoclose: 1 --><\/p>\n<\/div><\/div><\/div><!-- close content main div --><\/div><\/div>\n<style type=\"text\/css\" data-created_by=\"avia_inline_auto\" id=\"style-css-av-k9m0uwe1-b91b0332ac9dacc1ccefc2c569e9bdb0\">\n.avia-section.av-k9m0uwe1-b91b0332ac9dacc1ccefc2c569e9bdb0{\nbackground-color:#ffffff;\nbackground-image:url(https:\/\/kodyka.com\/wp-content\/uploads\/2020\/05\/fondo-transparente.png);\nbackground-repeat:no-repeat;\nbackground-position:50% 50%;\nbackground-attachment:fixed;\n}\n.avia-section.av-k9m0uwe1-b91b0332ac9dacc1ccefc2c569e9bdb0 .av-section-color-overlay{\nopacity:0.3;\nbackground-color:#ffffff;\nbackground-image:url(https:\/\/kodyka.com\/wp-content\/themes\/enfold\/images\/background-images\/dots-mini-light.png);\nbackground-repeat:repeat;\n}\n<\/style>\n<div id='av_section_1'  class='avia-section av-k9m0uwe1-b91b0332ac9dacc1ccefc2c569e9bdb0 header_color avia-section-large avia-no-border-styling  avia-builder-el-10  el_after_av_one_third  avia-builder-el-last  avia-full-contain avia-bg-style-fixed av-section-color-overlay-active container_wrap sidebar_right'  data-section-bg-repeat='contain'><div class=\"av-section-color-overlay-wrap\"><div class=\"av-section-color-overlay\"><\/div><div class='container av-section-cont-open' ><div class='template-page content  av-content-small alpha units'><div class='post-entry post-entry-type-page post-entry-18233'><div class='entry-content-wrapper clearfix'>\n\n<style type=\"text\/css\" data-created_by=\"avia_inline_auto\" id=\"style-css-av-f25tr-b885b5b22bea99f38ae733a19a98ecfb\">\n.flex_column.av-f25tr-b885b5b22bea99f38ae733a19a98ecfb{\n-webkit-border-radius:0px 0px 0px 0px;\n-moz-border-radius:0px 0px 0px 0px;\nborder-radius:0px 0px 0px 0px;\npadding:0px 0px 0px 0px;\n}\n<\/style>\n<div class='flex_column av-f25tr-b885b5b22bea99f38ae733a19a98ecfb av_one_half  avia-builder-el-11  el_before_av_one_half  avia-builder-el-first  first flex_column_div av-zero-column-padding '     ><style type=\"text\/css\" data-created_by=\"avia_inline_auto\" id=\"style-css-av-k9u01scg-8280f2c6accd74208ee2c2bc0c1ce0c0\">\n#top .av_textblock_section.av-k9u01scg-8280f2c6accd74208ee2c2bc0c1ce0c0 .avia_textblock{\nfont-size:20px;\n}\n<\/style>\n<section  class='av_textblock_section av-k9u01scg-8280f2c6accd74208ee2c2bc0c1ce0c0'  itemscope=\"itemscope\" itemtype=\"https:\/\/schema.org\/CreativeWork\" ><div class='avia_textblock'  itemprop=\"text\" ><p>A Kodyka \u00ae aposta em solu\u00e7\u00f5es tecnol\u00f3gicas avan\u00e7adas especialmente concebidas para a correcta integra\u00e7\u00e3o dentro da linha de produ\u00e7\u00e3o.<\/p>\n<p>Oferecemos solu\u00e7\u00f5es completas, garantindo uma perfeita integra\u00e7\u00e3o dos nossos equipamentos dentro de um contexto industrial exigente. A nossa experi\u00eancia comprovada com empresas de engenharia e OEMs de todos os sectores, comprova a efici\u00eancia dos nossos equipamentos.<\/p>\n<\/div><\/section><\/div>\n<style type=\"text\/css\" data-created_by=\"avia_inline_auto\" id=\"style-css-av-bjbgv-0dcb26081822a1e343aa1e717636e4f0\">\n.flex_column.av-bjbgv-0dcb26081822a1e343aa1e717636e4f0{\n-webkit-border-radius:0px 0px 0px 0px;\n-moz-border-radius:0px 0px 0px 0px;\nborder-radius:0px 0px 0px 0px;\npadding:0px 0px 0px 0px;\n}\n<\/style>\n<div class='flex_column av-bjbgv-0dcb26081822a1e343aa1e717636e4f0 av_one_half  avia-builder-el-13  el_after_av_one_half  avia-builder-el-last  flex_column_div av-zero-column-padding '     ><style type=\"text\/css\" data-created_by=\"avia_inline_auto\" id=\"style-css-av-k9u01scg-8280f2c6accd74208ee2c2bc0c1ce0c0\">\n#top .av_textblock_section.av-k9u01scg-8280f2c6accd74208ee2c2bc0c1ce0c0 .avia_textblock{\nfont-size:20px;\n}\n<\/style>\n<section  class='av_textblock_section av-k9u01scg-8280f2c6accd74208ee2c2bc0c1ce0c0'  itemscope=\"itemscope\" itemtype=\"https:\/\/schema.org\/CreativeWork\" ><div class='avia_textblock'  itemprop=\"text\" ><p>A Kodyka \u00ae garante-lhe uma aposta segura, de acordo com as necessidades de integra\u00e7\u00e3o e requisitos t\u00e9cnicos da aplica\u00e7\u00e3o do seu cliente.<\/p>\n<p>A selec\u00e7\u00e3o do equipamento de impress\u00e3o adequado representa um dos elementos fundamentais na oferta de solu\u00e7\u00f5es aos seus clientes. A aplica\u00e7\u00e3o e a assist\u00eancia t\u00e9cnica e de campo adequada ajudam a garantir o cumprimento dos requisitos de instala\u00e7\u00e3o dos equipamentos no cliente, cumprindo os planos dos seus projectos e satisfazendo as expectativas t\u00e9cnicas mais exigentes.<\/p>\n<\/div><\/section><\/div>\n<\/div><\/div><\/div><!-- close content main div --><\/div><\/div><\/div><div id='after_section_1'  class='main_color av_default_container_wrap container_wrap sidebar_right'  ><div class='container av-section-cont-open' ><div class='template-page content  av-content-small alpha units'><div class='post-entry post-entry-type-page post-entry-18233'><div class='entry-content-wrapper clearfix'>\n","protected":false},"excerpt":{"rendered":"","protected":false},"author":1,"featured_media":18235,"parent":0,"menu_order":0,"comment_status":"closed","ping_status":"closed","template":"","meta":{"footnotes":""},"class_list":["post-18233","page","type-page","status-publish","has-post-thumbnail","hentry"],"_links":{"self":[{"href":"https:\/\/kodyka.com\/pt\/wp-json\/wp\/v2\/pages\/18233","targetHints":{"allow":["GET"]}}],"collection":[{"href":"https:\/\/kodyka.com\/pt\/wp-json\/wp\/v2\/pages"}],"about":[{"href":"https:\/\/kodyka.com\/pt\/wp-json\/wp\/v2\/types\/page"}],"author":[{"embeddable":true,"href":"https:\/\/kodyka.com\/pt\/wp-json\/wp\/v2\/users\/1"}],"replies":[{"embeddable":true,"href":"https:\/\/kodyka.com\/pt\/wp-json\/wp\/v2\/comments?post=18233"}],"version-history":[{"count":0,"href":"https:\/\/kodyka.com\/pt\/wp-json\/wp\/v2\/pages\/18233\/revisions"}],"wp:featuredmedia":[{"embeddable":true,"href":"https:\/\/kodyka.com\/pt\/wp-json\/wp\/v2\/media\/18235"}],"wp:attachment":[{"href":"https:\/\/kodyka.com\/pt\/wp-json\/wp\/v2\/media?parent=18233"}],"curies":[{"name":"wp","href":"https:\/\/api.w.org\/{rel}","templated":true}]}}