{"id":18242,"date":"2020-03-31T10:13:25","date_gmt":"2020-03-31T10:13:25","guid":{"rendered":"https:\/\/kodyka.com\/inks\/"},"modified":"2020-03-31T10:13:25","modified_gmt":"2020-03-31T10:13:25","slug":"inks","status":"publish","type":"page","link":"https:\/\/kodyka.com\/pt\/inks\/","title":{"rendered":"Inks"},"content":{"rendered":"\n<style type=\"text\/css\" data-created_by=\"avia_inline_auto\" id=\"style-css-av-k8xui45c-4a3ab39e0aca77d19e93afcdbe5f16ea\">\n#top .av_textblock_section.av-k8xui45c-4a3ab39e0aca77d19e93afcdbe5f16ea .avia_textblock{\nfont-size:20px;\n}\n<\/style>\n<section  class='av_textblock_section av-k8xui45c-4a3ab39e0aca77d19e93afcdbe5f16ea'  itemscope=\"itemscope\" itemtype=\"https:\/\/schema.org\/CreativeWork\" ><div class='avia_textblock'  itemprop=\"text\" ><h2 style=\"text-align: center;\">TERMO TINTA INKJET<\/h2>\n<p style=\"text-align: center;\">Solu\u00e7\u00f5es de marca\u00e7\u00e3o para a codifica\u00e7\u00e3o em diferentes substratos<\/p>\n<\/div><\/section>\n\n<style type=\"text\/css\" data-created_by=\"avia_inline_auto\" id=\"style-css-av-4pcwt-7878f7c0cdc1da88d5f5cfe2302fea5f\">\n.flex_column.av-4pcwt-7878f7c0cdc1da88d5f5cfe2302fea5f{\n-webkit-border-radius:0px 0px 0px 0px;\n-moz-border-radius:0px 0px 0px 0px;\nborder-radius:0px 0px 0px 0px;\npadding:0px 0px 0px 0px;\n}\n<\/style>\n<div class='flex_column av-4pcwt-7878f7c0cdc1da88d5f5cfe2302fea5f av_one_half  avia-builder-el-1  el_after_av_textblock  el_before_av_one_half  first flex_column_div av-zero-column-padding column-top-margin'     ><style type=\"text\/css\" data-created_by=\"avia_inline_auto\" id=\"style-css-av-k8xt58i3-93abb1c6bf106668d994b9fdefa9526b\">\n.avia-image-container.av-k8xt58i3-93abb1c6bf106668d994b9fdefa9526b img.avia_image{\nbox-shadow:none;\n}\n.avia-image-container.av-k8xt58i3-93abb1c6bf106668d994b9fdefa9526b .av-image-caption-overlay-center{\ncolor:#ffffff;\n}\n<\/style>\n<div  class='avia-image-container av-k8xt58i3-93abb1c6bf106668d994b9fdefa9526b av-styling- av-hover-grow avia-align-center  avia-builder-el-2  avia-builder-el-no-sibling '   itemprop=\"image\" itemscope=\"itemscope\" itemtype=\"https:\/\/schema.org\/ImageObject\" ><div class=\"avia-image-container-inner\"><div class=\"avia-image-overlay-wrap\"><img alt=\"kodykar-tij-25-inks\" fetchpriority=\"high\" fetchpriority=\"high\" decoding=\"async\" class='wp-image-1595 avia-img-lazy-loading-not-1595 avia_image ' src=\"https:\/\/kodyka.com\/wp-content\/uploads\/2020\/04\/ink-printers.jpg\" alt='cartridges tij 2.5 thermo-inkjet technology' title='ink printers tij'  height=\"700\" width=\"900\"  itemprop=\"thumbnailUrl\" srcset=\"https:\/\/kodyka.com\/wp-content\/uploads\/2020\/04\/ink-printers.jpg 900w, https:\/\/kodyka.com\/wp-content\/uploads\/2020\/04\/ink-printers-300x233.jpg 300w, https:\/\/kodyka.com\/wp-content\/uploads\/2020\/04\/ink-printers-768x597.jpg 768w, https:\/\/kodyka.com\/wp-content\/uploads\/2020\/04\/ink-printers-705x548.jpg 705w\" sizes=\"(max-width: 900px) 100vw, 900px\" \/><\/div><\/div><\/div><\/div>\n\n<style type=\"text\/css\" data-created_by=\"avia_inline_auto\" id=\"style-css-av-54wbp-5017f68d6ed62ce7057e65341e5daf09\">\n.flex_column.av-54wbp-5017f68d6ed62ce7057e65341e5daf09{\n-webkit-border-radius:0px 0px 0px 0px;\n-moz-border-radius:0px 0px 0px 0px;\nborder-radius:0px 0px 0px 0px;\npadding:0px 0px 0px 0px;\n}\n<\/style>\n<div class='flex_column av-54wbp-5017f68d6ed62ce7057e65341e5daf09 av_one_half  avia-builder-el-3  el_after_av_one_half  el_before_av_section  avia-builder-el-last  flex_column_div av-zero-column-padding column-top-margin'     ><p><section  class='av_textblock_section av-k8qd35ks-9daf8d790b5f69f90c8049022804e17c'  itemscope=\"itemscope\" itemtype=\"https:\/\/schema.org\/CreativeWork\" ><div class='avia_textblock'  itemprop=\"text\" ><p>A KODYKA\u00ae tem v\u00e1rios qu\u00edmicos formados nas melhores universidades do pa\u00eds, por isso estamos presentes no mercado de consum\u00edveis de jacto de tinta t\u00e9rmica e queremos ajud\u00e1-lo no seu trabalho di\u00e1rio, fabricando tintas de jacto de tinta t\u00e9rmica e limpadores para sistemas de impress\u00e3o com tecnologia TIJ2.5 que s\u00e3o utilizados no mercado para marca\u00e7\u00e3o, codifica\u00e7\u00e3o e rastreabilidade de produtos industriais.<\/p>\n<p>Oferecendo todo o tipo de solu\u00e7\u00f5es para distribuidores e utilizadores finais, s\u00f3 desta forma podemos cobrir qualquer necessidade de marca\u00e7\u00e3o, oferecendo aos clientes uma alternativa segura e de qualidade com um servi\u00e7o personalizado ao cliente.<\/p>\n<p>A Kodyka\u00ae investiga, desenvolve e assegura que as suas tintas chegam aos clientes testadas, verificadas e sem qualquer falha qu\u00edmica, t\u00e9cnica ou humana gra\u00e7as \u00e0 constante pol\u00edtica de gest\u00e3o da qualidade e \u00e0 inspec\u00e7\u00e3o cont\u00ednua dos produtos.<\/p>\n<\/div><\/section><br \/>\n\n<style type=\"text\/css\" data-created_by=\"avia_inline_auto\" id=\"style-css-av-k97nunb8-51eba5096fe92e3cbcac5ace3ce72f1c\">\n#top .hr.hr-invisible.av-k97nunb8-51eba5096fe92e3cbcac5ace3ce72f1c{\nheight:50px;\n}\n<\/style>\n<div  class='hr av-k97nunb8-51eba5096fe92e3cbcac5ace3ce72f1c hr-invisible  avia-builder-el-5  el_after_av_textblock  el_before_av_textblock '><span class='hr-inner '><span class=\"hr-inner-style\"><\/span><\/span><\/div><br \/>\n\n<style type=\"text\/css\" data-created_by=\"avia_inline_auto\" id=\"style-css-av-k8qd35ks-53c6f83c66c0b09544da03b0945221f8\">\n#top .av_textblock_section.av-k8qd35ks-53c6f83c66c0b09544da03b0945221f8 .avia_textblock{\nfont-size:20px;\n}\n<\/style>\n<section  class='av_textblock_section av-k8qd35ks-53c6f83c66c0b09544da03b0945221f8'  itemscope=\"itemscope\" itemtype=\"https:\/\/schema.org\/CreativeWork\" ><div class='avia_textblock'  itemprop=\"text\" ><h3 style=\"text-align: left;\">Fabricamos tintas Thermal Inkjet<\/h3>\n<div class=\"flex_column av_one_half first\">\n<ul>\n<li id=\"menu-item-7420\" class=\"menu-item menu-item-type-post_type menu-item-object-page menu-item-7420\"><a href=\"https:\/\/pt.kodyka.com\/inks\/nano-hybrids\/\">Nano hybrids<\/a><\/li>\n<li id=\"menu-item-7422\" class=\"menu-item menu-item-type-post_type menu-item-object-page menu-item-7422\"><a href=\"https:\/\/pt.kodyka.com\/inks\/polimero\/\">Polimero<\/a><\/li>\n<li id=\"menu-item-7421\" class=\"menu-item menu-item-type-post_type menu-item-object-page menu-item-7421\"><a href=\"https:\/\/pt.kodyka.com\/inks\/pigmented\/\">Pigmented<\/a><\/li>\n<\/ul>\n<\/div>\n<div class=\"flex_column av_one_half\">\n<ul>\n<li id=\"menu-item-7419\" class=\"menu-item menu-item-type-post_type menu-item-object-page menu-item-7419\"><a href=\"https:\/\/pt.kodyka.com\/inks\/inks-alimentares\/\">Inks alimentares<\/a><\/li>\n<li id=\"menu-item-7423\" class=\"menu-item menu-item-type-post_type menu-item-object-page menu-item-7423\"><a href=\"https:\/\/pt.kodyka.com\/inks\/tintas-de-seguranca\/\">Tintas de Seguran\u00e7a<\/a><\/li>\n<li id=\"menu-item-7424\" class=\"menu-item menu-item-type-post_type menu-item-object-page menu-item-7424\"><a href=\"https:\/\/pt.kodyka.com\/inks\/uv-led\/\">UV led<\/a><\/li>\n<\/ul>\n<\/div>\n<\/div><\/section><\/p><\/div><\/div><\/div><\/div><!-- close content main div --><\/div><\/div>\n<style type=\"text\/css\" data-created_by=\"avia_inline_auto\" id=\"style-css-av-k97aqsci-f3d4901ca614cf50f330fa9f27508661\">\n.avia-section.av-k97aqsci-f3d4901ca614cf50f330fa9f27508661 .av-parallax .av-parallax-inner{\nbackground-repeat:no-repeat;\nbackground-image:url(https:\/\/kodyka.com\/wp-content\/uploads\/2020\/04\/ink-factory-kodyka.jpg);\nbackground-position:100% 50%;\nbackground-attachment:scroll;\n}\n.avia-section.av-k97aqsci-f3d4901ca614cf50f330fa9f27508661 .av-section-color-overlay{\nopacity:0.8;\nbackground-color:#ffffff;\n}\n<\/style>\n<div id='av_section_1'  class='avia-section av-k97aqsci-f3d4901ca614cf50f330fa9f27508661 header_color avia-section-no-padding avia-no-border-styling  avia-builder-el-7  el_after_av_one_half  el_before_av_hr  avia-full-stretch av-parallax-section avia-bg-style-parallax av-section-color-overlay-active container_wrap sidebar_right'  data-section-bg-repeat='stretch'><div class='av-parallax' data-avia-parallax-ratio='0.3' ><div class='av-parallax-inner header_color avia-full-stretch'><\/div><\/div><div class=\"av-section-color-overlay-wrap\"><div class=\"av-section-color-overlay\"><\/div><div class='container av-section-cont-open' ><div class='template-page content  av-content-small alpha units'><div class='post-entry post-entry-type-page post-entry-18242'><div class='entry-content-wrapper clearfix'>\n<div class='flex_column_table av-3s2x1-1d89f49d8a195499a612713084607cee sc-av_one_half av-equal-height-column-flextable'>\n<style type=\"text\/css\" data-created_by=\"avia_inline_auto\" id=\"style-css-av-3s2x1-1d89f49d8a195499a612713084607cee\">\n.flex_column.av-3s2x1-1d89f49d8a195499a612713084607cee{\n-webkit-border-radius:0px 0px 0px 0px;\n-moz-border-radius:0px 0px 0px 0px;\nborder-radius:0px 0px 0px 0px;\npadding:0px 0px 0px 0px;\n}\n<\/style>\n<div class='flex_column av-3s2x1-1d89f49d8a195499a612713084607cee av_one_half  avia-builder-el-8  el_before_av_one_half  avia-builder-el-first  first flex_column_table_cell av-equal-height-column av-align-middle av-zero-column-padding '     ><style type=\"text\/css\" data-created_by=\"avia_inline_auto\" id=\"style-css-av-ka00vbtg-80476dcdb6517a33385129b3c9460304\">\n.avia-image-container.av-ka00vbtg-80476dcdb6517a33385129b3c9460304 img.avia_image{\nbox-shadow:none;\n}\n.avia-image-container.av-ka00vbtg-80476dcdb6517a33385129b3c9460304 .av-image-caption-overlay-center{\ncolor:#ffffff;\n}\n<\/style>\n<div  class='avia-image-container av-ka00vbtg-80476dcdb6517a33385129b3c9460304 av-styling- avia-align-center  avia-builder-el-9  avia-builder-el-no-sibling '   itemprop=\"image\" itemscope=\"itemscope\" itemtype=\"https:\/\/schema.org\/ImageObject\" ><div class=\"avia-image-container-inner\"><div class=\"avia-image-overlay-wrap\"><img alt=\"kodykar-tij-25-inks\" decoding=\"async\" class='wp-image-5150 avia-img-lazy-loading-not-5150 avia_image ' src=\"https:\/\/kodyka.com\/wp-content\/uploads\/2020\/05\/inks-factory-kodyka.jpg\" alt='' title='inks factory kodyka'  height=\"629\" width=\"943\"  itemprop=\"thumbnailUrl\" srcset=\"https:\/\/kodyka.com\/wp-content\/uploads\/2020\/05\/inks-factory-kodyka.jpg 943w, https:\/\/kodyka.com\/wp-content\/uploads\/2020\/05\/inks-factory-kodyka-300x200.jpg 300w, https:\/\/kodyka.com\/wp-content\/uploads\/2020\/05\/inks-factory-kodyka-768x512.jpg 768w, https:\/\/kodyka.com\/wp-content\/uploads\/2020\/05\/inks-factory-kodyka-705x470.jpg 705w\" sizes=\"(max-width: 943px) 100vw, 943px\" \/><\/div><\/div><\/div><\/div><div class='av-flex-placeholder'><\/div>\n<style type=\"text\/css\" data-created_by=\"avia_inline_auto\" id=\"style-css-av-3s2x1-ca92ca6190b49a098fffda27980d792c\">\n.flex_column.av-3s2x1-ca92ca6190b49a098fffda27980d792c{\n-webkit-border-radius:0px 0px 0px 0px;\n-moz-border-radius:0px 0px 0px 0px;\nborder-radius:0px 0px 0px 0px;\npadding:0px 20px 0px 20px;\nbackground-color:#f1f1f1;\n}\n<\/style>\n<div class='flex_column av-3s2x1-ca92ca6190b49a098fffda27980d792c av_one_half  avia-builder-el-10  el_after_av_one_half  avia-builder-el-last  flex_column_table_cell av-equal-height-column av-align-middle '     ><p>\n<style type=\"text\/css\" data-created_by=\"avia_inline_auto\" id=\"style-css-av-k8qd42nb-7a30f8197c09c3a37f07184ae5d3f502\">\n#top .av_textblock_section.av-k8qd42nb-7a30f8197c09c3a37f07184ae5d3f502 .avia_textblock{\nfont-size:20px;\n}\n<\/style>\n<section  class='av_textblock_section av-k8qd42nb-7a30f8197c09c3a37f07184ae5d3f502'  itemscope=\"itemscope\" itemtype=\"https:\/\/schema.org\/CreativeWork\" ><div class='avia_textblock'  itemprop=\"text\" ><p>Os nossos padr\u00f5es de qualidade no nosso processo de fabrico cumprem as seguintes caracter\u00edsticas:<\/p>\n<\/div><\/section><br \/>\n<section  class='av_textblock_section av-k8qd42nb-dfef586d23ed1004c7f9b0260215df6a'  itemscope=\"itemscope\" itemtype=\"https:\/\/schema.org\/CreativeWork\" ><div class='avia_textblock'  itemprop=\"text\" ><ul>\n<li>Rigorosos controlos de qualidade da mat\u00e9ria-prima.<\/li>\n<li>Testes exaustivos de controlo de qualidade da tinta e do seu funcionamento a v\u00e1rios n\u00edveis de fabrico, garantindo impress\u00f5es de qualidade ao longo de todo o per\u00edodo de utiliza\u00e7\u00e3o.<\/li>\n<li>Preven\u00e7\u00e3o permanente de falhas para manter a qualidade.<\/li>\n<li>Pessoal qualificado.<\/li>\n<li>Testes constantes de desempenho do sistema a curto e longo prazo.<\/li>\n<li>Testes de materiais com as f\u00f3rmulas, desempenho, funcionamento e qualidade de impress\u00e3o.<\/li>\n<li>Teste comparativo de tintas com lotes anteriores para garantir a estabilidade da tinta em todas as encomendas.<\/li>\n<li>Controlo do desempenho de cada tipo de tinta.<\/li>\n<li>Acondicionamento e armazenagem adequados.<\/li>\n<\/ul>\n<\/div><\/section><\/p><\/div><\/div><!--close column table wrapper. Autoclose: 1 -->\n<\/div><\/div><\/div><!-- close content main div --><\/div><\/div><\/div><div id='after_section_1'  class='main_color av_default_container_wrap container_wrap sidebar_right'  ><div class='container av-section-cont-open' ><div class='template-page content  av-content-small alpha units'><div class='post-entry post-entry-type-page post-entry-18242'><div class='entry-content-wrapper clearfix'><\/p>\n\n<style type=\"text\/css\" data-created_by=\"avia_inline_auto\" id=\"style-css-av-k8xvmt5d-f4f2be987c7c4bd73e4d274532e99f55\">\n#top .hr.hr-invisible.av-k8xvmt5d-f4f2be987c7c4bd73e4d274532e99f55{\nheight:30px;\n}\n<\/style>\n<div  class='hr av-k8xvmt5d-f4f2be987c7c4bd73e4d274532e99f55 hr-invisible  avia-builder-el-13  el_after_av_section  el_before_av_one_half  avia-builder-el-first '><span class='hr-inner '><span class=\"hr-inner-style\"><\/span><\/span><\/div>\n\n<style type=\"text\/css\" data-created_by=\"avia_inline_auto\" id=\"style-css-av-35z5t-70c4ad83040bc5f15f9b32def576e5d3\">\n.flex_column.av-35z5t-70c4ad83040bc5f15f9b32def576e5d3{\n-webkit-border-radius:0px 0px 0px 0px;\n-moz-border-radius:0px 0px 0px 0px;\nborder-radius:0px 0px 0px 0px;\npadding:0px 0px 0px 0px;\n}\n<\/style>\n<div class='flex_column av-35z5t-70c4ad83040bc5f15f9b32def576e5d3 av_one_half  avia-builder-el-14  el_after_av_hr  el_before_av_one_half  first flex_column_div av-zero-column-padding '     ><p><section  class='av_textblock_section av-k8qd42nb-dfef586d23ed1004c7f9b0260215df6a'  itemscope=\"itemscope\" itemtype=\"https:\/\/schema.org\/CreativeWork\" ><div class='avia_textblock'  itemprop=\"text\" ><p>Desenvolvemos solu\u00e7\u00f5es inovadoras para os nossos clientes em tintas nano h\u00edbridas e polim\u00e9ricas, bem como a possibilidade de fabrico de tintas especiais para aplica\u00e7\u00f5es espec\u00edficas como tintas com melhor ader\u00eancia, secagem mais r\u00e1pida, melhor decapagem, tintas de seguran\u00e7a invis\u00edveis com reac\u00e7\u00e3o vermelha ou azul, micro pigmentadas, de qualidade alimentar com certificado FDA, autoclaves, tintas de vidro, tintas com led UV e tintas que resistem \u00e0 esteriliza\u00e7\u00e3o e congela\u00e7\u00e3o de acordo com as exig\u00eancias de cada cliente.<\/p>\n<p>Algumas das nossas tintas s\u00e3o tintas org\u00e2nicas certificadas.<\/p>\n<p>Algumas das nossas tintas nano h\u00edbridas e polim\u00e9ricas est\u00e3o em vias de ser patenteadas, pois revolucion\u00e1mos o mercado com esta nova gama de tintas termo-jacto de tinta.<\/p>\n<\/div><\/section><br \/>\n<section  class='av_textblock_section av-k8qd35ks-9daf8d790b5f69f90c8049022804e17c'  itemscope=\"itemscope\" itemtype=\"https:\/\/schema.org\/CreativeWork\" ><div class='avia_textblock'  itemprop=\"text\" ><p><img alt=\"kodykar-tij-25-inks\" loading=\"lazy\" decoding=\"async\" class=\"size-full wp-image-985 aligncenter\" src=\"https:\/\/pt.kodyka.com\/wp-content\/uploads\/2020\/04\/green-ink.jpg\" alt=\"\" width=\"220\" height=\"89\" \/><\/p>\n<\/div><\/section><\/p><\/div>\n\n<style type=\"text\/css\" data-created_by=\"avia_inline_auto\" id=\"style-css-av-35z5t-50b5b0238da9180fa9f475fa4115c2a9\">\n.flex_column.av-35z5t-50b5b0238da9180fa9f475fa4115c2a9{\n-webkit-border-radius:0px 0px 0px 0px;\n-moz-border-radius:0px 0px 0px 0px;\nborder-radius:0px 0px 0px 0px;\npadding:0px 0px 0px 0px;\n}\n<\/style>\n<div class='flex_column av-35z5t-50b5b0238da9180fa9f475fa4115c2a9 av_one_half  avia-builder-el-17  el_after_av_one_half  el_before_av_section  avia-builder-el-last  flex_column_div av-zero-column-padding '     ><style type=\"text\/css\" data-created_by=\"avia_inline_auto\" id=\"style-css-av-k8xt58i3-8bc0270357eb6b88639a5b9a0166de02\">\n.avia-image-container.av-k8xt58i3-8bc0270357eb6b88639a5b9a0166de02 img.avia_image{\nbox-shadow:none;\n}\n.avia-image-container.av-k8xt58i3-8bc0270357eb6b88639a5b9a0166de02 .av-image-caption-overlay-center{\ncolor:#ffffff;\n}\n<\/style>\n<div  class='avia-image-container av-k8xt58i3-8bc0270357eb6b88639a5b9a0166de02 av-styling- avia-align-center  avia-builder-el-18  avia-builder-el-no-sibling '   itemprop=\"image\" itemscope=\"itemscope\" itemtype=\"https:\/\/schema.org\/ImageObject\" ><div class=\"avia-image-container-inner\"><div class=\"avia-image-overlay-wrap\"><img alt=\"kodykar-tij-25-inks\" decoding=\"async\" class='wp-image-1663 avia-img-lazy-loading-not-1663 avia_image ' src=\"https:\/\/kodyka.com\/wp-content\/uploads\/2020\/04\/inks-kodyka.jpg\" alt='cartridges factory' title='inks kodyka'  height=\"500\" width=\"900\"  itemprop=\"thumbnailUrl\" srcset=\"https:\/\/kodyka.com\/wp-content\/uploads\/2020\/04\/inks-kodyka.jpg 900w, https:\/\/kodyka.com\/wp-content\/uploads\/2020\/04\/inks-kodyka-300x167.jpg 300w, https:\/\/kodyka.com\/wp-content\/uploads\/2020\/04\/inks-kodyka-768x427.jpg 768w, https:\/\/kodyka.com\/wp-content\/uploads\/2020\/04\/inks-kodyka-705x392.jpg 705w\" sizes=\"(max-width: 900px) 100vw, 900px\" \/><\/div><\/div><\/div><\/div>\n<\/div><\/div><\/div><!-- close content main div --><\/div><\/div>\n<style type=\"text\/css\" data-created_by=\"avia_inline_auto\" id=\"style-css-av-k8q92idu-74ffe5c35768e6e7182cf9e4b630a5e4\">\n.avia-section.av-k8q92idu-74ffe5c35768e6e7182cf9e4b630a5e4 .av-parallax .av-parallax-inner{\nbackground-repeat:no-repeat;\nbackground-image:url(https:\/\/kodyka.com\/wp-content\/uploads\/2020\/04\/tintas-TIJ.jpg);\nbackground-position:50% 50%;\nbackground-attachment:scroll;\n}\n.avia-section.av-k8q92idu-74ffe5c35768e6e7182cf9e4b630a5e4 .av-section-color-overlay{\nopacity:0.9;\nbackground-color:#94ff94;\n}\n<\/style>\n<div id='av_section_2'  class='avia-section av-k8q92idu-74ffe5c35768e6e7182cf9e4b630a5e4 header_color avia-section-default avia-no-border-styling  avia-builder-el-19  el_after_av_one_half  avia-builder-el-last  av-parallax-section avia-bg-style-parallax av-section-color-overlay-active container_wrap sidebar_right'  data-section-bg-repeat='no-repeat'><div class='av-parallax' data-avia-parallax-ratio='0.3' ><div class='av-parallax-inner header_color avia-full-stretch'><\/div><\/div><div class=\"av-section-color-overlay-wrap\"><div class=\"av-section-color-overlay\"><\/div><div class='container av-section-cont-open' ><div class='template-page content  av-content-small alpha units'><div class='post-entry post-entry-type-page post-entry-18242'><div class='entry-content-wrapper clearfix'>\n\n<style type=\"text\/css\" data-created_by=\"avia_inline_auto\" id=\"style-css-av-1f2kt-5f7d52fb8c063a7b2e55acd34deaffb0\">\n.flex_column.av-1f2kt-5f7d52fb8c063a7b2e55acd34deaffb0{\n-webkit-border-radius:0px 0px 0px 0px;\n-moz-border-radius:0px 0px 0px 0px;\nborder-radius:0px 0px 0px 0px;\npadding:0px 0px 0px 0px;\n}\n<\/style>\n<div class='flex_column av-1f2kt-5f7d52fb8c063a7b2e55acd34deaffb0 av_one_fifth  avia-builder-el-20  el_before_av_three_fifth  avia-builder-el-first  first flex_column_div av-zero-column-padding '     ><\/div>\n<style type=\"text\/css\" data-created_by=\"avia_inline_auto\" id=\"style-css-av-1f2kt-fdf283608b09c59da94177b418386199\">\n.flex_column.av-1f2kt-fdf283608b09c59da94177b418386199{\n-webkit-border-radius:0px 0px 0px 0px;\n-moz-border-radius:0px 0px 0px 0px;\nborder-radius:0px 0px 0px 0px;\npadding:0px 0px 0px 0px;\n}\n<\/style>\n<div class='flex_column av-1f2kt-fdf283608b09c59da94177b418386199 av_three_fifth  avia-builder-el-21  el_after_av_one_fifth  avia-builder-el-last  flex_column_div av-zero-column-padding '     ><style type=\"text\/css\" data-created_by=\"avia_inline_auto\" id=\"style-css-av-k8qd42nb-541feda37c61ada35e98dbebeb282914\">\n#top .av_textblock_section.av-k8qd42nb-541feda37c61ada35e98dbebeb282914 .avia_textblock{\nfont-size:22px;\n}\n<\/style>\n<section  class='av_textblock_section av-k8qd42nb-541feda37c61ada35e98dbebeb282914'  itemscope=\"itemscope\" itemtype=\"https:\/\/schema.org\/CreativeWork\" ><div class='avia_textblock av_inherit_color'  itemprop=\"text\" ><p style=\"text-align: center;\">Oferecemos servi\u00e7o de desenvolvimento em tintas OEM para grandes fabricantes de impressoras com tecnologia de jacto de tinta t\u00e9rmico<\/p>\n<\/div><\/section><br \/>\n\n<style type=\"text\/css\" data-created_by=\"avia_inline_auto\" id=\"style-css-av-k8xt58i3-c49d61b75a5ecf262a0fa05fa6743957\">\n.avia-image-container.av-k8xt58i3-c49d61b75a5ecf262a0fa05fa6743957 img.avia_image{\nbox-shadow:none;\n}\n.avia-image-container.av-k8xt58i3-c49d61b75a5ecf262a0fa05fa6743957 .av-image-caption-overlay-center{\ncolor:#ffffff;\n}\n<\/style>\n<div  class='avia-image-container av-k8xt58i3-c49d61b75a5ecf262a0fa05fa6743957 av-styling- avia-align-center  avia-builder-el-23  el_after_av_textblock  avia-builder-el-last '   itemprop=\"image\" itemscope=\"itemscope\" itemtype=\"https:\/\/schema.org\/ImageObject\" ><div class=\"avia-image-container-inner\"><div class=\"avia-image-overlay-wrap\"><img alt=\"kodykar-tij-25-inks\" loading=\"lazy\" loading=\"lazy\" decoding=\"async\" class='wp-image-3262 avia-img-lazy-loading-not-3262 avia_image ' src=\"https:\/\/kodyka.com\/wp-content\/uploads\/2020\/05\/custom-inks.png\" alt='custom brand cartridge Thermal inkjet technology TIJ 2.5' title='custom-inks'  height=\"298\" width=\"495\"  itemprop=\"thumbnailUrl\" srcset=\"https:\/\/kodyka.com\/wp-content\/uploads\/2020\/05\/custom-inks.png 495w, https:\/\/kodyka.com\/wp-content\/uploads\/2020\/05\/custom-inks-300x181.png 300w\" sizes=\"auto, (max-width: 495px) 100vw, 495px\" \/><\/div><\/div><\/div><\/p><\/div>\n<\/div><\/div><\/div><!-- close content main div --><\/div><\/div><\/div><div id='after_section_2'  class='main_color av_default_container_wrap container_wrap sidebar_right'  ><div class='container av-section-cont-open' ><div class='template-page content  av-content-small alpha units'><div class='post-entry post-entry-type-page post-entry-18242'><div class='entry-content-wrapper clearfix'>\n","protected":false},"excerpt":{"rendered":"","protected":false},"author":1,"featured_media":18244,"parent":0,"menu_order":0,"comment_status":"closed","ping_status":"closed","template":"","meta":{"footnotes":""},"class_list":["post-18242","page","type-page","status-publish","has-post-thumbnail","hentry"],"_links":{"self":[{"href":"https:\/\/kodyka.com\/pt\/wp-json\/wp\/v2\/pages\/18242","targetHints":{"allow":["GET"]}}],"collection":[{"href":"https:\/\/kodyka.com\/pt\/wp-json\/wp\/v2\/pages"}],"about":[{"href":"https:\/\/kodyka.com\/pt\/wp-json\/wp\/v2\/types\/page"}],"author":[{"embeddable":true,"href":"https:\/\/kodyka.com\/pt\/wp-json\/wp\/v2\/users\/1"}],"replies":[{"embeddable":true,"href":"https:\/\/kodyka.com\/pt\/wp-json\/wp\/v2\/comments?post=18242"}],"version-history":[{"count":0,"href":"https:\/\/kodyka.com\/pt\/wp-json\/wp\/v2\/pages\/18242\/revisions"}],"wp:featuredmedia":[{"embeddable":true,"href":"https:\/\/kodyka.com\/pt\/wp-json\/wp\/v2\/media\/18244"}],"wp:attachment":[{"href":"https:\/\/kodyka.com\/pt\/wp-json\/wp\/v2\/media?parent=18242"}],"curies":[{"name":"wp","href":"https:\/\/api.w.org\/{rel}","templated":true}]}}