{"id":18248,"date":"2020-03-31T10:12:37","date_gmt":"2020-03-31T10:12:37","guid":{"rendered":"https:\/\/kodyka.com\/certificacoes-e-garantia\/"},"modified":"2020-03-31T10:12:37","modified_gmt":"2020-03-31T10:12:37","slug":"certificacoes-e-garantia","status":"publish","type":"page","link":"https:\/\/kodyka.com\/pt\/certificacoes-e-garantia\/","title":{"rendered":"CERTIFICA\u00c7\u00d5ES E GARANTIA"},"content":{"rendered":"\n<style type=\"text\/css\" data-created_by=\"avia_inline_auto\" id=\"style-css-av-wqxh-b5809038235ec74056dc115b37bb77ea\">\n.flex_column.av-wqxh-b5809038235ec74056dc115b37bb77ea{\n-webkit-border-radius:0px 0px 0px 0px;\n-moz-border-radius:0px 0px 0px 0px;\nborder-radius:0px 0px 0px 0px;\npadding:0px 0px 0px 0px;\n}\n<\/style>\n<div class='flex_column av-wqxh-b5809038235ec74056dc115b37bb77ea av_one_full  avia-builder-el-0  el_before_av_one_half  avia-builder-el-first  first flex_column_div av-zero-column-padding '     ><style type=\"text\/css\" data-created_by=\"avia_inline_auto\" id=\"style-css-av-k9rjzkog-8b5b219c8b35bc39fcab3d3c35328226\">\n#top .av_textblock_section.av-k9rjzkog-8b5b219c8b35bc39fcab3d3c35328226 .avia_textblock{\nfont-size:20px;\n}\n<\/style>\n<section  class='av_textblock_section av-k9rjzkog-8b5b219c8b35bc39fcab3d3c35328226'  itemscope=\"itemscope\" itemtype=\"https:\/\/schema.org\/CreativeWork\" ><div class='avia_textblock'  itemprop=\"text\" ><h2 style=\"text-align: center;\">CERTIFICA\u00c7\u00d5ES E GARANTIA<\/h2>\n<p style=\"text-align: center;\">Certifica\u00e7\u00f5es reconhecidas internacionalmente. Elevados padr\u00f5es de qualidade<\/p>\n<\/div><\/section><br \/>\n\n<style type=\"text\/css\" data-created_by=\"avia_inline_auto\" id=\"style-css-av-k9rky39s-aef9110cfe21fa0ccf806293d4a53540\">\n#top .hr.hr-invisible.av-k9rky39s-aef9110cfe21fa0ccf806293d4a53540{\nheight:20px;\n}\n<\/style>\n<div  class='hr av-k9rky39s-aef9110cfe21fa0ccf806293d4a53540 hr-invisible  avia-builder-el-2  el_after_av_textblock  avia-builder-el-last '><span class='hr-inner '><span class=\"hr-inner-style\"><\/span><\/span><\/div><\/p><\/div>\n<div class='flex_column_table av-43ikd-525959738f4ebefe4f1ac20d7122d518 sc-av_one_half av-equal-height-column-flextable'>\n<style type=\"text\/css\" data-created_by=\"avia_inline_auto\" id=\"style-css-av-43ikd-525959738f4ebefe4f1ac20d7122d518\">\n.flex_column.av-43ikd-525959738f4ebefe4f1ac20d7122d518{\n-webkit-border-radius:0px 0px 0px 0px;\n-moz-border-radius:0px 0px 0px 0px;\nborder-radius:0px 0px 0px 0px;\npadding:20px 20px 20px 20px;\nbackground-color:#f2f2f2;\n}\n<\/style>\n<div class='flex_column av-43ikd-525959738f4ebefe4f1ac20d7122d518 av_one_half  avia-builder-el-3  el_after_av_one_full  el_before_av_one_half  first flex_column_table_cell av-equal-height-column av-align-top column-top-margin'     ><style type=\"text\/css\" data-created_by=\"avia_inline_auto\" id=\"style-css-av-k8q8jp1o-bcfdbc01287989a3dc98cf738bcac6e7\">\n#top .av_textblock_section.av-k8q8jp1o-bcfdbc01287989a3dc98cf738bcac6e7 .avia_textblock{\nfont-size:18px;\n}\n<\/style>\n<section  class='av_textblock_section av-k8q8jp1o-bcfdbc01287989a3dc98cf738bcac6e7'  itemscope=\"itemscope\" itemtype=\"https:\/\/schema.org\/CreativeWork\" ><div class='avia_textblock'  itemprop=\"text\" ><p>As impressoras e tintas Kodyka\u00ae n\u00e3o s\u00f3 cumprem com os regulamentos e requisitos nacionais, como tamb\u00e9m nos esfor\u00e7amos ao m\u00e1ximo para garantir que os nossos produtos de fabrico satisfa\u00e7am os mais elevados padr\u00f5es de qualidade.<\/p>\n<\/div><\/section><\/div>\n<div class='av-flex-placeholder'><\/div>\n<style type=\"text\/css\" data-created_by=\"avia_inline_auto\" id=\"style-css-av-43ikd-a8878723b9772c39ed1834562064c099\">\n.flex_column.av-43ikd-a8878723b9772c39ed1834562064c099{\n-webkit-border-radius:0px 0px 0px 0px;\n-moz-border-radius:0px 0px 0px 0px;\nborder-radius:0px 0px 0px 0px;\npadding:20px 20px 20px 20px;\nbackground-color:#f2f2f2;\n}\n<\/style>\n<div class='flex_column av-43ikd-a8878723b9772c39ed1834562064c099 av_one_half  avia-builder-el-5  el_after_av_one_half  el_before_av_one_full  flex_column_table_cell av-equal-height-column av-align-top column-top-margin'     ><style type=\"text\/css\" data-created_by=\"avia_inline_auto\" id=\"style-css-av-k8q8jp1o-bcfdbc01287989a3dc98cf738bcac6e7\">\n#top .av_textblock_section.av-k8q8jp1o-bcfdbc01287989a3dc98cf738bcac6e7 .avia_textblock{\nfont-size:18px;\n}\n<\/style>\n<section  class='av_textblock_section av-k8q8jp1o-bcfdbc01287989a3dc98cf738bcac6e7'  itemscope=\"itemscope\" itemtype=\"https:\/\/schema.org\/CreativeWork\" ><div class='avia_textblock'  itemprop=\"text\" ><p>Todos os componentes dos produtos Kodyka\u00ae s\u00e3o certificados internacionalmente reconhecidos e utilizamos auditorias de terceiros para verificar a qualidade das nossas opera\u00e7\u00f5es.<\/p>\n<\/div><\/section><\/div><\/div><!--close column table wrapper. Autoclose: 1 -->\n\n<style type=\"text\/css\" data-created_by=\"avia_inline_auto\" id=\"style-css-av-3e4zh-8cbaf823b3dfa470031850b78099c931\">\n.flex_column.av-3e4zh-8cbaf823b3dfa470031850b78099c931{\n-webkit-border-radius:0px 0px 0px 0px;\n-moz-border-radius:0px 0px 0px 0px;\nborder-radius:0px 0px 0px 0px;\npadding:0px 0px 0px 0px;\n}\n<\/style>\n<div class='flex_column av-3e4zh-8cbaf823b3dfa470031850b78099c931 av_one_full  avia-builder-el-7  el_after_av_one_half  el_before_av_one_full  first flex_column_div av-zero-column-padding column-top-margin'     ><section  class='av_textblock_section av-k8q8jp1o-0eeb1d75015dd92adb72409637a57196'  itemscope=\"itemscope\" itemtype=\"https:\/\/schema.org\/CreativeWork\" ><div class='avia_textblock'  itemprop=\"text\" ><p><img alt=\"kodykar-tij-25-certificacoes-e-garantia\" decoding=\"async\" class=\"size-full wp-image-1381 alignleft\" src=\"https:\/\/pt.kodyka.com\/wp-content\/uploads\/2020\/04\/rohs-compliant-1.jpg\" alt=\"\" width=\"165\" height=\"160\" srcset=\"https:\/\/kodyka.com\/wp-content\/uploads\/2020\/04\/rohs-compliant-1.jpg 165w, https:\/\/kodyka.com\/wp-content\/uploads\/2020\/04\/rohs-compliant-1-36x36.jpg 36w\" sizes=\"(max-width: 165px) 100vw, 165px\" \/><\/p>\n<h3>ROHS<span style=\"color: #ffffff;\">_____<\/span><\/h3>\n<p>RoHS \u00e9 o acr\u00f3nimo de Restriction of Hazardous Substances (Restri\u00e7\u00e3o de subst\u00e2ncias perigosas). A RoHS, tamb\u00e9m conhecida como Directiva 2002\/95\/CE, tem origem na Uni\u00e3o Europeia e restringe a utiliza\u00e7\u00e3o de materiais perigosos espec\u00edficos encontrados em produtos el\u00e9ctricos e electr\u00f3nicos.<\/p>\n<p>A Kodyka s\u00f3 utiliza componentes aprovados pela RoHS nos nossos produtos.<\/p>\n<\/div><\/section><\/div>\n<style type=\"text\/css\" data-created_by=\"avia_inline_auto\" id=\"style-css-av-2kzu1-e573d5a89f357bb35f6ec89be1a953bc\">\n.flex_column.av-2kzu1-e573d5a89f357bb35f6ec89be1a953bc{\n-webkit-border-radius:0px 0px 0px 0px;\n-moz-border-radius:0px 0px 0px 0px;\nborder-radius:0px 0px 0px 0px;\npadding:0px 0px 0px 0px;\n}\n<\/style>\n<div class='flex_column av-2kzu1-e573d5a89f357bb35f6ec89be1a953bc av_one_full  avia-builder-el-9  el_after_av_one_full  el_before_av_one_full  first flex_column_div av-zero-column-padding column-top-margin'     ><section  class='av_textblock_section av-k8q8jp1o-0eeb1d75015dd92adb72409637a57196'  itemscope=\"itemscope\" itemtype=\"https:\/\/schema.org\/CreativeWork\" ><div class='avia_textblock'  itemprop=\"text\" ><p><img alt=\"kodykar-tij-25-certificacoes-e-garantia\" decoding=\"async\" class=\"size-full wp-image-1391 alignleft\" src=\"https:\/\/pt.kodyka.com\/wp-content\/uploads\/2020\/04\/reach-compliant.jpg\" alt=\"\" width=\"165\" height=\"160\" srcset=\"https:\/\/kodyka.com\/wp-content\/uploads\/2020\/04\/reach-compliant.jpg 165w, https:\/\/kodyka.com\/wp-content\/uploads\/2020\/04\/reach-compliant-36x36.jpg 36w\" sizes=\"(max-width: 165px) 100vw, 165px\" \/><\/p>\n<h3>REACH<span style=\"color: #ffffff;\">_____<\/span><\/h3>\n<p>O REACH \u00e9 um regulamento da Uni\u00e3o Europeia, adoptado para melhorar a protec\u00e7\u00e3o da sa\u00fade humana e do ambiente contra os riscos que as subst\u00e2ncias qu\u00edmicas podem representar, refor\u00e7ando simultaneamente a competitividade da ind\u00fastria qu\u00edmica da UE.<\/p>\n<p>As tintas fornecidas e os produtos Kodyka obedecem aos regulamentos do Regulamento REACH da UE.<\/p>\n<\/div><\/section><\/div>\n<style type=\"text\/css\" data-created_by=\"avia_inline_auto\" id=\"style-css-av-2cujp-b13f284595ad73fd85dcb8a27f0fe856\">\n.flex_column.av-2cujp-b13f284595ad73fd85dcb8a27f0fe856{\n-webkit-border-radius:0px 0px 0px 0px;\n-moz-border-radius:0px 0px 0px 0px;\nborder-radius:0px 0px 0px 0px;\npadding:0px 0px 0px 0px;\n}\n<\/style>\n<div class='flex_column av-2cujp-b13f284595ad73fd85dcb8a27f0fe856 av_one_full  avia-builder-el-11  el_after_av_one_full  el_before_av_one_full  first flex_column_div av-zero-column-padding column-top-margin'     ><section  class='av_textblock_section av-k8q8jp1o-0eeb1d75015dd92adb72409637a57196'  itemscope=\"itemscope\" itemtype=\"https:\/\/schema.org\/CreativeWork\" ><div class='avia_textblock'  itemprop=\"text\" ><h3><img alt=\"kodykar-tij-25-certificacoes-e-garantia\" decoding=\"async\" class=\"size-full wp-image-3338 alignleft\" src=\"https:\/\/pt.kodyka.com\/wp-content\/uploads\/2020\/05\/CE.jpg\" alt=\"\" width=\"165\" height=\"160\" srcset=\"https:\/\/kodyka.com\/wp-content\/uploads\/2020\/05\/CE.jpg 165w, https:\/\/kodyka.com\/wp-content\/uploads\/2020\/05\/CE-36x36.jpg 36w\" sizes=\"(max-width: 165px) 100vw, 165px\" \/>MARCA\u00c7\u00c3O CE<\/h3>\n<p>A marca CE \u00e9 uma marca de certifica\u00e7\u00e3o que indica a conformidade com as normas de sa\u00fade, seguran\u00e7a e protec\u00e7\u00e3o ambiental dos produtos vendidos no Espa\u00e7o Econ\u00f3mico Europeu (EEE). A marca\u00e7\u00e3o CE encontra-se igualmente nos produtos vendidos fora do EEE que s\u00e3o fabricados ou concebidos para serem vendidos no EEE. Todos os produtos Kodyka s\u00e3o produzidos, testados e documentados para cumprir os requisitos das normas e regulamentos da UE relevantes para a qualifica\u00e7\u00e3o da marca\u00e7\u00e3o CE.<\/p>\n<\/div><\/section><\/div>\n<style type=\"text\/css\" data-created_by=\"avia_inline_auto\" id=\"style-css-av-1rmi5-cc8f9d9868212449590556a8ec7ca499\">\n.flex_column.av-1rmi5-cc8f9d9868212449590556a8ec7ca499{\n-webkit-border-radius:0px 0px 0px 0px;\n-moz-border-radius:0px 0px 0px 0px;\nborder-radius:0px 0px 0px 0px;\npadding:0px 0px 0px 0px;\n}\n<\/style>\n<div class='flex_column av-1rmi5-cc8f9d9868212449590556a8ec7ca499 av_one_full  avia-builder-el-13  el_after_av_one_full  el_before_av_section  avia-builder-el-last  first flex_column_div av-zero-column-padding column-top-margin'     ><section  class='av_textblock_section av-k8q8jp1o-0eeb1d75015dd92adb72409637a57196'  itemscope=\"itemscope\" itemtype=\"https:\/\/schema.org\/CreativeWork\" ><div class='avia_textblock'  itemprop=\"text\" ><h3><img alt=\"kodykar-tij-25-certificacoes-e-garantia\" loading=\"lazy\" decoding=\"async\" class=\"size-full wp-image-1411 alignleft\" src=\"https:\/\/pt.kodyka.com\/wp-content\/uploads\/2020\/04\/iso9001.jpg\" alt=\"\" width=\"165\" height=\"160\" srcset=\"https:\/\/kodyka.com\/wp-content\/uploads\/2020\/04\/iso9001.jpg 165w, https:\/\/kodyka.com\/wp-content\/uploads\/2020\/04\/iso9001-36x36.jpg 36w\" sizes=\"(max-width: 165px) 100vw, 165px\" \/><\/h3>\n<h3>CERTIFICA\u00c7\u00c3O ISO 9001<\/h3>\n<p>ISO 9001 se define como el est\u00e1ndar internacional que especifica los requisitos para un sistema de gesti\u00f3n de calidad (SGC). Las organizaciones y empresas utilizan esta certificaci\u00f3n para demostrar la capacidad de proporcionar constantemente productos y servicios que cumplan con los requisitos regulatorios que exigen los clientes.<\/p>\n<p>Nuestra f\u00e1brica de impresoras Kodyka en China tiene la certificaci\u00f3n ISO 9001.<\/p>\n<\/div><\/section><\/div><\/div><\/div><\/div><!-- close content main div --><\/div><\/div>\n<style type=\"text\/css\" data-created_by=\"avia_inline_auto\" id=\"style-css-av-k8q92idu-b9e2f643f6b6a457b6be61c4b8628f4d\">\n.avia-section.av-k8q92idu-b9e2f643f6b6a457b6be61c4b8628f4d .av-parallax .av-parallax-inner{\nbackground-repeat:no-repeat;\nbackground-image:url(https:\/\/kodyka.com\/wp-content\/uploads\/2020\/04\/building-printers.jpg);\nbackground-position:50% 50%;\nbackground-attachment:scroll;\n}\n.avia-section.av-k8q92idu-b9e2f643f6b6a457b6be61c4b8628f4d .av-section-color-overlay{\nopacity:0.9;\nbackground-color:#94ff94;\n}\n<\/style>\n<div id='av_section_1'  class='avia-section av-k8q92idu-b9e2f643f6b6a457b6be61c4b8628f4d header_color avia-section-default avia-no-border-styling  avia-builder-el-15  el_after_av_one_full  avia-builder-el-last  av-parallax-section avia-bg-style-parallax av-section-color-overlay-active container_wrap sidebar_right'  data-section-bg-repeat='no-repeat'><div class='av-parallax' data-avia-parallax-ratio='0.3' ><div class='av-parallax-inner header_color avia-full-stretch'><\/div><\/div><div class=\"av-section-color-overlay-wrap\"><div class=\"av-section-color-overlay\"><\/div><div class='container av-section-cont-open' ><div class='template-page content  av-content-small alpha units'><div class='post-entry post-entry-type-page post-entry-18248'><div class='entry-content-wrapper clearfix'>\n\n<style type=\"text\/css\" data-created_by=\"avia_inline_auto\" id=\"style-css-av-nmot-8d99e470dcfc7fd3b2c7032532c1fd38\">\n.flex_column.av-nmot-8d99e470dcfc7fd3b2c7032532c1fd38{\n-webkit-border-radius:0px 0px 0px 0px;\n-moz-border-radius:0px 0px 0px 0px;\nborder-radius:0px 0px 0px 0px;\npadding:0px 0px 0px 0px;\n}\n<\/style>\n<div class='flex_column av-nmot-8d99e470dcfc7fd3b2c7032532c1fd38 av_one_full  avia-builder-el-16  avia-builder-el-no-sibling  first flex_column_div av-zero-column-padding '     ><style type=\"text\/css\" data-created_by=\"avia_inline_auto\" id=\"style-css-av-k8q8jp1o-bcfdbc01287989a3dc98cf738bcac6e7\">\n#top .av_textblock_section.av-k8q8jp1o-bcfdbc01287989a3dc98cf738bcac6e7 .avia_textblock{\nfont-size:18px;\n}\n<\/style>\n<section  class='av_textblock_section av-k8q8jp1o-bcfdbc01287989a3dc98cf738bcac6e7'  itemscope=\"itemscope\" itemtype=\"https:\/\/schema.org\/CreativeWork\" ><div class='avia_textblock'  itemprop=\"text\" ><h3><img alt=\"kodykar-tij-25-certificacoes-e-garantia\" loading=\"lazy\" decoding=\"async\" class=\"size-full wp-image-1421 alignleft\" src=\"https:\/\/pt.kodyka.com\/wp-content\/uploads\/2020\/04\/2-garantia.png\" alt=\"\" width=\"165\" height=\"160\" srcset=\"https:\/\/kodyka.com\/wp-content\/uploads\/2020\/04\/2-garantia.png 165w, https:\/\/kodyka.com\/wp-content\/uploads\/2020\/04\/2-garantia-36x36.png 36w\" sizes=\"(max-width: 165px) 100vw, 165px\" \/>GARANTIA<\/h3>\n<p>A Kodyka \u00e9 o \u00fanico fabricante de impressoras com tecnologia TIJ2.5 que oferece 24 meses de garantia em todos os equipamentos.<\/p>\n<p>Os consum\u00edveis, tais como tinta fornecida em garrafas e cartuchos, t\u00eam per\u00edodos de garantia individuais. O per\u00edodo de garantia \u00e9 indicado no cartucho ou na garrafa.<\/p>\n<\/div><\/section><\/div><\/div><\/div><\/div><!-- close content main div --><\/div><\/div><\/div><div id='after_section_1'  class='main_color av_default_container_wrap container_wrap sidebar_right'  ><div class='container av-section-cont-open' ><div class='template-page content  av-content-small alpha units'><div class='post-entry post-entry-type-page post-entry-18248'><div class='entry-content-wrapper clearfix'><\/p>\n","protected":false},"excerpt":{"rendered":"","protected":false},"author":1,"featured_media":18250,"parent":0,"menu_order":0,"comment_status":"closed","ping_status":"closed","template":"","meta":{"footnotes":""},"class_list":["post-18248","page","type-page","status-publish","has-post-thumbnail","hentry"],"_links":{"self":[{"href":"https:\/\/kodyka.com\/pt\/wp-json\/wp\/v2\/pages\/18248","targetHints":{"allow":["GET"]}}],"collection":[{"href":"https:\/\/kodyka.com\/pt\/wp-json\/wp\/v2\/pages"}],"about":[{"href":"https:\/\/kodyka.com\/pt\/wp-json\/wp\/v2\/types\/page"}],"author":[{"embeddable":true,"href":"https:\/\/kodyka.com\/pt\/wp-json\/wp\/v2\/users\/1"}],"replies":[{"embeddable":true,"href":"https:\/\/kodyka.com\/pt\/wp-json\/wp\/v2\/comments?post=18248"}],"version-history":[{"count":0,"href":"https:\/\/kodyka.com\/pt\/wp-json\/wp\/v2\/pages\/18248\/revisions"}],"wp:featuredmedia":[{"embeddable":true,"href":"https:\/\/kodyka.com\/pt\/wp-json\/wp\/v2\/media\/18250"}],"wp:attachment":[{"href":"https:\/\/kodyka.com\/pt\/wp-json\/wp\/v2\/media?parent=18248"}],"curies":[{"name":"wp","href":"https:\/\/api.w.org\/{rel}","templated":true}]}}