{"id":18251,"date":"2020-03-31T10:11:53","date_gmt":"2020-03-31T10:11:53","guid":{"rendered":"https:\/\/kodyka.com\/sobre-nos\/"},"modified":"2020-03-31T10:11:53","modified_gmt":"2020-03-31T10:11:53","slug":"sobre-nos","status":"publish","type":"page","link":"https:\/\/kodyka.com\/pt\/sobre-nos\/","title":{"rendered":"Sobre n\u00f3s"},"content":{"rendered":"\n<style type=\"text\/css\" data-created_by=\"avia_inline_auto\" id=\"style-css-av-k8yrcb3b-80901ebe24dc054fff9da5830d09cde4\">\n#top .av_textblock_section.av-k8yrcb3b-80901ebe24dc054fff9da5830d09cde4 .avia_textblock{\nfont-size:20px;\n}\n<\/style>\n<section  class='av_textblock_section av-k8yrcb3b-80901ebe24dc054fff9da5830d09cde4'  itemscope=\"itemscope\" itemtype=\"https:\/\/schema.org\/CreativeWork\" ><div class='avia_textblock'  itemprop=\"text\" ><h1 style=\"text-align: center;\">Sobre n\u00f3s<\/h1>\n<h2 style=\"text-align: center;\">KManufactura e distribui\u00e7\u00e3o INKJET<\/h2>\n<\/div><\/section>\n\n<style type=\"text\/css\" data-created_by=\"avia_inline_auto\" id=\"style-css-av-1krqr-c211092d498bfe54263914a7720e85bc\">\n.flex_column.av-1krqr-c211092d498bfe54263914a7720e85bc{\n-webkit-border-radius:0px 0px 0px 0px;\n-moz-border-radius:0px 0px 0px 0px;\nborder-radius:0px 0px 0px 0px;\npadding:0px 0px 0px 0px;\n}\n<\/style>\n<div class='flex_column av-1krqr-c211092d498bfe54263914a7720e85bc av_one_half  avia-builder-el-1  el_after_av_textblock  el_before_av_one_half  first flex_column_div av-zero-column-padding column-top-margin'     ><div  class='avia-slideshow av-k9al8ui6-e20e4cc4af70d23901c8db7bf560aa66 avia-slideshow-no scaling av_slideshow avia-slide-slider  avia-builder-el-2  avia-builder-el-no-sibling  av-slideshow-ui av-control-default av-slideshow-manual av-loop-once av-loop-manual-endless av-default-height-applied avia-slideshow-1' data-slideshow-options=\"{&quot;animation&quot;:&quot;slide&quot;,&quot;autoplay&quot;:false,&quot;loop_autoplay&quot;:&quot;once&quot;,&quot;interval&quot;:5,&quot;loop_manual&quot;:&quot;manual-endless&quot;,&quot;autoplay_stopper&quot;:false,&quot;noNavigation&quot;:false,&quot;bg_slider&quot;:false,&quot;keep_padding&quot;:false,&quot;hoverpause&quot;:false,&quot;show_slide_delay&quot;:0}\"  itemprop=\"image\" itemscope=\"itemscope\" itemtype=\"https:\/\/schema.org\/ImageObject\" ><ul class='avia-slideshow-inner ' style='padding-bottom: 66.702014846235%;'><li  class='avia-slideshow-slide av-k9al8ui6-e20e4cc4af70d23901c8db7bf560aa66__0  slide-1 slide-odd'><div data-rel='slideshow-1' class='avia-slide-wrap '   ><img alt=\"kodykar-tij-25-sobre-nos\" fetchpriority=\"high\" fetchpriority=\"high\" decoding=\"async\" class=\"wp-image-1236 avia-img-lazy-loading-not-1236\"  src=\"https:\/\/kodyka.com\/wp-content\/uploads\/2020\/04\/factory-printers.jpg\" width=\"943\" height=\"629\" title='factory printers' alt='factory printers tij thermal inkjet tecnology'  itemprop=\"thumbnailUrl\" srcset=\"https:\/\/kodyka.com\/wp-content\/uploads\/2020\/04\/factory-printers.jpg 943w, https:\/\/kodyka.com\/wp-content\/uploads\/2020\/04\/factory-printers-300x200.jpg 300w, https:\/\/kodyka.com\/wp-content\/uploads\/2020\/04\/factory-printers-768x512.jpg 768w, https:\/\/kodyka.com\/wp-content\/uploads\/2020\/04\/factory-printers-705x470.jpg 705w\" sizes=\"(max-width: 943px) 100vw, 943px\" \/><\/div><\/li><li  class='avia-slideshow-slide av-k9al8ui6-e20e4cc4af70d23901c8db7bf560aa66__1  slide-2 slide-even'><div data-rel='slideshow-1' class='avia-slide-wrap '   ><img alt=\"kodykar-tij-25-sobre-nos\" decoding=\"async\" class=\"wp-image-3304 avia-img-lazy-loading-not-3304\"  src=\"https:\/\/kodyka.com\/wp-content\/uploads\/2020\/05\/factory-printers-3.jpg\" width=\"943\" height=\"629\" title='factory printers hand' alt='high resolution TIJ2.5 inkjet printers hand'  itemprop=\"thumbnailUrl\" srcset=\"https:\/\/kodyka.com\/wp-content\/uploads\/2020\/05\/factory-printers-3.jpg 943w, https:\/\/kodyka.com\/wp-content\/uploads\/2020\/05\/factory-printers-3-300x200.jpg 300w, https:\/\/kodyka.com\/wp-content\/uploads\/2020\/05\/factory-printers-3-768x512.jpg 768w, https:\/\/kodyka.com\/wp-content\/uploads\/2020\/05\/factory-printers-3-705x470.jpg 705w\" sizes=\"(max-width: 943px) 100vw, 943px\" \/><\/div><\/li><li  class='avia-slideshow-slide av-k9al8ui6-e20e4cc4af70d23901c8db7bf560aa66__2  slide-3 slide-odd'><div data-rel='slideshow-1' class='avia-slide-wrap '   ><img alt=\"kodykar-tij-25-sobre-nos\" decoding=\"async\" class=\"wp-image-3314 avia-img-lazy-loading-not-3314\"  src=\"https:\/\/kodyka.com\/wp-content\/uploads\/2020\/05\/factory-printers-2.jpg\" width=\"943\" height=\"629\" title='factory printers controler' alt='high resolution TIJ2.5 inkjet printers controlers'  itemprop=\"thumbnailUrl\" srcset=\"https:\/\/kodyka.com\/wp-content\/uploads\/2020\/05\/factory-printers-2.jpg 943w, https:\/\/kodyka.com\/wp-content\/uploads\/2020\/05\/factory-printers-2-300x200.jpg 300w, https:\/\/kodyka.com\/wp-content\/uploads\/2020\/05\/factory-printers-2-768x512.jpg 768w, https:\/\/kodyka.com\/wp-content\/uploads\/2020\/05\/factory-printers-2-705x470.jpg 705w\" sizes=\"(max-width: 943px) 100vw, 943px\" \/><\/div><\/li><li  class='avia-slideshow-slide av-k9al8ui6-e20e4cc4af70d23901c8db7bf560aa66__3  slide-4 slide-even'><div data-rel='slideshow-1' class='avia-slide-wrap '   ><img alt=\"kodykar-tij-25-sobre-nos\" loading=\"lazy\" loading=\"lazy\" decoding=\"async\" class=\"wp-image-5150 avia-img-lazy-loading-not-5150\"  src=\"https:\/\/kodyka.com\/wp-content\/uploads\/2020\/05\/inks-factory-kodyka.jpg\" width=\"943\" height=\"629\" title='inks factory kodyka' alt=''  itemprop=\"thumbnailUrl\" srcset=\"https:\/\/kodyka.com\/wp-content\/uploads\/2020\/05\/inks-factory-kodyka.jpg 943w, https:\/\/kodyka.com\/wp-content\/uploads\/2020\/05\/inks-factory-kodyka-300x200.jpg 300w, https:\/\/kodyka.com\/wp-content\/uploads\/2020\/05\/inks-factory-kodyka-768x512.jpg 768w, https:\/\/kodyka.com\/wp-content\/uploads\/2020\/05\/inks-factory-kodyka-705x470.jpg 705w\" sizes=\"auto, (max-width: 943px) 100vw, 943px\" \/><\/div><\/li><\/ul><div class='avia-slideshow-arrows avia-slideshow-controls' ><a href='#prev' class='prev-slide ' aria-hidden='true' data-av_icon='\ue87c' data-av_iconfont='entypo-fontello'  tabindex='-1'>Previous<\/a><a href='#next' class='next-slide ' aria-hidden='true' data-av_icon='\ue87d' data-av_iconfont='entypo-fontello'  tabindex='-1'>Next<\/a><\/div><div class='avia-slideshow-dots avia-slideshow-controls'><a href='#1' class='goto-slide active' >1<\/a><a href='#2' class='goto-slide ' >2<\/a><a href='#3' class='goto-slide ' >3<\/a><a href='#4' class='goto-slide ' >4<\/a><\/div><\/div><\/div>\n\n<style type=\"text\/css\" data-created_by=\"avia_inline_auto\" id=\"style-css-av-1krqr-3499f35c758c4486bf16e1ecc8b00a7c\">\n.flex_column.av-1krqr-3499f35c758c4486bf16e1ecc8b00a7c{\n-webkit-border-radius:0px 0px 0px 0px;\n-moz-border-radius:0px 0px 0px 0px;\nborder-radius:0px 0px 0px 0px;\npadding:0px 0px 0px 0px;\n}\n<\/style>\n<div class='flex_column av-1krqr-3499f35c758c4486bf16e1ecc8b00a7c av_one_half  avia-builder-el-3  el_after_av_one_half  el_before_av_section  avia-builder-el-last  flex_column_div av-zero-column-padding column-top-margin'     ><p>\n<style type=\"text\/css\" data-created_by=\"avia_inline_auto\" id=\"style-css-av-k8qeo40y-c73e9f8accfb4e2d6b90830bffd2d0c0\">\n#top .av_textblock_section.av-k8qeo40y-c73e9f8accfb4e2d6b90830bffd2d0c0 .avia_textblock{\nfont-size:20px;\n}\n<\/style>\n<section  class='av_textblock_section av-k8qeo40y-c73e9f8accfb4e2d6b90830bffd2d0c0'  itemscope=\"itemscope\" itemtype=\"https:\/\/schema.org\/CreativeWork\" ><div class='avia_textblock'  itemprop=\"text\" ><p>Kodyka\u00ae \u00e9 um fabricante de equipamento industrial de alta resolu\u00e7\u00e3o com tecnologia TIJ2.5 thermo-inkjet.<\/p>\n<\/div><\/section><br \/>\n<section  class='av_textblock_section av-k8qeo40y-0c9942d6a37d8ca5b2b98ebf204aaf87'  itemscope=\"itemscope\" itemtype=\"https:\/\/schema.org\/CreativeWork\" ><div class='avia_textblock'  itemprop=\"text\" ><p>O nosso neg\u00f3cio principal \u00e9 desenvolver e fabricar impressoras e tintas de jacto de tinta t\u00e9rmica, bem como uma gama de outros produtos para aplica\u00e7\u00f5es de codifica\u00e7\u00e3o, marca\u00e7\u00e3o industrial e rastreabilidade.<\/p>\n<p>A marca Kodyka\u00ae foi fundada em Espanha em 2014. Desde ent\u00e3o, o nosso portf\u00f3lio de produtos cresceu e hoje abrange uma vasta gama de impressoras, tintas e sistemas de jacto de tinta para codifica\u00e7\u00e3o de dados simples e vari\u00e1veis, para as mais sofisticadas aplica\u00e7\u00f5es de impress\u00e3o com tintas.<\/p>\n<p>Temos\u00a0 comerciais em La Rioja, Arag\u00e3o, Catalunha e Comunidade de Madrid (Espanha) e servimos o mercado sul-americano atrav\u00e9s do nosso escrit\u00f3rio comercial no estado de Contagem, Minas Gerais (Brasil).<\/p>\n<p>Saiba mais sobre como pensamos globalmente e como agimos localmente.<\/p>\n<\/div><\/section><\/p><\/div>\n<\/div><\/div><\/div><!-- close content main div --><\/div><\/div>\n<style type=\"text\/css\" data-created_by=\"avia_inline_auto\" id=\"style-css-av-k95yf2uq-6ac09e29e58e5b834292e0cdad80421b\">\n.avia-section.av-k95yf2uq-6ac09e29e58e5b834292e0cdad80421b .av-parallax .av-parallax-inner{\nbackground-repeat:no-repeat;\nbackground-image:url(https:\/\/kodyka.com\/wp-content\/uploads\/2022\/10\/kodyka-map-world.jpg);\nbackground-position:50% 50%;\nbackground-attachment:scroll;\n}\n<\/style>\n<div id='av_section_1'  class='avia-section av-k95yf2uq-6ac09e29e58e5b834292e0cdad80421b main_color avia-section-default avia-no-border-styling  avia-builder-el-6  el_after_av_one_half  el_before_av_section  av-parallax-section avia-bg-style-parallax av-minimum-height av-minimum-height-custom  container_wrap sidebar_right'  data-section-bg-repeat='no-repeat' data-av_minimum_height_px='500'><div class='av-parallax' data-avia-parallax-ratio='0.3' ><div class='av-parallax-inner main_color avia-full-stretch'><\/div><\/div><div class='container av-section-cont-open' style='height:500px'><div class='template-page content  av-content-small alpha units'><div class='post-entry post-entry-type-page post-entry-18251'><div class='entry-content-wrapper clearfix'>\n\n<style type=\"text\/css\" data-created_by=\"avia_inline_auto\" id=\"style-css-av-k96274ye-cade3868a1529a43beb51576fa79eba1\">\n.flex_column.av-k96274ye-cade3868a1529a43beb51576fa79eba1{\n-webkit-border-radius:0px 0px 0px 0px;\n-moz-border-radius:0px 0px 0px 0px;\nborder-radius:0px 0px 0px 0px;\npadding:0px 0px 0px 0px;\nbackground-color:rgba(236,240,242,0.63);\n}\n<\/style>\n<div class='flex_column av-k96274ye-cade3868a1529a43beb51576fa79eba1 av_one_fifth  avia-builder-el-7  el_before_av_three_fifth  avia-builder-el-first  first flex_column_div av-zero-column-padding '     ><\/div>\n<style type=\"text\/css\" data-created_by=\"avia_inline_auto\" id=\"style-css-av-k96274ye-ecfbd97c00af51064ce855e468e668eb\">\n.flex_column.av-k96274ye-ecfbd97c00af51064ce855e468e668eb{\n-webkit-border-radius:0px 0px 0px 0px;\n-moz-border-radius:0px 0px 0px 0px;\nborder-radius:0px 0px 0px 0px;\npadding:0px 0px 0px 0px;\nbackground-color:rgba(236,240,242,0.63);\n}\n<\/style>\n<div class='flex_column av-k96274ye-ecfbd97c00af51064ce855e468e668eb av_three_fifth  avia-builder-el-8  el_after_av_one_fifth  el_before_av_hr  flex_column_div av-zero-column-padding '     ><style type=\"text\/css\" data-created_by=\"avia_inline_auto\" id=\"style-css-av-k95ygb80-f39e71e4183d9addb35f382b75193402\">\n#top .av_textblock_section.av-k95ygb80-f39e71e4183d9addb35f382b75193402 .avia_textblock{\nfont-size:22px;\n}\n<\/style>\n<section  class='av_textblock_section av-k95ygb80-f39e71e4183d9addb35f382b75193402'  itemscope=\"itemscope\" itemtype=\"https:\/\/schema.org\/CreativeWork\" ><div class='avia_textblock'  itemprop=\"text\" ><p style=\"text-align: center;\">As nossas impressoras e tintas s\u00e3o vendidas em todo o mundo atrav\u00e9s da nossa extensa rede de distribuidores e integradores.<\/p>\n<\/div><\/section><\/div>\n<style type=\"text\/css\" data-created_by=\"avia_inline_auto\" id=\"style-css-av-k95ygzcm-c03e1fcb1b5cd1ec94a77c6a92f04949\">\n#top .hr.hr-invisible.av-k95ygzcm-c03e1fcb1b5cd1ec94a77c6a92f04949{\nheight:350px;\n}\n<\/style>\n<div  class='hr av-k95ygzcm-c03e1fcb1b5cd1ec94a77c6a92f04949 hr-invisible  avia-builder-el-10  el_after_av_three_fifth  el_before_av_button '><span class='hr-inner '><span class=\"hr-inner-style\"><\/span><\/span><\/div>\n<div  class='avia-button-wrap av-k8yras5s-5dccbd40ac9bc32526d6385a5b0dfa62-wrap avia-button-center  avia-builder-el-11  el_after_av_hr  avia-builder-el-last '><a href='https:\/\/kodyka.com\/pt-br\/home\/'  class='avia-button av-k8yras5s-5dccbd40ac9bc32526d6385a5b0dfa62 avia-icon_select-yes-left-icon avia-size-large avia-position-center avia-color-theme-color-highlight'  ><span class='avia_button_icon avia_button_icon_left' aria-hidden='true' data-av_icon='\ue83c' data-av_iconfont='entypo-fontello'><\/span><span class='avia_iconbox_title' >Contato<\/span><\/a><\/div>\n<\/div><\/div><\/div><!-- close content main div --><\/div><\/div>\n<style type=\"text\/css\" data-created_by=\"avia_inline_auto\" id=\"style-css-av-k9y47l1j-f20a0f77125e151685ba9a2239f7e45c\">\n.avia-section.av-k9y47l1j-f20a0f77125e151685ba9a2239f7e45c{\nbackground-repeat:no-repeat;\nbackground-image:url(https:\/\/kodyka.com\/wp-content\/uploads\/2020\/05\/fondo-transparente.png);\nbackground-position:50% 50%;\nbackground-attachment:fixed;\n}\n.avia-section.av-k9y47l1j-f20a0f77125e151685ba9a2239f7e45c .av-section-color-overlay{\nopacity:0.3;\nbackground-color:#f7f7f7;\nbackground-image:url(https:\/\/kodyka.com\/wp-content\/themes\/enfold\/images\/background-images\/dots-mini-light.png);\nbackground-repeat:repeat;\n}\n<\/style>\n<div id='av_section_2'  class='avia-section av-k9y47l1j-f20a0f77125e151685ba9a2239f7e45c header_color avia-section-large avia-no-border-styling  avia-builder-el-12  el_after_av_section  avia-builder-el-last  avia-full-contain avia-bg-style-fixed av-section-color-overlay-active container_wrap sidebar_right'  data-section-bg-repeat='contain'><div class=\"av-section-color-overlay-wrap\"><div class=\"av-section-color-overlay\"><\/div><div class='container av-section-cont-open' ><div class='template-page content  av-content-small alpha units'><div class='post-entry post-entry-type-page post-entry-18251'><div class='entry-content-wrapper clearfix'>\n\n<style type=\"text\/css\" data-created_by=\"avia_inline_auto\" id=\"style-css-av-uznn-677427d826a77f98609c93b0cd45269d\">\n.flex_column.av-uznn-677427d826a77f98609c93b0cd45269d{\n-webkit-border-radius:0px 0px 0px 0px;\n-moz-border-radius:0px 0px 0px 0px;\nborder-radius:0px 0px 0px 0px;\npadding:0px 0px 0px 0px;\n}\n<\/style>\n<div class='flex_column av-uznn-677427d826a77f98609c93b0cd45269d av_one_half  avia-builder-el-13  el_before_av_one_half  avia-builder-el-first  first flex_column_div av-zero-column-padding '     ><p>\n<style type=\"text\/css\" data-created_by=\"avia_inline_auto\" id=\"style-css-av-k8qeo40y-7f3e91b909a9080e1928257f5347d6ea\">\n#top .av_textblock_section.av-k8qeo40y-7f3e91b909a9080e1928257f5347d6ea .avia_textblock{\nfont-size:20px;\n}\n<\/style>\n<section  class='av_textblock_section av-k8qeo40y-7f3e91b909a9080e1928257f5347d6ea'  itemscope=\"itemscope\" itemtype=\"https:\/\/schema.org\/CreativeWork\" ><div class='avia_textblock'  itemprop=\"text\" ><p>A nossa miss\u00e3o \u00e9 fornecer impressoras e tintas TIJ2.5 de alta resolu\u00e7\u00e3o que satisfa\u00e7am as necessidades dos nossos clientes em todo o mundo.<\/p>\n<\/div><\/section><br \/>\n<section  class='av_textblock_section av-k8qeo40y-6ec9035c1688a2efe0d69f0d62bc5125'  itemscope=\"itemscope\" itemtype=\"https:\/\/schema.org\/CreativeWork\" ><div class='avia_textblock'  itemprop=\"text\" ><h3>As nossas solu\u00e7\u00f5es<\/h3>\n<p>de impress\u00e3o flex\u00edveis permitem-nos satisfazer os diferentes requisitos e padr\u00f5es de qualidade em diferentes mercados. A nossa vasta gama de produtos inclui impressoras e tintas para as aplica\u00e7\u00f5es mais simples de codifica\u00e7\u00e3o de dados, bem como para as aplica\u00e7\u00f5es mais complexas.<\/p>\n<p>At\u00e9 agora, o nosso objectivo de fornecer sistemas de impress\u00e3o de jacto de tinta de alta resolu\u00e7\u00e3o flex\u00edveis e rent\u00e1veis permitiu-nos vender os nossos produtos na maior parte do mundo. Isto, combinado com a nossa vasta gama de produtos, faz de n\u00f3s um parceiro ideal.<\/p>\n<\/div><\/section><\/p><\/div>\n<style type=\"text\/css\" data-created_by=\"avia_inline_auto\" id=\"style-css-av-1krqr-3499f35c758c4486bf16e1ecc8b00a7c\">\n.flex_column.av-1krqr-3499f35c758c4486bf16e1ecc8b00a7c{\n-webkit-border-radius:0px 0px 0px 0px;\n-moz-border-radius:0px 0px 0px 0px;\nborder-radius:0px 0px 0px 0px;\npadding:0px 0px 0px 0px;\n}\n<\/style>\n<div class='flex_column av-1krqr-3499f35c758c4486bf16e1ecc8b00a7c av_one_half  avia-builder-el-16  el_after_av_one_half  avia-builder-el-last  flex_column_div av-zero-column-padding '     ><div  class='avia-slideshow av-k9al8ui6-1a61b0e939ed098bca73d6e746882488 avia-slideshow-no scaling av_slideshow avia-slide-slider  avia-builder-el-17  avia-builder-el-no-sibling  av-slideshow-ui av-control-default av-slideshow-autoplay av-loop-endless av-loop-manual-endless av-default-height-applied avia-slideshow-2' data-slideshow-options=\"{&quot;animation&quot;:&quot;slide&quot;,&quot;autoplay&quot;:true,&quot;loop_autoplay&quot;:&quot;endless&quot;,&quot;interval&quot;:5,&quot;loop_manual&quot;:&quot;manual-endless&quot;,&quot;autoplay_stopper&quot;:false,&quot;noNavigation&quot;:false,&quot;bg_slider&quot;:false,&quot;keep_padding&quot;:false,&quot;hoverpause&quot;:false,&quot;show_slide_delay&quot;:0}\"  itemprop=\"image\" itemscope=\"itemscope\" itemtype=\"https:\/\/schema.org\/ImageObject\" ><ul class='avia-slideshow-inner ' style='padding-bottom: 66.702014846235%;'><li  class='avia-slideshow-slide av-k9al8ui6-1a61b0e939ed098bca73d6e746882488__0  av-single-slide slide-1 slide-odd'><div data-rel='slideshow-2' class='avia-slide-wrap '   ><img alt=\"kodykar-tij-25-sobre-nos\" loading=\"lazy\" loading=\"lazy\" decoding=\"async\" class=\"wp-image-18252 avia-img-lazy-loading-not-18252\"  src=\"https:\/\/kodyka.com\/wp-content\/uploads\/2020\/04\/foto-fabrica-6.jpg\" width=\"943\" height=\"629\" title='f\u00e1brica de impressoras' alt=''  itemprop=\"thumbnailUrl\" srcset=\"https:\/\/kodyka.com\/wp-content\/uploads\/2020\/04\/foto-fabrica-6.jpg 943w, https:\/\/kodyka.com\/wp-content\/uploads\/2020\/04\/foto-fabrica-6-300x200.jpg 300w, https:\/\/kodyka.com\/wp-content\/uploads\/2020\/04\/foto-fabrica-6-768x512.jpg 768w, https:\/\/kodyka.com\/wp-content\/uploads\/2020\/04\/foto-fabrica-6-705x470.jpg 705w\" sizes=\"auto, (max-width: 943px) 100vw, 943px\" \/><\/div><\/li><\/ul><\/div><\/div><\/div><\/div><\/div><!-- close content main div --><\/div><\/div><\/div><div id='after_section_2'  class='main_color av_default_container_wrap container_wrap sidebar_right'  ><div class='container av-section-cont-open' ><div class='template-page content  av-content-small alpha units'><div class='post-entry post-entry-type-page post-entry-18251'><div class='entry-content-wrapper clearfix'><\/p>\n","protected":false},"excerpt":{"rendered":"","protected":false},"author":1,"featured_media":18253,"parent":0,"menu_order":0,"comment_status":"closed","ping_status":"closed","template":"","meta":{"footnotes":""},"class_list":["post-18251","page","type-page","status-publish","has-post-thumbnail","hentry"],"_links":{"self":[{"href":"https:\/\/kodyka.com\/pt\/wp-json\/wp\/v2\/pages\/18251","targetHints":{"allow":["GET"]}}],"collection":[{"href":"https:\/\/kodyka.com\/pt\/wp-json\/wp\/v2\/pages"}],"about":[{"href":"https:\/\/kodyka.com\/pt\/wp-json\/wp\/v2\/types\/page"}],"author":[{"embeddable":true,"href":"https:\/\/kodyka.com\/pt\/wp-json\/wp\/v2\/users\/1"}],"replies":[{"embeddable":true,"href":"https:\/\/kodyka.com\/pt\/wp-json\/wp\/v2\/comments?post=18251"}],"version-history":[{"count":0,"href":"https:\/\/kodyka.com\/pt\/wp-json\/wp\/v2\/pages\/18251\/revisions"}],"wp:featuredmedia":[{"embeddable":true,"href":"https:\/\/kodyka.com\/pt\/wp-json\/wp\/v2\/media\/18253"}],"wp:attachment":[{"href":"https:\/\/kodyka.com\/pt\/wp-json\/wp\/v2\/media?parent=18251"}],"curies":[{"name":"wp","href":"https:\/\/api.w.org\/{rel}","templated":true}]}}